{"id":95919,"date":"2025-08-15T18:24:44","date_gmt":"2025-08-15T23:24:44","guid":{"rendered":"https:\/\/uniguajira.edu.co\/?page_id=95919"},"modified":"2025-10-02T16:55:39","modified_gmt":"2025-10-02T21:55:39","slug":"directorio-de-informacion-de-servidores-publicos-uniguajira","status":"publish","type":"page","link":"https:\/\/uniguajira.edu.co\/wa\/universidad-de-la-guajira\/talento-humano\/directorio-de-informacion-de-servidores-publicos-uniguajira\/","title":{"rendered":"Directorio de informaci\u00f3n de servidores p\u00fablicos Uniguajira"},"content":{"rendered":"<div class=\"gb-container gb-container-d290c921\">\n<div class=\"gb-container gb-container-3a6daf03\">\n<div class=\"gb-container gb-container-0fc3d7a2\">\n<div class=\"gb-container gb-container-4bd9020f\">\n<div class=\"gb-container gb-container-da2e7f60\">\n<div class=\"gb-container gb-container-f2f36a3e\">\n\n<p class=\"gb-headline gb-headline-a1c4d4ce gb-headline-text\">En este espacio encontrar\u00e1s de manera organizada y actualizada los datos de contacto, cargos y dependencias de los servidores p\u00fablicos de la Universidad de La Guajira. Un recurso dise\u00f1ado para fortalecer la transparencia, facilitar la comunicaci\u00f3n interna y brindar un acceso \u00e1gil a la informaci\u00f3n institucional.<\/p>\n\n<\/div>\n<\/div>\n<\/div>\n<\/div>\n\n<div class=\"gb-container gb-container-57f590f1\">\n<div class=\"gb-container gb-container-3cc8da89\" id=\"interes\">\n<div class=\"gb-container gb-container-176fbc1b\">\n<div class=\"gb-container gb-container-84bb82ba\">\n<div class=\"gb-container gb-container-bc447460\">\n\n<details class=\"wp-block-details is-layout-flow wp-block-details-is-layout-flow\" open><summary>Relaci\u00f3n de Funcionarios Administrativos Vinculados a la Planta de Personal de La Universidad de La Guajira<\/summary><div class=\"gb-container gb-container-9cbce9dd\">\n\n<p class=\"gb-headline gb-headline-e1edcc7d\"><span class=\"gb-icon\"><svg xmlns=\"http:\/\/www.w3.org\/2000\/svg\" height=\"24\" viewbox=\"0 -960 960 960\" width=\"24\"><path d=\"M360-460h40v-80h40q17 0 28.5-11.5T480-580v-40q0-17-11.5-28.5T440-660h-80v200Zm40-120v-40h40v40h-40Zm120 120h80q17 0 28.5-11.5T640-500v-120q0-17-11.5-28.5T600-660h-80v200Zm40-40v-120h40v120h-40Zm120 40h40v-80h40v-40h-40v-40h40v-40h-80v200ZM320-240q-33 0-56.5-23.5T240-320v-480q0-33 23.5-56.5T320-880h480q33 0 56.5 23.5T880-800v480q0 33-23.5 56.5T800-240H320Zm0-80h480v-480H320v480ZM160-80q-33 0-56.5-23.5T80-160v-560h80v560h560v80H160Zm160-720v480-480Z\"><\/path><\/svg><\/span><span class=\"gb-headline-text\"><a href=\"https:\/\/uniguajira.edu.co\/wa\/relacion-de-funcionarios-administrativos-vinculados-a-la-planta-de-personal-de-la-universidad-de-la-guajira-2025\/\">Relaci\u00f3n de Funcionarios Administrativos Vinculados a la Planta de Personal de La Universidad de La Guajira &#8211; 2025<\/a><\/span><\/p>\n\n<\/div><\/details>\n\n<\/div>\n\n<div class=\"gb-container gb-container-2d2e1eac\">\n\n<details class=\"wp-block-details is-layout-flow wp-block-details-is-layout-flow\"><summary>Relaci\u00f3n de Docentes de Tiempo Completo Adscritos a la Universidad de La Guajira<\/summary><div class=\"gb-container gb-container-6a802f73\">\n\n<p class=\"gb-headline gb-headline-9f8c3744\"><span class=\"gb-icon\"><svg xmlns=\"http:\/\/www.w3.org\/2000\/svg\" height=\"24\" viewbox=\"0 -960 960 960\" width=\"24\"><path d=\"M360-460h40v-80h40q17 0 28.5-11.5T480-580v-40q0-17-11.5-28.5T440-660h-80v200Zm40-120v-40h40v40h-40Zm120 120h80q17 0 28.5-11.5T640-500v-120q0-17-11.5-28.5T600-660h-80v200Zm40-40v-120h40v120h-40Zm120 40h40v-80h40v-40h-40v-40h40v-40h-80v200ZM320-240q-33 0-56.5-23.5T240-320v-480q0-33 23.5-56.5T320-880h480q33 0 56.5 23.5T880-800v480q0 33-23.5 56.5T800-240H320Zm0-80h480v-480H320v480ZM160-80q-33 0-56.5-23.5T80-160v-560h80v560h560v80H160Zm160-720v480-480Z\"><\/path><\/svg><\/span><span class=\"gb-headline-text\"><a href=\"https:\/\/uniguajira.edu.co\/wa\/relacion-de-docentes-de-tiempo-completo-adscritos-a-la-universidad-de-la-guajira-2025\/\">Relaci\u00f3n de Docentes de Tiempo Completo Adscritos a la Universidad de La Guajira &#8211; 2025<\/a><\/span><\/p>\n\n<\/div><\/details>\n\n<\/div>\n<\/div>\n<\/div>\n<\/div>\n<\/div>\n<\/div>\n<\/div>","protected":false},"excerpt":{"rendered":"<p>En este espacio encontrar\u00e1s de manera organizada y actualizada los datos de contacto, cargos y dependencias de los servidores p\u00fablicos de la Universidad &#8230; <a title=\"Directorio de informaci\u00f3n de servidores p\u00fablicos Uniguajira\" class=\"read-more\" href=\"https:\/\/uniguajira.edu.co\/wa\/universidad-de-la-guajira\/talento-humano\/directorio-de-informacion-de-servidores-publicos-uniguajira\/\" aria-label=\"Read more about Directorio de informaci\u00f3n de servidores p\u00fablicos Uniguajira\">.<\/a><\/p>","protected":false},"author":3,"featured_media":54735,"parent":31952,"menu_order":0,"comment_status":"closed","ping_status":"closed","template":"","meta":{"footnotes":""},"class_list":{"0":"post-95919","1":"page","2":"type-page","3":"status-publish","4":"has-post-thumbnail","6":"infinite-scroll-item"},"yoast_head":"<!-- This site is optimized with the Yoast SEO Premium plugin v27.0 (Yoast SEO v27.0) - https:\/\/yoast.com\/product\/yoast-seo-premium-wordpress\/ -->\n<title>Directorio de informaci\u00f3n de servidores p\u00fablicos Uniguajira<\/title>\n<meta name=\"robots\" content=\"index, follow, max-snippet:-1, max-image-preview:large, max-video-preview:-1\" \/>\n<link rel=\"canonical\" href=\"https:\/\/uniguajira.edu.co\/wa\/universidad-de-la-guajira\/talento-humano\/directorio-de-informacion-de-servidores-publicos-uniguajira\/\" \/>\n<meta property=\"og:locale\" content=\"en_US\" \/>\n<meta property=\"og:type\" content=\"article\" \/>\n<meta property=\"og:title\" content=\"Directorio de informaci\u00f3n de servidores p\u00fablicos Uniguajira\" \/>\n<meta property=\"og:description\" content=\"En este espacio encontrar\u00e1s de manera organizada y actualizada los datos de contacto, cargos y dependencias de los servidores p\u00fablicos de la Universidad ... .\" \/>\n<meta property=\"og:url\" content=\"https:\/\/uniguajira.edu.co\/wa\/universidad-de-la-guajira\/talento-humano\/directorio-de-informacion-de-servidores-publicos-uniguajira\/\" \/>\n<meta property=\"og:site_name\" content=\"Universidad de La Guajira\" \/>\n<meta property=\"article:publisher\" content=\"https:\/\/www.facebook.com\/UniLaGuajira\/\" \/>\n<meta property=\"article:modified_time\" content=\"2025-10-02T21:55:39+00:00\" \/>\n<meta property=\"og:image\" content=\"https:\/\/uniguajira.edu.co\/wp-content\/uploads\/2024\/06\/banner-talento-humano.webp\" \/>\n\t<meta property=\"og:image:width\" content=\"1920\" \/>\n\t<meta property=\"og:image:height\" content=\"1080\" \/>\n\t<meta property=\"og:image:type\" content=\"image\/webp\" \/>\n<meta name=\"twitter:card\" content=\"summary_large_image\" \/>\n<meta name=\"twitter:site\" content=\"@UniLaGuajira\" \/>\n<meta name=\"twitter:label1\" content=\"Est. reading time\" \/>\n\t<meta name=\"twitter:data1\" content=\"1 minute\" \/>\n<script type=\"application\/ld+json\" class=\"yoast-schema-graph\">{\"@context\":\"https:\/\/schema.org\",\"@graph\":[{\"@type\":\"WebPage\",\"@id\":\"https:\/\/uniguajira.edu.co\/universidad-de-la-guajira\/talento-humano\/directorio-de-informacion-de-servidores-publicos-uniguajira\/\",\"url\":\"https:\/\/uniguajira.edu.co\/universidad-de-la-guajira\/talento-humano\/directorio-de-informacion-de-servidores-publicos-uniguajira\/\",\"name\":\"Directorio de informaci\u00f3n de servidores p\u00fablicos Uniguajira\",\"isPartOf\":{\"@id\":\"https:\/\/uniguajira.edu.co\/#website\"},\"primaryImageOfPage\":{\"@id\":\"https:\/\/uniguajira.edu.co\/universidad-de-la-guajira\/talento-humano\/directorio-de-informacion-de-servidores-publicos-uniguajira\/#primaryimage\"},\"image\":{\"@id\":\"https:\/\/uniguajira.edu.co\/universidad-de-la-guajira\/talento-humano\/directorio-de-informacion-de-servidores-publicos-uniguajira\/#primaryimage\"},\"thumbnailUrl\":\"https:\/\/uniguajira.edu.co\/wp-content\/uploads\/2024\/06\/banner-talento-humano.webp\",\"datePublished\":\"2025-08-15T23:24:44+00:00\",\"dateModified\":\"2025-10-02T21:55:39+00:00\",\"breadcrumb\":{\"@id\":\"https:\/\/uniguajira.edu.co\/universidad-de-la-guajira\/talento-humano\/directorio-de-informacion-de-servidores-publicos-uniguajira\/#breadcrumb\"},\"inLanguage\":\"wa-WA\",\"potentialAction\":[{\"@type\":\"ReadAction\",\"target\":[\"https:\/\/uniguajira.edu.co\/universidad-de-la-guajira\/talento-humano\/directorio-de-informacion-de-servidores-publicos-uniguajira\/\"]}]},{\"@type\":\"ImageObject\",\"inLanguage\":\"wa-WA\",\"@id\":\"https:\/\/uniguajira.edu.co\/universidad-de-la-guajira\/talento-humano\/directorio-de-informacion-de-servidores-publicos-uniguajira\/#primaryimage\",\"url\":\"https:\/\/uniguajira.edu.co\/wp-content\/uploads\/2024\/06\/banner-talento-humano.webp\",\"contentUrl\":\"https:\/\/uniguajira.edu.co\/wp-content\/uploads\/2024\/06\/banner-talento-humano.webp\",\"width\":1920,\"height\":1080,\"caption\":\"equipo de trabajo de talento humano\"},{\"@type\":\"BreadcrumbList\",\"@id\":\"https:\/\/uniguajira.edu.co\/universidad-de-la-guajira\/talento-humano\/directorio-de-informacion-de-servidores-publicos-uniguajira\/#breadcrumb\",\"itemListElement\":[{\"@type\":\"ListItem\",\"position\":1,\"name\":\"\u2302 Uniguajira\",\"item\":\"https:\/\/uniguajira.edu.co\/\"},{\"@type\":\"ListItem\",\"position\":2,\"name\":\"Uniguajira\",\"item\":\"https:\/\/uniguajira.edu.co\/\"},{\"@type\":\"ListItem\",\"position\":3,\"name\":\"Talento Humano\",\"item\":\"https:\/\/uniguajira.edu.co\/universidad-de-la-guajira\/talento-humano\/\"},{\"@type\":\"ListItem\",\"position\":4,\"name\":\"Record\"}]},{\"@type\":\"WebSite\",\"@id\":\"https:\/\/uniguajira.edu.co\/#website\",\"url\":\"https:\/\/uniguajira.edu.co\/\",\"name\":\"UNIGUAJIRA\",\"description\":\"Descubre la educaci\u00f3n superior con oportunidades laborales, retos estudiantiles y tecnolog\u00eda innovadora. Alcanza el \u00e9xito acad\u00e9mico y explora el impacto social y la diversidad en un entorno de aprendizaje moderno. Ad\u00e1ptate con inteligencia artificial y pr\u00e1cticas profesionales para un crecimiento integral.\",\"publisher\":{\"@id\":\"https:\/\/uniguajira.edu.co\/#organization\"},\"alternateName\":\"Universidad de La Guajira\",\"potentialAction\":[{\"@type\":\"SearchAction\",\"target\":{\"@type\":\"EntryPoint\",\"urlTemplate\":\"https:\/\/uniguajira.edu.co\/?s={search_term_string}\"},\"query-input\":{\"@type\":\"PropertyValueSpecification\",\"valueRequired\":true,\"valueName\":\"search_term_string\"}}],\"inLanguage\":\"wa-WA\"},{\"@type\":\"Organization\",\"@id\":\"https:\/\/uniguajira.edu.co\/#organization\",\"name\":\"Universidad de La Guajira\",\"alternateName\":\"UNIGUAJIRA\",\"url\":\"https:\/\/uniguajira.edu.co\/\",\"logo\":{\"@type\":\"ImageObject\",\"inLanguage\":\"wa-WA\",\"@id\":\"https:\/\/uniguajira.edu.co\/#\/schema\/logo\/image\/\",\"url\":\"https:\/\/uniguajira.edu.co\/wp-content\/uploads\/2026\/01\/cropped-cropped-LOGOS-PAGINA-WEB-04-1.webp\",\"contentUrl\":\"https:\/\/uniguajira.edu.co\/wp-content\/uploads\/2026\/01\/cropped-cropped-LOGOS-PAGINA-WEB-04-1.webp\",\"width\":360,\"height\":72,\"caption\":\"Universidad de La Guajira\"},\"image\":{\"@id\":\"https:\/\/uniguajira.edu.co\/#\/schema\/logo\/image\/\"},\"sameAs\":[\"https:\/\/www.facebook.com\/UniLaGuajira\/\",\"https:\/\/x.com\/UniLaGuajira\",\"https:\/\/www.instagram.com\/uniguajira_\/\",\"https:\/\/www.youtube.com\/user\/UniLaGuajira\"]}]}<\/script>\n<!-- \/ Yoast SEO Premium plugin. -->","yoast_head_json":{"title":"Directorio de informaci\u00f3n de servidores p\u00fablicos Uniguajira","robots":{"index":"index","follow":"follow","max-snippet":"max-snippet:-1","max-image-preview":"max-image-preview:large","max-video-preview":"max-video-preview:-1"},"canonical":"https:\/\/uniguajira.edu.co\/wa\/universidad-de-la-guajira\/talento-humano\/directorio-de-informacion-de-servidores-publicos-uniguajira\/","og_locale":"en_US","og_type":"article","og_title":"Directorio de informaci\u00f3n de servidores p\u00fablicos Uniguajira","og_description":"En este espacio encontrar\u00e1s de manera organizada y actualizada los datos de contacto, cargos y dependencias de los servidores p\u00fablicos de la Universidad ... .","og_url":"https:\/\/uniguajira.edu.co\/wa\/universidad-de-la-guajira\/talento-humano\/directorio-de-informacion-de-servidores-publicos-uniguajira\/","og_site_name":"Universidad de La Guajira","article_publisher":"https:\/\/www.facebook.com\/UniLaGuajira\/","article_modified_time":"2025-10-02T21:55:39+00:00","og_image":[{"width":1920,"height":1080,"url":"https:\/\/uniguajira.edu.co\/wp-content\/uploads\/2024\/06\/banner-talento-humano.webp","type":"image\/webp"}],"twitter_card":"summary_large_image","twitter_site":"@UniLaGuajira","twitter_misc":{"Est. reading time":"1 minute"},"schema":{"@context":"https:\/\/schema.org","@graph":[{"@type":"WebPage","@id":"https:\/\/uniguajira.edu.co\/universidad-de-la-guajira\/talento-humano\/directorio-de-informacion-de-servidores-publicos-uniguajira\/","url":"https:\/\/uniguajira.edu.co\/universidad-de-la-guajira\/talento-humano\/directorio-de-informacion-de-servidores-publicos-uniguajira\/","name":"Directorio de informaci\u00f3n de servidores p\u00fablicos Uniguajira","isPartOf":{"@id":"https:\/\/uniguajira.edu.co\/#website"},"primaryImageOfPage":{"@id":"https:\/\/uniguajira.edu.co\/universidad-de-la-guajira\/talento-humano\/directorio-de-informacion-de-servidores-publicos-uniguajira\/#primaryimage"},"image":{"@id":"https:\/\/uniguajira.edu.co\/universidad-de-la-guajira\/talento-humano\/directorio-de-informacion-de-servidores-publicos-uniguajira\/#primaryimage"},"thumbnailUrl":"https:\/\/uniguajira.edu.co\/wp-content\/uploads\/2024\/06\/banner-talento-humano.webp","datePublished":"2025-08-15T23:24:44+00:00","dateModified":"2025-10-02T21:55:39+00:00","breadcrumb":{"@id":"https:\/\/uniguajira.edu.co\/universidad-de-la-guajira\/talento-humano\/directorio-de-informacion-de-servidores-publicos-uniguajira\/#breadcrumb"},"inLanguage":"wa-WA","potentialAction":[{"@type":"ReadAction","target":["https:\/\/uniguajira.edu.co\/universidad-de-la-guajira\/talento-humano\/directorio-de-informacion-de-servidores-publicos-uniguajira\/"]}]},{"@type":"ImageObject","inLanguage":"wa-WA","@id":"https:\/\/uniguajira.edu.co\/universidad-de-la-guajira\/talento-humano\/directorio-de-informacion-de-servidores-publicos-uniguajira\/#primaryimage","url":"https:\/\/uniguajira.edu.co\/wp-content\/uploads\/2024\/06\/banner-talento-humano.webp","contentUrl":"https:\/\/uniguajira.edu.co\/wp-content\/uploads\/2024\/06\/banner-talento-humano.webp","width":1920,"height":1080,"caption":"equipo de trabajo de talento humano"},{"@type":"BreadcrumbList","@id":"https:\/\/uniguajira.edu.co\/universidad-de-la-guajira\/talento-humano\/directorio-de-informacion-de-servidores-publicos-uniguajira\/#breadcrumb","itemListElement":[{"@type":"ListItem","position":1,"name":"\u2302 Uniguajira","item":"https:\/\/uniguajira.edu.co\/"},{"@type":"ListItem","position":2,"name":"Uniguajira","item":"https:\/\/uniguajira.edu.co\/"},{"@type":"ListItem","position":3,"name":"Talento Humano","item":"https:\/\/uniguajira.edu.co\/universidad-de-la-guajira\/talento-humano\/"},{"@type":"ListItem","position":4,"name":"Record"}]},{"@type":"WebSite","@id":"https:\/\/uniguajira.edu.co\/#website","url":"https:\/\/uniguajira.edu.co\/","name":"UNIGUAJIRA","description":"Descubre la educaci\u00f3n superior con oportunidades laborales, retos estudiantiles y tecnolog\u00eda innovadora. Alcanza el \u00e9xito acad\u00e9mico y explora el impacto social y la diversidad en un entorno de aprendizaje moderno. Ad\u00e1ptate con inteligencia artificial y pr\u00e1cticas profesionales para un crecimiento integral.","publisher":{"@id":"https:\/\/uniguajira.edu.co\/#organization"},"alternateName":"Universidad de La Guajira","potentialAction":[{"@type":"SearchAction","target":{"@type":"EntryPoint","urlTemplate":"https:\/\/uniguajira.edu.co\/?s={search_term_string}"},"query-input":{"@type":"PropertyValueSpecification","valueRequired":true,"valueName":"search_term_string"}}],"inLanguage":"wa-WA"},{"@type":"Organization","@id":"https:\/\/uniguajira.edu.co\/#organization","name":"Shikii Ekirajia P\u00fclee Wajiira","alternateName":"UNIGUAJIRA","url":"https:\/\/uniguajira.edu.co\/","logo":{"@type":"ImageObject","inLanguage":"wa-WA","@id":"https:\/\/uniguajira.edu.co\/#\/schema\/logo\/image\/","url":"https:\/\/uniguajira.edu.co\/wp-content\/uploads\/2026\/01\/cropped-cropped-LOGOS-PAGINA-WEB-04-1.webp","contentUrl":"https:\/\/uniguajira.edu.co\/wp-content\/uploads\/2026\/01\/cropped-cropped-LOGOS-PAGINA-WEB-04-1.webp","width":360,"height":72,"caption":"Universidad de La Guajira"},"image":{"@id":"https:\/\/uniguajira.edu.co\/#\/schema\/logo\/image\/"},"sameAs":["https:\/\/www.facebook.com\/UniLaGuajira\/","https:\/\/x.com\/UniLaGuajira","https:\/\/www.instagram.com\/uniguajira_\/","https:\/\/www.youtube.com\/user\/UniLaGuajira"]}]}},"_hostinger_reach_plugin_has_subscription_block":false,"_hostinger_reach_plugin_is_elementor":false,"_links":{"self":[{"href":"https:\/\/uniguajira.edu.co\/wa\/wp-json\/wp\/v2\/pages\/95919","targetHints":{"allow":["GET"]}}],"collection":[{"href":"https:\/\/uniguajira.edu.co\/wa\/wp-json\/wp\/v2\/pages"}],"about":[{"href":"https:\/\/uniguajira.edu.co\/wa\/wp-json\/wp\/v2\/types\/page"}],"author":[{"embeddable":true,"href":"https:\/\/uniguajira.edu.co\/wa\/wp-json\/wp\/v2\/users\/3"}],"replies":[{"embeddable":true,"href":"https:\/\/uniguajira.edu.co\/wa\/wp-json\/wp\/v2\/comments?post=95919"}],"version-history":[{"count":0,"href":"https:\/\/uniguajira.edu.co\/wa\/wp-json\/wp\/v2\/pages\/95919\/revisions"}],"up":[{"embeddable":true,"href":"https:\/\/uniguajira.edu.co\/wa\/wp-json\/wp\/v2\/pages\/31952"}],"wp:featuredmedia":[{"embeddable":true,"href":"https:\/\/uniguajira.edu.co\/wa\/wp-json\/wp\/v2\/media\/54735"}],"wp:attachment":[{"href":"https:\/\/uniguajira.edu.co\/wa\/wp-json\/wp\/v2\/media?parent=95919"}],"curies":[{"name":"wp","href":"https:\/\/api.w.org\/{rel}","templated":true}]}}