{"id":91154,"date":"2025-04-09T15:21:57","date_gmt":"2025-04-09T20:21:57","guid":{"rendered":"https:\/\/uniguajira.edu.co\/?page_id=91154"},"modified":"2025-04-09T15:39:06","modified_gmt":"2025-04-09T20:39:06","slug":"rendicion-de-cuentas-de-2022","status":"publish","type":"page","link":"https:\/\/uniguajira.edu.co\/wa\/universidad-de-la-guajira\/planeacion-institucional\/descripcion-rendicion-de-cuentas\/rendicion-de-cuentas-de-2022\/","title":{"rendered":"Rendici\u00f3n de Cuentas de 2022"},"content":{"rendered":"<div class=\"gb-container gb-container-d796b7e0\">\n<div class=\"gb-container gb-container-4d72301d\">\n<div class=\"gb-container gb-container-570b9a30\">\n<div class=\"gb-container gb-container-1db11728\">\n\n<p>En cumplimiento de nuestro compromiso con la transparencia y la responsabilidad institucional, la Universidad de La Guajira presenta su informe de Rendici\u00f3n de Cuentas correspondiente al a\u00f1o 2022. Este informe refleja los avances, logros y desaf\u00edos enfrentados durante el periodo, en el marco del fortalecimiento acad\u00e9mico, investigativo, administrativo y de proyecci\u00f3n social. A trav\u00e9s de este ejercicio, reafirmamos nuestra disposici\u00f3n al di\u00e1logo abierto con la comunidad universitaria y la sociedad en general, promoviendo una gesti\u00f3n participativa orientada al mejoramiento continuo y al desarrollo integral del departamento de La Guajira.<\/p>\n\n\n<div class=\"gb-container gb-container-bd75c527\">\n<div class=\"gb-container gb-container-098d733f\">\n<div class=\"gb-grid-wrapper gb-grid-wrapper-3957d5ed\">\n<div class=\"gb-grid-column gb-grid-column-fc866598\"><div class=\"gb-container gb-container-fc866598\">\n<div class=\"gb-container gb-container-18ced9df\">\n\n<figure class=\"wp-block-image size-full imgt\"><a href=\"https:\/\/www.youtube.com\/live\/qu6SLbwZ2nQ?si=so7sXaqxmjxtTYyB\" target=\"_blank\" rel=\" noreferrer noopener\"><img loading=\"lazy\" decoding=\"async\" width=\"127\" height=\"155\" src=\"https:\/\/uniguajira.edu.co\/wp-content\/uploads\/2024\/03\/video.png\" alt=\"\" class=\"wp-image-33511\"\/><\/a><\/figure>\n\n\n\n<h3 class=\"gb-headline gb-headline-4278db7a gb-headline-text\"><a href=\"https:\/\/www.youtube.com\/live\/qu6SLbwZ2nQ?si=so7sXaqxmjxtTYyB\" target=\"_blank\" rel=\"noreferrer noopener\">No te pierdas nuestro video de rendici\u00f3n de cuentas<\/a><\/h3>\n\n<\/div>\n<\/div><\/div>\n\n<div class=\"gb-grid-column gb-grid-column-d73c9880\"><div class=\"gb-container gb-container-d73c9880\">\n<div class=\"gb-container gb-container-7eec02a7\">\n\n<figure class=\"wp-block-image size-full imgt\"><a href=\"https:\/\/uniguajira.edu.co\/wa\/informe-de-gestion-periodo-2022\/\"><img loading=\"lazy\" decoding=\"async\" width=\"127\" height=\"155\" src=\"https:\/\/uniguajira.edu.co\/wp-content\/uploads\/2024\/01\/Descargar-PDF-Icono.png\" alt=\"Descargar PDF Icono con tejido Wayuu en los colores de la Universidad de La Guajira.\" class=\"wp-image-24540\"\/><\/a><\/figure>\n\n\n\n<h3 class=\"gb-headline gb-headline-484eeee3 gb-headline-text\"><a href=\"https:\/\/uniguajira.edu.co\/wa\/informe-de-gestion-periodo-2022\/\">\u00bfQuieres conocer nuestro impacto en el 2022?<\/a><\/h3>\n\n<\/div>\n<\/div><\/div>\n<\/div>\n<\/div>\n<\/div>\n<\/div>\n<\/div>\n<\/div>\n<\/div>","protected":false},"excerpt":{"rendered":"<p>En cumplimiento de nuestro compromiso con la transparencia y la responsabilidad institucional, la Universidad de La Guajira presenta su informe de Rendici\u00f3n de &#8230; <a title=\"Rendici\u00f3n de Cuentas de 2022\" class=\"read-more\" href=\"https:\/\/uniguajira.edu.co\/wa\/universidad-de-la-guajira\/planeacion-institucional\/descripcion-rendicion-de-cuentas\/rendicion-de-cuentas-de-2022\/\" aria-label=\"Read more about Rendici\u00f3n de Cuentas de 2022\">.<\/a><\/p>","protected":false},"author":3,"featured_media":0,"parent":33499,"menu_order":0,"comment_status":"closed","ping_status":"closed","template":"","meta":{"footnotes":""},"class_list":{"0":"post-91154","1":"page","2":"type-page","3":"status-publish","5":"infinite-scroll-item"},"yoast_head":"<!-- This site is optimized with the Yoast SEO Premium plugin v27.0 (Yoast SEO v27.0) - https:\/\/yoast.com\/product\/yoast-seo-premium-wordpress\/ -->\n<title>Rendici\u00f3n de Cuentas de 2022<\/title>\n<meta name=\"robots\" content=\"index, follow, max-snippet:-1, max-image-preview:large, max-video-preview:-1\" \/>\n<link rel=\"canonical\" href=\"https:\/\/uniguajira.edu.co\/wa\/universidad-de-la-guajira\/planeacion-institucional\/descripcion-rendicion-de-cuentas\/rendicion-de-cuentas-de-2022\/\" \/>\n<meta property=\"og:locale\" content=\"en_US\" \/>\n<meta property=\"og:type\" content=\"article\" \/>\n<meta property=\"og:title\" content=\"Rendici\u00f3n de Cuentas de 2022\" \/>\n<meta property=\"og:description\" content=\"En cumplimiento de nuestro compromiso con la transparencia y la responsabilidad institucional, la Universidad de La Guajira presenta su informe de Rendici\u00f3n de ... .\" \/>\n<meta property=\"og:url\" content=\"https:\/\/uniguajira.edu.co\/wa\/universidad-de-la-guajira\/planeacion-institucional\/descripcion-rendicion-de-cuentas\/rendicion-de-cuentas-de-2022\/\" \/>\n<meta property=\"og:site_name\" content=\"Universidad de La Guajira\" \/>\n<meta property=\"article:publisher\" content=\"https:\/\/www.facebook.com\/UniLaGuajira\/\" \/>\n<meta property=\"article:modified_time\" content=\"2025-04-09T20:39:06+00:00\" \/>\n<meta property=\"og:image\" content=\"https:\/\/uniguajira.edu.co\/wp-content\/uploads\/2024\/03\/video.png\" \/>\n<meta name=\"twitter:card\" content=\"summary_large_image\" \/>\n<meta name=\"twitter:site\" content=\"@UniLaGuajira\" \/>\n<meta name=\"twitter:label1\" content=\"Est. reading time\" \/>\n\t<meta name=\"twitter:data1\" content=\"3 minutes\" \/>\n<script type=\"application\/ld+json\" class=\"yoast-schema-graph\">{\"@context\":\"https:\/\/schema.org\",\"@graph\":[{\"@type\":\"WebPage\",\"@id\":\"https:\/\/uniguajira.edu.co\/universidad-de-la-guajira\/planeacion-institucional\/descripcion-rendicion-de-cuentas\/rendicion-de-cuentas-de-2022\/\",\"url\":\"https:\/\/uniguajira.edu.co\/universidad-de-la-guajira\/planeacion-institucional\/descripcion-rendicion-de-cuentas\/rendicion-de-cuentas-de-2022\/\",\"name\":\"Rendici\u00f3n de Cuentas de 2022\",\"isPartOf\":{\"@id\":\"https:\/\/uniguajira.edu.co\/#website\"},\"primaryImageOfPage\":{\"@id\":\"https:\/\/uniguajira.edu.co\/universidad-de-la-guajira\/planeacion-institucional\/descripcion-rendicion-de-cuentas\/rendicion-de-cuentas-de-2022\/#primaryimage\"},\"image\":{\"@id\":\"https:\/\/uniguajira.edu.co\/universidad-de-la-guajira\/planeacion-institucional\/descripcion-rendicion-de-cuentas\/rendicion-de-cuentas-de-2022\/#primaryimage\"},\"thumbnailUrl\":\"https:\/\/uniguajira.edu.co\/wp-content\/uploads\/2024\/03\/video.png\",\"datePublished\":\"2025-04-09T20:21:57+00:00\",\"dateModified\":\"2025-04-09T20:39:06+00:00\",\"breadcrumb\":{\"@id\":\"https:\/\/uniguajira.edu.co\/universidad-de-la-guajira\/planeacion-institucional\/descripcion-rendicion-de-cuentas\/rendicion-de-cuentas-de-2022\/#breadcrumb\"},\"inLanguage\":\"wa-WA\",\"potentialAction\":[{\"@type\":\"ReadAction\",\"target\":[\"https:\/\/uniguajira.edu.co\/universidad-de-la-guajira\/planeacion-institucional\/descripcion-rendicion-de-cuentas\/rendicion-de-cuentas-de-2022\/\"]}]},{\"@type\":\"ImageObject\",\"inLanguage\":\"wa-WA\",\"@id\":\"https:\/\/uniguajira.edu.co\/universidad-de-la-guajira\/planeacion-institucional\/descripcion-rendicion-de-cuentas\/rendicion-de-cuentas-de-2022\/#primaryimage\",\"url\":\"https:\/\/uniguajira.edu.co\/wp-content\/uploads\/2024\/03\/video.png\",\"contentUrl\":\"https:\/\/uniguajira.edu.co\/wp-content\/uploads\/2024\/03\/video.png\"},{\"@type\":\"BreadcrumbList\",\"@id\":\"https:\/\/uniguajira.edu.co\/universidad-de-la-guajira\/planeacion-institucional\/descripcion-rendicion-de-cuentas\/rendicion-de-cuentas-de-2022\/#breadcrumb\",\"itemListElement\":[{\"@type\":\"ListItem\",\"position\":1,\"name\":\"\u2302 Uniguajira\",\"item\":\"https:\/\/uniguajira.edu.co\/\"},{\"@type\":\"ListItem\",\"position\":2,\"name\":\"Uniguajira\",\"item\":\"https:\/\/uniguajira.edu.co\/\"},{\"@type\":\"ListItem\",\"position\":3,\"name\":\"Planeaci\u00f3n Institucional\",\"item\":\"https:\/\/uniguajira.edu.co\/universidad-de-la-guajira\/planeacion-institucional\/\"},{\"@type\":\"ListItem\",\"position\":4,\"name\":\"Descripci\u00f3n\",\"item\":\"https:\/\/uniguajira.edu.co\/universidad-de-la-guajira\/planeacion-institucional\/descripcion-rendicion-de-cuentas\/\"},{\"@type\":\"ListItem\",\"position\":5,\"name\":\"Rendici\u00f3n de Cuentas de 2022\"}]},{\"@type\":\"WebSite\",\"@id\":\"https:\/\/uniguajira.edu.co\/#website\",\"url\":\"https:\/\/uniguajira.edu.co\/\",\"name\":\"UNIGUAJIRA\",\"description\":\"Descubre la educaci\u00f3n superior con oportunidades laborales, retos estudiantiles y tecnolog\u00eda innovadora. Alcanza el \u00e9xito acad\u00e9mico y explora el impacto social y la diversidad en un entorno de aprendizaje moderno. Ad\u00e1ptate con inteligencia artificial y pr\u00e1cticas profesionales para un crecimiento integral.\",\"publisher\":{\"@id\":\"https:\/\/uniguajira.edu.co\/#organization\"},\"alternateName\":\"Universidad de La Guajira\",\"potentialAction\":[{\"@type\":\"SearchAction\",\"target\":{\"@type\":\"EntryPoint\",\"urlTemplate\":\"https:\/\/uniguajira.edu.co\/?s={search_term_string}\"},\"query-input\":{\"@type\":\"PropertyValueSpecification\",\"valueRequired\":true,\"valueName\":\"search_term_string\"}}],\"inLanguage\":\"wa-WA\"},{\"@type\":\"Organization\",\"@id\":\"https:\/\/uniguajira.edu.co\/#organization\",\"name\":\"Universidad de La Guajira\",\"alternateName\":\"UNIGUAJIRA\",\"url\":\"https:\/\/uniguajira.edu.co\/\",\"logo\":{\"@type\":\"ImageObject\",\"inLanguage\":\"wa-WA\",\"@id\":\"https:\/\/uniguajira.edu.co\/#\/schema\/logo\/image\/\",\"url\":\"https:\/\/uniguajira.edu.co\/wp-content\/uploads\/2026\/01\/cropped-cropped-LOGOS-PAGINA-WEB-04-1.webp\",\"contentUrl\":\"https:\/\/uniguajira.edu.co\/wp-content\/uploads\/2026\/01\/cropped-cropped-LOGOS-PAGINA-WEB-04-1.webp\",\"width\":360,\"height\":72,\"caption\":\"Universidad de La Guajira\"},\"image\":{\"@id\":\"https:\/\/uniguajira.edu.co\/#\/schema\/logo\/image\/\"},\"sameAs\":[\"https:\/\/www.facebook.com\/UniLaGuajira\/\",\"https:\/\/x.com\/UniLaGuajira\",\"https:\/\/www.instagram.com\/uniguajira_\/\",\"https:\/\/www.youtube.com\/user\/UniLaGuajira\"]}]}<\/script>\n<!-- \/ Yoast SEO Premium plugin. -->","yoast_head_json":{"title":"Rendici\u00f3n de Cuentas de 2022","robots":{"index":"index","follow":"follow","max-snippet":"max-snippet:-1","max-image-preview":"max-image-preview:large","max-video-preview":"max-video-preview:-1"},"canonical":"https:\/\/uniguajira.edu.co\/wa\/universidad-de-la-guajira\/planeacion-institucional\/descripcion-rendicion-de-cuentas\/rendicion-de-cuentas-de-2022\/","og_locale":"en_US","og_type":"article","og_title":"Rendici\u00f3n de Cuentas de 2022","og_description":"En cumplimiento de nuestro compromiso con la transparencia y la responsabilidad institucional, la Universidad de La Guajira presenta su informe de Rendici\u00f3n de ... .","og_url":"https:\/\/uniguajira.edu.co\/wa\/universidad-de-la-guajira\/planeacion-institucional\/descripcion-rendicion-de-cuentas\/rendicion-de-cuentas-de-2022\/","og_site_name":"Universidad de La Guajira","article_publisher":"https:\/\/www.facebook.com\/UniLaGuajira\/","article_modified_time":"2025-04-09T20:39:06+00:00","og_image":[{"url":"https:\/\/uniguajira.edu.co\/wp-content\/uploads\/2024\/03\/video.png","type":"","width":"","height":""}],"twitter_card":"summary_large_image","twitter_site":"@UniLaGuajira","twitter_misc":{"Est. reading time":"3 minutes"},"schema":{"@context":"https:\/\/schema.org","@graph":[{"@type":"WebPage","@id":"https:\/\/uniguajira.edu.co\/universidad-de-la-guajira\/planeacion-institucional\/descripcion-rendicion-de-cuentas\/rendicion-de-cuentas-de-2022\/","url":"https:\/\/uniguajira.edu.co\/universidad-de-la-guajira\/planeacion-institucional\/descripcion-rendicion-de-cuentas\/rendicion-de-cuentas-de-2022\/","name":"Rendici\u00f3n de Cuentas de 2022","isPartOf":{"@id":"https:\/\/uniguajira.edu.co\/#website"},"primaryImageOfPage":{"@id":"https:\/\/uniguajira.edu.co\/universidad-de-la-guajira\/planeacion-institucional\/descripcion-rendicion-de-cuentas\/rendicion-de-cuentas-de-2022\/#primaryimage"},"image":{"@id":"https:\/\/uniguajira.edu.co\/universidad-de-la-guajira\/planeacion-institucional\/descripcion-rendicion-de-cuentas\/rendicion-de-cuentas-de-2022\/#primaryimage"},"thumbnailUrl":"https:\/\/uniguajira.edu.co\/wp-content\/uploads\/2024\/03\/video.png","datePublished":"2025-04-09T20:21:57+00:00","dateModified":"2025-04-09T20:39:06+00:00","breadcrumb":{"@id":"https:\/\/uniguajira.edu.co\/universidad-de-la-guajira\/planeacion-institucional\/descripcion-rendicion-de-cuentas\/rendicion-de-cuentas-de-2022\/#breadcrumb"},"inLanguage":"wa-WA","potentialAction":[{"@type":"ReadAction","target":["https:\/\/uniguajira.edu.co\/universidad-de-la-guajira\/planeacion-institucional\/descripcion-rendicion-de-cuentas\/rendicion-de-cuentas-de-2022\/"]}]},{"@type":"ImageObject","inLanguage":"wa-WA","@id":"https:\/\/uniguajira.edu.co\/universidad-de-la-guajira\/planeacion-institucional\/descripcion-rendicion-de-cuentas\/rendicion-de-cuentas-de-2022\/#primaryimage","url":"https:\/\/uniguajira.edu.co\/wp-content\/uploads\/2024\/03\/video.png","contentUrl":"https:\/\/uniguajira.edu.co\/wp-content\/uploads\/2024\/03\/video.png"},{"@type":"BreadcrumbList","@id":"https:\/\/uniguajira.edu.co\/universidad-de-la-guajira\/planeacion-institucional\/descripcion-rendicion-de-cuentas\/rendicion-de-cuentas-de-2022\/#breadcrumb","itemListElement":[{"@type":"ListItem","position":1,"name":"\u2302 Uniguajira","item":"https:\/\/uniguajira.edu.co\/"},{"@type":"ListItem","position":2,"name":"Uniguajira","item":"https:\/\/uniguajira.edu.co\/"},{"@type":"ListItem","position":3,"name":"Planeaci\u00f3n Institucional","item":"https:\/\/uniguajira.edu.co\/universidad-de-la-guajira\/planeacion-institucional\/"},{"@type":"ListItem","position":4,"name":"Descripci\u00f3n","item":"https:\/\/uniguajira.edu.co\/universidad-de-la-guajira\/planeacion-institucional\/descripcion-rendicion-de-cuentas\/"},{"@type":"ListItem","position":5,"name":"Rendici\u00f3n de Cuentas de 2022"}]},{"@type":"WebSite","@id":"https:\/\/uniguajira.edu.co\/#website","url":"https:\/\/uniguajira.edu.co\/","name":"UNIGUAJIRA","description":"Descubre la educaci\u00f3n superior con oportunidades laborales, retos estudiantiles y tecnolog\u00eda innovadora. Alcanza el \u00e9xito acad\u00e9mico y explora el impacto social y la diversidad en un entorno de aprendizaje moderno. Ad\u00e1ptate con inteligencia artificial y pr\u00e1cticas profesionales para un crecimiento integral.","publisher":{"@id":"https:\/\/uniguajira.edu.co\/#organization"},"alternateName":"Universidad de La Guajira","potentialAction":[{"@type":"SearchAction","target":{"@type":"EntryPoint","urlTemplate":"https:\/\/uniguajira.edu.co\/?s={search_term_string}"},"query-input":{"@type":"PropertyValueSpecification","valueRequired":true,"valueName":"search_term_string"}}],"inLanguage":"wa-WA"},{"@type":"Organization","@id":"https:\/\/uniguajira.edu.co\/#organization","name":"Shikii Ekirajia P\u00fclee Wajiira","alternateName":"UNIGUAJIRA","url":"https:\/\/uniguajira.edu.co\/","logo":{"@type":"ImageObject","inLanguage":"wa-WA","@id":"https:\/\/uniguajira.edu.co\/#\/schema\/logo\/image\/","url":"https:\/\/uniguajira.edu.co\/wp-content\/uploads\/2026\/01\/cropped-cropped-LOGOS-PAGINA-WEB-04-1.webp","contentUrl":"https:\/\/uniguajira.edu.co\/wp-content\/uploads\/2026\/01\/cropped-cropped-LOGOS-PAGINA-WEB-04-1.webp","width":360,"height":72,"caption":"Universidad de La Guajira"},"image":{"@id":"https:\/\/uniguajira.edu.co\/#\/schema\/logo\/image\/"},"sameAs":["https:\/\/www.facebook.com\/UniLaGuajira\/","https:\/\/x.com\/UniLaGuajira","https:\/\/www.instagram.com\/uniguajira_\/","https:\/\/www.youtube.com\/user\/UniLaGuajira"]}]}},"_hostinger_reach_plugin_has_subscription_block":false,"_hostinger_reach_plugin_is_elementor":false,"_links":{"self":[{"href":"https:\/\/uniguajira.edu.co\/wa\/wp-json\/wp\/v2\/pages\/91154","targetHints":{"allow":["GET"]}}],"collection":[{"href":"https:\/\/uniguajira.edu.co\/wa\/wp-json\/wp\/v2\/pages"}],"about":[{"href":"https:\/\/uniguajira.edu.co\/wa\/wp-json\/wp\/v2\/types\/page"}],"author":[{"embeddable":true,"href":"https:\/\/uniguajira.edu.co\/wa\/wp-json\/wp\/v2\/users\/3"}],"replies":[{"embeddable":true,"href":"https:\/\/uniguajira.edu.co\/wa\/wp-json\/wp\/v2\/comments?post=91154"}],"version-history":[{"count":0,"href":"https:\/\/uniguajira.edu.co\/wa\/wp-json\/wp\/v2\/pages\/91154\/revisions"}],"up":[{"embeddable":true,"href":"https:\/\/uniguajira.edu.co\/wa\/wp-json\/wp\/v2\/pages\/33499"}],"wp:attachment":[{"href":"https:\/\/uniguajira.edu.co\/wa\/wp-json\/wp\/v2\/media?parent=91154"}],"curies":[{"name":"wp","href":"https:\/\/api.w.org\/{rel}","templated":true}]}}