{"id":54661,"date":"2024-06-27T16:13:37","date_gmt":"2024-06-27T21:13:37","guid":{"rendered":"https:\/\/uniguajira.edu.co\/?page_id=54661"},"modified":"2025-08-19T10:27:03","modified_gmt":"2025-08-19T15:27:03","slug":"ver","status":"publish","type":"page","link":"https:\/\/uniguajira.edu.co\/wa\/universidad-de-la-guajira\/portal-para-ninos\/ver\/","title":{"rendered":"Ver"},"content":{"rendered":"<div class=\"gb-container gb-container-e2b247d2 alignfull\">\n<div class=\"gb-container gb-container-16277367\">\n\n<p class=\"gb-headline gb-headline-15752d44 gb-headline-text\">Descubre tu Bienestar a trav\u00e9s de una amplia gama de servicios, programas y recursos dise\u00f1ados por y para ti, que promover\u00e1n su desarrollo integral y su \u00e9xito acad\u00e9mico, emocional y social de todos nuestros estamentos dentro de nuestro campus. \u00a1Vive una experiencia universitaria \u00fanica!<\/p>\n\n\n<div class=\"gb-container gb-container-3ca019b6\">\n<div class=\"gb-grid-wrapper gb-grid-wrapper-72aee7bb\">\n<div class=\"gb-grid-column gb-grid-column-2d551d5a\"><div class=\"gb-container gb-container-2d551d5a infpro\">\n\n<figure class=\"wp-block-image size-full\"><img loading=\"lazy\" decoding=\"async\" width=\"1920\" height=\"1080\" src=\"https:\/\/uniguajira.edu.co\/wp-content\/uploads\/2025\/07\/Uniguajira-se-posiciona-como-la-universidad-publica-con-mejor-gestion-institucional-en-el-Caribe-colombiano.webp\" alt=\"Uniguajira se posiciona como la universidad p\u00fablica con mejor gesti\u00f3n institucional en el Caribe colombiano\" class=\"wp-image-94081\" srcset=\"https:\/\/uniguajira.edu.co\/wp-content\/uploads\/2025\/07\/Uniguajira-se-posiciona-como-la-universidad-publica-con-mejor-gestion-institucional-en-el-Caribe-colombiano.webp 1920w, https:\/\/uniguajira.edu.co\/wp-content\/uploads\/2025\/07\/Uniguajira-se-posiciona-como-la-universidad-publica-con-mejor-gestion-institucional-en-el-Caribe-colombiano-300x169.webp 300w, https:\/\/uniguajira.edu.co\/wp-content\/uploads\/2025\/07\/Uniguajira-se-posiciona-como-la-universidad-publica-con-mejor-gestion-institucional-en-el-Caribe-colombiano-1024x576.webp 1024w, https:\/\/uniguajira.edu.co\/wp-content\/uploads\/2025\/07\/Uniguajira-se-posiciona-como-la-universidad-publica-con-mejor-gestion-institucional-en-el-Caribe-colombiano-768x432.webp 768w, https:\/\/uniguajira.edu.co\/wp-content\/uploads\/2025\/07\/Uniguajira-se-posiciona-como-la-universidad-publica-con-mejor-gestion-institucional-en-el-Caribe-colombiano-1536x864.webp 1536w, https:\/\/uniguajira.edu.co\/wp-content\/uploads\/2025\/07\/Uniguajira-se-posiciona-como-la-universidad-publica-con-mejor-gestion-institucional-en-el-Caribe-colombiano-18x10.webp 18w, https:\/\/uniguajira.edu.co\/wp-content\/uploads\/2025\/07\/Uniguajira-se-posiciona-como-la-universidad-publica-con-mejor-gestion-institucional-en-el-Caribe-colombiano-500x281.webp 500w, https:\/\/uniguajira.edu.co\/wp-content\/uploads\/2025\/07\/Uniguajira-se-posiciona-como-la-universidad-publica-con-mejor-gestion-institucional-en-el-Caribe-colombiano-800x450.webp 800w, https:\/\/uniguajira.edu.co\/wp-content\/uploads\/2025\/07\/Uniguajira-se-posiciona-como-la-universidad-publica-con-mejor-gestion-institucional-en-el-Caribe-colombiano-1280x720.webp 1280w\" sizes=\"auto, (max-width: 1920px) 100vw, 1920px\" \/><\/figure>\n\n\n\n<h3 class=\"gb-headline gb-headline-b3c3aaee gb-headline-text\">\u00bfQu\u00e9 puedo estudiar cuando sea grande?<\/h3>\n\n\n<div class=\"gb-container gb-container-0fdf921b\">\n<div class=\"gb-container gb-container-b171015f\">\n\n<p class=\"has-text-align-center\"><\/p>\n\n<\/div>\n\n<div class=\"gb-container gb-container-1964f658\">\n\n<a class=\"gb-button gb-button-391668dc gb-button-text infpro\" href=\"https:\/\/uniguajira.edu.co\/wa\/universidad-de-la-guajira\/portal-para-ninos\/que-puedo-estudiar-cuando-sea-grande\/\" aria-label=\"Ir a los Pregrados de la Universidad de La Guajira\">Visitar ahora<\/a>\n\n<\/div>\n<\/div>\n<\/div><\/div>\n\n<div class=\"gb-grid-column gb-grid-column-327ae49a\"><div class=\"gb-container gb-container-327ae49a infpro\">\n\n<figure class=\"wp-block-image size-full\"><img loading=\"lazy\" decoding=\"async\" width=\"1920\" height=\"1080\" src=\"https:\/\/uniguajira.edu.co\/wp-content\/uploads\/2025\/07\/Uniguajira-se-posiciona-como-la-universidad-publica-con-mejor-gestion-institucional-en-el-Caribe-colombiano.webp\" alt=\"Uniguajira se posiciona como la universidad p\u00fablica con mejor gesti\u00f3n institucional en el Caribe colombiano\" class=\"wp-image-94081\" srcset=\"https:\/\/uniguajira.edu.co\/wp-content\/uploads\/2025\/07\/Uniguajira-se-posiciona-como-la-universidad-publica-con-mejor-gestion-institucional-en-el-Caribe-colombiano.webp 1920w, https:\/\/uniguajira.edu.co\/wp-content\/uploads\/2025\/07\/Uniguajira-se-posiciona-como-la-universidad-publica-con-mejor-gestion-institucional-en-el-Caribe-colombiano-300x169.webp 300w, https:\/\/uniguajira.edu.co\/wp-content\/uploads\/2025\/07\/Uniguajira-se-posiciona-como-la-universidad-publica-con-mejor-gestion-institucional-en-el-Caribe-colombiano-1024x576.webp 1024w, https:\/\/uniguajira.edu.co\/wp-content\/uploads\/2025\/07\/Uniguajira-se-posiciona-como-la-universidad-publica-con-mejor-gestion-institucional-en-el-Caribe-colombiano-768x432.webp 768w, https:\/\/uniguajira.edu.co\/wp-content\/uploads\/2025\/07\/Uniguajira-se-posiciona-como-la-universidad-publica-con-mejor-gestion-institucional-en-el-Caribe-colombiano-1536x864.webp 1536w, https:\/\/uniguajira.edu.co\/wp-content\/uploads\/2025\/07\/Uniguajira-se-posiciona-como-la-universidad-publica-con-mejor-gestion-institucional-en-el-Caribe-colombiano-18x10.webp 18w, https:\/\/uniguajira.edu.co\/wp-content\/uploads\/2025\/07\/Uniguajira-se-posiciona-como-la-universidad-publica-con-mejor-gestion-institucional-en-el-Caribe-colombiano-500x281.webp 500w, https:\/\/uniguajira.edu.co\/wp-content\/uploads\/2025\/07\/Uniguajira-se-posiciona-como-la-universidad-publica-con-mejor-gestion-institucional-en-el-Caribe-colombiano-800x450.webp 800w, https:\/\/uniguajira.edu.co\/wp-content\/uploads\/2025\/07\/Uniguajira-se-posiciona-como-la-universidad-publica-con-mejor-gestion-institucional-en-el-Caribe-colombiano-1280x720.webp 1280w\" sizes=\"auto, (max-width: 1920px) 100vw, 1920px\" \/><\/figure>\n\n\n\n<h3 class=\"gb-headline gb-headline-228553ef gb-headline-text\">Conoce la U<\/h3>\n\n\n<div class=\"gb-container gb-container-99fa7607\">\n<div class=\"gb-container gb-container-c6f6dafc\">\n\n<p class=\"has-text-align-center\"><\/p>\n\n<\/div>\n\n<div class=\"gb-container gb-container-ad97a554\">\n\n<a class=\"gb-button gb-button-775f1ce9 gb-button-text infpro\" href=\"https:\/\/uniguajira.edu.co\/wa\/universidad-de-la-guajira\/portal-para-ninos\/conociendo-la-universidad\/\" aria-label=\"Ir a los Posgrados de la Universidad de La Guajira\">Visitar ahora<\/a>\n\n<\/div>\n<\/div>\n<\/div><\/div>\n<\/div>\n<\/div>\n<\/div>\n<\/div>","protected":false},"excerpt":{"rendered":"<p>Descubre tu Bienestar a trav\u00e9s de una amplia gama de servicios, programas y recursos dise\u00f1ados por y para ti, que promover\u00e1n su desarrollo &#8230; <a title=\"Ver\" class=\"read-more\" href=\"https:\/\/uniguajira.edu.co\/wa\/universidad-de-la-guajira\/portal-para-ninos\/ver\/\" aria-label=\"Read more about Ver\">.<\/a><\/p>","protected":false},"author":3,"featured_media":0,"parent":31852,"menu_order":0,"comment_status":"closed","ping_status":"closed","template":"","meta":{"footnotes":""},"class_list":{"0":"post-54661","1":"page","2":"type-page","3":"status-publish","5":"infinite-scroll-item"},"yoast_head":"<!-- This site is optimized with the Yoast SEO Premium plugin v27.0 (Yoast SEO v27.0) - https:\/\/yoast.com\/product\/yoast-seo-premium-wordpress\/ -->\n<title>Ver<\/title>\n<meta name=\"robots\" content=\"index, follow, max-snippet:-1, max-image-preview:large, max-video-preview:-1\" \/>\n<link rel=\"canonical\" href=\"https:\/\/uniguajira.edu.co\/wa\/universidad-de-la-guajira\/portal-para-ninos\/ver\/\" \/>\n<meta property=\"og:locale\" content=\"en_US\" \/>\n<meta property=\"og:type\" content=\"article\" \/>\n<meta property=\"og:title\" content=\"Ver\" \/>\n<meta property=\"og:description\" content=\"Descubre tu Bienestar a trav\u00e9s de una amplia gama de servicios, programas y recursos dise\u00f1ados por y para ti, que promover\u00e1n su desarrollo ... .\" \/>\n<meta property=\"og:url\" content=\"https:\/\/uniguajira.edu.co\/wa\/universidad-de-la-guajira\/portal-para-ninos\/ver\/\" \/>\n<meta property=\"og:site_name\" content=\"Universidad de La Guajira\" \/>\n<meta property=\"article:publisher\" content=\"https:\/\/www.facebook.com\/UniLaGuajira\/\" \/>\n<meta property=\"article:modified_time\" content=\"2025-08-19T15:27:03+00:00\" \/>\n<meta property=\"og:image\" content=\"https:\/\/uniguajira.edu.co\/wp-content\/uploads\/2025\/07\/Uniguajira-se-posiciona-como-la-universidad-publica-con-mejor-gestion-institucional-en-el-Caribe-colombiano.webp\" \/>\n<meta name=\"twitter:card\" content=\"summary_large_image\" \/>\n<meta name=\"twitter:site\" content=\"@UniLaGuajira\" \/>\n<meta name=\"twitter:label1\" content=\"Est. reading time\" \/>\n\t<meta name=\"twitter:data1\" content=\"1 minute\" \/>\n<script type=\"application\/ld+json\" class=\"yoast-schema-graph\">{\"@context\":\"https:\/\/schema.org\",\"@graph\":[{\"@type\":\"WebPage\",\"@id\":\"https:\/\/uniguajira.edu.co\/universidad-de-la-guajira\/portal-para-ninos\/ver\/\",\"url\":\"https:\/\/uniguajira.edu.co\/universidad-de-la-guajira\/portal-para-ninos\/ver\/\",\"name\":\"Ver\",\"isPartOf\":{\"@id\":\"https:\/\/uniguajira.edu.co\/#website\"},\"primaryImageOfPage\":{\"@id\":\"https:\/\/uniguajira.edu.co\/universidad-de-la-guajira\/portal-para-ninos\/ver\/#primaryimage\"},\"image\":{\"@id\":\"https:\/\/uniguajira.edu.co\/universidad-de-la-guajira\/portal-para-ninos\/ver\/#primaryimage\"},\"thumbnailUrl\":\"https:\/\/uniguajira.edu.co\/wp-content\/uploads\/2025\/07\/Uniguajira-se-posiciona-como-la-universidad-publica-con-mejor-gestion-institucional-en-el-Caribe-colombiano.webp\",\"datePublished\":\"2024-06-27T21:13:37+00:00\",\"dateModified\":\"2025-08-19T15:27:03+00:00\",\"breadcrumb\":{\"@id\":\"https:\/\/uniguajira.edu.co\/universidad-de-la-guajira\/portal-para-ninos\/ver\/#breadcrumb\"},\"inLanguage\":\"wa-WA\",\"potentialAction\":[{\"@type\":\"ReadAction\",\"target\":[\"https:\/\/uniguajira.edu.co\/universidad-de-la-guajira\/portal-para-ninos\/ver\/\"]}]},{\"@type\":\"ImageObject\",\"inLanguage\":\"wa-WA\",\"@id\":\"https:\/\/uniguajira.edu.co\/universidad-de-la-guajira\/portal-para-ninos\/ver\/#primaryimage\",\"url\":\"https:\/\/uniguajira.edu.co\/wp-content\/uploads\/2025\/07\/Uniguajira-se-posiciona-como-la-universidad-publica-con-mejor-gestion-institucional-en-el-Caribe-colombiano.webp\",\"contentUrl\":\"https:\/\/uniguajira.edu.co\/wp-content\/uploads\/2025\/07\/Uniguajira-se-posiciona-como-la-universidad-publica-con-mejor-gestion-institucional-en-el-Caribe-colombiano.webp\"},{\"@type\":\"BreadcrumbList\",\"@id\":\"https:\/\/uniguajira.edu.co\/universidad-de-la-guajira\/portal-para-ninos\/ver\/#breadcrumb\",\"itemListElement\":[{\"@type\":\"ListItem\",\"position\":1,\"name\":\"\u2302 Uniguajira\",\"item\":\"https:\/\/uniguajira.edu.co\/\"},{\"@type\":\"ListItem\",\"position\":2,\"name\":\"Uniguajira\",\"item\":\"https:\/\/uniguajira.edu.co\/\"},{\"@type\":\"ListItem\",\"position\":3,\"name\":\"Portal para ni\u00f1os\",\"item\":\"https:\/\/uniguajira.edu.co\/universidad-de-la-guajira\/portal-para-ninos\/\"},{\"@type\":\"ListItem\",\"position\":4,\"name\":\"Dependencias Asociadas\"}]},{\"@type\":\"WebSite\",\"@id\":\"https:\/\/uniguajira.edu.co\/#website\",\"url\":\"https:\/\/uniguajira.edu.co\/\",\"name\":\"UNIGUAJIRA\",\"description\":\"Descubre la educaci\u00f3n superior con oportunidades laborales, retos estudiantiles y tecnolog\u00eda innovadora. Alcanza el \u00e9xito acad\u00e9mico y explora el impacto social y la diversidad en un entorno de aprendizaje moderno. Ad\u00e1ptate con inteligencia artificial y pr\u00e1cticas profesionales para un crecimiento integral.\",\"publisher\":{\"@id\":\"https:\/\/uniguajira.edu.co\/#organization\"},\"alternateName\":\"Universidad de La Guajira\",\"potentialAction\":[{\"@type\":\"SearchAction\",\"target\":{\"@type\":\"EntryPoint\",\"urlTemplate\":\"https:\/\/uniguajira.edu.co\/?s={search_term_string}\"},\"query-input\":{\"@type\":\"PropertyValueSpecification\",\"valueRequired\":true,\"valueName\":\"search_term_string\"}}],\"inLanguage\":\"wa-WA\"},{\"@type\":\"Organization\",\"@id\":\"https:\/\/uniguajira.edu.co\/#organization\",\"name\":\"Universidad de La Guajira\",\"alternateName\":\"UNIGUAJIRA\",\"url\":\"https:\/\/uniguajira.edu.co\/\",\"logo\":{\"@type\":\"ImageObject\",\"inLanguage\":\"wa-WA\",\"@id\":\"https:\/\/uniguajira.edu.co\/#\/schema\/logo\/image\/\",\"url\":\"https:\/\/uniguajira.edu.co\/wp-content\/uploads\/2026\/01\/cropped-cropped-LOGOS-PAGINA-WEB-04-1.webp\",\"contentUrl\":\"https:\/\/uniguajira.edu.co\/wp-content\/uploads\/2026\/01\/cropped-cropped-LOGOS-PAGINA-WEB-04-1.webp\",\"width\":360,\"height\":72,\"caption\":\"Universidad de La Guajira\"},\"image\":{\"@id\":\"https:\/\/uniguajira.edu.co\/#\/schema\/logo\/image\/\"},\"sameAs\":[\"https:\/\/www.facebook.com\/UniLaGuajira\/\",\"https:\/\/x.com\/UniLaGuajira\",\"https:\/\/www.instagram.com\/uniguajira_\/\",\"https:\/\/www.youtube.com\/user\/UniLaGuajira\"]}]}<\/script>\n<!-- \/ Yoast SEO Premium plugin. -->","yoast_head_json":{"title":"Ver","robots":{"index":"index","follow":"follow","max-snippet":"max-snippet:-1","max-image-preview":"max-image-preview:large","max-video-preview":"max-video-preview:-1"},"canonical":"https:\/\/uniguajira.edu.co\/wa\/universidad-de-la-guajira\/portal-para-ninos\/ver\/","og_locale":"en_US","og_type":"article","og_title":"Ver","og_description":"Descubre tu Bienestar a trav\u00e9s de una amplia gama de servicios, programas y recursos dise\u00f1ados por y para ti, que promover\u00e1n su desarrollo ... .","og_url":"https:\/\/uniguajira.edu.co\/wa\/universidad-de-la-guajira\/portal-para-ninos\/ver\/","og_site_name":"Universidad de La Guajira","article_publisher":"https:\/\/www.facebook.com\/UniLaGuajira\/","article_modified_time":"2025-08-19T15:27:03+00:00","og_image":[{"url":"https:\/\/uniguajira.edu.co\/wp-content\/uploads\/2025\/07\/Uniguajira-se-posiciona-como-la-universidad-publica-con-mejor-gestion-institucional-en-el-Caribe-colombiano.webp","type":"","width":"","height":""}],"twitter_card":"summary_large_image","twitter_site":"@UniLaGuajira","twitter_misc":{"Est. reading time":"1 minute"},"schema":{"@context":"https:\/\/schema.org","@graph":[{"@type":"WebPage","@id":"https:\/\/uniguajira.edu.co\/universidad-de-la-guajira\/portal-para-ninos\/ver\/","url":"https:\/\/uniguajira.edu.co\/universidad-de-la-guajira\/portal-para-ninos\/ver\/","name":"Ver","isPartOf":{"@id":"https:\/\/uniguajira.edu.co\/#website"},"primaryImageOfPage":{"@id":"https:\/\/uniguajira.edu.co\/universidad-de-la-guajira\/portal-para-ninos\/ver\/#primaryimage"},"image":{"@id":"https:\/\/uniguajira.edu.co\/universidad-de-la-guajira\/portal-para-ninos\/ver\/#primaryimage"},"thumbnailUrl":"https:\/\/uniguajira.edu.co\/wp-content\/uploads\/2025\/07\/Uniguajira-se-posiciona-como-la-universidad-publica-con-mejor-gestion-institucional-en-el-Caribe-colombiano.webp","datePublished":"2024-06-27T21:13:37+00:00","dateModified":"2025-08-19T15:27:03+00:00","breadcrumb":{"@id":"https:\/\/uniguajira.edu.co\/universidad-de-la-guajira\/portal-para-ninos\/ver\/#breadcrumb"},"inLanguage":"wa-WA","potentialAction":[{"@type":"ReadAction","target":["https:\/\/uniguajira.edu.co\/universidad-de-la-guajira\/portal-para-ninos\/ver\/"]}]},{"@type":"ImageObject","inLanguage":"wa-WA","@id":"https:\/\/uniguajira.edu.co\/universidad-de-la-guajira\/portal-para-ninos\/ver\/#primaryimage","url":"https:\/\/uniguajira.edu.co\/wp-content\/uploads\/2025\/07\/Uniguajira-se-posiciona-como-la-universidad-publica-con-mejor-gestion-institucional-en-el-Caribe-colombiano.webp","contentUrl":"https:\/\/uniguajira.edu.co\/wp-content\/uploads\/2025\/07\/Uniguajira-se-posiciona-como-la-universidad-publica-con-mejor-gestion-institucional-en-el-Caribe-colombiano.webp"},{"@type":"BreadcrumbList","@id":"https:\/\/uniguajira.edu.co\/universidad-de-la-guajira\/portal-para-ninos\/ver\/#breadcrumb","itemListElement":[{"@type":"ListItem","position":1,"name":"\u2302 Uniguajira","item":"https:\/\/uniguajira.edu.co\/"},{"@type":"ListItem","position":2,"name":"Uniguajira","item":"https:\/\/uniguajira.edu.co\/"},{"@type":"ListItem","position":3,"name":"Portal para ni\u00f1os","item":"https:\/\/uniguajira.edu.co\/universidad-de-la-guajira\/portal-para-ninos\/"},{"@type":"ListItem","position":4,"name":"Dependencias Asociadas"}]},{"@type":"WebSite","@id":"https:\/\/uniguajira.edu.co\/#website","url":"https:\/\/uniguajira.edu.co\/","name":"UNIGUAJIRA","description":"Descubre la educaci\u00f3n superior con oportunidades laborales, retos estudiantiles y tecnolog\u00eda innovadora. Alcanza el \u00e9xito acad\u00e9mico y explora el impacto social y la diversidad en un entorno de aprendizaje moderno. Ad\u00e1ptate con inteligencia artificial y pr\u00e1cticas profesionales para un crecimiento integral.","publisher":{"@id":"https:\/\/uniguajira.edu.co\/#organization"},"alternateName":"Universidad de La Guajira","potentialAction":[{"@type":"SearchAction","target":{"@type":"EntryPoint","urlTemplate":"https:\/\/uniguajira.edu.co\/?s={search_term_string}"},"query-input":{"@type":"PropertyValueSpecification","valueRequired":true,"valueName":"search_term_string"}}],"inLanguage":"wa-WA"},{"@type":"Organization","@id":"https:\/\/uniguajira.edu.co\/#organization","name":"Shikii Ekirajia P\u00fclee Wajiira","alternateName":"UNIGUAJIRA","url":"https:\/\/uniguajira.edu.co\/","logo":{"@type":"ImageObject","inLanguage":"wa-WA","@id":"https:\/\/uniguajira.edu.co\/#\/schema\/logo\/image\/","url":"https:\/\/uniguajira.edu.co\/wp-content\/uploads\/2026\/01\/cropped-cropped-LOGOS-PAGINA-WEB-04-1.webp","contentUrl":"https:\/\/uniguajira.edu.co\/wp-content\/uploads\/2026\/01\/cropped-cropped-LOGOS-PAGINA-WEB-04-1.webp","width":360,"height":72,"caption":"Universidad de La Guajira"},"image":{"@id":"https:\/\/uniguajira.edu.co\/#\/schema\/logo\/image\/"},"sameAs":["https:\/\/www.facebook.com\/UniLaGuajira\/","https:\/\/x.com\/UniLaGuajira","https:\/\/www.instagram.com\/uniguajira_\/","https:\/\/www.youtube.com\/user\/UniLaGuajira"]}]}},"_hostinger_reach_plugin_has_subscription_block":false,"_hostinger_reach_plugin_is_elementor":false,"_links":{"self":[{"href":"https:\/\/uniguajira.edu.co\/wa\/wp-json\/wp\/v2\/pages\/54661","targetHints":{"allow":["GET"]}}],"collection":[{"href":"https:\/\/uniguajira.edu.co\/wa\/wp-json\/wp\/v2\/pages"}],"about":[{"href":"https:\/\/uniguajira.edu.co\/wa\/wp-json\/wp\/v2\/types\/page"}],"author":[{"embeddable":true,"href":"https:\/\/uniguajira.edu.co\/wa\/wp-json\/wp\/v2\/users\/3"}],"replies":[{"embeddable":true,"href":"https:\/\/uniguajira.edu.co\/wa\/wp-json\/wp\/v2\/comments?post=54661"}],"version-history":[{"count":0,"href":"https:\/\/uniguajira.edu.co\/wa\/wp-json\/wp\/v2\/pages\/54661\/revisions"}],"up":[{"embeddable":true,"href":"https:\/\/uniguajira.edu.co\/wa\/wp-json\/wp\/v2\/pages\/31852"}],"wp:attachment":[{"href":"https:\/\/uniguajira.edu.co\/wa\/wp-json\/wp\/v2\/media?parent=54661"}],"curies":[{"name":"wp","href":"https:\/\/api.w.org\/{rel}","templated":true}]}}