{"id":51695,"date":"2024-06-11T10:42:22","date_gmt":"2024-06-11T15:42:22","guid":{"rendered":"https:\/\/uniguajira.edu.co\/?page_id=51695"},"modified":"2025-10-02T17:26:36","modified_gmt":"2025-10-02T22:26:36","slug":"publicacion-de-la-informacion-contractual","status":"publish","type":"page","link":"https:\/\/uniguajira.edu.co\/wa\/universidad-de-la-guajira\/asakajaa\/publicacion-de-la-informacion-contractual\/","title":{"rendered":"Publicaci\u00f3n de la Informaci\u00f3n Contractual"},"content":{"rendered":"<div class=\"gb-container gb-container-d796b7e0\">\n<div class=\"gb-container gb-container-4d72301d\">\n<div class=\"gb-container gb-container-570b9a30\">\n<div class=\"gb-container gb-container-1db11728\">\n\n<p class=\"gb-headline gb-headline-adab62e1 gb-headline-text\">En esta secci\u00f3n encontrar\u00e1s las publicaciones de la informaci\u00f3n contractual La Universidad de La Guajira conforme lo disponen la Ley 1150 del 2007, y el Decreto \u00danico Reglamentario 1082 del 2015, en la plataformas de SECOP I y SECOP II, seg\u00fan aplique.<\/p>\n\n\n<div class=\"gb-container gb-container-bd75c527\">\n<div class=\"gb-container gb-container-1befe25e\">\n<div class=\"gb-grid-wrapper gb-grid-wrapper-f6b62ef9\">\n<div class=\"gb-grid-column gb-grid-column-2025880a\"><div class=\"gb-container gb-container-2025880a\">\n\n<div id=\"section-g5cdc7b\" class=\"wp-block-gutentor-e6 section-g5cdc7b gutentor-element gutentor-element-image\"><div class=\"gutentor-element-image-box\"><a class=\"gutentor-element-image-link\" href=\"https:\/\/www.contratos.gov.co\/consultas\/inicioConsulta.do\" target=\"_blank\" rel=\" noopener noreferrer\"><div class=\"gutentor-image-thumb\"><img decoding=\"async\" class=\"normal-image\" src=\"https:\/\/uniguajira.edu.co\/wp-content\/uploads\/2024\/06\/secopi.webp\" alt=\"secopi\" \/><\/div><\/a><\/div><\/div>\n\n<\/div><\/div>\n\n<div class=\"gb-grid-column gb-grid-column-3166c6c0\"><div class=\"gb-container gb-container-3166c6c0\">\n\n<div id=\"section-g8eb60d\" class=\"wp-block-gutentor-e6 section-g8eb60d gutentor-element gutentor-element-image\"><div class=\"gutentor-element-image-box\"><a class=\"gutentor-element-image-link\" href=\"https:\/\/community.secop.gov.co\/Public\/Tendering\/ContractNoticeManagement\/Index?currentLanguage=es-CO&amp;Page=login&amp;Country=CO&amp;SkinName=CCE\" target=\"_blank\" rel=\" noopener noreferrer\"><div class=\"gutentor-image-thumb\"><img decoding=\"async\" class=\"normal-image\" src=\"https:\/\/uniguajira.edu.co\/wp-content\/uploads\/2024\/06\/secopii.webp\" alt=\"secopii\" \/><\/div><\/a><\/div><\/div>\n\n<\/div><\/div>\n<\/div>\n<\/div>\n<\/div>\n<\/div>\n<\/div>\n<\/div>\n<\/div>","protected":false},"excerpt":{"rendered":"<p>En esta secci\u00f3n encontrar\u00e1s las publicaciones de la informaci\u00f3n contractual La Universidad de La Guajira conforme lo disponen la Ley 1150 del 2007, &#8230; <a title=\"Publicaci\u00f3n de la Informaci\u00f3n Contractual\" class=\"read-more\" href=\"https:\/\/uniguajira.edu.co\/wa\/universidad-de-la-guajira\/asakajaa\/publicacion-de-la-informacion-contractual\/\" aria-label=\"Read more about Publicaci\u00f3n de la Informaci\u00f3n Contractual\">.<\/a><\/p>","protected":false},"author":3,"featured_media":0,"parent":31495,"menu_order":0,"comment_status":"closed","ping_status":"closed","template":"","meta":{"footnotes":""},"class_list":{"0":"post-51695","1":"page","2":"type-page","3":"status-publish","5":"infinite-scroll-item"},"yoast_head":"<!-- This site is optimized with the Yoast SEO Premium plugin v27.0 (Yoast SEO v27.0) - https:\/\/yoast.com\/product\/yoast-seo-premium-wordpress\/ -->\n<title>Publicaci\u00f3n de la Informaci\u00f3n Contractual<\/title>\n<meta name=\"robots\" content=\"index, follow, max-snippet:-1, max-image-preview:large, max-video-preview:-1\" \/>\n<link rel=\"canonical\" href=\"https:\/\/uniguajira.edu.co\/wa\/universidad-de-la-guajira\/asakajaa\/publicacion-de-la-informacion-contractual\/\" \/>\n<meta property=\"og:locale\" content=\"en_US\" \/>\n<meta property=\"og:type\" content=\"article\" \/>\n<meta property=\"og:title\" content=\"Publicaci\u00f3n de la Informaci\u00f3n Contractual\" \/>\n<meta property=\"og:description\" content=\"En esta secci\u00f3n encontrar\u00e1s las publicaciones de la informaci\u00f3n contractual La Universidad de La Guajira conforme lo disponen la Ley 1150 del 2007, ... .\" \/>\n<meta property=\"og:url\" content=\"https:\/\/uniguajira.edu.co\/wa\/universidad-de-la-guajira\/asakajaa\/publicacion-de-la-informacion-contractual\/\" \/>\n<meta property=\"og:site_name\" content=\"Universidad de La Guajira\" \/>\n<meta property=\"article:publisher\" content=\"https:\/\/www.facebook.com\/UniLaGuajira\/\" \/>\n<meta property=\"article:modified_time\" content=\"2025-10-02T22:26:36+00:00\" \/>\n<meta property=\"og:image\" content=\"https:\/\/uniguajira.edu.co\/wp-content\/uploads\/2024\/06\/secopi.webp\" \/>\n<meta name=\"twitter:card\" content=\"summary_large_image\" \/>\n<meta name=\"twitter:site\" content=\"@UniLaGuajira\" \/>\n<meta name=\"twitter:label1\" content=\"Est. reading time\" \/>\n\t<meta name=\"twitter:data1\" content=\"1 minute\" \/>\n<script type=\"application\/ld+json\" class=\"yoast-schema-graph\">{\"@context\":\"https:\/\/schema.org\",\"@graph\":[{\"@type\":\"WebPage\",\"@id\":\"https:\/\/uniguajira.edu.co\/wa\/universidad-de-la-guajira\/asakajaa\/publicacion-de-la-informacion-contractual\/\",\"url\":\"https:\/\/uniguajira.edu.co\/wa\/universidad-de-la-guajira\/asakajaa\/publicacion-de-la-informacion-contractual\/\",\"name\":\"Publicaci\u00f3n de la Informaci\u00f3n Contractual\",\"isPartOf\":{\"@id\":\"https:\/\/uniguajira.edu.co\/#website\"},\"primaryImageOfPage\":{\"@id\":\"https:\/\/uniguajira.edu.co\/wa\/universidad-de-la-guajira\/asakajaa\/publicacion-de-la-informacion-contractual\/#primaryimage\"},\"image\":{\"@id\":\"https:\/\/uniguajira.edu.co\/wa\/universidad-de-la-guajira\/asakajaa\/publicacion-de-la-informacion-contractual\/#primaryimage\"},\"thumbnailUrl\":\"https:\/\/uniguajira.edu.co\/wp-content\/uploads\/2024\/06\/secopi.webp\",\"datePublished\":\"2024-06-11T15:42:22+00:00\",\"dateModified\":\"2025-10-02T22:26:36+00:00\",\"breadcrumb\":{\"@id\":\"https:\/\/uniguajira.edu.co\/wa\/universidad-de-la-guajira\/asakajaa\/publicacion-de-la-informacion-contractual\/#breadcrumb\"},\"inLanguage\":\"wa-WA\",\"potentialAction\":[{\"@type\":\"ReadAction\",\"target\":[\"https:\/\/uniguajira.edu.co\/wa\/universidad-de-la-guajira\/asakajaa\/publicacion-de-la-informacion-contractual\/\"]}]},{\"@type\":\"ImageObject\",\"inLanguage\":\"wa-WA\",\"@id\":\"https:\/\/uniguajira.edu.co\/wa\/universidad-de-la-guajira\/asakajaa\/publicacion-de-la-informacion-contractual\/#primaryimage\",\"url\":\"https:\/\/uniguajira.edu.co\/wp-content\/uploads\/2024\/06\/secopi.webp\",\"contentUrl\":\"https:\/\/uniguajira.edu.co\/wp-content\/uploads\/2024\/06\/secopi.webp\"},{\"@type\":\"BreadcrumbList\",\"@id\":\"https:\/\/uniguajira.edu.co\/wa\/universidad-de-la-guajira\/asakajaa\/publicacion-de-la-informacion-contractual\/#breadcrumb\",\"itemListElement\":[{\"@type\":\"ListItem\",\"position\":1,\"name\":\"\u2302 Uniguajira\",\"item\":\"https:\/\/uniguajira.edu.co\/\"},{\"@type\":\"ListItem\",\"position\":2,\"name\":\"Uniguajira\",\"item\":\"https:\/\/uniguajira.edu.co\/\"},{\"@type\":\"ListItem\",\"position\":3,\"name\":\"Contrataci\u00f3n\",\"item\":\"https:\/\/uniguajira.edu.co\/universidad-de-la-guajira\/contratacion\/\"},{\"@type\":\"ListItem\",\"position\":4,\"name\":\"Publicaci\u00f3n de la Informaci\u00f3n Contractual\"}]},{\"@type\":\"WebSite\",\"@id\":\"https:\/\/uniguajira.edu.co\/#website\",\"url\":\"https:\/\/uniguajira.edu.co\/\",\"name\":\"UNIGUAJIRA\",\"description\":\"Descubre la educaci\u00f3n superior con oportunidades laborales, retos estudiantiles y tecnolog\u00eda innovadora. Alcanza el \u00e9xito acad\u00e9mico y explora el impacto social y la diversidad en un entorno de aprendizaje moderno. Ad\u00e1ptate con inteligencia artificial y pr\u00e1cticas profesionales para un crecimiento integral.\",\"publisher\":{\"@id\":\"https:\/\/uniguajira.edu.co\/#organization\"},\"alternateName\":\"Universidad de La Guajira\",\"potentialAction\":[{\"@type\":\"SearchAction\",\"target\":{\"@type\":\"EntryPoint\",\"urlTemplate\":\"https:\/\/uniguajira.edu.co\/?s={search_term_string}\"},\"query-input\":{\"@type\":\"PropertyValueSpecification\",\"valueRequired\":true,\"valueName\":\"search_term_string\"}}],\"inLanguage\":\"wa-WA\"},{\"@type\":\"Organization\",\"@id\":\"https:\/\/uniguajira.edu.co\/#organization\",\"name\":\"Universidad de La Guajira\",\"alternateName\":\"UNIGUAJIRA\",\"url\":\"https:\/\/uniguajira.edu.co\/\",\"logo\":{\"@type\":\"ImageObject\",\"inLanguage\":\"wa-WA\",\"@id\":\"https:\/\/uniguajira.edu.co\/#\/schema\/logo\/image\/\",\"url\":\"https:\/\/uniguajira.edu.co\/wp-content\/uploads\/2026\/01\/cropped-cropped-LOGOS-PAGINA-WEB-04-1.webp\",\"contentUrl\":\"https:\/\/uniguajira.edu.co\/wp-content\/uploads\/2026\/01\/cropped-cropped-LOGOS-PAGINA-WEB-04-1.webp\",\"width\":360,\"height\":72,\"caption\":\"Universidad de La Guajira\"},\"image\":{\"@id\":\"https:\/\/uniguajira.edu.co\/#\/schema\/logo\/image\/\"},\"sameAs\":[\"https:\/\/www.facebook.com\/UniLaGuajira\/\",\"https:\/\/x.com\/UniLaGuajira\",\"https:\/\/www.instagram.com\/uniguajira_\/\",\"https:\/\/www.youtube.com\/user\/UniLaGuajira\"]}]}<\/script>\n<!-- \/ Yoast SEO Premium plugin. -->","yoast_head_json":{"title":"Publicaci\u00f3n de la Informaci\u00f3n Contractual","robots":{"index":"index","follow":"follow","max-snippet":"max-snippet:-1","max-image-preview":"max-image-preview:large","max-video-preview":"max-video-preview:-1"},"canonical":"https:\/\/uniguajira.edu.co\/wa\/universidad-de-la-guajira\/asakajaa\/publicacion-de-la-informacion-contractual\/","og_locale":"en_US","og_type":"article","og_title":"Publicaci\u00f3n de la Informaci\u00f3n Contractual","og_description":"En esta secci\u00f3n encontrar\u00e1s las publicaciones de la informaci\u00f3n contractual La Universidad de La Guajira conforme lo disponen la Ley 1150 del 2007, ... .","og_url":"https:\/\/uniguajira.edu.co\/wa\/universidad-de-la-guajira\/asakajaa\/publicacion-de-la-informacion-contractual\/","og_site_name":"Universidad de La Guajira","article_publisher":"https:\/\/www.facebook.com\/UniLaGuajira\/","article_modified_time":"2025-10-02T22:26:36+00:00","og_image":[{"url":"https:\/\/uniguajira.edu.co\/wp-content\/uploads\/2024\/06\/secopi.webp","type":"","width":"","height":""}],"twitter_card":"summary_large_image","twitter_site":"@UniLaGuajira","twitter_misc":{"Est. reading time":"1 minute"},"schema":{"@context":"https:\/\/schema.org","@graph":[{"@type":"WebPage","@id":"https:\/\/uniguajira.edu.co\/wa\/universidad-de-la-guajira\/asakajaa\/publicacion-de-la-informacion-contractual\/","url":"https:\/\/uniguajira.edu.co\/wa\/universidad-de-la-guajira\/asakajaa\/publicacion-de-la-informacion-contractual\/","name":"Publicaci\u00f3n de la Informaci\u00f3n Contractual","isPartOf":{"@id":"https:\/\/uniguajira.edu.co\/#website"},"primaryImageOfPage":{"@id":"https:\/\/uniguajira.edu.co\/wa\/universidad-de-la-guajira\/asakajaa\/publicacion-de-la-informacion-contractual\/#primaryimage"},"image":{"@id":"https:\/\/uniguajira.edu.co\/wa\/universidad-de-la-guajira\/asakajaa\/publicacion-de-la-informacion-contractual\/#primaryimage"},"thumbnailUrl":"https:\/\/uniguajira.edu.co\/wp-content\/uploads\/2024\/06\/secopi.webp","datePublished":"2024-06-11T15:42:22+00:00","dateModified":"2025-10-02T22:26:36+00:00","breadcrumb":{"@id":"https:\/\/uniguajira.edu.co\/wa\/universidad-de-la-guajira\/asakajaa\/publicacion-de-la-informacion-contractual\/#breadcrumb"},"inLanguage":"wa-WA","potentialAction":[{"@type":"ReadAction","target":["https:\/\/uniguajira.edu.co\/wa\/universidad-de-la-guajira\/asakajaa\/publicacion-de-la-informacion-contractual\/"]}]},{"@type":"ImageObject","inLanguage":"wa-WA","@id":"https:\/\/uniguajira.edu.co\/wa\/universidad-de-la-guajira\/asakajaa\/publicacion-de-la-informacion-contractual\/#primaryimage","url":"https:\/\/uniguajira.edu.co\/wp-content\/uploads\/2024\/06\/secopi.webp","contentUrl":"https:\/\/uniguajira.edu.co\/wp-content\/uploads\/2024\/06\/secopi.webp"},{"@type":"BreadcrumbList","@id":"https:\/\/uniguajira.edu.co\/wa\/universidad-de-la-guajira\/asakajaa\/publicacion-de-la-informacion-contractual\/#breadcrumb","itemListElement":[{"@type":"ListItem","position":1,"name":"\u2302 Uniguajira","item":"https:\/\/uniguajira.edu.co\/"},{"@type":"ListItem","position":2,"name":"Uniguajira","item":"https:\/\/uniguajira.edu.co\/"},{"@type":"ListItem","position":3,"name":"Contrataci\u00f3n","item":"https:\/\/uniguajira.edu.co\/universidad-de-la-guajira\/contratacion\/"},{"@type":"ListItem","position":4,"name":"Publicaci\u00f3n de la Informaci\u00f3n Contractual"}]},{"@type":"WebSite","@id":"https:\/\/uniguajira.edu.co\/#website","url":"https:\/\/uniguajira.edu.co\/","name":"UNIGUAJIRA","description":"Descubre la educaci\u00f3n superior con oportunidades laborales, retos estudiantiles y tecnolog\u00eda innovadora. Alcanza el \u00e9xito acad\u00e9mico y explora el impacto social y la diversidad en un entorno de aprendizaje moderno. Ad\u00e1ptate con inteligencia artificial y pr\u00e1cticas profesionales para un crecimiento integral.","publisher":{"@id":"https:\/\/uniguajira.edu.co\/#organization"},"alternateName":"Universidad de La Guajira","potentialAction":[{"@type":"SearchAction","target":{"@type":"EntryPoint","urlTemplate":"https:\/\/uniguajira.edu.co\/?s={search_term_string}"},"query-input":{"@type":"PropertyValueSpecification","valueRequired":true,"valueName":"search_term_string"}}],"inLanguage":"wa-WA"},{"@type":"Organization","@id":"https:\/\/uniguajira.edu.co\/#organization","name":"Shikii Ekirajia P\u00fclee Wajiira","alternateName":"UNIGUAJIRA","url":"https:\/\/uniguajira.edu.co\/","logo":{"@type":"ImageObject","inLanguage":"wa-WA","@id":"https:\/\/uniguajira.edu.co\/#\/schema\/logo\/image\/","url":"https:\/\/uniguajira.edu.co\/wp-content\/uploads\/2026\/01\/cropped-cropped-LOGOS-PAGINA-WEB-04-1.webp","contentUrl":"https:\/\/uniguajira.edu.co\/wp-content\/uploads\/2026\/01\/cropped-cropped-LOGOS-PAGINA-WEB-04-1.webp","width":360,"height":72,"caption":"Universidad de La Guajira"},"image":{"@id":"https:\/\/uniguajira.edu.co\/#\/schema\/logo\/image\/"},"sameAs":["https:\/\/www.facebook.com\/UniLaGuajira\/","https:\/\/x.com\/UniLaGuajira","https:\/\/www.instagram.com\/uniguajira_\/","https:\/\/www.youtube.com\/user\/UniLaGuajira"]}]}},"_hostinger_reach_plugin_has_subscription_block":false,"_hostinger_reach_plugin_is_elementor":false,"_links":{"self":[{"href":"https:\/\/uniguajira.edu.co\/wa\/wp-json\/wp\/v2\/pages\/51695","targetHints":{"allow":["GET"]}}],"collection":[{"href":"https:\/\/uniguajira.edu.co\/wa\/wp-json\/wp\/v2\/pages"}],"about":[{"href":"https:\/\/uniguajira.edu.co\/wa\/wp-json\/wp\/v2\/types\/page"}],"author":[{"embeddable":true,"href":"https:\/\/uniguajira.edu.co\/wa\/wp-json\/wp\/v2\/users\/3"}],"replies":[{"embeddable":true,"href":"https:\/\/uniguajira.edu.co\/wa\/wp-json\/wp\/v2\/comments?post=51695"}],"version-history":[{"count":0,"href":"https:\/\/uniguajira.edu.co\/wa\/wp-json\/wp\/v2\/pages\/51695\/revisions"}],"up":[{"embeddable":true,"href":"https:\/\/uniguajira.edu.co\/wa\/wp-json\/wp\/v2\/pages\/31495"}],"wp:attachment":[{"href":"https:\/\/uniguajira.edu.co\/wa\/wp-json\/wp\/v2\/media?parent=51695"}],"curies":[{"name":"wp","href":"https:\/\/api.w.org\/{rel}","templated":true}]}}