{"id":51653,"date":"2024-06-11T09:58:36","date_gmt":"2024-06-11T14:58:36","guid":{"rendered":"https:\/\/uniguajira.edu.co\/?page_id=51653"},"modified":"2025-08-22T11:37:46","modified_gmt":"2025-08-22T16:37:46","slug":"plan-anual-de-adquisiciones-publicado-en-secop-ii","status":"publish","type":"page","link":"https:\/\/uniguajira.edu.co\/wa\/universidad-de-la-guajira\/asakajaa\/plan-anual-de-adquisiciones-paa\/plan-anual-de-adquisiciones-publicado-en-secop-ii\/","title":{"rendered":"Plan Anual de Adquisiciones publicado en Secop II"},"content":{"rendered":"<div class=\"gb-container gb-container-d796b7e0\">\n<div class=\"gb-container gb-container-4d72301d\">\n<div class=\"gb-container gb-container-570b9a30\">\n<div class=\"gb-container gb-container-1db11728\">\n\n<p class=\"gb-headline gb-headline-adab62e1 gb-headline-text\">En esta secci\u00f3n encontrar\u00e1s el plan Anual de Adquisiciones de La Universidad de La Guajira junto con las modificaciones que se le realizan, publicado en la plataforma SECOP II, por cada una de las vigencias.<\/p>\n\n\n<div class=\"gb-container gb-container-bd75c527\">\n<div class=\"gb-container gb-container-57433af0\">\n<div class=\"gb-grid-wrapper gb-grid-wrapper-f6b62ef9\">\n<div class=\"gb-grid-column gb-grid-column-2025880a\"><div class=\"gb-container gb-container-2025880a\">\n\n<div id=\"section-g7138f6\" class=\"wp-block-gutentor-e6 section-g7138f6 gutentor-element gutentor-element-image\"><div class=\"gutentor-element-image-box\"><a class=\"gutentor-element-image-link\" href=\"https:\/\/community.secop.gov.co\/Public\/App\/AnnualPurchasingPlanEditPublic\/View?id=413761\" target=\"_blank\" rel=\" noopener noreferrer\"><div class=\"gutentor-image-thumb\"><img decoding=\"async\" class=\"normal-image\" src=\"https:\/\/uniguajira.edu.co\/wp-content\/uploads\/2024\/06\/2.colombia-compra-eficiente.webp\" alt=\"2.colombia compra eficiente\" \/><\/div><\/a><\/div><\/div>\n\n\n<div class=\"gb-container gb-container-c838accb\">\n\n<a class=\"gb-button gb-button-aa4f0539\" href=\"https:\/\/community.secop.gov.co\/STS\/Users\/Login\/Index?SkinName=CCE&amp;ReturnUrl=%2fSTS%2fusers%2fissue.aspx%3fwa%3dwsignin1.0%26wtrealm%3dhttps%253a%252f%252fwww.secop.gov.co%252fCO1BusinessLine%26wctx%3drm%253d0%2526id%253dpassive%2526ru%253d%25252fCO1BusinessLine%25252fApp%25252fAnnualPurchasingPlanEdit%25252fView%25253fId%25253d625956%26wct%3d2025-08-22T16%253a37%253a05Z&amp;wa=wsignin1.0&amp;wtrealm=https%3a%2f%2fwww.secop.gov.co%2fCO1BusinessLine&amp;wctx=rm%3d0%26id%3dpassive%26ru%3d%252fCO1BusinessLine%252fApp%252fAnnualPurchasingPlanEdit%252fView%253fId%253d625956&amp;wct=2025-08-22T16%3a37%3a05Z\" target=\"_blank\" rel=\"noopener noreferrer\" aria-label=\"Inscr\u00edbete aqu\u00ed para el Diplomado\"><span class=\"gb-icon\"><svg fill=\"#e8eaed\" width=\"24px\" viewbox=\"0 -960 960 960\" height=\"24px\" xmlns=\"http:\/\/www.w3.org\/2000\/svg\"><path d=\"M40-480v-80h80v80H40Zm800 0v-80h80v80h-80ZM40-640v-80h80v80H40Zm800 0v-80h80v80h-80ZM40-800v-80h80v80H40Zm160 320v-80h80v80h-80Zm480 0v-80h80v80h-80Zm160-320v-80h80v80h-80Zm-640 0v-80h80v80h-80Zm160 0v-80h80v80h-80Zm160 0v-80h80v80h-80Zm160 0v-80h80v80h-80ZM473-40q-24 0-46-9t-39-26L184-280l33-34q14-14 34-19t40 0l69 20v-327q0-17 11.5-28.5T400-680q17 0 28.5 11.5T440-640v433l-98-28 103 103q6 6 13 9t15 3h167q33 0 56.5-23.5T720-200v-160q0-17 11.5-28.5T760-400q17 0 28.5 11.5T800-360v160q0 66-47 113T640-40H473Zm7-280v-160q0-17 11.5-28.5T520-520q17 0 28.5 11.5T560-480v160h-80Zm120 0v-120q0-17 11.5-28.5T640-480q17 0 28.5 11.5T680-440v120h-80Zm40 200H445h195Z\"><\/path><\/svg><\/span><span class=\"gb-button-text\">2025<\/span><\/a>\n\n<\/div>\n<\/div><\/div>\n\n<div class=\"gb-grid-column gb-grid-column-e7d540d0\"><div class=\"gb-container gb-container-e7d540d0\">\n\n<div id=\"section-g-lal18a1\" class=\"wp-block-gutentor-e6 section-g-lal18a1 gutentor-element gutentor-element-image\"><div class=\"gutentor-element-image-box\"><a class=\"gutentor-element-image-link\" href=\"https:\/\/community.secop.gov.co\/Public\/App\/AnnualPurchasingPlanEditPublic\/View?id=413761\" target=\"_blank\" rel=\" noopener noreferrer\"><div class=\"gutentor-image-thumb\"><img decoding=\"async\" class=\"normal-image\" src=\"https:\/\/uniguajira.edu.co\/wp-content\/uploads\/2024\/06\/2.colombia-compra-eficiente.webp\" alt=\"2.colombia compra eficiente\" \/><\/div><\/a><\/div><\/div>\n\n\n<div class=\"gb-container gb-container-21e23e9a\">\n\n<a class=\"gb-button gb-button-341a5ea6\" href=\"https:\/\/community.secop.gov.co\/Public\/App\/AnnualPurchasingPlanEditPublic\/View?id=413761\" target=\"_blank\" rel=\"noopener noreferrer\" aria-label=\"Inscr\u00edbete aqu\u00ed para el Diplomado\"><span class=\"gb-icon\"><svg fill=\"#e8eaed\" width=\"24px\" viewbox=\"0 -960 960 960\" height=\"24px\" xmlns=\"http:\/\/www.w3.org\/2000\/svg\"><path d=\"M40-480v-80h80v80H40Zm800 0v-80h80v80h-80ZM40-640v-80h80v80H40Zm800 0v-80h80v80h-80ZM40-800v-80h80v80H40Zm160 320v-80h80v80h-80Zm480 0v-80h80v80h-80Zm160-320v-80h80v80h-80Zm-640 0v-80h80v80h-80Zm160 0v-80h80v80h-80Zm160 0v-80h80v80h-80Zm160 0v-80h80v80h-80ZM473-40q-24 0-46-9t-39-26L184-280l33-34q14-14 34-19t40 0l69 20v-327q0-17 11.5-28.5T400-680q17 0 28.5 11.5T440-640v433l-98-28 103 103q6 6 13 9t15 3h167q33 0 56.5-23.5T720-200v-160q0-17 11.5-28.5T760-400q17 0 28.5 11.5T800-360v160q0 66-47 113T640-40H473Zm7-280v-160q0-17 11.5-28.5T520-520q17 0 28.5 11.5T560-480v160h-80Zm120 0v-120q0-17 11.5-28.5T640-480q17 0 28.5 11.5T680-440v120h-80Zm40 200H445h195Z\"><\/path><\/svg><\/span><span class=\"gb-button-text\">2024<\/span><\/a>\n\n<\/div>\n<\/div><\/div>\n\n<div class=\"gb-grid-column gb-grid-column-3166c6c0\"><div class=\"gb-container gb-container-3166c6c0\">\n\n<div id=\"section-gf1dd8c\" class=\"wp-block-gutentor-e6 section-gf1dd8c gutentor-element gutentor-element-image\"><div class=\"gutentor-element-image-box\"><a class=\"gutentor-element-image-link\" href=\"https:\/\/community.secop.gov.co\/Public\/App\/AnnualPurchasingPlanEditPublic\/View?id=340308\" target=\"_blank\" rel=\" noopener noreferrer\"><div class=\"gutentor-image-thumb\"><img decoding=\"async\" class=\"normal-image\" src=\"https:\/\/uniguajira.edu.co\/wp-content\/uploads\/2024\/06\/2.colombia-compra-eficiente.webp\" alt=\"2.colombia compra eficiente\" \/><\/div><\/a><\/div><\/div>\n\n\n<div class=\"gb-container gb-container-33f0f4b5\">\n\n<a class=\"gb-button gb-button-ac7288f5\" href=\"https:\/\/community.secop.gov.co\/Public\/App\/AnnualPurchasingPlanEditPublic\/View?id=340308\" target=\"_blank\" rel=\"noopener noreferrer\" aria-label=\"Inscr\u00edbete aqu\u00ed para el Diplomado\"><span class=\"gb-icon\"><svg fill=\"#e8eaed\" width=\"24px\" viewbox=\"0 -960 960 960\" height=\"24px\" xmlns=\"http:\/\/www.w3.org\/2000\/svg\"><path d=\"M40-480v-80h80v80H40Zm800 0v-80h80v80h-80ZM40-640v-80h80v80H40Zm800 0v-80h80v80h-80ZM40-800v-80h80v80H40Zm160 320v-80h80v80h-80Zm480 0v-80h80v80h-80Zm160-320v-80h80v80h-80Zm-640 0v-80h80v80h-80Zm160 0v-80h80v80h-80Zm160 0v-80h80v80h-80Zm160 0v-80h80v80h-80ZM473-40q-24 0-46-9t-39-26L184-280l33-34q14-14 34-19t40 0l69 20v-327q0-17 11.5-28.5T400-680q17 0 28.5 11.5T440-640v433l-98-28 103 103q6 6 13 9t15 3h167q33 0 56.5-23.5T720-200v-160q0-17 11.5-28.5T760-400q17 0 28.5 11.5T800-360v160q0 66-47 113T640-40H473Zm7-280v-160q0-17 11.5-28.5T520-520q17 0 28.5 11.5T560-480v160h-80Zm120 0v-120q0-17 11.5-28.5T640-480q17 0 28.5 11.5T680-440v120h-80Zm40 200H445h195Z\"><\/path><\/svg><\/span><span class=\"gb-button-text\">2023<\/span><\/a>\n\n<\/div>\n<\/div><\/div>\n\n<div class=\"gb-grid-column gb-grid-column-0bcf0ec1\"><div class=\"gb-container gb-container-0bcf0ec1\">\n\n<div id=\"section-g3b920c\" class=\"wp-block-gutentor-e6 section-g3b920c gutentor-element gutentor-element-image\"><div class=\"gutentor-element-image-box\"><a class=\"gutentor-element-image-link\" href=\"https:\/\/community.secop.gov.co\/Public\/App\/AnnualPurchasingPlanEditPublic\/View?id=218459\" target=\"_blank\" rel=\" noopener noreferrer\"><div class=\"gutentor-image-thumb\"><img decoding=\"async\" class=\"normal-image\" src=\"https:\/\/uniguajira.edu.co\/wp-content\/uploads\/2024\/06\/2.colombia-compra-eficiente.webp\" alt=\"2.colombia compra eficiente\" \/><\/div><\/a><\/div><\/div>\n\n\n<div class=\"gb-container gb-container-e673e5a9\">\n\n<a class=\"gb-button gb-button-95aa1239\" href=\"https:\/\/community.secop.gov.co\/Public\/App\/AnnualPurchasingPlanEditPublic\/View?id=218459\" target=\"_blank\" rel=\"noopener noreferrer\" aria-label=\"Inscr\u00edbete aqu\u00ed para el Diplomado\"><span class=\"gb-icon\"><svg fill=\"#e8eaed\" width=\"24px\" viewbox=\"0 -960 960 960\" height=\"24px\" xmlns=\"http:\/\/www.w3.org\/2000\/svg\"><path d=\"M40-480v-80h80v80H40Zm800 0v-80h80v80h-80ZM40-640v-80h80v80H40Zm800 0v-80h80v80h-80ZM40-800v-80h80v80H40Zm160 320v-80h80v80h-80Zm480 0v-80h80v80h-80Zm160-320v-80h80v80h-80Zm-640 0v-80h80v80h-80Zm160 0v-80h80v80h-80Zm160 0v-80h80v80h-80Zm160 0v-80h80v80h-80ZM473-40q-24 0-46-9t-39-26L184-280l33-34q14-14 34-19t40 0l69 20v-327q0-17 11.5-28.5T400-680q17 0 28.5 11.5T440-640v433l-98-28 103 103q6 6 13 9t15 3h167q33 0 56.5-23.5T720-200v-160q0-17 11.5-28.5T760-400q17 0 28.5 11.5T800-360v160q0 66-47 113T640-40H473Zm7-280v-160q0-17 11.5-28.5T520-520q17 0 28.5 11.5T560-480v160h-80Zm120 0v-120q0-17 11.5-28.5T640-480q17 0 28.5 11.5T680-440v120h-80Zm40 200H445h195Z\"><\/path><\/svg><\/span><span class=\"gb-button-text\">2022<\/span><\/a>\n\n<\/div>\n<\/div><\/div>\n<\/div>\n<\/div>\n<\/div>\n<\/div>\n<\/div>\n<\/div>\n<\/div>","protected":false},"excerpt":{"rendered":"<p>En esta secci\u00f3n encontrar\u00e1s el plan Anual de Adquisiciones de La Universidad de La Guajira junto con las modificaciones que se le realizan, &#8230; <a title=\"Plan Anual de Adquisiciones publicado en Secop II\" class=\"read-more\" href=\"https:\/\/uniguajira.edu.co\/wa\/universidad-de-la-guajira\/asakajaa\/plan-anual-de-adquisiciones-paa\/plan-anual-de-adquisiciones-publicado-en-secop-ii\/\" aria-label=\"Read more about Plan Anual de Adquisiciones publicado en Secop II\">.<\/a><\/p>","protected":false},"author":3,"featured_media":49176,"parent":50694,"menu_order":0,"comment_status":"closed","ping_status":"closed","template":"","meta":{"footnotes":""},"class_list":{"0":"post-51653","1":"page","2":"type-page","3":"status-publish","4":"has-post-thumbnail","6":"infinite-scroll-item"},"yoast_head":"<!-- This site is optimized with the Yoast SEO Premium plugin v27.0 (Yoast SEO v27.0) - https:\/\/yoast.com\/product\/yoast-seo-premium-wordpress\/ -->\n<title>Plan Anual de Adquisiciones publicado en Secop II<\/title>\n<meta name=\"robots\" content=\"index, follow, max-snippet:-1, max-image-preview:large, max-video-preview:-1\" \/>\n<link rel=\"canonical\" href=\"https:\/\/uniguajira.edu.co\/wa\/universidad-de-la-guajira\/asakajaa\/plan-anual-de-adquisiciones-paa\/plan-anual-de-adquisiciones-publicado-en-secop-ii\/\" \/>\n<meta property=\"og:locale\" content=\"en_US\" \/>\n<meta property=\"og:type\" content=\"article\" \/>\n<meta property=\"og:title\" content=\"Plan Anual de Adquisiciones publicado en Secop II\" \/>\n<meta property=\"og:description\" content=\"En esta secci\u00f3n encontrar\u00e1s el plan Anual de Adquisiciones de La Universidad de La Guajira junto con las modificaciones que se le realizan, ... .\" \/>\n<meta property=\"og:url\" content=\"https:\/\/uniguajira.edu.co\/wa\/universidad-de-la-guajira\/asakajaa\/plan-anual-de-adquisiciones-paa\/plan-anual-de-adquisiciones-publicado-en-secop-ii\/\" \/>\n<meta property=\"og:site_name\" content=\"Universidad de La Guajira\" \/>\n<meta property=\"article:publisher\" content=\"https:\/\/www.facebook.com\/UniLaGuajira\/\" \/>\n<meta property=\"article:modified_time\" content=\"2025-08-22T16:37:46+00:00\" \/>\n<meta property=\"og:image\" content=\"https:\/\/uniguajira.edu.co\/wp-content\/uploads\/2024\/05\/Gobierno-de-Colombia-habilita-a-Uniguajira-como-entidad-prestadora-de-servicio-de-extension-agropecuaria.webp\" \/>\n\t<meta property=\"og:image:width\" content=\"1920\" \/>\n\t<meta property=\"og:image:height\" content=\"1080\" \/>\n\t<meta property=\"og:image:type\" content=\"image\/webp\" \/>\n<meta name=\"twitter:card\" content=\"summary_large_image\" \/>\n<meta name=\"twitter:site\" content=\"@UniLaGuajira\" \/>\n<meta name=\"twitter:label1\" content=\"Est. reading time\" \/>\n\t<meta name=\"twitter:data1\" content=\"1 minute\" \/>\n<script type=\"application\/ld+json\" class=\"yoast-schema-graph\">{\"@context\":\"https:\/\/schema.org\",\"@graph\":[{\"@type\":\"WebPage\",\"@id\":\"https:\/\/uniguajira.edu.co\/universidad-de-la-guajira\/contratacion\/plan-anual-de-adquisiciones-paa\/plan-anual-de-adquisiciones-publicado-en-secop-ii\/\",\"url\":\"https:\/\/uniguajira.edu.co\/universidad-de-la-guajira\/contratacion\/plan-anual-de-adquisiciones-paa\/plan-anual-de-adquisiciones-publicado-en-secop-ii\/\",\"name\":\"Plan Anual de Adquisiciones publicado en Secop II\",\"isPartOf\":{\"@id\":\"https:\/\/uniguajira.edu.co\/#website\"},\"primaryImageOfPage\":{\"@id\":\"https:\/\/uniguajira.edu.co\/universidad-de-la-guajira\/contratacion\/plan-anual-de-adquisiciones-paa\/plan-anual-de-adquisiciones-publicado-en-secop-ii\/#primaryimage\"},\"image\":{\"@id\":\"https:\/\/uniguajira.edu.co\/universidad-de-la-guajira\/contratacion\/plan-anual-de-adquisiciones-paa\/plan-anual-de-adquisiciones-publicado-en-secop-ii\/#primaryimage\"},\"thumbnailUrl\":\"https:\/\/uniguajira.edu.co\/wp-content\/uploads\/2024\/05\/Gobierno-de-Colombia-habilita-a-Uniguajira-como-entidad-prestadora-de-servicio-de-extension-agropecuaria.webp\",\"datePublished\":\"2024-06-11T14:58:36+00:00\",\"dateModified\":\"2025-08-22T16:37:46+00:00\",\"breadcrumb\":{\"@id\":\"https:\/\/uniguajira.edu.co\/universidad-de-la-guajira\/contratacion\/plan-anual-de-adquisiciones-paa\/plan-anual-de-adquisiciones-publicado-en-secop-ii\/#breadcrumb\"},\"inLanguage\":\"wa-WA\",\"potentialAction\":[{\"@type\":\"ReadAction\",\"target\":[\"https:\/\/uniguajira.edu.co\/universidad-de-la-guajira\/contratacion\/plan-anual-de-adquisiciones-paa\/plan-anual-de-adquisiciones-publicado-en-secop-ii\/\"]}]},{\"@type\":\"ImageObject\",\"inLanguage\":\"wa-WA\",\"@id\":\"https:\/\/uniguajira.edu.co\/universidad-de-la-guajira\/contratacion\/plan-anual-de-adquisiciones-paa\/plan-anual-de-adquisiciones-publicado-en-secop-ii\/#primaryimage\",\"url\":\"https:\/\/uniguajira.edu.co\/wp-content\/uploads\/2024\/05\/Gobierno-de-Colombia-habilita-a-Uniguajira-como-entidad-prestadora-de-servicio-de-extension-agropecuaria.webp\",\"contentUrl\":\"https:\/\/uniguajira.edu.co\/wp-content\/uploads\/2024\/05\/Gobierno-de-Colombia-habilita-a-Uniguajira-como-entidad-prestadora-de-servicio-de-extension-agropecuaria.webp\",\"width\":1920,\"height\":1080,\"caption\":\"Gobierno de Colombia habilita a Uniguajira como entidad prestadora de servicio de extensi\u00f3n agropecuaria\"},{\"@type\":\"BreadcrumbList\",\"@id\":\"https:\/\/uniguajira.edu.co\/universidad-de-la-guajira\/contratacion\/plan-anual-de-adquisiciones-paa\/plan-anual-de-adquisiciones-publicado-en-secop-ii\/#breadcrumb\",\"itemListElement\":[{\"@type\":\"ListItem\",\"position\":1,\"name\":\"\u2302 Uniguajira\",\"item\":\"https:\/\/uniguajira.edu.co\/\"},{\"@type\":\"ListItem\",\"position\":2,\"name\":\"Uniguajira\",\"item\":\"https:\/\/uniguajira.edu.co\/\"},{\"@type\":\"ListItem\",\"position\":3,\"name\":\"Contrataci\u00f3n\",\"item\":\"https:\/\/uniguajira.edu.co\/universidad-de-la-guajira\/contratacion\/\"},{\"@type\":\"ListItem\",\"position\":4,\"name\":\"PAA\",\"item\":\"https:\/\/uniguajira.edu.co\/universidad-de-la-guajira\/contratacion\/plan-anual-de-adquisiciones-paa\/\"},{\"@type\":\"ListItem\",\"position\":5,\"name\":\"Plan Anual de Adquisiciones publicado en Secop II\"}]},{\"@type\":\"WebSite\",\"@id\":\"https:\/\/uniguajira.edu.co\/#website\",\"url\":\"https:\/\/uniguajira.edu.co\/\",\"name\":\"UNIGUAJIRA\",\"description\":\"Descubre la educaci\u00f3n superior con oportunidades laborales, retos estudiantiles y tecnolog\u00eda innovadora. Alcanza el \u00e9xito acad\u00e9mico y explora el impacto social y la diversidad en un entorno de aprendizaje moderno. Ad\u00e1ptate con inteligencia artificial y pr\u00e1cticas profesionales para un crecimiento integral.\",\"publisher\":{\"@id\":\"https:\/\/uniguajira.edu.co\/#organization\"},\"alternateName\":\"Universidad de La Guajira\",\"potentialAction\":[{\"@type\":\"SearchAction\",\"target\":{\"@type\":\"EntryPoint\",\"urlTemplate\":\"https:\/\/uniguajira.edu.co\/?s={search_term_string}\"},\"query-input\":{\"@type\":\"PropertyValueSpecification\",\"valueRequired\":true,\"valueName\":\"search_term_string\"}}],\"inLanguage\":\"wa-WA\"},{\"@type\":\"Organization\",\"@id\":\"https:\/\/uniguajira.edu.co\/#organization\",\"name\":\"Universidad de La Guajira\",\"alternateName\":\"UNIGUAJIRA\",\"url\":\"https:\/\/uniguajira.edu.co\/\",\"logo\":{\"@type\":\"ImageObject\",\"inLanguage\":\"wa-WA\",\"@id\":\"https:\/\/uniguajira.edu.co\/#\/schema\/logo\/image\/\",\"url\":\"https:\/\/uniguajira.edu.co\/wp-content\/uploads\/2026\/01\/cropped-cropped-LOGOS-PAGINA-WEB-04-1.webp\",\"contentUrl\":\"https:\/\/uniguajira.edu.co\/wp-content\/uploads\/2026\/01\/cropped-cropped-LOGOS-PAGINA-WEB-04-1.webp\",\"width\":360,\"height\":72,\"caption\":\"Universidad de La Guajira\"},\"image\":{\"@id\":\"https:\/\/uniguajira.edu.co\/#\/schema\/logo\/image\/\"},\"sameAs\":[\"https:\/\/www.facebook.com\/UniLaGuajira\/\",\"https:\/\/x.com\/UniLaGuajira\",\"https:\/\/www.instagram.com\/uniguajira_\/\",\"https:\/\/www.youtube.com\/user\/UniLaGuajira\"]}]}<\/script>\n<!-- \/ Yoast SEO Premium plugin. -->","yoast_head_json":{"title":"Plan Anual de Adquisiciones publicado en Secop II","robots":{"index":"index","follow":"follow","max-snippet":"max-snippet:-1","max-image-preview":"max-image-preview:large","max-video-preview":"max-video-preview:-1"},"canonical":"https:\/\/uniguajira.edu.co\/wa\/universidad-de-la-guajira\/asakajaa\/plan-anual-de-adquisiciones-paa\/plan-anual-de-adquisiciones-publicado-en-secop-ii\/","og_locale":"en_US","og_type":"article","og_title":"Plan Anual de Adquisiciones publicado en Secop II","og_description":"En esta secci\u00f3n encontrar\u00e1s el plan Anual de Adquisiciones de La Universidad de La Guajira junto con las modificaciones que se le realizan, ... .","og_url":"https:\/\/uniguajira.edu.co\/wa\/universidad-de-la-guajira\/asakajaa\/plan-anual-de-adquisiciones-paa\/plan-anual-de-adquisiciones-publicado-en-secop-ii\/","og_site_name":"Universidad de La Guajira","article_publisher":"https:\/\/www.facebook.com\/UniLaGuajira\/","article_modified_time":"2025-08-22T16:37:46+00:00","og_image":[{"width":1920,"height":1080,"url":"https:\/\/uniguajira.edu.co\/wp-content\/uploads\/2024\/05\/Gobierno-de-Colombia-habilita-a-Uniguajira-como-entidad-prestadora-de-servicio-de-extension-agropecuaria.webp","type":"image\/webp"}],"twitter_card":"summary_large_image","twitter_site":"@UniLaGuajira","twitter_misc":{"Est. reading time":"1 minute"},"schema":{"@context":"https:\/\/schema.org","@graph":[{"@type":"WebPage","@id":"https:\/\/uniguajira.edu.co\/universidad-de-la-guajira\/contratacion\/plan-anual-de-adquisiciones-paa\/plan-anual-de-adquisiciones-publicado-en-secop-ii\/","url":"https:\/\/uniguajira.edu.co\/universidad-de-la-guajira\/contratacion\/plan-anual-de-adquisiciones-paa\/plan-anual-de-adquisiciones-publicado-en-secop-ii\/","name":"Plan Anual de Adquisiciones publicado en Secop II","isPartOf":{"@id":"https:\/\/uniguajira.edu.co\/#website"},"primaryImageOfPage":{"@id":"https:\/\/uniguajira.edu.co\/universidad-de-la-guajira\/contratacion\/plan-anual-de-adquisiciones-paa\/plan-anual-de-adquisiciones-publicado-en-secop-ii\/#primaryimage"},"image":{"@id":"https:\/\/uniguajira.edu.co\/universidad-de-la-guajira\/contratacion\/plan-anual-de-adquisiciones-paa\/plan-anual-de-adquisiciones-publicado-en-secop-ii\/#primaryimage"},"thumbnailUrl":"https:\/\/uniguajira.edu.co\/wp-content\/uploads\/2024\/05\/Gobierno-de-Colombia-habilita-a-Uniguajira-como-entidad-prestadora-de-servicio-de-extension-agropecuaria.webp","datePublished":"2024-06-11T14:58:36+00:00","dateModified":"2025-08-22T16:37:46+00:00","breadcrumb":{"@id":"https:\/\/uniguajira.edu.co\/universidad-de-la-guajira\/contratacion\/plan-anual-de-adquisiciones-paa\/plan-anual-de-adquisiciones-publicado-en-secop-ii\/#breadcrumb"},"inLanguage":"wa-WA","potentialAction":[{"@type":"ReadAction","target":["https:\/\/uniguajira.edu.co\/universidad-de-la-guajira\/contratacion\/plan-anual-de-adquisiciones-paa\/plan-anual-de-adquisiciones-publicado-en-secop-ii\/"]}]},{"@type":"ImageObject","inLanguage":"wa-WA","@id":"https:\/\/uniguajira.edu.co\/universidad-de-la-guajira\/contratacion\/plan-anual-de-adquisiciones-paa\/plan-anual-de-adquisiciones-publicado-en-secop-ii\/#primaryimage","url":"https:\/\/uniguajira.edu.co\/wp-content\/uploads\/2024\/05\/Gobierno-de-Colombia-habilita-a-Uniguajira-como-entidad-prestadora-de-servicio-de-extension-agropecuaria.webp","contentUrl":"https:\/\/uniguajira.edu.co\/wp-content\/uploads\/2024\/05\/Gobierno-de-Colombia-habilita-a-Uniguajira-como-entidad-prestadora-de-servicio-de-extension-agropecuaria.webp","width":1920,"height":1080,"caption":"Gobierno de Colombia habilita a Uniguajira como entidad prestadora de servicio de extensi\u00f3n agropecuaria"},{"@type":"BreadcrumbList","@id":"https:\/\/uniguajira.edu.co\/universidad-de-la-guajira\/contratacion\/plan-anual-de-adquisiciones-paa\/plan-anual-de-adquisiciones-publicado-en-secop-ii\/#breadcrumb","itemListElement":[{"@type":"ListItem","position":1,"name":"\u2302 Uniguajira","item":"https:\/\/uniguajira.edu.co\/"},{"@type":"ListItem","position":2,"name":"Uniguajira","item":"https:\/\/uniguajira.edu.co\/"},{"@type":"ListItem","position":3,"name":"Contrataci\u00f3n","item":"https:\/\/uniguajira.edu.co\/universidad-de-la-guajira\/contratacion\/"},{"@type":"ListItem","position":4,"name":"PAA","item":"https:\/\/uniguajira.edu.co\/universidad-de-la-guajira\/contratacion\/plan-anual-de-adquisiciones-paa\/"},{"@type":"ListItem","position":5,"name":"Plan Anual de Adquisiciones publicado en Secop II"}]},{"@type":"WebSite","@id":"https:\/\/uniguajira.edu.co\/#website","url":"https:\/\/uniguajira.edu.co\/","name":"UNIGUAJIRA","description":"Descubre la educaci\u00f3n superior con oportunidades laborales, retos estudiantiles y tecnolog\u00eda innovadora. Alcanza el \u00e9xito acad\u00e9mico y explora el impacto social y la diversidad en un entorno de aprendizaje moderno. Ad\u00e1ptate con inteligencia artificial y pr\u00e1cticas profesionales para un crecimiento integral.","publisher":{"@id":"https:\/\/uniguajira.edu.co\/#organization"},"alternateName":"Universidad de La Guajira","potentialAction":[{"@type":"SearchAction","target":{"@type":"EntryPoint","urlTemplate":"https:\/\/uniguajira.edu.co\/?s={search_term_string}"},"query-input":{"@type":"PropertyValueSpecification","valueRequired":true,"valueName":"search_term_string"}}],"inLanguage":"wa-WA"},{"@type":"Organization","@id":"https:\/\/uniguajira.edu.co\/#organization","name":"Shikii Ekirajia P\u00fclee Wajiira","alternateName":"UNIGUAJIRA","url":"https:\/\/uniguajira.edu.co\/","logo":{"@type":"ImageObject","inLanguage":"wa-WA","@id":"https:\/\/uniguajira.edu.co\/#\/schema\/logo\/image\/","url":"https:\/\/uniguajira.edu.co\/wp-content\/uploads\/2026\/01\/cropped-cropped-LOGOS-PAGINA-WEB-04-1.webp","contentUrl":"https:\/\/uniguajira.edu.co\/wp-content\/uploads\/2026\/01\/cropped-cropped-LOGOS-PAGINA-WEB-04-1.webp","width":360,"height":72,"caption":"Universidad de La Guajira"},"image":{"@id":"https:\/\/uniguajira.edu.co\/#\/schema\/logo\/image\/"},"sameAs":["https:\/\/www.facebook.com\/UniLaGuajira\/","https:\/\/x.com\/UniLaGuajira","https:\/\/www.instagram.com\/uniguajira_\/","https:\/\/www.youtube.com\/user\/UniLaGuajira"]}]}},"_hostinger_reach_plugin_has_subscription_block":false,"_hostinger_reach_plugin_is_elementor":false,"_links":{"self":[{"href":"https:\/\/uniguajira.edu.co\/wa\/wp-json\/wp\/v2\/pages\/51653","targetHints":{"allow":["GET"]}}],"collection":[{"href":"https:\/\/uniguajira.edu.co\/wa\/wp-json\/wp\/v2\/pages"}],"about":[{"href":"https:\/\/uniguajira.edu.co\/wa\/wp-json\/wp\/v2\/types\/page"}],"author":[{"embeddable":true,"href":"https:\/\/uniguajira.edu.co\/wa\/wp-json\/wp\/v2\/users\/3"}],"replies":[{"embeddable":true,"href":"https:\/\/uniguajira.edu.co\/wa\/wp-json\/wp\/v2\/comments?post=51653"}],"version-history":[{"count":0,"href":"https:\/\/uniguajira.edu.co\/wa\/wp-json\/wp\/v2\/pages\/51653\/revisions"}],"up":[{"embeddable":true,"href":"https:\/\/uniguajira.edu.co\/wa\/wp-json\/wp\/v2\/pages\/50694"}],"wp:featuredmedia":[{"embeddable":true,"href":"https:\/\/uniguajira.edu.co\/wa\/wp-json\/wp\/v2\/media\/49176"}],"wp:attachment":[{"href":"https:\/\/uniguajira.edu.co\/wa\/wp-json\/wp\/v2\/media?parent=51653"}],"curies":[{"name":"wp","href":"https:\/\/api.w.org\/{rel}","templated":true}]}}