{"id":46990,"date":"2024-05-10T21:40:44","date_gmt":"2024-05-11T02:40:44","guid":{"rendered":"https:\/\/uniguajira.edu.co\/?page_id=46990"},"modified":"2026-03-04T09:00:29","modified_gmt":"2026-03-04T14:00:29","slug":"preguntas-frecuentes-de-la-ruta-de-prevencion","status":"publish","type":"page","link":"https:\/\/uniguajira.edu.co\/wa\/universidad-de-la-guajira\/bienestar-social-universitario\/ruta-de-prevencion-y-atencion-psicologica-en-caso-de-violencia\/preguntas-frecuentes-de-la-ruta-de-prevencion\/","title":{"rendered":"Preguntas frecuentes de la ruta de prevenci\u00f3n"},"content":{"rendered":"<div class=\"gb-container gb-container-d796b7e0\">\n<div class=\"gb-container gb-container-4d72301d\">\n<div class=\"gb-container gb-container-570b9a30\">\n<div class=\"gb-container gb-container-1db11728\">\n\n<p class=\"gb-headline gb-headline-adab62e1 gb-headline-text\">Explora nuestra secci\u00f3n de preguntas frecuentes y encuentra respuestas a todas tus inquietudes con respecto a los servicios que ofrece Bienestar Social Universitario. Aqu\u00ed podr\u00e1s saber todo sobre la ruta de prevencion institucional y mucho m\u00e1s.<\/p>\n\n\n<div class=\"gb-container gb-container-bd75c527\">\n<div class=\"gb-container gb-container-61197dc1\">\n<div class=\"gb-container gb-container-14c73d23\">\n\n<details class=\"wp-block-details is-layout-flow wp-block-details-is-layout-flow\" open><summary>\u00bfDe qu\u00e9 trata la ruta?<\/summary><div class=\"gb-container gb-container-5692accd\">\n\n<p>La Ruta de Atenci\u00f3n es un procedimiento institucional que orienta a la comunidad universitaria sobre c\u00f3mo identificar, prevenir y actuar frente a situaciones de violencia y discriminaci\u00f3n basada en g\u00e9nero. Re\u00fane informaci\u00f3n esencial sobre los tipos de violencia, las dependencias y entidades p\u00fablicas involucradas en la atenci\u00f3n, los servicios de acompa\u00f1amiento y las formas de contacto disponibles. Su prop\u00f3sito es brindar una gu\u00eda clara, accesible y efectiva para la prevenci\u00f3n, protecci\u00f3n y respuesta integral a las mujeres v\u00edctimas de violencias, en coherencia con la pol\u00edtica y el Protocolo de Equidad de G\u00e9nero de la Universidad de La Guajira.<\/p>\n\n<\/div><\/details>\n\n<\/div>\n\n<div class=\"gb-container gb-container-5b197f68\">\n\n<details class=\"wp-block-details is-layout-flow wp-block-details-is-layout-flow\"><summary>\u00bfPor qu\u00e9 es importante contar con este servicio en Uniguajira?<\/summary><div class=\"gb-container gb-container-9d49fbd7\">\n\n<p>Para la Universidad de La Guajira, disponer de esta Ruta es fundamental para garantizar un entorno universitario seguro, respetuoso y libre de violencias. Este servicio permite fortalecer la prevenci\u00f3n, la detecci\u00f3n temprana y la atenci\u00f3n adecuada de situaciones que vulneren los derechos de las mujeres. Adem\u00e1s, promueve el acceso a informaci\u00f3n, orientaci\u00f3n psicosocial, asesor\u00eda jur\u00eddica y acompa\u00f1amiento institucional, contribuyendo a la protecci\u00f3n de los derechos sexuales, reproductivos y humanos.<\/p>\n\n\n\n<p>Contar con este mecanismo tambi\u00e9n fortalece la formaci\u00f3n integral de la comunidad universitaria y consolida una cultura de equidad, inclusi\u00f3n y convivencia pac\u00edfica. De esta manera, la Universidad cumple con su compromiso de aportar a la construcci\u00f3n de una sociedad guajira m\u00e1s justa, segura y con igualdad de oportunidades para todas las personas.<\/p>\n\n<\/div><\/details>\n\n<\/div>\n\n<div class=\"gb-container gb-container-65c96cc0\">\n\n<details class=\"wp-block-details is-layout-flow wp-block-details-is-layout-flow\"><summary>\u00bfC\u00f3mo saber si estoy siendo v\u00edctima de violencia?<\/summary><div class=\"gb-container gb-container-d1902812\">\n\n<p>Puedes estar siendo v\u00edctima de violencia cuando una persona, de manera reiterada o incluso en un solo acto de alto impacto, realiza conductas que afectan tu bienestar f\u00edsico, emocional, psicol\u00f3gico, sexual, econ\u00f3mico o social.<\/p>\n\n<\/div><\/details>\n\n<\/div>\n\n<div class=\"gb-container gb-container-d8c4ac51\">\n\n<details class=\"wp-block-details is-layout-flow wp-block-details-is-layout-flow\"><summary>\u00bfA qu\u00e9 tienen derecho las v\u00edctimas de violencia?<\/summary><div class=\"gb-container gb-container-42cf2b4a\">\n\n<ul class=\"wp-block-list\">\n<li>Atenci\u00f3n integral mediante servicios con cobertura suficiente, accesible.<\/li>\n\n\n\n<li>Recibir orientaci\u00f3n, asesoramiento jur\u00eddico y asistencia t\u00e9cnica legal con car\u00e1cter gratuito, inmediato y especializado.<\/li>\n\n\n\n<li>Recibir informaci\u00f3n clara, completa, veraz y oportuna con relaci\u00f3n a sus derechos, los mecanismos y procedimientos contemplados en las leyes.<\/li>\n\n\n\n<li>Dar su consentimiento informado para los ex\u00e1menes m\u00e9dico-legales en los casos de violencia sexual y escoger el sexo del facultativo para la pr\u00e1ctica de los mismos dentro de las posibilidades ofrecidas por el servicio.<\/li>\n\n\n\n<li>Recibir informaci\u00f3n clara, completa, veraz y oportuna en relaci\u00f3n con la salud sexual y reproductiva.<\/li>\n\n\n\n<li>Ser tratada con reserva de identidad al recibir la asistencia m\u00e9dica, legal, o asistencia social.<\/li>\n\n\n\n<li>Recibir asistencia m\u00e9dica, psicol\u00f3gica, especializada e integral en los t\u00e9rminos y condiciones establecidos en el ordenamiento jur\u00eddico.<\/li>\n<\/ul>\n\n<\/div><\/details>\n\n<\/div>\n\n<div class=\"gb-container gb-container-132627e2\">\n\n<details class=\"wp-block-details is-layout-flow wp-block-details-is-layout-flow\"><summary>Algunas se\u00f1ales de alerta incluyen:<\/summary><div class=\"gb-container gb-container-046c5a29\">\n\n<ul class=\"wp-block-list\">\n<li>Te sientes intimidada(o), controlada(o) o manipulada(o).<\/li>\n\n\n\n<li>Recibes ofensas, humillaciones, amenazas o burlas que afectan tu autoestima.<\/li>\n\n\n\n<li>Experimentas tocamientos, insinuaciones o comportamientos sexuales no deseados.<\/li>\n\n\n\n<li>Alguien limita tu autonom\u00eda, tus decisiones o tu libertad.<\/li>\n\n\n\n<li>Te a\u00edslan, controlan tus actividades o vigilan tus comunicaciones.<\/li>\n\n\n\n<li>Te impiden acceder a informaci\u00f3n, recursos o servicios necesarios.<\/li>\n\n\n\n<li>Sientes miedo, angustia o presi\u00f3n constante a causa del comportamiento de otra persona.<\/li>\n<\/ul>\n\n\n\n<p>Si algo de esto te sucede, es importante que sepas que no est\u00e1s sola(o). Puedes acudir a la Ruta de Atenci\u00f3n de la Universidad de La Guajira para recibir orientaci\u00f3n, acompa\u00f1amiento y apoyo confidencial.<\/p>\n\n<\/div><\/details>\n\n<\/div>\n\n<div class=\"gb-container gb-container-19e4620a\">\n\n<details class=\"wp-block-details is-layout-flow wp-block-details-is-layout-flow\"><summary>\u00bfLa atenci\u00f3n es confidencial?<\/summary><div class=\"gb-container gb-container-39970c72\">\n\n<p>S\u00ed. Toda la atenci\u00f3n brindada es confidencial, lo que significa que la informaci\u00f3n que compartas ser\u00e1 manejada con respeto, privacidad y protecci\u00f3n. Solo ser\u00e1 utilizada para garantizar tu bienestar y activar las rutas de apoyo necesarias, siempre siguiendo los protocolos institucionales y legales.<\/p>\n\n<\/div><\/details>\n\n<\/div>\n\n<div class=\"gb-container gb-container-09117f8c\">\n\n<details class=\"wp-block-details is-layout-flow wp-block-details-is-layout-flow\"><summary>\u00bfQu\u00e9 significa enfoque de g\u00e9nero y por qu\u00e9 es importante en la universidad?<\/summary><div class=\"gb-container gb-container-4bfc8dac\">\n\n<p>El enfoque de g\u00e9nero es una perspectiva que reconoce que mujeres, hombres y personas con identidades diversas pueden vivir experiencias, oportunidades y desaf\u00edos distintos debido a normas sociales, roles culturales y desigualdades hist\u00f3ricas.<\/p>\n\n\n\n<p>Aplicar este enfoque permite identificar y reducir las brechas que afectan a determinados grupos, promover relaciones m\u00e1s equitativas y garantizar que todas las personas reciban un trato justo y digno.<\/p>\n\n<\/div><\/details>\n\n<\/div>\n\n<div class=\"gb-container gb-container-b45f3fad\">\n\n<details class=\"wp-block-details is-layout-flow wp-block-details-is-layout-flow\"><summary>En la universidad es importante porque contribuye a:<\/summary><div class=\"gb-container gb-container-3cd62a8e\">\n\n<ul class=\"wp-block-list\">\n<li>Prevenir la discriminaci\u00f3n y la violencia basada en g\u00e9nero.<\/li>\n\n\n\n<li>Asegurar igualdad de oportunidades en la vida acad\u00e9mica, administrativa y social.<\/li>\n\n\n\n<li>Promover ambientes seguros, respetuosos e inclusivos para toda la comunidad universitaria.<\/li>\n\n\n\n<li>Fortalecer la toma de decisiones responsables, considerando las necesidades y realidades de diferentes grupos.<\/li>\n<\/ul>\n\n<\/div><\/details>\n\n<\/div>\n\n<div class=\"gb-container gb-container-cb0cbdf1\">\n\n<details class=\"wp-block-details is-layout-flow wp-block-details-is-layout-flow\"><summary>\u00bfLa universidad sanciona estos casos?<\/summary><div class=\"gb-container gb-container-ff55a57f\">\n\n<p>S\u00ed. Todo caso de violencia, acoso o discriminaci\u00f3n basada en g\u00e9nero es considerado grave en la Universidad de La Guajira. Cuando una situaci\u00f3n es confirmada, la instituci\u00f3n aplica medidas restaurativas y sanciones disciplinarias, conforme a la Resoluci\u00f3n 0040 y a las normas internas vigentes.<\/p>\n\n<\/div><\/details>\n\n<\/div>\n\n<div class=\"gb-container gb-container-40365cf0\">\n\n<details class=\"wp-block-details is-layout-flow wp-block-details-is-layout-flow\"><summary>Estas normas incluyen, entre otras:<\/summary><div class=\"gb-container gb-container-2b82cbb8\">\n\n<p>\u2022 Acuerdo 026 de 2018,<\/p>\n\n\n\n<p>\u2022 Acuerdo 005 de 2006 (Estatuto Docente),<\/p>\n\n\n\n<p>\u2022 Acuerdo 011 de 2022 (Estatuto de Contrataci\u00f3n),<\/p>\n\n\n\n<p>adem\u00e1s del reglamento estudiantil y dem\u00e1s lineamientos disciplinarios institucionales.<\/p>\n\n<\/div><\/details>\n\n<\/div>\n\n<div class=\"gb-container gb-container-f6379c1d\">\n\n<details class=\"wp-block-details is-layout-flow wp-block-details-is-layout-flow\"><summary>Medidas Restaurativas<\/summary><div class=\"gb-container gb-container-0b6b5937\">\n\n<p>Acciones orientadas a reparar el da\u00f1o, restablecer el bienestar de la v\u00edctima y promover procesos de reflexi\u00f3n, responsabilidad y compromiso en la persona agresora. Su objetivo es prevenir la reincidencia y fortalecer la convivencia respetuosa dentro del campus.<\/p>\n\n<\/div><\/details>\n\n<\/div>\n\n<div class=\"gb-container gb-container-8c808cef\">\n\n<details class=\"wp-block-details is-layout-flow wp-block-details-is-layout-flow\"><summary>Sanciones disciplinarias<\/summary><div class=\"gb-container gb-container-c0d6ea76\">\n\n<p>\u2022 En el caso de docentes y personal administrativo: desde censura p\u00fablica, pasando por la suspensi\u00f3n del cargo, hasta la destituci\u00f3n, seg\u00fan la gravedad de la falta y las normas institucionales.<\/p>\n\n\n\n<p>\u2022 En el caso de estudiantes: desde el cumplimiento de horas de trabajo social, la suspensi\u00f3n de derechos acad\u00e9micos, o la cancelaci\u00f3n\/no concesi\u00f3n de la matr\u00edcula, hasta la expulsi\u00f3n definitiva de la Universidad, conforme al reglamento estudiantil.<\/p>\n\n<\/div><\/details>\n\n<\/div>\n<\/div>\n<\/div>\n<\/div>\n<\/div>\n<\/div>\n<\/div>","protected":false},"excerpt":{"rendered":"<p>Explora nuestra secci\u00f3n de preguntas frecuentes y encuentra respuestas a todas tus inquietudes con respecto a los servicios que ofrece Bienestar Social Universitario. &#8230; <a title=\"Preguntas frecuentes de la ruta de prevenci\u00f3n\" class=\"read-more\" href=\"https:\/\/uniguajira.edu.co\/wa\/universidad-de-la-guajira\/bienestar-social-universitario\/ruta-de-prevencion-y-atencion-psicologica-en-caso-de-violencia\/preguntas-frecuentes-de-la-ruta-de-prevencion\/\" aria-label=\"Read more about Preguntas frecuentes de la ruta de prevenci\u00f3n\">.<\/a><\/p>","protected":false},"author":3,"featured_media":55003,"parent":25820,"menu_order":0,"comment_status":"closed","ping_status":"closed","template":"","meta":{"footnotes":""},"class_list":{"0":"post-46990","1":"page","2":"type-page","3":"status-publish","4":"has-post-thumbnail","6":"infinite-scroll-item"},"yoast_head":"<!-- This site is optimized with the Yoast SEO Premium plugin v27.0 (Yoast SEO v27.0) - https:\/\/yoast.com\/product\/yoast-seo-premium-wordpress\/ -->\n<title>Preguntas frecuentes de la ruta de prevenci\u00f3n<\/title>\n<meta name=\"robots\" content=\"index, follow, max-snippet:-1, max-image-preview:large, max-video-preview:-1\" \/>\n<link rel=\"canonical\" href=\"https:\/\/uniguajira.edu.co\/wa\/universidad-de-la-guajira\/bienestar-social-universitario\/ruta-de-prevencion-y-atencion-psicologica-en-caso-de-violencia\/preguntas-frecuentes-de-la-ruta-de-prevencion\/\" \/>\n<meta property=\"og:locale\" content=\"en_US\" \/>\n<meta property=\"og:type\" content=\"article\" \/>\n<meta property=\"og:title\" content=\"Preguntas frecuentes de la ruta de prevenci\u00f3n\" \/>\n<meta property=\"og:description\" content=\"Explora nuestra secci\u00f3n de preguntas frecuentes y encuentra respuestas a todas tus inquietudes con respecto a los servicios que ofrece Bienestar Social Universitario. ... .\" \/>\n<meta property=\"og:url\" content=\"https:\/\/uniguajira.edu.co\/wa\/universidad-de-la-guajira\/bienestar-social-universitario\/ruta-de-prevencion-y-atencion-psicologica-en-caso-de-violencia\/preguntas-frecuentes-de-la-ruta-de-prevencion\/\" \/>\n<meta property=\"og:site_name\" content=\"Universidad de La Guajira\" \/>\n<meta property=\"article:publisher\" content=\"https:\/\/www.facebook.com\/UniLaGuajira\/\" \/>\n<meta property=\"article:modified_time\" content=\"2026-03-04T14:00:29+00:00\" \/>\n<meta property=\"og:image\" content=\"https:\/\/uniguajira.edu.co\/wp-content\/uploads\/2024\/06\/banner-de-bienestar.webp\" \/>\n\t<meta property=\"og:image:width\" content=\"1920\" \/>\n\t<meta property=\"og:image:height\" content=\"1080\" \/>\n\t<meta property=\"og:image:type\" content=\"image\/webp\" \/>\n<meta name=\"twitter:card\" content=\"summary_large_image\" \/>\n<meta name=\"twitter:site\" content=\"@UniLaGuajira\" \/>\n<meta name=\"twitter:label1\" content=\"Est. reading time\" \/>\n\t<meta name=\"twitter:data1\" content=\"5 minutes\" \/>\n<script type=\"application\/ld+json\" class=\"yoast-schema-graph\">{\"@context\":\"https:\/\/schema.org\",\"@graph\":[{\"@type\":\"WebPage\",\"@id\":\"https:\/\/uniguajira.edu.co\/universidad-de-la-guajira\/bienestar-social-universitario\/ruta-de-prevencion-y-atencion-psicologica-en-caso-de-violencia\/preguntas-frecuentes-de-la-ruta-de-prevencion\/\",\"url\":\"https:\/\/uniguajira.edu.co\/universidad-de-la-guajira\/bienestar-social-universitario\/ruta-de-prevencion-y-atencion-psicologica-en-caso-de-violencia\/preguntas-frecuentes-de-la-ruta-de-prevencion\/\",\"name\":\"Preguntas frecuentes de la ruta de prevenci\u00f3n\",\"isPartOf\":{\"@id\":\"https:\/\/uniguajira.edu.co\/#website\"},\"primaryImageOfPage\":{\"@id\":\"https:\/\/uniguajira.edu.co\/universidad-de-la-guajira\/bienestar-social-universitario\/ruta-de-prevencion-y-atencion-psicologica-en-caso-de-violencia\/preguntas-frecuentes-de-la-ruta-de-prevencion\/#primaryimage\"},\"image\":{\"@id\":\"https:\/\/uniguajira.edu.co\/universidad-de-la-guajira\/bienestar-social-universitario\/ruta-de-prevencion-y-atencion-psicologica-en-caso-de-violencia\/preguntas-frecuentes-de-la-ruta-de-prevencion\/#primaryimage\"},\"thumbnailUrl\":\"https:\/\/uniguajira.edu.co\/wp-content\/uploads\/2024\/06\/banner-de-bienestar.webp\",\"datePublished\":\"2024-05-11T02:40:44+00:00\",\"dateModified\":\"2026-03-04T14:00:29+00:00\",\"breadcrumb\":{\"@id\":\"https:\/\/uniguajira.edu.co\/universidad-de-la-guajira\/bienestar-social-universitario\/ruta-de-prevencion-y-atencion-psicologica-en-caso-de-violencia\/preguntas-frecuentes-de-la-ruta-de-prevencion\/#breadcrumb\"},\"inLanguage\":\"wa-WA\",\"potentialAction\":[{\"@type\":\"ReadAction\",\"target\":[\"https:\/\/uniguajira.edu.co\/universidad-de-la-guajira\/bienestar-social-universitario\/ruta-de-prevencion-y-atencion-psicologica-en-caso-de-violencia\/preguntas-frecuentes-de-la-ruta-de-prevencion\/\"]}]},{\"@type\":\"ImageObject\",\"inLanguage\":\"wa-WA\",\"@id\":\"https:\/\/uniguajira.edu.co\/universidad-de-la-guajira\/bienestar-social-universitario\/ruta-de-prevencion-y-atencion-psicologica-en-caso-de-violencia\/preguntas-frecuentes-de-la-ruta-de-prevencion\/#primaryimage\",\"url\":\"https:\/\/uniguajira.edu.co\/wp-content\/uploads\/2024\/06\/banner-de-bienestar.webp\",\"contentUrl\":\"https:\/\/uniguajira.edu.co\/wp-content\/uploads\/2024\/06\/banner-de-bienestar.webp\",\"width\":1920,\"height\":1080},{\"@type\":\"BreadcrumbList\",\"@id\":\"https:\/\/uniguajira.edu.co\/universidad-de-la-guajira\/bienestar-social-universitario\/ruta-de-prevencion-y-atencion-psicologica-en-caso-de-violencia\/preguntas-frecuentes-de-la-ruta-de-prevencion\/#breadcrumb\",\"itemListElement\":[{\"@type\":\"ListItem\",\"position\":1,\"name\":\"\u2302 Uniguajira\",\"item\":\"https:\/\/uniguajira.edu.co\/\"},{\"@type\":\"ListItem\",\"position\":2,\"name\":\"Uniguajira\",\"item\":\"https:\/\/uniguajira.edu.co\/\"},{\"@type\":\"ListItem\",\"position\":3,\"name\":\"BSU\",\"item\":\"https:\/\/uniguajira.edu.co\/universidad-de-la-guajira\/bienestar-social-universitario\/\"},{\"@type\":\"ListItem\",\"position\":4,\"name\":\"Ruta institucional de prevenci\u00f3n\",\"item\":\"https:\/\/uniguajira.edu.co\/universidad-de-la-guajira\/bienestar-social-universitario\/ruta-de-prevencion-y-atencion-psicologica-en-caso-de-violencia\/\"},{\"@type\":\"ListItem\",\"position\":5,\"name\":\"Preguntas frecuentes\"}]},{\"@type\":\"WebSite\",\"@id\":\"https:\/\/uniguajira.edu.co\/#website\",\"url\":\"https:\/\/uniguajira.edu.co\/\",\"name\":\"UNIGUAJIRA\",\"description\":\"Descubre la educaci\u00f3n superior con oportunidades laborales, retos estudiantiles y tecnolog\u00eda innovadora. Alcanza el \u00e9xito acad\u00e9mico y explora el impacto social y la diversidad en un entorno de aprendizaje moderno. Ad\u00e1ptate con inteligencia artificial y pr\u00e1cticas profesionales para un crecimiento integral.\",\"publisher\":{\"@id\":\"https:\/\/uniguajira.edu.co\/#organization\"},\"alternateName\":\"Universidad de La Guajira\",\"potentialAction\":[{\"@type\":\"SearchAction\",\"target\":{\"@type\":\"EntryPoint\",\"urlTemplate\":\"https:\/\/uniguajira.edu.co\/?s={search_term_string}\"},\"query-input\":{\"@type\":\"PropertyValueSpecification\",\"valueRequired\":true,\"valueName\":\"search_term_string\"}}],\"inLanguage\":\"wa-WA\"},{\"@type\":\"Organization\",\"@id\":\"https:\/\/uniguajira.edu.co\/#organization\",\"name\":\"Universidad de La Guajira\",\"alternateName\":\"UNIGUAJIRA\",\"url\":\"https:\/\/uniguajira.edu.co\/\",\"logo\":{\"@type\":\"ImageObject\",\"inLanguage\":\"wa-WA\",\"@id\":\"https:\/\/uniguajira.edu.co\/#\/schema\/logo\/image\/\",\"url\":\"https:\/\/uniguajira.edu.co\/wp-content\/uploads\/2026\/01\/cropped-cropped-LOGOS-PAGINA-WEB-04-1.webp\",\"contentUrl\":\"https:\/\/uniguajira.edu.co\/wp-content\/uploads\/2026\/01\/cropped-cropped-LOGOS-PAGINA-WEB-04-1.webp\",\"width\":360,\"height\":72,\"caption\":\"Universidad de La Guajira\"},\"image\":{\"@id\":\"https:\/\/uniguajira.edu.co\/#\/schema\/logo\/image\/\"},\"sameAs\":[\"https:\/\/www.facebook.com\/UniLaGuajira\/\",\"https:\/\/x.com\/UniLaGuajira\",\"https:\/\/www.instagram.com\/uniguajira_\/\",\"https:\/\/www.youtube.com\/user\/UniLaGuajira\"]}]}<\/script>\n<!-- \/ Yoast SEO Premium plugin. -->","yoast_head_json":{"title":"Preguntas frecuentes de la ruta de prevenci\u00f3n","robots":{"index":"index","follow":"follow","max-snippet":"max-snippet:-1","max-image-preview":"max-image-preview:large","max-video-preview":"max-video-preview:-1"},"canonical":"https:\/\/uniguajira.edu.co\/wa\/universidad-de-la-guajira\/bienestar-social-universitario\/ruta-de-prevencion-y-atencion-psicologica-en-caso-de-violencia\/preguntas-frecuentes-de-la-ruta-de-prevencion\/","og_locale":"en_US","og_type":"article","og_title":"Preguntas frecuentes de la ruta de prevenci\u00f3n","og_description":"Explora nuestra secci\u00f3n de preguntas frecuentes y encuentra respuestas a todas tus inquietudes con respecto a los servicios que ofrece Bienestar Social Universitario. ... .","og_url":"https:\/\/uniguajira.edu.co\/wa\/universidad-de-la-guajira\/bienestar-social-universitario\/ruta-de-prevencion-y-atencion-psicologica-en-caso-de-violencia\/preguntas-frecuentes-de-la-ruta-de-prevencion\/","og_site_name":"Universidad de La Guajira","article_publisher":"https:\/\/www.facebook.com\/UniLaGuajira\/","article_modified_time":"2026-03-04T14:00:29+00:00","og_image":[{"width":1920,"height":1080,"url":"https:\/\/uniguajira.edu.co\/wp-content\/uploads\/2024\/06\/banner-de-bienestar.webp","type":"image\/webp"}],"twitter_card":"summary_large_image","twitter_site":"@UniLaGuajira","twitter_misc":{"Est. reading time":"5 minutes"},"schema":{"@context":"https:\/\/schema.org","@graph":[{"@type":"WebPage","@id":"https:\/\/uniguajira.edu.co\/universidad-de-la-guajira\/bienestar-social-universitario\/ruta-de-prevencion-y-atencion-psicologica-en-caso-de-violencia\/preguntas-frecuentes-de-la-ruta-de-prevencion\/","url":"https:\/\/uniguajira.edu.co\/universidad-de-la-guajira\/bienestar-social-universitario\/ruta-de-prevencion-y-atencion-psicologica-en-caso-de-violencia\/preguntas-frecuentes-de-la-ruta-de-prevencion\/","name":"Preguntas frecuentes de la ruta de prevenci\u00f3n","isPartOf":{"@id":"https:\/\/uniguajira.edu.co\/#website"},"primaryImageOfPage":{"@id":"https:\/\/uniguajira.edu.co\/universidad-de-la-guajira\/bienestar-social-universitario\/ruta-de-prevencion-y-atencion-psicologica-en-caso-de-violencia\/preguntas-frecuentes-de-la-ruta-de-prevencion\/#primaryimage"},"image":{"@id":"https:\/\/uniguajira.edu.co\/universidad-de-la-guajira\/bienestar-social-universitario\/ruta-de-prevencion-y-atencion-psicologica-en-caso-de-violencia\/preguntas-frecuentes-de-la-ruta-de-prevencion\/#primaryimage"},"thumbnailUrl":"https:\/\/uniguajira.edu.co\/wp-content\/uploads\/2024\/06\/banner-de-bienestar.webp","datePublished":"2024-05-11T02:40:44+00:00","dateModified":"2026-03-04T14:00:29+00:00","breadcrumb":{"@id":"https:\/\/uniguajira.edu.co\/universidad-de-la-guajira\/bienestar-social-universitario\/ruta-de-prevencion-y-atencion-psicologica-en-caso-de-violencia\/preguntas-frecuentes-de-la-ruta-de-prevencion\/#breadcrumb"},"inLanguage":"wa-WA","potentialAction":[{"@type":"ReadAction","target":["https:\/\/uniguajira.edu.co\/universidad-de-la-guajira\/bienestar-social-universitario\/ruta-de-prevencion-y-atencion-psicologica-en-caso-de-violencia\/preguntas-frecuentes-de-la-ruta-de-prevencion\/"]}]},{"@type":"ImageObject","inLanguage":"wa-WA","@id":"https:\/\/uniguajira.edu.co\/universidad-de-la-guajira\/bienestar-social-universitario\/ruta-de-prevencion-y-atencion-psicologica-en-caso-de-violencia\/preguntas-frecuentes-de-la-ruta-de-prevencion\/#primaryimage","url":"https:\/\/uniguajira.edu.co\/wp-content\/uploads\/2024\/06\/banner-de-bienestar.webp","contentUrl":"https:\/\/uniguajira.edu.co\/wp-content\/uploads\/2024\/06\/banner-de-bienestar.webp","width":1920,"height":1080},{"@type":"BreadcrumbList","@id":"https:\/\/uniguajira.edu.co\/universidad-de-la-guajira\/bienestar-social-universitario\/ruta-de-prevencion-y-atencion-psicologica-en-caso-de-violencia\/preguntas-frecuentes-de-la-ruta-de-prevencion\/#breadcrumb","itemListElement":[{"@type":"ListItem","position":1,"name":"\u2302 Uniguajira","item":"https:\/\/uniguajira.edu.co\/"},{"@type":"ListItem","position":2,"name":"Uniguajira","item":"https:\/\/uniguajira.edu.co\/"},{"@type":"ListItem","position":3,"name":"BSU","item":"https:\/\/uniguajira.edu.co\/universidad-de-la-guajira\/bienestar-social-universitario\/"},{"@type":"ListItem","position":4,"name":"Ruta institucional de prevenci\u00f3n","item":"https:\/\/uniguajira.edu.co\/universidad-de-la-guajira\/bienestar-social-universitario\/ruta-de-prevencion-y-atencion-psicologica-en-caso-de-violencia\/"},{"@type":"ListItem","position":5,"name":"Preguntas frecuentes"}]},{"@type":"WebSite","@id":"https:\/\/uniguajira.edu.co\/#website","url":"https:\/\/uniguajira.edu.co\/","name":"UNIGUAJIRA","description":"Descubre la educaci\u00f3n superior con oportunidades laborales, retos estudiantiles y tecnolog\u00eda innovadora. Alcanza el \u00e9xito acad\u00e9mico y explora el impacto social y la diversidad en un entorno de aprendizaje moderno. Ad\u00e1ptate con inteligencia artificial y pr\u00e1cticas profesionales para un crecimiento integral.","publisher":{"@id":"https:\/\/uniguajira.edu.co\/#organization"},"alternateName":"Universidad de La Guajira","potentialAction":[{"@type":"SearchAction","target":{"@type":"EntryPoint","urlTemplate":"https:\/\/uniguajira.edu.co\/?s={search_term_string}"},"query-input":{"@type":"PropertyValueSpecification","valueRequired":true,"valueName":"search_term_string"}}],"inLanguage":"wa-WA"},{"@type":"Organization","@id":"https:\/\/uniguajira.edu.co\/#organization","name":"Shikii Ekirajia P\u00fclee Wajiira","alternateName":"UNIGUAJIRA","url":"https:\/\/uniguajira.edu.co\/","logo":{"@type":"ImageObject","inLanguage":"wa-WA","@id":"https:\/\/uniguajira.edu.co\/#\/schema\/logo\/image\/","url":"https:\/\/uniguajira.edu.co\/wp-content\/uploads\/2026\/01\/cropped-cropped-LOGOS-PAGINA-WEB-04-1.webp","contentUrl":"https:\/\/uniguajira.edu.co\/wp-content\/uploads\/2026\/01\/cropped-cropped-LOGOS-PAGINA-WEB-04-1.webp","width":360,"height":72,"caption":"Universidad de La Guajira"},"image":{"@id":"https:\/\/uniguajira.edu.co\/#\/schema\/logo\/image\/"},"sameAs":["https:\/\/www.facebook.com\/UniLaGuajira\/","https:\/\/x.com\/UniLaGuajira","https:\/\/www.instagram.com\/uniguajira_\/","https:\/\/www.youtube.com\/user\/UniLaGuajira"]}]}},"_hostinger_reach_plugin_has_subscription_block":false,"_hostinger_reach_plugin_is_elementor":false,"_links":{"self":[{"href":"https:\/\/uniguajira.edu.co\/wa\/wp-json\/wp\/v2\/pages\/46990","targetHints":{"allow":["GET"]}}],"collection":[{"href":"https:\/\/uniguajira.edu.co\/wa\/wp-json\/wp\/v2\/pages"}],"about":[{"href":"https:\/\/uniguajira.edu.co\/wa\/wp-json\/wp\/v2\/types\/page"}],"author":[{"embeddable":true,"href":"https:\/\/uniguajira.edu.co\/wa\/wp-json\/wp\/v2\/users\/3"}],"replies":[{"embeddable":true,"href":"https:\/\/uniguajira.edu.co\/wa\/wp-json\/wp\/v2\/comments?post=46990"}],"version-history":[{"count":2,"href":"https:\/\/uniguajira.edu.co\/wa\/wp-json\/wp\/v2\/pages\/46990\/revisions"}],"predecessor-version":[{"id":105391,"href":"https:\/\/uniguajira.edu.co\/wa\/wp-json\/wp\/v2\/pages\/46990\/revisions\/105391"}],"up":[{"embeddable":true,"href":"https:\/\/uniguajira.edu.co\/wa\/wp-json\/wp\/v2\/pages\/25820"}],"wp:featuredmedia":[{"embeddable":true,"href":"https:\/\/uniguajira.edu.co\/wa\/wp-json\/wp\/v2\/media\/55003"}],"wp:attachment":[{"href":"https:\/\/uniguajira.edu.co\/wa\/wp-json\/wp\/v2\/media?parent=46990"}],"curies":[{"name":"wp","href":"https:\/\/api.w.org\/{rel}","templated":true}]}}