{"id":43615,"date":"2024-04-29T16:10:37","date_gmt":"2024-04-29T21:10:37","guid":{"rendered":"https:\/\/uniguajira.edu.co\/?page_id=43615"},"modified":"2024-10-02T17:26:55","modified_gmt":"2024-10-02T22:26:55","slug":"plan-de-servicio-al-ciudadano","status":"publish","type":"page","link":"https:\/\/uniguajira.edu.co\/wa\/universidad-de-la-guajira\/planeacion-institucional\/plan-de-servicio-al-ciudadano\/","title":{"rendered":"Plan de Servicio al Ciudadano"},"content":{"rendered":"<div class=\"gb-container gb-container-d796b7e0\">\n<div class=\"gb-container gb-container-4d72301d\">\n<div class=\"gb-container gb-container-570b9a30\">\n<div class=\"gb-container gb-container-1db11728\">\n\n<p>\u00a1Bienvenidos al Plan de Servicio al Ciudadano de la Universidad de La Guajira!<\/p>\n\n\n\n<p>Te invitamos a visitar nuestra plataforma, que est\u00e1 dedicada a brindar servicios a nuestra comunidad. Encontrar\u00e1 una recopilaci\u00f3n completa de nuestros planes de servicio al ciudadano de cada a\u00f1o, que reflejan nuestro compromiso con la excelencia en la atenci\u00f3n y el bienestar de todos los miembros de nuestra comunidad universitaria y la sociedad en general.<\/p>\n\n\n<div class=\"gb-container gb-container-bd75c527\">\n<div class=\"gb-container gb-container-61197dc1\">\n<div class=\"gb-container gb-container-14c73d23\">\n\n<details class=\"wp-block-details is-layout-flow wp-block-details-is-layout-flow\" open><summary>Planes de atenci\u00f3n<\/summary><div class=\"gb-container gb-container-5692accd\">\n<div class=\"gb-container gb-container-49c56122\">\n\n<section id=\"section-ae18e930-d786-4477-96dd-11cc3a81413a\" class=\"wp-block-gutentor-image-box gutentor-section gutentor-image-wrapper imagebox-template1\"><div class=\"grid-container\"><div class=\"grid-row gutentor-grid-item-wrap wow animated undefined\"><div class=\"gutentor-grid-column grid-lg-2m3 grid-md-4 grid-12\"><div class=\"gutentor-single-item gutentor-image gutentor-single-item-0 g-single-column-link-enabled\"><div class=\"gutentor-single-item-wrap\"><div class=\"gutentor-single-item-image-box\"><div class=\"gutentor-image-thumb\"><img loading=\"lazy\" decoding=\"async\" class=\"normal-image\" src=\"https:\/\/uniguajira.edu.co\/wp-content\/uploads\/2024\/01\/Descargar-PDF-Icono.png\" alt=\"Descargar PDF Icono con tejido Wayuu en los colores de la Universidad de La Guajira.\" height=\"155\" width=\"127\" \/><\/div><\/div><div class=\"gutentor-single-item-content\"><h3 class=\"gutentor-single-item-title\">Plan de Atenci\u00f3n al ciudadano 2024<\/h3><\/div><\/div><a class=\"gutentor-single-item-box-link gutentor-link\" href=\"https:\/\/drive.google.com\/file\/d\/1U-l-xZGi_y80-JcBDkVit9U8HoADw1-r\/view?usp=sharing\" target=\"_blank\" rel=\"noopener noreferrer\"><\/a><\/div><\/div><div class=\"gutentor-grid-column grid-lg-2m3 grid-md-4 grid-12\"><div class=\"gutentor-single-item gutentor-image gutentor-single-item-1 g-single-column-link-enabled\"><div class=\"gutentor-single-item-wrap\"><div class=\"gutentor-single-item-image-box\"><div class=\"gutentor-image-thumb\"><img loading=\"lazy\" decoding=\"async\" class=\"normal-image\" src=\"https:\/\/uniguajira.edu.co\/wp-content\/uploads\/2024\/01\/Descargar-PDF-Icono.png\" alt=\"Descargar PDF Icono con tejido Wayuu en los colores de la Universidad de La Guajira.\" height=\"155\" width=\"127\" \/><\/div><\/div><div class=\"gutentor-single-item-content\"><h3 class=\"gutentor-single-item-title\">Plan de Atenci\u00f3n al ciudadano 2023<\/h3><\/div><\/div><a class=\"gutentor-single-item-box-link gutentor-link\" href=\"https:\/\/drive.google.com\/file\/d\/1o9sl4Jq5ZBM4bfjCXAy0LCI72q92wpI9\/view?usp=sharing\" target=\"_blank\" rel=\"noopener noreferrer\"><\/a><\/div><\/div><div class=\"gutentor-grid-column grid-lg-2m3 grid-md-4 grid-12\"><div class=\"gutentor-single-item gutentor-image gutentor-single-item-2 g-single-column-link-enabled\"><div class=\"gutentor-single-item-wrap\"><div class=\"gutentor-single-item-image-box\"><div class=\"gutentor-image-thumb\"><img loading=\"lazy\" decoding=\"async\" class=\"normal-image\" src=\"https:\/\/uniguajira.edu.co\/wp-content\/uploads\/2024\/01\/Descargar-PDF-Icono.png\" alt=\"Descargar PDF Icono con tejido Wayuu en los colores de la Universidad de La Guajira.\" height=\"155\" width=\"127\" \/><\/div><\/div><div class=\"gutentor-single-item-content\"><h3 class=\"gutentor-single-item-title\">Plan de Atenci\u00f3n al ciudadano 2022<\/h3><\/div><\/div><a class=\"gutentor-single-item-box-link gutentor-link\" href=\"https:\/\/drive.google.com\/file\/d\/1Trf0rsykWrNmrfZAhhJW4LbGv6PHsl38\/view?usp=sharing\" target=\"_blank\" rel=\"noopener noreferrer\"><\/a><\/div><\/div><div class=\"gutentor-grid-column grid-lg-2m3 grid-md-4 grid-12\"><div class=\"gutentor-single-item gutentor-image gutentor-single-item-3 g-single-column-link-enabled\"><div class=\"gutentor-single-item-wrap\"><div class=\"gutentor-single-item-image-box\"><div class=\"gutentor-image-thumb\"><img loading=\"lazy\" decoding=\"async\" class=\"normal-image\" src=\"https:\/\/uniguajira.edu.co\/wp-content\/uploads\/2024\/01\/Descargar-PDF-Icono.png\" alt=\"Descargar PDF Icono con tejido Wayuu en los colores de la Universidad de La Guajira.\" height=\"155\" width=\"127\" \/><\/div><\/div><div class=\"gutentor-single-item-content\"><h3 class=\"gutentor-single-item-title\">Plan de Atenci\u00f3n al ciudadano 2021<\/h3><\/div><\/div><a class=\"gutentor-single-item-box-link gutentor-link\" href=\"https:\/\/drive.google.com\/file\/d\/10cmH5MOIsEQ7NTJf4wgygfDevE-nqDSR\/view?usp=sharing\" target=\"_blank\" rel=\"noopener noreferrer\"><\/a><\/div><\/div><div class=\"gutentor-grid-column grid-lg-2m3 grid-md-4 grid-12\"><div class=\"gutentor-single-item gutentor-image gutentor-single-item-4 g-single-column-link-enabled\"><div class=\"gutentor-single-item-wrap\"><div class=\"gutentor-single-item-image-box\"><div class=\"gutentor-image-thumb\"><img loading=\"lazy\" decoding=\"async\" class=\"normal-image\" src=\"https:\/\/uniguajira.edu.co\/wp-content\/uploads\/2024\/01\/Descargar-PDF-Icono.png\" alt=\"Descargar PDF Icono con tejido Wayuu en los colores de la Universidad de La Guajira.\" height=\"155\" width=\"127\" \/><\/div><\/div><div class=\"gutentor-single-item-content\"><h3 class=\"gutentor-single-item-title\">ESTRATEGIA DE ATENCION AL CIUDADANO 2020<\/h3><\/div><\/div><a class=\"gutentor-single-item-box-link gutentor-link\" href=\"https:\/\/drive.google.com\/file\/d\/12n6Hq2jlSPbjubbFcgOf0vx0ThjJ6go6\/view?usp=sharing\" target=\"_blank\" rel=\"noopener noreferrer\"><\/a><\/div><\/div><\/div><\/div><\/section>\n\n<\/div>\n<\/div><\/details>\n\n<\/div>\n<\/div>\n<\/div>\n<\/div>\n<\/div>\n<\/div>\n<\/div>","protected":false},"excerpt":{"rendered":"<p>\u00a1Bienvenidos al Plan de Servicio al Ciudadano de la Universidad de La Guajira! Te invitamos a visitar nuestra plataforma, que est\u00e1 dedicada a &#8230; <a title=\"Plan de Servicio al Ciudadano\" class=\"read-more\" href=\"https:\/\/uniguajira.edu.co\/wa\/universidad-de-la-guajira\/planeacion-institucional\/plan-de-servicio-al-ciudadano\/\" aria-label=\"Read more about Plan de Servicio al Ciudadano\">.<\/a><\/p>","protected":false},"author":3,"featured_media":0,"parent":31830,"menu_order":0,"comment_status":"closed","ping_status":"closed","template":"","meta":{"footnotes":""},"class_list":{"0":"post-43615","1":"page","2":"type-page","3":"status-publish","5":"infinite-scroll-item"},"yoast_head":"<!-- This site is optimized with the Yoast SEO Premium plugin v27.0 (Yoast SEO v27.0) - https:\/\/yoast.com\/product\/yoast-seo-premium-wordpress\/ -->\n<title>Plan de Servicio al Ciudadano<\/title>\n<meta name=\"robots\" content=\"index, follow, max-snippet:-1, max-image-preview:large, max-video-preview:-1\" \/>\n<link rel=\"canonical\" href=\"https:\/\/uniguajira.edu.co\/wa\/universidad-de-la-guajira\/planeacion-institucional\/plan-de-servicio-al-ciudadano\/\" \/>\n<meta property=\"og:locale\" content=\"en_US\" \/>\n<meta property=\"og:type\" content=\"article\" \/>\n<meta property=\"og:title\" content=\"Plan de Servicio al Ciudadano\" \/>\n<meta property=\"og:description\" content=\"\u00a1Bienvenidos al Plan de Servicio al Ciudadano de la Universidad de La Guajira! Te invitamos a visitar nuestra plataforma, que est\u00e1 dedicada a ... .\" \/>\n<meta property=\"og:url\" content=\"https:\/\/uniguajira.edu.co\/wa\/universidad-de-la-guajira\/planeacion-institucional\/plan-de-servicio-al-ciudadano\/\" \/>\n<meta property=\"og:site_name\" content=\"Universidad de La Guajira\" \/>\n<meta property=\"article:publisher\" content=\"https:\/\/www.facebook.com\/UniLaGuajira\/\" \/>\n<meta property=\"article:modified_time\" content=\"2024-10-02T22:26:55+00:00\" \/>\n<meta property=\"og:image\" content=\"https:\/\/uniguajira.edu.co\/wp-content\/uploads\/2024\/01\/Descargar-PDF-Icono.png\" \/>\n<meta name=\"twitter:card\" content=\"summary_large_image\" \/>\n<meta name=\"twitter:site\" content=\"@UniLaGuajira\" \/>\n<meta name=\"twitter:label1\" content=\"Est. reading time\" \/>\n\t<meta name=\"twitter:data1\" content=\"2 minutes\" \/>\n<script type=\"application\/ld+json\" class=\"yoast-schema-graph\">{\"@context\":\"https:\/\/schema.org\",\"@graph\":[{\"@type\":\"WebPage\",\"@id\":\"https:\/\/uniguajira.edu.co\/en\/universidad-de-la-guajira\/planeacion-institucional\/plan-de-servicio-al-ciudadano\/\",\"url\":\"https:\/\/uniguajira.edu.co\/en\/universidad-de-la-guajira\/planeacion-institucional\/plan-de-servicio-al-ciudadano\/\",\"name\":\"Plan de Servicio al Ciudadano\",\"isPartOf\":{\"@id\":\"https:\/\/uniguajira.edu.co\/#website\"},\"primaryImageOfPage\":{\"@id\":\"https:\/\/uniguajira.edu.co\/en\/universidad-de-la-guajira\/planeacion-institucional\/plan-de-servicio-al-ciudadano\/#primaryimage\"},\"image\":{\"@id\":\"https:\/\/uniguajira.edu.co\/en\/universidad-de-la-guajira\/planeacion-institucional\/plan-de-servicio-al-ciudadano\/#primaryimage\"},\"thumbnailUrl\":\"https:\/\/uniguajira.edu.co\/wp-content\/uploads\/2024\/01\/Descargar-PDF-Icono.png\",\"datePublished\":\"2024-04-29T21:10:37+00:00\",\"dateModified\":\"2024-10-02T22:26:55+00:00\",\"breadcrumb\":{\"@id\":\"https:\/\/uniguajira.edu.co\/en\/universidad-de-la-guajira\/planeacion-institucional\/plan-de-servicio-al-ciudadano\/#breadcrumb\"},\"inLanguage\":\"wa-WA\",\"potentialAction\":[{\"@type\":\"ReadAction\",\"target\":[\"https:\/\/uniguajira.edu.co\/en\/universidad-de-la-guajira\/planeacion-institucional\/plan-de-servicio-al-ciudadano\/\"]}]},{\"@type\":\"ImageObject\",\"inLanguage\":\"wa-WA\",\"@id\":\"https:\/\/uniguajira.edu.co\/en\/universidad-de-la-guajira\/planeacion-institucional\/plan-de-servicio-al-ciudadano\/#primaryimage\",\"url\":\"https:\/\/uniguajira.edu.co\/wp-content\/uploads\/2024\/01\/Descargar-PDF-Icono.png\",\"contentUrl\":\"https:\/\/uniguajira.edu.co\/wp-content\/uploads\/2024\/01\/Descargar-PDF-Icono.png\"},{\"@type\":\"BreadcrumbList\",\"@id\":\"https:\/\/uniguajira.edu.co\/en\/universidad-de-la-guajira\/planeacion-institucional\/plan-de-servicio-al-ciudadano\/#breadcrumb\",\"itemListElement\":[{\"@type\":\"ListItem\",\"position\":1,\"name\":\"\u2302 Uniguajira\",\"item\":\"https:\/\/uniguajira.edu.co\/\"},{\"@type\":\"ListItem\",\"position\":2,\"name\":\"Uniguajira\",\"item\":\"https:\/\/uniguajira.edu.co\/\"},{\"@type\":\"ListItem\",\"position\":3,\"name\":\"Planeaci\u00f3n Institucional\",\"item\":\"https:\/\/uniguajira.edu.co\/universidad-de-la-guajira\/planeacion-institucional\/\"},{\"@type\":\"ListItem\",\"position\":4,\"name\":\"Plan de Servicio al Ciudadano\"}]},{\"@type\":\"WebSite\",\"@id\":\"https:\/\/uniguajira.edu.co\/#website\",\"url\":\"https:\/\/uniguajira.edu.co\/\",\"name\":\"UNIGUAJIRA\",\"description\":\"Descubre la educaci\u00f3n superior con oportunidades laborales, retos estudiantiles y tecnolog\u00eda innovadora. Alcanza el \u00e9xito acad\u00e9mico y explora el impacto social y la diversidad en un entorno de aprendizaje moderno. Ad\u00e1ptate con inteligencia artificial y pr\u00e1cticas profesionales para un crecimiento integral.\",\"publisher\":{\"@id\":\"https:\/\/uniguajira.edu.co\/#organization\"},\"alternateName\":\"Universidad de La Guajira\",\"potentialAction\":[{\"@type\":\"SearchAction\",\"target\":{\"@type\":\"EntryPoint\",\"urlTemplate\":\"https:\/\/uniguajira.edu.co\/?s={search_term_string}\"},\"query-input\":{\"@type\":\"PropertyValueSpecification\",\"valueRequired\":true,\"valueName\":\"search_term_string\"}}],\"inLanguage\":\"wa-WA\"},{\"@type\":\"Organization\",\"@id\":\"https:\/\/uniguajira.edu.co\/#organization\",\"name\":\"Universidad de La Guajira\",\"alternateName\":\"UNIGUAJIRA\",\"url\":\"https:\/\/uniguajira.edu.co\/\",\"logo\":{\"@type\":\"ImageObject\",\"inLanguage\":\"wa-WA\",\"@id\":\"https:\/\/uniguajira.edu.co\/#\/schema\/logo\/image\/\",\"url\":\"https:\/\/uniguajira.edu.co\/wp-content\/uploads\/2026\/01\/cropped-cropped-LOGOS-PAGINA-WEB-04-1.webp\",\"contentUrl\":\"https:\/\/uniguajira.edu.co\/wp-content\/uploads\/2026\/01\/cropped-cropped-LOGOS-PAGINA-WEB-04-1.webp\",\"width\":360,\"height\":72,\"caption\":\"Universidad de La Guajira\"},\"image\":{\"@id\":\"https:\/\/uniguajira.edu.co\/#\/schema\/logo\/image\/\"},\"sameAs\":[\"https:\/\/www.facebook.com\/UniLaGuajira\/\",\"https:\/\/x.com\/UniLaGuajira\",\"https:\/\/www.instagram.com\/uniguajira_\/\",\"https:\/\/www.youtube.com\/user\/UniLaGuajira\"]}]}<\/script>\n<!-- \/ Yoast SEO Premium plugin. -->","yoast_head_json":{"title":"Plan de Servicio al Ciudadano","robots":{"index":"index","follow":"follow","max-snippet":"max-snippet:-1","max-image-preview":"max-image-preview:large","max-video-preview":"max-video-preview:-1"},"canonical":"https:\/\/uniguajira.edu.co\/wa\/universidad-de-la-guajira\/planeacion-institucional\/plan-de-servicio-al-ciudadano\/","og_locale":"en_US","og_type":"article","og_title":"Plan de Servicio al Ciudadano","og_description":"\u00a1Bienvenidos al Plan de Servicio al Ciudadano de la Universidad de La Guajira! Te invitamos a visitar nuestra plataforma, que est\u00e1 dedicada a ... .","og_url":"https:\/\/uniguajira.edu.co\/wa\/universidad-de-la-guajira\/planeacion-institucional\/plan-de-servicio-al-ciudadano\/","og_site_name":"Universidad de La Guajira","article_publisher":"https:\/\/www.facebook.com\/UniLaGuajira\/","article_modified_time":"2024-10-02T22:26:55+00:00","og_image":[{"url":"https:\/\/uniguajira.edu.co\/wp-content\/uploads\/2024\/01\/Descargar-PDF-Icono.png","type":"","width":"","height":""}],"twitter_card":"summary_large_image","twitter_site":"@UniLaGuajira","twitter_misc":{"Est. reading time":"2 minutes"},"schema":{"@context":"https:\/\/schema.org","@graph":[{"@type":"WebPage","@id":"https:\/\/uniguajira.edu.co\/en\/universidad-de-la-guajira\/planeacion-institucional\/plan-de-servicio-al-ciudadano\/","url":"https:\/\/uniguajira.edu.co\/en\/universidad-de-la-guajira\/planeacion-institucional\/plan-de-servicio-al-ciudadano\/","name":"Plan de Servicio al Ciudadano","isPartOf":{"@id":"https:\/\/uniguajira.edu.co\/#website"},"primaryImageOfPage":{"@id":"https:\/\/uniguajira.edu.co\/en\/universidad-de-la-guajira\/planeacion-institucional\/plan-de-servicio-al-ciudadano\/#primaryimage"},"image":{"@id":"https:\/\/uniguajira.edu.co\/en\/universidad-de-la-guajira\/planeacion-institucional\/plan-de-servicio-al-ciudadano\/#primaryimage"},"thumbnailUrl":"https:\/\/uniguajira.edu.co\/wp-content\/uploads\/2024\/01\/Descargar-PDF-Icono.png","datePublished":"2024-04-29T21:10:37+00:00","dateModified":"2024-10-02T22:26:55+00:00","breadcrumb":{"@id":"https:\/\/uniguajira.edu.co\/en\/universidad-de-la-guajira\/planeacion-institucional\/plan-de-servicio-al-ciudadano\/#breadcrumb"},"inLanguage":"wa-WA","potentialAction":[{"@type":"ReadAction","target":["https:\/\/uniguajira.edu.co\/en\/universidad-de-la-guajira\/planeacion-institucional\/plan-de-servicio-al-ciudadano\/"]}]},{"@type":"ImageObject","inLanguage":"wa-WA","@id":"https:\/\/uniguajira.edu.co\/en\/universidad-de-la-guajira\/planeacion-institucional\/plan-de-servicio-al-ciudadano\/#primaryimage","url":"https:\/\/uniguajira.edu.co\/wp-content\/uploads\/2024\/01\/Descargar-PDF-Icono.png","contentUrl":"https:\/\/uniguajira.edu.co\/wp-content\/uploads\/2024\/01\/Descargar-PDF-Icono.png"},{"@type":"BreadcrumbList","@id":"https:\/\/uniguajira.edu.co\/en\/universidad-de-la-guajira\/planeacion-institucional\/plan-de-servicio-al-ciudadano\/#breadcrumb","itemListElement":[{"@type":"ListItem","position":1,"name":"\u2302 Uniguajira","item":"https:\/\/uniguajira.edu.co\/"},{"@type":"ListItem","position":2,"name":"Uniguajira","item":"https:\/\/uniguajira.edu.co\/"},{"@type":"ListItem","position":3,"name":"Planeaci\u00f3n Institucional","item":"https:\/\/uniguajira.edu.co\/universidad-de-la-guajira\/planeacion-institucional\/"},{"@type":"ListItem","position":4,"name":"Plan de Servicio al Ciudadano"}]},{"@type":"WebSite","@id":"https:\/\/uniguajira.edu.co\/#website","url":"https:\/\/uniguajira.edu.co\/","name":"UNIGUAJIRA","description":"Descubre la educaci\u00f3n superior con oportunidades laborales, retos estudiantiles y tecnolog\u00eda innovadora. Alcanza el \u00e9xito acad\u00e9mico y explora el impacto social y la diversidad en un entorno de aprendizaje moderno. Ad\u00e1ptate con inteligencia artificial y pr\u00e1cticas profesionales para un crecimiento integral.","publisher":{"@id":"https:\/\/uniguajira.edu.co\/#organization"},"alternateName":"Universidad de La Guajira","potentialAction":[{"@type":"SearchAction","target":{"@type":"EntryPoint","urlTemplate":"https:\/\/uniguajira.edu.co\/?s={search_term_string}"},"query-input":{"@type":"PropertyValueSpecification","valueRequired":true,"valueName":"search_term_string"}}],"inLanguage":"wa-WA"},{"@type":"Organization","@id":"https:\/\/uniguajira.edu.co\/#organization","name":"Shikii Ekirajia P\u00fclee Wajiira","alternateName":"UNIGUAJIRA","url":"https:\/\/uniguajira.edu.co\/","logo":{"@type":"ImageObject","inLanguage":"wa-WA","@id":"https:\/\/uniguajira.edu.co\/#\/schema\/logo\/image\/","url":"https:\/\/uniguajira.edu.co\/wp-content\/uploads\/2026\/01\/cropped-cropped-LOGOS-PAGINA-WEB-04-1.webp","contentUrl":"https:\/\/uniguajira.edu.co\/wp-content\/uploads\/2026\/01\/cropped-cropped-LOGOS-PAGINA-WEB-04-1.webp","width":360,"height":72,"caption":"Universidad de La Guajira"},"image":{"@id":"https:\/\/uniguajira.edu.co\/#\/schema\/logo\/image\/"},"sameAs":["https:\/\/www.facebook.com\/UniLaGuajira\/","https:\/\/x.com\/UniLaGuajira","https:\/\/www.instagram.com\/uniguajira_\/","https:\/\/www.youtube.com\/user\/UniLaGuajira"]}]}},"_hostinger_reach_plugin_has_subscription_block":false,"_hostinger_reach_plugin_is_elementor":false,"_links":{"self":[{"href":"https:\/\/uniguajira.edu.co\/wa\/wp-json\/wp\/v2\/pages\/43615","targetHints":{"allow":["GET"]}}],"collection":[{"href":"https:\/\/uniguajira.edu.co\/wa\/wp-json\/wp\/v2\/pages"}],"about":[{"href":"https:\/\/uniguajira.edu.co\/wa\/wp-json\/wp\/v2\/types\/page"}],"author":[{"embeddable":true,"href":"https:\/\/uniguajira.edu.co\/wa\/wp-json\/wp\/v2\/users\/3"}],"replies":[{"embeddable":true,"href":"https:\/\/uniguajira.edu.co\/wa\/wp-json\/wp\/v2\/comments?post=43615"}],"version-history":[{"count":0,"href":"https:\/\/uniguajira.edu.co\/wa\/wp-json\/wp\/v2\/pages\/43615\/revisions"}],"up":[{"embeddable":true,"href":"https:\/\/uniguajira.edu.co\/wa\/wp-json\/wp\/v2\/pages\/31830"}],"wp:attachment":[{"href":"https:\/\/uniguajira.edu.co\/wa\/wp-json\/wp\/v2\/media?parent=43615"}],"curies":[{"name":"wp","href":"https:\/\/api.w.org\/{rel}","templated":true}]}}