{"id":34384,"date":"2024-03-19T18:50:46","date_gmt":"2024-03-19T23:50:46","guid":{"rendered":"https:\/\/uniguajira.edu.co\/?page_id=34384"},"modified":"2024-10-02T16:40:08","modified_gmt":"2024-10-02T21:40:08","slug":"conociendo-la-universidad","status":"publish","type":"page","link":"https:\/\/uniguajira.edu.co\/wa\/universidad-de-la-guajira\/portal-para-ninos\/conociendo-la-universidad\/","title":{"rendered":"Conociendo la universidad"},"content":{"rendered":"<div class=\"gb-container gb-container-d796b7e0\">\n<div class=\"gb-container gb-container-4d72301d\">\n<div class=\"gb-container gb-container-570b9a30\">\n<div class=\"gb-container gb-container-1db11728\">\n\n<h2 class=\"gb-headline gb-headline-adab62e1 gb-headline-text\">Un Paseo Divertido por la Universidad de La Guajira<\/h2>\n\n\n\n<p>\u00a1Bienvenidos a \u2018Conociendo Mi Universidad!\u2019 En esta emocionante secci\u00f3n de nuestro portal para ni\u00f1os, exploraremos juntos la Universidad de La Guajira de una manera divertida e informativa. Acompa\u00f1a a nuestros simp\u00e1ticos personajes en un viaje lleno de curiosidades, aventuras y descubrimientos sobre nuestra instituci\u00f3n y las emocionantes oportunidades de aprendizaje que ofrece. Aqu\u00ed, el conocimiento se convierte en una aventura emocionante. \u00a1Ven y descubre m\u00e1s sobre nuestra universidad de una manera \u00fanica y especial!<\/p>\n\n\n<div class=\"gb-container gb-container-bd75c527\">\n<div class=\"gb-grid-wrapper gb-grid-wrapper-02352bb6\">\n<div class=\"gb-grid-column gb-grid-column-9e357843\"><div class=\"gb-container gb-container-9e357843\">\n<div class=\"gb-container gb-container-5f37b1d3\">\n<div class=\"gb-container gb-container-1e0c97f9\">\n\n<div id=\"section-g80115d\" class=\"wp-block-gutentor-e6 section-g80115d gutentor-element gutentor-element-image imgt\"><div class=\"gutentor-element-image-box\"><div class=\"gutentor-image-thumb\"><img decoding=\"async\" class=\"normal-image\" src=\"https:\/\/uniguajira.edu.co\/wp-content\/uploads\/2024\/06\/Prueba-portada.webp\" alt=\"Prueba portada\" \/><div class=\"overlay\"><\/div><\/div><\/div><\/div>\n\n\n\n<div id=\"section-gc433bb\" class=\"wp-block-gutentor-e11 section-gc433bb gutentor-element gutentor-element-video-popup g-pos-a-desktop g-pos-a-tablet g-pos-a-mobile gutentor-enable-ripple gutentor-enable-ripple-color gutentor-enable-animation text-align-center-mobile\"><div class=\"gutentor-element-video-popup-wrap\"><a class=\"gutentor-video-popup-holder gutentor-white\" href=\"https:\/\/www.youtube.com\/watch?v=OiXow-wQYrQ\"><span class=\"video-popup-icon-box\"><i class=\"fas fa-play\"><\/i><\/span><\/a><\/div><\/div>\n\n\n\n<div id=\"section-gd2cc36\" class=\"wp-block-gutentor-e6 section-gd2cc36 gutentor-element gutentor-element-image g-pos-a-desktop g-pos-a-tablet g-pos-a-mobile g-pos-custom-desktop g-pos-custom-tablet g-pos-custom-mobile gutentor-enabled-width imgicono\"><div class=\"gutentor-element-image-box\"><div class=\"gutentor-image-thumb\"><img decoding=\"async\" class=\"normal-image\" src=\"https:\/\/uniguajira.edu.co\/wp-content\/uploads\/2023\/12\/logo-uniguajira-blanco-para-menu-fijo-Uniguajira.webp\" alt=\"Logo con transparencia de la Universidad de la Guajira : Logo distintivo de la Universidad de La Guajira, reflejando la identidad acad\u00e9mica y el compromiso con la excelencia educativa en la regi\u00f3n caribe\u00f1a de Colombia.\" \/><\/div><\/div><\/div>\n\n<\/div>\n\n\n<h3 class=\"gb-headline gb-headline-e93f634f gb-headline-text\">Canchas<\/h3>\n\n<\/div>\n<\/div><\/div>\n\n<div class=\"gb-grid-column gb-grid-column-8aa5900b\"><div class=\"gb-container gb-container-8aa5900b\">\n<div class=\"gb-container gb-container-bbb6c6d0\">\n<div class=\"gb-container gb-container-1a6711c9\">\n\n<div id=\"section-g-ea0nn0q\" class=\"wp-block-gutentor-e6 section-g-ea0nn0q gutentor-element gutentor-element-image imgt\"><div class=\"gutentor-element-image-box\"><div class=\"gutentor-image-thumb\"><img decoding=\"async\" class=\"normal-image\" src=\"https:\/\/uniguajira.edu.co\/wp-content\/uploads\/2024\/06\/Prueba-portada.webp\" alt=\"Prueba portada\" \/><div class=\"overlay\"><\/div><\/div><\/div><\/div>\n\n\n\n<div id=\"section-g-7xlp5xx\" class=\"wp-block-gutentor-e11 section-g-7xlp5xx gutentor-element gutentor-element-video-popup g-pos-a-desktop g-pos-a-tablet g-pos-a-mobile gutentor-enable-ripple gutentor-enable-ripple-color gutentor-enable-animation text-align-center-mobile\"><div class=\"gutentor-element-video-popup-wrap\"><a class=\"gutentor-video-popup-holder gutentor-white\" href=\"https:\/\/www.youtube.com\/watch?v=eKuzzTYxSOA\"><span class=\"video-popup-icon-box\"><i class=\"fas fa-play\"><\/i><\/span><\/a><\/div><\/div>\n\n\n\n<div id=\"section-g-7u6eeuw\" class=\"wp-block-gutentor-e6 section-g-7u6eeuw gutentor-element gutentor-element-image g-pos-a-desktop g-pos-a-tablet g-pos-a-mobile g-pos-custom-desktop g-pos-custom-tablet g-pos-custom-mobile gutentor-enabled-width imgicono\"><div class=\"gutentor-element-image-box\"><div class=\"gutentor-image-thumb\"><img decoding=\"async\" class=\"normal-image\" src=\"https:\/\/uniguajira.edu.co\/wp-content\/uploads\/2023\/12\/logo-uniguajira-blanco-para-menu-fijo-Uniguajira.webp\" alt=\"Logo con transparencia de la Universidad de la Guajira : Logo distintivo de la Universidad de La Guajira, reflejando la identidad acad\u00e9mica y el compromiso con la excelencia educativa en la regi\u00f3n caribe\u00f1a de Colombia.\" \/><\/div><\/div><\/div>\n\n<\/div>\n\n\n<h3 class=\"gb-headline gb-headline-538b3d0d gb-headline-text\">Edificios<\/h3>\n\n<\/div>\n<\/div><\/div>\n\n<div class=\"gb-grid-column gb-grid-column-80da4118\"><div class=\"gb-container gb-container-80da4118\">\n<div class=\"gb-container gb-container-b2bbc626\">\n<div class=\"gb-container gb-container-a8614cd3\">\n\n<div id=\"section-g-skemsk1\" class=\"wp-block-gutentor-e6 section-g-skemsk1 gutentor-element gutentor-element-image imgt\"><div class=\"gutentor-element-image-box\"><div class=\"gutentor-image-thumb\"><img decoding=\"async\" class=\"normal-image\" src=\"https:\/\/uniguajira.edu.co\/wp-content\/uploads\/2024\/06\/Prueba-portada.webp\" alt=\"Prueba portada\" \/><div class=\"overlay\"><\/div><\/div><\/div><\/div>\n\n\n\n<div id=\"section-g-qsfghsy\" class=\"wp-block-gutentor-e11 section-g-qsfghsy gutentor-element gutentor-element-video-popup g-pos-a-desktop g-pos-a-tablet g-pos-a-mobile gutentor-enable-ripple gutentor-enable-ripple-color gutentor-enable-animation text-align-center-mobile\"><div class=\"gutentor-element-video-popup-wrap\"><a class=\"gutentor-video-popup-holder gutentor-white\" href=\"https:\/\/www.youtube.com\/watch?v=JpeI8lQ5CU8\"><span class=\"video-popup-icon-box\"><i class=\"fas fa-play\"><\/i><\/span><\/a><\/div><\/div>\n\n\n\n<div id=\"section-g-tlflln2\" class=\"wp-block-gutentor-e6 section-g-tlflln2 gutentor-element gutentor-element-image g-pos-a-desktop g-pos-a-tablet g-pos-a-mobile g-pos-custom-desktop g-pos-custom-tablet g-pos-custom-mobile gutentor-enabled-width imgicono\"><div class=\"gutentor-element-image-box\"><div class=\"gutentor-image-thumb\"><img decoding=\"async\" class=\"normal-image\" src=\"https:\/\/uniguajira.edu.co\/wp-content\/uploads\/2023\/12\/logo-uniguajira-blanco-para-menu-fijo-Uniguajira.webp\" alt=\"Logo con transparencia de la Universidad de la Guajira : Logo distintivo de la Universidad de La Guajira, reflejando la identidad acad\u00e9mica y el compromiso con la excelencia educativa en la regi\u00f3n caribe\u00f1a de Colombia.\" \/><\/div><\/div><\/div>\n\n<\/div>\n\n\n<h3 class=\"gb-headline gb-headline-b6d46f80 gb-headline-text\">Laboratorios<\/h3>\n\n<\/div>\n<\/div><\/div>\n<\/div>\n<\/div>\n<\/div>\n<\/div>\n<\/div>\n<\/div>","protected":false},"excerpt":{"rendered":"<p>Un Paseo Divertido por la Universidad de La Guajira \u00a1Bienvenidos a \u2018Conociendo Mi Universidad!\u2019 En esta emocionante secci\u00f3n de nuestro portal para ni\u00f1os, &#8230; <a title=\"Conociendo la universidad\" class=\"read-more\" href=\"https:\/\/uniguajira.edu.co\/wa\/universidad-de-la-guajira\/portal-para-ninos\/conociendo-la-universidad\/\" aria-label=\"Read more about Conociendo la universidad\">.<\/a><\/p>","protected":false},"author":3,"featured_media":24542,"parent":31852,"menu_order":0,"comment_status":"closed","ping_status":"closed","template":"","meta":{"footnotes":""},"class_list":{"0":"post-34384","1":"page","2":"type-page","3":"status-publish","4":"has-post-thumbnail","6":"infinite-scroll-item"},"yoast_head":"<!-- This site is optimized with the Yoast SEO Premium plugin v27.0 (Yoast SEO v27.0) - https:\/\/yoast.com\/product\/yoast-seo-premium-wordpress\/ -->\n<title>Conociendo la universidad<\/title>\n<meta name=\"robots\" content=\"index, follow, max-snippet:-1, max-image-preview:large, max-video-preview:-1\" \/>\n<link rel=\"canonical\" href=\"https:\/\/uniguajira.edu.co\/wa\/universidad-de-la-guajira\/portal-para-ninos\/conociendo-la-universidad\/\" \/>\n<meta property=\"og:locale\" content=\"en_US\" \/>\n<meta property=\"og:type\" content=\"article\" \/>\n<meta property=\"og:title\" content=\"Conociendo la universidad\" \/>\n<meta property=\"og:description\" content=\"Un Paseo Divertido por la Universidad de La Guajira \u00a1Bienvenidos a \u2018Conociendo Mi Universidad!\u2019 En esta emocionante secci\u00f3n de nuestro portal para ni\u00f1os, ... .\" \/>\n<meta property=\"og:url\" content=\"https:\/\/uniguajira.edu.co\/wa\/universidad-de-la-guajira\/portal-para-ninos\/conociendo-la-universidad\/\" \/>\n<meta property=\"og:site_name\" content=\"Universidad de La Guajira\" \/>\n<meta property=\"article:publisher\" content=\"https:\/\/www.facebook.com\/UniLaGuajira\/\" \/>\n<meta property=\"article:modified_time\" content=\"2024-10-02T21:40:08+00:00\" \/>\n<meta property=\"og:image\" content=\"https:\/\/uniguajira.edu.co\/wp-content\/uploads\/2024\/01\/vista-aerea-de-uniguajira.webp\" \/>\n\t<meta property=\"og:image:width\" content=\"1920\" \/>\n\t<meta property=\"og:image:height\" content=\"590\" \/>\n\t<meta property=\"og:image:type\" content=\"image\/webp\" \/>\n<meta name=\"twitter:card\" content=\"summary_large_image\" \/>\n<meta name=\"twitter:site\" content=\"@UniLaGuajira\" \/>\n<meta name=\"twitter:label1\" content=\"Est. reading time\" \/>\n\t<meta name=\"twitter:data1\" content=\"2 minutes\" \/>\n<script type=\"application\/ld+json\" class=\"yoast-schema-graph\">{\"@context\":\"https:\/\/schema.org\",\"@graph\":[{\"@type\":\"WebPage\",\"@id\":\"https:\/\/uniguajira.edu.co\/en\/universidad-de-la-guajira\/portal-para-ninos\/conociendo-la-universidad\/\",\"url\":\"https:\/\/uniguajira.edu.co\/en\/universidad-de-la-guajira\/portal-para-ninos\/conociendo-la-universidad\/\",\"name\":\"Conociendo la universidad\",\"isPartOf\":{\"@id\":\"https:\/\/uniguajira.edu.co\/#website\"},\"primaryImageOfPage\":{\"@id\":\"https:\/\/uniguajira.edu.co\/en\/universidad-de-la-guajira\/portal-para-ninos\/conociendo-la-universidad\/#primaryimage\"},\"image\":{\"@id\":\"https:\/\/uniguajira.edu.co\/en\/universidad-de-la-guajira\/portal-para-ninos\/conociendo-la-universidad\/#primaryimage\"},\"thumbnailUrl\":\"https:\/\/uniguajira.edu.co\/wp-content\/uploads\/2024\/01\/vista-aerea-de-uniguajira.webp\",\"datePublished\":\"2024-03-19T23:50:46+00:00\",\"dateModified\":\"2024-10-02T21:40:08+00:00\",\"breadcrumb\":{\"@id\":\"https:\/\/uniguajira.edu.co\/en\/universidad-de-la-guajira\/portal-para-ninos\/conociendo-la-universidad\/#breadcrumb\"},\"inLanguage\":\"wa-WA\",\"potentialAction\":[{\"@type\":\"ReadAction\",\"target\":[\"https:\/\/uniguajira.edu.co\/en\/universidad-de-la-guajira\/portal-para-ninos\/conociendo-la-universidad\/\"]}]},{\"@type\":\"ImageObject\",\"inLanguage\":\"wa-WA\",\"@id\":\"https:\/\/uniguajira.edu.co\/en\/universidad-de-la-guajira\/portal-para-ninos\/conociendo-la-universidad\/#primaryimage\",\"url\":\"https:\/\/uniguajira.edu.co\/wp-content\/uploads\/2024\/01\/vista-aerea-de-uniguajira.webp\",\"contentUrl\":\"https:\/\/uniguajira.edu.co\/wp-content\/uploads\/2024\/01\/vista-aerea-de-uniguajira.webp\",\"width\":1920,\"height\":590,\"caption\":\"vista-aerea-de-la-universidad-de-la-guajira-donde-se-aprecia-la-mayor-parte-de-su-infraestructura\"},{\"@type\":\"BreadcrumbList\",\"@id\":\"https:\/\/uniguajira.edu.co\/en\/universidad-de-la-guajira\/portal-para-ninos\/conociendo-la-universidad\/#breadcrumb\",\"itemListElement\":[{\"@type\":\"ListItem\",\"position\":1,\"name\":\"\u2302 Uniguajira\",\"item\":\"https:\/\/uniguajira.edu.co\/\"},{\"@type\":\"ListItem\",\"position\":2,\"name\":\"Uniguajira\",\"item\":\"https:\/\/uniguajira.edu.co\/\"},{\"@type\":\"ListItem\",\"position\":3,\"name\":\"Portal para ni\u00f1os\",\"item\":\"https:\/\/uniguajira.edu.co\/universidad-de-la-guajira\/portal-para-ninos\/\"},{\"@type\":\"ListItem\",\"position\":4,\"name\":\"Conociendo la universidad\"}]},{\"@type\":\"WebSite\",\"@id\":\"https:\/\/uniguajira.edu.co\/#website\",\"url\":\"https:\/\/uniguajira.edu.co\/\",\"name\":\"UNIGUAJIRA\",\"description\":\"Descubre la educaci\u00f3n superior con oportunidades laborales, retos estudiantiles y tecnolog\u00eda innovadora. Alcanza el \u00e9xito acad\u00e9mico y explora el impacto social y la diversidad en un entorno de aprendizaje moderno. Ad\u00e1ptate con inteligencia artificial y pr\u00e1cticas profesionales para un crecimiento integral.\",\"publisher\":{\"@id\":\"https:\/\/uniguajira.edu.co\/#organization\"},\"alternateName\":\"Universidad de La Guajira\",\"potentialAction\":[{\"@type\":\"SearchAction\",\"target\":{\"@type\":\"EntryPoint\",\"urlTemplate\":\"https:\/\/uniguajira.edu.co\/?s={search_term_string}\"},\"query-input\":{\"@type\":\"PropertyValueSpecification\",\"valueRequired\":true,\"valueName\":\"search_term_string\"}}],\"inLanguage\":\"wa-WA\"},{\"@type\":\"Organization\",\"@id\":\"https:\/\/uniguajira.edu.co\/#organization\",\"name\":\"Universidad de La Guajira\",\"alternateName\":\"UNIGUAJIRA\",\"url\":\"https:\/\/uniguajira.edu.co\/\",\"logo\":{\"@type\":\"ImageObject\",\"inLanguage\":\"wa-WA\",\"@id\":\"https:\/\/uniguajira.edu.co\/#\/schema\/logo\/image\/\",\"url\":\"https:\/\/uniguajira.edu.co\/wp-content\/uploads\/2026\/01\/cropped-cropped-LOGOS-PAGINA-WEB-04-1.webp\",\"contentUrl\":\"https:\/\/uniguajira.edu.co\/wp-content\/uploads\/2026\/01\/cropped-cropped-LOGOS-PAGINA-WEB-04-1.webp\",\"width\":360,\"height\":72,\"caption\":\"Universidad de La Guajira\"},\"image\":{\"@id\":\"https:\/\/uniguajira.edu.co\/#\/schema\/logo\/image\/\"},\"sameAs\":[\"https:\/\/www.facebook.com\/UniLaGuajira\/\",\"https:\/\/x.com\/UniLaGuajira\",\"https:\/\/www.instagram.com\/uniguajira_\/\",\"https:\/\/www.youtube.com\/user\/UniLaGuajira\"]}]}<\/script>\n<!-- \/ Yoast SEO Premium plugin. -->","yoast_head_json":{"title":"Conociendo la universidad","robots":{"index":"index","follow":"follow","max-snippet":"max-snippet:-1","max-image-preview":"max-image-preview:large","max-video-preview":"max-video-preview:-1"},"canonical":"https:\/\/uniguajira.edu.co\/wa\/universidad-de-la-guajira\/portal-para-ninos\/conociendo-la-universidad\/","og_locale":"en_US","og_type":"article","og_title":"Conociendo la universidad","og_description":"Un Paseo Divertido por la Universidad de La Guajira \u00a1Bienvenidos a \u2018Conociendo Mi Universidad!\u2019 En esta emocionante secci\u00f3n de nuestro portal para ni\u00f1os, ... .","og_url":"https:\/\/uniguajira.edu.co\/wa\/universidad-de-la-guajira\/portal-para-ninos\/conociendo-la-universidad\/","og_site_name":"Universidad de La Guajira","article_publisher":"https:\/\/www.facebook.com\/UniLaGuajira\/","article_modified_time":"2024-10-02T21:40:08+00:00","og_image":[{"width":1920,"height":590,"url":"https:\/\/uniguajira.edu.co\/wp-content\/uploads\/2024\/01\/vista-aerea-de-uniguajira.webp","type":"image\/webp"}],"twitter_card":"summary_large_image","twitter_site":"@UniLaGuajira","twitter_misc":{"Est. reading time":"2 minutes"},"schema":{"@context":"https:\/\/schema.org","@graph":[{"@type":"WebPage","@id":"https:\/\/uniguajira.edu.co\/en\/universidad-de-la-guajira\/portal-para-ninos\/conociendo-la-universidad\/","url":"https:\/\/uniguajira.edu.co\/en\/universidad-de-la-guajira\/portal-para-ninos\/conociendo-la-universidad\/","name":"Conociendo la universidad","isPartOf":{"@id":"https:\/\/uniguajira.edu.co\/#website"},"primaryImageOfPage":{"@id":"https:\/\/uniguajira.edu.co\/en\/universidad-de-la-guajira\/portal-para-ninos\/conociendo-la-universidad\/#primaryimage"},"image":{"@id":"https:\/\/uniguajira.edu.co\/en\/universidad-de-la-guajira\/portal-para-ninos\/conociendo-la-universidad\/#primaryimage"},"thumbnailUrl":"https:\/\/uniguajira.edu.co\/wp-content\/uploads\/2024\/01\/vista-aerea-de-uniguajira.webp","datePublished":"2024-03-19T23:50:46+00:00","dateModified":"2024-10-02T21:40:08+00:00","breadcrumb":{"@id":"https:\/\/uniguajira.edu.co\/en\/universidad-de-la-guajira\/portal-para-ninos\/conociendo-la-universidad\/#breadcrumb"},"inLanguage":"wa-WA","potentialAction":[{"@type":"ReadAction","target":["https:\/\/uniguajira.edu.co\/en\/universidad-de-la-guajira\/portal-para-ninos\/conociendo-la-universidad\/"]}]},{"@type":"ImageObject","inLanguage":"wa-WA","@id":"https:\/\/uniguajira.edu.co\/en\/universidad-de-la-guajira\/portal-para-ninos\/conociendo-la-universidad\/#primaryimage","url":"https:\/\/uniguajira.edu.co\/wp-content\/uploads\/2024\/01\/vista-aerea-de-uniguajira.webp","contentUrl":"https:\/\/uniguajira.edu.co\/wp-content\/uploads\/2024\/01\/vista-aerea-de-uniguajira.webp","width":1920,"height":590,"caption":"vista-aerea-de-la-universidad-de-la-guajira-donde-se-aprecia-la-mayor-parte-de-su-infraestructura"},{"@type":"BreadcrumbList","@id":"https:\/\/uniguajira.edu.co\/en\/universidad-de-la-guajira\/portal-para-ninos\/conociendo-la-universidad\/#breadcrumb","itemListElement":[{"@type":"ListItem","position":1,"name":"\u2302 Uniguajira","item":"https:\/\/uniguajira.edu.co\/"},{"@type":"ListItem","position":2,"name":"Uniguajira","item":"https:\/\/uniguajira.edu.co\/"},{"@type":"ListItem","position":3,"name":"Portal para ni\u00f1os","item":"https:\/\/uniguajira.edu.co\/universidad-de-la-guajira\/portal-para-ninos\/"},{"@type":"ListItem","position":4,"name":"Conociendo la universidad"}]},{"@type":"WebSite","@id":"https:\/\/uniguajira.edu.co\/#website","url":"https:\/\/uniguajira.edu.co\/","name":"UNIGUAJIRA","description":"Descubre la educaci\u00f3n superior con oportunidades laborales, retos estudiantiles y tecnolog\u00eda innovadora. Alcanza el \u00e9xito acad\u00e9mico y explora el impacto social y la diversidad en un entorno de aprendizaje moderno. Ad\u00e1ptate con inteligencia artificial y pr\u00e1cticas profesionales para un crecimiento integral.","publisher":{"@id":"https:\/\/uniguajira.edu.co\/#organization"},"alternateName":"Universidad de La Guajira","potentialAction":[{"@type":"SearchAction","target":{"@type":"EntryPoint","urlTemplate":"https:\/\/uniguajira.edu.co\/?s={search_term_string}"},"query-input":{"@type":"PropertyValueSpecification","valueRequired":true,"valueName":"search_term_string"}}],"inLanguage":"wa-WA"},{"@type":"Organization","@id":"https:\/\/uniguajira.edu.co\/#organization","name":"Shikii Ekirajia P\u00fclee Wajiira","alternateName":"UNIGUAJIRA","url":"https:\/\/uniguajira.edu.co\/","logo":{"@type":"ImageObject","inLanguage":"wa-WA","@id":"https:\/\/uniguajira.edu.co\/#\/schema\/logo\/image\/","url":"https:\/\/uniguajira.edu.co\/wp-content\/uploads\/2026\/01\/cropped-cropped-LOGOS-PAGINA-WEB-04-1.webp","contentUrl":"https:\/\/uniguajira.edu.co\/wp-content\/uploads\/2026\/01\/cropped-cropped-LOGOS-PAGINA-WEB-04-1.webp","width":360,"height":72,"caption":"Universidad de La Guajira"},"image":{"@id":"https:\/\/uniguajira.edu.co\/#\/schema\/logo\/image\/"},"sameAs":["https:\/\/www.facebook.com\/UniLaGuajira\/","https:\/\/x.com\/UniLaGuajira","https:\/\/www.instagram.com\/uniguajira_\/","https:\/\/www.youtube.com\/user\/UniLaGuajira"]}]}},"_hostinger_reach_plugin_has_subscription_block":false,"_hostinger_reach_plugin_is_elementor":false,"_links":{"self":[{"href":"https:\/\/uniguajira.edu.co\/wa\/wp-json\/wp\/v2\/pages\/34384","targetHints":{"allow":["GET"]}}],"collection":[{"href":"https:\/\/uniguajira.edu.co\/wa\/wp-json\/wp\/v2\/pages"}],"about":[{"href":"https:\/\/uniguajira.edu.co\/wa\/wp-json\/wp\/v2\/types\/page"}],"author":[{"embeddable":true,"href":"https:\/\/uniguajira.edu.co\/wa\/wp-json\/wp\/v2\/users\/3"}],"replies":[{"embeddable":true,"href":"https:\/\/uniguajira.edu.co\/wa\/wp-json\/wp\/v2\/comments?post=34384"}],"version-history":[{"count":0,"href":"https:\/\/uniguajira.edu.co\/wa\/wp-json\/wp\/v2\/pages\/34384\/revisions"}],"up":[{"embeddable":true,"href":"https:\/\/uniguajira.edu.co\/wa\/wp-json\/wp\/v2\/pages\/31852"}],"wp:featuredmedia":[{"embeddable":true,"href":"https:\/\/uniguajira.edu.co\/wa\/wp-json\/wp\/v2\/media\/24542"}],"wp:attachment":[{"href":"https:\/\/uniguajira.edu.co\/wa\/wp-json\/wp\/v2\/media?parent=34384"}],"curies":[{"name":"wp","href":"https:\/\/api.w.org\/{rel}","templated":true}]}}