{"id":34383,"date":"2024-03-19T18:25:32","date_gmt":"2024-03-19T23:25:32","guid":{"rendered":"https:\/\/uniguajira.edu.co\/?page_id=34383"},"modified":"2024-10-10T11:04:50","modified_gmt":"2024-10-10T16:04:50","slug":"asodets","status":"publish","type":"page","link":"https:\/\/uniguajira.edu.co\/wa\/universidad-de-la-guajira\/asociaciones\/asodets\/","title":{"rendered":"ASODETS"},"content":{"rendered":"<div class=\"gb-container gb-container-1bddf169\">\n<div class=\"gb-container gb-container-8a679f50\">\n<div class=\"gb-container gb-container-9f9779f3\">\n<div class=\"gb-container gb-container-e69d52a9\">\n<div class=\"gb-container gb-container-15bd005e\">\n<section class=\"gb-container gb-container-9c49e961\" id=\"misionvision\">\n<div class=\"gb-container gb-container-0cde761a\">\n<div class=\"gb-container gb-container-9cf2f08b\">\n\n<h3 class=\"gb-headline gb-headline-ce613c2b\"><span class=\"gb-icon\"><svg data-name=\"Layer 1\" xmlns=\"http:\/\/www.w3.org\/2000\/svg\" viewbox=\"0 0 128 128\"><path d=\"M116.681 26.982a1.748 1.748 0 00-1.3-1.22l-10.725-2.423-2.423-10.725a1.749 1.749 0 00-2.944-.851L86.954 24.1A49.908 49.908 0 10103.9 41.046l12.34-12.34a1.751 1.751 0 00.441-1.724zm-9.106 39.855A46.406 46.406 0 1184.4 26.658l-5.665 5.665a1.736 1.736 0 00-.135.175 38.564 38.564 0 1016.894 16.917 1.726 1.726 0 00.183-.149l5.665-5.665a46.25 46.25 0 016.233 23.236zM91.341 49.123a34.963 34.963 0 11-12.467-12.479l1.843 8.164-1.768 1.768a27.028 27.028 0 102.475 2.475l1.768-1.768zM68.688 66.837a7.553 7.553 0 11-3.595-6.405L59.925 65.6a1.75 1.75 0 102.475 2.474l5.168-5.168a7.467 7.467 0 011.12 3.931zm-1.076-8.924a11.07 11.07 0 102.474 2.475l8.858-8.858a23.511 23.511 0 11-2.474-2.475zm32.844-18.376l-6.568 6.567-.985-.222-.038-.009L84.1 43.9l-2.209-9.783 17.632-17.635 1.967 8.706a1.751 1.751 0 001.322 1.322l8.706 1.967z\"><\/path><\/svg><\/span><span class=\"gb-headline-text\">* <mark style=\"background-color:rgba(0, 0, 0, 0)\" class=\"has-inline-color has-global-color-9-color\">Tu\u2019u  shiateria akuipa\u2019a<\/mark><\/span><\/h3>\n\n\n\n<p class=\"gb-headline gb-headline-ee60a0fc gb-headline-text\">La asociaci\u00f3n de Estudiantes de Trabajo Social (ASODETS), tiene como misi\u00f3n complementar la informaci\u00f3n de los estudiantes de Trabajo Social, fomentando una actitud cr\u00edtica e investigativa frente a la actividad social del entorno, formulando diagn\u00f3sticos participativos que conlleven a la aplicaci\u00f3n de las pol\u00edticas sociales establecidas.<\/p>\n\n<\/div>\n\n<div class=\"gb-container gb-container-baff036d\">\n\n<h3 class=\"gb-headline gb-headline-cdfd5478\"><span class=\"gb-icon\"><svg xmlns=\"http:\/\/www.w3.org\/2000\/svg\" viewbox=\"0 0 511.998 511.998\"><path d=\"M504.502 246.627c-1.128-1.41-28.128-34.914-71.893-68.747-25.848-19.982-52.232-35.935-78.416-47.417-31.827-13.956-63.466-21.306-94.114-21.908a149.364 149.364 0 00-4.079-.059c-1.364 0-2.723.022-4.078.059-30.648.601-62.287 7.951-94.114 21.908-26.185 11.481-52.568 27.435-78.416 47.417C35.627 211.713 8.628 245.218 7.5 246.627L0 255.999l7.498 9.372c1.128 1.41 28.128 34.914 71.893 68.747 25.848 19.982 52.232 35.935 78.416 47.417 31.828 13.956 63.466 21.306 94.114 21.908 1.355.037 2.714.059 4.078.059s2.723-.022 4.078-.059c30.648-.601 62.287-7.951 94.114-21.908 26.185-11.481 52.568-27.435 78.416-47.417 43.765-33.833 70.765-67.337 71.893-68.747l7.498-9.372-7.496-9.372zm-374.277 86.347c-11.789-7.311-22.516-14.914-31.927-22.164-27.683-21.327-48.526-42.902-59.261-54.811 10.736-11.91 31.578-33.484 59.261-54.811 9.411-7.251 20.137-14.853 31.927-22.164-13.774 22.422-21.727 48.786-21.727 76.975s7.955 54.553 21.727 76.975zm129.372 40.463c-1.198.025-2.395.06-3.597.06s-2.399-.036-3.597-.06c-63.13-1.909-113.9-53.853-113.9-117.438s50.77-115.529 113.9-117.438c1.198-.025 2.395-.06 3.597-.06s2.399.036 3.597.06c63.13 1.908 113.9 53.853 113.9 117.438s-50.77 115.528-113.9 117.438zm154.104-62.627c-9.411 7.251-20.136 14.853-31.927 22.164 13.774-22.422 21.727-48.786 21.727-76.975 0-28.188-7.954-54.553-21.727-76.975 11.789 7.312 22.515 14.914 31.927 22.164 27.683 21.327 48.525 42.9 59.261 54.811-10.736 11.911-31.578 33.484-59.261 54.811z\"><\/path><path d=\"M256 170.685c-47.042 0-85.314 38.272-85.314 85.314s38.272 85.314 85.314 85.314 85.314-38.272 85.314-85.314-38.272-85.314-85.314-85.314zm0 140.624c-30.498 0-55.31-24.812-55.31-55.31s24.812-55.31 55.31-55.31 55.31 24.812 55.31 55.31-24.812 55.31-55.31 55.31z\"><\/path><\/svg><\/span><span class=\"gb-headline-text\">* <mark style=\"background-color:rgba(0, 0, 0, 0)\" class=\"has-inline-color has-global-color-9-color\">Tu\u2019u  sujuterria\u2019a akuaipa\u2019a<\/mark><\/span><\/h3>\n\n\n\n<p class=\"gb-headline gb-headline-3dfaa752 gb-headline-text\">La asociaci\u00f3n de estudiantes de Trabajo Social (ASODETS), se proyecta como una organizaci\u00f3n l\u00edder en su g\u00e9nero dentro del claustro universitario donde vio su luz, extendiendo su radio de acci\u00f3n al \u00e1mbito local, regional, nacional e internacional, aport\u00e1ndole a la sociedad profesionales \u00edntegros, innovadores y comprometidos con el desarrollo social.<\/p>\n\n<\/div>\n<\/div>\n<\/section>\n<\/div>\n<\/div>\n<\/div>\n\n<div class=\"gb-container gb-container-6aae6d91\" id=\"gsocial\">\n<div class=\"gb-container gb-container-f24a5211\">\n<div class=\"gb-container gb-container-61197dc1\">\n<div class=\"gb-container gb-container-14c73d23\">\n\n<details class=\"wp-block-details is-layout-flow wp-block-details-is-layout-flow\" open><summary>Mesa directiva<\/summary><div class=\"gb-container gb-container-5692accd\">\n\n<ul class=\"wp-block-list\">\n<li><strong>Yuris Patricia Chiquillo Ruiz<\/strong>\n<ul class=\"wp-block-list\">\n<li>Presidente<\/li>\n<\/ul>\n<\/li>\n\n\n\n<li><strong>Melani Melithza Milian Benitez<\/strong>\n<ul class=\"wp-block-list\">\n<li>Vicepresidente<\/li>\n<\/ul>\n<\/li>\n\n\n\n<li><strong>Nasly Mireya Serrano Riano<\/strong>\n<ul class=\"wp-block-list\">\n<li>Secretaria<\/li>\n<\/ul>\n<\/li>\n\n\n\n<li><strong>Jesica Dayana Zurib\u00eda Palacio<\/strong>\n<ul class=\"wp-block-list\">\n<li>Tesorera<\/li>\n<\/ul>\n<\/li>\n\n\n\n<li><strong>Maria Alejandra G\u00f3mez Ospino<\/strong>\n<ul class=\"wp-block-list\">\n<li>Fiscal<\/li>\n<\/ul>\n<\/li>\n\n\n\n<li><strong>Neicy Auxiliadora Quintero Blanco<\/strong>\n<ul class=\"wp-block-list\">\n<li>Vocal 1<\/li>\n<\/ul>\n<\/li>\n\n\n\n<li><strong>Nadia Yohana Barliza Alarc\u00f3n<\/strong>\n<ul class=\"wp-block-list\">\n<li>Vocal 2<\/li>\n<\/ul>\n<\/li>\n\n\n\n<li><strong>Angelica Ximena Meza Bernal<\/strong>\n<ul class=\"wp-block-list\">\n<li>Vocal 3<\/li>\n<\/ul>\n<\/li>\n\n\n\n<li><strong>Laidriana Julieth Gonzalez Fernandez<\/strong>\n<ul class=\"wp-block-list\">\n<li>Vocal 4<\/li>\n<\/ul>\n<\/li>\n<\/ul>\n\n\n<div class=\"gb-container gb-container-256cab93\">\n\n<p>Es toda persona natural responsable y libremente, sin remuneraci\u00f3n de car\u00e1cter laboral, ofrece tiempo, trabajo y talento para la construcci\u00f3n del bien com\u00fan en forma individual o colectiva, en organizaciones p\u00fablicas o privadas nacionales e internacionales o fuera de ello.<\/p>\n\n<\/div>\n<\/div><\/details>\n\n<\/div>\n\n<div class=\"gb-container gb-container-d8c4ac51\">\n\n<details class=\"wp-block-details is-layout-flow wp-block-details-is-layout-flow\"><summary>Objeto social<\/summary><div class=\"gb-container gb-container-42cf2b4a\">\n\n<ul class=\"wp-block-list\">\n<li>Impulsar y apoyar la conformaci\u00f3n y organizaci\u00f3n del grupo de estudiantes de Trabajo Social de la Universidad de La Guajira.<\/li>\n\n\n\n<li>Fomentar en sus miembros a trav\u00e9s del desarrollo de actividades, el crecimiento y la formaci\u00f3n integral que les permita conocer, interpretar y transformar la realidad nacional e internacional.<\/li>\n\n\n\n<li>Formar l\u00edderes que contribuyan al desarrollo social y econ\u00f3mico de la regi\u00f3n, el pa\u00eds y el mundo.<\/li>\n\n\n\n<li>Lograr una interpretaci\u00f3n fraternal entre sus miembros con el fin de obtener un liderazgo enmarcado en un esp\u00edritu democr\u00e1tico, y el respeto a la autonom\u00eda, formando as\u00ed miembros con responsabilidad, \u00e9tica, sensibilidad social y sentido de pertenencia.<\/li>\n\n\n\n<li>Promover la participaci\u00f3n activa del estudiante en su entorno, de modo que le permita poner en pr\u00e1ctica sus conocimientos.<\/li>\n\n\n\n<li>Propender por el mejoramiento continuo del buen nombre de la Asociaci\u00f3n, y el de cada uno de sus miembros.<\/li>\n\n\n\n<li>Propiciar el acercamiento entre la Universidad, la Sociedad, la Empresa y el Estado.<\/li>\n\n\n\n<li>Promover el desarrollo integral de los estudiantes de Trabajo Social en el municipio, la regi\u00f3n y el pa\u00eds, a trav\u00e9s de acciones y actividades de investigaci\u00f3n social, capacitaci\u00f3n, organizaci\u00f3n y gesti\u00f3n.<\/li>\n\n\n\n<li>Impulsar el desarrollo de la regi\u00f3n por medio de la intervenci\u00f3n profesional, la investigaci\u00f3n y la gesti\u00f3n, enfocados al individuo, la familiar, los grupos y la comunidad.<\/li>\n\n\n\n<li>Impulsar y apoyar la conformaci\u00f3n de grupos de estudiante de Trabajo Social, en las distintas extensiones de la Universidad de La Guajira donde exista este programa.<\/li>\n\n\n\n<li>Trabajar para mejorar la condiciones profesionales, culturales y acad\u00e9micas de los asociados, y el bienestar integral de la comunidad guajira.<\/li>\n\n\n\n<li>Promover el trabajo social como dinamizador de procesos sociales, en pro del desarrollo de la regi\u00f3n, a trav\u00e9s de proyectos productivos y ambientales.<\/li>\n\n\n\n<li>Procurar un mejor nivel de vida para cada uno de los miembros activos, trabajando por el desarrollo social, profesional y cient\u00edfico, mediante la organizaci\u00f3n y participaci\u00f3n en eventos acad\u00e9micos, culturales, cient\u00edficos, sociales y de investigaci\u00f3n social.<\/li>\n\n\n\n<li>Establecer y mantener contacto con entidades p\u00fablicas, privadas, locales, regionales, nacionales, y extranjeras, afines en la b\u00fasqueda de prop\u00f3sitos comunes, y que contribuyan al impulso de los estudiantes de Trabajo Social de la Universidad de La Guajira.<\/li>\n\n\n\n<li>Propiciar e impulsar la actualizaci\u00f3n del conocimiento del estudiante de Trabajo Social para mejorar su desarrollo a nivel personal y profesional.<\/li>\n\n\n\n<li>Desarrollar convenios, contratos y actividades con organismos gubernamentales y no gubernamentales en procura de acciones que coadyuven al objeto social del gremio.<\/li>\n\n\n\n<li>Proyecta e impulsar el ejercicio de la apropiaci\u00f3n del conocimiento en el \u00e1rea del Trabajo Social, para elaborar, aplicar, y\/o ejecutar proyectos sociales en los diferentes sectores del departamento, el pa\u00eds y el exterior, por medio del an\u00e1lisis, la reflexi\u00f3n y la investigaci\u00f3n.<\/li>\n\n\n\n<li>Cooperar con las actividade acad\u00e9micas de la Universidad de La Guajira, para actualizar y mejorar los planes y programas de estudio, implementando la investigaci\u00f3n social.<\/li>\n\n\n\n<li>Organizar un banco de proyectos sociales para canalizar y gestionar oportunidades para la ejecuci\u00f3n, contrataci\u00f3n y\/o convenios con entidades gubernamentales y no gubernamentales, privadas o no, nacionales e internacionales.<\/li>\n\n\n\n<li>Desarrollar planes y programas en pro del beneficio de los estudiantes y la comunidad, en el aspecto econ\u00f3mico y cultural de la regi\u00f3n, a trav\u00e9s de educativos, de prestaci\u00f3n de servicios, en todos los sectores, y otras actividades que vayan con los objetivos de estos estatutos y la ley.<\/li>\n\n\n\n<li>Velar y promover los derechos humanos, en pro del fortalecimiento del desarrollo integral del ni\u00f1o, el joven y la estabilidad familiar, contribuyendo a la formaci\u00f3n y permanencia del n\u00facleo familiar.<\/li>\n\n\n\n<li>Incentivar a los estudiantes de Trabajo Social de la Universidad de La Guajira a participar del desarrollo acad\u00e9mico y productivo de \u00e9sta, desarrollando propuestas y oportunidades de investigaciones, ensayos, estudios, asesor\u00edas, consultor\u00edas a nivel local, regional, nacional e internacional, intercambiando experiencias y conocimientos culturales y cient\u00edficos.<\/li>\n<\/ul>\n\n<\/div><\/details>\n\n<\/div>\n<\/div>\n<\/div>\n<\/div>\n<\/div>\n<\/div>","protected":false},"excerpt":{"rendered":"<p>Nuestra misi\u00f3n La asociaci\u00f3n de Estudiantes de Trabajo Social (ASODETS), tiene como misi\u00f3n complementar la informaci\u00f3n de los estudiantes de Trabajo Social, fomentando &#8230; <a title=\"ASODETS\" class=\"read-more\" href=\"https:\/\/uniguajira.edu.co\/wa\/universidad-de-la-guajira\/asociaciones\/asodets\/\" aria-label=\"Read more about ASODETS\">.<\/a><\/p>","protected":false},"author":3,"featured_media":24542,"parent":31468,"menu_order":0,"comment_status":"closed","ping_status":"closed","template":"","meta":{"footnotes":""},"class_list":{"0":"post-34383","1":"page","2":"type-page","3":"status-publish","4":"has-post-thumbnail","6":"infinite-scroll-item"},"yoast_head":"<!-- This site is optimized with the Yoast SEO Premium plugin v27.0 (Yoast SEO v27.0) - https:\/\/yoast.com\/product\/yoast-seo-premium-wordpress\/ -->\n<title>ASODETS<\/title>\n<meta name=\"robots\" content=\"index, follow, max-snippet:-1, max-image-preview:large, max-video-preview:-1\" \/>\n<link rel=\"canonical\" href=\"https:\/\/uniguajira.edu.co\/wa\/universidad-de-la-guajira\/asociaciones\/asodets\/\" \/>\n<meta property=\"og:locale\" content=\"en_US\" \/>\n<meta property=\"og:type\" content=\"article\" \/>\n<meta property=\"og:title\" content=\"ASODETS\" \/>\n<meta property=\"og:description\" content=\"Nuestra misi\u00f3n La asociaci\u00f3n de Estudiantes de Trabajo Social (ASODETS), tiene como misi\u00f3n complementar la informaci\u00f3n de los estudiantes de Trabajo Social, fomentando ... .\" \/>\n<meta property=\"og:url\" content=\"https:\/\/uniguajira.edu.co\/wa\/universidad-de-la-guajira\/asociaciones\/asodets\/\" \/>\n<meta property=\"og:site_name\" content=\"Universidad de La Guajira\" \/>\n<meta property=\"article:publisher\" content=\"https:\/\/www.facebook.com\/UniLaGuajira\/\" \/>\n<meta property=\"article:modified_time\" content=\"2024-10-10T16:04:50+00:00\" \/>\n<meta property=\"og:image\" content=\"https:\/\/uniguajira.edu.co\/wp-content\/uploads\/2024\/01\/vista-aerea-de-uniguajira.webp\" \/>\n\t<meta property=\"og:image:width\" content=\"1920\" \/>\n\t<meta property=\"og:image:height\" content=\"590\" \/>\n\t<meta property=\"og:image:type\" content=\"image\/webp\" \/>\n<meta name=\"twitter:card\" content=\"summary_large_image\" \/>\n<meta name=\"twitter:site\" content=\"@UniLaGuajira\" \/>\n<meta name=\"twitter:label1\" content=\"Est. reading time\" \/>\n\t<meta name=\"twitter:data1\" content=\"4 minutes\" \/>\n<script type=\"application\/ld+json\" class=\"yoast-schema-graph\">{\"@context\":\"https:\/\/schema.org\",\"@graph\":[{\"@type\":\"WebPage\",\"@id\":\"https:\/\/uniguajira.edu.co\/universidad-de-la-guajira\/asociaciones\/asodets\/\",\"url\":\"https:\/\/uniguajira.edu.co\/universidad-de-la-guajira\/asociaciones\/asodets\/\",\"name\":\"ASODETS\",\"isPartOf\":{\"@id\":\"https:\/\/uniguajira.edu.co\/#website\"},\"primaryImageOfPage\":{\"@id\":\"https:\/\/uniguajira.edu.co\/universidad-de-la-guajira\/asociaciones\/asodets\/#primaryimage\"},\"image\":{\"@id\":\"https:\/\/uniguajira.edu.co\/universidad-de-la-guajira\/asociaciones\/asodets\/#primaryimage\"},\"thumbnailUrl\":\"https:\/\/uniguajira.edu.co\/wp-content\/uploads\/2024\/01\/vista-aerea-de-uniguajira.webp\",\"datePublished\":\"2024-03-19T23:25:32+00:00\",\"dateModified\":\"2024-10-10T16:04:50+00:00\",\"breadcrumb\":{\"@id\":\"https:\/\/uniguajira.edu.co\/universidad-de-la-guajira\/asociaciones\/asodets\/#breadcrumb\"},\"inLanguage\":\"wa-WA\",\"potentialAction\":[{\"@type\":\"ReadAction\",\"target\":[\"https:\/\/uniguajira.edu.co\/universidad-de-la-guajira\/asociaciones\/asodets\/\"]}]},{\"@type\":\"ImageObject\",\"inLanguage\":\"wa-WA\",\"@id\":\"https:\/\/uniguajira.edu.co\/universidad-de-la-guajira\/asociaciones\/asodets\/#primaryimage\",\"url\":\"https:\/\/uniguajira.edu.co\/wp-content\/uploads\/2024\/01\/vista-aerea-de-uniguajira.webp\",\"contentUrl\":\"https:\/\/uniguajira.edu.co\/wp-content\/uploads\/2024\/01\/vista-aerea-de-uniguajira.webp\",\"width\":1920,\"height\":590,\"caption\":\"vista-aerea-de-la-universidad-de-la-guajira-donde-se-aprecia-la-mayor-parte-de-su-infraestructura\"},{\"@type\":\"BreadcrumbList\",\"@id\":\"https:\/\/uniguajira.edu.co\/universidad-de-la-guajira\/asociaciones\/asodets\/#breadcrumb\",\"itemListElement\":[{\"@type\":\"ListItem\",\"position\":1,\"name\":\"\u2302 Uniguajira\",\"item\":\"https:\/\/uniguajira.edu.co\/\"},{\"@type\":\"ListItem\",\"position\":2,\"name\":\"Uniguajira\",\"item\":\"https:\/\/uniguajira.edu.co\/\"},{\"@type\":\"ListItem\",\"position\":3,\"name\":\"Asociaciones\",\"item\":\"https:\/\/uniguajira.edu.co\/universidad-de-la-guajira\/asociaciones\/\"},{\"@type\":\"ListItem\",\"position\":4,\"name\":\"ASODETS\"}]},{\"@type\":\"WebSite\",\"@id\":\"https:\/\/uniguajira.edu.co\/#website\",\"url\":\"https:\/\/uniguajira.edu.co\/\",\"name\":\"UNIGUAJIRA\",\"description\":\"Descubre la educaci\u00f3n superior con oportunidades laborales, retos estudiantiles y tecnolog\u00eda innovadora. Alcanza el \u00e9xito acad\u00e9mico y explora el impacto social y la diversidad en un entorno de aprendizaje moderno. Ad\u00e1ptate con inteligencia artificial y pr\u00e1cticas profesionales para un crecimiento integral.\",\"publisher\":{\"@id\":\"https:\/\/uniguajira.edu.co\/#organization\"},\"alternateName\":\"Universidad de La Guajira\",\"potentialAction\":[{\"@type\":\"SearchAction\",\"target\":{\"@type\":\"EntryPoint\",\"urlTemplate\":\"https:\/\/uniguajira.edu.co\/?s={search_term_string}\"},\"query-input\":{\"@type\":\"PropertyValueSpecification\",\"valueRequired\":true,\"valueName\":\"search_term_string\"}}],\"inLanguage\":\"wa-WA\"},{\"@type\":\"Organization\",\"@id\":\"https:\/\/uniguajira.edu.co\/#organization\",\"name\":\"Universidad de La Guajira\",\"alternateName\":\"UNIGUAJIRA\",\"url\":\"https:\/\/uniguajira.edu.co\/\",\"logo\":{\"@type\":\"ImageObject\",\"inLanguage\":\"wa-WA\",\"@id\":\"https:\/\/uniguajira.edu.co\/#\/schema\/logo\/image\/\",\"url\":\"https:\/\/uniguajira.edu.co\/wp-content\/uploads\/2026\/01\/cropped-cropped-LOGOS-PAGINA-WEB-04-1.webp\",\"contentUrl\":\"https:\/\/uniguajira.edu.co\/wp-content\/uploads\/2026\/01\/cropped-cropped-LOGOS-PAGINA-WEB-04-1.webp\",\"width\":360,\"height\":72,\"caption\":\"Universidad de La Guajira\"},\"image\":{\"@id\":\"https:\/\/uniguajira.edu.co\/#\/schema\/logo\/image\/\"},\"sameAs\":[\"https:\/\/www.facebook.com\/UniLaGuajira\/\",\"https:\/\/x.com\/UniLaGuajira\",\"https:\/\/www.instagram.com\/uniguajira_\/\",\"https:\/\/www.youtube.com\/user\/UniLaGuajira\"]}]}<\/script>\n<!-- \/ Yoast SEO Premium plugin. -->","yoast_head_json":{"title":"ASODETS","robots":{"index":"index","follow":"follow","max-snippet":"max-snippet:-1","max-image-preview":"max-image-preview:large","max-video-preview":"max-video-preview:-1"},"canonical":"https:\/\/uniguajira.edu.co\/wa\/universidad-de-la-guajira\/asociaciones\/asodets\/","og_locale":"en_US","og_type":"article","og_title":"ASODETS","og_description":"Nuestra misi\u00f3n La asociaci\u00f3n de Estudiantes de Trabajo Social (ASODETS), tiene como misi\u00f3n complementar la informaci\u00f3n de los estudiantes de Trabajo Social, fomentando ... .","og_url":"https:\/\/uniguajira.edu.co\/wa\/universidad-de-la-guajira\/asociaciones\/asodets\/","og_site_name":"Universidad de La Guajira","article_publisher":"https:\/\/www.facebook.com\/UniLaGuajira\/","article_modified_time":"2024-10-10T16:04:50+00:00","og_image":[{"width":1920,"height":590,"url":"https:\/\/uniguajira.edu.co\/wp-content\/uploads\/2024\/01\/vista-aerea-de-uniguajira.webp","type":"image\/webp"}],"twitter_card":"summary_large_image","twitter_site":"@UniLaGuajira","twitter_misc":{"Est. reading time":"4 minutes"},"schema":{"@context":"https:\/\/schema.org","@graph":[{"@type":"WebPage","@id":"https:\/\/uniguajira.edu.co\/universidad-de-la-guajira\/asociaciones\/asodets\/","url":"https:\/\/uniguajira.edu.co\/universidad-de-la-guajira\/asociaciones\/asodets\/","name":"ASODETS","isPartOf":{"@id":"https:\/\/uniguajira.edu.co\/#website"},"primaryImageOfPage":{"@id":"https:\/\/uniguajira.edu.co\/universidad-de-la-guajira\/asociaciones\/asodets\/#primaryimage"},"image":{"@id":"https:\/\/uniguajira.edu.co\/universidad-de-la-guajira\/asociaciones\/asodets\/#primaryimage"},"thumbnailUrl":"https:\/\/uniguajira.edu.co\/wp-content\/uploads\/2024\/01\/vista-aerea-de-uniguajira.webp","datePublished":"2024-03-19T23:25:32+00:00","dateModified":"2024-10-10T16:04:50+00:00","breadcrumb":{"@id":"https:\/\/uniguajira.edu.co\/universidad-de-la-guajira\/asociaciones\/asodets\/#breadcrumb"},"inLanguage":"wa-WA","potentialAction":[{"@type":"ReadAction","target":["https:\/\/uniguajira.edu.co\/universidad-de-la-guajira\/asociaciones\/asodets\/"]}]},{"@type":"ImageObject","inLanguage":"wa-WA","@id":"https:\/\/uniguajira.edu.co\/universidad-de-la-guajira\/asociaciones\/asodets\/#primaryimage","url":"https:\/\/uniguajira.edu.co\/wp-content\/uploads\/2024\/01\/vista-aerea-de-uniguajira.webp","contentUrl":"https:\/\/uniguajira.edu.co\/wp-content\/uploads\/2024\/01\/vista-aerea-de-uniguajira.webp","width":1920,"height":590,"caption":"vista-aerea-de-la-universidad-de-la-guajira-donde-se-aprecia-la-mayor-parte-de-su-infraestructura"},{"@type":"BreadcrumbList","@id":"https:\/\/uniguajira.edu.co\/universidad-de-la-guajira\/asociaciones\/asodets\/#breadcrumb","itemListElement":[{"@type":"ListItem","position":1,"name":"\u2302 Uniguajira","item":"https:\/\/uniguajira.edu.co\/"},{"@type":"ListItem","position":2,"name":"Uniguajira","item":"https:\/\/uniguajira.edu.co\/"},{"@type":"ListItem","position":3,"name":"Asociaciones","item":"https:\/\/uniguajira.edu.co\/universidad-de-la-guajira\/asociaciones\/"},{"@type":"ListItem","position":4,"name":"ASODETS"}]},{"@type":"WebSite","@id":"https:\/\/uniguajira.edu.co\/#website","url":"https:\/\/uniguajira.edu.co\/","name":"UNIGUAJIRA","description":"Descubre la educaci\u00f3n superior con oportunidades laborales, retos estudiantiles y tecnolog\u00eda innovadora. Alcanza el \u00e9xito acad\u00e9mico y explora el impacto social y la diversidad en un entorno de aprendizaje moderno. Ad\u00e1ptate con inteligencia artificial y pr\u00e1cticas profesionales para un crecimiento integral.","publisher":{"@id":"https:\/\/uniguajira.edu.co\/#organization"},"alternateName":"Universidad de La Guajira","potentialAction":[{"@type":"SearchAction","target":{"@type":"EntryPoint","urlTemplate":"https:\/\/uniguajira.edu.co\/?s={search_term_string}"},"query-input":{"@type":"PropertyValueSpecification","valueRequired":true,"valueName":"search_term_string"}}],"inLanguage":"wa-WA"},{"@type":"Organization","@id":"https:\/\/uniguajira.edu.co\/#organization","name":"Shikii Ekirajia P\u00fclee Wajiira","alternateName":"UNIGUAJIRA","url":"https:\/\/uniguajira.edu.co\/","logo":{"@type":"ImageObject","inLanguage":"wa-WA","@id":"https:\/\/uniguajira.edu.co\/#\/schema\/logo\/image\/","url":"https:\/\/uniguajira.edu.co\/wp-content\/uploads\/2026\/01\/cropped-cropped-LOGOS-PAGINA-WEB-04-1.webp","contentUrl":"https:\/\/uniguajira.edu.co\/wp-content\/uploads\/2026\/01\/cropped-cropped-LOGOS-PAGINA-WEB-04-1.webp","width":360,"height":72,"caption":"Universidad de La Guajira"},"image":{"@id":"https:\/\/uniguajira.edu.co\/#\/schema\/logo\/image\/"},"sameAs":["https:\/\/www.facebook.com\/UniLaGuajira\/","https:\/\/x.com\/UniLaGuajira","https:\/\/www.instagram.com\/uniguajira_\/","https:\/\/www.youtube.com\/user\/UniLaGuajira"]}]}},"_hostinger_reach_plugin_has_subscription_block":false,"_hostinger_reach_plugin_is_elementor":false,"_links":{"self":[{"href":"https:\/\/uniguajira.edu.co\/wa\/wp-json\/wp\/v2\/pages\/34383","targetHints":{"allow":["GET"]}}],"collection":[{"href":"https:\/\/uniguajira.edu.co\/wa\/wp-json\/wp\/v2\/pages"}],"about":[{"href":"https:\/\/uniguajira.edu.co\/wa\/wp-json\/wp\/v2\/types\/page"}],"author":[{"embeddable":true,"href":"https:\/\/uniguajira.edu.co\/wa\/wp-json\/wp\/v2\/users\/3"}],"replies":[{"embeddable":true,"href":"https:\/\/uniguajira.edu.co\/wa\/wp-json\/wp\/v2\/comments?post=34383"}],"version-history":[{"count":0,"href":"https:\/\/uniguajira.edu.co\/wa\/wp-json\/wp\/v2\/pages\/34383\/revisions"}],"up":[{"embeddable":true,"href":"https:\/\/uniguajira.edu.co\/wa\/wp-json\/wp\/v2\/pages\/31468"}],"wp:featuredmedia":[{"embeddable":true,"href":"https:\/\/uniguajira.edu.co\/wa\/wp-json\/wp\/v2\/media\/24542"}],"wp:attachment":[{"href":"https:\/\/uniguajira.edu.co\/wa\/wp-json\/wp\/v2\/media?parent=34383"}],"curies":[{"name":"wp","href":"https:\/\/api.w.org\/{rel}","templated":true}]}}