{"id":34374,"date":"2024-03-19T18:07:23","date_gmt":"2024-03-19T23:07:23","guid":{"rendered":"https:\/\/uniguajira.edu.co\/?page_id=34374"},"modified":"2024-08-28T09:54:31","modified_gmt":"2024-08-28T14:54:31","slug":"asodun","status":"publish","type":"page","link":"https:\/\/uniguajira.edu.co\/wa\/universidad-de-la-guajira\/asociaciones\/asodun\/","title":{"rendered":"ASODUN"},"content":{"rendered":"<div class=\"gb-container gb-container-1bddf169\">\n<div class=\"gb-container gb-container-8a679f50\">\n<div class=\"gb-container gb-container-194ddd1e\">\n\n<h2 class=\"gb-headline gb-headline-a0cd03ec gb-headline-text\">Asociaci\u00f3n nacional de estudiantes de ingenier\u00edas industrial, administrativa y de producci\u00f3n<\/h2>\n\n\n\n<p class=\"has-text-align-left\">Somos un grupo de ingenieros j\u00f3venes, l\u00edderes y emprendedores de todo el territorio colombiano, comprometidos no solo con nuestra formaci\u00f3n hol\u00edstica, sino tambi\u00e9n con el desarrollo y la integraci\u00f3n nacional, es por esto que en respuesta a la renovaci\u00f3n institucional del 2013 (con convenios de cobertura amplia, una a\u00fan m\u00e1s robusta estructura de trabajo y un re-lanzamiento de imagen) queremos decirle al pa\u00eds y al mundo que &#8220;Somos Parte de la Respuesta&#8221; y que &#8220;La Respuesta es Colombia&#8221;.<\/p>\n\n\n\n<p class=\"has-text-align-left\">ANEIAP es una entidad aut\u00f3noma, sin \u00e1nimo de lucro, creada con el fin de crear, impulsar y apoyar actividades y experiencias que propendan por el desarrollo integral de sus asociados (futuros profesionales de Ingenier\u00edas Industrial, Administrativa, de Producci\u00f3n y afines) en las 1o ciudades donde tiene sedes: Bogot\u00e1, Riohacha, Santa Marta, Barranquilla, Valledupar, Sincelejo, Medell\u00edn, Cali, Manizales y Pereira<\/p>\n\n<\/div>\n\n<div class=\"gb-container gb-container-9f9779f3\">\n<div class=\"gb-container gb-container-e69d52a9\">\n<div class=\"gb-container gb-container-15bd005e\">\n<section class=\"gb-container gb-container-9c49e961\" id=\"misionvision\">\n<div class=\"gb-container gb-container-0cde761a\">\n<div class=\"gb-container gb-container-9cf2f08b\">\n\n<h3 class=\"gb-headline gb-headline-ce613c2b\"><span class=\"gb-icon\"><svg data-name=\"Layer 1\" xmlns=\"http:\/\/www.w3.org\/2000\/svg\" viewbox=\"0 0 128 128\"><path d=\"M116.681 26.982a1.748 1.748 0 00-1.3-1.22l-10.725-2.423-2.423-10.725a1.749 1.749 0 00-2.944-.851L86.954 24.1A49.908 49.908 0 10103.9 41.046l12.34-12.34a1.751 1.751 0 00.441-1.724zm-9.106 39.855A46.406 46.406 0 1184.4 26.658l-5.665 5.665a1.736 1.736 0 00-.135.175 38.564 38.564 0 1016.894 16.917 1.726 1.726 0 00.183-.149l5.665-5.665a46.25 46.25 0 016.233 23.236zM91.341 49.123a34.963 34.963 0 11-12.467-12.479l1.843 8.164-1.768 1.768a27.028 27.028 0 102.475 2.475l1.768-1.768zM68.688 66.837a7.553 7.553 0 11-3.595-6.405L59.925 65.6a1.75 1.75 0 102.475 2.474l5.168-5.168a7.467 7.467 0 011.12 3.931zm-1.076-8.924a11.07 11.07 0 102.474 2.475l8.858-8.858a23.511 23.511 0 11-2.474-2.475zm32.844-18.376l-6.568 6.567-.985-.222-.038-.009L84.1 43.9l-2.209-9.783 17.632-17.635 1.967 8.706a1.751 1.751 0 001.322 1.322l8.706 1.967z\"><\/path><\/svg><\/span><span class=\"gb-headline-text\">* <mark style=\"background-color:rgba(0, 0, 0, 0)\" class=\"has-inline-color has-global-color-9-color\">Tu\u2019u  shiateria akuipa\u2019a<\/mark><\/span><\/h3>\n\n\n\n<p class=\"gb-headline gb-headline-ee60a0fc gb-headline-text\">La asociaci\u00f3n de docentes de la Universidad de La Guajira es una organizaci\u00f3n sin \u00e1nimo de lucro y representa a todas aquella personas que ejercen labor de docente dentro de la instituci\u00f3n, tiene como principio fundamental la constituci\u00f3n para defender los derechos, mejorar la calidad de vida de sus asociados y propender por crear formas efectivas de comunicaci\u00f3n, cooperaci\u00f3n, capacitaci\u00f3n e integraci\u00f3n para fortalecer la docencia, la investigaci\u00f3n y la proyecci\u00f3n social en la Universidad de La Guajira.<\/p>\n\n<\/div>\n\n<div class=\"gb-container gb-container-baff036d\">\n\n<h3 class=\"gb-headline gb-headline-cdfd5478\"><span class=\"gb-icon\"><svg xmlns=\"http:\/\/www.w3.org\/2000\/svg\" viewbox=\"0 0 511.998 511.998\"><path d=\"M504.502 246.627c-1.128-1.41-28.128-34.914-71.893-68.747-25.848-19.982-52.232-35.935-78.416-47.417-31.827-13.956-63.466-21.306-94.114-21.908a149.364 149.364 0 00-4.079-.059c-1.364 0-2.723.022-4.078.059-30.648.601-62.287 7.951-94.114 21.908-26.185 11.481-52.568 27.435-78.416 47.417C35.627 211.713 8.628 245.218 7.5 246.627L0 255.999l7.498 9.372c1.128 1.41 28.128 34.914 71.893 68.747 25.848 19.982 52.232 35.935 78.416 47.417 31.828 13.956 63.466 21.306 94.114 21.908 1.355.037 2.714.059 4.078.059s2.723-.022 4.078-.059c30.648-.601 62.287-7.951 94.114-21.908 26.185-11.481 52.568-27.435 78.416-47.417 43.765-33.833 70.765-67.337 71.893-68.747l7.498-9.372-7.496-9.372zm-374.277 86.347c-11.789-7.311-22.516-14.914-31.927-22.164-27.683-21.327-48.526-42.902-59.261-54.811 10.736-11.91 31.578-33.484 59.261-54.811 9.411-7.251 20.137-14.853 31.927-22.164-13.774 22.422-21.727 48.786-21.727 76.975s7.955 54.553 21.727 76.975zm129.372 40.463c-1.198.025-2.395.06-3.597.06s-2.399-.036-3.597-.06c-63.13-1.909-113.9-53.853-113.9-117.438s50.77-115.529 113.9-117.438c1.198-.025 2.395-.06 3.597-.06s2.399.036 3.597.06c63.13 1.908 113.9 53.853 113.9 117.438s-50.77 115.528-113.9 117.438zm154.104-62.627c-9.411 7.251-20.136 14.853-31.927 22.164 13.774-22.422 21.727-48.786 21.727-76.975 0-28.188-7.954-54.553-21.727-76.975 11.789 7.312 22.515 14.914 31.927 22.164 27.683 21.327 48.525 42.9 59.261 54.811-10.736 11.911-31.578 33.484-59.261 54.811z\"><\/path><path d=\"M256 170.685c-47.042 0-85.314 38.272-85.314 85.314s38.272 85.314 85.314 85.314 85.314-38.272 85.314-85.314-38.272-85.314-85.314-85.314zm0 140.624c-30.498 0-55.31-24.812-55.31-55.31s24.812-55.31 55.31-55.31 55.31 24.812 55.31 55.31-24.812 55.31-55.31 55.31z\"><\/path><\/svg><\/span><span class=\"gb-headline-text\">* <mark style=\"background-color:rgba(0, 0, 0, 0)\" class=\"has-inline-color has-global-color-9-color\">Tu\u2019u  sujuterria\u2019a akuaipa\u2019a<\/mark><\/span><\/h3>\n\n\n\n<p class=\"gb-headline gb-headline-3dfaa752 gb-headline-text\">Ser el l\u00edder en el fortalecimiento del talento humano, la educaci\u00f3n y los derechos laborales de los docentes universitarios para as\u00ed contribuir con la calidad integral de vida de los colombianos, por medio de la investigaci\u00f3n, el uso de las nuevas tecnolog\u00edas, la gesti\u00f3n y la construcci\u00f3n de un nuevo pa\u00eds a trav\u00e9s de la cooperaci\u00f3n e investigaci\u00f3n del ser en todas sus dimensiones.<\/p>\n\n<\/div>\n<\/div>\n<\/section>\n<\/div>\n<\/div>\n<\/div>\n\n<div class=\"gb-container gb-container-6aae6d91\" id=\"gsocial\">\n<div class=\"gb-container gb-container-f24a5211\">\n\n<h2 class=\"gb-headline gb-headline-bfefec9e gb-headline-text\">Objeto<\/h2>\n\n\n\n<p class=\"has-text-align-left\">El presente convenio tiene por objeto la cooperaci\u00f3n interinstitucional para buscar la integraci\u00f3n en las ofertas de Especializaciones, Maestr\u00edas, Doctorados y Post Doctorados, articular las respuestas institucionale en sus afiliados y comunidad en general.<\/p>\n\n\n\n<p class=\"has-text-align-left\">Servir de canal para la adquisici\u00f3n de bienes y servicios para que faciliten a los asociados por descuentos de n\u00f3mina, prestar servicios de asesor\u00edas, consultor\u00edas y capacitaciones a toda la comunidad en general, organizar paquetes de servicios en \u00e1reas de la ciencia y la tecnolog\u00eda, proponer l\u00edneas de investigaci\u00f3n y desarrollar investigaci\u00f3n que contribuya a atender las necesidades del desarrollo del conocimiento del entorno seminarios, diplomados y otros, velar por el bienestar y seguridad social, cultural y fronterizo, realizar eventos acad\u00e9micos, tales como: Foros, seminarios, diplomados y otros, velar por el bienestar y seguridad social de los afiliados, mantener una comunicaci\u00f3n efectiva y asertiva con las directivas de la Universidad de La Guajira.<\/p>\n\n<\/div>\n<\/div>\n<\/div>\n<\/div>","protected":false},"excerpt":{"rendered":"<p>Asociaci\u00f3n nacional de estudiantes de ingenier\u00edas industrial, administrativa y de producci\u00f3n Somos un grupo de ingenieros j\u00f3venes, l\u00edderes y emprendedores de todo el &#8230; <a title=\"ASODUN\" class=\"read-more\" href=\"https:\/\/uniguajira.edu.co\/wa\/universidad-de-la-guajira\/asociaciones\/asodun\/\" aria-label=\"Read more about ASODUN\">.<\/a><\/p>","protected":false},"author":3,"featured_media":24542,"parent":31468,"menu_order":0,"comment_status":"closed","ping_status":"closed","template":"","meta":{"footnotes":""},"class_list":{"0":"post-34374","1":"page","2":"type-page","3":"status-publish","4":"has-post-thumbnail","6":"infinite-scroll-item"},"yoast_head":"<!-- This site is optimized with the Yoast SEO Premium plugin v27.0 (Yoast SEO v27.0) - https:\/\/yoast.com\/product\/yoast-seo-premium-wordpress\/ -->\n<title>ASODUN<\/title>\n<meta name=\"robots\" content=\"index, follow, max-snippet:-1, max-image-preview:large, max-video-preview:-1\" \/>\n<link rel=\"canonical\" href=\"https:\/\/uniguajira.edu.co\/wa\/universidad-de-la-guajira\/asociaciones\/asodun\/\" \/>\n<meta property=\"og:locale\" content=\"en_US\" \/>\n<meta property=\"og:type\" content=\"article\" \/>\n<meta property=\"og:title\" content=\"ASODUN\" \/>\n<meta property=\"og:description\" content=\"Asociaci\u00f3n nacional de estudiantes de ingenier\u00edas industrial, administrativa y de producci\u00f3n Somos un grupo de ingenieros j\u00f3venes, l\u00edderes y emprendedores de todo el ... .\" \/>\n<meta property=\"og:url\" content=\"https:\/\/uniguajira.edu.co\/wa\/universidad-de-la-guajira\/asociaciones\/asodun\/\" \/>\n<meta property=\"og:site_name\" content=\"Universidad de La Guajira\" \/>\n<meta property=\"article:publisher\" content=\"https:\/\/www.facebook.com\/UniLaGuajira\/\" \/>\n<meta property=\"article:modified_time\" content=\"2024-08-28T14:54:31+00:00\" \/>\n<meta property=\"og:image\" content=\"https:\/\/uniguajira.edu.co\/wp-content\/uploads\/2024\/01\/vista-aerea-de-uniguajira.webp\" \/>\n\t<meta property=\"og:image:width\" content=\"1920\" \/>\n\t<meta property=\"og:image:height\" content=\"590\" \/>\n\t<meta property=\"og:image:type\" content=\"image\/webp\" \/>\n<meta name=\"twitter:card\" content=\"summary_large_image\" \/>\n<meta name=\"twitter:site\" content=\"@UniLaGuajira\" \/>\n<meta name=\"twitter:label1\" content=\"Est. reading time\" \/>\n\t<meta name=\"twitter:data1\" content=\"3 minutes\" \/>\n<script type=\"application\/ld+json\" class=\"yoast-schema-graph\">{\"@context\":\"https:\/\/schema.org\",\"@graph\":[{\"@type\":\"WebPage\",\"@id\":\"https:\/\/uniguajira.edu.co\/universidad-de-la-guajira\/asociaciones\/asodun\/\",\"url\":\"https:\/\/uniguajira.edu.co\/universidad-de-la-guajira\/asociaciones\/asodun\/\",\"name\":\"ASODUN\",\"isPartOf\":{\"@id\":\"https:\/\/uniguajira.edu.co\/#website\"},\"primaryImageOfPage\":{\"@id\":\"https:\/\/uniguajira.edu.co\/universidad-de-la-guajira\/asociaciones\/asodun\/#primaryimage\"},\"image\":{\"@id\":\"https:\/\/uniguajira.edu.co\/universidad-de-la-guajira\/asociaciones\/asodun\/#primaryimage\"},\"thumbnailUrl\":\"https:\/\/uniguajira.edu.co\/wp-content\/uploads\/2024\/01\/vista-aerea-de-uniguajira.webp\",\"datePublished\":\"2024-03-19T23:07:23+00:00\",\"dateModified\":\"2024-08-28T14:54:31+00:00\",\"breadcrumb\":{\"@id\":\"https:\/\/uniguajira.edu.co\/universidad-de-la-guajira\/asociaciones\/asodun\/#breadcrumb\"},\"inLanguage\":\"wa-WA\",\"potentialAction\":[{\"@type\":\"ReadAction\",\"target\":[\"https:\/\/uniguajira.edu.co\/universidad-de-la-guajira\/asociaciones\/asodun\/\"]}]},{\"@type\":\"ImageObject\",\"inLanguage\":\"wa-WA\",\"@id\":\"https:\/\/uniguajira.edu.co\/universidad-de-la-guajira\/asociaciones\/asodun\/#primaryimage\",\"url\":\"https:\/\/uniguajira.edu.co\/wp-content\/uploads\/2024\/01\/vista-aerea-de-uniguajira.webp\",\"contentUrl\":\"https:\/\/uniguajira.edu.co\/wp-content\/uploads\/2024\/01\/vista-aerea-de-uniguajira.webp\",\"width\":1920,\"height\":590,\"caption\":\"vista-aerea-de-la-universidad-de-la-guajira-donde-se-aprecia-la-mayor-parte-de-su-infraestructura\"},{\"@type\":\"BreadcrumbList\",\"@id\":\"https:\/\/uniguajira.edu.co\/universidad-de-la-guajira\/asociaciones\/asodun\/#breadcrumb\",\"itemListElement\":[{\"@type\":\"ListItem\",\"position\":1,\"name\":\"\u2302 Uniguajira\",\"item\":\"https:\/\/uniguajira.edu.co\/\"},{\"@type\":\"ListItem\",\"position\":2,\"name\":\"Uniguajira\",\"item\":\"https:\/\/uniguajira.edu.co\/\"},{\"@type\":\"ListItem\",\"position\":3,\"name\":\"Asociaciones\",\"item\":\"https:\/\/uniguajira.edu.co\/universidad-de-la-guajira\/asociaciones\/\"},{\"@type\":\"ListItem\",\"position\":4,\"name\":\"ASODUN\"}]},{\"@type\":\"WebSite\",\"@id\":\"https:\/\/uniguajira.edu.co\/#website\",\"url\":\"https:\/\/uniguajira.edu.co\/\",\"name\":\"UNIGUAJIRA\",\"description\":\"Descubre la educaci\u00f3n superior con oportunidades laborales, retos estudiantiles y tecnolog\u00eda innovadora. Alcanza el \u00e9xito acad\u00e9mico y explora el impacto social y la diversidad en un entorno de aprendizaje moderno. Ad\u00e1ptate con inteligencia artificial y pr\u00e1cticas profesionales para un crecimiento integral.\",\"publisher\":{\"@id\":\"https:\/\/uniguajira.edu.co\/#organization\"},\"alternateName\":\"Universidad de La Guajira\",\"potentialAction\":[{\"@type\":\"SearchAction\",\"target\":{\"@type\":\"EntryPoint\",\"urlTemplate\":\"https:\/\/uniguajira.edu.co\/?s={search_term_string}\"},\"query-input\":{\"@type\":\"PropertyValueSpecification\",\"valueRequired\":true,\"valueName\":\"search_term_string\"}}],\"inLanguage\":\"wa-WA\"},{\"@type\":\"Organization\",\"@id\":\"https:\/\/uniguajira.edu.co\/#organization\",\"name\":\"Universidad de La Guajira\",\"alternateName\":\"UNIGUAJIRA\",\"url\":\"https:\/\/uniguajira.edu.co\/\",\"logo\":{\"@type\":\"ImageObject\",\"inLanguage\":\"wa-WA\",\"@id\":\"https:\/\/uniguajira.edu.co\/#\/schema\/logo\/image\/\",\"url\":\"https:\/\/uniguajira.edu.co\/wp-content\/uploads\/2026\/01\/cropped-cropped-LOGOS-PAGINA-WEB-04-1.webp\",\"contentUrl\":\"https:\/\/uniguajira.edu.co\/wp-content\/uploads\/2026\/01\/cropped-cropped-LOGOS-PAGINA-WEB-04-1.webp\",\"width\":360,\"height\":72,\"caption\":\"Universidad de La Guajira\"},\"image\":{\"@id\":\"https:\/\/uniguajira.edu.co\/#\/schema\/logo\/image\/\"},\"sameAs\":[\"https:\/\/www.facebook.com\/UniLaGuajira\/\",\"https:\/\/x.com\/UniLaGuajira\",\"https:\/\/www.instagram.com\/uniguajira_\/\",\"https:\/\/www.youtube.com\/user\/UniLaGuajira\"]}]}<\/script>\n<!-- \/ Yoast SEO Premium plugin. -->","yoast_head_json":{"title":"ASODUN","robots":{"index":"index","follow":"follow","max-snippet":"max-snippet:-1","max-image-preview":"max-image-preview:large","max-video-preview":"max-video-preview:-1"},"canonical":"https:\/\/uniguajira.edu.co\/wa\/universidad-de-la-guajira\/asociaciones\/asodun\/","og_locale":"en_US","og_type":"article","og_title":"ASODUN","og_description":"Asociaci\u00f3n nacional de estudiantes de ingenier\u00edas industrial, administrativa y de producci\u00f3n Somos un grupo de ingenieros j\u00f3venes, l\u00edderes y emprendedores de todo el ... .","og_url":"https:\/\/uniguajira.edu.co\/wa\/universidad-de-la-guajira\/asociaciones\/asodun\/","og_site_name":"Universidad de La Guajira","article_publisher":"https:\/\/www.facebook.com\/UniLaGuajira\/","article_modified_time":"2024-08-28T14:54:31+00:00","og_image":[{"width":1920,"height":590,"url":"https:\/\/uniguajira.edu.co\/wp-content\/uploads\/2024\/01\/vista-aerea-de-uniguajira.webp","type":"image\/webp"}],"twitter_card":"summary_large_image","twitter_site":"@UniLaGuajira","twitter_misc":{"Est. reading time":"3 minutes"},"schema":{"@context":"https:\/\/schema.org","@graph":[{"@type":"WebPage","@id":"https:\/\/uniguajira.edu.co\/universidad-de-la-guajira\/asociaciones\/asodun\/","url":"https:\/\/uniguajira.edu.co\/universidad-de-la-guajira\/asociaciones\/asodun\/","name":"ASODUN","isPartOf":{"@id":"https:\/\/uniguajira.edu.co\/#website"},"primaryImageOfPage":{"@id":"https:\/\/uniguajira.edu.co\/universidad-de-la-guajira\/asociaciones\/asodun\/#primaryimage"},"image":{"@id":"https:\/\/uniguajira.edu.co\/universidad-de-la-guajira\/asociaciones\/asodun\/#primaryimage"},"thumbnailUrl":"https:\/\/uniguajira.edu.co\/wp-content\/uploads\/2024\/01\/vista-aerea-de-uniguajira.webp","datePublished":"2024-03-19T23:07:23+00:00","dateModified":"2024-08-28T14:54:31+00:00","breadcrumb":{"@id":"https:\/\/uniguajira.edu.co\/universidad-de-la-guajira\/asociaciones\/asodun\/#breadcrumb"},"inLanguage":"wa-WA","potentialAction":[{"@type":"ReadAction","target":["https:\/\/uniguajira.edu.co\/universidad-de-la-guajira\/asociaciones\/asodun\/"]}]},{"@type":"ImageObject","inLanguage":"wa-WA","@id":"https:\/\/uniguajira.edu.co\/universidad-de-la-guajira\/asociaciones\/asodun\/#primaryimage","url":"https:\/\/uniguajira.edu.co\/wp-content\/uploads\/2024\/01\/vista-aerea-de-uniguajira.webp","contentUrl":"https:\/\/uniguajira.edu.co\/wp-content\/uploads\/2024\/01\/vista-aerea-de-uniguajira.webp","width":1920,"height":590,"caption":"vista-aerea-de-la-universidad-de-la-guajira-donde-se-aprecia-la-mayor-parte-de-su-infraestructura"},{"@type":"BreadcrumbList","@id":"https:\/\/uniguajira.edu.co\/universidad-de-la-guajira\/asociaciones\/asodun\/#breadcrumb","itemListElement":[{"@type":"ListItem","position":1,"name":"\u2302 Uniguajira","item":"https:\/\/uniguajira.edu.co\/"},{"@type":"ListItem","position":2,"name":"Uniguajira","item":"https:\/\/uniguajira.edu.co\/"},{"@type":"ListItem","position":3,"name":"Asociaciones","item":"https:\/\/uniguajira.edu.co\/universidad-de-la-guajira\/asociaciones\/"},{"@type":"ListItem","position":4,"name":"ASODUN"}]},{"@type":"WebSite","@id":"https:\/\/uniguajira.edu.co\/#website","url":"https:\/\/uniguajira.edu.co\/","name":"UNIGUAJIRA","description":"Descubre la educaci\u00f3n superior con oportunidades laborales, retos estudiantiles y tecnolog\u00eda innovadora. Alcanza el \u00e9xito acad\u00e9mico y explora el impacto social y la diversidad en un entorno de aprendizaje moderno. Ad\u00e1ptate con inteligencia artificial y pr\u00e1cticas profesionales para un crecimiento integral.","publisher":{"@id":"https:\/\/uniguajira.edu.co\/#organization"},"alternateName":"Universidad de La Guajira","potentialAction":[{"@type":"SearchAction","target":{"@type":"EntryPoint","urlTemplate":"https:\/\/uniguajira.edu.co\/?s={search_term_string}"},"query-input":{"@type":"PropertyValueSpecification","valueRequired":true,"valueName":"search_term_string"}}],"inLanguage":"wa-WA"},{"@type":"Organization","@id":"https:\/\/uniguajira.edu.co\/#organization","name":"Shikii Ekirajia P\u00fclee Wajiira","alternateName":"UNIGUAJIRA","url":"https:\/\/uniguajira.edu.co\/","logo":{"@type":"ImageObject","inLanguage":"wa-WA","@id":"https:\/\/uniguajira.edu.co\/#\/schema\/logo\/image\/","url":"https:\/\/uniguajira.edu.co\/wp-content\/uploads\/2026\/01\/cropped-cropped-LOGOS-PAGINA-WEB-04-1.webp","contentUrl":"https:\/\/uniguajira.edu.co\/wp-content\/uploads\/2026\/01\/cropped-cropped-LOGOS-PAGINA-WEB-04-1.webp","width":360,"height":72,"caption":"Universidad de La Guajira"},"image":{"@id":"https:\/\/uniguajira.edu.co\/#\/schema\/logo\/image\/"},"sameAs":["https:\/\/www.facebook.com\/UniLaGuajira\/","https:\/\/x.com\/UniLaGuajira","https:\/\/www.instagram.com\/uniguajira_\/","https:\/\/www.youtube.com\/user\/UniLaGuajira"]}]}},"_hostinger_reach_plugin_has_subscription_block":false,"_hostinger_reach_plugin_is_elementor":false,"_links":{"self":[{"href":"https:\/\/uniguajira.edu.co\/wa\/wp-json\/wp\/v2\/pages\/34374","targetHints":{"allow":["GET"]}}],"collection":[{"href":"https:\/\/uniguajira.edu.co\/wa\/wp-json\/wp\/v2\/pages"}],"about":[{"href":"https:\/\/uniguajira.edu.co\/wa\/wp-json\/wp\/v2\/types\/page"}],"author":[{"embeddable":true,"href":"https:\/\/uniguajira.edu.co\/wa\/wp-json\/wp\/v2\/users\/3"}],"replies":[{"embeddable":true,"href":"https:\/\/uniguajira.edu.co\/wa\/wp-json\/wp\/v2\/comments?post=34374"}],"version-history":[{"count":0,"href":"https:\/\/uniguajira.edu.co\/wa\/wp-json\/wp\/v2\/pages\/34374\/revisions"}],"up":[{"embeddable":true,"href":"https:\/\/uniguajira.edu.co\/wa\/wp-json\/wp\/v2\/pages\/31468"}],"wp:featuredmedia":[{"embeddable":true,"href":"https:\/\/uniguajira.edu.co\/wa\/wp-json\/wp\/v2\/media\/24542"}],"wp:attachment":[{"href":"https:\/\/uniguajira.edu.co\/wa\/wp-json\/wp\/v2\/media?parent=34374"}],"curies":[{"name":"wp","href":"https:\/\/api.w.org\/{rel}","templated":true}]}}