{"id":33703,"date":"2024-03-14T21:30:42","date_gmt":"2024-03-15T02:30:42","guid":{"rendered":"https:\/\/uniguajira.edu.co\/?page_id=33703"},"modified":"2025-10-28T17:39:03","modified_gmt":"2025-10-28T22:39:03","slug":"observatorio-mercado-laboral-de-la-guajira","status":"publish","type":"page","link":"https:\/\/uniguajira.edu.co\/wa\/universidad-de-la-guajira\/administrativos\/observatorio-mercado-laboral-de-la-guajira\/","title":{"rendered":"Observatorio Mercado Laboral de La Guajira"},"content":{"rendered":"<div class=\"gb-container gb-container-1bddf169\">\n<div class=\"gb-container gb-container-8a679f50\">\n<div class=\"gb-container gb-container-194ddd1e\">\n<div class=\"gb-container gb-container-04e9b55b\">\n<div class=\"gb-container gb-container-b6a277d6\">\n<div class=\"gb-container gb-container-15b9a7c0\">\n\n<p class=\"has-text-align-left\">El Observatorio del Mercado Laboral de La Guajira, en la Universidad de La Guajira, es una valiosa plataforma de estudio e investigaci\u00f3n que proporciona una visi\u00f3n profunda y actualizada del mercado laboral en esta regi\u00f3n colombiana. Nuestro observatorio se dedica a recopilar y analizar datos y tendencias laborales clave, lo que permite a estudiantes, investigadores y profesionales tomar decisiones informadas y estrat\u00e9gicas en sus trayectorias profesionales. Este recurso es esencial para comprender las necesidades y oportunidades de empleo en La Guajira, contribuyendo al desarrollo sostenible y al bienestar de la comunidad local. Explora nuestras investigaciones y descubre c\u00f3mo el Observatorio del Mercado Laboral de La Guajira en la Universidad de La Guajira impulsa el crecimiento y la prosperidad en la regi\u00f3n.<\/p>\n\n<\/div>\n<\/div>\n\n<div class=\"gb-container gb-container-0ea486d9\">\n<div class=\"gb-container gb-container-7b0e7ec6\">\n\n<div id=\"section-g-03fklbl\" class=\"wp-block-gutentor-e6 section-g-03fklbl gutentor-element gutentor-element-image g-pos-a-desktop g-pos-a-tablet g-pos-a-mobile g-pos-custom-desktop g-pos-custom-tablet g-pos-custom-mobile imgt\"><div class=\"gutentor-element-image-box\"><div class=\"gutentor-image-thumb\"><img decoding=\"async\" class=\"normal-image\" src=\"https:\/\/uniguajira.edu.co\/wp-content\/uploads\/2024\/04\/Uniguajira-clasifica-en-ranking-mundial-por-su-alta-visibilidad-y-consulta-en-la-web.webp\" alt=\"Uniguajira clasifica en ranking mundial por su alta visibilidad y consulta en la web\" \/><\/div><\/div><\/div>\n\n\n\n<div id=\"section-g-61ata11\" class=\"wp-block-gutentor-e6 section-g-61ata11 gutentor-element gutentor-element-image imgt\"><div class=\"gutentor-element-image-box\"><div class=\"gutentor-image-thumb\"><img decoding=\"async\" class=\"normal-image\" src=\"https:\/\/uniguajira.edu.co\/wp-content\/uploads\/2024\/04\/Uniguajira-clasifica-en-ranking-mundial-por-su-alta-visibilidad-y-consulta-en-la-web.webp\" alt=\"Uniguajira clasifica en ranking mundial por su alta visibilidad y consulta en la web\" \/><div class=\"overlay\"><\/div><\/div><\/div><\/div>\n\n<\/div>\n<\/div>\n<\/div>\n<\/div>\n\n<div class=\"gb-container gb-container-9f9779f3\">\n<div class=\"gb-container gb-container-e69d52a9\">\n<div class=\"gb-container gb-container-15bd005e\">\n<section class=\"gb-container gb-container-9c49e961\" id=\"misionvision\">\n<div class=\"gb-container gb-container-0cde761a\">\n<div class=\"gb-container gb-container-9cf2f08b\">\n\n<h3 class=\"gb-headline gb-headline-ce613c2b\"><span class=\"gb-icon\"><svg data-name=\"Layer 1\" xmlns=\"http:\/\/www.w3.org\/2000\/svg\" viewbox=\"0 0 128 128\"><path d=\"M116.681 26.982a1.748 1.748 0 00-1.3-1.22l-10.725-2.423-2.423-10.725a1.749 1.749 0 00-2.944-.851L86.954 24.1A49.908 49.908 0 10103.9 41.046l12.34-12.34a1.751 1.751 0 00.441-1.724zm-9.106 39.855A46.406 46.406 0 1184.4 26.658l-5.665 5.665a1.736 1.736 0 00-.135.175 38.564 38.564 0 1016.894 16.917 1.726 1.726 0 00.183-.149l5.665-5.665a46.25 46.25 0 016.233 23.236zM91.341 49.123a34.963 34.963 0 11-12.467-12.479l1.843 8.164-1.768 1.768a27.028 27.028 0 102.475 2.475l1.768-1.768zM68.688 66.837a7.553 7.553 0 11-3.595-6.405L59.925 65.6a1.75 1.75 0 102.475 2.474l5.168-5.168a7.467 7.467 0 011.12 3.931zm-1.076-8.924a11.07 11.07 0 102.474 2.475l8.858-8.858a23.511 23.511 0 11-2.474-2.475zm32.844-18.376l-6.568 6.567-.985-.222-.038-.009L84.1 43.9l-2.209-9.783 17.632-17.635 1.967 8.706a1.751 1.751 0 001.322 1.322l8.706 1.967z\"><\/path><\/svg><\/span><span class=\"gb-headline-text\">* <mark style=\"background-color:rgba(0, 0, 0, 0)\" class=\"has-inline-color has-global-color-9-color\">Tu\u2019u  shiateria akuipa\u2019a<\/mark><\/span><\/h3>\n\n\n\n<p class=\"gb-headline gb-headline-ee60a0fc gb-headline-text\">Es un organismo de monitoreo permanente de las variables que afectan o impactan la oferta y la demanda laboral, que sirve de instrumento para la planificaci\u00f3n, gesti\u00f3n y evaluaci\u00f3n de las pol\u00edticas p\u00fablicas de inclusi\u00f3n social, orientada a la toma de decisiones de los agentes sociales, institucionales y econ\u00f3micos, contribuyendo a la productividad y competitividad del departamento de La Guajira. El observatorio ser\u00e1 ente asesor de pol\u00edticas p\u00fablicas de empleo en el departamento.<\/p>\n\n<\/div>\n\n<div class=\"gb-container gb-container-baff036d\">\n\n<h3 class=\"gb-headline gb-headline-cdfd5478\"><span class=\"gb-icon\"><svg xmlns=\"http:\/\/www.w3.org\/2000\/svg\" viewbox=\"0 0 511.998 511.998\"><path d=\"M504.502 246.627c-1.128-1.41-28.128-34.914-71.893-68.747-25.848-19.982-52.232-35.935-78.416-47.417-31.827-13.956-63.466-21.306-94.114-21.908a149.364 149.364 0 00-4.079-.059c-1.364 0-2.723.022-4.078.059-30.648.601-62.287 7.951-94.114 21.908-26.185 11.481-52.568 27.435-78.416 47.417C35.627 211.713 8.628 245.218 7.5 246.627L0 255.999l7.498 9.372c1.128 1.41 28.128 34.914 71.893 68.747 25.848 19.982 52.232 35.935 78.416 47.417 31.828 13.956 63.466 21.306 94.114 21.908 1.355.037 2.714.059 4.078.059s2.723-.022 4.078-.059c30.648-.601 62.287-7.951 94.114-21.908 26.185-11.481 52.568-27.435 78.416-47.417 43.765-33.833 70.765-67.337 71.893-68.747l7.498-9.372-7.496-9.372zm-374.277 86.347c-11.789-7.311-22.516-14.914-31.927-22.164-27.683-21.327-48.526-42.902-59.261-54.811 10.736-11.91 31.578-33.484 59.261-54.811 9.411-7.251 20.137-14.853 31.927-22.164-13.774 22.422-21.727 48.786-21.727 76.975s7.955 54.553 21.727 76.975zm129.372 40.463c-1.198.025-2.395.06-3.597.06s-2.399-.036-3.597-.06c-63.13-1.909-113.9-53.853-113.9-117.438s50.77-115.529 113.9-117.438c1.198-.025 2.395-.06 3.597-.06s2.399.036 3.597.06c63.13 1.908 113.9 53.853 113.9 117.438s-50.77 115.528-113.9 117.438zm154.104-62.627c-9.411 7.251-20.136 14.853-31.927 22.164 13.774-22.422 21.727-48.786 21.727-76.975 0-28.188-7.954-54.553-21.727-76.975 11.789 7.312 22.515 14.914 31.927 22.164 27.683 21.327 48.525 42.9 59.261 54.811-10.736 11.911-31.578 33.484-59.261 54.811z\"><\/path><path d=\"M256 170.685c-47.042 0-85.314 38.272-85.314 85.314s38.272 85.314 85.314 85.314 85.314-38.272 85.314-85.314-38.272-85.314-85.314-85.314zm0 140.624c-30.498 0-55.31-24.812-55.31-55.31s24.812-55.31 55.31-55.31 55.31 24.812 55.31 55.31-24.812 55.31-55.31 55.31z\"><\/path><\/svg><\/span><span class=\"gb-headline-text\">* <mark style=\"background-color:rgba(0, 0, 0, 0)\" class=\"has-inline-color has-global-color-9-color\">Tu\u2019u  sujuterria\u2019a akuaipa\u2019a<\/mark><\/span><\/h3>\n\n\n\n<p class=\"gb-headline gb-headline-3dfaa752 gb-headline-text\">En el 2020 el Observatorio del Mercado Laboral de La Guajira se habr\u00e1 consolidado como el organismo de gesti\u00f3n, investigaci\u00f3n y an\u00e1lisis del mercado laboral en el departamento de La Guajira.<\/p>\n\n<\/div>\n<\/div>\n<\/section>\n<\/div>\n<\/div>\n<\/div>\n\n<div class=\"gb-container gb-container-78dfe625\">\n<div class=\"gb-container gb-container-29e0a549\">\n\n<p>Somos un espacio dedicado a analizar, investigar y promover el desarrollo del mercado laboral en la regi\u00f3n. Nuestro objetivo es proporcionar informaci\u00f3n actualizada y relevante que beneficie a estudiantes, profesionales y empleadores, impulsando as\u00ed el crecimiento personal y econ\u00f3mico de nuestra comunidad. \u00danete a nosotros mientras exploramos juntos las oportunidades y desaf\u00edos del mercado laboral en La Guajira.<\/p>\n\n\n<div class=\"gb-container gb-container-61197dc1\">\n<div class=\"gb-container gb-container-14c73d23\">\n\n<details class=\"wp-block-details is-layout-flow wp-block-details-is-layout-flow\" open><summary>Objetivos del Observatorio Mercado Laboral de La Guajira<\/summary><div class=\"gb-container gb-container-5692accd\">\n\n<ul class=\"wp-block-list\">\n<li><strong>Objetivo General<\/strong>\n<ul class=\"wp-block-list\">\n<li>Generar informaci\u00f3n confiable, oportuna y pertinente para el dise\u00f1o, implementaci\u00f3n y desarrollo de pol\u00edticas de formaci\u00f3n, empleo, trabajo y emprendimiento por parte de los actores sociales, institucionales y econ\u00f3micos.<\/li>\n<\/ul>\n<\/li>\n\n\n\n<li><strong>Objetivos Espec\u00edficos<\/strong>\n<ul class=\"wp-block-list\">\n<li>Recolectar, procesar, producir y consolidar informaci\u00f3n referente a las din\u00e1micas del mercado de trabajo a nivel regional, relacionada con aspectos demogr\u00e1ficos, educativos, econ\u00f3micos, sociales, culturales y ambientales.<\/li>\n\n\n\n<li>Divulgar los resultados de los proyectos y\/o productos de investigaci\u00f3n de mercado laboral.<\/li>\n\n\n\n<li>Brindar a los empresarios y trabajadores informaci\u00f3n sobre la demanda y oferta laboral, proporcionar orientaci\u00f3n y herramientas para la formulaci\u00f3n de pol\u00edticas p\u00fablicas de generaci\u00f3n de empleo, formaci\u00f3n pertinente, inserci\u00f3n e intermediaci\u00f3n laboral.<\/li>\n\n\n\n<li>Articular acciones con otros observatorios de la Red ORMET y otras organizaciones sociales o econ\u00f3micas, y hacer parte de redes regionales, nacionales o internacionales de observatorios.<\/li>\n\n\n\n<li>Desarrollar acciones que permitan la apropiaci\u00f3n social del conocimiento generado y el acceso p\u00fablico a la informaci\u00f3n.<\/li>\n\n\n\n<li>Monitorear y evaluar la gesti\u00f3n e implementaci\u00f3n de pol\u00edticas p\u00fablicas para la generaci\u00f3n de empleo en el departamento de La Guajira.<\/li>\n\n\n\n<li>Crear capacidad t\u00e9cnica institucional en el equipo de investigadores y auxiliares operativos del ORMET.<\/li>\n\n\n\n<li>Hacer seguimientos a la conflictividad socio-laboral del departamento de La Guajira y otros departamentos cuando las circunstancias lo requieran.<\/li>\n<\/ul>\n<\/li>\n<\/ul>\n\n<\/div><\/details>\n\n<\/div>\n\n<div class=\"gb-container gb-container-5b197f68\">\n\n<details class=\"wp-block-details is-layout-flow wp-block-details-is-layout-flow\"><summary>Plan de Gesti\u00f3n del ORMET<\/summary><div class=\"gb-container gb-container-9d49fbd7\">\n\n<p>La normatividad del programa establece el marco legal y reglamentario que rige su funcionamiento y desarrollo. Incluye disposiciones y lineamientos espec\u00edficos que deben seguirse para garantizar la calidad, coherencia y pertinencia del programa acad\u00e9mico.<\/p>\n\n\n\n<ul class=\"wp-block-list\">\n<li>\ud83d\udce5 <a href=\"https:\/\/uniguajira.edu.co\/wa\/boletin-1-observatorio-mercado-laboral-de-la-guajira\/\">Presentaci\u00f3n ORMET<\/a><\/li>\n\n\n\n<li>\ud83d\udce5 <a href=\"https:\/\/uniguajira.edu.co\/wa\/boletin-2-observatorio-mercado-laboral-de-la-guajira\/\">Plan Estrat\u00e9gicos<\/a><\/li>\n<\/ul>\n\n<\/div><\/details>\n\n<\/div>\n\n<div class=\"gb-container gb-container-d8c4ac51\">\n\n<details class=\"wp-block-details is-layout-flow wp-block-details-is-layout-flow\"><summary>Bolet\u00edn<\/summary><div class=\"gb-container gb-container-42cf2b4a\">\n\n<p>Bienvenido al Bolet\u00edn del Observatorio Mercado Laboral de La Guajira Este bolet\u00edn es tu fuente confiable de informaci\u00f3n sobre las \u00faltimas tendencias, oportunidades laborales y datos relevantes del mercado laboral en nuestra regi\u00f3n.<\/p>\n\n\n\n<ul class=\"wp-block-list\">\n<li>\ud83d\udce5 <a href=\"https:\/\/uniguajira.edu.co\/wa\/boletin-1-observatorio-mercado-laboral-de-la-guajira\/\">Bolet\u00edn 1<\/a><\/li>\n\n\n\n<li>\ud83d\udce5 <a href=\"https:\/\/uniguajira.edu.co\/wa\/boletin-2-observatorio-mercado-laboral-de-la-guajira\/\">Bolet\u00edn 2<\/a><\/li>\n\n\n\n<li>\ud83d\udce5 <a href=\"https:\/\/uniguajira.edu.co\/wa\/boletin-3-observatorio-mercado-laboral-de-la-guajira\/\">Bolet\u00edn 3<\/a><\/li>\n\n\n\n<li>\ud83d\udce5 <a href=\"https:\/\/uniguajira.edu.co\/wa\/boletin-4-observatorio-mercado-laboral-de-la-guajira\/\">Bolet\u00edn 4<\/a><\/li>\n\n\n\n<li>\ud83d\udce5 <a href=\"https:\/\/uniguajira.edu.co\/wa\/boletin-5-observatorio-mercado-laboral-de-la-guajira\/\">Bolet\u00edn 5<\/a><\/li>\n\n\n\n<li>\ud83d\udce5 <a href=\"https:\/\/uniguajira.edu.co\/wa\/boletin-6-observatorio-mercado-laboral-de-la-guajira\/\">Bolet\u00edn 6<\/a><\/li>\n\n\n\n<li>\ud83d\udce5 <a href=\"https:\/\/uniguajira.edu.co\/wa\/boletin-7-observatorio-mercado-laboral-de-la-guajira\/\">Bolet\u00edn 7<\/a><\/li>\n\n\n\n<li>\ud83d\udce5 <a href=\"https:\/\/uniguajira.edu.co\/wa\/boletin-8-observatorio-mercado-laboral-de-la-guajira\/\">Bolet\u00edn 8<\/a><\/li>\n\n\n\n<li>\ud83d\udce5 <a href=\"https:\/\/uniguajira.edu.co\/wa\/boletin-10-observatorio-mercado-laboral-de-la-guajira\/\">Bolet\u00edn 10<\/a><\/li>\n\n\n\n<li>\ud83d\udce5 <a href=\"https:\/\/uniguajira.edu.co\/wa\/boletin-11-observatorio-mercado-laboral-de-la-guajira\/\">Bolet\u00edn 11<\/a><\/li>\n<\/ul>\n\n<\/div><\/details>\n\n<\/div>\n<\/div>\n<\/div>\n<\/div>\n<\/div>\n<\/div>","protected":false},"excerpt":{"rendered":"<p>El Observatorio del Mercado Laboral de La Guajira, en la Universidad de La Guajira, es una valiosa plataforma de estudio e investigaci\u00f3n que &#8230; <a title=\"Observatorio Mercado Laboral de La Guajira\" class=\"read-more\" href=\"https:\/\/uniguajira.edu.co\/wa\/universidad-de-la-guajira\/administrativos\/observatorio-mercado-laboral-de-la-guajira\/\" aria-label=\"Read more about Observatorio Mercado Laboral de La Guajira\">.<\/a><\/p>","protected":false},"author":3,"featured_media":30098,"parent":30987,"menu_order":0,"comment_status":"closed","ping_status":"closed","template":"","meta":{"footnotes":""},"class_list":{"0":"post-33703","1":"page","2":"type-page","3":"status-publish","4":"has-post-thumbnail","6":"infinite-scroll-item"},"yoast_head":"<!-- This site is optimized with the Yoast SEO Premium plugin v27.0 (Yoast SEO v27.0) - https:\/\/yoast.com\/product\/yoast-seo-premium-wordpress\/ -->\n<title>Observatorio Mercado Laboral de La Guajira<\/title>\n<meta name=\"robots\" content=\"index, follow, max-snippet:-1, max-image-preview:large, max-video-preview:-1\" \/>\n<link rel=\"canonical\" href=\"https:\/\/uniguajira.edu.co\/wa\/universidad-de-la-guajira\/administrativos\/observatorio-mercado-laboral-de-la-guajira\/\" \/>\n<meta property=\"og:locale\" content=\"en_US\" \/>\n<meta property=\"og:type\" content=\"article\" \/>\n<meta property=\"og:title\" content=\"Observatorio Mercado Laboral de La Guajira\" \/>\n<meta property=\"og:description\" content=\"El Observatorio del Mercado Laboral de La Guajira, en la Universidad de La Guajira, es una valiosa plataforma de estudio e investigaci\u00f3n que ... .\" \/>\n<meta property=\"og:url\" content=\"https:\/\/uniguajira.edu.co\/wa\/universidad-de-la-guajira\/administrativos\/observatorio-mercado-laboral-de-la-guajira\/\" \/>\n<meta property=\"og:site_name\" content=\"Universidad de La Guajira\" \/>\n<meta property=\"article:publisher\" content=\"https:\/\/www.facebook.com\/UniLaGuajira\/\" \/>\n<meta property=\"article:modified_time\" content=\"2025-10-28T22:39:03+00:00\" \/>\n<meta property=\"og:image\" content=\"https:\/\/uniguajira.edu.co\/wp-content\/uploads\/2024\/03\/bannerormet.webp\" \/>\n\t<meta property=\"og:image:width\" content=\"1920\" \/>\n\t<meta property=\"og:image:height\" content=\"590\" \/>\n\t<meta property=\"og:image:type\" content=\"image\/webp\" \/>\n<meta name=\"twitter:card\" content=\"summary_large_image\" \/>\n<meta name=\"twitter:site\" content=\"@UniLaGuajira\" \/>\n<meta name=\"twitter:label1\" content=\"Est. reading time\" \/>\n\t<meta name=\"twitter:data1\" content=\"4 minutes\" \/>\n<script type=\"application\/ld+json\" class=\"yoast-schema-graph\">{\"@context\":\"https:\/\/schema.org\",\"@graph\":[{\"@type\":\"WebPage\",\"@id\":\"https:\/\/uniguajira.edu.co\/universidad-de-la-guajira\/administrativos\/observatorio-mercado-laboral-de-la-guajira\/\",\"url\":\"https:\/\/uniguajira.edu.co\/universidad-de-la-guajira\/administrativos\/observatorio-mercado-laboral-de-la-guajira\/\",\"name\":\"Observatorio Mercado Laboral de La Guajira\",\"isPartOf\":{\"@id\":\"https:\/\/uniguajira.edu.co\/#website\"},\"primaryImageOfPage\":{\"@id\":\"https:\/\/uniguajira.edu.co\/universidad-de-la-guajira\/administrativos\/observatorio-mercado-laboral-de-la-guajira\/#primaryimage\"},\"image\":{\"@id\":\"https:\/\/uniguajira.edu.co\/universidad-de-la-guajira\/administrativos\/observatorio-mercado-laboral-de-la-guajira\/#primaryimage\"},\"thumbnailUrl\":\"https:\/\/uniguajira.edu.co\/wp-content\/uploads\/2024\/03\/bannerormet.webp\",\"datePublished\":\"2024-03-15T02:30:42+00:00\",\"dateModified\":\"2025-10-28T22:39:03+00:00\",\"breadcrumb\":{\"@id\":\"https:\/\/uniguajira.edu.co\/universidad-de-la-guajira\/administrativos\/observatorio-mercado-laboral-de-la-guajira\/#breadcrumb\"},\"inLanguage\":\"wa-WA\",\"potentialAction\":[{\"@type\":\"ReadAction\",\"target\":[\"https:\/\/uniguajira.edu.co\/universidad-de-la-guajira\/administrativos\/observatorio-mercado-laboral-de-la-guajira\/\"]}]},{\"@type\":\"ImageObject\",\"inLanguage\":\"wa-WA\",\"@id\":\"https:\/\/uniguajira.edu.co\/universidad-de-la-guajira\/administrativos\/observatorio-mercado-laboral-de-la-guajira\/#primaryimage\",\"url\":\"https:\/\/uniguajira.edu.co\/wp-content\/uploads\/2024\/03\/bannerormet.webp\",\"contentUrl\":\"https:\/\/uniguajira.edu.co\/wp-content\/uploads\/2024\/03\/bannerormet.webp\",\"width\":1920,\"height\":590},{\"@type\":\"BreadcrumbList\",\"@id\":\"https:\/\/uniguajira.edu.co\/universidad-de-la-guajira\/administrativos\/observatorio-mercado-laboral-de-la-guajira\/#breadcrumb\",\"itemListElement\":[{\"@type\":\"ListItem\",\"position\":1,\"name\":\"\u2302 Uniguajira\",\"item\":\"https:\/\/uniguajira.edu.co\/\"},{\"@type\":\"ListItem\",\"position\":2,\"name\":\"Uniguajira\",\"item\":\"https:\/\/uniguajira.edu.co\/\"},{\"@type\":\"ListItem\",\"position\":3,\"name\":\"Administrativos\",\"item\":\"https:\/\/uniguajira.edu.co\/universidad-de-la-guajira\/administrativos\/\"},{\"@type\":\"ListItem\",\"position\":4,\"name\":\"Observatorio Mercado Laboral de La Guajira\"}]},{\"@type\":\"WebSite\",\"@id\":\"https:\/\/uniguajira.edu.co\/#website\",\"url\":\"https:\/\/uniguajira.edu.co\/\",\"name\":\"UNIGUAJIRA\",\"description\":\"Descubre la educaci\u00f3n superior con oportunidades laborales, retos estudiantiles y tecnolog\u00eda innovadora. Alcanza el \u00e9xito acad\u00e9mico y explora el impacto social y la diversidad en un entorno de aprendizaje moderno. Ad\u00e1ptate con inteligencia artificial y pr\u00e1cticas profesionales para un crecimiento integral.\",\"publisher\":{\"@id\":\"https:\/\/uniguajira.edu.co\/#organization\"},\"alternateName\":\"Universidad de La Guajira\",\"potentialAction\":[{\"@type\":\"SearchAction\",\"target\":{\"@type\":\"EntryPoint\",\"urlTemplate\":\"https:\/\/uniguajira.edu.co\/?s={search_term_string}\"},\"query-input\":{\"@type\":\"PropertyValueSpecification\",\"valueRequired\":true,\"valueName\":\"search_term_string\"}}],\"inLanguage\":\"wa-WA\"},{\"@type\":\"Organization\",\"@id\":\"https:\/\/uniguajira.edu.co\/#organization\",\"name\":\"Universidad de La Guajira\",\"alternateName\":\"UNIGUAJIRA\",\"url\":\"https:\/\/uniguajira.edu.co\/\",\"logo\":{\"@type\":\"ImageObject\",\"inLanguage\":\"wa-WA\",\"@id\":\"https:\/\/uniguajira.edu.co\/#\/schema\/logo\/image\/\",\"url\":\"https:\/\/uniguajira.edu.co\/wp-content\/uploads\/2026\/01\/cropped-cropped-LOGOS-PAGINA-WEB-04-1.webp\",\"contentUrl\":\"https:\/\/uniguajira.edu.co\/wp-content\/uploads\/2026\/01\/cropped-cropped-LOGOS-PAGINA-WEB-04-1.webp\",\"width\":360,\"height\":72,\"caption\":\"Universidad de La Guajira\"},\"image\":{\"@id\":\"https:\/\/uniguajira.edu.co\/#\/schema\/logo\/image\/\"},\"sameAs\":[\"https:\/\/www.facebook.com\/UniLaGuajira\/\",\"https:\/\/x.com\/UniLaGuajira\",\"https:\/\/www.instagram.com\/uniguajira_\/\",\"https:\/\/www.youtube.com\/user\/UniLaGuajira\"]}]}<\/script>\n<!-- \/ Yoast SEO Premium plugin. -->","yoast_head_json":{"title":"Observatorio Mercado Laboral de La Guajira","robots":{"index":"index","follow":"follow","max-snippet":"max-snippet:-1","max-image-preview":"max-image-preview:large","max-video-preview":"max-video-preview:-1"},"canonical":"https:\/\/uniguajira.edu.co\/wa\/universidad-de-la-guajira\/administrativos\/observatorio-mercado-laboral-de-la-guajira\/","og_locale":"en_US","og_type":"article","og_title":"Observatorio Mercado Laboral de La Guajira","og_description":"El Observatorio del Mercado Laboral de La Guajira, en la Universidad de La Guajira, es una valiosa plataforma de estudio e investigaci\u00f3n que ... .","og_url":"https:\/\/uniguajira.edu.co\/wa\/universidad-de-la-guajira\/administrativos\/observatorio-mercado-laboral-de-la-guajira\/","og_site_name":"Universidad de La Guajira","article_publisher":"https:\/\/www.facebook.com\/UniLaGuajira\/","article_modified_time":"2025-10-28T22:39:03+00:00","og_image":[{"width":1920,"height":590,"url":"https:\/\/uniguajira.edu.co\/wp-content\/uploads\/2024\/03\/bannerormet.webp","type":"image\/webp"}],"twitter_card":"summary_large_image","twitter_site":"@UniLaGuajira","twitter_misc":{"Est. reading time":"4 minutes"},"schema":{"@context":"https:\/\/schema.org","@graph":[{"@type":"WebPage","@id":"https:\/\/uniguajira.edu.co\/universidad-de-la-guajira\/administrativos\/observatorio-mercado-laboral-de-la-guajira\/","url":"https:\/\/uniguajira.edu.co\/universidad-de-la-guajira\/administrativos\/observatorio-mercado-laboral-de-la-guajira\/","name":"Observatorio Mercado Laboral de La Guajira","isPartOf":{"@id":"https:\/\/uniguajira.edu.co\/#website"},"primaryImageOfPage":{"@id":"https:\/\/uniguajira.edu.co\/universidad-de-la-guajira\/administrativos\/observatorio-mercado-laboral-de-la-guajira\/#primaryimage"},"image":{"@id":"https:\/\/uniguajira.edu.co\/universidad-de-la-guajira\/administrativos\/observatorio-mercado-laboral-de-la-guajira\/#primaryimage"},"thumbnailUrl":"https:\/\/uniguajira.edu.co\/wp-content\/uploads\/2024\/03\/bannerormet.webp","datePublished":"2024-03-15T02:30:42+00:00","dateModified":"2025-10-28T22:39:03+00:00","breadcrumb":{"@id":"https:\/\/uniguajira.edu.co\/universidad-de-la-guajira\/administrativos\/observatorio-mercado-laboral-de-la-guajira\/#breadcrumb"},"inLanguage":"wa-WA","potentialAction":[{"@type":"ReadAction","target":["https:\/\/uniguajira.edu.co\/universidad-de-la-guajira\/administrativos\/observatorio-mercado-laboral-de-la-guajira\/"]}]},{"@type":"ImageObject","inLanguage":"wa-WA","@id":"https:\/\/uniguajira.edu.co\/universidad-de-la-guajira\/administrativos\/observatorio-mercado-laboral-de-la-guajira\/#primaryimage","url":"https:\/\/uniguajira.edu.co\/wp-content\/uploads\/2024\/03\/bannerormet.webp","contentUrl":"https:\/\/uniguajira.edu.co\/wp-content\/uploads\/2024\/03\/bannerormet.webp","width":1920,"height":590},{"@type":"BreadcrumbList","@id":"https:\/\/uniguajira.edu.co\/universidad-de-la-guajira\/administrativos\/observatorio-mercado-laboral-de-la-guajira\/#breadcrumb","itemListElement":[{"@type":"ListItem","position":1,"name":"\u2302 Uniguajira","item":"https:\/\/uniguajira.edu.co\/"},{"@type":"ListItem","position":2,"name":"Uniguajira","item":"https:\/\/uniguajira.edu.co\/"},{"@type":"ListItem","position":3,"name":"Administrativos","item":"https:\/\/uniguajira.edu.co\/universidad-de-la-guajira\/administrativos\/"},{"@type":"ListItem","position":4,"name":"Observatorio Mercado Laboral de La Guajira"}]},{"@type":"WebSite","@id":"https:\/\/uniguajira.edu.co\/#website","url":"https:\/\/uniguajira.edu.co\/","name":"UNIGUAJIRA","description":"Descubre la educaci\u00f3n superior con oportunidades laborales, retos estudiantiles y tecnolog\u00eda innovadora. Alcanza el \u00e9xito acad\u00e9mico y explora el impacto social y la diversidad en un entorno de aprendizaje moderno. Ad\u00e1ptate con inteligencia artificial y pr\u00e1cticas profesionales para un crecimiento integral.","publisher":{"@id":"https:\/\/uniguajira.edu.co\/#organization"},"alternateName":"Universidad de La Guajira","potentialAction":[{"@type":"SearchAction","target":{"@type":"EntryPoint","urlTemplate":"https:\/\/uniguajira.edu.co\/?s={search_term_string}"},"query-input":{"@type":"PropertyValueSpecification","valueRequired":true,"valueName":"search_term_string"}}],"inLanguage":"wa-WA"},{"@type":"Organization","@id":"https:\/\/uniguajira.edu.co\/#organization","name":"Shikii Ekirajia P\u00fclee Wajiira","alternateName":"UNIGUAJIRA","url":"https:\/\/uniguajira.edu.co\/","logo":{"@type":"ImageObject","inLanguage":"wa-WA","@id":"https:\/\/uniguajira.edu.co\/#\/schema\/logo\/image\/","url":"https:\/\/uniguajira.edu.co\/wp-content\/uploads\/2026\/01\/cropped-cropped-LOGOS-PAGINA-WEB-04-1.webp","contentUrl":"https:\/\/uniguajira.edu.co\/wp-content\/uploads\/2026\/01\/cropped-cropped-LOGOS-PAGINA-WEB-04-1.webp","width":360,"height":72,"caption":"Universidad de La Guajira"},"image":{"@id":"https:\/\/uniguajira.edu.co\/#\/schema\/logo\/image\/"},"sameAs":["https:\/\/www.facebook.com\/UniLaGuajira\/","https:\/\/x.com\/UniLaGuajira","https:\/\/www.instagram.com\/uniguajira_\/","https:\/\/www.youtube.com\/user\/UniLaGuajira"]}]}},"_hostinger_reach_plugin_has_subscription_block":false,"_hostinger_reach_plugin_is_elementor":false,"_links":{"self":[{"href":"https:\/\/uniguajira.edu.co\/wa\/wp-json\/wp\/v2\/pages\/33703","targetHints":{"allow":["GET"]}}],"collection":[{"href":"https:\/\/uniguajira.edu.co\/wa\/wp-json\/wp\/v2\/pages"}],"about":[{"href":"https:\/\/uniguajira.edu.co\/wa\/wp-json\/wp\/v2\/types\/page"}],"author":[{"embeddable":true,"href":"https:\/\/uniguajira.edu.co\/wa\/wp-json\/wp\/v2\/users\/3"}],"replies":[{"embeddable":true,"href":"https:\/\/uniguajira.edu.co\/wa\/wp-json\/wp\/v2\/comments?post=33703"}],"version-history":[{"count":0,"href":"https:\/\/uniguajira.edu.co\/wa\/wp-json\/wp\/v2\/pages\/33703\/revisions"}],"up":[{"embeddable":true,"href":"https:\/\/uniguajira.edu.co\/wa\/wp-json\/wp\/v2\/pages\/30987"}],"wp:featuredmedia":[{"embeddable":true,"href":"https:\/\/uniguajira.edu.co\/wa\/wp-json\/wp\/v2\/media\/30098"}],"wp:attachment":[{"href":"https:\/\/uniguajira.edu.co\/wa\/wp-json\/wp\/v2\/media?parent=33703"}],"curies":[{"name":"wp","href":"https:\/\/api.w.org\/{rel}","templated":true}]}}