{"id":33500,"date":"2024-03-14T11:46:57","date_gmt":"2024-03-14T16:46:57","guid":{"rendered":"https:\/\/uniguajira.edu.co\/?page_id=33500"},"modified":"2026-03-04T09:16:35","modified_gmt":"2026-03-04T14:16:35","slug":"contando-experiencias-del-centro-de-lenguas","status":"publish","type":"page","link":"https:\/\/uniguajira.edu.co\/wa\/universidad-de-la-guajira\/centro-de-lenguas\/contando-experiencias-del-centro-de-lenguas\/","title":{"rendered":"Ayawajia\u2019a at\u00fcj\u00fcnakat shikanainje\u2019e anuiki\u2019i"},"content":{"rendered":"<div class=\"gb-container gb-container-d796b7e0\">\n<div class=\"gb-container gb-container-4d72301d\">\n<div class=\"gb-container gb-container-570b9a30\">\n<div class=\"gb-container gb-container-1db11728\">\n\n<p class=\"gb-headline gb-headline-adab62e1 gb-headline-text\">Na\u2019a ekirajashikana\u2019a sunai\u2019i  shikinainje\u2019e   anu\u00fciki\u2019i suluje\u2019e  t\u00fc  ekirajiap\u00fclekat wajiira, talata\u2019a   shi\u2019i sunai\u2019i atuja\u2019a  wakuipa\u2019a sunai\u2019in ana\u2019a  putchi\u2019i anuikii  ayawatia\u2019a  sunai\u2019in  kajuya\u2019in shipa\u2019pa\u2019a,     s\u00fc nain\u2019je\u2019e   t\u00fckaralouta\u2019a eka\u2019a suma\u2019a  t\u00fc eikiekat, e`s\u00fc supula\u2019a  puno\u00fctiru\u1f77n  somui`in put\u00fcjuinkat  sukaje\u2019e  shipa\u2019pa\u2019a sashejeri\u2019a  sunai\u2019in  nataya\u2019a sumui`in anuikii, e\u2019s\u00fc t\u00fc ingle, franc\u00e9s,otta alijunaiki\u2019i napula`a na\u2019a watteje\u2019jana\u2019akana chejerr\u00fc, s\u00fckaje\u2019e tu putujuinkat  e\u2019s\u00fc  s\u00fcp\u00fcla\u2019a p\u00fcinker\u00fcin  supushuwale\u2019e  pashejeruin  shia\u2019a  wattapana\u2019a  s\u00fcka\u2019a  put\u00fcjui\u2019in s\u00fck\u00fcipa\u2019a Sheiti\u2019a otta  shajia\u2019a  putchi\u2019i ana\u2019a suka\u2019a  anuiki\u2019i.<\/p>\n\n\n\n<p>Na\u2019a  ekiraushikana mulouy\u00fcshikana\u2019a   atuj\u00fcshikana , nakalinjuin eiatia\u2019a  namui\u2019in,  na\u2019a  ekirrajashikana su kaje\u00e9  ainjiakat p\u00fctchi\u2019i, ainja\u2019a putchi\u2019i  kaj\u00fcya\u2019ain , ashejera\u2019a  p\u00fctchii an\u00fckii suka\u2019a   ashajushi\u2019i , otta a\u2019sheje\u2019erria\u2019a an\u00fcikii ,  esu\u2019u  s\u00fcp\u00fcla\u2019a weiyatui\u2019in  s\u00fck\u00fcipa\u2019a , ak\u00fcipa\u2019a  s\u00fcp\u00fcla\u2019a   e\u2019in shia\u2019a Shiawatiaa wane\u2019e kasa\u2019a otta sunulia\u2019a  ekalu\u2019u noloui\u2019in p\u00fct\u00fcji\u2019in,   otta an\u00fcikii,sumainpajatka suka\u2019a wanewai\u2019i suk\u00fca\u2019a  an\u00fcikii.<\/p>\n\n\n<div class=\"gb-container gb-container-bd75c527\">\n<div class=\"gb-grid-wrapper gb-grid-wrapper-c3e28517\">\n<div class=\"gb-grid-column gb-grid-column-6a20b689\"><div class=\"gb-container gb-container-6a20b689 infpro neumo\">\n\n<div style=\"height:50px\" aria-hidden=\"true\" class=\"wp-block-spacer\"><\/div>\n\n\n\n<div class=\"yt-wrap imgt neumo\">\n  <iframe\n    src=\"https:\/\/www.youtube.com\/embed\/rGwfBYgNnW4\"\n    title=\"At\u00fcjia ak\u00fcipa\u2019a  suka\u2019a    an\u00fcikii\"\n    frameborder=\"0\"\n    referrerpolicy=\"strict-origin-when-cross-origin\"\n    allow=\"accelerometer; autoplay; clipboard-write; encrypted-media; gyroscope; picture-in-picture; web-share\"\n    allowfullscreen>\n  <\/iframe>\n<\/div>\n\n\n\n<div style=\"height:50px\" aria-hidden=\"true\" class=\"wp-block-spacer\"><\/div>\n\n\n<div class=\"gb-container gb-container-9cc2047d\">\n\n<h3 class=\"gb-headline gb-headline-5260a776 gb-headline-text\">At\u00fcjia ak\u00fcipa\u2019a  suka\u2019a    an\u00fcikii<\/h3>\n\n<\/div>\n<\/div><\/div>\n\n<div class=\"gb-grid-column gb-grid-column-bdd7e156\"><div class=\"gb-container gb-container-bdd7e156 infpro neumo\">\n\n<div style=\"height:50px\" aria-hidden=\"true\" class=\"wp-block-spacer\"><\/div>\n\n\n\n<div class=\"yt-wrap imgt neumo\">\n  <iframe\n    src=\"https:\/\/www.youtube.com\/embed\/\"\n    title=\"At\u00fcja\u2019a suka\u2019a pala\u2019ajana\u2019a  atujushika\u2019a supula\u2019a s\u00fcp\u00fcshiwa\u2019a \u00b4, wattap\u00fcna\u2019a shikii ekirajiap\u00fclee wajirra\u2019a\"\n    frameborder=\"0\"\n    referrerpolicy=\"strict-origin-when-cross-origin\"\n    allow=\"accelerometer; autoplay; clipboard-write; encrypted-media; gyroscope; picture-in-picture; web-share\"\n    allowfullscreen>\n  <\/iframe>\n<\/div>\n\n\n\n<div style=\"height:50px\" aria-hidden=\"true\" class=\"wp-block-spacer\"><\/div>\n\n\n<div class=\"gb-container gb-container-5205d885\">\n\n<h3 class=\"gb-headline gb-headline-1d73a0e6 gb-headline-text\">At\u00fcja\u2019a suka\u2019a pala\u2019ajana\u2019a  atujushika\u2019a supula\u2019a s\u00fcp\u00fcshiwa\u2019a \u00b4, wattap\u00fcna\u2019a shikii ekirajiap\u00fclee wajirra\u2019a<\/h3>\n\n<\/div>\n<\/div><\/div>\n<\/div>\n<\/div>\n<\/div>\n<\/div>\n<\/div>\n<\/div>\n\n<div class=\"gb-container gb-container-971fbb4d\">\n<div class=\"gb-container gb-container-c6e14819\">\n<div class=\"gb-container gb-container-61197dc1\">\n<div class=\"gb-container gb-container-ec73b2ab\" id=\"interes\">\n<div class=\"gb-container gb-container-7dddb134\">\n<div class=\"gb-container gb-container-cad15134\"><\/div>\n<\/div>\n<\/div>\n<\/div>\n<\/div>\n<\/div>","protected":false},"excerpt":{"rendered":"<p>Los estudiantes del Centro de Lenguas de la Universidad de La Guajira disfrutan de experiencias ling\u00fc\u00edsticas enriquecedoras y variadas. A trav\u00e9s de nuestros &#8230; <a title=\"Ayawajia\u2019a at\u00fcj\u00fcnakat shikanainje\u2019e anuiki\u2019i\" class=\"read-more\" href=\"https:\/\/uniguajira.edu.co\/wa\/universidad-de-la-guajira\/centro-de-lenguas\/contando-experiencias-del-centro-de-lenguas\/\" aria-label=\"Read more about Contando experiencias del centro de lenguas\">.<\/a><\/p>","protected":false},"author":3,"featured_media":25707,"parent":31626,"menu_order":0,"comment_status":"closed","ping_status":"closed","template":"","meta":{"footnotes":""},"class_list":{"0":"post-33500","1":"page","2":"type-page","3":"status-publish","4":"has-post-thumbnail","6":"infinite-scroll-item"},"yoast_head":"<!-- This site is optimized with the Yoast SEO Premium plugin v27.0 (Yoast SEO v27.0) - https:\/\/yoast.com\/product\/yoast-seo-premium-wordpress\/ -->\n<title>Contando experiencias del centro de lenguas<\/title>\n<meta name=\"robots\" content=\"index, follow, max-snippet:-1, max-image-preview:large, max-video-preview:-1\" \/>\n<link rel=\"canonical\" href=\"https:\/\/uniguajira.edu.co\/wa\/universidad-de-la-guajira\/centro-de-lenguas\/contando-experiencias-del-centro-de-lenguas\/\" \/>\n<meta property=\"og:locale\" content=\"en_US\" \/>\n<meta property=\"og:type\" content=\"article\" \/>\n<meta property=\"og:title\" content=\"Contando experiencias del centro de lenguas\" \/>\n<meta property=\"og:description\" content=\"Los estudiantes del Centro de Lenguas de la Universidad de La Guajira disfrutan de experiencias ling\u00fc\u00edsticas enriquecedoras y variadas. A trav\u00e9s de nuestros ... .\" \/>\n<meta property=\"og:url\" content=\"https:\/\/uniguajira.edu.co\/wa\/universidad-de-la-guajira\/centro-de-lenguas\/contando-experiencias-del-centro-de-lenguas\/\" \/>\n<meta property=\"og:site_name\" content=\"Universidad de La Guajira\" \/>\n<meta property=\"article:publisher\" content=\"https:\/\/www.facebook.com\/UniLaGuajira\/\" \/>\n<meta property=\"article:modified_time\" content=\"2026-03-04T14:16:35+00:00\" \/>\n<meta property=\"og:image\" content=\"https:\/\/uniguajira.edu.co\/wp-content\/uploads\/2024\/01\/banner-idiomas.webp\" \/>\n\t<meta property=\"og:image:width\" content=\"1920\" \/>\n\t<meta property=\"og:image:height\" content=\"590\" \/>\n\t<meta property=\"og:image:type\" content=\"image\/webp\" \/>\n<meta name=\"twitter:card\" content=\"summary_large_image\" \/>\n<meta name=\"twitter:site\" content=\"@UniLaGuajira\" \/>\n<meta name=\"twitter:label1\" content=\"Est. reading time\" \/>\n\t<meta name=\"twitter:data1\" content=\"1 minute\" \/>\n<script type=\"application\/ld+json\" class=\"yoast-schema-graph\">{\"@context\":\"https:\/\/schema.org\",\"@graph\":[{\"@type\":\"WebPage\",\"@id\":\"https:\/\/uniguajira.edu.co\/en\/universidad-de-la-guajira\/centro-de-lenguas\/contando-experiencias-del-centro-de-lenguas\/\",\"url\":\"https:\/\/uniguajira.edu.co\/en\/universidad-de-la-guajira\/centro-de-lenguas\/contando-experiencias-del-centro-de-lenguas\/\",\"name\":\"Contando experiencias del centro de lenguas\",\"isPartOf\":{\"@id\":\"https:\/\/uniguajira.edu.co\/#website\"},\"primaryImageOfPage\":{\"@id\":\"https:\/\/uniguajira.edu.co\/en\/universidad-de-la-guajira\/centro-de-lenguas\/contando-experiencias-del-centro-de-lenguas\/#primaryimage\"},\"image\":{\"@id\":\"https:\/\/uniguajira.edu.co\/en\/universidad-de-la-guajira\/centro-de-lenguas\/contando-experiencias-del-centro-de-lenguas\/#primaryimage\"},\"thumbnailUrl\":\"https:\/\/uniguajira.edu.co\/wp-content\/uploads\/2024\/01\/banner-idiomas.webp\",\"datePublished\":\"2024-03-14T16:46:57+00:00\",\"dateModified\":\"2026-03-04T14:16:35+00:00\",\"breadcrumb\":{\"@id\":\"https:\/\/uniguajira.edu.co\/en\/universidad-de-la-guajira\/centro-de-lenguas\/contando-experiencias-del-centro-de-lenguas\/#breadcrumb\"},\"inLanguage\":\"wa-WA\",\"potentialAction\":[{\"@type\":\"ReadAction\",\"target\":[\"https:\/\/uniguajira.edu.co\/en\/universidad-de-la-guajira\/centro-de-lenguas\/contando-experiencias-del-centro-de-lenguas\/\"]}]},{\"@type\":\"ImageObject\",\"inLanguage\":\"wa-WA\",\"@id\":\"https:\/\/uniguajira.edu.co\/en\/universidad-de-la-guajira\/centro-de-lenguas\/contando-experiencias-del-centro-de-lenguas\/#primaryimage\",\"url\":\"https:\/\/uniguajira.edu.co\/wp-content\/uploads\/2024\/01\/banner-idiomas.webp\",\"contentUrl\":\"https:\/\/uniguajira.edu.co\/wp-content\/uploads\/2024\/01\/banner-idiomas.webp\",\"width\":1920,\"height\":590},{\"@type\":\"BreadcrumbList\",\"@id\":\"https:\/\/uniguajira.edu.co\/en\/universidad-de-la-guajira\/centro-de-lenguas\/contando-experiencias-del-centro-de-lenguas\/#breadcrumb\",\"itemListElement\":[{\"@type\":\"ListItem\",\"position\":1,\"name\":\"\u2302 Uniguajira\",\"item\":\"https:\/\/uniguajira.edu.co\/\"},{\"@type\":\"ListItem\",\"position\":2,\"name\":\"Uniguajira\",\"item\":\"https:\/\/uniguajira.edu.co\/\"},{\"@type\":\"ListItem\",\"position\":3,\"name\":\"Centro de Lenguas\",\"item\":\"https:\/\/uniguajira.edu.co\/universidad-de-la-guajira\/centro-de-lenguas\/\"},{\"@type\":\"ListItem\",\"position\":4,\"name\":\"Contando experiencias\"}]},{\"@type\":\"WebSite\",\"@id\":\"https:\/\/uniguajira.edu.co\/#website\",\"url\":\"https:\/\/uniguajira.edu.co\/\",\"name\":\"UNIGUAJIRA\",\"description\":\"Descubre la educaci\u00f3n superior con oportunidades laborales, retos estudiantiles y tecnolog\u00eda innovadora. Alcanza el \u00e9xito acad\u00e9mico y explora el impacto social y la diversidad en un entorno de aprendizaje moderno. Ad\u00e1ptate con inteligencia artificial y pr\u00e1cticas profesionales para un crecimiento integral.\",\"publisher\":{\"@id\":\"https:\/\/uniguajira.edu.co\/#organization\"},\"alternateName\":\"Universidad de La Guajira\",\"potentialAction\":[{\"@type\":\"SearchAction\",\"target\":{\"@type\":\"EntryPoint\",\"urlTemplate\":\"https:\/\/uniguajira.edu.co\/?s={search_term_string}\"},\"query-input\":{\"@type\":\"PropertyValueSpecification\",\"valueRequired\":true,\"valueName\":\"search_term_string\"}}],\"inLanguage\":\"wa-WA\"},{\"@type\":\"Organization\",\"@id\":\"https:\/\/uniguajira.edu.co\/#organization\",\"name\":\"Universidad de La Guajira\",\"alternateName\":\"UNIGUAJIRA\",\"url\":\"https:\/\/uniguajira.edu.co\/\",\"logo\":{\"@type\":\"ImageObject\",\"inLanguage\":\"wa-WA\",\"@id\":\"https:\/\/uniguajira.edu.co\/#\/schema\/logo\/image\/\",\"url\":\"https:\/\/uniguajira.edu.co\/wp-content\/uploads\/2026\/01\/cropped-cropped-LOGOS-PAGINA-WEB-04-1.webp\",\"contentUrl\":\"https:\/\/uniguajira.edu.co\/wp-content\/uploads\/2026\/01\/cropped-cropped-LOGOS-PAGINA-WEB-04-1.webp\",\"width\":360,\"height\":72,\"caption\":\"Universidad de La Guajira\"},\"image\":{\"@id\":\"https:\/\/uniguajira.edu.co\/#\/schema\/logo\/image\/\"},\"sameAs\":[\"https:\/\/www.facebook.com\/UniLaGuajira\/\",\"https:\/\/x.com\/UniLaGuajira\",\"https:\/\/www.instagram.com\/uniguajira_\/\",\"https:\/\/www.youtube.com\/user\/UniLaGuajira\"]}]}<\/script>\n<!-- \/ Yoast SEO Premium plugin. -->","yoast_head_json":{"title":"Ayawajia\u2019a at\u00fcj\u00fcnakat shikanainje\u2019e anuiki\u2019i","robots":{"index":"index","follow":"follow","max-snippet":"max-snippet:-1","max-image-preview":"max-image-preview:large","max-video-preview":"max-video-preview:-1"},"canonical":"https:\/\/uniguajira.edu.co\/wa\/universidad-de-la-guajira\/centro-de-lenguas\/contando-experiencias-del-centro-de-lenguas\/","og_locale":"en_US","og_type":"article","og_title":"Contando experiencias del centro de lenguas","og_description":"Los estudiantes del Centro de Lenguas de la Universidad de La Guajira disfrutan de experiencias ling\u00fc\u00edsticas enriquecedoras y variadas. A trav\u00e9s de nuestros ... .","og_url":"https:\/\/uniguajira.edu.co\/wa\/universidad-de-la-guajira\/centro-de-lenguas\/contando-experiencias-del-centro-de-lenguas\/","og_site_name":"Universidad de La Guajira","article_publisher":"https:\/\/www.facebook.com\/UniLaGuajira\/","article_modified_time":"2026-03-04T14:16:35+00:00","og_image":[{"width":1920,"height":590,"url":"https:\/\/uniguajira.edu.co\/wp-content\/uploads\/2024\/01\/banner-idiomas.webp","type":"image\/webp"}],"twitter_card":"summary_large_image","twitter_site":"@UniLaGuajira","twitter_misc":{"Est. reading time":"1 minute"},"schema":{"@context":"https:\/\/schema.org","@graph":[{"@type":"WebPage","@id":"https:\/\/uniguajira.edu.co\/en\/universidad-de-la-guajira\/centro-de-lenguas\/contando-experiencias-del-centro-de-lenguas\/","url":"https:\/\/uniguajira.edu.co\/en\/universidad-de-la-guajira\/centro-de-lenguas\/contando-experiencias-del-centro-de-lenguas\/","name":"Ayawajia\u2019a at\u00fcj\u00fcnakat shikanainje\u2019e anuiki\u2019i","isPartOf":{"@id":"https:\/\/uniguajira.edu.co\/#website"},"primaryImageOfPage":{"@id":"https:\/\/uniguajira.edu.co\/en\/universidad-de-la-guajira\/centro-de-lenguas\/contando-experiencias-del-centro-de-lenguas\/#primaryimage"},"image":{"@id":"https:\/\/uniguajira.edu.co\/en\/universidad-de-la-guajira\/centro-de-lenguas\/contando-experiencias-del-centro-de-lenguas\/#primaryimage"},"thumbnailUrl":"https:\/\/uniguajira.edu.co\/wp-content\/uploads\/2024\/01\/banner-idiomas.webp","datePublished":"2024-03-14T16:46:57+00:00","dateModified":"2026-03-04T14:16:35+00:00","breadcrumb":{"@id":"https:\/\/uniguajira.edu.co\/en\/universidad-de-la-guajira\/centro-de-lenguas\/contando-experiencias-del-centro-de-lenguas\/#breadcrumb"},"inLanguage":"wa-WA","potentialAction":[{"@type":"ReadAction","target":["https:\/\/uniguajira.edu.co\/en\/universidad-de-la-guajira\/centro-de-lenguas\/contando-experiencias-del-centro-de-lenguas\/"]}]},{"@type":"ImageObject","inLanguage":"wa-WA","@id":"https:\/\/uniguajira.edu.co\/en\/universidad-de-la-guajira\/centro-de-lenguas\/contando-experiencias-del-centro-de-lenguas\/#primaryimage","url":"https:\/\/uniguajira.edu.co\/wp-content\/uploads\/2024\/01\/banner-idiomas.webp","contentUrl":"https:\/\/uniguajira.edu.co\/wp-content\/uploads\/2024\/01\/banner-idiomas.webp","width":1920,"height":590},{"@type":"BreadcrumbList","@id":"https:\/\/uniguajira.edu.co\/en\/universidad-de-la-guajira\/centro-de-lenguas\/contando-experiencias-del-centro-de-lenguas\/#breadcrumb","itemListElement":[{"@type":"ListItem","position":1,"name":"\u2302 Uniguajira","item":"https:\/\/uniguajira.edu.co\/"},{"@type":"ListItem","position":2,"name":"Uniguajira","item":"https:\/\/uniguajira.edu.co\/"},{"@type":"ListItem","position":3,"name":"Centro de Lenguas","item":"https:\/\/uniguajira.edu.co\/universidad-de-la-guajira\/centro-de-lenguas\/"},{"@type":"ListItem","position":4,"name":"Contando experiencias"}]},{"@type":"WebSite","@id":"https:\/\/uniguajira.edu.co\/#website","url":"https:\/\/uniguajira.edu.co\/","name":"UNIGUAJIRA","description":"Descubre la educaci\u00f3n superior con oportunidades laborales, retos estudiantiles y tecnolog\u00eda innovadora. Alcanza el \u00e9xito acad\u00e9mico y explora el impacto social y la diversidad en un entorno de aprendizaje moderno. Ad\u00e1ptate con inteligencia artificial y pr\u00e1cticas profesionales para un crecimiento integral.","publisher":{"@id":"https:\/\/uniguajira.edu.co\/#organization"},"alternateName":"Universidad de La Guajira","potentialAction":[{"@type":"SearchAction","target":{"@type":"EntryPoint","urlTemplate":"https:\/\/uniguajira.edu.co\/?s={search_term_string}"},"query-input":{"@type":"PropertyValueSpecification","valueRequired":true,"valueName":"search_term_string"}}],"inLanguage":"wa-WA"},{"@type":"Organization","@id":"https:\/\/uniguajira.edu.co\/#organization","name":"Shikii Ekirajia P\u00fclee Wajiira","alternateName":"UNIGUAJIRA","url":"https:\/\/uniguajira.edu.co\/","logo":{"@type":"ImageObject","inLanguage":"wa-WA","@id":"https:\/\/uniguajira.edu.co\/#\/schema\/logo\/image\/","url":"https:\/\/uniguajira.edu.co\/wp-content\/uploads\/2026\/01\/cropped-cropped-LOGOS-PAGINA-WEB-04-1.webp","contentUrl":"https:\/\/uniguajira.edu.co\/wp-content\/uploads\/2026\/01\/cropped-cropped-LOGOS-PAGINA-WEB-04-1.webp","width":360,"height":72,"caption":"Universidad de La Guajira"},"image":{"@id":"https:\/\/uniguajira.edu.co\/#\/schema\/logo\/image\/"},"sameAs":["https:\/\/www.facebook.com\/UniLaGuajira\/","https:\/\/x.com\/UniLaGuajira","https:\/\/www.instagram.com\/uniguajira_\/","https:\/\/www.youtube.com\/user\/UniLaGuajira"]}]}},"_hostinger_reach_plugin_has_subscription_block":false,"_hostinger_reach_plugin_is_elementor":false,"_links":{"self":[{"href":"https:\/\/uniguajira.edu.co\/wa\/wp-json\/wp\/v2\/pages\/33500","targetHints":{"allow":["GET"]}}],"collection":[{"href":"https:\/\/uniguajira.edu.co\/wa\/wp-json\/wp\/v2\/pages"}],"about":[{"href":"https:\/\/uniguajira.edu.co\/wa\/wp-json\/wp\/v2\/types\/page"}],"author":[{"embeddable":true,"href":"https:\/\/uniguajira.edu.co\/wa\/wp-json\/wp\/v2\/users\/3"}],"replies":[{"embeddable":true,"href":"https:\/\/uniguajira.edu.co\/wa\/wp-json\/wp\/v2\/comments?post=33500"}],"version-history":[{"count":3,"href":"https:\/\/uniguajira.edu.co\/wa\/wp-json\/wp\/v2\/pages\/33500\/revisions"}],"predecessor-version":[{"id":106270,"href":"https:\/\/uniguajira.edu.co\/wa\/wp-json\/wp\/v2\/pages\/33500\/revisions\/106270"}],"up":[{"embeddable":true,"href":"https:\/\/uniguajira.edu.co\/wa\/wp-json\/wp\/v2\/pages\/31626"}],"wp:featuredmedia":[{"embeddable":true,"href":"https:\/\/uniguajira.edu.co\/wa\/wp-json\/wp\/v2\/media\/25707"}],"wp:attachment":[{"href":"https:\/\/uniguajira.edu.co\/wa\/wp-json\/wp\/v2\/media?parent=33500"}],"curies":[{"name":"wp","href":"https:\/\/api.w.org\/{rel}","templated":true}]}}