{"id":32475,"date":"2024-03-11T10:11:17","date_gmt":"2024-03-11T15:11:17","guid":{"rendered":"https:\/\/uniguajira.edu.co\/?page_id=32475"},"modified":"2025-02-10T11:49:45","modified_gmt":"2025-02-10T16:49:45","slug":"contacto-del-centro-de-graduados","status":"publish","type":"page","link":"https:\/\/uniguajira.edu.co\/wa\/universidad-de-la-guajira\/centro-de-graduados\/contacto-del-centro-de-graduados\/","title":{"rendered":"Contacto del centro de graduados"},"content":{"rendered":"<div class=\"gb-container gb-container-7b830bce\">\n<div class=\"gb-container gb-container-b14f2a14\">\n<div class=\"gb-container gb-container-136c6d25\">\n<div class=\"gb-container gb-container-11b01fbf\">\n<div class=\"gb-container gb-container-e49b243a\">\n<div class=\"gb-grid-wrapper gb-grid-wrapper-3edfd645\">\n<div class=\"gb-grid-column gb-grid-column-94a05bd4\"><div class=\"gb-container gb-container-94a05bd4\">\n\n<div id=\"section-gc52778\" class=\"wp-block-gutentor-e5 section-gc52778 gutentor-element gutentor-element-icon wow heartBeat gutentor-icon-default text-align-center-desktop\" data-wow-animation=\"heartBeat\" data-wow-delay=\"2s\" data-wow-duration=\"2s\"><div class=\"gutentor-element-icon-box\"><i class=\"fas fa-map\"><\/i><\/div><\/div>\n\n<\/div><\/div>\n\n<div class=\"gb-grid-column gb-grid-column-8fafba23\"><div class=\"gb-container gb-container-8fafba23\">\n\n<h3 class=\"gb-headline gb-headline-59b7d3c7 gb-headline-text\"><strong>Erre\u2019e shi\u2019i aa<\/strong><\/h3>\n\n\n\n<p class=\"gb-headline gb-headline-3e150b3c gb-headline-text\">Bloque 2 &#8211; Segundo Piso<br><strong>Shikii Ekirajia P\u00fclee Wajiira<\/strong><br>Shipiajatkat mulouskat<br>Wopu\u2019u chawatka\u2019a maikou<\/p>\n\n<\/div><\/div>\n<\/div>\n<\/div>\n\n<div class=\"gb-container gb-container-acfa3250\">\n<div class=\"gb-grid-wrapper gb-grid-wrapper-c6104ba3\">\n<div class=\"gb-grid-column gb-grid-column-fc8df0e2\"><div class=\"gb-container gb-container-fc8df0e2\">\n\n<div id=\"section-ge5e4c3\" class=\"wp-block-gutentor-e5 section-ge5e4c3 gutentor-element gutentor-element-icon wow heartBeat gutentor-icon-default text-align-center-desktop\" data-wow-animation=\"heartBeat\" data-wow-delay=\"4s\" data-wow-duration=\"2s\"><div class=\"gutentor-element-icon-box\"><i class=\"fas fa-envelope\"><\/i><\/div><\/div>\n\n<\/div><\/div>\n\n<div class=\"gb-grid-column gb-grid-column-4d675a55\"><div class=\"gb-container gb-container-4d675a55\">\n\n<h3 class=\"gb-headline gb-headline-ce5f8b39 gb-headline-text\"><strong>Ak\u00fcjia\u2019a<\/strong><\/h3>\n\n\n\n<p class=\"gb-headline gb-headline-9d5ae83d gb-headline-text largo\"><a href=\"mailto:egresados@uniguajira.edu.co\" target=\"_blank\" rel=\"noreferrer noopener\">egresados@uniguajira.edu.co<\/a><\/p>\n\n<\/div><\/div>\n<\/div>\n<\/div>\n\n<div class=\"gb-container gb-container-ea4bb18f\">\n<div class=\"gb-grid-wrapper gb-grid-wrapper-95a43142\">\n<div class=\"gb-grid-column gb-grid-column-b4dbc15c\"><div class=\"gb-container gb-container-b4dbc15c\">\n\n<div id=\"section-g05aad1\" class=\"wp-block-gutentor-e5 section-g05aad1 gutentor-element gutentor-element-icon wow heartBeat gutentor-icon-default text-align-center-desktop\" data-wow-animation=\"heartBeat\" data-wow-delay=\"6s\" data-wow-duration=\"2s\"><div class=\"gutentor-element-icon-box\"><i class=\"fas fa-phone\"><\/i><\/div><\/div>\n\n<\/div><\/div>\n\n<div class=\"gb-grid-column gb-grid-column-e0c41394\"><div class=\"gb-container gb-container-e0c41394\">\n\n<h3 class=\"gb-headline gb-headline-03a7a5cd gb-headline-text\"><strong>Punejuin jolu\u2019uya\u2019a<\/strong><\/h3>\n\n\n\n<p class=\"gb-headline gb-headline-790327b9 gb-headline-text\">Puneja\u2019a sulumui\u2019in  shipiakat <strong>centro de graduados de la Universidad de La Guajira&nbsp;<\/strong>a&nbsp;<strong>+57 (605) 7282729, Ext.&nbsp;262 <\/strong>&nbsp;y obt\u00e9n la informaci\u00f3n que necesitas. Nuestro equipo est\u00e1 listo para atenderte y resolver todas tus consultas.<\/p>\n\n<\/div><\/div>\n<\/div>\n<\/div>\n\n<div class=\"gb-container gb-container-70361826\">\n\n<h3 class=\"gb-headline gb-headline-68be2832 gb-headline-text\">S\u00edguenos:<\/h3>\n\n\n<div class=\"gb-container gb-container-4e21f19a\">\n\n<a class=\"gb-button gb-button-b458a1f0\" href=\"https:\/\/twitter.com\/i\/flow\/login?redirect_after_login=%2FUniLaGuajira\" target=\"_blank\" rel=\"noopener noreferrer\"><span class=\"gb-icon\"><svg xmlns=\"http:\/\/www.w3.org\/2000\/svg\" xmlns:xlink=\"http:\/\/www.w3.org\/1999\/xlink\" version=\"1.1\" width=\"256\" height=\"256\" viewbox=\"0 0 256 256\" xml:space=\"preserve\">       <defs><\/defs>      <g style=\"stroke: none; stroke-width: 0; stroke-dasharray: none; stroke-linecap: butt; stroke-linejoin: miter; stroke-miterlimit: 10; fill: none; fill-rule: nonzero; opacity: 1;\" transform=\"translate(1.4065934065934016 1.4065934065934016) scale(2.81 2.81)\">          <path d=\"M 0.219 2.882 l 34.748 46.461 L 0 87.118 h 7.87 l 30.614 -33.073 l 24.735 33.073 H 90 L 53.297 38.043 L 85.844 2.882 h -7.87 L 49.781 33.341 L 27.001 2.882 H 0.219 z M 11.793 8.679 h 12.303 L 78.425 81.32 H 66.122 L 11.793 8.679 z\" style=\"stroke: none; stroke-width: 1; stroke-dasharray: none; stroke-linecap: butt; stroke-linejoin: miter; stroke-miterlimit: 10; fill: rgb(255,255,255); fill-rule: nonzero; opacity: 1;\" transform=\"matrix(1 0 0 1 0 0)\" stroke-linecap=\"round\"><\/path>      <\/g>  <\/svg><\/span><\/a>\n\n\n\n<a class=\"gb-button gb-button-7d3ed72c\" href=\"https:\/\/www.facebook.com\/graduadosdelauniguajira\" target=\"_blank\" rel=\"noopener noreferrer\"><span class=\"gb-icon\"><svg aria-hidden=\"true\" height=\"1em\" width=\"1em\" viewbox=\"0 0 320 512\" xmlns=\"http:\/\/www.w3.org\/2000\/svg\">        <path fill=\"white\" d=\"M279.14 288l14.22-92.66h-88.91v-60.13c0-25.35 12.42-50.06 52.24-50.06h40.42V6.26S260.43 0 225.36 0c-73.22 0-121.08 44.38-121.08 124.72v70.62H22.89V288h81.39v224h100.17V288z\"><\/path>  <\/svg><\/span><\/a>\n\n\n\n<a class=\"gb-button gb-button-9f30ea54\" href=\"https:\/\/www.instagram.com\/graduadosuniguajira\/\" target=\"_blank\" rel=\"noopener noreferrer\"><span class=\"gb-icon\"><svg aria-hidden=\"true\" height=\"1em\" width=\"1em\" viewbox=\"0 0 448 512\" xmlns=\"http:\/\/www.w3.org\/2000\/svg\">        <path fill=\"white\" d=\"M224.1 141c-63.6 0-114.9 51.3-114.9 114.9s51.3 114.9 114.9 114.9S339 319.5 339 255.9 287.7 141 224.1 141zm0 189.6c-41.1 0-74.7-33.5-74.7-74.7s33.5-74.7 74.7-74.7 74.7 33.5 74.7 74.7-33.6 74.7-74.7 74.7zm146.4-194.3c0 14.9-12 26.8-26.8 26.8-14.9 0-26.8-12-26.8-26.8s12-26.8 26.8-26.8 26.8 12 26.8 26.8zm76.1 27.2c-1.7-35.9-9.9-67.7-36.2-93.9-26.2-26.2-58-34.4-93.9-36.2-37-2.1-147.9-2.1-184.9 0-35.8 1.7-67.6 9.9-93.9 36.1s-34.4 58-36.2 93.9c-2.1 37-2.1 147.9 0 184.9 1.7 35.9 9.9 67.7 36.2 93.9s58 34.4 93.9 36.2c37 2.1 147.9 2.1 184.9 0 35.9-1.7 67.7-9.9 93.9-36.2 26.2-26.2 34.4-58 36.2-93.9 2.1-37 2.1-147.8 0-184.8zM398.8 388c-7.8 19.6-22.9 34.7-42.6 42.6-29.5 11.7-99.5 9-132.1 9s-102.7 2.6-132.1-9c-19.6-7.8-34.7-22.9-42.6-42.6-11.7-29.5-9-99.5-9-132.1s-2.6-102.7 9-132.1c7.8-19.6 22.9-34.7 42.6-42.6 29.5-11.7 99.5-9 132.1-9s102.7-2.6 132.1 9c19.6 7.8 34.7 22.9 42.6 42.6 11.7 29.5 9 99.5 9 132.1s2.7 102.7-9 132.1z\"><\/path>  <\/svg><\/span><\/a>\n\n\n\n<a class=\"gb-button gb-button-57f4e9b1\" href=\"https:\/\/www.youtube.com\/channel\/UCZNnuzAKVkcdRKa7Ei-S8Tg\" target=\"_blank\" rel=\"noopener noreferrer\"><span class=\"gb-icon\"><svg stroke=\"#ffffff\" fill=\"#ffffff\" height=\"256px\" width=\"256px\" xml:space=\"preserve\" viewbox=\"0 0 32 32\" id=\"Icons\" version=\"1.1\" xmlns:xlink=\"http:\/\/www.w3.org\/1999\/xlink\" xmlns=\"http:\/\/www.w3.org\/2000\/svg\">  <g stroke-width=\"0\" id=\"SVGRepo_bgCarrier\"><\/g>  <g stroke-linejoin=\"round\" stroke-linecap=\"round\" id=\"SVGRepo_tracerCarrier\"><\/g>  <g id=\"SVGRepo_iconCarrier\"> <style type=\"text\/css\"> .st0{fill:none;stroke:#ffffff;stroke-width:2;stroke-linecap:round;stroke-linejoin:round;stroke-miterlimit:10;} .st1{fill:none;stroke:#ffffff;stroke-width:2;} .st2{fill:none;stroke:#ffffff;stroke-width:2;stroke-miterlimit:10;} <\/style> <path d=\"M13,12V20c0,0.8,0.9,1.3,1.6,0.9l6-4c0.6-0.4,0.6-1.3,0-1.7l-6-4C13.9,10.7,13,11.2,13,12z\" class=\"st0\"><\/path> <g> <path d=\"M28.1,25.5c-9.7,0.7-14.5,0.7-24.2,0c-1.1-0.1-2.2-1.1-2.3-2.2c-0.8-5.8-0.8-8.7,0-14.5 c0.2-1.1,1.2-2.2,2.3-2.2c9.7-0.7,14.5-0.7,24.2,0c1.1,0.1,2.2,1.1,2.3,2.2c0.8,5.8,0.8,8.7,0,14.5C30.3,24.4,29.2,25.4,28.1,25.5z\" class=\"st0\"><\/path> <\/g> <\/g>  <\/svg><\/span><\/a>\n\n<\/div>\n<\/div>\n<\/div>\n\n<div class=\"gb-container gb-container-b6566a12\">\n<div class=\"gb-container gb-container-7e448cb7 infpro efectoentrante\">\n\n<div class=\"wp-block-contact-form-7-contact-form-selector\">\n<div class=\"wpcf7 no-js\" id=\"wpcf7-f32467-o1\" lang=\"es-ES\" dir=\"ltr\" data-wpcf7-id=\"32467\">\n<div class=\"screen-reader-response\"><p role=\"status\" aria-live=\"polite\" aria-atomic=\"true\"><\/p> <ul><\/ul><\/div>\n<form action=\"\/wa\/wp-json\/wp\/v2\/pages\/32475#wpcf7-f32467-o1\" method=\"post\" class=\"wpcf7-form init\" aria-label=\"Contact form\" novalidate=\"novalidate\" data-status=\"init\" data-trp-original-action=\"\/wa\/wp-json\/wp\/v2\/pages\/32475#wpcf7-f32467-o1\">\n<fieldset class=\"hidden-fields-container\"><input type=\"hidden\" name=\"_wpcf7\" value=\"32467\" \/><input type=\"hidden\" name=\"_wpcf7_version\" value=\"6.1.5\" \/><input type=\"hidden\" name=\"_wpcf7_locale\" value=\"es_ES\" \/><input type=\"hidden\" name=\"_wpcf7_unit_tag\" value=\"wpcf7-f32467-o1\" \/><input type=\"hidden\" name=\"_wpcf7_container_post\" value=\"0\" \/><input type=\"hidden\" name=\"_wpcf7_posted_data_hash\" value=\"\" \/><input type=\"hidden\" name=\"_wpcf7_recaptcha_response\" value=\"\" \/>\n<\/fieldset>\n<p><span class=\"wpcf7-form-control-wrap\" data-name=\"menu-666\"><select class=\"wpcf7-form-control wpcf7-select wpcf7-validates-as-required\" aria-required=\"true\" aria-invalid=\"false\" name=\"menu-666\"><option value=\"Centro de graduados\">Centro de graduados<\/option><\/select><\/span>\n<\/p>\n<p><label for=\"your-name\">S\u00fc n\u00fcl\u1f77\u2019\u1f77a* <span class=\"required\">*<\/span><\/label><br \/>\n<span class=\"wpcf7-form-control-wrap\" data-name=\"your-name\"><input size=\"40\" maxlength=\"400\" class=\"wpcf7-form-control wpcf7-text wpcf7-validates-as-required\" aria-required=\"true\" aria-invalid=\"false\" value=\"\" type=\"text\" name=\"your-name\" \/><\/span>\n<\/p>\n<p><label for=\"your-email\">Akiujiekat putchi\u2019i choujale\u2019e shia\u2019a <span class=\"required\">*<\/span><\/label><br \/>\n<span class=\"wpcf7-form-control-wrap\" data-name=\"your-email\"><input size=\"40\" maxlength=\"400\" class=\"wpcf7-form-control wpcf7-email wpcf7-validates-as-required wpcf7-text wpcf7-validates-as-email\" aria-required=\"true\" aria-invalid=\"false\" value=\"\" type=\"email\" name=\"your-email\" \/><\/span>\n<\/p>\n<p><label for=\"telefono\">Kaachuwerakat ouneji\u2019ia\u2019akat <span class=\"required\">*<\/span><\/label><br \/>\n<span class=\"wpcf7-form-control-wrap\" data-name=\"telefono\"><input size=\"40\" maxlength=\"400\" class=\"wpcf7-form-control wpcf7-tel wpcf7-validates-as-required wpcf7-text wpcf7-validates-as-tel\" aria-required=\"true\" aria-invalid=\"false\" value=\"\" type=\"tel\" name=\"telefono\" \/><\/span>\n<\/p>\n<p><label for=\"your-subject\">Sukuwaipa\u2019a  putchi\u2019i<\/label><br \/>\n<span class=\"wpcf7-form-control-wrap\" data-name=\"your-subject\"><input size=\"40\" maxlength=\"400\" class=\"wpcf7-form-control wpcf7-text\" aria-invalid=\"false\" value=\"\" type=\"text\" name=\"your-subject\" \/><\/span>\n<\/p>\n<p><label for=\"your-message\">T\u00fc punuikimajatkalu\u2019u no\u2019jotsu alana\u2019injatu\u2019in suchukumui\u2019n ja\u2019raitua po\u2019looin shikii  shushajia\u2019a <span class=\"required\">*<\/span><\/label><br \/>\n<span class=\"wpcf7-form-control-wrap\" data-name=\"your-message\"><textarea cols=\"40\" rows=\"10\" maxlength=\"500\" class=\"wpcf7-form-control wpcf7-textarea wpcf7-validates-as-required\" aria-required=\"true\" aria-invalid=\"false\" name=\"your-message\"><\/textarea><\/span>\n<\/p>\n<p><span class=\"wpcf7-form-control-wrap\" data-name=\"acceptance-278\"><span class=\"wpcf7-form-control wpcf7-acceptance\"><span class=\"wpcf7-list-item\"><input type=\"checkbox\" name=\"acceptance-278\" value=\"1\" aria-invalid=\"false\" \/><\/span><\/span><\/span> Wapu\u2019in <a href=\"https:\/\/uniguajira.edu.co\/wa\/politica-de-privacidad\/\" rel=\"nofollow\" target=\"_blank\">putchii jalejekuat<\/a><span class=\"required\">*<\/span>\n<\/p>\n<span class=\"wpcf7-form-control-wrap recaptcha\" data-name=\"recaptcha\"><span data-sitekey=\"6LfvyPspAAAAADFjB_ZHKnz_DguKH33xzRCZ0Nno\" class=\"wpcf7-form-control wpcf7-recaptcha g-recaptcha\"><\/span>\r\n<noscript>\r\n\t<div class=\"grecaptcha-noscript\">\r\n\t\t<iframe loading=\"lazy\" src=\"https:\/\/www.google.com\/recaptcha\/api\/fallback?k=6LfvyPspAAAAADFjB_ZHKnz_DguKH33xzRCZ0Nno\" frameborder=\"0\" scrolling=\"no\" width=\"310\" height=\"430\">\r\n\t\t<\/iframe>\r\n\t\t<textarea name=\"g-recaptcha-response\" rows=\"3\" cols=\"40\" placeholder=\"reCaptcha Response Here\">\r\n\t\t<\/textarea>\r\n\t<\/div>\r\n<\/noscript>\r\n<\/span>\n<p><input class=\"wpcf7-form-control wpcf7-submit has-spinner\" type=\"submit\" value=\"Ikaa&#039;maalaa jiaja\" \/>\n<\/p><input type='hidden' class='wpcf7-pum' value='{\"closepopup\":false,\"closedelay\":0,\"openpopup\":false,\"openpopup_id\":0}' \/><div class=\"wpcf7-response-output\" aria-hidden=\"true\"><\/div>\n<input type=\"hidden\" name=\"trp-form-language\" value=\"wa\"\/><\/form>\n<\/div>\n<\/div>\n\n<\/div>\n<\/div>\n<\/div>\n<\/div>\n<\/div>","protected":false},"excerpt":{"rendered":"<p>S\u00edguenos:<\/p>","protected":false},"author":3,"featured_media":42629,"parent":31060,"menu_order":0,"comment_status":"closed","ping_status":"closed","template":"","meta":{"footnotes":""},"class_list":{"0":"post-32475","1":"page","2":"type-page","3":"status-publish","4":"has-post-thumbnail","6":"infinite-scroll-item"},"yoast_head":"<!-- This site is optimized with the Yoast SEO Premium plugin v27.0 (Yoast SEO v27.0) - https:\/\/yoast.com\/product\/yoast-seo-premium-wordpress\/ -->\n<title>Contacto del centro de graduados<\/title>\n<meta name=\"robots\" content=\"index, nofollow, max-snippet:-1, max-image-preview:large, max-video-preview:-1\" \/>\n<link rel=\"canonical\" href=\"https:\/\/uniguajira.edu.co\/wa\/universidad-de-la-guajira\/centro-de-graduados\/contacto-del-centro-de-graduados\/\" \/>\n<meta property=\"og:locale\" content=\"en_US\" \/>\n<meta property=\"og:type\" content=\"article\" \/>\n<meta property=\"og:title\" content=\"Contacto del centro de graduados\" \/>\n<meta property=\"og:description\" content=\"S\u00edguenos:\" \/>\n<meta property=\"og:url\" content=\"https:\/\/uniguajira.edu.co\/wa\/universidad-de-la-guajira\/centro-de-graduados\/contacto-del-centro-de-graduados\/\" \/>\n<meta property=\"og:site_name\" content=\"Universidad de La Guajira\" \/>\n<meta property=\"article:publisher\" content=\"https:\/\/www.facebook.com\/UniLaGuajira\/\" \/>\n<meta property=\"article:modified_time\" content=\"2025-02-10T16:49:45+00:00\" \/>\n<meta property=\"og:image\" content=\"https:\/\/uniguajira.edu.co\/wp-content\/uploads\/2024\/04\/Banner-de-Graduados.jpg\" \/>\n\t<meta property=\"og:image:width\" content=\"1920\" \/>\n\t<meta property=\"og:image:height\" content=\"530\" \/>\n\t<meta property=\"og:image:type\" content=\"image\/jpeg\" \/>\n<meta name=\"twitter:card\" content=\"summary_large_image\" \/>\n<meta name=\"twitter:site\" content=\"@UniLaGuajira\" \/>\n<meta name=\"twitter:label1\" content=\"Est. reading time\" \/>\n\t<meta name=\"twitter:data1\" content=\"1 minute\" \/>\n<script type=\"application\/ld+json\" class=\"yoast-schema-graph\">{\"@context\":\"https:\/\/schema.org\",\"@graph\":[{\"@type\":\"WebPage\",\"@id\":\"https:\/\/uniguajira.edu.co\/universidad-de-la-guajira\/centro-de-graduados\/contacto-del-centro-de-graduados\/\",\"url\":\"https:\/\/uniguajira.edu.co\/universidad-de-la-guajira\/centro-de-graduados\/contacto-del-centro-de-graduados\/\",\"name\":\"Contacto del centro de graduados\",\"isPartOf\":{\"@id\":\"https:\/\/uniguajira.edu.co\/#website\"},\"primaryImageOfPage\":{\"@id\":\"https:\/\/uniguajira.edu.co\/universidad-de-la-guajira\/centro-de-graduados\/contacto-del-centro-de-graduados\/#primaryimage\"},\"image\":{\"@id\":\"https:\/\/uniguajira.edu.co\/universidad-de-la-guajira\/centro-de-graduados\/contacto-del-centro-de-graduados\/#primaryimage\"},\"thumbnailUrl\":\"https:\/\/uniguajira.edu.co\/wp-content\/uploads\/2024\/04\/Banner-de-Graduados.jpg\",\"datePublished\":\"2024-03-11T15:11:17+00:00\",\"dateModified\":\"2025-02-10T16:49:45+00:00\",\"breadcrumb\":{\"@id\":\"https:\/\/uniguajira.edu.co\/universidad-de-la-guajira\/centro-de-graduados\/contacto-del-centro-de-graduados\/#breadcrumb\"},\"inLanguage\":\"wa-WA\",\"potentialAction\":[{\"@type\":\"ReadAction\",\"target\":[\"https:\/\/uniguajira.edu.co\/universidad-de-la-guajira\/centro-de-graduados\/contacto-del-centro-de-graduados\/\"]}]},{\"@type\":\"ImageObject\",\"inLanguage\":\"wa-WA\",\"@id\":\"https:\/\/uniguajira.edu.co\/universidad-de-la-guajira\/centro-de-graduados\/contacto-del-centro-de-graduados\/#primaryimage\",\"url\":\"https:\/\/uniguajira.edu.co\/wp-content\/uploads\/2024\/04\/Banner-de-Graduados.jpg\",\"contentUrl\":\"https:\/\/uniguajira.edu.co\/wp-content\/uploads\/2024\/04\/Banner-de-Graduados.jpg\",\"width\":1920,\"height\":530},{\"@type\":\"BreadcrumbList\",\"@id\":\"https:\/\/uniguajira.edu.co\/universidad-de-la-guajira\/centro-de-graduados\/contacto-del-centro-de-graduados\/#breadcrumb\",\"itemListElement\":[{\"@type\":\"ListItem\",\"position\":1,\"name\":\"\u2302 Uniguajira\",\"item\":\"https:\/\/uniguajira.edu.co\/\"},{\"@type\":\"ListItem\",\"position\":2,\"name\":\"Uniguajira\",\"item\":\"https:\/\/uniguajira.edu.co\/\"},{\"@type\":\"ListItem\",\"position\":3,\"name\":\"Graduados\",\"item\":\"https:\/\/uniguajira.edu.co\/universidad-de-la-guajira\/centro-de-graduados\/\"},{\"@type\":\"ListItem\",\"position\":4,\"name\":\"Contacto\"}]},{\"@type\":\"WebSite\",\"@id\":\"https:\/\/uniguajira.edu.co\/#website\",\"url\":\"https:\/\/uniguajira.edu.co\/\",\"name\":\"UNIGUAJIRA\",\"description\":\"Descubre la educaci\u00f3n superior con oportunidades laborales, retos estudiantiles y tecnolog\u00eda innovadora. Alcanza el \u00e9xito acad\u00e9mico y explora el impacto social y la diversidad en un entorno de aprendizaje moderno. Ad\u00e1ptate con inteligencia artificial y pr\u00e1cticas profesionales para un crecimiento integral.\",\"publisher\":{\"@id\":\"https:\/\/uniguajira.edu.co\/#organization\"},\"alternateName\":\"Universidad de La Guajira\",\"potentialAction\":[{\"@type\":\"SearchAction\",\"target\":{\"@type\":\"EntryPoint\",\"urlTemplate\":\"https:\/\/uniguajira.edu.co\/?s={search_term_string}\"},\"query-input\":{\"@type\":\"PropertyValueSpecification\",\"valueRequired\":true,\"valueName\":\"search_term_string\"}}],\"inLanguage\":\"wa-WA\"},{\"@type\":\"Organization\",\"@id\":\"https:\/\/uniguajira.edu.co\/#organization\",\"name\":\"Universidad de La Guajira\",\"alternateName\":\"UNIGUAJIRA\",\"url\":\"https:\/\/uniguajira.edu.co\/\",\"logo\":{\"@type\":\"ImageObject\",\"inLanguage\":\"wa-WA\",\"@id\":\"https:\/\/uniguajira.edu.co\/#\/schema\/logo\/image\/\",\"url\":\"https:\/\/uniguajira.edu.co\/wp-content\/uploads\/2026\/01\/cropped-cropped-LOGOS-PAGINA-WEB-04-1.webp\",\"contentUrl\":\"https:\/\/uniguajira.edu.co\/wp-content\/uploads\/2026\/01\/cropped-cropped-LOGOS-PAGINA-WEB-04-1.webp\",\"width\":360,\"height\":72,\"caption\":\"Universidad de La Guajira\"},\"image\":{\"@id\":\"https:\/\/uniguajira.edu.co\/#\/schema\/logo\/image\/\"},\"sameAs\":[\"https:\/\/www.facebook.com\/UniLaGuajira\/\",\"https:\/\/x.com\/UniLaGuajira\",\"https:\/\/www.instagram.com\/uniguajira_\/\",\"https:\/\/www.youtube.com\/user\/UniLaGuajira\"]}]}<\/script>\n<!-- \/ Yoast SEO Premium plugin. -->","yoast_head_json":{"title":"Contacto del centro de graduados","robots":{"index":"index","follow":"nofollow","max-snippet":"max-snippet:-1","max-image-preview":"max-image-preview:large","max-video-preview":"max-video-preview:-1"},"canonical":"https:\/\/uniguajira.edu.co\/wa\/universidad-de-la-guajira\/centro-de-graduados\/contacto-del-centro-de-graduados\/","og_locale":"en_US","og_type":"article","og_title":"Contacto del centro de graduados","og_description":"S\u00edguenos:","og_url":"https:\/\/uniguajira.edu.co\/wa\/universidad-de-la-guajira\/centro-de-graduados\/contacto-del-centro-de-graduados\/","og_site_name":"Universidad de La Guajira","article_publisher":"https:\/\/www.facebook.com\/UniLaGuajira\/","article_modified_time":"2025-02-10T16:49:45+00:00","og_image":[{"width":1920,"height":530,"url":"https:\/\/uniguajira.edu.co\/wp-content\/uploads\/2024\/04\/Banner-de-Graduados.jpg","type":"image\/jpeg"}],"twitter_card":"summary_large_image","twitter_site":"@UniLaGuajira","twitter_misc":{"Est. reading time":"1 minute"},"schema":{"@context":"https:\/\/schema.org","@graph":[{"@type":"WebPage","@id":"https:\/\/uniguajira.edu.co\/universidad-de-la-guajira\/centro-de-graduados\/contacto-del-centro-de-graduados\/","url":"https:\/\/uniguajira.edu.co\/universidad-de-la-guajira\/centro-de-graduados\/contacto-del-centro-de-graduados\/","name":"Contacto del centro de graduados","isPartOf":{"@id":"https:\/\/uniguajira.edu.co\/#website"},"primaryImageOfPage":{"@id":"https:\/\/uniguajira.edu.co\/universidad-de-la-guajira\/centro-de-graduados\/contacto-del-centro-de-graduados\/#primaryimage"},"image":{"@id":"https:\/\/uniguajira.edu.co\/universidad-de-la-guajira\/centro-de-graduados\/contacto-del-centro-de-graduados\/#primaryimage"},"thumbnailUrl":"https:\/\/uniguajira.edu.co\/wp-content\/uploads\/2024\/04\/Banner-de-Graduados.jpg","datePublished":"2024-03-11T15:11:17+00:00","dateModified":"2025-02-10T16:49:45+00:00","breadcrumb":{"@id":"https:\/\/uniguajira.edu.co\/universidad-de-la-guajira\/centro-de-graduados\/contacto-del-centro-de-graduados\/#breadcrumb"},"inLanguage":"wa-WA","potentialAction":[{"@type":"ReadAction","target":["https:\/\/uniguajira.edu.co\/universidad-de-la-guajira\/centro-de-graduados\/contacto-del-centro-de-graduados\/"]}]},{"@type":"ImageObject","inLanguage":"wa-WA","@id":"https:\/\/uniguajira.edu.co\/universidad-de-la-guajira\/centro-de-graduados\/contacto-del-centro-de-graduados\/#primaryimage","url":"https:\/\/uniguajira.edu.co\/wp-content\/uploads\/2024\/04\/Banner-de-Graduados.jpg","contentUrl":"https:\/\/uniguajira.edu.co\/wp-content\/uploads\/2024\/04\/Banner-de-Graduados.jpg","width":1920,"height":530},{"@type":"BreadcrumbList","@id":"https:\/\/uniguajira.edu.co\/universidad-de-la-guajira\/centro-de-graduados\/contacto-del-centro-de-graduados\/#breadcrumb","itemListElement":[{"@type":"ListItem","position":1,"name":"\u2302 Uniguajira","item":"https:\/\/uniguajira.edu.co\/"},{"@type":"ListItem","position":2,"name":"Uniguajira","item":"https:\/\/uniguajira.edu.co\/"},{"@type":"ListItem","position":3,"name":"Graduados","item":"https:\/\/uniguajira.edu.co\/universidad-de-la-guajira\/centro-de-graduados\/"},{"@type":"ListItem","position":4,"name":"Contacto"}]},{"@type":"WebSite","@id":"https:\/\/uniguajira.edu.co\/#website","url":"https:\/\/uniguajira.edu.co\/","name":"UNIGUAJIRA","description":"Descubre la educaci\u00f3n superior con oportunidades laborales, retos estudiantiles y tecnolog\u00eda innovadora. Alcanza el \u00e9xito acad\u00e9mico y explora el impacto social y la diversidad en un entorno de aprendizaje moderno. Ad\u00e1ptate con inteligencia artificial y pr\u00e1cticas profesionales para un crecimiento integral.","publisher":{"@id":"https:\/\/uniguajira.edu.co\/#organization"},"alternateName":"Universidad de La Guajira","potentialAction":[{"@type":"SearchAction","target":{"@type":"EntryPoint","urlTemplate":"https:\/\/uniguajira.edu.co\/?s={search_term_string}"},"query-input":{"@type":"PropertyValueSpecification","valueRequired":true,"valueName":"search_term_string"}}],"inLanguage":"wa-WA"},{"@type":"Organization","@id":"https:\/\/uniguajira.edu.co\/#organization","name":"Shikii Ekirajia P\u00fclee Wajiira","alternateName":"UNIGUAJIRA","url":"https:\/\/uniguajira.edu.co\/","logo":{"@type":"ImageObject","inLanguage":"wa-WA","@id":"https:\/\/uniguajira.edu.co\/#\/schema\/logo\/image\/","url":"https:\/\/uniguajira.edu.co\/wp-content\/uploads\/2026\/01\/cropped-cropped-LOGOS-PAGINA-WEB-04-1.webp","contentUrl":"https:\/\/uniguajira.edu.co\/wp-content\/uploads\/2026\/01\/cropped-cropped-LOGOS-PAGINA-WEB-04-1.webp","width":360,"height":72,"caption":"Universidad de La Guajira"},"image":{"@id":"https:\/\/uniguajira.edu.co\/#\/schema\/logo\/image\/"},"sameAs":["https:\/\/www.facebook.com\/UniLaGuajira\/","https:\/\/x.com\/UniLaGuajira","https:\/\/www.instagram.com\/uniguajira_\/","https:\/\/www.youtube.com\/user\/UniLaGuajira"]}]}},"_hostinger_reach_plugin_has_subscription_block":false,"_hostinger_reach_plugin_is_elementor":false,"_links":{"self":[{"href":"https:\/\/uniguajira.edu.co\/wa\/wp-json\/wp\/v2\/pages\/32475","targetHints":{"allow":["GET"]}}],"collection":[{"href":"https:\/\/uniguajira.edu.co\/wa\/wp-json\/wp\/v2\/pages"}],"about":[{"href":"https:\/\/uniguajira.edu.co\/wa\/wp-json\/wp\/v2\/types\/page"}],"author":[{"embeddable":true,"href":"https:\/\/uniguajira.edu.co\/wa\/wp-json\/wp\/v2\/users\/3"}],"replies":[{"embeddable":true,"href":"https:\/\/uniguajira.edu.co\/wa\/wp-json\/wp\/v2\/comments?post=32475"}],"version-history":[{"count":0,"href":"https:\/\/uniguajira.edu.co\/wa\/wp-json\/wp\/v2\/pages\/32475\/revisions"}],"up":[{"embeddable":true,"href":"https:\/\/uniguajira.edu.co\/wa\/wp-json\/wp\/v2\/pages\/31060"}],"wp:featuredmedia":[{"embeddable":true,"href":"https:\/\/uniguajira.edu.co\/wa\/wp-json\/wp\/v2\/media\/42629"}],"wp:attachment":[{"href":"https:\/\/uniguajira.edu.co\/wa\/wp-json\/wp\/v2\/media?parent=32475"}],"curies":[{"name":"wp","href":"https:\/\/api.w.org\/{rel}","templated":true}]}}