{"id":31462,"date":"2024-03-07T09:47:12","date_gmt":"2024-03-07T14:47:12","guid":{"rendered":"https:\/\/uniguajira.edu.co\/?page_id=31462"},"modified":"2025-10-30T10:06:21","modified_gmt":"2025-10-30T15:06:21","slug":"presentacion-planeacion-institucional-2","status":"publish","type":"page","link":"https:\/\/uniguajira.edu.co\/wa\/universidad-de-la-guajira\/planeacion-institucional\/presentacion-planeacion-institucional-2\/","title":{"rendered":"Presentaci\u00f3n Planeaci\u00f3n Institucional"},"content":{"rendered":"<div class=\"gb-container gb-container-86ce05de\">\n<div class=\"gb-container gb-container-17d28e3e\">\n<div class=\"gb-container gb-container-0fcd410d\">\n<div class=\"gb-container gb-container-bdc251ed\">\n<div class=\"gb-container gb-container-98ba5e23\">\n<div class=\"gb-container gb-container-0e7f6287\">\n\n<p class=\"has-text-align-left\">La Oficina de Planeaci\u00f3n Institucional de la Universidad de La Guajira desempe\u00f1a un papel fundamental en la planificaci\u00f3n estrat\u00e9gica y el desarrollo sostenible de nuestra prestigiosa instituci\u00f3n educativa. Nuestra misi\u00f3n es trazar el rumbo hacia un futuro educativo exitoso, promoviendo la excelencia acad\u00e9mica y la mejora continua. Como impulsores del cambio positivo, trabajamos incansablemente para alinear los objetivos de la universidad con las necesidades cambiantes de nuestros estudiantes y la comunidad en general.<\/p>\n\n\n\n<p class=\"has-text-align-left\">Fomentamos una cultura de transparencia y responsabilidad al presentar informes de gesti\u00f3n que detallan nuestro progreso y los resultados de nuestras iniciativas. Colaboramos estrechamente con l\u00edderes universitarios, facultades y departamentos para garantizar que cada decisi\u00f3n se tome de manera informada y estrat\u00e9gica. Nuestra oficina es el epicentro de proyectos estrat\u00e9gicos clave, la identificaci\u00f3n de oportunidades de mejora y la promoci\u00f3n de la toma de decisiones basadas en datos<\/p>\n\n\n\n<p class=\"has-text-align-left\">Adem\u00e1s, la Oficina de Talento Humano trabaja en estrecha colaboraci\u00f3n con los departamentos acad\u00e9micos y administrativos para asegurarse de que la universidad cuente con el personal adecuado para cumplir sus objetivos y metas institucionales. Tambi\u00e9n se encarga de garantizar que se cumplan las regulaciones laborales y de recursos humanos.<\/p>\n\n<\/div>\n<\/div>\n\n<div class=\"gb-container gb-container-5f37b1d3\">\n<div class=\"gb-container gb-container-1e0c97f9\">\n\n<div id=\"section-gc8e1ac\" class=\"wp-block-gutentor-e6 section-gc8e1ac gutentor-element gutentor-element-image g-pos-a-desktop g-pos-a-tablet g-pos-a-mobile g-pos-custom-desktop g-pos-custom-tablet g-pos-custom-mobile imgt\"><div class=\"gutentor-element-image-box\"><div class=\"gutentor-image-thumb\"><img decoding=\"async\" class=\"normal-image\" src=\"https:\/\/uniguajira.edu.co\/wp-content\/uploads\/2024\/07\/Uniguajira-asciende-nuevamente-en-el-Indice-de-Desempeno-Institucional.webp\" alt=\"Uniguajira asciende nuevamente en el \u00cdndice de Desempe\u00f1o Institucional\" \/><\/div><\/div><\/div>\n\n\n\n<div id=\"section-g252720\" class=\"wp-block-gutentor-e6 section-g252720 gutentor-element gutentor-element-image imgt\"><div class=\"gutentor-element-image-box\"><div class=\"gutentor-image-thumb\"><img decoding=\"async\" class=\"normal-image\" src=\"https:\/\/uniguajira.edu.co\/wp-content\/uploads\/2024\/07\/Uniguajira-asciende-nuevamente-en-el-Indice-de-Desempeno-Institucional.webp\" alt=\"Uniguajira asciende nuevamente en el \u00cdndice de Desempe\u00f1o Institucional\" \/><div class=\"overlay\"><\/div><\/div><\/div><\/div>\n\n<\/div>\n<\/div>\n<\/div>\n<\/div>\n\n<div class=\"gb-container gb-container-78dfe625\">\n<div class=\"gb-container gb-container-29e0a549\">\n\n<p>Descubre c\u00f3mo la Oficina de Planeaci\u00f3n Institucional de la Universidad de La Guajira gu\u00eda el desarrollo estrat\u00e9gico de la instituci\u00f3n. Desde asesorar a la rector\u00eda hasta coordinar proyectos de inversi\u00f3n, desempe\u00f1amos un papel clave en la planificaci\u00f3n y el crecimiento de la universidad.<\/p>\n\n\n<div class=\"gb-container gb-container-61197dc1\">\n<div class=\"gb-container gb-container-14c73d23\">\n\n<details class=\"wp-block-details is-layout-flow wp-block-details-is-layout-flow\" open><summary>Ainraa<\/summary><div class=\"gb-container gb-container-5692accd\">\n\n<p>Las funciones de la Oficina de Planeaci\u00f3n son:<\/p>\n\n\n\n<ul class=\"wp-block-list\">\n<li>Asesorar a la rector\u00eda en la reforma, modificaci\u00f3n y mejoramiento de la estructura organizacional, los programas acad\u00e9micos, los procesos, los procedimientos, sistemas de administraci\u00f3n de recursos y normas.<\/li>\n\n\n\n<li>Elaborar el Plan de Desarrollo de la Universidad con la participaci\u00f3n y el aporte de diversos estamentos, y cumplir actividades de seguimiento y evaluaci\u00f3n.<\/li>\n\n\n\n<li>Dirigir y elaborar el Plan Financiero y el Proyecto Anual de Presupuesto en coordinaci\u00f3n con la Vicerrector\u00eda Administrativa y Financiera.<\/li>\n\n\n\n<li>Asesorar y Capacitar a las Dependencias y funcionarios en el manejo de t\u00e9cnicas de planeaci\u00f3n y programaci\u00f3n de actividades.<\/li>\n\n\n\n<li>Dirigir y coordinar el Banco de Proyectos de Inversi\u00f3n en la Universidad y efectuar su seguimiento antes las instituciones respectivas.<\/li>\n\n\n\n<li>Dirigir y coordinar en asocio con la Direcci\u00f3n de Recursos Acad\u00e9micos la adecuaci\u00f3n y\/o modificaci\u00f3n de la planta f\u00edsica de la Universidad.<\/li>\n\n\n\n<li>Asistir al rector en el an\u00e1lisis y formulaci\u00f3n de alternativas de soluci\u00f3n a las situaciones y problemas que sobre la gesti\u00f3n universitaria le sean planteadas por la rector\u00eda.<\/li>\n\n\n\n<li>Elaborar informes, estudios y an\u00e1lisis sobre las actividades desarrolladas por la oficina y los aspectos puntuales que le sean solicitados por el rector.<\/li>\n\n\n\n<li>Analizar los indicadores de gestion de cada dependencia de la Universidad, definiendo estrategias de acciones que permitan el mejoramiento organizacional de procesos y procedimientos, y de ejecuci\u00f3n de la funciones.<\/li>\n\n\n\n<li>Servir como centro del sistema integral de formaci\u00f3n de la Universidad, recibiendo estudios, documentos e investigaciones de cada una de la dependencias y poni\u00e9ndolos a disposici\u00f3n y consulta de las instancias para apoyar y compartir las informaciones disponibles para propiciar un efectivo proceso de toma de decisiones.<\/li>\n\n\n\n<li>Las dem\u00e1s que le sean asignadas y que correspondan con la naturaleza de la dependencia.<\/li>\n<\/ul>\n\n<\/div><\/details>\n\n<\/div>\n\n<div class=\"gb-container gb-container-d8c4ac51\">\n\n<details class=\"wp-block-details is-layout-flow wp-block-details-is-layout-flow\"><summary>Organigrama<\/summary><div class=\"gb-container gb-container-42cf2b4a\">\n\n<p>Descubre c\u00f3mo nuestra Oficina de Planeaci\u00f3n trabaja incansablemente para dar forma al futuro de nuestra universidad. Obt\u00e9n una visi\u00f3n clara de c\u00f3mo se estructuran nuestros equipos y roles clave para impulsar la planificaci\u00f3n estrat\u00e9gica y el crecimiento institucional. Tu comprensi\u00f3n fortalece nuestra comunidad acad\u00e9mica.<\/p>\n\n\n\n<p class=\"gb-headline gb-headline-c6e8916f\"><span class=\"gb-icon\"><svg viewbox=\"0 0 14 14\" aria-hidden=\"true\" xmlns=\"http:\/\/www.w3.org\/2000\/svg\"><path d=\"m 12.742,3 -4.271,0 0,1.593 C 8.7285,4.398 9.037,4.299 9.3985,4.299 l 0,1.549 1.537,0 C 10.928,6.2825 10.778,6.649 10.485,6.9445 10.193,7.2405 9.826,7.3925 9.391,7.4025 9.0535,7.3925 8.746,7.291 8.4765,7.095 l 0,1.0645 3.3595,0 0,0.5225 -3.3605,0 0,0.6465 3.3575,0 0,0.516 -3.3595,0 0,1.17 4.2715,0 c 0.173,0 0.255,-0.091 0.255,-0.2685 L 13,3.255 C 13,3.084 12.918,3 12.745,3 l -0.003,0 z m -3.102,2.593 0,-1.562 c 0.435,0.01 0.8,0.161 1.094,0.455 0.293,0.294 0.4455,0.663 0.453,1.107 l -1.547,0 z M 5.128,5.619 C 5.1015,5.5185 5.058,5.4405 4.9965,5.383 4.9365,5.327 4.8555,5.286 4.755,5.26 4.6425,5.2295 4.5265,5.215 4.41,5.215 l -0.36,0.007 0,1.4995 0.013,0 c 0.1305,0.008 0.2675,0.008 0.4125,0 C 4.618,6.714 4.753,6.6765 4.88,6.609 5.0365,6.4965 5.13,6.3465 5.1605,6.152 5.1905,5.9565 5.18,5.769 5.1285,5.5965 l 0,0.0225 z M 1,2.5295 l 0,8.973 6.844,1.1825 0,-11.37 L 1,2.5295 Z M 6.1065,6.573 C 5.919,7.0075 5.639,7.2855 5.2645,7.4055 4.89,7.525 4.4855,7.5715 4.05,7.545 l 0,1.711 -0.9005,-0.1045 0,-4.701 L 4.579,4.376 C 4.844,4.3595 5.106,4.3885 5.362,4.466 5.6195,4.542 5.823,4.6955 5.9735,4.927 6.1235,5.1575 6.208,5.425 6.2285,5.7295 6.247,6.034 6.207,6.3155 6.1065,6.573 Z\"><\/path><\/svg><\/span><span class=\"gb-headline-text\"><a href=\"https:\/\/uniguajira.edu.co\/wa\/organigrama-de-la-oficina-planeacion-institucional\/\">Organigrama de la oficina planeaci\u00f3n institucional<\/a><\/span><\/p>\n\n\n\n<p class=\"gb-headline gb-headline-21a0d68e\"><span class=\"gb-icon\"><svg width=\"24\" viewbox=\"0 -960 960 960\" height=\"24\" xmlns=\"http:\/\/www.w3.org\/2000\/svg\"><path d=\"M360-460h40v-80h40q17 0 28.5-11.5T480-580v-40q0-17-11.5-28.5T440-660h-80v200Zm40-120v-40h40v40h-40Zm120 120h80q17 0 28.5-11.5T640-500v-120q0-17-11.5-28.5T600-660h-80v200Zm40-40v-120h40v120h-40Zm120 40h40v-80h40v-40h-40v-40h40v-40h-80v200ZM320-240q-33 0-56.5-23.5T240-320v-480q0-33 23.5-56.5T320-880h480q33 0 56.5 23.5T880-800v480q0 33-23.5 56.5T800-240H320Zm0-80h480v-480H320v480ZM160-80q-33 0-56.5-23.5T80-160v-560h80v560h560v80H160Zm160-720v480-480Z\"><\/path><\/svg><\/span><span class=\"gb-headline-text\"><a href=\"https:\/\/uniguajira.edu.co\/wa\/acuerdo-no-001-del-2022\/\">Acuerdo No. 001 del 2022<\/a><\/span><\/p>\n\n<\/div><\/details>\n\n<\/div>\n<\/div>\n<\/div>\n<\/div>\n<\/div>\n<\/div>","protected":false},"excerpt":{"rendered":"<p>La Oficina de Planeaci\u00f3n Institucional de la Universidad de La Guajira desempe\u00f1a un papel fundamental en la planificaci\u00f3n estrat\u00e9gica y el desarrollo sostenible &#8230; <a title=\"Presentaci\u00f3n Planeaci\u00f3n Institucional\" class=\"read-more\" href=\"https:\/\/uniguajira.edu.co\/wa\/universidad-de-la-guajira\/planeacion-institucional\/presentacion-planeacion-institucional-2\/\" aria-label=\"Read more about Presentaci\u00f3n Planeaci\u00f3n Institucional\">.<\/a><\/p>","protected":false},"author":3,"featured_media":24973,"parent":31830,"menu_order":0,"comment_status":"closed","ping_status":"closed","template":"","meta":{"footnotes":""},"class_list":{"0":"post-31462","1":"page","2":"type-page","3":"status-publish","4":"has-post-thumbnail","6":"infinite-scroll-item"},"yoast_head":"<!-- This site is optimized with the Yoast SEO Premium plugin v27.0 (Yoast SEO v27.0) - https:\/\/yoast.com\/product\/yoast-seo-premium-wordpress\/ -->\n<title>Presentaci\u00f3n Planeaci\u00f3n Institucional<\/title>\n<meta name=\"robots\" content=\"index, follow, max-snippet:-1, max-image-preview:large, max-video-preview:-1\" \/>\n<link rel=\"canonical\" href=\"https:\/\/uniguajira.edu.co\/wa\/universidad-de-la-guajira\/planeacion-institucional\/presentacion-planeacion-institucional-2\/\" \/>\n<meta property=\"og:locale\" content=\"en_US\" \/>\n<meta property=\"og:type\" content=\"article\" \/>\n<meta property=\"og:title\" content=\"Presentaci\u00f3n Planeaci\u00f3n Institucional\" \/>\n<meta property=\"og:description\" content=\"La Oficina de Planeaci\u00f3n Institucional de la Universidad de La Guajira desempe\u00f1a un papel fundamental en la planificaci\u00f3n estrat\u00e9gica y el desarrollo sostenible ... .\" \/>\n<meta property=\"og:url\" content=\"https:\/\/uniguajira.edu.co\/wa\/universidad-de-la-guajira\/planeacion-institucional\/presentacion-planeacion-institucional-2\/\" \/>\n<meta property=\"og:site_name\" content=\"Universidad de La Guajira\" \/>\n<meta property=\"article:publisher\" content=\"https:\/\/www.facebook.com\/UniLaGuajira\/\" \/>\n<meta property=\"article:modified_time\" content=\"2025-10-30T15:06:21+00:00\" \/>\n<meta property=\"og:image\" content=\"https:\/\/uniguajira.edu.co\/wp-content\/uploads\/2024\/01\/bannerplaneacion.webp\" \/>\n\t<meta property=\"og:image:width\" content=\"1920\" \/>\n\t<meta property=\"og:image:height\" content=\"590\" \/>\n\t<meta property=\"og:image:type\" content=\"image\/webp\" \/>\n<meta name=\"twitter:card\" content=\"summary_large_image\" \/>\n<meta name=\"twitter:site\" content=\"@UniLaGuajira\" \/>\n<meta name=\"twitter:label1\" content=\"Est. reading time\" \/>\n\t<meta name=\"twitter:data1\" content=\"4 minutes\" \/>\n<script type=\"application\/ld+json\" class=\"yoast-schema-graph\">{\"@context\":\"https:\/\/schema.org\",\"@graph\":[{\"@type\":\"WebPage\",\"@id\":\"https:\/\/uniguajira.edu.co\/en\/universidad-de-la-guajira\/planeacion-institucional\/presentacion-planeacion-institucional-2\/\",\"url\":\"https:\/\/uniguajira.edu.co\/en\/universidad-de-la-guajira\/planeacion-institucional\/presentacion-planeacion-institucional-2\/\",\"name\":\"Presentaci\u00f3n Planeaci\u00f3n Institucional\",\"isPartOf\":{\"@id\":\"https:\/\/uniguajira.edu.co\/#website\"},\"primaryImageOfPage\":{\"@id\":\"https:\/\/uniguajira.edu.co\/en\/universidad-de-la-guajira\/planeacion-institucional\/presentacion-planeacion-institucional-2\/#primaryimage\"},\"image\":{\"@id\":\"https:\/\/uniguajira.edu.co\/en\/universidad-de-la-guajira\/planeacion-institucional\/presentacion-planeacion-institucional-2\/#primaryimage\"},\"thumbnailUrl\":\"https:\/\/uniguajira.edu.co\/wp-content\/uploads\/2024\/01\/bannerplaneacion.webp\",\"datePublished\":\"2024-03-07T14:47:12+00:00\",\"dateModified\":\"2025-10-30T15:06:21+00:00\",\"breadcrumb\":{\"@id\":\"https:\/\/uniguajira.edu.co\/en\/universidad-de-la-guajira\/planeacion-institucional\/presentacion-planeacion-institucional-2\/#breadcrumb\"},\"inLanguage\":\"wa-WA\",\"potentialAction\":[{\"@type\":\"ReadAction\",\"target\":[\"https:\/\/uniguajira.edu.co\/en\/universidad-de-la-guajira\/planeacion-institucional\/presentacion-planeacion-institucional-2\/\"]}]},{\"@type\":\"ImageObject\",\"inLanguage\":\"wa-WA\",\"@id\":\"https:\/\/uniguajira.edu.co\/en\/universidad-de-la-guajira\/planeacion-institucional\/presentacion-planeacion-institucional-2\/#primaryimage\",\"url\":\"https:\/\/uniguajira.edu.co\/wp-content\/uploads\/2024\/01\/bannerplaneacion.webp\",\"contentUrl\":\"https:\/\/uniguajira.edu.co\/wp-content\/uploads\/2024\/01\/bannerplaneacion.webp\",\"width\":1920,\"height\":590},{\"@type\":\"BreadcrumbList\",\"@id\":\"https:\/\/uniguajira.edu.co\/en\/universidad-de-la-guajira\/planeacion-institucional\/presentacion-planeacion-institucional-2\/#breadcrumb\",\"itemListElement\":[{\"@type\":\"ListItem\",\"position\":1,\"name\":\"\u2302 Uniguajira\",\"item\":\"https:\/\/uniguajira.edu.co\/\"},{\"@type\":\"ListItem\",\"position\":2,\"name\":\"Uniguajira\",\"item\":\"https:\/\/uniguajira.edu.co\/\"},{\"@type\":\"ListItem\",\"position\":3,\"name\":\"Planeaci\u00f3n Institucional\",\"item\":\"https:\/\/uniguajira.edu.co\/universidad-de-la-guajira\/planeacion-institucional\/\"},{\"@type\":\"ListItem\",\"position\":4,\"name\":\"Presentaci\u00f3n\"}]},{\"@type\":\"WebSite\",\"@id\":\"https:\/\/uniguajira.edu.co\/#website\",\"url\":\"https:\/\/uniguajira.edu.co\/\",\"name\":\"UNIGUAJIRA\",\"description\":\"Descubre la educaci\u00f3n superior con oportunidades laborales, retos estudiantiles y tecnolog\u00eda innovadora. Alcanza el \u00e9xito acad\u00e9mico y explora el impacto social y la diversidad en un entorno de aprendizaje moderno. Ad\u00e1ptate con inteligencia artificial y pr\u00e1cticas profesionales para un crecimiento integral.\",\"publisher\":{\"@id\":\"https:\/\/uniguajira.edu.co\/#organization\"},\"alternateName\":\"Universidad de La Guajira\",\"potentialAction\":[{\"@type\":\"SearchAction\",\"target\":{\"@type\":\"EntryPoint\",\"urlTemplate\":\"https:\/\/uniguajira.edu.co\/?s={search_term_string}\"},\"query-input\":{\"@type\":\"PropertyValueSpecification\",\"valueRequired\":true,\"valueName\":\"search_term_string\"}}],\"inLanguage\":\"wa-WA\"},{\"@type\":\"Organization\",\"@id\":\"https:\/\/uniguajira.edu.co\/#organization\",\"name\":\"Universidad de La Guajira\",\"alternateName\":\"UNIGUAJIRA\",\"url\":\"https:\/\/uniguajira.edu.co\/\",\"logo\":{\"@type\":\"ImageObject\",\"inLanguage\":\"wa-WA\",\"@id\":\"https:\/\/uniguajira.edu.co\/#\/schema\/logo\/image\/\",\"url\":\"https:\/\/uniguajira.edu.co\/wp-content\/uploads\/2026\/01\/cropped-cropped-LOGOS-PAGINA-WEB-04-1.webp\",\"contentUrl\":\"https:\/\/uniguajira.edu.co\/wp-content\/uploads\/2026\/01\/cropped-cropped-LOGOS-PAGINA-WEB-04-1.webp\",\"width\":360,\"height\":72,\"caption\":\"Universidad de La Guajira\"},\"image\":{\"@id\":\"https:\/\/uniguajira.edu.co\/#\/schema\/logo\/image\/\"},\"sameAs\":[\"https:\/\/www.facebook.com\/UniLaGuajira\/\",\"https:\/\/x.com\/UniLaGuajira\",\"https:\/\/www.instagram.com\/uniguajira_\/\",\"https:\/\/www.youtube.com\/user\/UniLaGuajira\"]}]}<\/script>\n<!-- \/ Yoast SEO Premium plugin. -->","yoast_head_json":{"title":"Presentaci\u00f3n Planeaci\u00f3n Institucional","robots":{"index":"index","follow":"follow","max-snippet":"max-snippet:-1","max-image-preview":"max-image-preview:large","max-video-preview":"max-video-preview:-1"},"canonical":"https:\/\/uniguajira.edu.co\/wa\/universidad-de-la-guajira\/planeacion-institucional\/presentacion-planeacion-institucional-2\/","og_locale":"en_US","og_type":"article","og_title":"Presentaci\u00f3n Planeaci\u00f3n Institucional","og_description":"La Oficina de Planeaci\u00f3n Institucional de la Universidad de La Guajira desempe\u00f1a un papel fundamental en la planificaci\u00f3n estrat\u00e9gica y el desarrollo sostenible ... .","og_url":"https:\/\/uniguajira.edu.co\/wa\/universidad-de-la-guajira\/planeacion-institucional\/presentacion-planeacion-institucional-2\/","og_site_name":"Universidad de La Guajira","article_publisher":"https:\/\/www.facebook.com\/UniLaGuajira\/","article_modified_time":"2025-10-30T15:06:21+00:00","og_image":[{"width":1920,"height":590,"url":"https:\/\/uniguajira.edu.co\/wp-content\/uploads\/2024\/01\/bannerplaneacion.webp","type":"image\/webp"}],"twitter_card":"summary_large_image","twitter_site":"@UniLaGuajira","twitter_misc":{"Est. reading time":"4 minutes"},"schema":{"@context":"https:\/\/schema.org","@graph":[{"@type":"WebPage","@id":"https:\/\/uniguajira.edu.co\/en\/universidad-de-la-guajira\/planeacion-institucional\/presentacion-planeacion-institucional-2\/","url":"https:\/\/uniguajira.edu.co\/en\/universidad-de-la-guajira\/planeacion-institucional\/presentacion-planeacion-institucional-2\/","name":"Presentaci\u00f3n Planeaci\u00f3n Institucional","isPartOf":{"@id":"https:\/\/uniguajira.edu.co\/#website"},"primaryImageOfPage":{"@id":"https:\/\/uniguajira.edu.co\/en\/universidad-de-la-guajira\/planeacion-institucional\/presentacion-planeacion-institucional-2\/#primaryimage"},"image":{"@id":"https:\/\/uniguajira.edu.co\/en\/universidad-de-la-guajira\/planeacion-institucional\/presentacion-planeacion-institucional-2\/#primaryimage"},"thumbnailUrl":"https:\/\/uniguajira.edu.co\/wp-content\/uploads\/2024\/01\/bannerplaneacion.webp","datePublished":"2024-03-07T14:47:12+00:00","dateModified":"2025-10-30T15:06:21+00:00","breadcrumb":{"@id":"https:\/\/uniguajira.edu.co\/en\/universidad-de-la-guajira\/planeacion-institucional\/presentacion-planeacion-institucional-2\/#breadcrumb"},"inLanguage":"wa-WA","potentialAction":[{"@type":"ReadAction","target":["https:\/\/uniguajira.edu.co\/en\/universidad-de-la-guajira\/planeacion-institucional\/presentacion-planeacion-institucional-2\/"]}]},{"@type":"ImageObject","inLanguage":"wa-WA","@id":"https:\/\/uniguajira.edu.co\/en\/universidad-de-la-guajira\/planeacion-institucional\/presentacion-planeacion-institucional-2\/#primaryimage","url":"https:\/\/uniguajira.edu.co\/wp-content\/uploads\/2024\/01\/bannerplaneacion.webp","contentUrl":"https:\/\/uniguajira.edu.co\/wp-content\/uploads\/2024\/01\/bannerplaneacion.webp","width":1920,"height":590},{"@type":"BreadcrumbList","@id":"https:\/\/uniguajira.edu.co\/en\/universidad-de-la-guajira\/planeacion-institucional\/presentacion-planeacion-institucional-2\/#breadcrumb","itemListElement":[{"@type":"ListItem","position":1,"name":"\u2302 Uniguajira","item":"https:\/\/uniguajira.edu.co\/"},{"@type":"ListItem","position":2,"name":"Uniguajira","item":"https:\/\/uniguajira.edu.co\/"},{"@type":"ListItem","position":3,"name":"Planeaci\u00f3n Institucional","item":"https:\/\/uniguajira.edu.co\/universidad-de-la-guajira\/planeacion-institucional\/"},{"@type":"ListItem","position":4,"name":"Presentaci\u00f3n"}]},{"@type":"WebSite","@id":"https:\/\/uniguajira.edu.co\/#website","url":"https:\/\/uniguajira.edu.co\/","name":"UNIGUAJIRA","description":"Descubre la educaci\u00f3n superior con oportunidades laborales, retos estudiantiles y tecnolog\u00eda innovadora. Alcanza el \u00e9xito acad\u00e9mico y explora el impacto social y la diversidad en un entorno de aprendizaje moderno. Ad\u00e1ptate con inteligencia artificial y pr\u00e1cticas profesionales para un crecimiento integral.","publisher":{"@id":"https:\/\/uniguajira.edu.co\/#organization"},"alternateName":"Universidad de La Guajira","potentialAction":[{"@type":"SearchAction","target":{"@type":"EntryPoint","urlTemplate":"https:\/\/uniguajira.edu.co\/?s={search_term_string}"},"query-input":{"@type":"PropertyValueSpecification","valueRequired":true,"valueName":"search_term_string"}}],"inLanguage":"wa-WA"},{"@type":"Organization","@id":"https:\/\/uniguajira.edu.co\/#organization","name":"Shikii Ekirajia P\u00fclee Wajiira","alternateName":"UNIGUAJIRA","url":"https:\/\/uniguajira.edu.co\/","logo":{"@type":"ImageObject","inLanguage":"wa-WA","@id":"https:\/\/uniguajira.edu.co\/#\/schema\/logo\/image\/","url":"https:\/\/uniguajira.edu.co\/wp-content\/uploads\/2026\/01\/cropped-cropped-LOGOS-PAGINA-WEB-04-1.webp","contentUrl":"https:\/\/uniguajira.edu.co\/wp-content\/uploads\/2026\/01\/cropped-cropped-LOGOS-PAGINA-WEB-04-1.webp","width":360,"height":72,"caption":"Universidad de La Guajira"},"image":{"@id":"https:\/\/uniguajira.edu.co\/#\/schema\/logo\/image\/"},"sameAs":["https:\/\/www.facebook.com\/UniLaGuajira\/","https:\/\/x.com\/UniLaGuajira","https:\/\/www.instagram.com\/uniguajira_\/","https:\/\/www.youtube.com\/user\/UniLaGuajira"]}]}},"_hostinger_reach_plugin_has_subscription_block":false,"_hostinger_reach_plugin_is_elementor":false,"_links":{"self":[{"href":"https:\/\/uniguajira.edu.co\/wa\/wp-json\/wp\/v2\/pages\/31462","targetHints":{"allow":["GET"]}}],"collection":[{"href":"https:\/\/uniguajira.edu.co\/wa\/wp-json\/wp\/v2\/pages"}],"about":[{"href":"https:\/\/uniguajira.edu.co\/wa\/wp-json\/wp\/v2\/types\/page"}],"author":[{"embeddable":true,"href":"https:\/\/uniguajira.edu.co\/wa\/wp-json\/wp\/v2\/users\/3"}],"replies":[{"embeddable":true,"href":"https:\/\/uniguajira.edu.co\/wa\/wp-json\/wp\/v2\/comments?post=31462"}],"version-history":[{"count":0,"href":"https:\/\/uniguajira.edu.co\/wa\/wp-json\/wp\/v2\/pages\/31462\/revisions"}],"up":[{"embeddable":true,"href":"https:\/\/uniguajira.edu.co\/wa\/wp-json\/wp\/v2\/pages\/31830"}],"wp:featuredmedia":[{"embeddable":true,"href":"https:\/\/uniguajira.edu.co\/wa\/wp-json\/wp\/v2\/media\/24973"}],"wp:attachment":[{"href":"https:\/\/uniguajira.edu.co\/wa\/wp-json\/wp\/v2\/media?parent=31462"}],"curies":[{"name":"wp","href":"https:\/\/api.w.org\/{rel}","templated":true}]}}