{"id":31397,"date":"2024-03-07T08:34:58","date_gmt":"2024-03-07T13:34:58","guid":{"rendered":"https:\/\/uniguajira.edu.co\/?page_id=31397"},"modified":"2025-10-02T16:33:37","modified_gmt":"2025-10-02T21:33:37","slug":"presentacion-del-sistema-integral-de-laboratorios","status":"publish","type":"page","link":"https:\/\/uniguajira.edu.co\/wa\/universidad-de-la-guajira\/silab\/presentacion-del-sistema-integral-de-laboratorios\/","title":{"rendered":"Presentaci\u00f3n del Sistema Integral de Laboratorios"},"content":{"rendered":"<div class=\"gb-container gb-container-1bddf169\">\n<div class=\"gb-container gb-container-8a679f50\">\n<div class=\"gb-container gb-container-194ddd1e\">\n<div class=\"gb-container gb-container-04e9b55b\">\n<div class=\"gb-container gb-container-b6a277d6\">\n<div class=\"gb-container gb-container-15b9a7c0\">\n\n<p class=\"has-text-align-left\">El Sistema Integral de Laboratorios (SILAB) es una unidad funcional que integra o centraliza la actividad misional de la universidad de La Guajira relacionada con las actividades de experimentaci\u00f3n e investigaci\u00f3n seg\u00fan las \u00e1reas de las ciencias; facilitando y permitiendo la integraci\u00f3n institucional de los procesos de generaci\u00f3n, transmisi\u00f3n y difusi\u00f3n del conocimiento.<\/p>\n\n\n\n<p class=\"has-text-align-left\">El Sistema Integral de Laboratorios de la Universidad de La Guajira-SILAB, tiene como pol\u00edtica de calidad brindar un excelente servicio para satisfacer las necesidades y expectativas de sus usuarios, contando con adecuada infraestructura f\u00edsica, equipamientos necesarios para las correcta ejecuci\u00f3n de los trabajos y con personal profesional y t\u00e9cnico, conocedores de su misi\u00f3n y de la documentaci\u00f3n del sistema de calidad, capacitados para garantizar la emisi\u00f3n de resultados id\u00f3neos de sus ensayos; comprometidos de mejorar continuamente la eficacia, eficiencia y efectividad del Sistema de Gesti\u00f3n de la Calidad ejercida en los laboratorios que integran el sistema.<\/p>\n\n\n\n<p class=\"has-text-align-left\">Presta sus servicios de desarrollo de pr\u00e1cticas acad\u00e9micas e investigativas, adem\u00e1s ofrece a la comunidad en general servicios t\u00e9cnicos especializados y de asesor\u00eda; sustentadas en las competencias laborales e intelectuales de las personas que lo integran. La direcci\u00f3n est\u00e1 comprometida a ejercer buenas pr\u00e1cticas profesionales y brindar un servicio de calidad llevando siempre a cabo los ensayos de acuerdo a los m\u00e9todos est\u00e1ndares establecidos y a las necesidades de los usuarios, dando cumplimiento a la norma, a trav\u00e9s de la implementaci\u00f3n continua y progresiva de su Sistema de Gesti\u00f3n de Calidad.<\/p>\n\n<\/div>\n<\/div>\n\n<div class=\"gb-container gb-container-5f37b1d3\">\n<div class=\"gb-container gb-container-1e0c97f9\">\n\n<div id=\"section-g59fdeb\" class=\"wp-block-gutentor-e6 section-g59fdeb gutentor-element gutentor-element-image g-pos-a-desktop g-pos-a-tablet g-pos-a-mobile g-pos-custom-desktop g-pos-custom-tablet g-pos-custom-mobile imgt\"><div class=\"gutentor-element-image-box\"><div class=\"gutentor-image-thumb\"><img decoding=\"async\" class=\"normal-image\" src=\"https:\/\/uniguajira.edu.co\/wp-content\/uploads\/2024\/07\/Presentacion-del-Sistema-Integral-de-Laboratorios.webp\" \/><\/div><\/div><\/div>\n\n\n\n<div id=\"section-gc7163e\" class=\"wp-block-gutentor-e6 section-gc7163e gutentor-element gutentor-element-image imgt\"><div class=\"gutentor-element-image-box\"><div class=\"gutentor-image-thumb\"><img decoding=\"async\" class=\"normal-image\" src=\"https:\/\/uniguajira.edu.co\/wp-content\/uploads\/2024\/07\/Presentacion-del-Sistema-Integral-de-Laboratorios.webp\" \/><div class=\"overlay\"><\/div><\/div><\/div><\/div>\n\n<\/div>\n<\/div>\n<\/div>\n<\/div>\n\n<div class=\"gb-container gb-container-9f9779f3\">\n<div class=\"gb-container gb-container-e69d52a9\">\n<div class=\"gb-container gb-container-15bd005e\">\n<section class=\"gb-container gb-container-9c49e961\" id=\"misionvision\">\n<div class=\"gb-container gb-container-0cde761a\">\n<div class=\"gb-container gb-container-9cf2f08b\">\n\n<h3 class=\"gb-headline gb-headline-ce613c2b\"><span class=\"gb-icon\"><svg data-name=\"Layer 1\" xmlns=\"http:\/\/www.w3.org\/2000\/svg\" viewbox=\"0 0 128 128\"><path d=\"M116.681 26.982a1.748 1.748 0 00-1.3-1.22l-10.725-2.423-2.423-10.725a1.749 1.749 0 00-2.944-.851L86.954 24.1A49.908 49.908 0 10103.9 41.046l12.34-12.34a1.751 1.751 0 00.441-1.724zm-9.106 39.855A46.406 46.406 0 1184.4 26.658l-5.665 5.665a1.736 1.736 0 00-.135.175 38.564 38.564 0 1016.894 16.917 1.726 1.726 0 00.183-.149l5.665-5.665a46.25 46.25 0 016.233 23.236zM91.341 49.123a34.963 34.963 0 11-12.467-12.479l1.843 8.164-1.768 1.768a27.028 27.028 0 102.475 2.475l1.768-1.768zM68.688 66.837a7.553 7.553 0 11-3.595-6.405L59.925 65.6a1.75 1.75 0 102.475 2.474l5.168-5.168a7.467 7.467 0 011.12 3.931zm-1.076-8.924a11.07 11.07 0 102.474 2.475l8.858-8.858a23.511 23.511 0 11-2.474-2.475zm32.844-18.376l-6.568 6.567-.985-.222-.038-.009L84.1 43.9l-2.209-9.783 17.632-17.635 1.967 8.706a1.751 1.751 0 001.322 1.322l8.706 1.967z\"><\/path><\/svg><\/span><span class=\"gb-headline-text\">* <mark style=\"background-color:rgba(0, 0, 0, 0)\" class=\"has-inline-color has-global-color-9-color\">Tu\u2019u  shiateria akuipa\u2019a<\/mark><\/span><\/h3>\n\n\n\n<p class=\"gb-headline gb-headline-ee60a0fc gb-headline-text\">El Sistema Integral de laboratorios (SILAB) tiene como prop\u00f3sito articular las actividades acad\u00e9micas e investigativas de la Universidad de La Guajira con las actividades propias de la comunidad en general, a trav\u00e9s de la prestaci\u00f3n de servicios t\u00e9cnicos especializados, investigativos y de asesor\u00eda; sustentadas en las competencias laborales e intelectuales de las personas que lo integran y el compromiso con el desarrollo de la ciencia y la tecnolog\u00eda de la regi\u00f3n y del pa\u00eds.<\/p>\n\n<\/div>\n\n<div class=\"gb-container gb-container-baff036d\">\n\n<h3 class=\"gb-headline gb-headline-cdfd5478\"><span class=\"gb-icon\"><svg xmlns=\"http:\/\/www.w3.org\/2000\/svg\" viewbox=\"0 0 511.998 511.998\"><path d=\"M504.502 246.627c-1.128-1.41-28.128-34.914-71.893-68.747-25.848-19.982-52.232-35.935-78.416-47.417-31.827-13.956-63.466-21.306-94.114-21.908a149.364 149.364 0 00-4.079-.059c-1.364 0-2.723.022-4.078.059-30.648.601-62.287 7.951-94.114 21.908-26.185 11.481-52.568 27.435-78.416 47.417C35.627 211.713 8.628 245.218 7.5 246.627L0 255.999l7.498 9.372c1.128 1.41 28.128 34.914 71.893 68.747 25.848 19.982 52.232 35.935 78.416 47.417 31.828 13.956 63.466 21.306 94.114 21.908 1.355.037 2.714.059 4.078.059s2.723-.022 4.078-.059c30.648-.601 62.287-7.951 94.114-21.908 26.185-11.481 52.568-27.435 78.416-47.417 43.765-33.833 70.765-67.337 71.893-68.747l7.498-9.372-7.496-9.372zm-374.277 86.347c-11.789-7.311-22.516-14.914-31.927-22.164-27.683-21.327-48.526-42.902-59.261-54.811 10.736-11.91 31.578-33.484 59.261-54.811 9.411-7.251 20.137-14.853 31.927-22.164-13.774 22.422-21.727 48.786-21.727 76.975s7.955 54.553 21.727 76.975zm129.372 40.463c-1.198.025-2.395.06-3.597.06s-2.399-.036-3.597-.06c-63.13-1.909-113.9-53.853-113.9-117.438s50.77-115.529 113.9-117.438c1.198-.025 2.395-.06 3.597-.06s2.399.036 3.597.06c63.13 1.908 113.9 53.853 113.9 117.438s-50.77 115.528-113.9 117.438zm154.104-62.627c-9.411 7.251-20.136 14.853-31.927 22.164 13.774-22.422 21.727-48.786 21.727-76.975 0-28.188-7.954-54.553-21.727-76.975 11.789 7.312 22.515 14.914 31.927 22.164 27.683 21.327 48.525 42.9 59.261 54.811-10.736 11.911-31.578 33.484-59.261 54.811z\"><\/path><path d=\"M256 170.685c-47.042 0-85.314 38.272-85.314 85.314s38.272 85.314 85.314 85.314 85.314-38.272 85.314-85.314-38.272-85.314-85.314-85.314zm0 140.624c-30.498 0-55.31-24.812-55.31-55.31s24.812-55.31 55.31-55.31 55.31 24.812 55.31 55.31-24.812 55.31-55.31 55.31z\"><\/path><\/svg><\/span><span class=\"gb-headline-text\">* <mark style=\"background-color:rgba(0, 0, 0, 0)\" class=\"has-inline-color has-global-color-9-color\">Tu\u2019u  sujuterria\u2019a akuaipa\u2019a<\/mark><\/span><\/h3>\n\n\n\n<p class=\"gb-headline gb-headline-3dfaa752 gb-headline-text\">El Sistema Integral de Laboratorios (SILAB) de la Universidad de La Guajira al 2030 ser\u00e1 reconocido como una unidad funcional que presta los servicios t\u00e9cnicos especializados, investigativos y de asesor\u00eda; por medio del correcto y confiable desarrollo de procesos y procedimientos de laboratorio, facilitando su uso a lo largo y ancho de todas las \u00e1reas de las unidades acad\u00e9micas de la instituci\u00f3n que requieran el desarrollo de clases pr\u00e1cticas y otros trabajos relacionados con las funciones de academia, Investigaci\u00f3n y proyecci\u00f3n social.<\/p>\n\n<\/div>\n<\/div>\n<\/section>\n<\/div>\n<\/div>\n<\/div>\n\n<div class=\"gb-container gb-container-78dfe625\">\n<div class=\"gb-container gb-container-29e0a549\">\n\n<p>En la secci\u00f3n de\u00a0<strong>Categorizaci\u00f3n de Laboratorios<\/strong>\u00a0del Sistema Integral de Laboratorios de la Universidad de La Guajira, se lleva a cabo la clasificaci\u00f3n y organizaci\u00f3n de los diferentes laboratorios seg\u00fan su especialidad y equipamiento, garantizando as\u00ed una gesti\u00f3n eficiente de los recursos y facilitando el acceso a los mismos para los estudiantes e investigadores.<\/p>\n\n\n<div class=\"gb-container gb-container-61197dc1\">\n<div class=\"gb-container gb-container-14c73d23\">\n\n<details class=\"wp-block-details is-layout-flow wp-block-details-is-layout-flow\" open><summary>Laboratorios de docencia<\/summary><div class=\"gb-container gb-container-5692accd\">\n\n<p>El objetivo de estos laboratorios es permitir la realizaci\u00f3n de experiencias a nivel de comprobaci\u00f3n de teor\u00edas a trav\u00e9s de la realizaci\u00f3n de pruebas y ensayos; modelaci\u00f3n, identificaci\u00f3n y control de procesos y sistemas din\u00e1micos. Los laboratorios de Docencia que se integran al sistema son:<\/p>\n\n\n\n<ul class=\"wp-block-list\">\n<li><strong>En la sede Riohacha:<\/strong>\n<ul class=\"wp-block-list\">\n<li>El laboratorio de Qu\u00edmica.&nbsp;<\/li>\n\n\n\n<li>El laboratorio de Biolog\u00eda y Microbiolog\u00eda.&nbsp;<\/li>\n\n\n\n<li>El laboratorio de F\u00edsica y Procesos Mec\u00e1nicos e Industriales.&nbsp;&nbsp;<\/li>\n\n\n\n<li>El laboratorio de Biolog\u00eda General.&nbsp;<\/li>\n<\/ul>\n<\/li>\n\n\n\n<li><strong>El Laboratorio de Medios Comunicativos e Inform\u00e1ticos<\/strong>&nbsp;<strong>que incluye:<\/strong>&nbsp;\n<ul class=\"wp-block-list\">\n<li>Laboratorio de Redes.&nbsp;&nbsp;<\/li>\n\n\n\n<li>Sistemas de Informaci\u00f3n Geogr\u00e1fica.&nbsp;&nbsp;<\/li>\n\n\n\n<li>C\u00e1mara Gesell.&nbsp;<\/li>\n\n\n\n<li>Laboratorio L\u00fadico Pedag\u00f3gico.&nbsp;&nbsp;<\/li>\n\n\n\n<li>Laboratorio de Idiomas.&nbsp;&nbsp;<\/li>\n<\/ul>\n<\/li>\n\n\n\n<li><strong>El Laboratorio de Ingenier\u00eda que incluye:<\/strong>&nbsp;\n<ul class=\"wp-block-list\">\n<li>Laboratorio de Mec\u00e1nica de Fluidos e Hidr\u00e1ulica.&nbsp;&nbsp;<\/li>\n\n\n\n<li>Laboratorio de Suelos.<\/li>\n\n\n\n<li>Laboratorio de Pavimentos.<\/li>\n\n\n\n<li>Laboratorio de Integridad y Procesos de Manufactura.&nbsp;<\/li>\n\n\n\n<li>Laboratorio de Ciencias Aplicadas al Deporte y Fisiolog\u00eda.&nbsp;<\/li>\n<\/ul>\n<\/li>\n\n\n\n<li><strong>En la sede Fonseca:<\/strong>&nbsp;\n<ul class=\"wp-block-list\">\n<li>El laboratorio de Qu\u00edmica.&nbsp;<\/li>\n\n\n\n<li>El laboratorio de Biolog\u00eda y Microbiolog\u00eda.&nbsp;<\/li>\n\n\n\n<li>El laboratorio de F\u00edsica.&nbsp;<\/li>\n\n\n\n<li>Sistema de Informaci\u00f3n Geogr\u00e1fica&nbsp;.&nbsp;<\/li>\n<\/ul>\n<\/li>\n\n\n\n<li><strong>En la sede Maicao:<\/strong>\n<ul class=\"wp-block-list\">\n<li>Laboratorio de Redes.&nbsp;<\/li>\n\n\n\n<li>Laboratorio L\u00fadico Pedag\u00f3gico.&nbsp;<\/li>\n<\/ul>\n<\/li>\n<\/ul>\n\n<\/div><\/details>\n\n<\/div>\n\n<div class=\"gb-container gb-container-d8c4ac51\">\n\n<details class=\"wp-block-details is-layout-flow wp-block-details-is-layout-flow\"><summary>Laboratorios de Investigaci\u00f3n y Extensi\u00f3n<\/summary><div class=\"gb-container gb-container-42cf2b4a\">\n\n<p>Estos tienen como objetivos permitir la comprobaci\u00f3n de hip\u00f3tesis y desarrollar experimentos para llegar a un fin, atendiendo los objetivos de la comunidad cient\u00edfica institucional a trav\u00e9s del desarrollo de sus proyectos en la b\u00fasqueda de resolver un problema o la generaci\u00f3n del conocimiento y el desarrollo de la ciencia y la tecnolog\u00eda, prestar servicios t\u00e9cnicos y especializados.<\/p>\n\n\n\n<ul class=\"wp-block-list\">\n<li><strong>Los laboratorios de investigaci\u00f3n y extensi\u00f3n que se integran al sistema son:<\/strong>\n<ul class=\"wp-block-list\">\n<li>Laboratorio de Ciencias Ambientales.&nbsp;<\/li>\n\n\n\n<li>Laboratorio de Calidad Ambiental.<\/li>\n\n\n\n<li>Laboratorio de Biolog\u00eda Molecular.&nbsp;<\/li>\n\n\n\n<li>Laboratorio de Ciencias, Tecnolog\u00eda e Innovaci\u00f3n.&nbsp;<\/li>\n<\/ul>\n<\/li>\n<\/ul>\n\n<\/div><\/details>\n\n<\/div>\n<\/div>\n<\/div>\n<\/div>\n<\/div>\n<\/div>","protected":false},"excerpt":{"rendered":"<p>El Sistema Integral de Laboratorios (SILAB) es una unidad funcional que integra o centraliza la actividad misional de la universidad de La Guajira &#8230; <a title=\"Presentaci\u00f3n del Sistema Integral de Laboratorios\" class=\"read-more\" href=\"https:\/\/uniguajira.edu.co\/wa\/universidad-de-la-guajira\/silab\/presentacion-del-sistema-integral-de-laboratorios\/\" aria-label=\"Read more about Presentaci\u00f3n del Sistema Integral de Laboratorios\">.<\/a><\/p>","protected":false},"author":3,"featured_media":26551,"parent":31207,"menu_order":0,"comment_status":"closed","ping_status":"closed","template":"","meta":{"footnotes":""},"class_list":{"0":"post-31397","1":"page","2":"type-page","3":"status-publish","4":"has-post-thumbnail","6":"infinite-scroll-item"},"yoast_head":"<!-- This site is optimized with the Yoast SEO Premium plugin v27.0 (Yoast SEO v27.0) - https:\/\/yoast.com\/product\/yoast-seo-premium-wordpress\/ -->\n<title>Presentaci\u00f3n del Sistema Integral de Laboratorios<\/title>\n<meta name=\"robots\" content=\"index, follow, max-snippet:-1, max-image-preview:large, max-video-preview:-1\" \/>\n<link rel=\"canonical\" href=\"https:\/\/uniguajira.edu.co\/wa\/universidad-de-la-guajira\/silab\/presentacion-del-sistema-integral-de-laboratorios\/\" \/>\n<meta property=\"og:locale\" content=\"en_US\" \/>\n<meta property=\"og:type\" content=\"article\" \/>\n<meta property=\"og:title\" content=\"Presentaci\u00f3n del Sistema Integral de Laboratorios\" \/>\n<meta property=\"og:description\" content=\"El Sistema Integral de Laboratorios (SILAB) es una unidad funcional que integra o centraliza la actividad misional de la universidad de La Guajira ... .\" \/>\n<meta property=\"og:url\" content=\"https:\/\/uniguajira.edu.co\/wa\/universidad-de-la-guajira\/silab\/presentacion-del-sistema-integral-de-laboratorios\/\" \/>\n<meta property=\"og:site_name\" content=\"Universidad de La Guajira\" \/>\n<meta property=\"article:publisher\" content=\"https:\/\/www.facebook.com\/UniLaGuajira\/\" \/>\n<meta property=\"article:modified_time\" content=\"2025-10-02T21:33:37+00:00\" \/>\n<meta property=\"og:image\" content=\"https:\/\/uniguajira.edu.co\/wp-content\/uploads\/2024\/02\/bannersilab.webp\" \/>\n\t<meta property=\"og:image:width\" content=\"1920\" \/>\n\t<meta property=\"og:image:height\" content=\"590\" \/>\n\t<meta property=\"og:image:type\" content=\"image\/webp\" \/>\n<meta name=\"twitter:card\" content=\"summary_large_image\" \/>\n<meta name=\"twitter:site\" content=\"@UniLaGuajira\" \/>\n<meta name=\"twitter:label1\" content=\"Est. reading time\" \/>\n\t<meta name=\"twitter:data1\" content=\"4 minutes\" \/>\n<script type=\"application\/ld+json\" class=\"yoast-schema-graph\">{\"@context\":\"https:\/\/schema.org\",\"@graph\":[{\"@type\":\"WebPage\",\"@id\":\"https:\/\/uniguajira.edu.co\/universidad-de-la-guajira\/silab\/presentacion-del-sistema-integral-de-laboratorios\/\",\"url\":\"https:\/\/uniguajira.edu.co\/universidad-de-la-guajira\/silab\/presentacion-del-sistema-integral-de-laboratorios\/\",\"name\":\"Presentaci\u00f3n del Sistema Integral de Laboratorios\",\"isPartOf\":{\"@id\":\"https:\/\/uniguajira.edu.co\/#website\"},\"primaryImageOfPage\":{\"@id\":\"https:\/\/uniguajira.edu.co\/universidad-de-la-guajira\/silab\/presentacion-del-sistema-integral-de-laboratorios\/#primaryimage\"},\"image\":{\"@id\":\"https:\/\/uniguajira.edu.co\/universidad-de-la-guajira\/silab\/presentacion-del-sistema-integral-de-laboratorios\/#primaryimage\"},\"thumbnailUrl\":\"https:\/\/uniguajira.edu.co\/wp-content\/uploads\/2024\/02\/bannersilab.webp\",\"datePublished\":\"2024-03-07T13:34:58+00:00\",\"dateModified\":\"2025-10-02T21:33:37+00:00\",\"breadcrumb\":{\"@id\":\"https:\/\/uniguajira.edu.co\/universidad-de-la-guajira\/silab\/presentacion-del-sistema-integral-de-laboratorios\/#breadcrumb\"},\"inLanguage\":\"wa-WA\",\"potentialAction\":[{\"@type\":\"ReadAction\",\"target\":[\"https:\/\/uniguajira.edu.co\/universidad-de-la-guajira\/silab\/presentacion-del-sistema-integral-de-laboratorios\/\"]}]},{\"@type\":\"ImageObject\",\"inLanguage\":\"wa-WA\",\"@id\":\"https:\/\/uniguajira.edu.co\/universidad-de-la-guajira\/silab\/presentacion-del-sistema-integral-de-laboratorios\/#primaryimage\",\"url\":\"https:\/\/uniguajira.edu.co\/wp-content\/uploads\/2024\/02\/bannersilab.webp\",\"contentUrl\":\"https:\/\/uniguajira.edu.co\/wp-content\/uploads\/2024\/02\/bannersilab.webp\",\"width\":1920,\"height\":590},{\"@type\":\"BreadcrumbList\",\"@id\":\"https:\/\/uniguajira.edu.co\/universidad-de-la-guajira\/silab\/presentacion-del-sistema-integral-de-laboratorios\/#breadcrumb\",\"itemListElement\":[{\"@type\":\"ListItem\",\"position\":1,\"name\":\"\u2302 Uniguajira\",\"item\":\"https:\/\/uniguajira.edu.co\/\"},{\"@type\":\"ListItem\",\"position\":2,\"name\":\"Uniguajira\",\"item\":\"https:\/\/uniguajira.edu.co\/\"},{\"@type\":\"ListItem\",\"position\":3,\"name\":\"Laboratorios\",\"item\":\"https:\/\/uniguajira.edu.co\/universidad-de-la-guajira\/silab\/\"},{\"@type\":\"ListItem\",\"position\":4,\"name\":\"Presentaci\u00f3n\"}]},{\"@type\":\"WebSite\",\"@id\":\"https:\/\/uniguajira.edu.co\/#website\",\"url\":\"https:\/\/uniguajira.edu.co\/\",\"name\":\"UNIGUAJIRA\",\"description\":\"Descubre la educaci\u00f3n superior con oportunidades laborales, retos estudiantiles y tecnolog\u00eda innovadora. Alcanza el \u00e9xito acad\u00e9mico y explora el impacto social y la diversidad en un entorno de aprendizaje moderno. Ad\u00e1ptate con inteligencia artificial y pr\u00e1cticas profesionales para un crecimiento integral.\",\"publisher\":{\"@id\":\"https:\/\/uniguajira.edu.co\/#organization\"},\"alternateName\":\"Universidad de La Guajira\",\"potentialAction\":[{\"@type\":\"SearchAction\",\"target\":{\"@type\":\"EntryPoint\",\"urlTemplate\":\"https:\/\/uniguajira.edu.co\/?s={search_term_string}\"},\"query-input\":{\"@type\":\"PropertyValueSpecification\",\"valueRequired\":true,\"valueName\":\"search_term_string\"}}],\"inLanguage\":\"wa-WA\"},{\"@type\":\"Organization\",\"@id\":\"https:\/\/uniguajira.edu.co\/#organization\",\"name\":\"Universidad de La Guajira\",\"alternateName\":\"UNIGUAJIRA\",\"url\":\"https:\/\/uniguajira.edu.co\/\",\"logo\":{\"@type\":\"ImageObject\",\"inLanguage\":\"wa-WA\",\"@id\":\"https:\/\/uniguajira.edu.co\/#\/schema\/logo\/image\/\",\"url\":\"https:\/\/uniguajira.edu.co\/wp-content\/uploads\/2026\/01\/cropped-cropped-LOGOS-PAGINA-WEB-04-1.webp\",\"contentUrl\":\"https:\/\/uniguajira.edu.co\/wp-content\/uploads\/2026\/01\/cropped-cropped-LOGOS-PAGINA-WEB-04-1.webp\",\"width\":360,\"height\":72,\"caption\":\"Universidad de La Guajira\"},\"image\":{\"@id\":\"https:\/\/uniguajira.edu.co\/#\/schema\/logo\/image\/\"},\"sameAs\":[\"https:\/\/www.facebook.com\/UniLaGuajira\/\",\"https:\/\/x.com\/UniLaGuajira\",\"https:\/\/www.instagram.com\/uniguajira_\/\",\"https:\/\/www.youtube.com\/user\/UniLaGuajira\"]}]}<\/script>\n<!-- \/ Yoast SEO Premium plugin. -->","yoast_head_json":{"title":"Presentaci\u00f3n del Sistema Integral de Laboratorios","robots":{"index":"index","follow":"follow","max-snippet":"max-snippet:-1","max-image-preview":"max-image-preview:large","max-video-preview":"max-video-preview:-1"},"canonical":"https:\/\/uniguajira.edu.co\/wa\/universidad-de-la-guajira\/silab\/presentacion-del-sistema-integral-de-laboratorios\/","og_locale":"en_US","og_type":"article","og_title":"Presentaci\u00f3n del Sistema Integral de Laboratorios","og_description":"El Sistema Integral de Laboratorios (SILAB) es una unidad funcional que integra o centraliza la actividad misional de la universidad de La Guajira ... .","og_url":"https:\/\/uniguajira.edu.co\/wa\/universidad-de-la-guajira\/silab\/presentacion-del-sistema-integral-de-laboratorios\/","og_site_name":"Universidad de La Guajira","article_publisher":"https:\/\/www.facebook.com\/UniLaGuajira\/","article_modified_time":"2025-10-02T21:33:37+00:00","og_image":[{"width":1920,"height":590,"url":"https:\/\/uniguajira.edu.co\/wp-content\/uploads\/2024\/02\/bannersilab.webp","type":"image\/webp"}],"twitter_card":"summary_large_image","twitter_site":"@UniLaGuajira","twitter_misc":{"Est. reading time":"4 minutes"},"schema":{"@context":"https:\/\/schema.org","@graph":[{"@type":"WebPage","@id":"https:\/\/uniguajira.edu.co\/universidad-de-la-guajira\/silab\/presentacion-del-sistema-integral-de-laboratorios\/","url":"https:\/\/uniguajira.edu.co\/universidad-de-la-guajira\/silab\/presentacion-del-sistema-integral-de-laboratorios\/","name":"Presentaci\u00f3n del Sistema Integral de Laboratorios","isPartOf":{"@id":"https:\/\/uniguajira.edu.co\/#website"},"primaryImageOfPage":{"@id":"https:\/\/uniguajira.edu.co\/universidad-de-la-guajira\/silab\/presentacion-del-sistema-integral-de-laboratorios\/#primaryimage"},"image":{"@id":"https:\/\/uniguajira.edu.co\/universidad-de-la-guajira\/silab\/presentacion-del-sistema-integral-de-laboratorios\/#primaryimage"},"thumbnailUrl":"https:\/\/uniguajira.edu.co\/wp-content\/uploads\/2024\/02\/bannersilab.webp","datePublished":"2024-03-07T13:34:58+00:00","dateModified":"2025-10-02T21:33:37+00:00","breadcrumb":{"@id":"https:\/\/uniguajira.edu.co\/universidad-de-la-guajira\/silab\/presentacion-del-sistema-integral-de-laboratorios\/#breadcrumb"},"inLanguage":"wa-WA","potentialAction":[{"@type":"ReadAction","target":["https:\/\/uniguajira.edu.co\/universidad-de-la-guajira\/silab\/presentacion-del-sistema-integral-de-laboratorios\/"]}]},{"@type":"ImageObject","inLanguage":"wa-WA","@id":"https:\/\/uniguajira.edu.co\/universidad-de-la-guajira\/silab\/presentacion-del-sistema-integral-de-laboratorios\/#primaryimage","url":"https:\/\/uniguajira.edu.co\/wp-content\/uploads\/2024\/02\/bannersilab.webp","contentUrl":"https:\/\/uniguajira.edu.co\/wp-content\/uploads\/2024\/02\/bannersilab.webp","width":1920,"height":590},{"@type":"BreadcrumbList","@id":"https:\/\/uniguajira.edu.co\/universidad-de-la-guajira\/silab\/presentacion-del-sistema-integral-de-laboratorios\/#breadcrumb","itemListElement":[{"@type":"ListItem","position":1,"name":"\u2302 Uniguajira","item":"https:\/\/uniguajira.edu.co\/"},{"@type":"ListItem","position":2,"name":"Uniguajira","item":"https:\/\/uniguajira.edu.co\/"},{"@type":"ListItem","position":3,"name":"Laboratorios","item":"https:\/\/uniguajira.edu.co\/universidad-de-la-guajira\/silab\/"},{"@type":"ListItem","position":4,"name":"Presentaci\u00f3n"}]},{"@type":"WebSite","@id":"https:\/\/uniguajira.edu.co\/#website","url":"https:\/\/uniguajira.edu.co\/","name":"UNIGUAJIRA","description":"Descubre la educaci\u00f3n superior con oportunidades laborales, retos estudiantiles y tecnolog\u00eda innovadora. Alcanza el \u00e9xito acad\u00e9mico y explora el impacto social y la diversidad en un entorno de aprendizaje moderno. Ad\u00e1ptate con inteligencia artificial y pr\u00e1cticas profesionales para un crecimiento integral.","publisher":{"@id":"https:\/\/uniguajira.edu.co\/#organization"},"alternateName":"Universidad de La Guajira","potentialAction":[{"@type":"SearchAction","target":{"@type":"EntryPoint","urlTemplate":"https:\/\/uniguajira.edu.co\/?s={search_term_string}"},"query-input":{"@type":"PropertyValueSpecification","valueRequired":true,"valueName":"search_term_string"}}],"inLanguage":"wa-WA"},{"@type":"Organization","@id":"https:\/\/uniguajira.edu.co\/#organization","name":"Shikii Ekirajia P\u00fclee Wajiira","alternateName":"UNIGUAJIRA","url":"https:\/\/uniguajira.edu.co\/","logo":{"@type":"ImageObject","inLanguage":"wa-WA","@id":"https:\/\/uniguajira.edu.co\/#\/schema\/logo\/image\/","url":"https:\/\/uniguajira.edu.co\/wp-content\/uploads\/2026\/01\/cropped-cropped-LOGOS-PAGINA-WEB-04-1.webp","contentUrl":"https:\/\/uniguajira.edu.co\/wp-content\/uploads\/2026\/01\/cropped-cropped-LOGOS-PAGINA-WEB-04-1.webp","width":360,"height":72,"caption":"Universidad de La Guajira"},"image":{"@id":"https:\/\/uniguajira.edu.co\/#\/schema\/logo\/image\/"},"sameAs":["https:\/\/www.facebook.com\/UniLaGuajira\/","https:\/\/x.com\/UniLaGuajira","https:\/\/www.instagram.com\/uniguajira_\/","https:\/\/www.youtube.com\/user\/UniLaGuajira"]}]}},"_hostinger_reach_plugin_has_subscription_block":false,"_hostinger_reach_plugin_is_elementor":false,"_links":{"self":[{"href":"https:\/\/uniguajira.edu.co\/wa\/wp-json\/wp\/v2\/pages\/31397","targetHints":{"allow":["GET"]}}],"collection":[{"href":"https:\/\/uniguajira.edu.co\/wa\/wp-json\/wp\/v2\/pages"}],"about":[{"href":"https:\/\/uniguajira.edu.co\/wa\/wp-json\/wp\/v2\/types\/page"}],"author":[{"embeddable":true,"href":"https:\/\/uniguajira.edu.co\/wa\/wp-json\/wp\/v2\/users\/3"}],"replies":[{"embeddable":true,"href":"https:\/\/uniguajira.edu.co\/wa\/wp-json\/wp\/v2\/comments?post=31397"}],"version-history":[{"count":0,"href":"https:\/\/uniguajira.edu.co\/wa\/wp-json\/wp\/v2\/pages\/31397\/revisions"}],"up":[{"embeddable":true,"href":"https:\/\/uniguajira.edu.co\/wa\/wp-json\/wp\/v2\/pages\/31207"}],"wp:featuredmedia":[{"embeddable":true,"href":"https:\/\/uniguajira.edu.co\/wa\/wp-json\/wp\/v2\/media\/26551"}],"wp:attachment":[{"href":"https:\/\/uniguajira.edu.co\/wa\/wp-json\/wp\/v2\/media?parent=31397"}],"curies":[{"name":"wp","href":"https:\/\/api.w.org\/{rel}","templated":true}]}}