{"id":31281,"date":"2024-03-06T15:11:25","date_gmt":"2024-03-06T20:11:25","guid":{"rendered":"https:\/\/uniguajira.edu.co\/?page_id=31281"},"modified":"2025-10-02T16:48:24","modified_gmt":"2025-10-02T21:48:24","slug":"presentacion-de-la-oficina-juridica","status":"publish","type":"page","link":"https:\/\/uniguajira.edu.co\/wa\/universidad-de-la-guajira\/oficina-juridica\/presentacion-de-la-oficina-juridica\/","title":{"rendered":"Presentaci\u00f3n de la oficina jur\u00eddica"},"content":{"rendered":"<div class=\"gb-container gb-container-1bddf169\">\n<div class=\"gb-container gb-container-8a679f50\">\n<div class=\"gb-container gb-container-194ddd1e\">\n<div class=\"gb-container gb-container-04e9b55b\">\n<div class=\"gb-container gb-container-b6a277d6\">\n<div class=\"gb-container gb-container-15b9a7c0\">\n\n<p class=\"has-text-align-left\">La Oficina Jur\u00eddica de la Universidad de La Guajira es una entidad institucional encargada de velar por el cumplimiento de las normativas legales y regulaciones en el \u00e1mbito de la educaci\u00f3n superior. Su misi\u00f3n principal es salvaguardar los intereses y la integridad legal de la universidad, asegurando que todas las actividades y procesos se desarrollen de acuerdo con las leyes y disposiciones pertinentes. Como parte integral de la estructura universitaria, la Oficina Jur\u00eddica contribuye a mantener un entorno acad\u00e9mico que se rige por los principios de legalidad y \u00e9tica, promoviendo la transparencia y la observancia de las leyes en todas las operaciones de la instituci\u00f3n.<\/p>\n\n<\/div>\n<\/div>\n\n<div class=\"gb-container gb-container-ff5bbfaf\">\n<div class=\"gb-container gb-container-e10a2673\">\n\n<div id=\"section-g5dd380\" class=\"wp-block-gutentor-e6 section-g5dd380 gutentor-element gutentor-element-image g-pos-a-desktop g-pos-a-tablet g-pos-a-mobile g-pos-custom-desktop g-pos-custom-tablet g-pos-custom-mobile imgt\"><div class=\"gutentor-element-image-box\"><div class=\"gutentor-image-thumb\"><img decoding=\"async\" class=\"normal-image\" src=\"https:\/\/uniguajira.edu.co\/wp-content\/uploads\/2024\/06\/Prueba-portada.webp\" alt=\"Prueba portada\" \/><\/div><\/div><\/div>\n\n\n\n<div id=\"section-gaedf34\" class=\"wp-block-gutentor-e6 section-gaedf34 gutentor-element gutentor-element-image imgt\"><div class=\"gutentor-element-image-box\"><div class=\"gutentor-image-thumb\"><img decoding=\"async\" class=\"normal-image\" src=\"https:\/\/uniguajira.edu.co\/wp-content\/uploads\/2024\/06\/Prueba-portada.webp\" alt=\"Prueba portada\" \/><div class=\"overlay\"><\/div><\/div><\/div><\/div>\n\n<\/div>\n<\/div>\n<\/div>\n<\/div>\n\n<div class=\"gb-container gb-container-a67e9673\">\n<div class=\"gb-container gb-container-61197dc1\">\n<div class=\"gb-container gb-container-14c73d23\">\n\n<details class=\"wp-block-details is-layout-flow wp-block-details-is-layout-flow\" open><summary>Asesor\u00eda<\/summary><div class=\"gb-container gb-container-5692accd\">\n\n<p>Asesor\u00eda al Rector y al cuerpo directivo de la Universidad en el proceso de cumplimiento de la legislaci\u00f3n y Normatividad que rige para las universidades (leyes, decretos, ordenanzas, acuerdos, resoluciones, etc.) con el fin de facilitar la gesti\u00f3n de cada una de las instancias y garantizar su manejo.<\/p>\n\n<\/div><\/details>\n\n<\/div>\n\n<div class=\"gb-container gb-container-5b197f68\">\n\n<details class=\"wp-block-details is-layout-flow wp-block-details-is-layout-flow\"><summary>Representaci\u00f3n judicial<\/summary><div class=\"gb-container gb-container-9d49fbd7\">\n\n<p>Representaci\u00f3n judicial de la Universidad en los litigios que \u00e9sta instaure o que le corresponda atender y los dem\u00e1s asuntos del mismo car\u00e1cter o extrajudicialmente que a la Universidad interesen, a trav\u00e9s de abogados titulados e inscritos.<\/p>\n\n<\/div><\/details>\n\n<\/div>\n\n<div class=\"gb-container gb-container-d11992dd\">\n\n<details class=\"wp-block-details is-layout-flow wp-block-details-is-layout-flow\"><summary>Revisi\u00f3n<\/summary><div class=\"gb-container gb-container-64675f70\">\n\n<p>Revisar los proyectos de acuerdos, resoluciones, minutas de contratos y dem\u00e1s providencias que se relacionen con la gesti\u00f3n administrativa de la Universidad.<\/p>\n\n<\/div><\/details>\n\n<\/div>\n\n<div class=\"gb-container gb-container-08b551d5\">\n\n<details class=\"wp-block-details is-layout-flow wp-block-details-is-layout-flow\"><summary>Conceptos jur\u00eddicos<\/summary><div class=\"gb-container gb-container-d936d384\">\n\n<p>Emitir conceptos jur\u00eddicos sobre los asuntos que presente a su consideraci\u00f3n el Rector o las dem\u00e1s dependencias de la universidad.<\/p>\n\n<\/div><\/details>\n\n<\/div>\n\n<div class=\"gb-container gb-container-38d8bc2a\">\n\n<details class=\"wp-block-details is-layout-flow wp-block-details-is-layout-flow\"><summary>Codificaci\u00f3n normativa<\/summary><div class=\"gb-container gb-container-43693f95\">\n\n<p>Recopilar, actualizar, codificar las normas legales y conceptos sobre leyes, decretos y Normatividad en general que afecte la gesti\u00f3n de la Universidad.<\/p>\n\n<\/div><\/details>\n\n<\/div>\n\n<div class=\"gb-container gb-container-ae48d07a\">\n\n<details class=\"wp-block-details is-layout-flow wp-block-details-is-layout-flow\"><summary>Preparaci\u00f3n de actos administrativos<\/summary><div class=\"gb-container gb-container-8765fc61\">\n\n<p>Preparar los actos administrativos derivados de los reclamos o demandas que se presenten en contra de la Universidad, hacerse parte o interponer los recursos que sean necesarios, previa la delegaci\u00f3n respectiva.<\/p>\n\n<\/div><\/details>\n\n<\/div>\n\n<div class=\"gb-container gb-container-1240912b\">\n\n<details class=\"wp-block-details is-layout-flow wp-block-details-is-layout-flow\"><summary>Derechos de petici\u00f3n<\/summary><div class=\"gb-container gb-container-3bb75379\">\n\n<p>Coordinar el tramite, la respuesta y el seguimiento que demanden las peticiones que reciba la Universidad.<\/p>\n\n<\/div><\/details>\n\n<\/div>\n\n<div class=\"gb-container gb-container-d8c4ac51\">\n\n<details class=\"wp-block-details is-layout-flow wp-block-details-is-layout-flow\"><summary>V\u00eda gubernativa<\/summary><div class=\"gb-container gb-container-42cf2b4a\">\n\n<ul class=\"wp-block-list\">\n<li>Preparar las respuestas a los recursos que por la v\u00eda gubernamental corresponda resolver el Rector.<\/li>\n\n\n\n<li>Las dem\u00e1s que le sean asignadas y que correspondan a la naturaleza de la dependencia. (ACUERDO No. 007 de 2001)<\/li>\n<\/ul>\n\n<\/div><\/details>\n\n<\/div>\n<\/div>\n<\/div>\n<\/div>\n<\/div>","protected":false},"excerpt":{"rendered":"<p>La Oficina Jur\u00eddica de la Universidad de La Guajira es una entidad institucional encargada de velar por el cumplimiento de las normativas legales &#8230; <a title=\"Presentaci\u00f3n de la oficina jur\u00eddica\" class=\"read-more\" href=\"https:\/\/uniguajira.edu.co\/wa\/universidad-de-la-guajira\/oficina-juridica\/presentacion-de-la-oficina-juridica\/\" aria-label=\"Read more about Presentaci\u00f3n de la oficina jur\u00eddica\">.<\/a><\/p>","protected":false},"author":3,"featured_media":24637,"parent":31821,"menu_order":0,"comment_status":"closed","ping_status":"closed","template":"","meta":{"footnotes":""},"class_list":{"0":"post-31281","1":"page","2":"type-page","3":"status-publish","4":"has-post-thumbnail","6":"infinite-scroll-item"},"yoast_head":"<!-- This site is optimized with the Yoast SEO Premium plugin v27.0 (Yoast SEO v27.0) - https:\/\/yoast.com\/product\/yoast-seo-premium-wordpress\/ -->\n<title>Presentaci\u00f3n de la oficina jur\u00eddica<\/title>\n<meta name=\"robots\" content=\"index, follow, max-snippet:-1, max-image-preview:large, max-video-preview:-1\" \/>\n<link rel=\"canonical\" href=\"https:\/\/uniguajira.edu.co\/wa\/universidad-de-la-guajira\/oficina-juridica\/presentacion-de-la-oficina-juridica\/\" \/>\n<meta property=\"og:locale\" content=\"en_US\" \/>\n<meta property=\"og:type\" content=\"article\" \/>\n<meta property=\"og:title\" content=\"Presentaci\u00f3n de la oficina jur\u00eddica\" \/>\n<meta property=\"og:description\" content=\"La Oficina Jur\u00eddica de la Universidad de La Guajira es una entidad institucional encargada de velar por el cumplimiento de las normativas legales ... .\" \/>\n<meta property=\"og:url\" content=\"https:\/\/uniguajira.edu.co\/wa\/universidad-de-la-guajira\/oficina-juridica\/presentacion-de-la-oficina-juridica\/\" \/>\n<meta property=\"og:site_name\" content=\"Universidad de La Guajira\" \/>\n<meta property=\"article:publisher\" content=\"https:\/\/www.facebook.com\/UniLaGuajira\/\" \/>\n<meta property=\"article:modified_time\" content=\"2025-10-02T21:48:24+00:00\" \/>\n<meta property=\"og:image\" content=\"https:\/\/uniguajira.edu.co\/wp-content\/uploads\/2024\/01\/bannerjuridicoofi.webp\" \/>\n\t<meta property=\"og:image:width\" content=\"1920\" \/>\n\t<meta property=\"og:image:height\" content=\"590\" \/>\n\t<meta property=\"og:image:type\" content=\"image\/webp\" \/>\n<meta name=\"twitter:card\" content=\"summary_large_image\" \/>\n<meta name=\"twitter:site\" content=\"@UniLaGuajira\" \/>\n<meta name=\"twitter:label1\" content=\"Est. reading time\" \/>\n\t<meta name=\"twitter:data1\" content=\"3 minutes\" \/>\n<script type=\"application\/ld+json\" class=\"yoast-schema-graph\">{\"@context\":\"https:\/\/schema.org\",\"@graph\":[{\"@type\":\"WebPage\",\"@id\":\"https:\/\/uniguajira.edu.co\/universidad-de-la-guajira\/oficina-juridica\/presentacion-de-la-oficina-juridica\/\",\"url\":\"https:\/\/uniguajira.edu.co\/universidad-de-la-guajira\/oficina-juridica\/presentacion-de-la-oficina-juridica\/\",\"name\":\"Presentaci\u00f3n de la oficina jur\u00eddica\",\"isPartOf\":{\"@id\":\"https:\/\/uniguajira.edu.co\/#website\"},\"primaryImageOfPage\":{\"@id\":\"https:\/\/uniguajira.edu.co\/universidad-de-la-guajira\/oficina-juridica\/presentacion-de-la-oficina-juridica\/#primaryimage\"},\"image\":{\"@id\":\"https:\/\/uniguajira.edu.co\/universidad-de-la-guajira\/oficina-juridica\/presentacion-de-la-oficina-juridica\/#primaryimage\"},\"thumbnailUrl\":\"https:\/\/uniguajira.edu.co\/wp-content\/uploads\/2024\/01\/bannerjuridicoofi.webp\",\"datePublished\":\"2024-03-06T20:11:25+00:00\",\"dateModified\":\"2025-10-02T21:48:24+00:00\",\"breadcrumb\":{\"@id\":\"https:\/\/uniguajira.edu.co\/universidad-de-la-guajira\/oficina-juridica\/presentacion-de-la-oficina-juridica\/#breadcrumb\"},\"inLanguage\":\"wa-WA\",\"potentialAction\":[{\"@type\":\"ReadAction\",\"target\":[\"https:\/\/uniguajira.edu.co\/universidad-de-la-guajira\/oficina-juridica\/presentacion-de-la-oficina-juridica\/\"]}]},{\"@type\":\"ImageObject\",\"inLanguage\":\"wa-WA\",\"@id\":\"https:\/\/uniguajira.edu.co\/universidad-de-la-guajira\/oficina-juridica\/presentacion-de-la-oficina-juridica\/#primaryimage\",\"url\":\"https:\/\/uniguajira.edu.co\/wp-content\/uploads\/2024\/01\/bannerjuridicoofi.webp\",\"contentUrl\":\"https:\/\/uniguajira.edu.co\/wp-content\/uploads\/2024\/01\/bannerjuridicoofi.webp\",\"width\":1920,\"height\":590},{\"@type\":\"BreadcrumbList\",\"@id\":\"https:\/\/uniguajira.edu.co\/universidad-de-la-guajira\/oficina-juridica\/presentacion-de-la-oficina-juridica\/#breadcrumb\",\"itemListElement\":[{\"@type\":\"ListItem\",\"position\":1,\"name\":\"\u2302 Uniguajira\",\"item\":\"https:\/\/uniguajira.edu.co\/\"},{\"@type\":\"ListItem\",\"position\":2,\"name\":\"Uniguajira\",\"item\":\"https:\/\/uniguajira.edu.co\/\"},{\"@type\":\"ListItem\",\"position\":3,\"name\":\"Oficina Jur\u00eddica\",\"item\":\"https:\/\/uniguajira.edu.co\/universidad-de-la-guajira\/oficina-juridica\/\"},{\"@type\":\"ListItem\",\"position\":4,\"name\":\"Presentaci\u00f3n\"}]},{\"@type\":\"WebSite\",\"@id\":\"https:\/\/uniguajira.edu.co\/#website\",\"url\":\"https:\/\/uniguajira.edu.co\/\",\"name\":\"UNIGUAJIRA\",\"description\":\"Descubre la educaci\u00f3n superior con oportunidades laborales, retos estudiantiles y tecnolog\u00eda innovadora. Alcanza el \u00e9xito acad\u00e9mico y explora el impacto social y la diversidad en un entorno de aprendizaje moderno. Ad\u00e1ptate con inteligencia artificial y pr\u00e1cticas profesionales para un crecimiento integral.\",\"publisher\":{\"@id\":\"https:\/\/uniguajira.edu.co\/#organization\"},\"alternateName\":\"Universidad de La Guajira\",\"potentialAction\":[{\"@type\":\"SearchAction\",\"target\":{\"@type\":\"EntryPoint\",\"urlTemplate\":\"https:\/\/uniguajira.edu.co\/?s={search_term_string}\"},\"query-input\":{\"@type\":\"PropertyValueSpecification\",\"valueRequired\":true,\"valueName\":\"search_term_string\"}}],\"inLanguage\":\"wa-WA\"},{\"@type\":\"Organization\",\"@id\":\"https:\/\/uniguajira.edu.co\/#organization\",\"name\":\"Universidad de La Guajira\",\"alternateName\":\"UNIGUAJIRA\",\"url\":\"https:\/\/uniguajira.edu.co\/\",\"logo\":{\"@type\":\"ImageObject\",\"inLanguage\":\"wa-WA\",\"@id\":\"https:\/\/uniguajira.edu.co\/#\/schema\/logo\/image\/\",\"url\":\"https:\/\/uniguajira.edu.co\/wp-content\/uploads\/2026\/01\/cropped-cropped-LOGOS-PAGINA-WEB-04-1.webp\",\"contentUrl\":\"https:\/\/uniguajira.edu.co\/wp-content\/uploads\/2026\/01\/cropped-cropped-LOGOS-PAGINA-WEB-04-1.webp\",\"width\":360,\"height\":72,\"caption\":\"Universidad de La Guajira\"},\"image\":{\"@id\":\"https:\/\/uniguajira.edu.co\/#\/schema\/logo\/image\/\"},\"sameAs\":[\"https:\/\/www.facebook.com\/UniLaGuajira\/\",\"https:\/\/x.com\/UniLaGuajira\",\"https:\/\/www.instagram.com\/uniguajira_\/\",\"https:\/\/www.youtube.com\/user\/UniLaGuajira\"]}]}<\/script>\n<!-- \/ Yoast SEO Premium plugin. -->","yoast_head_json":{"title":"Presentaci\u00f3n de la oficina jur\u00eddica","robots":{"index":"index","follow":"follow","max-snippet":"max-snippet:-1","max-image-preview":"max-image-preview:large","max-video-preview":"max-video-preview:-1"},"canonical":"https:\/\/uniguajira.edu.co\/wa\/universidad-de-la-guajira\/oficina-juridica\/presentacion-de-la-oficina-juridica\/","og_locale":"en_US","og_type":"article","og_title":"Presentaci\u00f3n de la oficina jur\u00eddica","og_description":"La Oficina Jur\u00eddica de la Universidad de La Guajira es una entidad institucional encargada de velar por el cumplimiento de las normativas legales ... .","og_url":"https:\/\/uniguajira.edu.co\/wa\/universidad-de-la-guajira\/oficina-juridica\/presentacion-de-la-oficina-juridica\/","og_site_name":"Universidad de La Guajira","article_publisher":"https:\/\/www.facebook.com\/UniLaGuajira\/","article_modified_time":"2025-10-02T21:48:24+00:00","og_image":[{"width":1920,"height":590,"url":"https:\/\/uniguajira.edu.co\/wp-content\/uploads\/2024\/01\/bannerjuridicoofi.webp","type":"image\/webp"}],"twitter_card":"summary_large_image","twitter_site":"@UniLaGuajira","twitter_misc":{"Est. reading time":"3 minutes"},"schema":{"@context":"https:\/\/schema.org","@graph":[{"@type":"WebPage","@id":"https:\/\/uniguajira.edu.co\/universidad-de-la-guajira\/oficina-juridica\/presentacion-de-la-oficina-juridica\/","url":"https:\/\/uniguajira.edu.co\/universidad-de-la-guajira\/oficina-juridica\/presentacion-de-la-oficina-juridica\/","name":"Presentaci\u00f3n de la oficina jur\u00eddica","isPartOf":{"@id":"https:\/\/uniguajira.edu.co\/#website"},"primaryImageOfPage":{"@id":"https:\/\/uniguajira.edu.co\/universidad-de-la-guajira\/oficina-juridica\/presentacion-de-la-oficina-juridica\/#primaryimage"},"image":{"@id":"https:\/\/uniguajira.edu.co\/universidad-de-la-guajira\/oficina-juridica\/presentacion-de-la-oficina-juridica\/#primaryimage"},"thumbnailUrl":"https:\/\/uniguajira.edu.co\/wp-content\/uploads\/2024\/01\/bannerjuridicoofi.webp","datePublished":"2024-03-06T20:11:25+00:00","dateModified":"2025-10-02T21:48:24+00:00","breadcrumb":{"@id":"https:\/\/uniguajira.edu.co\/universidad-de-la-guajira\/oficina-juridica\/presentacion-de-la-oficina-juridica\/#breadcrumb"},"inLanguage":"wa-WA","potentialAction":[{"@type":"ReadAction","target":["https:\/\/uniguajira.edu.co\/universidad-de-la-guajira\/oficina-juridica\/presentacion-de-la-oficina-juridica\/"]}]},{"@type":"ImageObject","inLanguage":"wa-WA","@id":"https:\/\/uniguajira.edu.co\/universidad-de-la-guajira\/oficina-juridica\/presentacion-de-la-oficina-juridica\/#primaryimage","url":"https:\/\/uniguajira.edu.co\/wp-content\/uploads\/2024\/01\/bannerjuridicoofi.webp","contentUrl":"https:\/\/uniguajira.edu.co\/wp-content\/uploads\/2024\/01\/bannerjuridicoofi.webp","width":1920,"height":590},{"@type":"BreadcrumbList","@id":"https:\/\/uniguajira.edu.co\/universidad-de-la-guajira\/oficina-juridica\/presentacion-de-la-oficina-juridica\/#breadcrumb","itemListElement":[{"@type":"ListItem","position":1,"name":"\u2302 Uniguajira","item":"https:\/\/uniguajira.edu.co\/"},{"@type":"ListItem","position":2,"name":"Uniguajira","item":"https:\/\/uniguajira.edu.co\/"},{"@type":"ListItem","position":3,"name":"Oficina Jur\u00eddica","item":"https:\/\/uniguajira.edu.co\/universidad-de-la-guajira\/oficina-juridica\/"},{"@type":"ListItem","position":4,"name":"Presentaci\u00f3n"}]},{"@type":"WebSite","@id":"https:\/\/uniguajira.edu.co\/#website","url":"https:\/\/uniguajira.edu.co\/","name":"UNIGUAJIRA","description":"Descubre la educaci\u00f3n superior con oportunidades laborales, retos estudiantiles y tecnolog\u00eda innovadora. Alcanza el \u00e9xito acad\u00e9mico y explora el impacto social y la diversidad en un entorno de aprendizaje moderno. Ad\u00e1ptate con inteligencia artificial y pr\u00e1cticas profesionales para un crecimiento integral.","publisher":{"@id":"https:\/\/uniguajira.edu.co\/#organization"},"alternateName":"Universidad de La Guajira","potentialAction":[{"@type":"SearchAction","target":{"@type":"EntryPoint","urlTemplate":"https:\/\/uniguajira.edu.co\/?s={search_term_string}"},"query-input":{"@type":"PropertyValueSpecification","valueRequired":true,"valueName":"search_term_string"}}],"inLanguage":"wa-WA"},{"@type":"Organization","@id":"https:\/\/uniguajira.edu.co\/#organization","name":"Shikii Ekirajia P\u00fclee Wajiira","alternateName":"UNIGUAJIRA","url":"https:\/\/uniguajira.edu.co\/","logo":{"@type":"ImageObject","inLanguage":"wa-WA","@id":"https:\/\/uniguajira.edu.co\/#\/schema\/logo\/image\/","url":"https:\/\/uniguajira.edu.co\/wp-content\/uploads\/2026\/01\/cropped-cropped-LOGOS-PAGINA-WEB-04-1.webp","contentUrl":"https:\/\/uniguajira.edu.co\/wp-content\/uploads\/2026\/01\/cropped-cropped-LOGOS-PAGINA-WEB-04-1.webp","width":360,"height":72,"caption":"Universidad de La Guajira"},"image":{"@id":"https:\/\/uniguajira.edu.co\/#\/schema\/logo\/image\/"},"sameAs":["https:\/\/www.facebook.com\/UniLaGuajira\/","https:\/\/x.com\/UniLaGuajira","https:\/\/www.instagram.com\/uniguajira_\/","https:\/\/www.youtube.com\/user\/UniLaGuajira"]}]}},"_hostinger_reach_plugin_has_subscription_block":false,"_hostinger_reach_plugin_is_elementor":false,"_links":{"self":[{"href":"https:\/\/uniguajira.edu.co\/wa\/wp-json\/wp\/v2\/pages\/31281","targetHints":{"allow":["GET"]}}],"collection":[{"href":"https:\/\/uniguajira.edu.co\/wa\/wp-json\/wp\/v2\/pages"}],"about":[{"href":"https:\/\/uniguajira.edu.co\/wa\/wp-json\/wp\/v2\/types\/page"}],"author":[{"embeddable":true,"href":"https:\/\/uniguajira.edu.co\/wa\/wp-json\/wp\/v2\/users\/3"}],"replies":[{"embeddable":true,"href":"https:\/\/uniguajira.edu.co\/wa\/wp-json\/wp\/v2\/comments?post=31281"}],"version-history":[{"count":0,"href":"https:\/\/uniguajira.edu.co\/wa\/wp-json\/wp\/v2\/pages\/31281\/revisions"}],"up":[{"embeddable":true,"href":"https:\/\/uniguajira.edu.co\/wa\/wp-json\/wp\/v2\/pages\/31821"}],"wp:featuredmedia":[{"embeddable":true,"href":"https:\/\/uniguajira.edu.co\/wa\/wp-json\/wp\/v2\/media\/24637"}],"wp:attachment":[{"href":"https:\/\/uniguajira.edu.co\/wa\/wp-json\/wp\/v2\/media?parent=31281"}],"curies":[{"name":"wp","href":"https:\/\/api.w.org\/{rel}","templated":true}]}}