{"id":31120,"date":"2024-03-06T09:27:12","date_gmt":"2024-03-06T14:27:12","guid":{"rendered":"https:\/\/uniguajira.edu.co\/?page_id=31120"},"modified":"2025-10-02T16:43:21","modified_gmt":"2025-10-02T21:43:21","slug":"presentacion-de-la-direccion-de-gestion-de-la-calidad","status":"publish","type":"page","link":"https:\/\/uniguajira.edu.co\/wa\/universidad-de-la-guajira\/vicerrectoria-de-calidad\/presentacion-de-la-direccion-de-gestion-de-la-calidad\/","title":{"rendered":"Presentaci\u00f3n de la Direcci\u00f3n de Gesti\u00f3n de la Calidad\u00a0"},"content":{"rendered":"<div class=\"gb-container gb-container-1bddf169\">\n<div class=\"gb-container gb-container-8a679f50\">\n<div class=\"gb-container gb-container-194ddd1e\">\n<div class=\"gb-container gb-container-04e9b55b\">\n<div class=\"gb-container gb-container-b6a277d6\">\n<div class=\"gb-container gb-container-15b9a7c0\">\n\n<p class=\"gb-headline gb-headline-6b60c50c gb-headline-text\">La Direcci\u00f3n de Gesti\u00f3n de la Calidad bajo la estandarizaci\u00f3n de procesos, seguimiento, control y verificaci\u00f3n de conformidad de requisitos al interior de los procesos que la conforman, es la dependencia encargada de administrar el Sistema Integrado de Gesti\u00f3n de la Calidad de la Universidad de La Guajira SIG, certificados bajo normas internacionales de calidad.<\/p>\n\n<\/div>\n<\/div>\n\n<div class=\"gb-container gb-container-5f37b1d3\">\n<div class=\"gb-container gb-container-1e0c97f9\">\n\n<div id=\"section-g4e8f77\" class=\"wp-block-gutentor-e6 section-g4e8f77 gutentor-element gutentor-element-image imgt\"><div class=\"gutentor-element-image-box\"><div class=\"gutentor-image-thumb\"><img decoding=\"async\" class=\"normal-image\" src=\"https:\/\/uniguajira.edu.co\/wp-content\/uploads\/2024\/06\/Prueba-portada.webp\" alt=\"Prueba portada\" \/><div class=\"overlay\"><\/div><\/div><\/div><\/div>\n\n\n\n<div id=\"section-gf22604\" class=\"wp-block-gutentor-e6 section-gf22604 gutentor-element gutentor-element-image g-pos-a-desktop g-pos-a-tablet g-pos-a-mobile g-pos-custom-desktop g-pos-custom-tablet g-pos-custom-mobile imgt\"><div class=\"gutentor-element-image-box\"><div class=\"gutentor-image-thumb\"><img decoding=\"async\" class=\"normal-image\" src=\"https:\/\/uniguajira.edu.co\/wp-content\/uploads\/2024\/06\/Prueba-portada.webp\" alt=\"Prueba portada\" \/><\/div><\/div><\/div>\n\n<\/div>\n<\/div>\n<\/div>\n<\/div>\n\n<div class=\"gb-container gb-container-61197dc1\">\n<div class=\"gb-container gb-container-ec73b2ab\" id=\"interes\">\n<div class=\"gb-container gb-container-7dddb134\">\n<div class=\"gb-container gb-container-c26501b0\">\n<div class=\"gb-container gb-container-14c73d23\">\n\n<details class=\"wp-block-details is-layout-flow wp-block-details-is-layout-flow\" open><summary>Ainraa<\/summary><div class=\"gb-container gb-container-5692accd\">\n\n<p>Nuestra misi\u00f3n en la Direcci\u00f3n de Gesti\u00f3n de la Calidad de la Universidad de La Guajira es una promesa de excelencia en la educaci\u00f3n superior. Trabajamos incansablemente para construir pol\u00edticas, objetivos y planes estrat\u00e9gicos que gu\u00eden a nuestra instituci\u00f3n hacia niveles m\u00e1s altos de calidad. Velamos por el cumplimiento de nuestra pol\u00edtica de calidad, manteniendo nuestra certificaci\u00f3n de calidad y liderando auditor\u00edas internas enfocadas en las normas ISO que respaldan nuestra pol\u00edtica.<\/p>\n\n\n\n<ul class=\"wp-block-list\">\n<li>Construir la pol\u00edtica, objetivos y planes estrat\u00e9gicos del Sistema Integrado de Gesti\u00f3n.<\/li>\n\n\n\n<li>Velar por el cumplimiento de la pol\u00edtica de calidad del SIG de la Universidad de La Guajira.<\/li>\n\n\n\n<li>Mantener la certificaci\u00f3n de calidad, a trav\u00e9s del sostenimiento y fortalecimiento del SIG.<\/li>\n\n\n\n<li>Coordinar la documentaci\u00f3n, implementaci\u00f3n y mantenimiento del Sistema de Gesti\u00f3n de Calidad de la Universidad de La Guajira.<\/li>\n\n\n\n<li>Mantener el Sistema Integrado de Gesti\u00f3n, a trav\u00e9s del cumplimiento de los requisitos m\u00ednimos de los sistemas adoptados por la instituci\u00f3n.<\/li>\n\n\n\n<li>Liderar auditor\u00edas internas enfocadas en la norma ISO apropiadas en la pol\u00edtica de calidad de la instituci\u00f3n.<\/li>\n\n\n\n<li>Hacer seguimiento a planes de mejoramiento productos de procesos de autoevaluaci\u00f3n, renovaci\u00f3n, acreditaci\u00f3n y auditor\u00edas internas o externas de calidad.<\/li>\n\n\n\n<li>Presentar proyectos de mejoramiento y actualizaci\u00f3n permanente a la alta direcci\u00f3n para el fortalecimiento del SIG.<\/li>\n<\/ul>\n\n<\/div><\/details>\n\n<\/div>\n\n<div class=\"gb-container gb-container-d8c4ac51\">\n\n<details class=\"wp-block-details is-layout-flow wp-block-details-is-layout-flow\"><summary>Akalinjirawa<\/summary><div class=\"gb-container gb-container-42cf2b4a\">\n\n<p>En la Direcci\u00f3n de Gesti\u00f3n de la Calidad de la Universidad de La Guajira, ofrecemos dos servicios fundamentales que trabajan en conjunto para garantizar y mejorar la calidad educativa en nuestra instituci\u00f3n.<\/p>\n\n\n\n<ul class=\"wp-block-list\">\n<li>Administraci\u00f3n del Sistema Integrado de Gesti\u00f3n de la Calidad de la Universidad de La Guajira.<\/li>\n\n\n\n<li>Asesoramiento y seguimiento a los procesos en la gesti\u00f3n al interior de la Universidad de La Guajira.<\/li>\n<\/ul>\n\n<\/div><\/details>\n\n<\/div>\n<\/div>\n<\/div>\n<\/div>\n<\/div>\n<\/div>\n<\/div>","protected":false},"excerpt":{"rendered":"<p>La Direcci\u00f3n de Gesti\u00f3n de la Calidad bajo la estandarizaci\u00f3n de procesos, seguimiento, control y verificaci\u00f3n de conformidad de requisitos al interior de &#8230; <a title=\"Presentaci\u00f3n de la Direcci\u00f3n de Gesti\u00f3n de la Calidad\u00a0\" class=\"read-more\" href=\"https:\/\/uniguajira.edu.co\/wa\/universidad-de-la-guajira\/vicerrectoria-de-calidad\/presentacion-de-la-direccion-de-gestion-de-la-calidad\/\" aria-label=\"Read more about Presentaci\u00f3n de la Direcci\u00f3n de Gesti\u00f3n de la Calidad\u00a0\">.<\/a><\/p>","protected":false},"author":3,"featured_media":55398,"parent":32098,"menu_order":0,"comment_status":"closed","ping_status":"closed","template":"","meta":{"footnotes":""},"class_list":{"0":"post-31120","1":"page","2":"type-page","3":"status-publish","4":"has-post-thumbnail","6":"infinite-scroll-item"},"yoast_head":"<!-- This site is optimized with the Yoast SEO Premium plugin v27.0 (Yoast SEO v27.0) - https:\/\/yoast.com\/product\/yoast-seo-premium-wordpress\/ -->\n<title>Presentaci\u00f3n de la Direcci\u00f3n de Gesti\u00f3n de la Calidad\u00a0<\/title>\n<meta name=\"robots\" content=\"index, follow, max-snippet:-1, max-image-preview:large, max-video-preview:-1\" \/>\n<link rel=\"canonical\" href=\"https:\/\/uniguajira.edu.co\/wa\/universidad-de-la-guajira\/vicerrectoria-de-calidad\/presentacion-de-la-direccion-de-gestion-de-la-calidad\/\" \/>\n<meta property=\"og:locale\" content=\"en_US\" \/>\n<meta property=\"og:type\" content=\"article\" \/>\n<meta property=\"og:title\" content=\"Presentaci\u00f3n de la Direcci\u00f3n de Gesti\u00f3n de la Calidad\u00a0\" \/>\n<meta property=\"og:description\" content=\"La Direcci\u00f3n de Gesti\u00f3n de la Calidad bajo la estandarizaci\u00f3n de procesos, seguimiento, control y verificaci\u00f3n de conformidad de requisitos al interior de ... .\" \/>\n<meta property=\"og:url\" content=\"https:\/\/uniguajira.edu.co\/wa\/universidad-de-la-guajira\/vicerrectoria-de-calidad\/presentacion-de-la-direccion-de-gestion-de-la-calidad\/\" \/>\n<meta property=\"og:site_name\" content=\"Universidad de La Guajira\" \/>\n<meta property=\"article:publisher\" content=\"https:\/\/www.facebook.com\/UniLaGuajira\/\" \/>\n<meta property=\"article:modified_time\" content=\"2025-10-02T21:43:21+00:00\" \/>\n<meta property=\"og:image\" content=\"https:\/\/uniguajira.edu.co\/wp-content\/uploads\/2024\/07\/Banner-vicerrectoria-de-la-calidad.webp\" \/>\n\t<meta property=\"og:image:width\" content=\"1920\" \/>\n\t<meta property=\"og:image:height\" content=\"1080\" \/>\n\t<meta property=\"og:image:type\" content=\"image\/webp\" \/>\n<meta name=\"twitter:card\" content=\"summary_large_image\" \/>\n<meta name=\"twitter:site\" content=\"@UniLaGuajira\" \/>\n<meta name=\"twitter:label1\" content=\"Est. reading time\" \/>\n\t<meta name=\"twitter:data1\" content=\"4 minutes\" \/>\n<script type=\"application\/ld+json\" class=\"yoast-schema-graph\">{\"@context\":\"https:\/\/schema.org\",\"@graph\":[{\"@type\":\"WebPage\",\"@id\":\"https:\/\/uniguajira.edu.co\/universidad-de-la-guajira\/vicerrectoria-de-calidad\/presentacion-de-la-direccion-de-gestion-de-la-calidad\/\",\"url\":\"https:\/\/uniguajira.edu.co\/universidad-de-la-guajira\/vicerrectoria-de-calidad\/presentacion-de-la-direccion-de-gestion-de-la-calidad\/\",\"name\":\"Presentaci\u00f3n de la Direcci\u00f3n de Gesti\u00f3n de la Calidad\u00a0\",\"isPartOf\":{\"@id\":\"https:\/\/uniguajira.edu.co\/#website\"},\"primaryImageOfPage\":{\"@id\":\"https:\/\/uniguajira.edu.co\/universidad-de-la-guajira\/vicerrectoria-de-calidad\/presentacion-de-la-direccion-de-gestion-de-la-calidad\/#primaryimage\"},\"image\":{\"@id\":\"https:\/\/uniguajira.edu.co\/universidad-de-la-guajira\/vicerrectoria-de-calidad\/presentacion-de-la-direccion-de-gestion-de-la-calidad\/#primaryimage\"},\"thumbnailUrl\":\"https:\/\/uniguajira.edu.co\/wp-content\/uploads\/2024\/07\/Banner-vicerrectoria-de-la-calidad.webp\",\"datePublished\":\"2024-03-06T14:27:12+00:00\",\"dateModified\":\"2025-10-02T21:43:21+00:00\",\"breadcrumb\":{\"@id\":\"https:\/\/uniguajira.edu.co\/universidad-de-la-guajira\/vicerrectoria-de-calidad\/presentacion-de-la-direccion-de-gestion-de-la-calidad\/#breadcrumb\"},\"inLanguage\":\"wa-WA\",\"potentialAction\":[{\"@type\":\"ReadAction\",\"target\":[\"https:\/\/uniguajira.edu.co\/universidad-de-la-guajira\/vicerrectoria-de-calidad\/presentacion-de-la-direccion-de-gestion-de-la-calidad\/\"]}]},{\"@type\":\"ImageObject\",\"inLanguage\":\"wa-WA\",\"@id\":\"https:\/\/uniguajira.edu.co\/universidad-de-la-guajira\/vicerrectoria-de-calidad\/presentacion-de-la-direccion-de-gestion-de-la-calidad\/#primaryimage\",\"url\":\"https:\/\/uniguajira.edu.co\/wp-content\/uploads\/2024\/07\/Banner-vicerrectoria-de-la-calidad.webp\",\"contentUrl\":\"https:\/\/uniguajira.edu.co\/wp-content\/uploads\/2024\/07\/Banner-vicerrectoria-de-la-calidad.webp\",\"width\":1920,\"height\":1080},{\"@type\":\"BreadcrumbList\",\"@id\":\"https:\/\/uniguajira.edu.co\/universidad-de-la-guajira\/vicerrectoria-de-calidad\/presentacion-de-la-direccion-de-gestion-de-la-calidad\/#breadcrumb\",\"itemListElement\":[{\"@type\":\"ListItem\",\"position\":1,\"name\":\"\u2302 Uniguajira\",\"item\":\"https:\/\/uniguajira.edu.co\/\"},{\"@type\":\"ListItem\",\"position\":2,\"name\":\"Uniguajira\",\"item\":\"https:\/\/uniguajira.edu.co\/\"},{\"@type\":\"ListItem\",\"position\":3,\"name\":\"Vicerrector\u00eda de Calidad\",\"item\":\"https:\/\/uniguajira.edu.co\/universidad-de-la-guajira\/vicerrectoria-de-calidad\/\"},{\"@type\":\"ListItem\",\"position\":4,\"name\":\"Gesti\u00f3n de la Calidad\"}]},{\"@type\":\"WebSite\",\"@id\":\"https:\/\/uniguajira.edu.co\/#website\",\"url\":\"https:\/\/uniguajira.edu.co\/\",\"name\":\"UNIGUAJIRA\",\"description\":\"Descubre la educaci\u00f3n superior con oportunidades laborales, retos estudiantiles y tecnolog\u00eda innovadora. Alcanza el \u00e9xito acad\u00e9mico y explora el impacto social y la diversidad en un entorno de aprendizaje moderno. Ad\u00e1ptate con inteligencia artificial y pr\u00e1cticas profesionales para un crecimiento integral.\",\"publisher\":{\"@id\":\"https:\/\/uniguajira.edu.co\/#organization\"},\"alternateName\":\"Universidad de La Guajira\",\"potentialAction\":[{\"@type\":\"SearchAction\",\"target\":{\"@type\":\"EntryPoint\",\"urlTemplate\":\"https:\/\/uniguajira.edu.co\/?s={search_term_string}\"},\"query-input\":{\"@type\":\"PropertyValueSpecification\",\"valueRequired\":true,\"valueName\":\"search_term_string\"}}],\"inLanguage\":\"wa-WA\"},{\"@type\":\"Organization\",\"@id\":\"https:\/\/uniguajira.edu.co\/#organization\",\"name\":\"Universidad de La Guajira\",\"alternateName\":\"UNIGUAJIRA\",\"url\":\"https:\/\/uniguajira.edu.co\/\",\"logo\":{\"@type\":\"ImageObject\",\"inLanguage\":\"wa-WA\",\"@id\":\"https:\/\/uniguajira.edu.co\/#\/schema\/logo\/image\/\",\"url\":\"https:\/\/uniguajira.edu.co\/wp-content\/uploads\/2026\/01\/cropped-cropped-LOGOS-PAGINA-WEB-04-1.webp\",\"contentUrl\":\"https:\/\/uniguajira.edu.co\/wp-content\/uploads\/2026\/01\/cropped-cropped-LOGOS-PAGINA-WEB-04-1.webp\",\"width\":360,\"height\":72,\"caption\":\"Universidad de La Guajira\"},\"image\":{\"@id\":\"https:\/\/uniguajira.edu.co\/#\/schema\/logo\/image\/\"},\"sameAs\":[\"https:\/\/www.facebook.com\/UniLaGuajira\/\",\"https:\/\/x.com\/UniLaGuajira\",\"https:\/\/www.instagram.com\/uniguajira_\/\",\"https:\/\/www.youtube.com\/user\/UniLaGuajira\"]}]}<\/script>\n<!-- \/ Yoast SEO Premium plugin. -->","yoast_head_json":{"title":"Presentaci\u00f3n de la Direcci\u00f3n de Gesti\u00f3n de la Calidad\u00a0","robots":{"index":"index","follow":"follow","max-snippet":"max-snippet:-1","max-image-preview":"max-image-preview:large","max-video-preview":"max-video-preview:-1"},"canonical":"https:\/\/uniguajira.edu.co\/wa\/universidad-de-la-guajira\/vicerrectoria-de-calidad\/presentacion-de-la-direccion-de-gestion-de-la-calidad\/","og_locale":"en_US","og_type":"article","og_title":"Presentaci\u00f3n de la Direcci\u00f3n de Gesti\u00f3n de la Calidad\u00a0","og_description":"La Direcci\u00f3n de Gesti\u00f3n de la Calidad bajo la estandarizaci\u00f3n de procesos, seguimiento, control y verificaci\u00f3n de conformidad de requisitos al interior de ... .","og_url":"https:\/\/uniguajira.edu.co\/wa\/universidad-de-la-guajira\/vicerrectoria-de-calidad\/presentacion-de-la-direccion-de-gestion-de-la-calidad\/","og_site_name":"Universidad de La Guajira","article_publisher":"https:\/\/www.facebook.com\/UniLaGuajira\/","article_modified_time":"2025-10-02T21:43:21+00:00","og_image":[{"width":1920,"height":1080,"url":"https:\/\/uniguajira.edu.co\/wp-content\/uploads\/2024\/07\/Banner-vicerrectoria-de-la-calidad.webp","type":"image\/webp"}],"twitter_card":"summary_large_image","twitter_site":"@UniLaGuajira","twitter_misc":{"Est. reading time":"4 minutes"},"schema":{"@context":"https:\/\/schema.org","@graph":[{"@type":"WebPage","@id":"https:\/\/uniguajira.edu.co\/universidad-de-la-guajira\/vicerrectoria-de-calidad\/presentacion-de-la-direccion-de-gestion-de-la-calidad\/","url":"https:\/\/uniguajira.edu.co\/universidad-de-la-guajira\/vicerrectoria-de-calidad\/presentacion-de-la-direccion-de-gestion-de-la-calidad\/","name":"Presentaci\u00f3n de la Direcci\u00f3n de Gesti\u00f3n de la Calidad\u00a0","isPartOf":{"@id":"https:\/\/uniguajira.edu.co\/#website"},"primaryImageOfPage":{"@id":"https:\/\/uniguajira.edu.co\/universidad-de-la-guajira\/vicerrectoria-de-calidad\/presentacion-de-la-direccion-de-gestion-de-la-calidad\/#primaryimage"},"image":{"@id":"https:\/\/uniguajira.edu.co\/universidad-de-la-guajira\/vicerrectoria-de-calidad\/presentacion-de-la-direccion-de-gestion-de-la-calidad\/#primaryimage"},"thumbnailUrl":"https:\/\/uniguajira.edu.co\/wp-content\/uploads\/2024\/07\/Banner-vicerrectoria-de-la-calidad.webp","datePublished":"2024-03-06T14:27:12+00:00","dateModified":"2025-10-02T21:43:21+00:00","breadcrumb":{"@id":"https:\/\/uniguajira.edu.co\/universidad-de-la-guajira\/vicerrectoria-de-calidad\/presentacion-de-la-direccion-de-gestion-de-la-calidad\/#breadcrumb"},"inLanguage":"wa-WA","potentialAction":[{"@type":"ReadAction","target":["https:\/\/uniguajira.edu.co\/universidad-de-la-guajira\/vicerrectoria-de-calidad\/presentacion-de-la-direccion-de-gestion-de-la-calidad\/"]}]},{"@type":"ImageObject","inLanguage":"wa-WA","@id":"https:\/\/uniguajira.edu.co\/universidad-de-la-guajira\/vicerrectoria-de-calidad\/presentacion-de-la-direccion-de-gestion-de-la-calidad\/#primaryimage","url":"https:\/\/uniguajira.edu.co\/wp-content\/uploads\/2024\/07\/Banner-vicerrectoria-de-la-calidad.webp","contentUrl":"https:\/\/uniguajira.edu.co\/wp-content\/uploads\/2024\/07\/Banner-vicerrectoria-de-la-calidad.webp","width":1920,"height":1080},{"@type":"BreadcrumbList","@id":"https:\/\/uniguajira.edu.co\/universidad-de-la-guajira\/vicerrectoria-de-calidad\/presentacion-de-la-direccion-de-gestion-de-la-calidad\/#breadcrumb","itemListElement":[{"@type":"ListItem","position":1,"name":"\u2302 Uniguajira","item":"https:\/\/uniguajira.edu.co\/"},{"@type":"ListItem","position":2,"name":"Uniguajira","item":"https:\/\/uniguajira.edu.co\/"},{"@type":"ListItem","position":3,"name":"Vicerrector\u00eda de Calidad","item":"https:\/\/uniguajira.edu.co\/universidad-de-la-guajira\/vicerrectoria-de-calidad\/"},{"@type":"ListItem","position":4,"name":"Gesti\u00f3n de la Calidad"}]},{"@type":"WebSite","@id":"https:\/\/uniguajira.edu.co\/#website","url":"https:\/\/uniguajira.edu.co\/","name":"UNIGUAJIRA","description":"Descubre la educaci\u00f3n superior con oportunidades laborales, retos estudiantiles y tecnolog\u00eda innovadora. Alcanza el \u00e9xito acad\u00e9mico y explora el impacto social y la diversidad en un entorno de aprendizaje moderno. Ad\u00e1ptate con inteligencia artificial y pr\u00e1cticas profesionales para un crecimiento integral.","publisher":{"@id":"https:\/\/uniguajira.edu.co\/#organization"},"alternateName":"Universidad de La Guajira","potentialAction":[{"@type":"SearchAction","target":{"@type":"EntryPoint","urlTemplate":"https:\/\/uniguajira.edu.co\/?s={search_term_string}"},"query-input":{"@type":"PropertyValueSpecification","valueRequired":true,"valueName":"search_term_string"}}],"inLanguage":"wa-WA"},{"@type":"Organization","@id":"https:\/\/uniguajira.edu.co\/#organization","name":"Shikii Ekirajia P\u00fclee Wajiira","alternateName":"UNIGUAJIRA","url":"https:\/\/uniguajira.edu.co\/","logo":{"@type":"ImageObject","inLanguage":"wa-WA","@id":"https:\/\/uniguajira.edu.co\/#\/schema\/logo\/image\/","url":"https:\/\/uniguajira.edu.co\/wp-content\/uploads\/2026\/01\/cropped-cropped-LOGOS-PAGINA-WEB-04-1.webp","contentUrl":"https:\/\/uniguajira.edu.co\/wp-content\/uploads\/2026\/01\/cropped-cropped-LOGOS-PAGINA-WEB-04-1.webp","width":360,"height":72,"caption":"Universidad de La Guajira"},"image":{"@id":"https:\/\/uniguajira.edu.co\/#\/schema\/logo\/image\/"},"sameAs":["https:\/\/www.facebook.com\/UniLaGuajira\/","https:\/\/x.com\/UniLaGuajira","https:\/\/www.instagram.com\/uniguajira_\/","https:\/\/www.youtube.com\/user\/UniLaGuajira"]}]}},"_hostinger_reach_plugin_has_subscription_block":false,"_hostinger_reach_plugin_is_elementor":false,"_links":{"self":[{"href":"https:\/\/uniguajira.edu.co\/wa\/wp-json\/wp\/v2\/pages\/31120","targetHints":{"allow":["GET"]}}],"collection":[{"href":"https:\/\/uniguajira.edu.co\/wa\/wp-json\/wp\/v2\/pages"}],"about":[{"href":"https:\/\/uniguajira.edu.co\/wa\/wp-json\/wp\/v2\/types\/page"}],"author":[{"embeddable":true,"href":"https:\/\/uniguajira.edu.co\/wa\/wp-json\/wp\/v2\/users\/3"}],"replies":[{"embeddable":true,"href":"https:\/\/uniguajira.edu.co\/wa\/wp-json\/wp\/v2\/comments?post=31120"}],"version-history":[{"count":0,"href":"https:\/\/uniguajira.edu.co\/wa\/wp-json\/wp\/v2\/pages\/31120\/revisions"}],"up":[{"embeddable":true,"href":"https:\/\/uniguajira.edu.co\/wa\/wp-json\/wp\/v2\/pages\/32098"}],"wp:featuredmedia":[{"embeddable":true,"href":"https:\/\/uniguajira.edu.co\/wa\/wp-json\/wp\/v2\/media\/55398"}],"wp:attachment":[{"href":"https:\/\/uniguajira.edu.co\/wa\/wp-json\/wp\/v2\/media?parent=31120"}],"curies":[{"name":"wp","href":"https:\/\/api.w.org\/{rel}","templated":true}]}}