{"id":30972,"date":"2024-03-05T21:14:23","date_gmt":"2024-03-06T02:14:23","guid":{"rendered":"https:\/\/uniguajira.edu.co\/?page_id=30972"},"modified":"2024-10-01T10:20:40","modified_gmt":"2024-10-01T15:20:40","slug":"presentacion-de-la-direccion-de-aseguramiento-de-la-calidad","status":"publish","type":"page","link":"https:\/\/uniguajira.edu.co\/wa\/universidad-de-la-guajira\/vicerrectoria-de-calidad\/presentacion-de-la-direccion-de-aseguramiento-de-la-calidad\/","title":{"rendered":"Presentaci\u00f3n de la Direcci\u00f3n de Aseguramiento de la Calidad"},"content":{"rendered":"<div class=\"gb-container gb-container-1bddf169\">\n<div class=\"gb-container gb-container-8a679f50\">\n<div class=\"gb-container gb-container-194ddd1e\">\n<div class=\"gb-container gb-container-04e9b55b\">\n<div class=\"gb-container gb-container-b6a277d6\">\n<div class=\"gb-container gb-container-15b9a7c0\">\n\n<p class=\"gb-headline gb-headline-6b60c50c gb-headline-text\">La oficina de Aseguramiento de la Calidad es la dependencia responsable y encargada de orientar la implementaci\u00f3n del Sistema Interno de Aseguramiento en la Universidad de La Guajira, a trav\u00e9s de los procesos de fomento de la calidad, autoevaluaci\u00f3n, autorregulaci\u00f3n&nbsp;y mejora continua. Dichos procesos son apoyados con la participaci\u00f3n de las unidades acad\u00e9micas y dependencias en la b\u00fasqueda de la cultura de calidad, buscando garantizar el logro de los prop\u00f3sitos&nbsp;institucionales resultantes&nbsp;de los fines del registro calificado y la acreditaci\u00f3n de programas e institucional.&nbsp;<\/p>\n\n<\/div>\n<\/div>\n\n<div class=\"gb-container gb-container-5f37b1d3\">\n<div class=\"gb-container gb-container-1e0c97f9\">\n\n<div id=\"section-g5b85e1\" class=\"wp-block-gutentor-e6 section-g5b85e1 gutentor-element gutentor-element-image imgt\"><div class=\"gutentor-element-image-box\"><div class=\"gutentor-image-thumb\"><img decoding=\"async\" class=\"normal-image\" src=\"https:\/\/uniguajira.edu.co\/wp-content\/uploads\/2024\/06\/Prueba-portada.webp\" alt=\"Prueba portada\" \/><div class=\"overlay\"><\/div><\/div><\/div><\/div>\n\n\n\n<div id=\"section-g7e4551\" class=\"wp-block-gutentor-e6 section-g7e4551 gutentor-element gutentor-element-image g-pos-a-desktop g-pos-a-tablet g-pos-a-mobile g-pos-custom-desktop g-pos-custom-tablet g-pos-custom-mobile imgt\"><div class=\"gutentor-element-image-box\"><div class=\"gutentor-image-thumb\"><img decoding=\"async\" class=\"normal-image\" src=\"https:\/\/uniguajira.edu.co\/wp-content\/uploads\/2024\/06\/Prueba-portada.webp\" alt=\"Prueba portada\" \/><\/div><\/div><\/div>\n\n<\/div>\n<\/div>\n<\/div>\n<\/div>\n\n<div class=\"gb-container gb-container-61197dc1\">\n<div class=\"gb-container gb-container-ec73b2ab\" id=\"interes\">\n<div class=\"gb-container gb-container-7dddb134\">\n<div class=\"gb-container gb-container-6c8c64b6\">\n<div class=\"gb-container gb-container-14c73d23\">\n\n<details class=\"wp-block-details is-layout-flow wp-block-details-is-layout-flow\" open><summary>Ainraa<\/summary><div class=\"gb-container gb-container-5692accd\">\n\n<p>Nuestra labor consiste en preparar propuestas y programas que enriquezcan la discusi\u00f3n en el Comit\u00e9 Institucional de Autoevaluaci\u00f3n Institucional. Adem\u00e1s, ejercemos la secretar\u00eda de este comit\u00e9, asegur\u00e1ndonos de que las actas se mantengan actualizadas y en orden.<\/p>\n\n\n\n<ul class=\"wp-block-list\">\n<li>Preparar propuestas y programas para la discusi\u00f3n en el Comit\u00e9 Institucional de Autoevaluaci\u00f3n Institucional.<\/li>\n\n\n\n<li>Ejercer la secretar\u00eda del Comit\u00e9 Institucional de autoevaluaci\u00f3n y mantener las actas que se generen al d\u00eda y en orden.<\/li>\n\n\n\n<li>Liderar y estimular los procesos de autoevaluaci\u00f3n en el \u00e1mbito de la universidad.<\/li>\n\n\n\n<li>Difundir permanentemente actividades e informaci\u00f3n relacionada con los procesos de autoevaluaci\u00f3n y acreditaci\u00f3n a la comunidad universitaria.<\/li>\n\n\n\n<li>Asesorar, radicar y hacer seguimiento, a trav\u00e9s del aplicativo SACES a los programas que se le soliciten registro calificado y a las renovaciones de los mismos.<\/li>\n\n\n\n<li>Asesorar, dirigir y coordinar todo lo relacionado con el proceso de autoevaluaci\u00f3n y acreditaci\u00f3n de alta calidad de programas y de la instituci\u00f3n.<\/li>\n<\/ul>\n\n<\/div><\/details>\n\n<\/div>\n\n<div class=\"gb-container gb-container-d8c4ac51\">\n\n<details class=\"wp-block-details is-layout-flow wp-block-details-is-layout-flow\"><summary>Akalinjirawa<\/summary><div class=\"gb-container gb-container-42cf2b4a\">\n\n<p>Nos enfocamos en proporcionar apoyo integral a los programas acad\u00e9micos y dependencias de la Universidad de La Guajira en su b\u00fasqueda constante de la excelencia educativa. Nuestra labor radica en guiar a estas \u00e1reas en el cumplimiento de los est\u00e1ndares de calidad necesarios para obtener el registro calificado y la acreditaci\u00f3n de programas, tanto a nivel institucional como de programas acad\u00e9micos espec\u00edficos.<\/p>\n\n\n\n<ul class=\"wp-block-list\">\n<li>Impulsar procesos de fomento y socializaci\u00f3n relacionados con la calidad de manera integral.<\/li>\n\n\n\n<li>Orientar a los programas y dependencias en lo relacionado con las condiciones de calidad institucionales y de programas, frente al registro calificado&nbsp;y de la acreditaci\u00f3n de programas e institucional.<\/li>\n\n\n\n<li>Acompa\u00f1ar a los programas acad\u00e9micos en el desarrollo de procesos de renovaci\u00f3n de registro calificado.<\/li>\n\n\n\n<li>Acompa\u00f1ar a los programas acad\u00e9micos en el desarrollo de procesos de autoevaluaci\u00f3n.&nbsp;<\/li>\n<\/ul>\n\n<\/div><\/details>\n\n<\/div>\n<\/div>\n<\/div>\n<\/div>\n<\/div>\n<\/div>\n<\/div>","protected":false},"excerpt":{"rendered":"<p>La oficina de Aseguramiento de la Calidad es la dependencia responsable y encargada de orientar la implementaci\u00f3n del Sistema Interno de Aseguramiento en &#8230; <a title=\"Presentaci\u00f3n de la Direcci\u00f3n de Aseguramiento de la Calidad\" class=\"read-more\" href=\"https:\/\/uniguajira.edu.co\/wa\/universidad-de-la-guajira\/vicerrectoria-de-calidad\/presentacion-de-la-direccion-de-aseguramiento-de-la-calidad\/\" aria-label=\"Read more about Presentaci\u00f3n de la Direcci\u00f3n de Aseguramiento de la Calidad\">.<\/a><\/p>","protected":false},"author":3,"featured_media":55398,"parent":32098,"menu_order":0,"comment_status":"closed","ping_status":"closed","template":"","meta":{"footnotes":""},"class_list":{"0":"post-30972","1":"page","2":"type-page","3":"status-publish","4":"has-post-thumbnail","6":"infinite-scroll-item"},"yoast_head":"<!-- This site is optimized with the Yoast SEO Premium plugin v27.0 (Yoast SEO v27.0) - https:\/\/yoast.com\/product\/yoast-seo-premium-wordpress\/ -->\n<title>Presentaci\u00f3n de la Direcci\u00f3n de Aseguramiento de la Calidad<\/title>\n<meta name=\"robots\" content=\"index, follow, max-snippet:-1, max-image-preview:large, max-video-preview:-1\" \/>\n<link rel=\"canonical\" href=\"https:\/\/uniguajira.edu.co\/wa\/universidad-de-la-guajira\/vicerrectoria-de-calidad\/presentacion-de-la-direccion-de-aseguramiento-de-la-calidad\/\" \/>\n<meta property=\"og:locale\" content=\"en_US\" \/>\n<meta property=\"og:type\" content=\"article\" \/>\n<meta property=\"og:title\" content=\"Presentaci\u00f3n de la Direcci\u00f3n de Aseguramiento de la Calidad\" \/>\n<meta property=\"og:description\" content=\"La oficina de Aseguramiento de la Calidad es la dependencia responsable y encargada de orientar la implementaci\u00f3n del Sistema Interno de Aseguramiento en ... .\" \/>\n<meta property=\"og:url\" content=\"https:\/\/uniguajira.edu.co\/wa\/universidad-de-la-guajira\/vicerrectoria-de-calidad\/presentacion-de-la-direccion-de-aseguramiento-de-la-calidad\/\" \/>\n<meta property=\"og:site_name\" content=\"Universidad de La Guajira\" \/>\n<meta property=\"article:publisher\" content=\"https:\/\/www.facebook.com\/UniLaGuajira\/\" \/>\n<meta property=\"article:modified_time\" content=\"2024-10-01T15:20:40+00:00\" \/>\n<meta property=\"og:image\" content=\"https:\/\/uniguajira.edu.co\/wp-content\/uploads\/2024\/07\/Banner-vicerrectoria-de-la-calidad.webp\" \/>\n\t<meta property=\"og:image:width\" content=\"1920\" \/>\n\t<meta property=\"og:image:height\" content=\"1080\" \/>\n\t<meta property=\"og:image:type\" content=\"image\/webp\" \/>\n<meta name=\"twitter:card\" content=\"summary_large_image\" \/>\n<meta name=\"twitter:site\" content=\"@UniLaGuajira\" \/>\n<meta name=\"twitter:label1\" content=\"Est. reading time\" \/>\n\t<meta name=\"twitter:data1\" content=\"5 minutes\" \/>\n<script type=\"application\/ld+json\" class=\"yoast-schema-graph\">{\"@context\":\"https:\/\/schema.org\",\"@graph\":[{\"@type\":\"WebPage\",\"@id\":\"https:\/\/uniguajira.edu.co\/universidad-de-la-guajira\/vicerrectoria-de-calidad\/presentacion-de-la-direccion-de-aseguramiento-de-la-calidad\/\",\"url\":\"https:\/\/uniguajira.edu.co\/universidad-de-la-guajira\/vicerrectoria-de-calidad\/presentacion-de-la-direccion-de-aseguramiento-de-la-calidad\/\",\"name\":\"Presentaci\u00f3n de la Direcci\u00f3n de Aseguramiento de la Calidad\",\"isPartOf\":{\"@id\":\"https:\/\/uniguajira.edu.co\/#website\"},\"primaryImageOfPage\":{\"@id\":\"https:\/\/uniguajira.edu.co\/universidad-de-la-guajira\/vicerrectoria-de-calidad\/presentacion-de-la-direccion-de-aseguramiento-de-la-calidad\/#primaryimage\"},\"image\":{\"@id\":\"https:\/\/uniguajira.edu.co\/universidad-de-la-guajira\/vicerrectoria-de-calidad\/presentacion-de-la-direccion-de-aseguramiento-de-la-calidad\/#primaryimage\"},\"thumbnailUrl\":\"https:\/\/uniguajira.edu.co\/wp-content\/uploads\/2024\/07\/Banner-vicerrectoria-de-la-calidad.webp\",\"datePublished\":\"2024-03-06T02:14:23+00:00\",\"dateModified\":\"2024-10-01T15:20:40+00:00\",\"breadcrumb\":{\"@id\":\"https:\/\/uniguajira.edu.co\/universidad-de-la-guajira\/vicerrectoria-de-calidad\/presentacion-de-la-direccion-de-aseguramiento-de-la-calidad\/#breadcrumb\"},\"inLanguage\":\"wa-WA\",\"potentialAction\":[{\"@type\":\"ReadAction\",\"target\":[\"https:\/\/uniguajira.edu.co\/universidad-de-la-guajira\/vicerrectoria-de-calidad\/presentacion-de-la-direccion-de-aseguramiento-de-la-calidad\/\"]}]},{\"@type\":\"ImageObject\",\"inLanguage\":\"wa-WA\",\"@id\":\"https:\/\/uniguajira.edu.co\/universidad-de-la-guajira\/vicerrectoria-de-calidad\/presentacion-de-la-direccion-de-aseguramiento-de-la-calidad\/#primaryimage\",\"url\":\"https:\/\/uniguajira.edu.co\/wp-content\/uploads\/2024\/07\/Banner-vicerrectoria-de-la-calidad.webp\",\"contentUrl\":\"https:\/\/uniguajira.edu.co\/wp-content\/uploads\/2024\/07\/Banner-vicerrectoria-de-la-calidad.webp\",\"width\":1920,\"height\":1080},{\"@type\":\"BreadcrumbList\",\"@id\":\"https:\/\/uniguajira.edu.co\/universidad-de-la-guajira\/vicerrectoria-de-calidad\/presentacion-de-la-direccion-de-aseguramiento-de-la-calidad\/#breadcrumb\",\"itemListElement\":[{\"@type\":\"ListItem\",\"position\":1,\"name\":\"\u2302 Uniguajira\",\"item\":\"https:\/\/uniguajira.edu.co\/\"},{\"@type\":\"ListItem\",\"position\":2,\"name\":\"Uniguajira\",\"item\":\"https:\/\/uniguajira.edu.co\/\"},{\"@type\":\"ListItem\",\"position\":3,\"name\":\"Vicerrector\u00eda de Calidad\",\"item\":\"https:\/\/uniguajira.edu.co\/universidad-de-la-guajira\/vicerrectoria-de-calidad\/\"},{\"@type\":\"ListItem\",\"position\":4,\"name\":\"Aseguramiento de la Calidad\"}]},{\"@type\":\"WebSite\",\"@id\":\"https:\/\/uniguajira.edu.co\/#website\",\"url\":\"https:\/\/uniguajira.edu.co\/\",\"name\":\"UNIGUAJIRA\",\"description\":\"Descubre la educaci\u00f3n superior con oportunidades laborales, retos estudiantiles y tecnolog\u00eda innovadora. Alcanza el \u00e9xito acad\u00e9mico y explora el impacto social y la diversidad en un entorno de aprendizaje moderno. Ad\u00e1ptate con inteligencia artificial y pr\u00e1cticas profesionales para un crecimiento integral.\",\"publisher\":{\"@id\":\"https:\/\/uniguajira.edu.co\/#organization\"},\"alternateName\":\"Universidad de La Guajira\",\"potentialAction\":[{\"@type\":\"SearchAction\",\"target\":{\"@type\":\"EntryPoint\",\"urlTemplate\":\"https:\/\/uniguajira.edu.co\/?s={search_term_string}\"},\"query-input\":{\"@type\":\"PropertyValueSpecification\",\"valueRequired\":true,\"valueName\":\"search_term_string\"}}],\"inLanguage\":\"wa-WA\"},{\"@type\":\"Organization\",\"@id\":\"https:\/\/uniguajira.edu.co\/#organization\",\"name\":\"Universidad de La Guajira\",\"alternateName\":\"UNIGUAJIRA\",\"url\":\"https:\/\/uniguajira.edu.co\/\",\"logo\":{\"@type\":\"ImageObject\",\"inLanguage\":\"wa-WA\",\"@id\":\"https:\/\/uniguajira.edu.co\/#\/schema\/logo\/image\/\",\"url\":\"https:\/\/uniguajira.edu.co\/wp-content\/uploads\/2026\/01\/cropped-cropped-LOGOS-PAGINA-WEB-04-1.webp\",\"contentUrl\":\"https:\/\/uniguajira.edu.co\/wp-content\/uploads\/2026\/01\/cropped-cropped-LOGOS-PAGINA-WEB-04-1.webp\",\"width\":360,\"height\":72,\"caption\":\"Universidad de La Guajira\"},\"image\":{\"@id\":\"https:\/\/uniguajira.edu.co\/#\/schema\/logo\/image\/\"},\"sameAs\":[\"https:\/\/www.facebook.com\/UniLaGuajira\/\",\"https:\/\/x.com\/UniLaGuajira\",\"https:\/\/www.instagram.com\/uniguajira_\/\",\"https:\/\/www.youtube.com\/user\/UniLaGuajira\"]}]}<\/script>\n<!-- \/ Yoast SEO Premium plugin. -->","yoast_head_json":{"title":"Presentaci\u00f3n de la Direcci\u00f3n de Aseguramiento de la Calidad","robots":{"index":"index","follow":"follow","max-snippet":"max-snippet:-1","max-image-preview":"max-image-preview:large","max-video-preview":"max-video-preview:-1"},"canonical":"https:\/\/uniguajira.edu.co\/wa\/universidad-de-la-guajira\/vicerrectoria-de-calidad\/presentacion-de-la-direccion-de-aseguramiento-de-la-calidad\/","og_locale":"en_US","og_type":"article","og_title":"Presentaci\u00f3n de la Direcci\u00f3n de Aseguramiento de la Calidad","og_description":"La oficina de Aseguramiento de la Calidad es la dependencia responsable y encargada de orientar la implementaci\u00f3n del Sistema Interno de Aseguramiento en ... .","og_url":"https:\/\/uniguajira.edu.co\/wa\/universidad-de-la-guajira\/vicerrectoria-de-calidad\/presentacion-de-la-direccion-de-aseguramiento-de-la-calidad\/","og_site_name":"Universidad de La Guajira","article_publisher":"https:\/\/www.facebook.com\/UniLaGuajira\/","article_modified_time":"2024-10-01T15:20:40+00:00","og_image":[{"width":1920,"height":1080,"url":"https:\/\/uniguajira.edu.co\/wp-content\/uploads\/2024\/07\/Banner-vicerrectoria-de-la-calidad.webp","type":"image\/webp"}],"twitter_card":"summary_large_image","twitter_site":"@UniLaGuajira","twitter_misc":{"Est. reading time":"5 minutes"},"schema":{"@context":"https:\/\/schema.org","@graph":[{"@type":"WebPage","@id":"https:\/\/uniguajira.edu.co\/universidad-de-la-guajira\/vicerrectoria-de-calidad\/presentacion-de-la-direccion-de-aseguramiento-de-la-calidad\/","url":"https:\/\/uniguajira.edu.co\/universidad-de-la-guajira\/vicerrectoria-de-calidad\/presentacion-de-la-direccion-de-aseguramiento-de-la-calidad\/","name":"Presentaci\u00f3n de la Direcci\u00f3n de Aseguramiento de la Calidad","isPartOf":{"@id":"https:\/\/uniguajira.edu.co\/#website"},"primaryImageOfPage":{"@id":"https:\/\/uniguajira.edu.co\/universidad-de-la-guajira\/vicerrectoria-de-calidad\/presentacion-de-la-direccion-de-aseguramiento-de-la-calidad\/#primaryimage"},"image":{"@id":"https:\/\/uniguajira.edu.co\/universidad-de-la-guajira\/vicerrectoria-de-calidad\/presentacion-de-la-direccion-de-aseguramiento-de-la-calidad\/#primaryimage"},"thumbnailUrl":"https:\/\/uniguajira.edu.co\/wp-content\/uploads\/2024\/07\/Banner-vicerrectoria-de-la-calidad.webp","datePublished":"2024-03-06T02:14:23+00:00","dateModified":"2024-10-01T15:20:40+00:00","breadcrumb":{"@id":"https:\/\/uniguajira.edu.co\/universidad-de-la-guajira\/vicerrectoria-de-calidad\/presentacion-de-la-direccion-de-aseguramiento-de-la-calidad\/#breadcrumb"},"inLanguage":"wa-WA","potentialAction":[{"@type":"ReadAction","target":["https:\/\/uniguajira.edu.co\/universidad-de-la-guajira\/vicerrectoria-de-calidad\/presentacion-de-la-direccion-de-aseguramiento-de-la-calidad\/"]}]},{"@type":"ImageObject","inLanguage":"wa-WA","@id":"https:\/\/uniguajira.edu.co\/universidad-de-la-guajira\/vicerrectoria-de-calidad\/presentacion-de-la-direccion-de-aseguramiento-de-la-calidad\/#primaryimage","url":"https:\/\/uniguajira.edu.co\/wp-content\/uploads\/2024\/07\/Banner-vicerrectoria-de-la-calidad.webp","contentUrl":"https:\/\/uniguajira.edu.co\/wp-content\/uploads\/2024\/07\/Banner-vicerrectoria-de-la-calidad.webp","width":1920,"height":1080},{"@type":"BreadcrumbList","@id":"https:\/\/uniguajira.edu.co\/universidad-de-la-guajira\/vicerrectoria-de-calidad\/presentacion-de-la-direccion-de-aseguramiento-de-la-calidad\/#breadcrumb","itemListElement":[{"@type":"ListItem","position":1,"name":"\u2302 Uniguajira","item":"https:\/\/uniguajira.edu.co\/"},{"@type":"ListItem","position":2,"name":"Uniguajira","item":"https:\/\/uniguajira.edu.co\/"},{"@type":"ListItem","position":3,"name":"Vicerrector\u00eda de Calidad","item":"https:\/\/uniguajira.edu.co\/universidad-de-la-guajira\/vicerrectoria-de-calidad\/"},{"@type":"ListItem","position":4,"name":"Aseguramiento de la Calidad"}]},{"@type":"WebSite","@id":"https:\/\/uniguajira.edu.co\/#website","url":"https:\/\/uniguajira.edu.co\/","name":"UNIGUAJIRA","description":"Descubre la educaci\u00f3n superior con oportunidades laborales, retos estudiantiles y tecnolog\u00eda innovadora. Alcanza el \u00e9xito acad\u00e9mico y explora el impacto social y la diversidad en un entorno de aprendizaje moderno. Ad\u00e1ptate con inteligencia artificial y pr\u00e1cticas profesionales para un crecimiento integral.","publisher":{"@id":"https:\/\/uniguajira.edu.co\/#organization"},"alternateName":"Universidad de La Guajira","potentialAction":[{"@type":"SearchAction","target":{"@type":"EntryPoint","urlTemplate":"https:\/\/uniguajira.edu.co\/?s={search_term_string}"},"query-input":{"@type":"PropertyValueSpecification","valueRequired":true,"valueName":"search_term_string"}}],"inLanguage":"wa-WA"},{"@type":"Organization","@id":"https:\/\/uniguajira.edu.co\/#organization","name":"Shikii Ekirajia P\u00fclee Wajiira","alternateName":"UNIGUAJIRA","url":"https:\/\/uniguajira.edu.co\/","logo":{"@type":"ImageObject","inLanguage":"wa-WA","@id":"https:\/\/uniguajira.edu.co\/#\/schema\/logo\/image\/","url":"https:\/\/uniguajira.edu.co\/wp-content\/uploads\/2026\/01\/cropped-cropped-LOGOS-PAGINA-WEB-04-1.webp","contentUrl":"https:\/\/uniguajira.edu.co\/wp-content\/uploads\/2026\/01\/cropped-cropped-LOGOS-PAGINA-WEB-04-1.webp","width":360,"height":72,"caption":"Universidad de La Guajira"},"image":{"@id":"https:\/\/uniguajira.edu.co\/#\/schema\/logo\/image\/"},"sameAs":["https:\/\/www.facebook.com\/UniLaGuajira\/","https:\/\/x.com\/UniLaGuajira","https:\/\/www.instagram.com\/uniguajira_\/","https:\/\/www.youtube.com\/user\/UniLaGuajira"]}]}},"_hostinger_reach_plugin_has_subscription_block":false,"_hostinger_reach_plugin_is_elementor":false,"_links":{"self":[{"href":"https:\/\/uniguajira.edu.co\/wa\/wp-json\/wp\/v2\/pages\/30972","targetHints":{"allow":["GET"]}}],"collection":[{"href":"https:\/\/uniguajira.edu.co\/wa\/wp-json\/wp\/v2\/pages"}],"about":[{"href":"https:\/\/uniguajira.edu.co\/wa\/wp-json\/wp\/v2\/types\/page"}],"author":[{"embeddable":true,"href":"https:\/\/uniguajira.edu.co\/wa\/wp-json\/wp\/v2\/users\/3"}],"replies":[{"embeddable":true,"href":"https:\/\/uniguajira.edu.co\/wa\/wp-json\/wp\/v2\/comments?post=30972"}],"version-history":[{"count":0,"href":"https:\/\/uniguajira.edu.co\/wa\/wp-json\/wp\/v2\/pages\/30972\/revisions"}],"up":[{"embeddable":true,"href":"https:\/\/uniguajira.edu.co\/wa\/wp-json\/wp\/v2\/pages\/32098"}],"wp:featuredmedia":[{"embeddable":true,"href":"https:\/\/uniguajira.edu.co\/wa\/wp-json\/wp\/v2\/media\/55398"}],"wp:attachment":[{"href":"https:\/\/uniguajira.edu.co\/wa\/wp-json\/wp\/v2\/media?parent=30972"}],"curies":[{"name":"wp","href":"https:\/\/api.w.org\/{rel}","templated":true}]}}