{"id":30364,"date":"2024-03-04T15:49:21","date_gmt":"2024-03-04T20:49:21","guid":{"rendered":"https:\/\/uniguajira.edu.co\/?page_id=30364"},"modified":"2025-10-02T16:52:49","modified_gmt":"2025-10-02T21:52:49","slug":"equipo-de-trabajo-de-la-coordinacion-de-emprendimiento","status":"publish","type":"page","link":"https:\/\/uniguajira.edu.co\/wa\/universidad-de-la-guajira\/coordinacion-de-emprendimiento\/presentacion-de-la-coordinacion-de-emprendimiento\/equipo-de-trabajo-de-la-coordinacion-de-emprendimiento\/","title":{"rendered":"Equipo de trabajo de la Coordinaci\u00f3n\u00a0de Emprendimiento"},"content":{"rendered":"<div class=\"gb-container gb-container-d796b7e0\">\n<div class=\"gb-container gb-container-4d72301d\">\n<div class=\"gb-container gb-container-570b9a30\">\n<div class=\"gb-container gb-container-1db11728\">\n<div class=\"gb-container gb-container-bd75c527\">\n<div class=\"gb-grid-wrapper gb-grid-wrapper-4968fe00\">\n<div class=\"gb-grid-column gb-grid-column-0922ff07\"><div class=\"gb-container gb-container-0922ff07 infpro neumo\">\n\n<figure class=\"gb-block-image gb-block-image-ac71f498\"><img loading=\"lazy\" decoding=\"async\" width=\"400\" height=\"400\" class=\"gb-image gb-image-ac71f498 imgt\" src=\"https:\/\/uniguajira.edu.co\/wp-content\/uploads\/2025\/07\/Beatriz-Elena-Amaya-Mendoza.webp\" alt=\"Beatriz Elena Amaya Mendoza\" title=\"Beatriz Elena Amaya Mendoza\" srcset=\"https:\/\/uniguajira.edu.co\/wp-content\/uploads\/2025\/07\/Beatriz-Elena-Amaya-Mendoza.webp 400w, https:\/\/uniguajira.edu.co\/wp-content\/uploads\/2025\/07\/Beatriz-Elena-Amaya-Mendoza-300x300.webp 300w, https:\/\/uniguajira.edu.co\/wp-content\/uploads\/2025\/07\/Beatriz-Elena-Amaya-Mendoza-150x150.webp 150w, https:\/\/uniguajira.edu.co\/wp-content\/uploads\/2025\/07\/Beatriz-Elena-Amaya-Mendoza-12x12.webp 12w\" sizes=\"auto, (max-width: 400px) 100vw, 400px\" \/><\/figure>\n\n\n<div class=\"gb-container gb-container-12a92cb5\">\n\n<h3 class=\"gb-headline gb-headline-39ed363c gb-headline-text\">Beatriz Elena Amaya Mendoza<\/h3>\n\n<\/div>\n\n<div class=\"gb-container gb-container-33ccfa60\">\n\n<p class=\"gb-headline gb-headline-5c8854c3 gb-headline-text\">Coordinadora<\/p>\n\n<\/div>\n<\/div><\/div>\n\n<div class=\"gb-grid-column gb-grid-column-2ec50c22\"><div class=\"gb-container gb-container-2ec50c22 infpro neumo\">\n\n<figure class=\"gb-block-image gb-block-image-bb0af09b\"><img loading=\"lazy\" decoding=\"async\" width=\"400\" height=\"400\" class=\"gb-image gb-image-bb0af09b imgt\" src=\"https:\/\/uniguajira.edu.co\/wp-content\/uploads\/2025\/07\/Celso-de-Jesus-Chinchia-Fernandez.webp\" alt=\"Celso de Jes\u00fas Chinchia Fern\u00e1ndezProfesionales de Apoyo\" title=\"Celso de Jes\u00fas Chinchia Fern\u00e1ndez\" srcset=\"https:\/\/uniguajira.edu.co\/wp-content\/uploads\/2025\/07\/Celso-de-Jesus-Chinchia-Fernandez.webp 400w, https:\/\/uniguajira.edu.co\/wp-content\/uploads\/2025\/07\/Celso-de-Jesus-Chinchia-Fernandez-300x300.webp 300w, https:\/\/uniguajira.edu.co\/wp-content\/uploads\/2025\/07\/Celso-de-Jesus-Chinchia-Fernandez-150x150.webp 150w, https:\/\/uniguajira.edu.co\/wp-content\/uploads\/2025\/07\/Celso-de-Jesus-Chinchia-Fernandez-12x12.webp 12w\" sizes=\"auto, (max-width: 400px) 100vw, 400px\" \/><\/figure>\n\n\n<div class=\"gb-container gb-container-8be6be44\">\n\n<h3 class=\"gb-headline gb-headline-397e4a90 gb-headline-text\">Celso de Jes\u00fas Chinchia Fern\u00e1ndez<\/h3>\n\n<\/div>\n\n<div class=\"gb-container gb-container-54897a4c\">\n\n<p class=\"gb-headline gb-headline-76d44a38 gb-headline-text\">Profesionales de Apoyo<\/p>\n\n<\/div>\n<\/div><\/div>\n\n<div class=\"gb-grid-column gb-grid-column-af89058d\"><div class=\"gb-container gb-container-af89058d infpro neumo\">\n\n<figure class=\"gb-block-image gb-block-image-cdef573a\"><img loading=\"lazy\" decoding=\"async\" width=\"400\" height=\"400\" class=\"gb-image gb-image-cdef573a imgt\" src=\"https:\/\/uniguajira.edu.co\/wp-content\/uploads\/2025\/07\/Oscar-Ramon-Arregoces-Pinedo.webp\" alt=\"Oscar Ramon Arregoc\u00e9s PinedoProfesionales de Apoyo\" title=\"Oscar Ramon Arregoc\u00e9s Pinedo\" srcset=\"https:\/\/uniguajira.edu.co\/wp-content\/uploads\/2025\/07\/Oscar-Ramon-Arregoces-Pinedo.webp 400w, https:\/\/uniguajira.edu.co\/wp-content\/uploads\/2025\/07\/Oscar-Ramon-Arregoces-Pinedo-300x300.webp 300w, https:\/\/uniguajira.edu.co\/wp-content\/uploads\/2025\/07\/Oscar-Ramon-Arregoces-Pinedo-150x150.webp 150w, https:\/\/uniguajira.edu.co\/wp-content\/uploads\/2025\/07\/Oscar-Ramon-Arregoces-Pinedo-12x12.webp 12w\" sizes=\"auto, (max-width: 400px) 100vw, 400px\" \/><\/figure>\n\n\n<div class=\"gb-container gb-container-5f2fc9aa\">\n\n<h3 class=\"gb-headline gb-headline-e38345ef gb-headline-text\">Oscar Ramon Arregoc\u00e9s Pinedo<\/h3>\n\n<\/div>\n\n<div class=\"gb-container gb-container-78672062\">\n\n<p class=\"gb-headline gb-headline-16245dd6 gb-headline-text\">Profesionales de Apoyo<\/p>\n\n<\/div>\n<\/div><\/div>\n\n<div class=\"gb-grid-column gb-grid-column-d29bb333\"><div class=\"gb-container gb-container-d29bb333 infpro neumo\">\n\n<figure class=\"gb-block-image gb-block-image-3ea2269a\"><img loading=\"lazy\" decoding=\"async\" width=\"400\" height=\"400\" class=\"gb-image gb-image-3ea2269a imgt\" src=\"https:\/\/uniguajira.edu.co\/wp-content\/uploads\/2025\/07\/Sol-Ibanez-Rosales.webp\" alt=\"Sol Iba\u00f1ez RosalesT\u00e9cnicos Grado 17\" title=\"Sol Iba\u00f1ez Rosales\" srcset=\"https:\/\/uniguajira.edu.co\/wp-content\/uploads\/2025\/07\/Sol-Ibanez-Rosales.webp 400w, https:\/\/uniguajira.edu.co\/wp-content\/uploads\/2025\/07\/Sol-Ibanez-Rosales-300x300.webp 300w, https:\/\/uniguajira.edu.co\/wp-content\/uploads\/2025\/07\/Sol-Ibanez-Rosales-150x150.webp 150w, https:\/\/uniguajira.edu.co\/wp-content\/uploads\/2025\/07\/Sol-Ibanez-Rosales-12x12.webp 12w\" sizes=\"auto, (max-width: 400px) 100vw, 400px\" \/><\/figure>\n\n\n<div class=\"gb-container gb-container-91d350b4\">\n\n<h3 class=\"gb-headline gb-headline-27f48611 gb-headline-text\">Sol Iba\u00f1ez Rosales<\/h3>\n\n<\/div>\n\n<div class=\"gb-container gb-container-4eca065d\">\n\n<p class=\"gb-headline gb-headline-ca90e109 gb-headline-text\">T\u00e9cnicos Grado 17<\/p>\n\n<\/div>\n<\/div><\/div>\n\n<div class=\"gb-grid-column gb-grid-column-56a27ad0\"><div class=\"gb-container gb-container-56a27ad0 infpro neumo\">\n\n<figure class=\"gb-block-image gb-block-image-f7ec9ec4\"><img loading=\"lazy\" decoding=\"async\" width=\"400\" height=\"400\" class=\"gb-image gb-image-f7ec9ec4 imgt\" src=\"https:\/\/uniguajira.edu.co\/wp-content\/uploads\/2024\/01\/Retrato-sin-fotos-de-funcionarias-de-la-Universidad-de-La-Guajira.webp\" alt=\"Retrato sin fotos de funcionarios de la Universidad de La Guajira\" title=\"Retrato-sin-fotos-de-funcionarias-de-la-Universidad-de-La-Guajira\" srcset=\"https:\/\/uniguajira.edu.co\/wp-content\/uploads\/2024\/01\/Retrato-sin-fotos-de-funcionarias-de-la-Universidad-de-La-Guajira.webp 400w, https:\/\/uniguajira.edu.co\/wp-content\/uploads\/2024\/01\/Retrato-sin-fotos-de-funcionarias-de-la-Universidad-de-La-Guajira-300x300.webp 300w, https:\/\/uniguajira.edu.co\/wp-content\/uploads\/2024\/01\/Retrato-sin-fotos-de-funcionarias-de-la-Universidad-de-La-Guajira-150x150.webp 150w\" sizes=\"auto, (max-width: 400px) 100vw, 400px\" \/><\/figure>\n\n\n<div class=\"gb-container gb-container-987398af\">\n\n<h3 class=\"gb-headline gb-headline-814a1eee gb-headline-text\">Nathalie Alarc\u00f3n Munevar<\/h3>\n\n<\/div>\n\n<div class=\"gb-container gb-container-865e3370\">\n\n<p class=\"gb-headline gb-headline-2d01f4e2 gb-headline-text\">T\u00e9cnicos Grado 17<\/p>\n\n<\/div>\n<\/div><\/div>\n\n<div class=\"gb-grid-column gb-grid-column-6415739c\"><div class=\"gb-container gb-container-6415739c infpro neumo\">\n\n<figure class=\"gb-block-image gb-block-image-9d1404f7\"><img loading=\"lazy\" decoding=\"async\" width=\"400\" height=\"400\" class=\"gb-image gb-image-9d1404f7 imgt\" src=\"https:\/\/uniguajira.edu.co\/wp-content\/uploads\/2025\/07\/Gustavo-Javier-Redondo-Cujia.webp\" alt=\"Gustavo Javier Redondo CujiaGestor de calidad\" title=\"Gustavo Javier Redondo Cujia\" srcset=\"https:\/\/uniguajira.edu.co\/wp-content\/uploads\/2025\/07\/Gustavo-Javier-Redondo-Cujia.webp 400w, https:\/\/uniguajira.edu.co\/wp-content\/uploads\/2025\/07\/Gustavo-Javier-Redondo-Cujia-300x300.webp 300w, https:\/\/uniguajira.edu.co\/wp-content\/uploads\/2025\/07\/Gustavo-Javier-Redondo-Cujia-150x150.webp 150w, https:\/\/uniguajira.edu.co\/wp-content\/uploads\/2025\/07\/Gustavo-Javier-Redondo-Cujia-12x12.webp 12w\" sizes=\"auto, (max-width: 400px) 100vw, 400px\" \/><\/figure>\n\n\n<div class=\"gb-container gb-container-8353ba31\">\n\n<h3 class=\"gb-headline gb-headline-93570211 gb-headline-text\">Gustavo Javier Redondo Cujia<\/h3>\n\n<\/div>\n\n<div class=\"gb-container gb-container-b9c09ca8\">\n\n<p class=\"gb-headline gb-headline-3c4d1977 gb-headline-text\">Gestor de calidad<\/p>\n\n<\/div>\n<\/div><\/div>\n\n<div class=\"gb-grid-column gb-grid-column-f066b942\"><div class=\"gb-container gb-container-f066b942 infpro neumo\">\n\n<figure class=\"gb-block-image gb-block-image-1f952c4f\"><img loading=\"lazy\" decoding=\"async\" width=\"400\" height=\"400\" class=\"gb-image gb-image-1f952c4f imgt\" src=\"https:\/\/uniguajira.edu.co\/wp-content\/uploads\/2025\/07\/Luis-Ricardo-Mendoza-Martinez.webp\" alt=\"Luis Ricardo Mendoza Mart\u00ednez\" title=\"Luis Ricardo Mendoza Mart\u00ednez\" srcset=\"https:\/\/uniguajira.edu.co\/wp-content\/uploads\/2025\/07\/Luis-Ricardo-Mendoza-Martinez.webp 400w, https:\/\/uniguajira.edu.co\/wp-content\/uploads\/2025\/07\/Luis-Ricardo-Mendoza-Martinez-300x300.webp 300w, https:\/\/uniguajira.edu.co\/wp-content\/uploads\/2025\/07\/Luis-Ricardo-Mendoza-Martinez-150x150.webp 150w, https:\/\/uniguajira.edu.co\/wp-content\/uploads\/2025\/07\/Luis-Ricardo-Mendoza-Martinez-12x12.webp 12w\" sizes=\"auto, (max-width: 400px) 100vw, 400px\" \/><\/figure>\n\n\n<div class=\"gb-container gb-container-05c1dae1\">\n\n<h3 class=\"gb-headline gb-headline-a0caaa15 gb-headline-text\"><strong>Luis Ricardo Mendoza Mart\u00ednez<\/strong><\/h3>\n\n<\/div>\n\n<div class=\"gb-container gb-container-ad62a4e9\">\n\n<p class=\"gb-headline gb-headline-8ad29d72 gb-headline-text\">Auxiliar Administrativo Grado 24<\/p>\n\n<\/div>\n<\/div><\/div>\n<\/div>\n<\/div>\n<\/div>\n<\/div>\n<\/div>\n<\/div>","protected":false},"excerpt":{"rendered":"","protected":false},"author":3,"featured_media":25033,"parent":31280,"menu_order":0,"comment_status":"closed","ping_status":"closed","template":"","meta":{"footnotes":""},"class_list":{"0":"post-30364","1":"page","2":"type-page","3":"status-publish","4":"has-post-thumbnail","6":"infinite-scroll-item"},"yoast_head":"<!-- This site is optimized with the Yoast SEO Premium plugin v27.0 (Yoast SEO v27.0) - https:\/\/yoast.com\/product\/yoast-seo-premium-wordpress\/ -->\n<title>Equipo de trabajo de la Coordinaci\u00f3n\u00a0de Emprendimiento<\/title>\n<meta name=\"robots\" content=\"index, follow, max-snippet:-1, max-image-preview:large, max-video-preview:-1\" \/>\n<link rel=\"canonical\" href=\"https:\/\/uniguajira.edu.co\/wa\/universidad-de-la-guajira\/coordinacion-de-emprendimiento\/presentacion-de-la-coordinacion-de-emprendimiento\/equipo-de-trabajo-de-la-coordinacion-de-emprendimiento\/\" \/>\n<meta property=\"og:locale\" content=\"en_US\" \/>\n<meta property=\"og:type\" content=\"article\" \/>\n<meta property=\"og:title\" content=\"Equipo de trabajo de la Coordinaci\u00f3n\u00a0de Emprendimiento\" \/>\n<meta property=\"og:url\" content=\"https:\/\/uniguajira.edu.co\/wa\/universidad-de-la-guajira\/coordinacion-de-emprendimiento\/presentacion-de-la-coordinacion-de-emprendimiento\/equipo-de-trabajo-de-la-coordinacion-de-emprendimiento\/\" \/>\n<meta property=\"og:site_name\" content=\"Universidad de La Guajira\" \/>\n<meta property=\"article:publisher\" content=\"https:\/\/www.facebook.com\/UniLaGuajira\/\" \/>\n<meta property=\"article:modified_time\" content=\"2025-10-02T21:52:49+00:00\" \/>\n<meta property=\"og:image\" content=\"https:\/\/uniguajira.edu.co\/wp-content\/uploads\/2024\/01\/emprendimientobanner.webp\" \/>\n\t<meta property=\"og:image:width\" content=\"1920\" \/>\n\t<meta property=\"og:image:height\" content=\"590\" \/>\n\t<meta property=\"og:image:type\" content=\"image\/webp\" \/>\n<meta name=\"twitter:card\" content=\"summary_large_image\" \/>\n<meta name=\"twitter:site\" content=\"@UniLaGuajira\" \/>\n<meta name=\"twitter:label1\" content=\"Est. reading time\" \/>\n\t<meta name=\"twitter:data1\" content=\"5 minutes\" \/>\n<script type=\"application\/ld+json\" class=\"yoast-schema-graph\">{\"@context\":\"https:\/\/schema.org\",\"@graph\":[{\"@type\":\"WebPage\",\"@id\":\"https:\/\/uniguajira.edu.co\/universidad-de-la-guajira\/coordinacion-de-emprendimiento\/presentacion-de-la-coordinacion-de-emprendimiento\/equipo-de-trabajo-de-la-coordinacion-de-emprendimiento\/\",\"url\":\"https:\/\/uniguajira.edu.co\/universidad-de-la-guajira\/coordinacion-de-emprendimiento\/presentacion-de-la-coordinacion-de-emprendimiento\/equipo-de-trabajo-de-la-coordinacion-de-emprendimiento\/\",\"name\":\"Equipo de trabajo de la Coordinaci\u00f3n\u00a0de Emprendimiento\",\"isPartOf\":{\"@id\":\"https:\/\/uniguajira.edu.co\/#website\"},\"primaryImageOfPage\":{\"@id\":\"https:\/\/uniguajira.edu.co\/universidad-de-la-guajira\/coordinacion-de-emprendimiento\/presentacion-de-la-coordinacion-de-emprendimiento\/equipo-de-trabajo-de-la-coordinacion-de-emprendimiento\/#primaryimage\"},\"image\":{\"@id\":\"https:\/\/uniguajira.edu.co\/universidad-de-la-guajira\/coordinacion-de-emprendimiento\/presentacion-de-la-coordinacion-de-emprendimiento\/equipo-de-trabajo-de-la-coordinacion-de-emprendimiento\/#primaryimage\"},\"thumbnailUrl\":\"https:\/\/uniguajira.edu.co\/wp-content\/uploads\/2024\/01\/emprendimientobanner.webp\",\"datePublished\":\"2024-03-04T20:49:21+00:00\",\"dateModified\":\"2025-10-02T21:52:49+00:00\",\"breadcrumb\":{\"@id\":\"https:\/\/uniguajira.edu.co\/universidad-de-la-guajira\/coordinacion-de-emprendimiento\/presentacion-de-la-coordinacion-de-emprendimiento\/equipo-de-trabajo-de-la-coordinacion-de-emprendimiento\/#breadcrumb\"},\"inLanguage\":\"wa-WA\",\"potentialAction\":[{\"@type\":\"ReadAction\",\"target\":[\"https:\/\/uniguajira.edu.co\/universidad-de-la-guajira\/coordinacion-de-emprendimiento\/presentacion-de-la-coordinacion-de-emprendimiento\/equipo-de-trabajo-de-la-coordinacion-de-emprendimiento\/\"]}]},{\"@type\":\"ImageObject\",\"inLanguage\":\"wa-WA\",\"@id\":\"https:\/\/uniguajira.edu.co\/universidad-de-la-guajira\/coordinacion-de-emprendimiento\/presentacion-de-la-coordinacion-de-emprendimiento\/equipo-de-trabajo-de-la-coordinacion-de-emprendimiento\/#primaryimage\",\"url\":\"https:\/\/uniguajira.edu.co\/wp-content\/uploads\/2024\/01\/emprendimientobanner.webp\",\"contentUrl\":\"https:\/\/uniguajira.edu.co\/wp-content\/uploads\/2024\/01\/emprendimientobanner.webp\",\"width\":1920,\"height\":590},{\"@type\":\"BreadcrumbList\",\"@id\":\"https:\/\/uniguajira.edu.co\/universidad-de-la-guajira\/coordinacion-de-emprendimiento\/presentacion-de-la-coordinacion-de-emprendimiento\/equipo-de-trabajo-de-la-coordinacion-de-emprendimiento\/#breadcrumb\",\"itemListElement\":[{\"@type\":\"ListItem\",\"position\":1,\"name\":\"\u2302 Uniguajira\",\"item\":\"https:\/\/uniguajira.edu.co\/\"},{\"@type\":\"ListItem\",\"position\":2,\"name\":\"Uniguajira\",\"item\":\"https:\/\/uniguajira.edu.co\/\"},{\"@type\":\"ListItem\",\"position\":3,\"name\":\"Coordinaci\u00f3n de Emprendimiento\",\"item\":\"https:\/\/uniguajira.edu.co\/universidad-de-la-guajira\/coordinacion-de-emprendimiento\/\"},{\"@type\":\"ListItem\",\"position\":4,\"name\":\"Presentaci\u00f3n\",\"item\":\"https:\/\/uniguajira.edu.co\/universidad-de-la-guajira\/coordinacion-de-emprendimiento\/presentacion-de-la-coordinacion-de-emprendimiento\/\"},{\"@type\":\"ListItem\",\"position\":5,\"name\":\"Equipo de trabajo\"}]},{\"@type\":\"WebSite\",\"@id\":\"https:\/\/uniguajira.edu.co\/#website\",\"url\":\"https:\/\/uniguajira.edu.co\/\",\"name\":\"UNIGUAJIRA\",\"description\":\"Descubre la educaci\u00f3n superior con oportunidades laborales, retos estudiantiles y tecnolog\u00eda innovadora. Alcanza el \u00e9xito acad\u00e9mico y explora el impacto social y la diversidad en un entorno de aprendizaje moderno. Ad\u00e1ptate con inteligencia artificial y pr\u00e1cticas profesionales para un crecimiento integral.\",\"publisher\":{\"@id\":\"https:\/\/uniguajira.edu.co\/#organization\"},\"alternateName\":\"Universidad de La Guajira\",\"potentialAction\":[{\"@type\":\"SearchAction\",\"target\":{\"@type\":\"EntryPoint\",\"urlTemplate\":\"https:\/\/uniguajira.edu.co\/?s={search_term_string}\"},\"query-input\":{\"@type\":\"PropertyValueSpecification\",\"valueRequired\":true,\"valueName\":\"search_term_string\"}}],\"inLanguage\":\"wa-WA\"},{\"@type\":\"Organization\",\"@id\":\"https:\/\/uniguajira.edu.co\/#organization\",\"name\":\"Universidad de La Guajira\",\"alternateName\":\"UNIGUAJIRA\",\"url\":\"https:\/\/uniguajira.edu.co\/\",\"logo\":{\"@type\":\"ImageObject\",\"inLanguage\":\"wa-WA\",\"@id\":\"https:\/\/uniguajira.edu.co\/#\/schema\/logo\/image\/\",\"url\":\"https:\/\/uniguajira.edu.co\/wp-content\/uploads\/2026\/01\/cropped-cropped-LOGOS-PAGINA-WEB-04-1.webp\",\"contentUrl\":\"https:\/\/uniguajira.edu.co\/wp-content\/uploads\/2026\/01\/cropped-cropped-LOGOS-PAGINA-WEB-04-1.webp\",\"width\":360,\"height\":72,\"caption\":\"Universidad de La Guajira\"},\"image\":{\"@id\":\"https:\/\/uniguajira.edu.co\/#\/schema\/logo\/image\/\"},\"sameAs\":[\"https:\/\/www.facebook.com\/UniLaGuajira\/\",\"https:\/\/x.com\/UniLaGuajira\",\"https:\/\/www.instagram.com\/uniguajira_\/\",\"https:\/\/www.youtube.com\/user\/UniLaGuajira\"]}]}<\/script>\n<!-- \/ Yoast SEO Premium plugin. -->","yoast_head_json":{"title":"Equipo de trabajo de la Coordinaci\u00f3n\u00a0de Emprendimiento","robots":{"index":"index","follow":"follow","max-snippet":"max-snippet:-1","max-image-preview":"max-image-preview:large","max-video-preview":"max-video-preview:-1"},"canonical":"https:\/\/uniguajira.edu.co\/wa\/universidad-de-la-guajira\/coordinacion-de-emprendimiento\/presentacion-de-la-coordinacion-de-emprendimiento\/equipo-de-trabajo-de-la-coordinacion-de-emprendimiento\/","og_locale":"en_US","og_type":"article","og_title":"Equipo de trabajo de la Coordinaci\u00f3n\u00a0de Emprendimiento","og_url":"https:\/\/uniguajira.edu.co\/wa\/universidad-de-la-guajira\/coordinacion-de-emprendimiento\/presentacion-de-la-coordinacion-de-emprendimiento\/equipo-de-trabajo-de-la-coordinacion-de-emprendimiento\/","og_site_name":"Universidad de La Guajira","article_publisher":"https:\/\/www.facebook.com\/UniLaGuajira\/","article_modified_time":"2025-10-02T21:52:49+00:00","og_image":[{"width":1920,"height":590,"url":"https:\/\/uniguajira.edu.co\/wp-content\/uploads\/2024\/01\/emprendimientobanner.webp","type":"image\/webp"}],"twitter_card":"summary_large_image","twitter_site":"@UniLaGuajira","twitter_misc":{"Est. reading time":"5 minutes"},"schema":{"@context":"https:\/\/schema.org","@graph":[{"@type":"WebPage","@id":"https:\/\/uniguajira.edu.co\/universidad-de-la-guajira\/coordinacion-de-emprendimiento\/presentacion-de-la-coordinacion-de-emprendimiento\/equipo-de-trabajo-de-la-coordinacion-de-emprendimiento\/","url":"https:\/\/uniguajira.edu.co\/universidad-de-la-guajira\/coordinacion-de-emprendimiento\/presentacion-de-la-coordinacion-de-emprendimiento\/equipo-de-trabajo-de-la-coordinacion-de-emprendimiento\/","name":"Equipo de trabajo de la Coordinaci\u00f3n\u00a0de Emprendimiento","isPartOf":{"@id":"https:\/\/uniguajira.edu.co\/#website"},"primaryImageOfPage":{"@id":"https:\/\/uniguajira.edu.co\/universidad-de-la-guajira\/coordinacion-de-emprendimiento\/presentacion-de-la-coordinacion-de-emprendimiento\/equipo-de-trabajo-de-la-coordinacion-de-emprendimiento\/#primaryimage"},"image":{"@id":"https:\/\/uniguajira.edu.co\/universidad-de-la-guajira\/coordinacion-de-emprendimiento\/presentacion-de-la-coordinacion-de-emprendimiento\/equipo-de-trabajo-de-la-coordinacion-de-emprendimiento\/#primaryimage"},"thumbnailUrl":"https:\/\/uniguajira.edu.co\/wp-content\/uploads\/2024\/01\/emprendimientobanner.webp","datePublished":"2024-03-04T20:49:21+00:00","dateModified":"2025-10-02T21:52:49+00:00","breadcrumb":{"@id":"https:\/\/uniguajira.edu.co\/universidad-de-la-guajira\/coordinacion-de-emprendimiento\/presentacion-de-la-coordinacion-de-emprendimiento\/equipo-de-trabajo-de-la-coordinacion-de-emprendimiento\/#breadcrumb"},"inLanguage":"wa-WA","potentialAction":[{"@type":"ReadAction","target":["https:\/\/uniguajira.edu.co\/universidad-de-la-guajira\/coordinacion-de-emprendimiento\/presentacion-de-la-coordinacion-de-emprendimiento\/equipo-de-trabajo-de-la-coordinacion-de-emprendimiento\/"]}]},{"@type":"ImageObject","inLanguage":"wa-WA","@id":"https:\/\/uniguajira.edu.co\/universidad-de-la-guajira\/coordinacion-de-emprendimiento\/presentacion-de-la-coordinacion-de-emprendimiento\/equipo-de-trabajo-de-la-coordinacion-de-emprendimiento\/#primaryimage","url":"https:\/\/uniguajira.edu.co\/wp-content\/uploads\/2024\/01\/emprendimientobanner.webp","contentUrl":"https:\/\/uniguajira.edu.co\/wp-content\/uploads\/2024\/01\/emprendimientobanner.webp","width":1920,"height":590},{"@type":"BreadcrumbList","@id":"https:\/\/uniguajira.edu.co\/universidad-de-la-guajira\/coordinacion-de-emprendimiento\/presentacion-de-la-coordinacion-de-emprendimiento\/equipo-de-trabajo-de-la-coordinacion-de-emprendimiento\/#breadcrumb","itemListElement":[{"@type":"ListItem","position":1,"name":"\u2302 Uniguajira","item":"https:\/\/uniguajira.edu.co\/"},{"@type":"ListItem","position":2,"name":"Uniguajira","item":"https:\/\/uniguajira.edu.co\/"},{"@type":"ListItem","position":3,"name":"Coordinaci\u00f3n de Emprendimiento","item":"https:\/\/uniguajira.edu.co\/universidad-de-la-guajira\/coordinacion-de-emprendimiento\/"},{"@type":"ListItem","position":4,"name":"Presentaci\u00f3n","item":"https:\/\/uniguajira.edu.co\/universidad-de-la-guajira\/coordinacion-de-emprendimiento\/presentacion-de-la-coordinacion-de-emprendimiento\/"},{"@type":"ListItem","position":5,"name":"Equipo de trabajo"}]},{"@type":"WebSite","@id":"https:\/\/uniguajira.edu.co\/#website","url":"https:\/\/uniguajira.edu.co\/","name":"UNIGUAJIRA","description":"Descubre la educaci\u00f3n superior con oportunidades laborales, retos estudiantiles y tecnolog\u00eda innovadora. Alcanza el \u00e9xito acad\u00e9mico y explora el impacto social y la diversidad en un entorno de aprendizaje moderno. Ad\u00e1ptate con inteligencia artificial y pr\u00e1cticas profesionales para un crecimiento integral.","publisher":{"@id":"https:\/\/uniguajira.edu.co\/#organization"},"alternateName":"Universidad de La Guajira","potentialAction":[{"@type":"SearchAction","target":{"@type":"EntryPoint","urlTemplate":"https:\/\/uniguajira.edu.co\/?s={search_term_string}"},"query-input":{"@type":"PropertyValueSpecification","valueRequired":true,"valueName":"search_term_string"}}],"inLanguage":"wa-WA"},{"@type":"Organization","@id":"https:\/\/uniguajira.edu.co\/#organization","name":"Shikii Ekirajia P\u00fclee Wajiira","alternateName":"UNIGUAJIRA","url":"https:\/\/uniguajira.edu.co\/","logo":{"@type":"ImageObject","inLanguage":"wa-WA","@id":"https:\/\/uniguajira.edu.co\/#\/schema\/logo\/image\/","url":"https:\/\/uniguajira.edu.co\/wp-content\/uploads\/2026\/01\/cropped-cropped-LOGOS-PAGINA-WEB-04-1.webp","contentUrl":"https:\/\/uniguajira.edu.co\/wp-content\/uploads\/2026\/01\/cropped-cropped-LOGOS-PAGINA-WEB-04-1.webp","width":360,"height":72,"caption":"Universidad de La Guajira"},"image":{"@id":"https:\/\/uniguajira.edu.co\/#\/schema\/logo\/image\/"},"sameAs":["https:\/\/www.facebook.com\/UniLaGuajira\/","https:\/\/x.com\/UniLaGuajira","https:\/\/www.instagram.com\/uniguajira_\/","https:\/\/www.youtube.com\/user\/UniLaGuajira"]}]}},"_hostinger_reach_plugin_has_subscription_block":false,"_hostinger_reach_plugin_is_elementor":false,"_links":{"self":[{"href":"https:\/\/uniguajira.edu.co\/wa\/wp-json\/wp\/v2\/pages\/30364","targetHints":{"allow":["GET"]}}],"collection":[{"href":"https:\/\/uniguajira.edu.co\/wa\/wp-json\/wp\/v2\/pages"}],"about":[{"href":"https:\/\/uniguajira.edu.co\/wa\/wp-json\/wp\/v2\/types\/page"}],"author":[{"embeddable":true,"href":"https:\/\/uniguajira.edu.co\/wa\/wp-json\/wp\/v2\/users\/3"}],"replies":[{"embeddable":true,"href":"https:\/\/uniguajira.edu.co\/wa\/wp-json\/wp\/v2\/comments?post=30364"}],"version-history":[{"count":0,"href":"https:\/\/uniguajira.edu.co\/wa\/wp-json\/wp\/v2\/pages\/30364\/revisions"}],"up":[{"embeddable":true,"href":"https:\/\/uniguajira.edu.co\/wa\/wp-json\/wp\/v2\/pages\/31280"}],"wp:featuredmedia":[{"embeddable":true,"href":"https:\/\/uniguajira.edu.co\/wa\/wp-json\/wp\/v2\/media\/25033"}],"wp:attachment":[{"href":"https:\/\/uniguajira.edu.co\/wa\/wp-json\/wp\/v2\/media?parent=30364"}],"curies":[{"name":"wp","href":"https:\/\/api.w.org\/{rel}","templated":true}]}}