{"id":30065,"date":"2024-03-03T18:43:12","date_gmt":"2024-03-03T23:43:12","guid":{"rendered":"https:\/\/uniguajira.edu.co\/?page_id=30065"},"modified":"2025-09-01T11:29:55","modified_gmt":"2025-09-01T16:29:55","slug":"equipo-de-trabajo-de-control-interno","status":"publish","type":"page","link":"https:\/\/uniguajira.edu.co\/wa\/universidad-de-la-guajira\/control-interno\/presentacion-de-control-interno\/equipo-de-trabajo-de-control-interno\/","title":{"rendered":"Equipo de trabajo de Control Interno"},"content":{"rendered":"<div class=\"gb-container gb-container-be0581b7\">\n<div class=\"gb-container gb-container-2bb98b60\">\n<div class=\"gb-container gb-container-8ce45757\">\n<div class=\"gb-grid-wrapper gb-grid-wrapper-4968fe00\">\n<div class=\"gb-grid-column gb-grid-column-0922ff07\"><div class=\"gb-container gb-container-0922ff07 infpro neumo\">\n\n<figure class=\"gb-block-image gb-block-image-ac71f498\"><img loading=\"lazy\" decoding=\"async\" width=\"400\" height=\"400\" class=\"gb-image gb-image-ac71f498 imgt\" src=\"https:\/\/uniguajira.edu.co\/wp-content\/uploads\/2024\/01\/YAIRINA-PALMESANO-1-1.webp\" alt=\"Yairina Palmezano Ibarra Directora De Control Interno\" title=\"YAIRINA-PALMESANO-1-1\" srcset=\"https:\/\/uniguajira.edu.co\/wp-content\/uploads\/2024\/01\/YAIRINA-PALMESANO-1-1.webp 400w, https:\/\/uniguajira.edu.co\/wp-content\/uploads\/2024\/01\/YAIRINA-PALMESANO-1-1-300x300.webp 300w, https:\/\/uniguajira.edu.co\/wp-content\/uploads\/2024\/01\/YAIRINA-PALMESANO-1-1-150x150.webp 150w\" sizes=\"auto, (max-width: 400px) 100vw, 400px\" \/><\/figure>\n\n\n<div class=\"gb-container gb-container-3d1e763c\">\n\n<h3 class=\"gb-headline gb-headline-39ed363c gb-headline-text\"><strong>Yairina Palmezano Ibarra&nbsp;<\/strong><\/h3>\n\n<\/div>\n\n<div class=\"gb-container gb-container-33ccfa60\">\n\n<p class=\"gb-headline gb-headline-5c8854c3 gb-headline-text\">Directora de Control Interno<\/p>\n\n<\/div>\n\n\n<div class=\"gb-headline gb-headline-6bf3b0fe gb-headline-text largo\"><strong>Ashajun\u00fcs\u00fc elekt\u00fcronika<\/strong><br><a href=\"mailto:ypalmezanoi@uniguajira.edu.co\" target=\"_blank\" rel=\"noreferrer noopener\">ypalmezanoi@uniguajira.edu.co<\/a><\/div>\n\n<\/div><\/div>\n\n<div class=\"gb-grid-column gb-grid-column-c162c7c0\"><div class=\"gb-container gb-container-c162c7c0 infpro neumo\">\n\n<figure class=\"gb-block-image gb-block-image-69de9a59\"><img loading=\"lazy\" decoding=\"async\" width=\"400\" height=\"400\" class=\"gb-image gb-image-69de9a59 imgt\" src=\"https:\/\/uniguajira.edu.co\/wp-content\/uploads\/2024\/04\/Luis-David-Redondo-Rudas-1.webp\" alt=\"Luis David Redondo RudasAuditor \" title=\"Luis David Redondo Rudas\" srcset=\"https:\/\/uniguajira.edu.co\/wp-content\/uploads\/2024\/04\/Luis-David-Redondo-Rudas-1.webp 400w, https:\/\/uniguajira.edu.co\/wp-content\/uploads\/2024\/04\/Luis-David-Redondo-Rudas-1-300x300.webp 300w, https:\/\/uniguajira.edu.co\/wp-content\/uploads\/2024\/04\/Luis-David-Redondo-Rudas-1-150x150.webp 150w, https:\/\/uniguajira.edu.co\/wp-content\/uploads\/2024\/04\/Luis-David-Redondo-Rudas-1-12x12.webp 12w\" sizes=\"auto, (max-width: 400px) 100vw, 400px\" \/><\/figure>\n\n\n<div class=\"gb-container gb-container-d9171e31\">\n\n<h3 class=\"gb-headline gb-headline-fcbce796 gb-headline-text\"><strong>Luis David Redondo Rudas<\/strong><\/h3>\n\n<\/div>\n\n<div class=\"gb-container gb-container-11212ccc\">\n\n<p class=\"gb-headline gb-headline-030c4dab gb-headline-text\">Apoyo administrativo<br>Auditor Interno<\/p>\n\n<\/div>\n\n\n<div class=\"gb-headline gb-headline-4a4c90e0 gb-headline-text largo\"><strong>Ashajun\u00fcs\u00fc elekt\u00fcronika<\/strong><br><a href=\"mailto:ldavidredondo@uniguajira.edu.co\" target=\"_blank\" rel=\"noreferrer noopener\">ldavidredondo@uniguajira.edu.co<\/a><\/div>\n\n<\/div><\/div>\n\n<div class=\"gb-grid-column gb-grid-column-f5b2db53\"><div class=\"gb-container gb-container-f5b2db53 infpro neumo\">\n\n<figure class=\"gb-block-image gb-block-image-da5ab4c5\"><img loading=\"lazy\" decoding=\"async\" width=\"400\" height=\"400\" class=\"gb-image gb-image-da5ab4c5 imgt\" src=\"https:\/\/uniguajira.edu.co\/wp-content\/uploads\/2024\/04\/Jhorman-Araujo-Brochero.webp\" alt=\"Jhorman Araujo BrocheroAuditor\" title=\"Jhorman Araujo Brochero\" srcset=\"https:\/\/uniguajira.edu.co\/wp-content\/uploads\/2024\/04\/Jhorman-Araujo-Brochero.webp 400w, https:\/\/uniguajira.edu.co\/wp-content\/uploads\/2024\/04\/Jhorman-Araujo-Brochero-300x300.webp 300w, https:\/\/uniguajira.edu.co\/wp-content\/uploads\/2024\/04\/Jhorman-Araujo-Brochero-150x150.webp 150w, https:\/\/uniguajira.edu.co\/wp-content\/uploads\/2024\/04\/Jhorman-Araujo-Brochero-12x12.webp 12w\" sizes=\"auto, (max-width: 400px) 100vw, 400px\" \/><\/figure>\n\n\n<div class=\"gb-container gb-container-928c59d8\">\n\n<h3 class=\"gb-headline gb-headline-1a54e4b1 gb-headline-text\"><strong><strong><strong><strong><strong><strong><strong><strong>Jhorman Araujo Brochero<\/strong><\/strong><\/strong><\/strong><\/strong><\/strong><\/strong><\/strong><\/h3>\n\n<\/div>\n\n<div class=\"gb-container gb-container-24e23c03\">\n\n<p class=\"gb-headline gb-headline-53e3cafe gb-headline-text\">Apoyo administrativo<br>Auditor Interno<\/p>\n\n<\/div>\n\n\n<div class=\"gb-headline gb-headline-4f58cbe4 gb-headline-text largo\"><strong>Ashajun\u00fcs\u00fc elekt\u00fcronika<\/strong><br><a href=\"mailto:jaraujo@unigujira.edu.co\" target=\"_blank\" rel=\"noreferrer noopener\">jaraujo@unigujira.edu.co<\/a><\/div>\n\n<\/div><\/div>\n\n<div class=\"gb-grid-column gb-grid-column-10b897ea\"><div class=\"gb-container gb-container-10b897ea infpro neumo\">\n\n<figure class=\"gb-block-image gb-block-image-67b4d02d\"><img loading=\"lazy\" decoding=\"async\" width=\"400\" height=\"400\" class=\"gb-image gb-image-67b4d02d imgt\" src=\"https:\/\/uniguajira.edu.co\/wp-content\/uploads\/2024\/04\/Nelson-Jose-Aguilar-Correa.webp\" alt=\"Nels\u00f3n Jos\u00e9 Aguilar CorreaAuditor\" title=\"Nels\u00f3n Jos\u00e9 Aguilar Correa\" srcset=\"https:\/\/uniguajira.edu.co\/wp-content\/uploads\/2024\/04\/Nelson-Jose-Aguilar-Correa.webp 400w, https:\/\/uniguajira.edu.co\/wp-content\/uploads\/2024\/04\/Nelson-Jose-Aguilar-Correa-300x300.webp 300w, https:\/\/uniguajira.edu.co\/wp-content\/uploads\/2024\/04\/Nelson-Jose-Aguilar-Correa-150x150.webp 150w, https:\/\/uniguajira.edu.co\/wp-content\/uploads\/2024\/04\/Nelson-Jose-Aguilar-Correa-12x12.webp 12w\" sizes=\"auto, (max-width: 400px) 100vw, 400px\" \/><\/figure>\n\n\n<div class=\"gb-container gb-container-c2158f13\">\n\n<h3 class=\"gb-headline gb-headline-c5893308 gb-headline-text\"><strong><strong>Nels\u00f3n Jos\u00e9 Aguilar Correa<\/strong><\/strong><\/h3>\n\n<\/div>\n\n<div class=\"gb-container gb-container-21e13776\">\n\n<p class=\"gb-headline gb-headline-25f51fbf gb-headline-text\">Apoyo administrativo<br>Auditor Interno<\/p>\n\n<\/div>\n\n\n<div class=\"gb-headline gb-headline-b407a5fb gb-headline-text largo\"><strong>Ashajun\u00fcs\u00fc elekt\u00fcronika<\/strong><br><a href=\"mailto:njaguilar@uniguajira.edu.co\" target=\"_blank\" rel=\"noreferrer noopener\">njaguilar@uniguajira.edu.co<\/a><\/div>\n\n<\/div><\/div>\n\n<div class=\"gb-grid-column gb-grid-column-91c9a501\"><div class=\"gb-container gb-container-91c9a501 infpro neumo\">\n\n<figure class=\"gb-block-image gb-block-image-004fc7d0\"><img loading=\"lazy\" decoding=\"async\" width=\"400\" height=\"400\" class=\"gb-image gb-image-004fc7d0 imgt\" src=\"https:\/\/uniguajira.edu.co\/wp-content\/uploads\/2024\/04\/Luz-Leidis-Medina-Brito-Auditora.webp\" alt=\"Luz Leidis Medina BritoAuditora\" title=\"Luz Leidis Medina Brito\" srcset=\"https:\/\/uniguajira.edu.co\/wp-content\/uploads\/2024\/04\/Luz-Leidis-Medina-Brito-Auditora.webp 400w, https:\/\/uniguajira.edu.co\/wp-content\/uploads\/2024\/04\/Luz-Leidis-Medina-Brito-Auditora-300x300.webp 300w, https:\/\/uniguajira.edu.co\/wp-content\/uploads\/2024\/04\/Luz-Leidis-Medina-Brito-Auditora-150x150.webp 150w, https:\/\/uniguajira.edu.co\/wp-content\/uploads\/2024\/04\/Luz-Leidis-Medina-Brito-Auditora-12x12.webp 12w\" sizes=\"auto, (max-width: 400px) 100vw, 400px\" \/><\/figure>\n\n\n<div class=\"gb-container gb-container-bf4e8277\">\n\n<h3 class=\"gb-headline gb-headline-764848cb gb-headline-text\"><strong><strong><strong><strong><strong><strong><strong><strong>Luz Leidis Medina Brito<\/strong><\/strong><\/strong><\/strong><\/strong><\/strong><\/strong><\/strong><\/h3>\n\n<\/div>\n\n<div class=\"gb-container gb-container-586e61d8\">\n\n<p class=\"gb-headline gb-headline-a0ed01ff gb-headline-text\">Apoyo administrativo<br>Auditora Interno<\/p>\n\n<\/div>\n\n\n<div class=\"gb-headline gb-headline-401fcd9b gb-headline-text largo\"><strong>Ashajun\u00fcs\u00fc elekt\u00fcronika<\/strong><br><a href=\"mailto:lmedina@uniguajira.edu.co\" target=\"_blank\" rel=\"noreferrer noopener\">lmedina@uniguajira.edu.co<\/a><\/div>\n\n<\/div><\/div>\n\n<div class=\"gb-grid-column gb-grid-column-35690ad1\"><div class=\"gb-container gb-container-35690ad1 infpro neumo\">\n\n<figure class=\"gb-block-image gb-block-image-6103bf85\"><img loading=\"lazy\" decoding=\"async\" width=\"400\" height=\"400\" class=\"gb-image gb-image-6103bf85 imgt\" src=\"https:\/\/uniguajira.edu.co\/wp-content\/uploads\/2024\/04\/Yoemir-Sequeda-Bermudez.webp\" alt=\"Yoemir Sequeda Bermudez Auditor\" title=\"Yoemir Sequeda Bermudez\" srcset=\"https:\/\/uniguajira.edu.co\/wp-content\/uploads\/2024\/04\/Yoemir-Sequeda-Bermudez.webp 400w, https:\/\/uniguajira.edu.co\/wp-content\/uploads\/2024\/04\/Yoemir-Sequeda-Bermudez-300x300.webp 300w, https:\/\/uniguajira.edu.co\/wp-content\/uploads\/2024\/04\/Yoemir-Sequeda-Bermudez-150x150.webp 150w, https:\/\/uniguajira.edu.co\/wp-content\/uploads\/2024\/04\/Yoemir-Sequeda-Bermudez-12x12.webp 12w\" sizes=\"auto, (max-width: 400px) 100vw, 400px\" \/><\/figure>\n\n\n<div class=\"gb-container gb-container-02e11788\">\n\n<h3 class=\"gb-headline gb-headline-dd3e870d gb-headline-text\"><strong><strong>Yoemir Sequeda Bermudez&nbsp;<\/strong><\/strong><\/h3>\n\n<\/div>\n\n<div class=\"gb-container gb-container-bad79a13\">\n\n<p class=\"gb-headline gb-headline-fb136a20 gb-headline-text\">Apoyo administrativo<br>Auditor Interno<\/p>\n\n<\/div>\n\n\n<div class=\"gb-headline gb-headline-c90d4832 gb-headline-text largo\"><strong>Ashajun\u00fcs\u00fc elekt\u00fcronika<\/strong><br><a href=\"mailto:ysequeda@uniguajira.edu.co\" target=\"_blank\" rel=\"noreferrer noopener\">ysequeda@uniguajira.edu.co<\/a><\/div>\n\n<\/div><\/div>\n\n<div class=\"gb-grid-column gb-grid-column-b84bd443\"><div class=\"gb-container gb-container-b84bd443 infpro neumo\">\n\n<figure class=\"gb-block-image gb-block-image-d4e40b7a\"><img loading=\"lazy\" decoding=\"async\" width=\"400\" height=\"400\" class=\"gb-image gb-image-d4e40b7a imgt\" src=\"https:\/\/uniguajira.edu.co\/wp-content\/uploads\/2024\/04\/Hermes-Robles-Riveira.webp\" alt=\"Hermes Robles RiveiraAuditor\" title=\"Hermes Robles Riveira\" srcset=\"https:\/\/uniguajira.edu.co\/wp-content\/uploads\/2024\/04\/Hermes-Robles-Riveira.webp 400w, https:\/\/uniguajira.edu.co\/wp-content\/uploads\/2024\/04\/Hermes-Robles-Riveira-300x300.webp 300w, https:\/\/uniguajira.edu.co\/wp-content\/uploads\/2024\/04\/Hermes-Robles-Riveira-150x150.webp 150w, https:\/\/uniguajira.edu.co\/wp-content\/uploads\/2024\/04\/Hermes-Robles-Riveira-12x12.webp 12w\" sizes=\"auto, (max-width: 400px) 100vw, 400px\" \/><\/figure>\n\n\n<div class=\"gb-container gb-container-b2cacabd\">\n\n<h3 class=\"gb-headline gb-headline-5c9201b9 gb-headline-text\"><strong><strong><strong><strong><strong><strong><strong><strong>Hermes Robles Riveira<\/strong><\/strong><\/strong><\/strong><\/strong><\/strong><\/strong><\/strong><\/h3>\n\n<\/div>\n\n<div class=\"gb-container gb-container-2aed9ab3\">\n\n<p class=\"gb-headline gb-headline-dc80488a gb-headline-text\">Apoyo administrativo<br>Auditor Interno<\/p>\n\n<\/div>\n\n\n<div class=\"gb-headline gb-headline-2eb7b959 gb-headline-text largo\"><strong>Ashajun\u00fcs\u00fc elekt\u00fcronika<\/strong><br><a href=\"mailto:hrobles@uniguajira.edu.co\" target=\"_blank\" rel=\"noreferrer noopener\">hrobles@uniguajira.edu.co<\/a><\/div>\n\n<\/div><\/div>\n<\/div>\n<\/div>\n<\/div>\n<\/div>","protected":false},"excerpt":{"rendered":"","protected":false},"author":3,"featured_media":24873,"parent":31114,"menu_order":0,"comment_status":"closed","ping_status":"closed","template":"","meta":{"footnotes":""},"class_list":{"0":"post-30065","1":"page","2":"type-page","3":"status-publish","4":"has-post-thumbnail","6":"infinite-scroll-item"},"yoast_head":"<!-- This site is optimized with the Yoast SEO Premium plugin v27.0 (Yoast SEO v27.0) - https:\/\/yoast.com\/product\/yoast-seo-premium-wordpress\/ -->\n<title>Equipo de trabajo de Control Interno<\/title>\n<meta name=\"robots\" content=\"index, follow, max-snippet:-1, max-image-preview:large, max-video-preview:-1\" \/>\n<link rel=\"canonical\" href=\"https:\/\/uniguajira.edu.co\/wa\/universidad-de-la-guajira\/control-interno\/presentacion-de-control-interno\/equipo-de-trabajo-de-control-interno\/\" \/>\n<meta property=\"og:locale\" content=\"en_US\" \/>\n<meta property=\"og:type\" content=\"article\" \/>\n<meta property=\"og:title\" content=\"Equipo de trabajo de Control Interno\" \/>\n<meta property=\"og:url\" content=\"https:\/\/uniguajira.edu.co\/wa\/universidad-de-la-guajira\/control-interno\/presentacion-de-control-interno\/equipo-de-trabajo-de-control-interno\/\" \/>\n<meta property=\"og:site_name\" content=\"Universidad de La Guajira\" \/>\n<meta property=\"article:publisher\" content=\"https:\/\/www.facebook.com\/UniLaGuajira\/\" \/>\n<meta property=\"article:modified_time\" content=\"2025-09-01T16:29:55+00:00\" \/>\n<meta property=\"og:image\" content=\"https:\/\/uniguajira.edu.co\/wp-content\/uploads\/2024\/01\/bannercontrolinterno.webp\" \/>\n\t<meta property=\"og:image:width\" content=\"1920\" \/>\n\t<meta property=\"og:image:height\" content=\"590\" \/>\n\t<meta property=\"og:image:type\" content=\"image\/webp\" \/>\n<meta name=\"twitter:card\" content=\"summary_large_image\" \/>\n<meta name=\"twitter:site\" content=\"@UniLaGuajira\" \/>\n<meta name=\"twitter:label1\" content=\"Est. reading time\" \/>\n\t<meta name=\"twitter:data1\" content=\"2 minutes\" \/>\n<script type=\"application\/ld+json\" class=\"yoast-schema-graph\">{\"@context\":\"https:\/\/schema.org\",\"@graph\":[{\"@type\":\"WebPage\",\"@id\":\"https:\/\/uniguajira.edu.co\/universidad-de-la-guajira\/control-interno\/presentacion-de-control-interno\/equipo-de-trabajo-de-control-interno\/\",\"url\":\"https:\/\/uniguajira.edu.co\/universidad-de-la-guajira\/control-interno\/presentacion-de-control-interno\/equipo-de-trabajo-de-control-interno\/\",\"name\":\"Equipo de trabajo de Control Interno\",\"isPartOf\":{\"@id\":\"https:\/\/uniguajira.edu.co\/#website\"},\"primaryImageOfPage\":{\"@id\":\"https:\/\/uniguajira.edu.co\/universidad-de-la-guajira\/control-interno\/presentacion-de-control-interno\/equipo-de-trabajo-de-control-interno\/#primaryimage\"},\"image\":{\"@id\":\"https:\/\/uniguajira.edu.co\/universidad-de-la-guajira\/control-interno\/presentacion-de-control-interno\/equipo-de-trabajo-de-control-interno\/#primaryimage\"},\"thumbnailUrl\":\"https:\/\/uniguajira.edu.co\/wp-content\/uploads\/2024\/01\/bannercontrolinterno.webp\",\"datePublished\":\"2024-03-03T23:43:12+00:00\",\"dateModified\":\"2025-09-01T16:29:55+00:00\",\"breadcrumb\":{\"@id\":\"https:\/\/uniguajira.edu.co\/universidad-de-la-guajira\/control-interno\/presentacion-de-control-interno\/equipo-de-trabajo-de-control-interno\/#breadcrumb\"},\"inLanguage\":\"wa-WA\",\"potentialAction\":[{\"@type\":\"ReadAction\",\"target\":[\"https:\/\/uniguajira.edu.co\/universidad-de-la-guajira\/control-interno\/presentacion-de-control-interno\/equipo-de-trabajo-de-control-interno\/\"]}]},{\"@type\":\"ImageObject\",\"inLanguage\":\"wa-WA\",\"@id\":\"https:\/\/uniguajira.edu.co\/universidad-de-la-guajira\/control-interno\/presentacion-de-control-interno\/equipo-de-trabajo-de-control-interno\/#primaryimage\",\"url\":\"https:\/\/uniguajira.edu.co\/wp-content\/uploads\/2024\/01\/bannercontrolinterno.webp\",\"contentUrl\":\"https:\/\/uniguajira.edu.co\/wp-content\/uploads\/2024\/01\/bannercontrolinterno.webp\",\"width\":1920,\"height\":590},{\"@type\":\"BreadcrumbList\",\"@id\":\"https:\/\/uniguajira.edu.co\/universidad-de-la-guajira\/control-interno\/presentacion-de-control-interno\/equipo-de-trabajo-de-control-interno\/#breadcrumb\",\"itemListElement\":[{\"@type\":\"ListItem\",\"position\":1,\"name\":\"\u2302 Uniguajira\",\"item\":\"https:\/\/uniguajira.edu.co\/\"},{\"@type\":\"ListItem\",\"position\":2,\"name\":\"Uniguajira\",\"item\":\"https:\/\/uniguajira.edu.co\/\"},{\"@type\":\"ListItem\",\"position\":3,\"name\":\"Control Interno\",\"item\":\"https:\/\/uniguajira.edu.co\/universidad-de-la-guajira\/control-interno\/\"},{\"@type\":\"ListItem\",\"position\":4,\"name\":\"Presentaci\u00f3n\",\"item\":\"https:\/\/uniguajira.edu.co\/universidad-de-la-guajira\/control-interno\/presentacion-de-control-interno\/\"},{\"@type\":\"ListItem\",\"position\":5,\"name\":\"Equipo de trabajo\"}]},{\"@type\":\"WebSite\",\"@id\":\"https:\/\/uniguajira.edu.co\/#website\",\"url\":\"https:\/\/uniguajira.edu.co\/\",\"name\":\"UNIGUAJIRA\",\"description\":\"Descubre la educaci\u00f3n superior con oportunidades laborales, retos estudiantiles y tecnolog\u00eda innovadora. Alcanza el \u00e9xito acad\u00e9mico y explora el impacto social y la diversidad en un entorno de aprendizaje moderno. Ad\u00e1ptate con inteligencia artificial y pr\u00e1cticas profesionales para un crecimiento integral.\",\"publisher\":{\"@id\":\"https:\/\/uniguajira.edu.co\/#organization\"},\"alternateName\":\"Universidad de La Guajira\",\"potentialAction\":[{\"@type\":\"SearchAction\",\"target\":{\"@type\":\"EntryPoint\",\"urlTemplate\":\"https:\/\/uniguajira.edu.co\/?s={search_term_string}\"},\"query-input\":{\"@type\":\"PropertyValueSpecification\",\"valueRequired\":true,\"valueName\":\"search_term_string\"}}],\"inLanguage\":\"wa-WA\"},{\"@type\":\"Organization\",\"@id\":\"https:\/\/uniguajira.edu.co\/#organization\",\"name\":\"Universidad de La Guajira\",\"alternateName\":\"UNIGUAJIRA\",\"url\":\"https:\/\/uniguajira.edu.co\/\",\"logo\":{\"@type\":\"ImageObject\",\"inLanguage\":\"wa-WA\",\"@id\":\"https:\/\/uniguajira.edu.co\/#\/schema\/logo\/image\/\",\"url\":\"https:\/\/uniguajira.edu.co\/wp-content\/uploads\/2026\/01\/cropped-cropped-LOGOS-PAGINA-WEB-04-1.webp\",\"contentUrl\":\"https:\/\/uniguajira.edu.co\/wp-content\/uploads\/2026\/01\/cropped-cropped-LOGOS-PAGINA-WEB-04-1.webp\",\"width\":360,\"height\":72,\"caption\":\"Universidad de La Guajira\"},\"image\":{\"@id\":\"https:\/\/uniguajira.edu.co\/#\/schema\/logo\/image\/\"},\"sameAs\":[\"https:\/\/www.facebook.com\/UniLaGuajira\/\",\"https:\/\/x.com\/UniLaGuajira\",\"https:\/\/www.instagram.com\/uniguajira_\/\",\"https:\/\/www.youtube.com\/user\/UniLaGuajira\"]}]}<\/script>\n<!-- \/ Yoast SEO Premium plugin. -->","yoast_head_json":{"title":"Equipo de trabajo de Control Interno","robots":{"index":"index","follow":"follow","max-snippet":"max-snippet:-1","max-image-preview":"max-image-preview:large","max-video-preview":"max-video-preview:-1"},"canonical":"https:\/\/uniguajira.edu.co\/wa\/universidad-de-la-guajira\/control-interno\/presentacion-de-control-interno\/equipo-de-trabajo-de-control-interno\/","og_locale":"en_US","og_type":"article","og_title":"Equipo de trabajo de Control Interno","og_url":"https:\/\/uniguajira.edu.co\/wa\/universidad-de-la-guajira\/control-interno\/presentacion-de-control-interno\/equipo-de-trabajo-de-control-interno\/","og_site_name":"Universidad de La Guajira","article_publisher":"https:\/\/www.facebook.com\/UniLaGuajira\/","article_modified_time":"2025-09-01T16:29:55+00:00","og_image":[{"width":1920,"height":590,"url":"https:\/\/uniguajira.edu.co\/wp-content\/uploads\/2024\/01\/bannercontrolinterno.webp","type":"image\/webp"}],"twitter_card":"summary_large_image","twitter_site":"@UniLaGuajira","twitter_misc":{"Est. reading time":"2 minutes"},"schema":{"@context":"https:\/\/schema.org","@graph":[{"@type":"WebPage","@id":"https:\/\/uniguajira.edu.co\/universidad-de-la-guajira\/control-interno\/presentacion-de-control-interno\/equipo-de-trabajo-de-control-interno\/","url":"https:\/\/uniguajira.edu.co\/universidad-de-la-guajira\/control-interno\/presentacion-de-control-interno\/equipo-de-trabajo-de-control-interno\/","name":"Equipo de trabajo de Control Interno","isPartOf":{"@id":"https:\/\/uniguajira.edu.co\/#website"},"primaryImageOfPage":{"@id":"https:\/\/uniguajira.edu.co\/universidad-de-la-guajira\/control-interno\/presentacion-de-control-interno\/equipo-de-trabajo-de-control-interno\/#primaryimage"},"image":{"@id":"https:\/\/uniguajira.edu.co\/universidad-de-la-guajira\/control-interno\/presentacion-de-control-interno\/equipo-de-trabajo-de-control-interno\/#primaryimage"},"thumbnailUrl":"https:\/\/uniguajira.edu.co\/wp-content\/uploads\/2024\/01\/bannercontrolinterno.webp","datePublished":"2024-03-03T23:43:12+00:00","dateModified":"2025-09-01T16:29:55+00:00","breadcrumb":{"@id":"https:\/\/uniguajira.edu.co\/universidad-de-la-guajira\/control-interno\/presentacion-de-control-interno\/equipo-de-trabajo-de-control-interno\/#breadcrumb"},"inLanguage":"wa-WA","potentialAction":[{"@type":"ReadAction","target":["https:\/\/uniguajira.edu.co\/universidad-de-la-guajira\/control-interno\/presentacion-de-control-interno\/equipo-de-trabajo-de-control-interno\/"]}]},{"@type":"ImageObject","inLanguage":"wa-WA","@id":"https:\/\/uniguajira.edu.co\/universidad-de-la-guajira\/control-interno\/presentacion-de-control-interno\/equipo-de-trabajo-de-control-interno\/#primaryimage","url":"https:\/\/uniguajira.edu.co\/wp-content\/uploads\/2024\/01\/bannercontrolinterno.webp","contentUrl":"https:\/\/uniguajira.edu.co\/wp-content\/uploads\/2024\/01\/bannercontrolinterno.webp","width":1920,"height":590},{"@type":"BreadcrumbList","@id":"https:\/\/uniguajira.edu.co\/universidad-de-la-guajira\/control-interno\/presentacion-de-control-interno\/equipo-de-trabajo-de-control-interno\/#breadcrumb","itemListElement":[{"@type":"ListItem","position":1,"name":"\u2302 Uniguajira","item":"https:\/\/uniguajira.edu.co\/"},{"@type":"ListItem","position":2,"name":"Uniguajira","item":"https:\/\/uniguajira.edu.co\/"},{"@type":"ListItem","position":3,"name":"Control Interno","item":"https:\/\/uniguajira.edu.co\/universidad-de-la-guajira\/control-interno\/"},{"@type":"ListItem","position":4,"name":"Presentaci\u00f3n","item":"https:\/\/uniguajira.edu.co\/universidad-de-la-guajira\/control-interno\/presentacion-de-control-interno\/"},{"@type":"ListItem","position":5,"name":"Equipo de trabajo"}]},{"@type":"WebSite","@id":"https:\/\/uniguajira.edu.co\/#website","url":"https:\/\/uniguajira.edu.co\/","name":"UNIGUAJIRA","description":"Descubre la educaci\u00f3n superior con oportunidades laborales, retos estudiantiles y tecnolog\u00eda innovadora. Alcanza el \u00e9xito acad\u00e9mico y explora el impacto social y la diversidad en un entorno de aprendizaje moderno. Ad\u00e1ptate con inteligencia artificial y pr\u00e1cticas profesionales para un crecimiento integral.","publisher":{"@id":"https:\/\/uniguajira.edu.co\/#organization"},"alternateName":"Universidad de La Guajira","potentialAction":[{"@type":"SearchAction","target":{"@type":"EntryPoint","urlTemplate":"https:\/\/uniguajira.edu.co\/?s={search_term_string}"},"query-input":{"@type":"PropertyValueSpecification","valueRequired":true,"valueName":"search_term_string"}}],"inLanguage":"wa-WA"},{"@type":"Organization","@id":"https:\/\/uniguajira.edu.co\/#organization","name":"Shikii Ekirajia P\u00fclee Wajiira","alternateName":"UNIGUAJIRA","url":"https:\/\/uniguajira.edu.co\/","logo":{"@type":"ImageObject","inLanguage":"wa-WA","@id":"https:\/\/uniguajira.edu.co\/#\/schema\/logo\/image\/","url":"https:\/\/uniguajira.edu.co\/wp-content\/uploads\/2026\/01\/cropped-cropped-LOGOS-PAGINA-WEB-04-1.webp","contentUrl":"https:\/\/uniguajira.edu.co\/wp-content\/uploads\/2026\/01\/cropped-cropped-LOGOS-PAGINA-WEB-04-1.webp","width":360,"height":72,"caption":"Universidad de La Guajira"},"image":{"@id":"https:\/\/uniguajira.edu.co\/#\/schema\/logo\/image\/"},"sameAs":["https:\/\/www.facebook.com\/UniLaGuajira\/","https:\/\/x.com\/UniLaGuajira","https:\/\/www.instagram.com\/uniguajira_\/","https:\/\/www.youtube.com\/user\/UniLaGuajira"]}]}},"_hostinger_reach_plugin_has_subscription_block":false,"_hostinger_reach_plugin_is_elementor":false,"_links":{"self":[{"href":"https:\/\/uniguajira.edu.co\/wa\/wp-json\/wp\/v2\/pages\/30065","targetHints":{"allow":["GET"]}}],"collection":[{"href":"https:\/\/uniguajira.edu.co\/wa\/wp-json\/wp\/v2\/pages"}],"about":[{"href":"https:\/\/uniguajira.edu.co\/wa\/wp-json\/wp\/v2\/types\/page"}],"author":[{"embeddable":true,"href":"https:\/\/uniguajira.edu.co\/wa\/wp-json\/wp\/v2\/users\/3"}],"replies":[{"embeddable":true,"href":"https:\/\/uniguajira.edu.co\/wa\/wp-json\/wp\/v2\/comments?post=30065"}],"version-history":[{"count":0,"href":"https:\/\/uniguajira.edu.co\/wa\/wp-json\/wp\/v2\/pages\/30065\/revisions"}],"up":[{"embeddable":true,"href":"https:\/\/uniguajira.edu.co\/wa\/wp-json\/wp\/v2\/pages\/31114"}],"wp:featuredmedia":[{"embeddable":true,"href":"https:\/\/uniguajira.edu.co\/wa\/wp-json\/wp\/v2\/media\/24873"}],"wp:attachment":[{"href":"https:\/\/uniguajira.edu.co\/wa\/wp-json\/wp\/v2\/media?parent=30065"}],"curies":[{"name":"wp","href":"https:\/\/api.w.org\/{rel}","templated":true}]}}