{"id":29789,"date":"2024-03-03T17:15:07","date_gmt":"2024-03-03T22:15:07","guid":{"rendered":"https:\/\/uniguajira.edu.co\/?page_id=29789"},"modified":"2025-10-02T16:32:16","modified_gmt":"2025-10-02T21:32:16","slug":"equipo-de-trabajo-del-centro-de-practicas","status":"publish","type":"page","link":"https:\/\/uniguajira.edu.co\/wa\/universidad-de-la-guajira\/practicas-academicas\/presentacion-de-practicas-academicas\/equipo-de-trabajo-del-centro-de-practicas\/","title":{"rendered":"Equipo de trabajo de las pr\u00e1cticas acad\u00e9micas"},"content":{"rendered":"<div class=\"gb-container gb-container-be0581b7\">\n<div class=\"gb-container gb-container-2bb98b60\">\n<div class=\"gb-container gb-container-8ce45757\">\n<div class=\"gb-grid-wrapper gb-grid-wrapper-4968fe00\">\n<div class=\"gb-grid-column gb-grid-column-429762b6\"><div class=\"gb-container gb-container-429762b6 infpro neumo\">\n\n<figure class=\"gb-block-image gb-block-image-c9e9030f\"><img loading=\"lazy\" decoding=\"async\" width=\"400\" height=\"400\" class=\"gb-image gb-image-c9e9030f imgt\" src=\"https:\/\/uniguajira.edu.co\/wp-content\/uploads\/2025\/06\/Militza-Margareth-Mejia-Jimenez.webp\" alt=\"Militza Margareth Mej\u00eda Jim\u00e9nez Coordinadora de Pr\u00e1cticas Acad\u00e9micas\" title=\"Militza Margareth Mej\u00eda Jim\u00e9nez\" srcset=\"https:\/\/uniguajira.edu.co\/wp-content\/uploads\/2025\/06\/Militza-Margareth-Mejia-Jimenez.webp 400w, https:\/\/uniguajira.edu.co\/wp-content\/uploads\/2025\/06\/Militza-Margareth-Mejia-Jimenez-300x300.webp 300w, https:\/\/uniguajira.edu.co\/wp-content\/uploads\/2025\/06\/Militza-Margareth-Mejia-Jimenez-150x150.webp 150w, https:\/\/uniguajira.edu.co\/wp-content\/uploads\/2025\/06\/Militza-Margareth-Mejia-Jimenez-12x12.webp 12w\" sizes=\"auto, (max-width: 400px) 100vw, 400px\" \/><\/figure>\n\n\n<div class=\"gb-container gb-container-c6fa5d74\">\n\n<h3 class=\"gb-headline gb-headline-8d893593 gb-headline-text\"><strong><strong><strong><strong>Militza Margareth Mej\u00eda Jim\u00e9nez<\/strong><\/strong><\/strong><\/strong><\/h3>\n\n<\/div>\n\n<div class=\"gb-container gb-container-f773b8c3\">\n\n<p class=\"gb-headline gb-headline-8d8ffc11 gb-headline-text\">Coordinadora Centro de Pr\u00e1cticas Acad\u00e9micas<\/p>\n\n<\/div>\n\n\n<div class=\"gb-headline gb-headline-4160f95f gb-headline-text largo\"><strong>Ashajun\u00fcs\u00fc elekt\u00fcronika<\/strong><br><a href=\"mailto:mmargareth@uniguajira.edu.co\" target=\"_blank\" rel=\"noreferrer noopener\">mmargareth@uniguajira.edu.co<\/a><\/div>\n\n<\/div><\/div>\n\n<div class=\"gb-grid-column gb-grid-column-77af7092\"><div class=\"gb-container gb-container-77af7092 infpro neumo\">\n\n<figure class=\"gb-block-image gb-block-image-68d1914a\"><img loading=\"lazy\" decoding=\"async\" width=\"400\" height=\"400\" class=\"gb-image gb-image-68d1914a imgt\" src=\"https:\/\/uniguajira.edu.co\/wp-content\/uploads\/2024\/04\/Victor-Valencia-Pimienta.webp\" alt=\"V\u00edctor Valencia Pimienta Apoyo en la gesti\u00f3n de ARL y convocatorias de pr\u00e1cticas y pasant\u00edas.\" title=\"V\u00edctor Valencia Pimienta\" srcset=\"https:\/\/uniguajira.edu.co\/wp-content\/uploads\/2024\/04\/Victor-Valencia-Pimienta.webp 400w, https:\/\/uniguajira.edu.co\/wp-content\/uploads\/2024\/04\/Victor-Valencia-Pimienta-300x300.webp 300w, https:\/\/uniguajira.edu.co\/wp-content\/uploads\/2024\/04\/Victor-Valencia-Pimienta-150x150.webp 150w, https:\/\/uniguajira.edu.co\/wp-content\/uploads\/2024\/04\/Victor-Valencia-Pimienta-12x12.webp 12w\" sizes=\"auto, (max-width: 400px) 100vw, 400px\" \/><\/figure>\n\n\n<div class=\"gb-container gb-container-46acf4ca\">\n\n<h3 class=\"gb-headline gb-headline-81cf5d1e gb-headline-text\"><strong><strong><strong><strong><strong>V\u00edctor Valencia Pimienta<\/strong><\/strong><\/strong><\/strong><\/strong><\/h3>\n\n<\/div>\n\n<div class=\"gb-container gb-container-a293e58f\">\n\n<p class=\"gb-headline gb-headline-b663b159 gb-headline-text\">Apoyo en la gesti\u00f3n de ARL y convocatorias de pr\u00e1cticas y pasant\u00edas<\/p>\n\n<\/div>\n\n\n<div class=\"gb-headline gb-headline-1c9d3d11 gb-headline-text largo\"><strong>Ashajun\u00fcs\u00fc elekt\u00fcronika<\/strong><br><a href=\"mailto:vvalencia@uniguajira.edu.co\" target=\"_blank\" rel=\"noreferrer noopener\">vvalencia@uniguajira.edu.co<\/a><\/div>\n\n<\/div><\/div>\n<\/div>\n<\/div>\n<\/div>\n<\/div>","protected":false},"excerpt":{"rendered":"","protected":false},"author":3,"featured_media":25038,"parent":31463,"menu_order":0,"comment_status":"closed","ping_status":"closed","template":"","meta":{"footnotes":""},"class_list":{"0":"post-29789","1":"page","2":"type-page","3":"status-publish","4":"has-post-thumbnail","6":"infinite-scroll-item"},"yoast_head":"<!-- This site is optimized with the Yoast SEO Premium plugin v27.0 (Yoast SEO v27.0) - https:\/\/yoast.com\/product\/yoast-seo-premium-wordpress\/ -->\n<title>Equipo de trabajo de las pr\u00e1cticas acad\u00e9micas<\/title>\n<meta name=\"robots\" content=\"index, follow, max-snippet:-1, max-image-preview:large, max-video-preview:-1\" \/>\n<link rel=\"canonical\" href=\"https:\/\/uniguajira.edu.co\/wa\/universidad-de-la-guajira\/practicas-academicas\/presentacion-de-practicas-academicas\/equipo-de-trabajo-del-centro-de-practicas\/\" \/>\n<meta property=\"og:locale\" content=\"en_US\" \/>\n<meta property=\"og:type\" content=\"article\" \/>\n<meta property=\"og:title\" content=\"Equipo de trabajo de las pr\u00e1cticas acad\u00e9micas\" \/>\n<meta property=\"og:url\" content=\"https:\/\/uniguajira.edu.co\/wa\/universidad-de-la-guajira\/practicas-academicas\/presentacion-de-practicas-academicas\/equipo-de-trabajo-del-centro-de-practicas\/\" \/>\n<meta property=\"og:site_name\" content=\"Universidad de La Guajira\" \/>\n<meta property=\"article:publisher\" content=\"https:\/\/www.facebook.com\/UniLaGuajira\/\" \/>\n<meta property=\"article:modified_time\" content=\"2025-10-02T21:32:16+00:00\" \/>\n<meta property=\"og:image\" content=\"https:\/\/uniguajira.edu.co\/wp-content\/uploads\/2024\/01\/bannepracticas23.webp\" \/>\n\t<meta property=\"og:image:width\" content=\"1920\" \/>\n\t<meta property=\"og:image:height\" content=\"590\" \/>\n\t<meta property=\"og:image:type\" content=\"image\/webp\" \/>\n<meta name=\"twitter:card\" content=\"summary_large_image\" \/>\n<meta name=\"twitter:site\" content=\"@UniLaGuajira\" \/>\n<meta name=\"twitter:label1\" content=\"Est. reading time\" \/>\n\t<meta name=\"twitter:data1\" content=\"1 minute\" \/>\n<script type=\"application\/ld+json\" class=\"yoast-schema-graph\">{\"@context\":\"https:\/\/schema.org\",\"@graph\":[{\"@type\":\"WebPage\",\"@id\":\"https:\/\/uniguajira.edu.co\/universidad-de-la-guajira\/practicas-academicas\/presentacion-de-practicas-academicas\/equipo-de-trabajo-del-centro-de-practicas\/\",\"url\":\"https:\/\/uniguajira.edu.co\/universidad-de-la-guajira\/practicas-academicas\/presentacion-de-practicas-academicas\/equipo-de-trabajo-del-centro-de-practicas\/\",\"name\":\"Equipo de trabajo de las pr\u00e1cticas acad\u00e9micas\",\"isPartOf\":{\"@id\":\"https:\/\/uniguajira.edu.co\/#website\"},\"primaryImageOfPage\":{\"@id\":\"https:\/\/uniguajira.edu.co\/universidad-de-la-guajira\/practicas-academicas\/presentacion-de-practicas-academicas\/equipo-de-trabajo-del-centro-de-practicas\/#primaryimage\"},\"image\":{\"@id\":\"https:\/\/uniguajira.edu.co\/universidad-de-la-guajira\/practicas-academicas\/presentacion-de-practicas-academicas\/equipo-de-trabajo-del-centro-de-practicas\/#primaryimage\"},\"thumbnailUrl\":\"https:\/\/uniguajira.edu.co\/wp-content\/uploads\/2024\/01\/bannepracticas23.webp\",\"datePublished\":\"2024-03-03T22:15:07+00:00\",\"dateModified\":\"2025-10-02T21:32:16+00:00\",\"breadcrumb\":{\"@id\":\"https:\/\/uniguajira.edu.co\/universidad-de-la-guajira\/practicas-academicas\/presentacion-de-practicas-academicas\/equipo-de-trabajo-del-centro-de-practicas\/#breadcrumb\"},\"inLanguage\":\"wa-WA\",\"potentialAction\":[{\"@type\":\"ReadAction\",\"target\":[\"https:\/\/uniguajira.edu.co\/universidad-de-la-guajira\/practicas-academicas\/presentacion-de-practicas-academicas\/equipo-de-trabajo-del-centro-de-practicas\/\"]}]},{\"@type\":\"ImageObject\",\"inLanguage\":\"wa-WA\",\"@id\":\"https:\/\/uniguajira.edu.co\/universidad-de-la-guajira\/practicas-academicas\/presentacion-de-practicas-academicas\/equipo-de-trabajo-del-centro-de-practicas\/#primaryimage\",\"url\":\"https:\/\/uniguajira.edu.co\/wp-content\/uploads\/2024\/01\/bannepracticas23.webp\",\"contentUrl\":\"https:\/\/uniguajira.edu.co\/wp-content\/uploads\/2024\/01\/bannepracticas23.webp\",\"width\":1920,\"height\":590},{\"@type\":\"BreadcrumbList\",\"@id\":\"https:\/\/uniguajira.edu.co\/universidad-de-la-guajira\/practicas-academicas\/presentacion-de-practicas-academicas\/equipo-de-trabajo-del-centro-de-practicas\/#breadcrumb\",\"itemListElement\":[{\"@type\":\"ListItem\",\"position\":1,\"name\":\"\u2302 Uniguajira\",\"item\":\"https:\/\/uniguajira.edu.co\/\"},{\"@type\":\"ListItem\",\"position\":2,\"name\":\"Uniguajira\",\"item\":\"https:\/\/uniguajira.edu.co\/\"},{\"@type\":\"ListItem\",\"position\":3,\"name\":\"Pr\u00e1cticas Acad\u00e9micas\",\"item\":\"https:\/\/uniguajira.edu.co\/universidad-de-la-guajira\/practicas-academicas\/\"},{\"@type\":\"ListItem\",\"position\":4,\"name\":\"Presentaci\u00f3n\",\"item\":\"https:\/\/uniguajira.edu.co\/universidad-de-la-guajira\/practicas-academicas\/presentacion-de-practicas-academicas\/\"},{\"@type\":\"ListItem\",\"position\":5,\"name\":\"Equipo de trabajo\"}]},{\"@type\":\"WebSite\",\"@id\":\"https:\/\/uniguajira.edu.co\/#website\",\"url\":\"https:\/\/uniguajira.edu.co\/\",\"name\":\"UNIGUAJIRA\",\"description\":\"Descubre la educaci\u00f3n superior con oportunidades laborales, retos estudiantiles y tecnolog\u00eda innovadora. Alcanza el \u00e9xito acad\u00e9mico y explora el impacto social y la diversidad en un entorno de aprendizaje moderno. Ad\u00e1ptate con inteligencia artificial y pr\u00e1cticas profesionales para un crecimiento integral.\",\"publisher\":{\"@id\":\"https:\/\/uniguajira.edu.co\/#organization\"},\"alternateName\":\"Universidad de La Guajira\",\"potentialAction\":[{\"@type\":\"SearchAction\",\"target\":{\"@type\":\"EntryPoint\",\"urlTemplate\":\"https:\/\/uniguajira.edu.co\/?s={search_term_string}\"},\"query-input\":{\"@type\":\"PropertyValueSpecification\",\"valueRequired\":true,\"valueName\":\"search_term_string\"}}],\"inLanguage\":\"wa-WA\"},{\"@type\":\"Organization\",\"@id\":\"https:\/\/uniguajira.edu.co\/#organization\",\"name\":\"Universidad de La Guajira\",\"alternateName\":\"UNIGUAJIRA\",\"url\":\"https:\/\/uniguajira.edu.co\/\",\"logo\":{\"@type\":\"ImageObject\",\"inLanguage\":\"wa-WA\",\"@id\":\"https:\/\/uniguajira.edu.co\/#\/schema\/logo\/image\/\",\"url\":\"https:\/\/uniguajira.edu.co\/wp-content\/uploads\/2026\/01\/cropped-cropped-LOGOS-PAGINA-WEB-04-1.webp\",\"contentUrl\":\"https:\/\/uniguajira.edu.co\/wp-content\/uploads\/2026\/01\/cropped-cropped-LOGOS-PAGINA-WEB-04-1.webp\",\"width\":360,\"height\":72,\"caption\":\"Universidad de La Guajira\"},\"image\":{\"@id\":\"https:\/\/uniguajira.edu.co\/#\/schema\/logo\/image\/\"},\"sameAs\":[\"https:\/\/www.facebook.com\/UniLaGuajira\/\",\"https:\/\/x.com\/UniLaGuajira\",\"https:\/\/www.instagram.com\/uniguajira_\/\",\"https:\/\/www.youtube.com\/user\/UniLaGuajira\"]}]}<\/script>\n<!-- \/ Yoast SEO Premium plugin. -->","yoast_head_json":{"title":"Equipo de trabajo de las pr\u00e1cticas acad\u00e9micas","robots":{"index":"index","follow":"follow","max-snippet":"max-snippet:-1","max-image-preview":"max-image-preview:large","max-video-preview":"max-video-preview:-1"},"canonical":"https:\/\/uniguajira.edu.co\/wa\/universidad-de-la-guajira\/practicas-academicas\/presentacion-de-practicas-academicas\/equipo-de-trabajo-del-centro-de-practicas\/","og_locale":"en_US","og_type":"article","og_title":"Equipo de trabajo de las pr\u00e1cticas acad\u00e9micas","og_url":"https:\/\/uniguajira.edu.co\/wa\/universidad-de-la-guajira\/practicas-academicas\/presentacion-de-practicas-academicas\/equipo-de-trabajo-del-centro-de-practicas\/","og_site_name":"Universidad de La Guajira","article_publisher":"https:\/\/www.facebook.com\/UniLaGuajira\/","article_modified_time":"2025-10-02T21:32:16+00:00","og_image":[{"width":1920,"height":590,"url":"https:\/\/uniguajira.edu.co\/wp-content\/uploads\/2024\/01\/bannepracticas23.webp","type":"image\/webp"}],"twitter_card":"summary_large_image","twitter_site":"@UniLaGuajira","twitter_misc":{"Est. reading time":"1 minute"},"schema":{"@context":"https:\/\/schema.org","@graph":[{"@type":"WebPage","@id":"https:\/\/uniguajira.edu.co\/universidad-de-la-guajira\/practicas-academicas\/presentacion-de-practicas-academicas\/equipo-de-trabajo-del-centro-de-practicas\/","url":"https:\/\/uniguajira.edu.co\/universidad-de-la-guajira\/practicas-academicas\/presentacion-de-practicas-academicas\/equipo-de-trabajo-del-centro-de-practicas\/","name":"Equipo de trabajo de las pr\u00e1cticas acad\u00e9micas","isPartOf":{"@id":"https:\/\/uniguajira.edu.co\/#website"},"primaryImageOfPage":{"@id":"https:\/\/uniguajira.edu.co\/universidad-de-la-guajira\/practicas-academicas\/presentacion-de-practicas-academicas\/equipo-de-trabajo-del-centro-de-practicas\/#primaryimage"},"image":{"@id":"https:\/\/uniguajira.edu.co\/universidad-de-la-guajira\/practicas-academicas\/presentacion-de-practicas-academicas\/equipo-de-trabajo-del-centro-de-practicas\/#primaryimage"},"thumbnailUrl":"https:\/\/uniguajira.edu.co\/wp-content\/uploads\/2024\/01\/bannepracticas23.webp","datePublished":"2024-03-03T22:15:07+00:00","dateModified":"2025-10-02T21:32:16+00:00","breadcrumb":{"@id":"https:\/\/uniguajira.edu.co\/universidad-de-la-guajira\/practicas-academicas\/presentacion-de-practicas-academicas\/equipo-de-trabajo-del-centro-de-practicas\/#breadcrumb"},"inLanguage":"wa-WA","potentialAction":[{"@type":"ReadAction","target":["https:\/\/uniguajira.edu.co\/universidad-de-la-guajira\/practicas-academicas\/presentacion-de-practicas-academicas\/equipo-de-trabajo-del-centro-de-practicas\/"]}]},{"@type":"ImageObject","inLanguage":"wa-WA","@id":"https:\/\/uniguajira.edu.co\/universidad-de-la-guajira\/practicas-academicas\/presentacion-de-practicas-academicas\/equipo-de-trabajo-del-centro-de-practicas\/#primaryimage","url":"https:\/\/uniguajira.edu.co\/wp-content\/uploads\/2024\/01\/bannepracticas23.webp","contentUrl":"https:\/\/uniguajira.edu.co\/wp-content\/uploads\/2024\/01\/bannepracticas23.webp","width":1920,"height":590},{"@type":"BreadcrumbList","@id":"https:\/\/uniguajira.edu.co\/universidad-de-la-guajira\/practicas-academicas\/presentacion-de-practicas-academicas\/equipo-de-trabajo-del-centro-de-practicas\/#breadcrumb","itemListElement":[{"@type":"ListItem","position":1,"name":"\u2302 Uniguajira","item":"https:\/\/uniguajira.edu.co\/"},{"@type":"ListItem","position":2,"name":"Uniguajira","item":"https:\/\/uniguajira.edu.co\/"},{"@type":"ListItem","position":3,"name":"Pr\u00e1cticas Acad\u00e9micas","item":"https:\/\/uniguajira.edu.co\/universidad-de-la-guajira\/practicas-academicas\/"},{"@type":"ListItem","position":4,"name":"Presentaci\u00f3n","item":"https:\/\/uniguajira.edu.co\/universidad-de-la-guajira\/practicas-academicas\/presentacion-de-practicas-academicas\/"},{"@type":"ListItem","position":5,"name":"Equipo de trabajo"}]},{"@type":"WebSite","@id":"https:\/\/uniguajira.edu.co\/#website","url":"https:\/\/uniguajira.edu.co\/","name":"UNIGUAJIRA","description":"Descubre la educaci\u00f3n superior con oportunidades laborales, retos estudiantiles y tecnolog\u00eda innovadora. Alcanza el \u00e9xito acad\u00e9mico y explora el impacto social y la diversidad en un entorno de aprendizaje moderno. Ad\u00e1ptate con inteligencia artificial y pr\u00e1cticas profesionales para un crecimiento integral.","publisher":{"@id":"https:\/\/uniguajira.edu.co\/#organization"},"alternateName":"Universidad de La Guajira","potentialAction":[{"@type":"SearchAction","target":{"@type":"EntryPoint","urlTemplate":"https:\/\/uniguajira.edu.co\/?s={search_term_string}"},"query-input":{"@type":"PropertyValueSpecification","valueRequired":true,"valueName":"search_term_string"}}],"inLanguage":"wa-WA"},{"@type":"Organization","@id":"https:\/\/uniguajira.edu.co\/#organization","name":"Shikii Ekirajia P\u00fclee Wajiira","alternateName":"UNIGUAJIRA","url":"https:\/\/uniguajira.edu.co\/","logo":{"@type":"ImageObject","inLanguage":"wa-WA","@id":"https:\/\/uniguajira.edu.co\/#\/schema\/logo\/image\/","url":"https:\/\/uniguajira.edu.co\/wp-content\/uploads\/2026\/01\/cropped-cropped-LOGOS-PAGINA-WEB-04-1.webp","contentUrl":"https:\/\/uniguajira.edu.co\/wp-content\/uploads\/2026\/01\/cropped-cropped-LOGOS-PAGINA-WEB-04-1.webp","width":360,"height":72,"caption":"Universidad de La Guajira"},"image":{"@id":"https:\/\/uniguajira.edu.co\/#\/schema\/logo\/image\/"},"sameAs":["https:\/\/www.facebook.com\/UniLaGuajira\/","https:\/\/x.com\/UniLaGuajira","https:\/\/www.instagram.com\/uniguajira_\/","https:\/\/www.youtube.com\/user\/UniLaGuajira"]}]}},"_hostinger_reach_plugin_has_subscription_block":false,"_hostinger_reach_plugin_is_elementor":false,"_links":{"self":[{"href":"https:\/\/uniguajira.edu.co\/wa\/wp-json\/wp\/v2\/pages\/29789","targetHints":{"allow":["GET"]}}],"collection":[{"href":"https:\/\/uniguajira.edu.co\/wa\/wp-json\/wp\/v2\/pages"}],"about":[{"href":"https:\/\/uniguajira.edu.co\/wa\/wp-json\/wp\/v2\/types\/page"}],"author":[{"embeddable":true,"href":"https:\/\/uniguajira.edu.co\/wa\/wp-json\/wp\/v2\/users\/3"}],"replies":[{"embeddable":true,"href":"https:\/\/uniguajira.edu.co\/wa\/wp-json\/wp\/v2\/comments?post=29789"}],"version-history":[{"count":0,"href":"https:\/\/uniguajira.edu.co\/wa\/wp-json\/wp\/v2\/pages\/29789\/revisions"}],"up":[{"embeddable":true,"href":"https:\/\/uniguajira.edu.co\/wa\/wp-json\/wp\/v2\/pages\/31463"}],"wp:featuredmedia":[{"embeddable":true,"href":"https:\/\/uniguajira.edu.co\/wa\/wp-json\/wp\/v2\/media\/25038"}],"wp:attachment":[{"href":"https:\/\/uniguajira.edu.co\/wa\/wp-json\/wp\/v2\/media?parent=29789"}],"curies":[{"name":"wp","href":"https:\/\/api.w.org\/{rel}","templated":true}]}}