{"id":29779,"date":"2024-03-02T09:12:27","date_gmt":"2024-03-02T14:12:27","guid":{"rendered":"https:\/\/uniguajira.edu.co\/?page_id=29779"},"modified":"2025-05-22T09:36:06","modified_gmt":"2025-05-22T14:36:06","slug":"diplomado-en-pedagogia-y-didactica-del-entrenamiento-deportivo","status":"publish","type":"page","link":"https:\/\/uniguajira.edu.co\/wa\/universidad-de-la-guajira\/posgrado\/ofertas-academicas-de-posgrado\/educacion-continuada\/diplomados\/diplomado-en-pedagogia-y-didactica-del-entrenamiento-deportivo\/","title":{"rendered":"Diplomado en Pedagog\u00eda y Did\u00e1ctica del Entrenamiento Deportivo"},"content":{"rendered":"<div class=\"gb-container gb-container-401f9429\">\n<div class=\"gb-container gb-container-ba1b7665\">\n<div class=\"gb-container gb-container-95c6dbff\">\n<div class=\"gb-container gb-container-c97bdbaf\">\n<div class=\"gb-container gb-container-bab39621\">\n<div class=\"gb-container gb-container-ec84436e\">\n\n<h2 class=\"gb-headline gb-headline-95f9f224 gb-headline-text\"><strong>Diplomado con opci\u00f3n a grado<\/strong><\/h2>\n\n\n\n<p class=\"gb-headline gb-headline-d4a071fd gb-headline-text\">Este programa acad\u00e9mico est\u00e1 dise\u00f1ado para brindar a los profesionales del deporte y la educaci\u00f3n f\u00edsica las herramientas y conocimientos necesarios para elevar sus habilidades pedag\u00f3gicas y optimizar sus enfoques de entrenamiento.<br><\/p>\n\n\n\n<p class=\"gb-headline gb-headline-9c3c6663 gb-headline-text\">Este diplomado ofrece una visi\u00f3n integral de los aspectos pedag\u00f3gicos y did\u00e1cticos fundamentales para la planificaci\u00f3n, dise\u00f1o y ejecuci\u00f3n de programas de entrenamiento deportivo efectivos y centrados en el aprendizaje. A trav\u00e9s de m\u00f3dulos te\u00f3ricos y pr\u00e1cticos, los participantes adquirir\u00e1n competencias clave para mejorar la calidad de su ense\u00f1anza y liderazgo en el \u00e1mbito deportivo.<br><\/p>\n\n\n\n<p class=\"gb-headline gb-headline-b0837f05 gb-headline-text\"><strong>Namui\u2019injatu <\/strong>Licenciatura en Educaci\u00f3n F\u00edsica, Recreaci\u00f3n y Deporte.<\/p>\n\n<\/div>\n<\/div>\n<\/div>\n<\/div>\n\n<div class=\"gb-container gb-container-c42e1c48\">\n<div class=\"gb-container gb-container-c71cae41\" id=\"interes\">\n<div class=\"gb-container gb-container-558af432\">\n<div class=\"gb-container gb-container-61197dc1\">\n<div class=\"gb-container gb-container-14c73d23\">\n\n<details class=\"wp-block-details is-layout-flow wp-block-details-is-layout-flow\" open><summary>Informaci\u00f3n General<\/summary><div class=\"gb-container gb-container-5692accd\">\n<div class=\"gb-container gb-container-1db11728\">\n\n<div class=\"pdf-container\">\n    <object data=\"https:\/\/drive.google.com\/file\/d\/1ZG7Y4XfKlWGD0rsChDVC3aOT0RKZAbyr\/preview?usp=sharing\" type=\"application\/pdf\" width=\"100%\" height=\"600\" aria-label=\"Descripci\u00f3n del Diplomado en Pedagog\u00eda y Did\u00e1ctica del Entrenamiento Deportivo\">\n        <iframe loading=\"lazy\" src=\"https:\/\/drive.google.com\/file\/d\/1ZG7Y4XfKlWGD0rsChDVC3aOT0RKZAbyr\/preview?usp=sharing\" width=\"100%\" height=\"600\" aria-label=\"Descripcion Diplomado en Pedagog\u00eda y Did\u00e1ctica del Entrenamiento Deportivo\">\n            <p>Tu navegador no puede mostrar PDF. Puedes descargar el archivo <a href=\"https:\/\/drive.google.com\/file\/d\/1ZG7Y4XfKlWGD0rsChDVC3aOT0RKZAbyr\/preview?usp=sharing\" target=\"_blank\" rel=\"noopener\">aqu\u00ed<\/a>.<\/p>\n        <\/iframe>\n    <\/object>\n    <div class=\"pdf-footer\">\n        <p>Este documento PDF contiene el Diplomado en Pedagog\u00eda y Did\u00e1ctica del Entrenamiento Deportivo de la Universidad de La Guajira. Si tienes problemas para visualizar el archivo, puedes descargarlo directamente <a href=\"https:\/\/uniguajira.edu.co\/wa\/informacion-general-diplomado-en-pedagogia-y-didactica-del-entrenamiento-deportivo\/\" target=\"_blank\" rel=\"noopener\">aqu\u00ed<\/a>.<\/p>\n    <\/div>\n<\/div>\n\n<\/div>\n<\/div><\/details>\n\n<\/div>\n\n<div class=\"gb-container gb-container-5b197f68\">\n\n<details class=\"wp-block-details is-layout-flow wp-block-details-is-layout-flow\"><summary>Acceso al aula virtual<\/summary><div class=\"gb-container gb-container-9d49fbd7\">\n<div class=\"gb-container gb-container-52936399\">\n<div class=\"gb-container gb-container-a35c33bf\">\n\n<div id=\"section-g3e7b2a\" class=\"wp-block-gutentor-e6 section-g3e7b2a gutentor-element gutentor-element-image text-align-center-desktop imgt\"><div class=\"gutentor-element-image-box\"><div class=\"gutentor-image-thumb\"><img decoding=\"async\" class=\"normal-image\" src=\"https:\/\/uniguajira.edu.co\/wp-content\/uploads\/2024\/01\/aula-virtual-universidad-de-la-guajira.webp\" alt=\"Mu\u00f1eco sentado en un escritorio con los colores distintivos de la Universidad de La Guajira.\" \/><\/div><\/div><\/div>\n\n<\/div>\n\n<div class=\"gb-container gb-container-a0a79a0d\">\n<div class=\"gb-container gb-container-4291f870\">\n\n<p class=\"gb-headline gb-headline-6e415122 gb-headline-text\">Bienvenidos al aula virtual. Aqu\u00ed encontrar\u00e1s recursos interactivos, compa\u00f1eros y profesores, todo en un espacio flexible y c\u00f3modo.<\/p>\n\n<\/div>\n\n<div class=\"gb-container gb-container-9c94ac4b\">\n\n<span class=\"gb-button gb-button-4a615e75\" target=\"_blank\" rel=\"noopener noreferrer\" aria-label=\"Acceso al aula virtual\"><span class=\"gb-icon\"><svg fill=\"#e8eaed\" width=\"24px\" viewbox=\"0 -960 960 960\" height=\"24px\" xmlns=\"http:\/\/www.w3.org\/2000\/svg\"><path d=\"M40-480v-80h80v80H40Zm800 0v-80h80v80h-80ZM40-640v-80h80v80H40Zm800 0v-80h80v80h-80ZM40-800v-80h80v80H40Zm160 320v-80h80v80h-80Zm480 0v-80h80v80h-80Zm160-320v-80h80v80h-80Zm-640 0v-80h80v80h-80Zm160 0v-80h80v80h-80Zm160 0v-80h80v80h-80Zm160 0v-80h80v80h-80ZM473-40q-24 0-46-9t-39-26L184-280l33-34q14-14 34-19t40 0l69 20v-327q0-17 11.5-28.5T400-680q17 0 28.5 11.5T440-640v433l-98-28 103 103q6 6 13 9t15 3h167q33 0 56.5-23.5T720-200v-160q0-17 11.5-28.5T760-400q17 0 28.5 11.5T800-360v160q0 66-47 113T640-40H473Zm7-280v-160q0-17 11.5-28.5T520-520q17 0 28.5 11.5T560-480v160h-80Zm120 0v-120q0-17 11.5-28.5T640-480q17 0 28.5 11.5T680-440v120h-80Zm40 200H445h195Z\"><\/path><\/svg><\/span><span class=\"gb-button-text\">Acceso<\/span><\/span>\n\n<\/div>\n<\/div>\n<\/div>\n<\/div><\/details>\n\n<\/div>\n\n<div class=\"gb-container gb-container-d8c4ac51\">\n\n<details class=\"wp-block-details is-layout-flow wp-block-details-is-layout-flow\"><summary>&nbsp;Inscripci\u00f3n, cancelaci\u00f3n y devoluci\u00f3n<\/summary><div class=\"gb-container gb-container-42cf2b4a\">\n\n<p>Reserva tu cupo diligenciando el formulario de preinscripci\u00f3n. Recibir\u00e1s un correo ocho (8) d\u00edas antes del inicio de clases con el instructivo de pago para formalizar tu inscripci\u00f3n. No debes realizar ning\u00fan pago antes de recibir esta notificaci\u00f3n. Encuentra informaci\u00f3n detallada de nuestro proceso de inscripci\u00f3n aqu\u00ed.<\/p>\n\n\n\n<p>La Universidad de La Guajira se reserva el derecho de cancelar o aplazar un curso por razones administrativas.<\/p>\n\n<\/div><\/details>\n\n<\/div>\n<\/div>\n<\/div>\n<\/div>\n<\/div>\n<\/div>\n<\/div>","protected":false},"excerpt":{"rendered":"<p>Diplomado con opci\u00f3n a grado Este programa acad\u00e9mico est\u00e1 dise\u00f1ado para brindar a los profesionales del deporte y la educaci\u00f3n f\u00edsica las herramientas &#8230; <a title=\"Diplomado en Pedagog\u00eda y Did\u00e1ctica del Entrenamiento Deportivo\" class=\"read-more\" href=\"https:\/\/uniguajira.edu.co\/wa\/universidad-de-la-guajira\/posgrado\/ofertas-academicas-de-posgrado\/educacion-continuada\/diplomados\/diplomado-en-pedagogia-y-didactica-del-entrenamiento-deportivo\/\" aria-label=\"Read more about Diplomado en Pedagog\u00eda y Did\u00e1ctica del Entrenamiento Deportivo\">.<\/a><\/p>","protected":false},"author":3,"featured_media":24587,"parent":23435,"menu_order":0,"comment_status":"closed","ping_status":"closed","template":"","meta":{"footnotes":""},"class_list":{"0":"post-29779","1":"page","2":"type-page","3":"status-publish","4":"has-post-thumbnail","6":"infinite-scroll-item"},"yoast_head":"<!-- This site is optimized with the Yoast SEO Premium plugin v27.0 (Yoast SEO v27.0) - https:\/\/yoast.com\/product\/yoast-seo-premium-wordpress\/ -->\n<title>Diplomado en Pedagog\u00eda y Did\u00e1ctica del Entrenamiento Deportivo<\/title>\n<meta name=\"robots\" content=\"index, follow, max-snippet:-1, max-image-preview:large, max-video-preview:-1\" \/>\n<link rel=\"canonical\" href=\"https:\/\/uniguajira.edu.co\/wa\/universidad-de-la-guajira\/posgrado\/ofertas-academicas-de-posgrado\/educacion-continuada\/diplomados\/diplomado-en-pedagogia-y-didactica-del-entrenamiento-deportivo\/\" \/>\n<meta property=\"og:locale\" content=\"en_US\" \/>\n<meta property=\"og:type\" content=\"article\" \/>\n<meta property=\"og:title\" content=\"Diplomado en Pedagog\u00eda y Did\u00e1ctica del Entrenamiento Deportivo\" \/>\n<meta property=\"og:description\" content=\"Diplomado con opci\u00f3n a grado Este programa acad\u00e9mico est\u00e1 dise\u00f1ado para brindar a los profesionales del deporte y la educaci\u00f3n f\u00edsica las herramientas ... .\" \/>\n<meta property=\"og:url\" content=\"https:\/\/uniguajira.edu.co\/wa\/universidad-de-la-guajira\/posgrado\/ofertas-academicas-de-posgrado\/educacion-continuada\/diplomados\/diplomado-en-pedagogia-y-didactica-del-entrenamiento-deportivo\/\" \/>\n<meta property=\"og:site_name\" content=\"Universidad de La Guajira\" \/>\n<meta property=\"article:publisher\" content=\"https:\/\/www.facebook.com\/UniLaGuajira\/\" \/>\n<meta property=\"article:modified_time\" content=\"2025-05-22T14:36:06+00:00\" \/>\n<meta property=\"og:image\" content=\"https:\/\/uniguajira.edu.co\/wp-content\/uploads\/2024\/01\/Banner-Oferta-Academica.webp\" \/>\n\t<meta property=\"og:image:width\" content=\"1920\" \/>\n\t<meta property=\"og:image:height\" content=\"590\" \/>\n\t<meta property=\"og:image:type\" content=\"image\/webp\" \/>\n<meta name=\"twitter:card\" content=\"summary_large_image\" \/>\n<meta name=\"twitter:site\" content=\"@UniLaGuajira\" \/>\n<meta name=\"twitter:label1\" content=\"Est. reading time\" \/>\n\t<meta name=\"twitter:data1\" content=\"3 minutes\" \/>\n<script type=\"application\/ld+json\" class=\"yoast-schema-graph\">{\"@context\":\"https:\/\/schema.org\",\"@graph\":[{\"@type\":\"WebPage\",\"@id\":\"https:\/\/uniguajira.edu.co\/universidad-de-la-guajira\/posgrado\/ofertas-academicas-de-posgrado\/educacion-continuada\/diplomados\/diplomado-en-pedagogia-y-didactica-del-entrenamiento-deportivo\/\",\"url\":\"https:\/\/uniguajira.edu.co\/universidad-de-la-guajira\/posgrado\/ofertas-academicas-de-posgrado\/educacion-continuada\/diplomados\/diplomado-en-pedagogia-y-didactica-del-entrenamiento-deportivo\/\",\"name\":\"Diplomado en Pedagog\u00eda y Did\u00e1ctica del Entrenamiento Deportivo\",\"isPartOf\":{\"@id\":\"https:\/\/uniguajira.edu.co\/#website\"},\"primaryImageOfPage\":{\"@id\":\"https:\/\/uniguajira.edu.co\/universidad-de-la-guajira\/posgrado\/ofertas-academicas-de-posgrado\/educacion-continuada\/diplomados\/diplomado-en-pedagogia-y-didactica-del-entrenamiento-deportivo\/#primaryimage\"},\"image\":{\"@id\":\"https:\/\/uniguajira.edu.co\/universidad-de-la-guajira\/posgrado\/ofertas-academicas-de-posgrado\/educacion-continuada\/diplomados\/diplomado-en-pedagogia-y-didactica-del-entrenamiento-deportivo\/#primaryimage\"},\"thumbnailUrl\":\"https:\/\/uniguajira.edu.co\/wp-content\/uploads\/2024\/01\/Banner-Oferta-Academica.webp\",\"datePublished\":\"2024-03-02T14:12:27+00:00\",\"dateModified\":\"2025-05-22T14:36:06+00:00\",\"breadcrumb\":{\"@id\":\"https:\/\/uniguajira.edu.co\/universidad-de-la-guajira\/posgrado\/ofertas-academicas-de-posgrado\/educacion-continuada\/diplomados\/diplomado-en-pedagogia-y-didactica-del-entrenamiento-deportivo\/#breadcrumb\"},\"inLanguage\":\"wa-WA\",\"potentialAction\":[{\"@type\":\"ReadAction\",\"target\":[\"https:\/\/uniguajira.edu.co\/universidad-de-la-guajira\/posgrado\/ofertas-academicas-de-posgrado\/educacion-continuada\/diplomados\/diplomado-en-pedagogia-y-didactica-del-entrenamiento-deportivo\/\"]}]},{\"@type\":\"ImageObject\",\"inLanguage\":\"wa-WA\",\"@id\":\"https:\/\/uniguajira.edu.co\/universidad-de-la-guajira\/posgrado\/ofertas-academicas-de-posgrado\/educacion-continuada\/diplomados\/diplomado-en-pedagogia-y-didactica-del-entrenamiento-deportivo\/#primaryimage\",\"url\":\"https:\/\/uniguajira.edu.co\/wp-content\/uploads\/2024\/01\/Banner-Oferta-Academica.webp\",\"contentUrl\":\"https:\/\/uniguajira.edu.co\/wp-content\/uploads\/2024\/01\/Banner-Oferta-Academica.webp\",\"width\":1920,\"height\":590},{\"@type\":\"BreadcrumbList\",\"@id\":\"https:\/\/uniguajira.edu.co\/universidad-de-la-guajira\/posgrado\/ofertas-academicas-de-posgrado\/educacion-continuada\/diplomados\/diplomado-en-pedagogia-y-didactica-del-entrenamiento-deportivo\/#breadcrumb\",\"itemListElement\":[{\"@type\":\"ListItem\",\"position\":1,\"name\":\"\u2302 Uniguajira\",\"item\":\"https:\/\/uniguajira.edu.co\/\"},{\"@type\":\"ListItem\",\"position\":2,\"name\":\"Uniguajira\",\"item\":\"https:\/\/uniguajira.edu.co\/\"},{\"@type\":\"ListItem\",\"position\":3,\"name\":\"Posgrados\",\"item\":\"https:\/\/uniguajira.edu.co\/universidad-de-la-guajira\/posgrado\/\"},{\"@type\":\"ListItem\",\"position\":4,\"name\":\"Ofertas\",\"item\":\"https:\/\/uniguajira.edu.co\/universidad-de-la-guajira\/posgrado\/ofertas-academicas-de-posgrado\/\"},{\"@type\":\"ListItem\",\"position\":5,\"name\":\"Educaci\u00f3n continuada\",\"item\":\"https:\/\/uniguajira.edu.co\/universidad-de-la-guajira\/posgrado\/ofertas-academicas-de-posgrado\/educacion-continuada\/\"},{\"@type\":\"ListItem\",\"position\":6,\"name\":\"Diplomado\",\"item\":\"https:\/\/uniguajira.edu.co\/universidad-de-la-guajira\/posgrado\/ofertas-academicas-de-posgrado\/educacion-continuada\/diplomados\/\"},{\"@type\":\"ListItem\",\"position\":7,\"name\":\"Diplomado en Pedagog\u00eda y Did\u00e1ctica del Entrenamiento Deportivo\"}]},{\"@type\":\"WebSite\",\"@id\":\"https:\/\/uniguajira.edu.co\/#website\",\"url\":\"https:\/\/uniguajira.edu.co\/\",\"name\":\"UNIGUAJIRA\",\"description\":\"Descubre la educaci\u00f3n superior con oportunidades laborales, retos estudiantiles y tecnolog\u00eda innovadora. Alcanza el \u00e9xito acad\u00e9mico y explora el impacto social y la diversidad en un entorno de aprendizaje moderno. Ad\u00e1ptate con inteligencia artificial y pr\u00e1cticas profesionales para un crecimiento integral.\",\"publisher\":{\"@id\":\"https:\/\/uniguajira.edu.co\/#organization\"},\"alternateName\":\"Universidad de La Guajira\",\"potentialAction\":[{\"@type\":\"SearchAction\",\"target\":{\"@type\":\"EntryPoint\",\"urlTemplate\":\"https:\/\/uniguajira.edu.co\/?s={search_term_string}\"},\"query-input\":{\"@type\":\"PropertyValueSpecification\",\"valueRequired\":true,\"valueName\":\"search_term_string\"}}],\"inLanguage\":\"wa-WA\"},{\"@type\":\"Organization\",\"@id\":\"https:\/\/uniguajira.edu.co\/#organization\",\"name\":\"Universidad de La Guajira\",\"alternateName\":\"UNIGUAJIRA\",\"url\":\"https:\/\/uniguajira.edu.co\/\",\"logo\":{\"@type\":\"ImageObject\",\"inLanguage\":\"wa-WA\",\"@id\":\"https:\/\/uniguajira.edu.co\/#\/schema\/logo\/image\/\",\"url\":\"https:\/\/uniguajira.edu.co\/wp-content\/uploads\/2026\/01\/cropped-cropped-LOGOS-PAGINA-WEB-04-1.webp\",\"contentUrl\":\"https:\/\/uniguajira.edu.co\/wp-content\/uploads\/2026\/01\/cropped-cropped-LOGOS-PAGINA-WEB-04-1.webp\",\"width\":360,\"height\":72,\"caption\":\"Universidad de La Guajira\"},\"image\":{\"@id\":\"https:\/\/uniguajira.edu.co\/#\/schema\/logo\/image\/\"},\"sameAs\":[\"https:\/\/www.facebook.com\/UniLaGuajira\/\",\"https:\/\/x.com\/UniLaGuajira\",\"https:\/\/www.instagram.com\/uniguajira_\/\",\"https:\/\/www.youtube.com\/user\/UniLaGuajira\"]}]}<\/script>\n<!-- \/ Yoast SEO Premium plugin. -->","yoast_head_json":{"title":"Diplomado en Pedagog\u00eda y Did\u00e1ctica del Entrenamiento Deportivo","robots":{"index":"index","follow":"follow","max-snippet":"max-snippet:-1","max-image-preview":"max-image-preview:large","max-video-preview":"max-video-preview:-1"},"canonical":"https:\/\/uniguajira.edu.co\/wa\/universidad-de-la-guajira\/posgrado\/ofertas-academicas-de-posgrado\/educacion-continuada\/diplomados\/diplomado-en-pedagogia-y-didactica-del-entrenamiento-deportivo\/","og_locale":"en_US","og_type":"article","og_title":"Diplomado en Pedagog\u00eda y Did\u00e1ctica del Entrenamiento Deportivo","og_description":"Diplomado con opci\u00f3n a grado Este programa acad\u00e9mico est\u00e1 dise\u00f1ado para brindar a los profesionales del deporte y la educaci\u00f3n f\u00edsica las herramientas ... .","og_url":"https:\/\/uniguajira.edu.co\/wa\/universidad-de-la-guajira\/posgrado\/ofertas-academicas-de-posgrado\/educacion-continuada\/diplomados\/diplomado-en-pedagogia-y-didactica-del-entrenamiento-deportivo\/","og_site_name":"Universidad de La Guajira","article_publisher":"https:\/\/www.facebook.com\/UniLaGuajira\/","article_modified_time":"2025-05-22T14:36:06+00:00","og_image":[{"width":1920,"height":590,"url":"https:\/\/uniguajira.edu.co\/wp-content\/uploads\/2024\/01\/Banner-Oferta-Academica.webp","type":"image\/webp"}],"twitter_card":"summary_large_image","twitter_site":"@UniLaGuajira","twitter_misc":{"Est. reading time":"3 minutes"},"schema":{"@context":"https:\/\/schema.org","@graph":[{"@type":"WebPage","@id":"https:\/\/uniguajira.edu.co\/universidad-de-la-guajira\/posgrado\/ofertas-academicas-de-posgrado\/educacion-continuada\/diplomados\/diplomado-en-pedagogia-y-didactica-del-entrenamiento-deportivo\/","url":"https:\/\/uniguajira.edu.co\/universidad-de-la-guajira\/posgrado\/ofertas-academicas-de-posgrado\/educacion-continuada\/diplomados\/diplomado-en-pedagogia-y-didactica-del-entrenamiento-deportivo\/","name":"Diplomado en Pedagog\u00eda y Did\u00e1ctica del Entrenamiento Deportivo","isPartOf":{"@id":"https:\/\/uniguajira.edu.co\/#website"},"primaryImageOfPage":{"@id":"https:\/\/uniguajira.edu.co\/universidad-de-la-guajira\/posgrado\/ofertas-academicas-de-posgrado\/educacion-continuada\/diplomados\/diplomado-en-pedagogia-y-didactica-del-entrenamiento-deportivo\/#primaryimage"},"image":{"@id":"https:\/\/uniguajira.edu.co\/universidad-de-la-guajira\/posgrado\/ofertas-academicas-de-posgrado\/educacion-continuada\/diplomados\/diplomado-en-pedagogia-y-didactica-del-entrenamiento-deportivo\/#primaryimage"},"thumbnailUrl":"https:\/\/uniguajira.edu.co\/wp-content\/uploads\/2024\/01\/Banner-Oferta-Academica.webp","datePublished":"2024-03-02T14:12:27+00:00","dateModified":"2025-05-22T14:36:06+00:00","breadcrumb":{"@id":"https:\/\/uniguajira.edu.co\/universidad-de-la-guajira\/posgrado\/ofertas-academicas-de-posgrado\/educacion-continuada\/diplomados\/diplomado-en-pedagogia-y-didactica-del-entrenamiento-deportivo\/#breadcrumb"},"inLanguage":"wa-WA","potentialAction":[{"@type":"ReadAction","target":["https:\/\/uniguajira.edu.co\/universidad-de-la-guajira\/posgrado\/ofertas-academicas-de-posgrado\/educacion-continuada\/diplomados\/diplomado-en-pedagogia-y-didactica-del-entrenamiento-deportivo\/"]}]},{"@type":"ImageObject","inLanguage":"wa-WA","@id":"https:\/\/uniguajira.edu.co\/universidad-de-la-guajira\/posgrado\/ofertas-academicas-de-posgrado\/educacion-continuada\/diplomados\/diplomado-en-pedagogia-y-didactica-del-entrenamiento-deportivo\/#primaryimage","url":"https:\/\/uniguajira.edu.co\/wp-content\/uploads\/2024\/01\/Banner-Oferta-Academica.webp","contentUrl":"https:\/\/uniguajira.edu.co\/wp-content\/uploads\/2024\/01\/Banner-Oferta-Academica.webp","width":1920,"height":590},{"@type":"BreadcrumbList","@id":"https:\/\/uniguajira.edu.co\/universidad-de-la-guajira\/posgrado\/ofertas-academicas-de-posgrado\/educacion-continuada\/diplomados\/diplomado-en-pedagogia-y-didactica-del-entrenamiento-deportivo\/#breadcrumb","itemListElement":[{"@type":"ListItem","position":1,"name":"\u2302 Uniguajira","item":"https:\/\/uniguajira.edu.co\/"},{"@type":"ListItem","position":2,"name":"Uniguajira","item":"https:\/\/uniguajira.edu.co\/"},{"@type":"ListItem","position":3,"name":"Posgrados","item":"https:\/\/uniguajira.edu.co\/universidad-de-la-guajira\/posgrado\/"},{"@type":"ListItem","position":4,"name":"Ofertas","item":"https:\/\/uniguajira.edu.co\/universidad-de-la-guajira\/posgrado\/ofertas-academicas-de-posgrado\/"},{"@type":"ListItem","position":5,"name":"Educaci\u00f3n continuada","item":"https:\/\/uniguajira.edu.co\/universidad-de-la-guajira\/posgrado\/ofertas-academicas-de-posgrado\/educacion-continuada\/"},{"@type":"ListItem","position":6,"name":"Diplomado","item":"https:\/\/uniguajira.edu.co\/universidad-de-la-guajira\/posgrado\/ofertas-academicas-de-posgrado\/educacion-continuada\/diplomados\/"},{"@type":"ListItem","position":7,"name":"Diplomado en Pedagog\u00eda y Did\u00e1ctica del Entrenamiento Deportivo"}]},{"@type":"WebSite","@id":"https:\/\/uniguajira.edu.co\/#website","url":"https:\/\/uniguajira.edu.co\/","name":"UNIGUAJIRA","description":"Descubre la educaci\u00f3n superior con oportunidades laborales, retos estudiantiles y tecnolog\u00eda innovadora. Alcanza el \u00e9xito acad\u00e9mico y explora el impacto social y la diversidad en un entorno de aprendizaje moderno. Ad\u00e1ptate con inteligencia artificial y pr\u00e1cticas profesionales para un crecimiento integral.","publisher":{"@id":"https:\/\/uniguajira.edu.co\/#organization"},"alternateName":"Universidad de La Guajira","potentialAction":[{"@type":"SearchAction","target":{"@type":"EntryPoint","urlTemplate":"https:\/\/uniguajira.edu.co\/?s={search_term_string}"},"query-input":{"@type":"PropertyValueSpecification","valueRequired":true,"valueName":"search_term_string"}}],"inLanguage":"wa-WA"},{"@type":"Organization","@id":"https:\/\/uniguajira.edu.co\/#organization","name":"Shikii Ekirajia P\u00fclee Wajiira","alternateName":"UNIGUAJIRA","url":"https:\/\/uniguajira.edu.co\/","logo":{"@type":"ImageObject","inLanguage":"wa-WA","@id":"https:\/\/uniguajira.edu.co\/#\/schema\/logo\/image\/","url":"https:\/\/uniguajira.edu.co\/wp-content\/uploads\/2026\/01\/cropped-cropped-LOGOS-PAGINA-WEB-04-1.webp","contentUrl":"https:\/\/uniguajira.edu.co\/wp-content\/uploads\/2026\/01\/cropped-cropped-LOGOS-PAGINA-WEB-04-1.webp","width":360,"height":72,"caption":"Universidad de La Guajira"},"image":{"@id":"https:\/\/uniguajira.edu.co\/#\/schema\/logo\/image\/"},"sameAs":["https:\/\/www.facebook.com\/UniLaGuajira\/","https:\/\/x.com\/UniLaGuajira","https:\/\/www.instagram.com\/uniguajira_\/","https:\/\/www.youtube.com\/user\/UniLaGuajira"]}]}},"_hostinger_reach_plugin_has_subscription_block":false,"_hostinger_reach_plugin_is_elementor":false,"_links":{"self":[{"href":"https:\/\/uniguajira.edu.co\/wa\/wp-json\/wp\/v2\/pages\/29779","targetHints":{"allow":["GET"]}}],"collection":[{"href":"https:\/\/uniguajira.edu.co\/wa\/wp-json\/wp\/v2\/pages"}],"about":[{"href":"https:\/\/uniguajira.edu.co\/wa\/wp-json\/wp\/v2\/types\/page"}],"author":[{"embeddable":true,"href":"https:\/\/uniguajira.edu.co\/wa\/wp-json\/wp\/v2\/users\/3"}],"replies":[{"embeddable":true,"href":"https:\/\/uniguajira.edu.co\/wa\/wp-json\/wp\/v2\/comments?post=29779"}],"version-history":[{"count":0,"href":"https:\/\/uniguajira.edu.co\/wa\/wp-json\/wp\/v2\/pages\/29779\/revisions"}],"up":[{"embeddable":true,"href":"https:\/\/uniguajira.edu.co\/wa\/wp-json\/wp\/v2\/pages\/23435"}],"wp:featuredmedia":[{"embeddable":true,"href":"https:\/\/uniguajira.edu.co\/wa\/wp-json\/wp\/v2\/media\/24587"}],"wp:attachment":[{"href":"https:\/\/uniguajira.edu.co\/wa\/wp-json\/wp\/v2\/media?parent=29779"}],"curies":[{"name":"wp","href":"https:\/\/api.w.org\/{rel}","templated":true}]}}