{"id":26453,"date":"2024-02-07T16:00:13","date_gmt":"2024-02-07T21:00:13","guid":{"rendered":"https:\/\/uniguajira.edu.co\/?page_id=26453"},"modified":"2024-08-27T16:33:24","modified_gmt":"2024-08-27T21:33:24","slug":"definiciones-de-las-practicas-academicas","status":"publish","type":"page","link":"https:\/\/uniguajira.edu.co\/wa\/universidad-de-la-guajira\/practicas-academicas\/presentacion-de-practicas-academicas\/definiciones-de-las-practicas-academicas\/","title":{"rendered":"Definiciones de las pr\u00e1cticas acad\u00e9micas"},"content":{"rendered":"<div class=\"gb-container gb-container-d796b7e0\">\n<div class=\"gb-container gb-container-4d72301d\">\n<div class=\"gb-container gb-container-570b9a30\">\n<div class=\"gb-container gb-container-1db11728\">\n\n<p class=\"gb-headline gb-headline-8b7a924c gb-headline-text\">El Diccionario de Definiciones del Centro de Pr\u00e1cticas de la Universidad de La Guajira es una herramienta esencial para estudiantes, docentes y colaboradores involucrados en programas de pr\u00e1cticas. Este recurso recopila y clarifica t\u00e9rminos, conceptos y procedimientos relacionados con el \u00e1mbito de las pr\u00e1cticas acad\u00e9micas y profesionales, brindando una gu\u00eda completa y accesible para comprender el vocabulario espec\u00edfico de este campo.<\/p>\n\n\n\n<p class=\"gb-headline gb-headline-8321e15e gb-headline-text\">En este diccionario, encontrar\u00e1 definiciones precisas y actualizadas de conceptos clave, abarcando temas como los tipos de pr\u00e1cticas, los roles y responsabilidades de los participantes, los requisitos legales y \u00e9ticos, y los procesos de evaluaci\u00f3n. Adem\u00e1s, se incluyen ejemplos y ejercicios que ayudan a los usuarios a aplicar estos t\u00e9rminos de manera pr\u00e1ctica.<\/p>\n\n\n\n<p class=\"gb-headline gb-headline-28183f1e gb-headline-text\">Nuestro objetivo con este recurso es promover la comprensi\u00f3n y el di\u00e1logo efectivo entre todos los actores involucrados en las pr\u00e1cticas, facilitando as\u00ed experiencias de calidad y coherentes con los est\u00e1ndares educativos y profesionales. El Diccionario de Definiciones es una herramienta din\u00e1mica que se actualiza peri\u00f3dicamente para reflejar los cambios en el campo de las pr\u00e1cticas y garantizar su relevancia continua en el contexto de la Universidad de La Guajira.<\/p>\n\n\n<div class=\"gb-container gb-container-10a57636 infpro\">\n\n<section id=\"fdc18e\" class=\"section-fdc18e gutentor-module gutentor-module-tabs gutentor-tabs-layout-vertical gutentor-tabs-left\"><div class=\"grid-container\"><div class=\"gutentor-module-tabs-wrap gutentor-tabs-style-outline\" data-id=\"fdc18e\"><div class=\"gutentor-module-tabs-nav\"><span class=\"gutentor-module-tabs-item gm-tt-fdc18e gutentor-tabs-nav-active\"><span class=\"gutentor-module-tabs-title\">A<\/span><\/span><span class=\"gutentor-module-tabs-item gm-tt-fdc18e\"><span class=\"gutentor-module-tabs-title\">C<\/span><\/span><span class=\"gutentor-module-tabs-item gm-tt-fdc18e\"><span class=\"gutentor-module-tabs-title\">D<\/span><\/span><span class=\"gutentor-module-tabs-item gm-tt-fdc18e\"><span class=\"gutentor-module-tabs-title\">E<\/span><\/span><span class=\"gutentor-module-tabs-item gm-tt-fdc18e\"><span class=\"gutentor-module-tabs-title\">G<\/span><\/span><span class=\"gutentor-module-tabs-item gm-tt-fdc18e\"><span class=\"gutentor-module-tabs-title\">I<\/span><\/span><span class=\"gutentor-module-tabs-item gm-tt-fdc18e\"><span class=\"gutentor-module-tabs-title\">J<\/span><\/span><span class=\"gutentor-module-tabs-item gm-tt-fdc18e\"><span class=\"gutentor-module-tabs-title\">O<\/span><\/span><span class=\"gutentor-module-tabs-item gm-tt-fdc18e\"><span class=\"gutentor-module-tabs-title\">P<\/span><\/span><span class=\"gutentor-module-tabs-item gm-tt-fdc18e\"><span class=\"gutentor-module-tabs-title\">S<\/span><\/span><\/div><div class=\"gutentor-module-tabs-body\">\n<div class=\"wp-block-gutentor-m7-tab gutentor-module-tabs-content gm-tc-fdc18e gutentor-tabs-content-active\"><div class=\"gb-container gb-container-085e6cca\">\n\n<p class=\"gb-headline gb-headline-0d07b5d1 gb-headline-text\"><strong>Acta: <\/strong>Documento donde se escribe un evento del contrato o lo tratado en una reuni\u00f3n, dejando constancia de los compromisos y tareas pactadas e indicando el responsable de cada uno de ellas.<\/p>\n\n\n\n<p class=\"gb-headline gb-headline-6ef10e3b gb-headline-text\"><strong>Acta de evaluaci\u00f3n final de la modalidad de grado:<\/strong> Documento escrito que consigna lo acordado por las partes en lo que respecta al veredicto final de la evaluaci\u00f3n presentada y desarrollada por el estudiante.<\/p>\n\n<\/div><\/div>\n\n\n\n<div class=\"wp-block-gutentor-m7-tab gutentor-module-tabs-content gm-tc-fdc18e\"><div class=\"gb-container gb-container-33b83ca3\">\n\n<p class=\"gb-headline gb-headline-04b7e52a gb-headline-text\"><strong>Control de calidad: <\/strong>Es el proceso mediante el cual se verifican las condiciones de los materiales, elementos, m\u00e9todos, modelos, normas, etc., que se utilizan, de acuerdo con las especificaciones requeridas para la ejecuci\u00f3n del contrato de obras civiles.<\/p>\n\n\n\n<p class=\"gb-headline gb-headline-ddfc0784 gb-headline-text\"><strong>Convenios:<\/strong> Son aquellos acuerdos de voluntades mediante los cuales las partes establecen compromisos e intenciones generales o espec\u00edficos de cooperaci\u00f3n mutua, para desarrollar en forma planificada actividades de inter\u00e9s y beneficio com\u00fan. Los convenios podr\u00e1n materializarse mediante acuerdos, memorandos, actas o cartas de entendimiento.<\/p>\n\n<\/div><\/div>\n\n\n\n<div class=\"wp-block-gutentor-m7-tab gutentor-module-tabs-content gm-tc-fdc18e\"><div class=\"gb-container gb-container-300a7238\">\n\n<p class=\"gb-headline gb-headline-79eb5156 gb-headline-text\"><strong>Documento<\/strong>: Informaci\u00f3n y su medio de soporte, los documentos pueden ser registros, especificaciones, procedimientos documentados, dibujos, gr\u00e1ficos, esquemas, informes y normas.<\/p>\n\n\n\n<p class=\"gb-headline gb-headline-528434bc gb-headline-text\"><strong>Nota:<\/strong> el medio de soporte puede ser papel, disco magn\u00e9tico \u00f3ptico o electr\u00f3nico, fotograf\u00eda o muestra patr\u00f3n o una combinaci\u00f3n de uno de estos.<\/p>\n\n\n\n<p class=\"gb-headline gb-headline-a89fd4f3 gb-headline-text\"><strong>Docente\/coordinador de pr\u00e1cticas:<\/strong> M\u00e1xima autoridad acad\u00e9mica en el recinto quien toma las decisiones, seg\u00fan sea su criterio, ante cualquier eventualidad que se presente.<\/p>\n\n<\/div><\/div>\n\n\n\n<div class=\"wp-block-gutentor-m7-tab gutentor-module-tabs-content gm-tc-fdc18e\"><div class=\"gb-container gb-container-e1e7c09a\">\n\n<p class=\"gb-headline gb-headline-73673e04 gb-headline-text\"><strong>Evaluaci\u00f3n: <\/strong>Herramienta que mide los logros que en los estudiantes ha alcanzado la ense\u00f1anza, es decir el aprendizaje.<\/p>\n\n\n\n<p class=\"gb-headline gb-headline-e1ee327a gb-headline-text\"><strong>Evaluador:<\/strong> El evaluador ser\u00e1 un profesional cuyo perfil y experiencia laboral sean afines a la tem\u00e1tica del trabajo de grado. \u00c9ste ser\u00e1 designado por el Consejo de Facultad, una vez el director haya otorgado el aval al trabajo de grado del estudiante.<\/p>\n\n<\/div><\/div>\n\n\n\n<div class=\"wp-block-gutentor-m7-tab gutentor-module-tabs-content gm-tc-fdc18e\"><div class=\"gb-container gb-container-77de0b89\">\n\n<p class=\"gb-headline gb-headline-d7bf3ee6 gb-headline-text\"><strong>Gesti\u00f3n: <\/strong>Comprende el proceso mediante el cual se apoya al estudiante para la consecuci\u00f3n previo a la aplicaci\u00f3n<\/p>\n\n<\/div><\/div>\n\n\n\n<div class=\"wp-block-gutentor-m7-tab gutentor-module-tabs-content gm-tc-fdc18e\"><div class=\"gb-container gb-container-700af933\">\n\n<p class=\"gb-headline gb-headline-903ef2a5 gb-headline-text\"><strong>Informe final: <\/strong>Documento acad\u00e9mico que da cuenta de los resultados de la experiencia alcanzados en la pr\u00e1ctica realizada por el estudiante en el \u00faltimo semestre de su nivel t\u00e9cnico que evidencian la puesta en marcha de los conocimientos adquiridos en su proceso formativo.<\/p>\n\n<\/div><\/div>\n\n\n\n<div class=\"wp-block-gutentor-m7-tab gutentor-module-tabs-content gm-tc-fdc18e\"><div class=\"gb-container gb-container-a1518b8a\">\n\n<p class=\"gb-headline gb-headline-11e7a00c gb-headline-text\"><strong>Judicatura: <\/strong>Desarrollo de los conocimientos te\u00f3ricos adquiridos en la Universidad de La Guajira, los cuales se llevan a la pr\u00e1ctica mediante el ejercicio de cargos o actividades que impliquen el ejercicio de la profesi\u00f3n en una entidad p\u00fablica o privada, congruentes con las normas legales vigentes que le aplican. Esta modalidad se contempla solo para los estudiantes del Programa de Derecho.<\/p>\n\n<\/div><\/div>\n\n\n\n<div class=\"wp-block-gutentor-m7-tab gutentor-module-tabs-content gm-tc-fdc18e\"><div class=\"gb-container gb-container-8bb288d9\">\n\n<p class=\"gb-headline gb-headline-b4729437 gb-headline-text\"><strong>Obligaciones:<\/strong> Son los compromisos espec\u00edficos que adquiere cada una de las partes, en virtud del acuerdo de voluntades. Las obligaciones deben ser claras, detalladas y ponderables, de manera tal que se permita su seguimiento y evaluaci\u00f3n.<\/p>\n\n<\/div><\/div>\n\n\n\n<div class=\"wp-block-gutentor-m7-tab gutentor-module-tabs-content gm-tc-fdc18e\"><div class=\"gb-container gb-container-24d026fe\">\n\n<p class=\"gb-headline gb-headline-b48ed383 gb-headline-text\"><strong>Pr\u00e1cticas acad\u00e9micas:<\/strong> Contribuye a la formaci\u00f3n integral del estudiante a trav\u00e9s de la combinaci\u00f3n de conocimientos te\u00f3ricos adquiridos en el aula con aspectos pr\u00e1cticas de la realidad profesional. Es fuente de informaci\u00f3n permanente para la adecuaci\u00f3n y actualizaci\u00f3n de los planes y programas de estudio, asimismo, fortalece y consolida la vinculaci\u00f3n de la Universidad con el entorno social y productivo.<\/p>\n\n\n\n<p class=\"gb-headline gb-headline-1bc4d2b9 gb-headline-text\"><strong>Pr\u00e1ctica empresarial:<\/strong> Actividad que un estudiante realiza durante un tiempo determinado, relacionado con el cumplimiento de funciones, en una organizaci\u00f3n p\u00fablica o privada de car\u00e1cter territorial, nacional o internacional; tiene como prop\u00f3sito consolidar las competencias de formaci\u00f3n del estudiante, complementando y confrontando los conocimientos, habilidades y destrezas profesionales frente a la realidad de una organizaci\u00f3n.<\/p>\n\n\n\n<p class=\"gb-headline gb-headline-d33f4301 gb-headline-text\"><strong>Pr\u00e1ctica pedag\u00f3gica:<\/strong> Se concibe como un proceso de autorreflexi\u00f3n, que se convierte en el espacio de conceptualizaci\u00f3n, investigaci\u00f3n y experimentaci\u00f3n did\u00e1ctica, donde el estudiante de licenciatura aborda saberes de manera articulada y desde diferentes disciplinas que enriquecen la comprensi\u00f3n del proceso educativo y de la funci\u00f3n docente en el mismo.<\/p>\n\n\n\n<p class=\"gb-headline gb-headline-dde0e4d0 gb-headline-text\"><strong>Procedimiento: <\/strong>Documento del Sistema Integrado de Gesti\u00f3n para la Calidad de la Universidad de La Guajira (SIG) que establece la forma espec\u00edfica para llevar a cabo un conjunto de actividades que hacen parte de un proceso. Describe qu\u00e9 debe hacerse, qui\u00e9n debe hacerlo, cu\u00e1ndo, d\u00f3nde, c\u00f3mo se hace y los recursos que son necesarios.<\/p>\n\n\n\n<p class=\"gb-headline gb-headline-8378e566 gb-headline-text\"><strong>Plazo: <\/strong>Es el t\u00e9rmino dentro del cual las partes deben cumplir con el objeto y obligaciones adquiridas a trav\u00e9s del acuerdo de voluntades. Empezar\u00e1 a contarse de manera general cuando se cumplan todos los requisitos de perfeccionamiento y legalizaci\u00f3n, o los dem\u00e1s que se hayan pactado para el inicio de la ejecuci\u00f3n.<\/p>\n\n<\/div><\/div>\n\n\n\n<div class=\"wp-block-gutentor-m7-tab gutentor-module-tabs-content gm-tc-fdc18e\"><div class=\"gb-container gb-container-a82a8cfe\">\n\n<p class=\"gb-headline gb-headline-53fd46e9 gb-headline-text\"><strong>SIG:<\/strong> Sigla utilizada para identificar el Sistema Integrado de Gesti\u00f3n para la Calidad de la Universidad de La Guajira.<\/p>\n\n\n\n<p class=\"gb-headline gb-headline-347eb05b gb-headline-text\"><strong>Sustentaci\u00f3n:<\/strong> Es considerada como el acto acad\u00e9mico en el cual el estudiante expone en p\u00fablico los aspectos pertinentes del trabajo escrito; dicho acto se debe evaluar teniendo en cuenta los criterios contemplados en el formato para tal fin.<\/p>\n\n<\/div><\/div>\n<\/div><\/div><\/div><\/section>\n\n<\/div>\n<\/div>\n<\/div>\n<\/div>\n<\/div>","protected":false},"excerpt":{"rendered":"<p>El Diccionario de Definiciones del Centro de Pr\u00e1cticas de la Universidad de La Guajira es una herramienta esencial para estudiantes, docentes y colaboradores &#8230; <a title=\"Definiciones de las pr\u00e1cticas acad\u00e9micas\" class=\"read-more\" href=\"https:\/\/uniguajira.edu.co\/wa\/universidad-de-la-guajira\/practicas-academicas\/presentacion-de-practicas-academicas\/definiciones-de-las-practicas-academicas\/\" aria-label=\"Read more about Definiciones de las pr\u00e1cticas acad\u00e9micas\">.<\/a><\/p>","protected":false},"author":3,"featured_media":25038,"parent":31463,"menu_order":0,"comment_status":"closed","ping_status":"closed","template":"","meta":{"footnotes":""},"class_list":{"0":"post-26453","1":"page","2":"type-page","3":"status-publish","4":"has-post-thumbnail","6":"infinite-scroll-item"},"yoast_head":"<!-- This site is optimized with the Yoast SEO Premium plugin v27.0 (Yoast SEO v27.0) - https:\/\/yoast.com\/product\/yoast-seo-premium-wordpress\/ -->\n<title>Definiciones de las pr\u00e1cticas acad\u00e9micas<\/title>\n<meta name=\"robots\" content=\"index, follow, max-snippet:-1, max-image-preview:large, max-video-preview:-1\" \/>\n<link rel=\"canonical\" href=\"https:\/\/uniguajira.edu.co\/wa\/universidad-de-la-guajira\/practicas-academicas\/presentacion-de-practicas-academicas\/definiciones-de-las-practicas-academicas\/\" \/>\n<meta property=\"og:locale\" content=\"en_US\" \/>\n<meta property=\"og:type\" content=\"article\" \/>\n<meta property=\"og:title\" content=\"Definiciones de las pr\u00e1cticas acad\u00e9micas\" \/>\n<meta property=\"og:description\" content=\"El Diccionario de Definiciones del Centro de Pr\u00e1cticas de la Universidad de La Guajira es una herramienta esencial para estudiantes, docentes y colaboradores ... .\" \/>\n<meta property=\"og:url\" content=\"https:\/\/uniguajira.edu.co\/wa\/universidad-de-la-guajira\/practicas-academicas\/presentacion-de-practicas-academicas\/definiciones-de-las-practicas-academicas\/\" \/>\n<meta property=\"og:site_name\" content=\"Universidad de La Guajira\" \/>\n<meta property=\"article:publisher\" content=\"https:\/\/www.facebook.com\/UniLaGuajira\/\" \/>\n<meta property=\"article:modified_time\" content=\"2024-08-27T21:33:24+00:00\" \/>\n<meta property=\"og:image\" content=\"https:\/\/uniguajira.edu.co\/wp-content\/uploads\/2024\/01\/bannepracticas23.webp\" \/>\n\t<meta property=\"og:image:width\" content=\"1920\" \/>\n\t<meta property=\"og:image:height\" content=\"590\" \/>\n\t<meta property=\"og:image:type\" content=\"image\/webp\" \/>\n<meta name=\"twitter:card\" content=\"summary_large_image\" \/>\n<meta name=\"twitter:site\" content=\"@UniLaGuajira\" \/>\n<meta name=\"twitter:label1\" content=\"Est. reading time\" \/>\n\t<meta name=\"twitter:data1\" content=\"5 minutes\" \/>\n<script type=\"application\/ld+json\" class=\"yoast-schema-graph\">{\"@context\":\"https:\/\/schema.org\",\"@graph\":[{\"@type\":\"WebPage\",\"@id\":\"https:\/\/uniguajira.edu.co\/universidad-de-la-guajira\/practicas-academicas\/presentacion-de-practicas-academicas\/definiciones-de-las-practicas-academicas\/\",\"url\":\"https:\/\/uniguajira.edu.co\/universidad-de-la-guajira\/practicas-academicas\/presentacion-de-practicas-academicas\/definiciones-de-las-practicas-academicas\/\",\"name\":\"Definiciones de las pr\u00e1cticas acad\u00e9micas\",\"isPartOf\":{\"@id\":\"https:\/\/uniguajira.edu.co\/#website\"},\"primaryImageOfPage\":{\"@id\":\"https:\/\/uniguajira.edu.co\/universidad-de-la-guajira\/practicas-academicas\/presentacion-de-practicas-academicas\/definiciones-de-las-practicas-academicas\/#primaryimage\"},\"image\":{\"@id\":\"https:\/\/uniguajira.edu.co\/universidad-de-la-guajira\/practicas-academicas\/presentacion-de-practicas-academicas\/definiciones-de-las-practicas-academicas\/#primaryimage\"},\"thumbnailUrl\":\"https:\/\/uniguajira.edu.co\/wp-content\/uploads\/2024\/01\/bannepracticas23.webp\",\"datePublished\":\"2024-02-07T21:00:13+00:00\",\"dateModified\":\"2024-08-27T21:33:24+00:00\",\"breadcrumb\":{\"@id\":\"https:\/\/uniguajira.edu.co\/universidad-de-la-guajira\/practicas-academicas\/presentacion-de-practicas-academicas\/definiciones-de-las-practicas-academicas\/#breadcrumb\"},\"inLanguage\":\"wa-WA\",\"potentialAction\":[{\"@type\":\"ReadAction\",\"target\":[\"https:\/\/uniguajira.edu.co\/universidad-de-la-guajira\/practicas-academicas\/presentacion-de-practicas-academicas\/definiciones-de-las-practicas-academicas\/\"]}]},{\"@type\":\"ImageObject\",\"inLanguage\":\"wa-WA\",\"@id\":\"https:\/\/uniguajira.edu.co\/universidad-de-la-guajira\/practicas-academicas\/presentacion-de-practicas-academicas\/definiciones-de-las-practicas-academicas\/#primaryimage\",\"url\":\"https:\/\/uniguajira.edu.co\/wp-content\/uploads\/2024\/01\/bannepracticas23.webp\",\"contentUrl\":\"https:\/\/uniguajira.edu.co\/wp-content\/uploads\/2024\/01\/bannepracticas23.webp\",\"width\":1920,\"height\":590},{\"@type\":\"BreadcrumbList\",\"@id\":\"https:\/\/uniguajira.edu.co\/universidad-de-la-guajira\/practicas-academicas\/presentacion-de-practicas-academicas\/definiciones-de-las-practicas-academicas\/#breadcrumb\",\"itemListElement\":[{\"@type\":\"ListItem\",\"position\":1,\"name\":\"\u2302 Uniguajira\",\"item\":\"https:\/\/uniguajira.edu.co\/\"},{\"@type\":\"ListItem\",\"position\":2,\"name\":\"Uniguajira\",\"item\":\"https:\/\/uniguajira.edu.co\/\"},{\"@type\":\"ListItem\",\"position\":3,\"name\":\"Pr\u00e1cticas Acad\u00e9micas\",\"item\":\"https:\/\/uniguajira.edu.co\/universidad-de-la-guajira\/practicas-academicas\/\"},{\"@type\":\"ListItem\",\"position\":4,\"name\":\"Presentaci\u00f3n\",\"item\":\"https:\/\/uniguajira.edu.co\/universidad-de-la-guajira\/practicas-academicas\/presentacion-de-practicas-academicas\/\"},{\"@type\":\"ListItem\",\"position\":5,\"name\":\"Definiciones\"}]},{\"@type\":\"WebSite\",\"@id\":\"https:\/\/uniguajira.edu.co\/#website\",\"url\":\"https:\/\/uniguajira.edu.co\/\",\"name\":\"UNIGUAJIRA\",\"description\":\"Descubre la educaci\u00f3n superior con oportunidades laborales, retos estudiantiles y tecnolog\u00eda innovadora. Alcanza el \u00e9xito acad\u00e9mico y explora el impacto social y la diversidad en un entorno de aprendizaje moderno. Ad\u00e1ptate con inteligencia artificial y pr\u00e1cticas profesionales para un crecimiento integral.\",\"publisher\":{\"@id\":\"https:\/\/uniguajira.edu.co\/#organization\"},\"alternateName\":\"Universidad de La Guajira\",\"potentialAction\":[{\"@type\":\"SearchAction\",\"target\":{\"@type\":\"EntryPoint\",\"urlTemplate\":\"https:\/\/uniguajira.edu.co\/?s={search_term_string}\"},\"query-input\":{\"@type\":\"PropertyValueSpecification\",\"valueRequired\":true,\"valueName\":\"search_term_string\"}}],\"inLanguage\":\"wa-WA\"},{\"@type\":\"Organization\",\"@id\":\"https:\/\/uniguajira.edu.co\/#organization\",\"name\":\"Universidad de La Guajira\",\"alternateName\":\"UNIGUAJIRA\",\"url\":\"https:\/\/uniguajira.edu.co\/\",\"logo\":{\"@type\":\"ImageObject\",\"inLanguage\":\"wa-WA\",\"@id\":\"https:\/\/uniguajira.edu.co\/#\/schema\/logo\/image\/\",\"url\":\"https:\/\/uniguajira.edu.co\/wp-content\/uploads\/2026\/01\/cropped-cropped-LOGOS-PAGINA-WEB-04-1.webp\",\"contentUrl\":\"https:\/\/uniguajira.edu.co\/wp-content\/uploads\/2026\/01\/cropped-cropped-LOGOS-PAGINA-WEB-04-1.webp\",\"width\":360,\"height\":72,\"caption\":\"Universidad de La Guajira\"},\"image\":{\"@id\":\"https:\/\/uniguajira.edu.co\/#\/schema\/logo\/image\/\"},\"sameAs\":[\"https:\/\/www.facebook.com\/UniLaGuajira\/\",\"https:\/\/x.com\/UniLaGuajira\",\"https:\/\/www.instagram.com\/uniguajira_\/\",\"https:\/\/www.youtube.com\/user\/UniLaGuajira\"]}]}<\/script>\n<!-- \/ Yoast SEO Premium plugin. -->","yoast_head_json":{"title":"Definiciones de las pr\u00e1cticas acad\u00e9micas","robots":{"index":"index","follow":"follow","max-snippet":"max-snippet:-1","max-image-preview":"max-image-preview:large","max-video-preview":"max-video-preview:-1"},"canonical":"https:\/\/uniguajira.edu.co\/wa\/universidad-de-la-guajira\/practicas-academicas\/presentacion-de-practicas-academicas\/definiciones-de-las-practicas-academicas\/","og_locale":"en_US","og_type":"article","og_title":"Definiciones de las pr\u00e1cticas acad\u00e9micas","og_description":"El Diccionario de Definiciones del Centro de Pr\u00e1cticas de la Universidad de La Guajira es una herramienta esencial para estudiantes, docentes y colaboradores ... .","og_url":"https:\/\/uniguajira.edu.co\/wa\/universidad-de-la-guajira\/practicas-academicas\/presentacion-de-practicas-academicas\/definiciones-de-las-practicas-academicas\/","og_site_name":"Universidad de La Guajira","article_publisher":"https:\/\/www.facebook.com\/UniLaGuajira\/","article_modified_time":"2024-08-27T21:33:24+00:00","og_image":[{"width":1920,"height":590,"url":"https:\/\/uniguajira.edu.co\/wp-content\/uploads\/2024\/01\/bannepracticas23.webp","type":"image\/webp"}],"twitter_card":"summary_large_image","twitter_site":"@UniLaGuajira","twitter_misc":{"Est. reading time":"5 minutes"},"schema":{"@context":"https:\/\/schema.org","@graph":[{"@type":"WebPage","@id":"https:\/\/uniguajira.edu.co\/universidad-de-la-guajira\/practicas-academicas\/presentacion-de-practicas-academicas\/definiciones-de-las-practicas-academicas\/","url":"https:\/\/uniguajira.edu.co\/universidad-de-la-guajira\/practicas-academicas\/presentacion-de-practicas-academicas\/definiciones-de-las-practicas-academicas\/","name":"Definiciones de las pr\u00e1cticas acad\u00e9micas","isPartOf":{"@id":"https:\/\/uniguajira.edu.co\/#website"},"primaryImageOfPage":{"@id":"https:\/\/uniguajira.edu.co\/universidad-de-la-guajira\/practicas-academicas\/presentacion-de-practicas-academicas\/definiciones-de-las-practicas-academicas\/#primaryimage"},"image":{"@id":"https:\/\/uniguajira.edu.co\/universidad-de-la-guajira\/practicas-academicas\/presentacion-de-practicas-academicas\/definiciones-de-las-practicas-academicas\/#primaryimage"},"thumbnailUrl":"https:\/\/uniguajira.edu.co\/wp-content\/uploads\/2024\/01\/bannepracticas23.webp","datePublished":"2024-02-07T21:00:13+00:00","dateModified":"2024-08-27T21:33:24+00:00","breadcrumb":{"@id":"https:\/\/uniguajira.edu.co\/universidad-de-la-guajira\/practicas-academicas\/presentacion-de-practicas-academicas\/definiciones-de-las-practicas-academicas\/#breadcrumb"},"inLanguage":"wa-WA","potentialAction":[{"@type":"ReadAction","target":["https:\/\/uniguajira.edu.co\/universidad-de-la-guajira\/practicas-academicas\/presentacion-de-practicas-academicas\/definiciones-de-las-practicas-academicas\/"]}]},{"@type":"ImageObject","inLanguage":"wa-WA","@id":"https:\/\/uniguajira.edu.co\/universidad-de-la-guajira\/practicas-academicas\/presentacion-de-practicas-academicas\/definiciones-de-las-practicas-academicas\/#primaryimage","url":"https:\/\/uniguajira.edu.co\/wp-content\/uploads\/2024\/01\/bannepracticas23.webp","contentUrl":"https:\/\/uniguajira.edu.co\/wp-content\/uploads\/2024\/01\/bannepracticas23.webp","width":1920,"height":590},{"@type":"BreadcrumbList","@id":"https:\/\/uniguajira.edu.co\/universidad-de-la-guajira\/practicas-academicas\/presentacion-de-practicas-academicas\/definiciones-de-las-practicas-academicas\/#breadcrumb","itemListElement":[{"@type":"ListItem","position":1,"name":"\u2302 Uniguajira","item":"https:\/\/uniguajira.edu.co\/"},{"@type":"ListItem","position":2,"name":"Uniguajira","item":"https:\/\/uniguajira.edu.co\/"},{"@type":"ListItem","position":3,"name":"Pr\u00e1cticas Acad\u00e9micas","item":"https:\/\/uniguajira.edu.co\/universidad-de-la-guajira\/practicas-academicas\/"},{"@type":"ListItem","position":4,"name":"Presentaci\u00f3n","item":"https:\/\/uniguajira.edu.co\/universidad-de-la-guajira\/practicas-academicas\/presentacion-de-practicas-academicas\/"},{"@type":"ListItem","position":5,"name":"Definiciones"}]},{"@type":"WebSite","@id":"https:\/\/uniguajira.edu.co\/#website","url":"https:\/\/uniguajira.edu.co\/","name":"UNIGUAJIRA","description":"Descubre la educaci\u00f3n superior con oportunidades laborales, retos estudiantiles y tecnolog\u00eda innovadora. Alcanza el \u00e9xito acad\u00e9mico y explora el impacto social y la diversidad en un entorno de aprendizaje moderno. Ad\u00e1ptate con inteligencia artificial y pr\u00e1cticas profesionales para un crecimiento integral.","publisher":{"@id":"https:\/\/uniguajira.edu.co\/#organization"},"alternateName":"Universidad de La Guajira","potentialAction":[{"@type":"SearchAction","target":{"@type":"EntryPoint","urlTemplate":"https:\/\/uniguajira.edu.co\/?s={search_term_string}"},"query-input":{"@type":"PropertyValueSpecification","valueRequired":true,"valueName":"search_term_string"}}],"inLanguage":"wa-WA"},{"@type":"Organization","@id":"https:\/\/uniguajira.edu.co\/#organization","name":"Shikii Ekirajia P\u00fclee Wajiira","alternateName":"UNIGUAJIRA","url":"https:\/\/uniguajira.edu.co\/","logo":{"@type":"ImageObject","inLanguage":"wa-WA","@id":"https:\/\/uniguajira.edu.co\/#\/schema\/logo\/image\/","url":"https:\/\/uniguajira.edu.co\/wp-content\/uploads\/2026\/01\/cropped-cropped-LOGOS-PAGINA-WEB-04-1.webp","contentUrl":"https:\/\/uniguajira.edu.co\/wp-content\/uploads\/2026\/01\/cropped-cropped-LOGOS-PAGINA-WEB-04-1.webp","width":360,"height":72,"caption":"Universidad de La Guajira"},"image":{"@id":"https:\/\/uniguajira.edu.co\/#\/schema\/logo\/image\/"},"sameAs":["https:\/\/www.facebook.com\/UniLaGuajira\/","https:\/\/x.com\/UniLaGuajira","https:\/\/www.instagram.com\/uniguajira_\/","https:\/\/www.youtube.com\/user\/UniLaGuajira"]}]}},"_hostinger_reach_plugin_has_subscription_block":false,"_hostinger_reach_plugin_is_elementor":false,"_links":{"self":[{"href":"https:\/\/uniguajira.edu.co\/wa\/wp-json\/wp\/v2\/pages\/26453","targetHints":{"allow":["GET"]}}],"collection":[{"href":"https:\/\/uniguajira.edu.co\/wa\/wp-json\/wp\/v2\/pages"}],"about":[{"href":"https:\/\/uniguajira.edu.co\/wa\/wp-json\/wp\/v2\/types\/page"}],"author":[{"embeddable":true,"href":"https:\/\/uniguajira.edu.co\/wa\/wp-json\/wp\/v2\/users\/3"}],"replies":[{"embeddable":true,"href":"https:\/\/uniguajira.edu.co\/wa\/wp-json\/wp\/v2\/comments?post=26453"}],"version-history":[{"count":0,"href":"https:\/\/uniguajira.edu.co\/wa\/wp-json\/wp\/v2\/pages\/26453\/revisions"}],"up":[{"embeddable":true,"href":"https:\/\/uniguajira.edu.co\/wa\/wp-json\/wp\/v2\/pages\/31463"}],"wp:featuredmedia":[{"embeddable":true,"href":"https:\/\/uniguajira.edu.co\/wa\/wp-json\/wp\/v2\/media\/25038"}],"wp:attachment":[{"href":"https:\/\/uniguajira.edu.co\/wa\/wp-json\/wp\/v2\/media?parent=26453"}],"curies":[{"name":"wp","href":"https:\/\/api.w.org\/{rel}","templated":true}]}}