{"id":25679,"date":"2024-01-29T09:17:22","date_gmt":"2024-01-29T14:17:22","guid":{"rendered":"https:\/\/uniguajira.edu.co\/?page_id=25679"},"modified":"2024-11-15T18:22:19","modified_gmt":"2024-11-15T23:22:19","slug":"saber-tyt","status":"publish","type":"page","link":"https:\/\/uniguajira.edu.co\/wa\/universidad-de-la-guajira\/vicerrectoria-academica\/saber-tyt\/","title":{"rendered":"Saber TyT"},"content":{"rendered":"<div class=\"gb-container gb-container-d796b7e0\">\n<div class=\"gb-container gb-container-4d72301d\">\n<div class=\"gb-container gb-container-570b9a30\">\n<div class=\"gb-container gb-container-1db11728\">\n\n<p class=\"gb-headline gb-headline-3b8b15c0 gb-headline-text\">Saber TyT Desempe\u00f1o Estudiantil de la Universidad de La Guajira&#8221; es un sistema de informaci\u00f3n y seguimiento acad\u00e9mico utilizado por la universidad para evaluar y supervisar el rendimiento de sus estudiantes. Este sistema recopila y registra datos relevantes sobre el progreso acad\u00e9mico de los estudiantes, como calificaciones, asistencia, logros y \u00e1reas de mejora. Adem\u00e1s, proporciona herramientas para analizar y visualizar estos datos de manera eficiente, lo que permite a la universidad tomar decisiones informadas para mejorar la calidad de la educaci\u00f3n y brindar apoyo personalizado a los estudiantes que lo necesiten. &#8220;Saber TyT Desempe\u00f1o Estudiantil&#8221; desempe\u00f1a un papel esencial en la promoci\u00f3n de la excelencia acad\u00e9mica y el desarrollo integral de los estudiantes en la Universidad de La Guajira.<\/p>\n\n\n<div class=\"gb-container gb-container-03558fde\">\n<div class=\"gb-container gb-container-61197dc1\">\n<div class=\"gb-container gb-container-14c73d23\">\n\n<details class=\"wp-block-details is-layout-flow wp-block-details-is-layout-flow\" open><summary>Informes de resultados 2020 \u2013 2023<\/summary><div class=\"gb-container gb-container-5692accd\">\n\n<p class=\"gb-headline gb-headline-2926c881\"><span class=\"gb-icon\"><svg width=\"24\" viewbox=\"0 -960 960 960\" height=\"24\" xmlns=\"http:\/\/www.w3.org\/2000\/svg\"><path d=\"M360-460h40v-80h40q17 0 28.5-11.5T480-580v-40q0-17-11.5-28.5T440-660h-80v200Zm40-120v-40h40v40h-40Zm120 120h80q17 0 28.5-11.5T640-500v-120q0-17-11.5-28.5T600-660h-80v200Zm40-40v-120h40v120h-40Zm120 40h40v-80h40v-40h-40v-40h40v-40h-80v200ZM320-240q-33 0-56.5-23.5T240-320v-480q0-33 23.5-56.5T320-880h480q33 0 56.5 23.5T880-800v480q0 33-23.5 56.5T800-240H320Zm0-80h480v-480H320v480ZM160-80q-33 0-56.5-23.5T80-160v-560h80v560h560v80H160Zm160-720v480-480Z\"><\/path><\/svg><\/span><span class=\"gb-headline-text\"><a href=\"https:\/\/uniguajira.edu.co\/wa\/resolucion-no-000258-del-18-de-mayo-del-2020\/\">Resoluci\u00f3n No. 000258 del 18 de mayo del 2020<\/a><\/span><\/p>\n\n\n\n<p class=\"gb-headline gb-headline-d2020dae\"><span class=\"gb-icon\"><svg width=\"24\" viewbox=\"0 -960 960 960\" height=\"24\" xmlns=\"http:\/\/www.w3.org\/2000\/svg\"><path d=\"M360-460h40v-80h40q17 0 28.5-11.5T480-580v-40q0-17-11.5-28.5T440-660h-80v200Zm40-120v-40h40v40h-40Zm120 120h80q17 0 28.5-11.5T640-500v-120q0-17-11.5-28.5T600-660h-80v200Zm40-40v-120h40v120h-40Zm120 40h40v-80h40v-40h-40v-40h40v-40h-80v200ZM320-240q-33 0-56.5-23.5T240-320v-480q0-33 23.5-56.5T320-880h480q33 0 56.5 23.5T880-800v480q0 33-23.5 56.5T800-240H320Zm0-80h480v-480H320v480ZM160-80q-33 0-56.5-23.5T80-160v-560h80v560h560v80H160Zm160-720v480-480Z\"><\/path><\/svg><\/span><span class=\"gb-headline-text\"><a href=\"https:\/\/uniguajira.edu.co\/wa\/resolucion-no-000276-del-05-de-junio-del-2020\/\">Resoluci\u00f3n No. 000276 del 05 de junio del 2020<\/a><\/span><\/p>\n\n<\/div><\/details>\n\n<\/div>\n<\/div>\n<\/div>\n<\/div>\n<\/div>\n<\/div>\n<\/div>","protected":false},"excerpt":{"rendered":"<p>Saber TyT Desempe\u00f1o Estudiantil de la Universidad de La Guajira&#8221; es un sistema de informaci\u00f3n y seguimiento acad\u00e9mico utilizado por la universidad para &#8230; <a title=\"Saber TyT\" class=\"read-more\" href=\"https:\/\/uniguajira.edu.co\/wa\/universidad-de-la-guajira\/vicerrectoria-academica\/saber-tyt\/\" aria-label=\"Read more about Saber TyT\">.<\/a><\/p>","protected":false},"author":3,"featured_media":25676,"parent":32093,"menu_order":0,"comment_status":"closed","ping_status":"closed","template":"","meta":{"footnotes":""},"class_list":{"0":"post-25679","1":"page","2":"type-page","3":"status-publish","4":"has-post-thumbnail","6":"infinite-scroll-item"},"yoast_head":"<!-- This site is optimized with the Yoast SEO Premium plugin v27.0 (Yoast SEO v27.0) - https:\/\/yoast.com\/product\/yoast-seo-premium-wordpress\/ -->\n<title>Saber TyT<\/title>\n<meta name=\"robots\" content=\"index, follow, max-snippet:-1, max-image-preview:large, max-video-preview:-1\" \/>\n<link rel=\"canonical\" href=\"https:\/\/uniguajira.edu.co\/wa\/universidad-de-la-guajira\/vicerrectoria-academica\/saber-tyt\/\" \/>\n<meta property=\"og:locale\" content=\"en_US\" \/>\n<meta property=\"og:type\" content=\"article\" \/>\n<meta property=\"og:title\" content=\"Saber TyT\" \/>\n<meta property=\"og:description\" content=\"Saber TyT Desempe\u00f1o Estudiantil de la Universidad de La Guajira&#8221; es un sistema de informaci\u00f3n y seguimiento acad\u00e9mico utilizado por la universidad para ... .\" \/>\n<meta property=\"og:url\" content=\"https:\/\/uniguajira.edu.co\/wa\/universidad-de-la-guajira\/vicerrectoria-academica\/saber-tyt\/\" \/>\n<meta property=\"og:site_name\" content=\"Universidad de La Guajira\" \/>\n<meta property=\"article:publisher\" content=\"https:\/\/www.facebook.com\/UniLaGuajira\/\" \/>\n<meta property=\"article:modified_time\" content=\"2024-11-15T23:22:19+00:00\" \/>\n<meta property=\"og:image\" content=\"https:\/\/uniguajira.edu.co\/wp-content\/uploads\/2024\/01\/bannerviceacademica.webp\" \/>\n\t<meta property=\"og:image:width\" content=\"1920\" \/>\n\t<meta property=\"og:image:height\" content=\"590\" \/>\n\t<meta property=\"og:image:type\" content=\"image\/webp\" \/>\n<meta name=\"twitter:card\" content=\"summary_large_image\" \/>\n<meta name=\"twitter:site\" content=\"@UniLaGuajira\" \/>\n<meta name=\"twitter:label1\" content=\"Est. reading time\" \/>\n\t<meta name=\"twitter:data1\" content=\"1 minute\" \/>\n<script type=\"application\/ld+json\" class=\"yoast-schema-graph\">{\"@context\":\"https:\/\/schema.org\",\"@graph\":[{\"@type\":\"WebPage\",\"@id\":\"https:\/\/uniguajira.edu.co\/universidad-de-la-guajira\/vicerrectoria-academica\/saber-tyt\/\",\"url\":\"https:\/\/uniguajira.edu.co\/universidad-de-la-guajira\/vicerrectoria-academica\/saber-tyt\/\",\"name\":\"Saber TyT\",\"isPartOf\":{\"@id\":\"https:\/\/uniguajira.edu.co\/#website\"},\"primaryImageOfPage\":{\"@id\":\"https:\/\/uniguajira.edu.co\/universidad-de-la-guajira\/vicerrectoria-academica\/saber-tyt\/#primaryimage\"},\"image\":{\"@id\":\"https:\/\/uniguajira.edu.co\/universidad-de-la-guajira\/vicerrectoria-academica\/saber-tyt\/#primaryimage\"},\"thumbnailUrl\":\"https:\/\/uniguajira.edu.co\/wp-content\/uploads\/2024\/01\/bannerviceacademica.webp\",\"datePublished\":\"2024-01-29T14:17:22+00:00\",\"dateModified\":\"2024-11-15T23:22:19+00:00\",\"breadcrumb\":{\"@id\":\"https:\/\/uniguajira.edu.co\/universidad-de-la-guajira\/vicerrectoria-academica\/saber-tyt\/#breadcrumb\"},\"inLanguage\":\"wa-WA\",\"potentialAction\":[{\"@type\":\"ReadAction\",\"target\":[\"https:\/\/uniguajira.edu.co\/universidad-de-la-guajira\/vicerrectoria-academica\/saber-tyt\/\"]}]},{\"@type\":\"ImageObject\",\"inLanguage\":\"wa-WA\",\"@id\":\"https:\/\/uniguajira.edu.co\/universidad-de-la-guajira\/vicerrectoria-academica\/saber-tyt\/#primaryimage\",\"url\":\"https:\/\/uniguajira.edu.co\/wp-content\/uploads\/2024\/01\/bannerviceacademica.webp\",\"contentUrl\":\"https:\/\/uniguajira.edu.co\/wp-content\/uploads\/2024\/01\/bannerviceacademica.webp\",\"width\":1920,\"height\":590},{\"@type\":\"BreadcrumbList\",\"@id\":\"https:\/\/uniguajira.edu.co\/universidad-de-la-guajira\/vicerrectoria-academica\/saber-tyt\/#breadcrumb\",\"itemListElement\":[{\"@type\":\"ListItem\",\"position\":1,\"name\":\"\u2302 Uniguajira\",\"item\":\"https:\/\/uniguajira.edu.co\/\"},{\"@type\":\"ListItem\",\"position\":2,\"name\":\"Uniguajira\",\"item\":\"https:\/\/uniguajira.edu.co\/\"},{\"@type\":\"ListItem\",\"position\":3,\"name\":\"Vicerrector\u00eda de Docencia\",\"item\":\"https:\/\/uniguajira.edu.co\/universidad-de-la-guajira\/vicerrectoria-academica\/\"},{\"@type\":\"ListItem\",\"position\":4,\"name\":\"Saber TyT\"}]},{\"@type\":\"WebSite\",\"@id\":\"https:\/\/uniguajira.edu.co\/#website\",\"url\":\"https:\/\/uniguajira.edu.co\/\",\"name\":\"UNIGUAJIRA\",\"description\":\"Descubre la educaci\u00f3n superior con oportunidades laborales, retos estudiantiles y tecnolog\u00eda innovadora. Alcanza el \u00e9xito acad\u00e9mico y explora el impacto social y la diversidad en un entorno de aprendizaje moderno. Ad\u00e1ptate con inteligencia artificial y pr\u00e1cticas profesionales para un crecimiento integral.\",\"publisher\":{\"@id\":\"https:\/\/uniguajira.edu.co\/#organization\"},\"alternateName\":\"Universidad de La Guajira\",\"potentialAction\":[{\"@type\":\"SearchAction\",\"target\":{\"@type\":\"EntryPoint\",\"urlTemplate\":\"https:\/\/uniguajira.edu.co\/?s={search_term_string}\"},\"query-input\":{\"@type\":\"PropertyValueSpecification\",\"valueRequired\":true,\"valueName\":\"search_term_string\"}}],\"inLanguage\":\"wa-WA\"},{\"@type\":\"Organization\",\"@id\":\"https:\/\/uniguajira.edu.co\/#organization\",\"name\":\"Universidad de La Guajira\",\"alternateName\":\"UNIGUAJIRA\",\"url\":\"https:\/\/uniguajira.edu.co\/\",\"logo\":{\"@type\":\"ImageObject\",\"inLanguage\":\"wa-WA\",\"@id\":\"https:\/\/uniguajira.edu.co\/#\/schema\/logo\/image\/\",\"url\":\"https:\/\/uniguajira.edu.co\/wp-content\/uploads\/2026\/01\/cropped-cropped-LOGOS-PAGINA-WEB-04-1.webp\",\"contentUrl\":\"https:\/\/uniguajira.edu.co\/wp-content\/uploads\/2026\/01\/cropped-cropped-LOGOS-PAGINA-WEB-04-1.webp\",\"width\":360,\"height\":72,\"caption\":\"Universidad de La Guajira\"},\"image\":{\"@id\":\"https:\/\/uniguajira.edu.co\/#\/schema\/logo\/image\/\"},\"sameAs\":[\"https:\/\/www.facebook.com\/UniLaGuajira\/\",\"https:\/\/x.com\/UniLaGuajira\",\"https:\/\/www.instagram.com\/uniguajira_\/\",\"https:\/\/www.youtube.com\/user\/UniLaGuajira\"]}]}<\/script>\n<!-- \/ Yoast SEO Premium plugin. -->","yoast_head_json":{"title":"Saber TyT","robots":{"index":"index","follow":"follow","max-snippet":"max-snippet:-1","max-image-preview":"max-image-preview:large","max-video-preview":"max-video-preview:-1"},"canonical":"https:\/\/uniguajira.edu.co\/wa\/universidad-de-la-guajira\/vicerrectoria-academica\/saber-tyt\/","og_locale":"en_US","og_type":"article","og_title":"Saber TyT","og_description":"Saber TyT Desempe\u00f1o Estudiantil de la Universidad de La Guajira&#8221; es un sistema de informaci\u00f3n y seguimiento acad\u00e9mico utilizado por la universidad para ... .","og_url":"https:\/\/uniguajira.edu.co\/wa\/universidad-de-la-guajira\/vicerrectoria-academica\/saber-tyt\/","og_site_name":"Universidad de La Guajira","article_publisher":"https:\/\/www.facebook.com\/UniLaGuajira\/","article_modified_time":"2024-11-15T23:22:19+00:00","og_image":[{"width":1920,"height":590,"url":"https:\/\/uniguajira.edu.co\/wp-content\/uploads\/2024\/01\/bannerviceacademica.webp","type":"image\/webp"}],"twitter_card":"summary_large_image","twitter_site":"@UniLaGuajira","twitter_misc":{"Est. reading time":"1 minute"},"schema":{"@context":"https:\/\/schema.org","@graph":[{"@type":"WebPage","@id":"https:\/\/uniguajira.edu.co\/universidad-de-la-guajira\/vicerrectoria-academica\/saber-tyt\/","url":"https:\/\/uniguajira.edu.co\/universidad-de-la-guajira\/vicerrectoria-academica\/saber-tyt\/","name":"Saber TyT","isPartOf":{"@id":"https:\/\/uniguajira.edu.co\/#website"},"primaryImageOfPage":{"@id":"https:\/\/uniguajira.edu.co\/universidad-de-la-guajira\/vicerrectoria-academica\/saber-tyt\/#primaryimage"},"image":{"@id":"https:\/\/uniguajira.edu.co\/universidad-de-la-guajira\/vicerrectoria-academica\/saber-tyt\/#primaryimage"},"thumbnailUrl":"https:\/\/uniguajira.edu.co\/wp-content\/uploads\/2024\/01\/bannerviceacademica.webp","datePublished":"2024-01-29T14:17:22+00:00","dateModified":"2024-11-15T23:22:19+00:00","breadcrumb":{"@id":"https:\/\/uniguajira.edu.co\/universidad-de-la-guajira\/vicerrectoria-academica\/saber-tyt\/#breadcrumb"},"inLanguage":"wa-WA","potentialAction":[{"@type":"ReadAction","target":["https:\/\/uniguajira.edu.co\/universidad-de-la-guajira\/vicerrectoria-academica\/saber-tyt\/"]}]},{"@type":"ImageObject","inLanguage":"wa-WA","@id":"https:\/\/uniguajira.edu.co\/universidad-de-la-guajira\/vicerrectoria-academica\/saber-tyt\/#primaryimage","url":"https:\/\/uniguajira.edu.co\/wp-content\/uploads\/2024\/01\/bannerviceacademica.webp","contentUrl":"https:\/\/uniguajira.edu.co\/wp-content\/uploads\/2024\/01\/bannerviceacademica.webp","width":1920,"height":590},{"@type":"BreadcrumbList","@id":"https:\/\/uniguajira.edu.co\/universidad-de-la-guajira\/vicerrectoria-academica\/saber-tyt\/#breadcrumb","itemListElement":[{"@type":"ListItem","position":1,"name":"\u2302 Uniguajira","item":"https:\/\/uniguajira.edu.co\/"},{"@type":"ListItem","position":2,"name":"Uniguajira","item":"https:\/\/uniguajira.edu.co\/"},{"@type":"ListItem","position":3,"name":"Vicerrector\u00eda de Docencia","item":"https:\/\/uniguajira.edu.co\/universidad-de-la-guajira\/vicerrectoria-academica\/"},{"@type":"ListItem","position":4,"name":"Saber TyT"}]},{"@type":"WebSite","@id":"https:\/\/uniguajira.edu.co\/#website","url":"https:\/\/uniguajira.edu.co\/","name":"UNIGUAJIRA","description":"Descubre la educaci\u00f3n superior con oportunidades laborales, retos estudiantiles y tecnolog\u00eda innovadora. Alcanza el \u00e9xito acad\u00e9mico y explora el impacto social y la diversidad en un entorno de aprendizaje moderno. Ad\u00e1ptate con inteligencia artificial y pr\u00e1cticas profesionales para un crecimiento integral.","publisher":{"@id":"https:\/\/uniguajira.edu.co\/#organization"},"alternateName":"Universidad de La Guajira","potentialAction":[{"@type":"SearchAction","target":{"@type":"EntryPoint","urlTemplate":"https:\/\/uniguajira.edu.co\/?s={search_term_string}"},"query-input":{"@type":"PropertyValueSpecification","valueRequired":true,"valueName":"search_term_string"}}],"inLanguage":"wa-WA"},{"@type":"Organization","@id":"https:\/\/uniguajira.edu.co\/#organization","name":"Shikii Ekirajia P\u00fclee Wajiira","alternateName":"UNIGUAJIRA","url":"https:\/\/uniguajira.edu.co\/","logo":{"@type":"ImageObject","inLanguage":"wa-WA","@id":"https:\/\/uniguajira.edu.co\/#\/schema\/logo\/image\/","url":"https:\/\/uniguajira.edu.co\/wp-content\/uploads\/2026\/01\/cropped-cropped-LOGOS-PAGINA-WEB-04-1.webp","contentUrl":"https:\/\/uniguajira.edu.co\/wp-content\/uploads\/2026\/01\/cropped-cropped-LOGOS-PAGINA-WEB-04-1.webp","width":360,"height":72,"caption":"Universidad de La Guajira"},"image":{"@id":"https:\/\/uniguajira.edu.co\/#\/schema\/logo\/image\/"},"sameAs":["https:\/\/www.facebook.com\/UniLaGuajira\/","https:\/\/x.com\/UniLaGuajira","https:\/\/www.instagram.com\/uniguajira_\/","https:\/\/www.youtube.com\/user\/UniLaGuajira"]}]}},"_hostinger_reach_plugin_has_subscription_block":false,"_hostinger_reach_plugin_is_elementor":false,"_links":{"self":[{"href":"https:\/\/uniguajira.edu.co\/wa\/wp-json\/wp\/v2\/pages\/25679","targetHints":{"allow":["GET"]}}],"collection":[{"href":"https:\/\/uniguajira.edu.co\/wa\/wp-json\/wp\/v2\/pages"}],"about":[{"href":"https:\/\/uniguajira.edu.co\/wa\/wp-json\/wp\/v2\/types\/page"}],"author":[{"embeddable":true,"href":"https:\/\/uniguajira.edu.co\/wa\/wp-json\/wp\/v2\/users\/3"}],"replies":[{"embeddable":true,"href":"https:\/\/uniguajira.edu.co\/wa\/wp-json\/wp\/v2\/comments?post=25679"}],"version-history":[{"count":0,"href":"https:\/\/uniguajira.edu.co\/wa\/wp-json\/wp\/v2\/pages\/25679\/revisions"}],"up":[{"embeddable":true,"href":"https:\/\/uniguajira.edu.co\/wa\/wp-json\/wp\/v2\/pages\/32093"}],"wp:featuredmedia":[{"embeddable":true,"href":"https:\/\/uniguajira.edu.co\/wa\/wp-json\/wp\/v2\/media\/25676"}],"wp:attachment":[{"href":"https:\/\/uniguajira.edu.co\/wa\/wp-json\/wp\/v2\/media?parent=25679"}],"curies":[{"name":"wp","href":"https:\/\/api.w.org\/{rel}","templated":true}]}}