{"id":24599,"date":"2024-01-22T16:16:33","date_gmt":"2024-01-22T21:16:33","guid":{"rendered":"https:\/\/uniguajira.edu.co\/?page_id=24599"},"modified":"2026-03-03T10:37:11","modified_gmt":"2026-03-03T15:37:11","slug":"actualizacion-de-datos","status":"publish","type":"page","link":"https:\/\/uniguajira.edu.co\/wa\/universidad-de-la-guajira\/centro-de-graduados\/servicio-al-graduado\/actualizacion-de-datos\/","title":{"rendered":"Actualizaci\u00f3n de datos"},"content":{"rendered":"<div class=\"gb-container gb-container-d796b7e0\">\n<div class=\"gb-container gb-container-4d72301d\">\n\n<div style=\"height:50px\" aria-hidden=\"true\" class=\"wp-block-spacer\"><\/div>\n\n\n\n<div class=\"yt-wrap imgt neumo\">\n  <iframe\n    src=\"https:\/\/www.youtube.com\/embed\/TQzJ7P2lkyc\"\n    title=\"Instructivo Aurora\"\n    frameborder=\"0\"\n    referrerpolicy=\"strict-origin-when-cross-origin\"\n    allow=\"accelerometer; autoplay; clipboard-write; encrypted-media; gyroscope; picture-in-picture; web-share\"\n    allowfullscreen>\n  <\/iframe>\n<\/div>\n\n\n\n<div style=\"height:50px\" aria-hidden=\"true\" class=\"wp-block-spacer\"><\/div>\n\n\n<div class=\"gb-container gb-container-570b9a30\">\n<div class=\"gb-container gb-container-1db11728\">\n\n<h3 class=\"wp-block-heading\" id=\"h-que-es-aurora\"><a><\/a><strong>\u00bfQu\u00e9 es Aurora?<\/strong><\/h3>\n\n\n\n<p>Aurora es un aplicativo creado para mantener un contacto constante y actualizado contigo, graduado de la Universidad de La Guajira. Su principal objetivo es ofrecerte beneficios continuos y obtener informaci\u00f3n valiosa para mejorar nuestros programas acad\u00e9micos.<\/p>\n\n\n\n<h3 class=\"wp-block-heading\" id=\"h-que-te-ofrece-aurora\"><a><\/a><strong>\u00bfQu\u00e9 te ofrece Aurora?<\/strong><\/h3>\n\n\n\n<p><strong>Actualizaci\u00f3n de datos:<\/strong> Aurora te permite actualizar tu informaci\u00f3n personal en cualquier momento. As\u00ed, nos aseguramos de tener tus datos precisos y te ofrecemos informaci\u00f3n relevante sobre beneficios y oportunidades.<\/p>\n\n\n\n<p><strong>Encuestas:<\/strong> puedes compartir tu percepci\u00f3n y experiencias sobre el programa acad\u00e9mico que cursaste. Adem\u00e1s, para graduarte de un programa, es requisito completar la encuesta y presentar el certificado. Esto nos ayuda a tomar decisiones informadas y mejorar nuestros programas.<\/p>\n\n\n\n<p><strong>Gesti\u00f3n de eventos:<\/strong> consulta y confirma tu asistencia a los eventos organizados por la universidad. Recibir\u00e1s un c\u00f3digo QR por correo electr\u00f3nico para registrar tu presencia el d\u00eda del evento, facilitando el proceso y diferenciando entre quienes asisten y quienes solo expresan inter\u00e9s.<\/p>\n\n\n\n<h3 class=\"wp-block-heading\" id=\"h-beneficios-para-ti\"><a><\/a><strong>Beneficios para ti<\/strong><\/h3>\n\n\n\n<p><strong>Mantenerte informado:<\/strong> con tus datos actualizados, recibir\u00e1s informaci\u00f3n sobre beneficios, oportunidades laborales, eventos y otros servicios que ofrecemos.<\/p>\n\n\n\n<p><strong>Participaci\u00f3n en encuestas:<\/strong> al participar, contribuimos al mejoramiento continuo de nuestros programas acad\u00e9micos, asegurando una educaci\u00f3n de calidad para futuras generaciones.<\/p>\n\n\n\n<p><strong>Asistencia a eventos:<\/strong> mantente conectado con la comunidad universitaria, asiste a eventos relevantes y aprovecha oportunidades de networking. El sistema de c\u00f3digos QR simplifica y agiliza el registro de asistencia.<\/p>\n\n\n\n<p><strong>Beneficios continuos:<\/strong> Aurora nos permite ofrecerte beneficios espec\u00edficos y personalizados, basados en tu informaci\u00f3n actualizada y tu participaci\u00f3n activa en encuestas y eventos.<\/p>\n\n\n\n<p class=\"gb-headline gb-headline-db29b0fa\"><span class=\"gb-icon\"><svg width=\"24\" viewbox=\"0 -960 960 960\" height=\"24\" xmlns=\"http:\/\/www.w3.org\/2000\/svg\"><path d=\"M480-120v-80h280v-560H480v-80h280q33 0 56.5 23.5T840-760v560q0 33-23.5 56.5T760-120H480Zm-80-160-55-58 102-102H120v-80h327L345-622l55-58 200 200-200 200Z\"><\/path><\/svg><\/span><span class=\"gb-headline-text\">Actualiza tus datos con aurora aqu\u00ed:&nbsp;<a href=\"https:\/\/aurora.uniguajira.edu.co\/graduado\" target=\"_blank\" rel=\"noreferrer noopener\"><strong>https:\/\/aurora.uniguajira.edu.co\/graduado<\/strong><\/a><\/span><\/p>\n\n\n\n<p class=\"gb-headline gb-headline-9904d2f3\"><span class=\"gb-icon\"><svg width=\"24\" viewbox=\"0 -960 960 960\" height=\"24\" xmlns=\"http:\/\/www.w3.org\/2000\/svg\"><path d=\"M480-120v-80h280v-560H480v-80h280q33 0 56.5 23.5T840-760v560q0 33-23.5 56.5T760-120H480Zm-80-160-55-58 102-102H120v-80h327L345-622l55-58 200 200-200 200Z\"><\/path><\/svg><\/span><span class=\"gb-headline-text\">Ingresa a la app graduado, Recuerda que tu usuario es tu n\u00famero de documento.<\/span><\/p>\n\n\n\n<p class=\"gb-headline gb-headline-fd369a06\"><span class=\"gb-icon\"><svg width=\"24\" viewbox=\"0 -960 960 960\" height=\"24\" xmlns=\"http:\/\/www.w3.org\/2000\/svg\"><path d=\"M80-200v-80h800v80H80Zm46-242-52-30 34-60H40v-60h68l-34-58 52-30 34 58 34-58 52 30-34 58h68v60h-68l34 60-52 30-34-60-34 60Zm320 0-52-30 34-60h-68v-60h68l-34-58 52-30 34 58 34-58 52 30-34 58h68v60h-68l34 60-52 30-34-60-34 60Zm320 0-52-30 34-60h-68v-60h68l-34-58 52-30 34 58 34-58 52 30-34 58h68v60h-68l34 60-52 30-34-60-34 60Z\"><\/path><\/svg><\/span><span class=\"gb-headline-text\">Si es la primera vez que ingresas, tu contrase\u00f1a tambi\u00e9n es tu n\u00famero de documento.<\/span><\/p>\n\n\n\n<p class=\"gb-headline gb-headline-2e852919\"><span class=\"gb-icon\"><svg width=\"24\" viewbox=\"0 -960 960 960\" height=\"24\" xmlns=\"http:\/\/www.w3.org\/2000\/svg\"><path d=\"M80 0v-160h800V0H80Zm160-320h56l312-311-29-29-28-28-311 312v56Zm-80 80v-170l448-447q11-11 25.5-17t30.5-6q16 0 31 6t27 18l55 56q12 11 17.5 26t5.5 31q0 15-5.5 29.5T777-687L330-240H160Zm560-504-56-56 56 56ZM608-631l-29-29-28-28 57 57Z\"><\/path><\/svg><\/span><span class=\"gb-headline-text\">En la primera pagina que te carga solo diligencia tus datos y listo ya estaremos en constante comunicaci\u00f3n contigo para ofrecerte lo mejor de Uniguajira.<\/span><\/p>\n\n<\/div>\n<\/div>\n<\/div>\n<\/div>","protected":false},"excerpt":{"rendered":"<p>\u00bfQu\u00e9 es Aurora? Aurora es un aplicativo creado para mantener un contacto constante y actualizado contigo, graduado de la Universidad de La Guajira. &#8230; <a title=\"Actualizaci\u00f3n de datos\" class=\"read-more\" href=\"https:\/\/uniguajira.edu.co\/wa\/universidad-de-la-guajira\/centro-de-graduados\/servicio-al-graduado\/actualizacion-de-datos\/\" aria-label=\"Read more about Actualizaci\u00f3n de datos\">.<\/a><\/p>","protected":false},"author":3,"featured_media":58268,"parent":45721,"menu_order":0,"comment_status":"closed","ping_status":"closed","template":"","meta":{"footnotes":""},"class_list":{"0":"post-24599","1":"page","2":"type-page","3":"status-publish","4":"has-post-thumbnail","6":"infinite-scroll-item"},"yoast_head":"<!-- This site is optimized with the Yoast SEO Premium plugin v27.0 (Yoast SEO v27.0) - https:\/\/yoast.com\/product\/yoast-seo-premium-wordpress\/ -->\n<title>Actualizaci\u00f3n de datos<\/title>\n<meta name=\"robots\" content=\"index, follow, max-snippet:-1, max-image-preview:large, max-video-preview:-1\" \/>\n<link rel=\"canonical\" href=\"https:\/\/uniguajira.edu.co\/wa\/universidad-de-la-guajira\/centro-de-graduados\/servicio-al-graduado\/actualizacion-de-datos\/\" \/>\n<meta property=\"og:locale\" content=\"en_US\" \/>\n<meta property=\"og:type\" content=\"article\" \/>\n<meta property=\"og:title\" content=\"Actualizaci\u00f3n de datos\" \/>\n<meta property=\"og:description\" content=\"\u00bfQu\u00e9 es Aurora? Aurora es un aplicativo creado para mantener un contacto constante y actualizado contigo, graduado de la Universidad de La Guajira. ... .\" \/>\n<meta property=\"og:url\" content=\"https:\/\/uniguajira.edu.co\/wa\/universidad-de-la-guajira\/centro-de-graduados\/servicio-al-graduado\/actualizacion-de-datos\/\" \/>\n<meta property=\"og:site_name\" content=\"Universidad de La Guajira\" \/>\n<meta property=\"article:publisher\" content=\"https:\/\/www.facebook.com\/UniLaGuajira\/\" \/>\n<meta property=\"article:modified_time\" content=\"2026-03-03T15:37:11+00:00\" \/>\n<meta property=\"og:image\" content=\"https:\/\/uniguajira.edu.co\/wp-content\/uploads\/2024\/08\/web-aurora2.webp\" \/>\n\t<meta property=\"og:image:width\" content=\"1920\" \/>\n\t<meta property=\"og:image:height\" content=\"1080\" \/>\n\t<meta property=\"og:image:type\" content=\"image\/webp\" \/>\n<meta name=\"twitter:card\" content=\"summary_large_image\" \/>\n<meta name=\"twitter:site\" content=\"@UniLaGuajira\" \/>\n<meta name=\"twitter:label1\" content=\"Est. reading time\" \/>\n\t<meta name=\"twitter:data1\" content=\"2 minutes\" \/>\n<script type=\"application\/ld+json\" class=\"yoast-schema-graph\">{\"@context\":\"https:\/\/schema.org\",\"@graph\":[{\"@type\":\"WebPage\",\"@id\":\"https:\/\/uniguajira.edu.co\/universidad-de-la-guajira\/centro-de-graduados\/servicio-al-graduado\/actualizacion-de-datos\/\",\"url\":\"https:\/\/uniguajira.edu.co\/universidad-de-la-guajira\/centro-de-graduados\/servicio-al-graduado\/actualizacion-de-datos\/\",\"name\":\"Actualizaci\u00f3n de datos\",\"isPartOf\":{\"@id\":\"https:\/\/uniguajira.edu.co\/#website\"},\"primaryImageOfPage\":{\"@id\":\"https:\/\/uniguajira.edu.co\/universidad-de-la-guajira\/centro-de-graduados\/servicio-al-graduado\/actualizacion-de-datos\/#primaryimage\"},\"image\":{\"@id\":\"https:\/\/uniguajira.edu.co\/universidad-de-la-guajira\/centro-de-graduados\/servicio-al-graduado\/actualizacion-de-datos\/#primaryimage\"},\"thumbnailUrl\":\"https:\/\/uniguajira.edu.co\/wp-content\/uploads\/2024\/08\/web-aurora2.webp\",\"datePublished\":\"2024-01-22T21:16:33+00:00\",\"dateModified\":\"2026-03-03T15:37:11+00:00\",\"breadcrumb\":{\"@id\":\"https:\/\/uniguajira.edu.co\/universidad-de-la-guajira\/centro-de-graduados\/servicio-al-graduado\/actualizacion-de-datos\/#breadcrumb\"},\"inLanguage\":\"wa-WA\",\"potentialAction\":[{\"@type\":\"ReadAction\",\"target\":[\"https:\/\/uniguajira.edu.co\/universidad-de-la-guajira\/centro-de-graduados\/servicio-al-graduado\/actualizacion-de-datos\/\"]}]},{\"@type\":\"ImageObject\",\"inLanguage\":\"wa-WA\",\"@id\":\"https:\/\/uniguajira.edu.co\/universidad-de-la-guajira\/centro-de-graduados\/servicio-al-graduado\/actualizacion-de-datos\/#primaryimage\",\"url\":\"https:\/\/uniguajira.edu.co\/wp-content\/uploads\/2024\/08\/web-aurora2.webp\",\"contentUrl\":\"https:\/\/uniguajira.edu.co\/wp-content\/uploads\/2024\/08\/web-aurora2.webp\",\"width\":1920,\"height\":1080,\"caption\":\"Portada web-aurora\"},{\"@type\":\"BreadcrumbList\",\"@id\":\"https:\/\/uniguajira.edu.co\/universidad-de-la-guajira\/centro-de-graduados\/servicio-al-graduado\/actualizacion-de-datos\/#breadcrumb\",\"itemListElement\":[{\"@type\":\"ListItem\",\"position\":1,\"name\":\"\u2302 Uniguajira\",\"item\":\"https:\/\/uniguajira.edu.co\/\"},{\"@type\":\"ListItem\",\"position\":2,\"name\":\"Uniguajira\",\"item\":\"https:\/\/uniguajira.edu.co\/\"},{\"@type\":\"ListItem\",\"position\":3,\"name\":\"Graduados\",\"item\":\"https:\/\/uniguajira.edu.co\/universidad-de-la-guajira\/centro-de-graduados\/\"},{\"@type\":\"ListItem\",\"position\":4,\"name\":\"Servicios\",\"item\":\"https:\/\/uniguajira.edu.co\/universidad-de-la-guajira\/centro-de-graduados\/servicio-al-graduado\/\"},{\"@type\":\"ListItem\",\"position\":5,\"name\":\"Actualizaci\u00f3n de datos\"}]},{\"@type\":\"WebSite\",\"@id\":\"https:\/\/uniguajira.edu.co\/#website\",\"url\":\"https:\/\/uniguajira.edu.co\/\",\"name\":\"UNIGUAJIRA\",\"description\":\"Descubre la educaci\u00f3n superior con oportunidades laborales, retos estudiantiles y tecnolog\u00eda innovadora. Alcanza el \u00e9xito acad\u00e9mico y explora el impacto social y la diversidad en un entorno de aprendizaje moderno. Ad\u00e1ptate con inteligencia artificial y pr\u00e1cticas profesionales para un crecimiento integral.\",\"publisher\":{\"@id\":\"https:\/\/uniguajira.edu.co\/#organization\"},\"alternateName\":\"Universidad de La Guajira\",\"potentialAction\":[{\"@type\":\"SearchAction\",\"target\":{\"@type\":\"EntryPoint\",\"urlTemplate\":\"https:\/\/uniguajira.edu.co\/?s={search_term_string}\"},\"query-input\":{\"@type\":\"PropertyValueSpecification\",\"valueRequired\":true,\"valueName\":\"search_term_string\"}}],\"inLanguage\":\"wa-WA\"},{\"@type\":\"Organization\",\"@id\":\"https:\/\/uniguajira.edu.co\/#organization\",\"name\":\"Universidad de La Guajira\",\"alternateName\":\"UNIGUAJIRA\",\"url\":\"https:\/\/uniguajira.edu.co\/\",\"logo\":{\"@type\":\"ImageObject\",\"inLanguage\":\"wa-WA\",\"@id\":\"https:\/\/uniguajira.edu.co\/#\/schema\/logo\/image\/\",\"url\":\"https:\/\/uniguajira.edu.co\/wp-content\/uploads\/2026\/01\/cropped-cropped-LOGOS-PAGINA-WEB-04-1.webp\",\"contentUrl\":\"https:\/\/uniguajira.edu.co\/wp-content\/uploads\/2026\/01\/cropped-cropped-LOGOS-PAGINA-WEB-04-1.webp\",\"width\":360,\"height\":72,\"caption\":\"Universidad de La Guajira\"},\"image\":{\"@id\":\"https:\/\/uniguajira.edu.co\/#\/schema\/logo\/image\/\"},\"sameAs\":[\"https:\/\/www.facebook.com\/UniLaGuajira\/\",\"https:\/\/x.com\/UniLaGuajira\",\"https:\/\/www.instagram.com\/uniguajira_\/\",\"https:\/\/www.youtube.com\/user\/UniLaGuajira\"]}]}<\/script>\n<!-- \/ Yoast SEO Premium plugin. -->","yoast_head_json":{"title":"Actualizaci\u00f3n de datos","robots":{"index":"index","follow":"follow","max-snippet":"max-snippet:-1","max-image-preview":"max-image-preview:large","max-video-preview":"max-video-preview:-1"},"canonical":"https:\/\/uniguajira.edu.co\/wa\/universidad-de-la-guajira\/centro-de-graduados\/servicio-al-graduado\/actualizacion-de-datos\/","og_locale":"en_US","og_type":"article","og_title":"Actualizaci\u00f3n de datos","og_description":"\u00bfQu\u00e9 es Aurora? Aurora es un aplicativo creado para mantener un contacto constante y actualizado contigo, graduado de la Universidad de La Guajira. ... .","og_url":"https:\/\/uniguajira.edu.co\/wa\/universidad-de-la-guajira\/centro-de-graduados\/servicio-al-graduado\/actualizacion-de-datos\/","og_site_name":"Universidad de La Guajira","article_publisher":"https:\/\/www.facebook.com\/UniLaGuajira\/","article_modified_time":"2026-03-03T15:37:11+00:00","og_image":[{"width":1920,"height":1080,"url":"https:\/\/uniguajira.edu.co\/wp-content\/uploads\/2024\/08\/web-aurora2.webp","type":"image\/webp"}],"twitter_card":"summary_large_image","twitter_site":"@UniLaGuajira","twitter_misc":{"Est. reading time":"2 minutes"},"schema":{"@context":"https:\/\/schema.org","@graph":[{"@type":"WebPage","@id":"https:\/\/uniguajira.edu.co\/universidad-de-la-guajira\/centro-de-graduados\/servicio-al-graduado\/actualizacion-de-datos\/","url":"https:\/\/uniguajira.edu.co\/universidad-de-la-guajira\/centro-de-graduados\/servicio-al-graduado\/actualizacion-de-datos\/","name":"Actualizaci\u00f3n de datos","isPartOf":{"@id":"https:\/\/uniguajira.edu.co\/#website"},"primaryImageOfPage":{"@id":"https:\/\/uniguajira.edu.co\/universidad-de-la-guajira\/centro-de-graduados\/servicio-al-graduado\/actualizacion-de-datos\/#primaryimage"},"image":{"@id":"https:\/\/uniguajira.edu.co\/universidad-de-la-guajira\/centro-de-graduados\/servicio-al-graduado\/actualizacion-de-datos\/#primaryimage"},"thumbnailUrl":"https:\/\/uniguajira.edu.co\/wp-content\/uploads\/2024\/08\/web-aurora2.webp","datePublished":"2024-01-22T21:16:33+00:00","dateModified":"2026-03-03T15:37:11+00:00","breadcrumb":{"@id":"https:\/\/uniguajira.edu.co\/universidad-de-la-guajira\/centro-de-graduados\/servicio-al-graduado\/actualizacion-de-datos\/#breadcrumb"},"inLanguage":"wa-WA","potentialAction":[{"@type":"ReadAction","target":["https:\/\/uniguajira.edu.co\/universidad-de-la-guajira\/centro-de-graduados\/servicio-al-graduado\/actualizacion-de-datos\/"]}]},{"@type":"ImageObject","inLanguage":"wa-WA","@id":"https:\/\/uniguajira.edu.co\/universidad-de-la-guajira\/centro-de-graduados\/servicio-al-graduado\/actualizacion-de-datos\/#primaryimage","url":"https:\/\/uniguajira.edu.co\/wp-content\/uploads\/2024\/08\/web-aurora2.webp","contentUrl":"https:\/\/uniguajira.edu.co\/wp-content\/uploads\/2024\/08\/web-aurora2.webp","width":1920,"height":1080,"caption":"Portada web-aurora"},{"@type":"BreadcrumbList","@id":"https:\/\/uniguajira.edu.co\/universidad-de-la-guajira\/centro-de-graduados\/servicio-al-graduado\/actualizacion-de-datos\/#breadcrumb","itemListElement":[{"@type":"ListItem","position":1,"name":"\u2302 Uniguajira","item":"https:\/\/uniguajira.edu.co\/"},{"@type":"ListItem","position":2,"name":"Uniguajira","item":"https:\/\/uniguajira.edu.co\/"},{"@type":"ListItem","position":3,"name":"Graduados","item":"https:\/\/uniguajira.edu.co\/universidad-de-la-guajira\/centro-de-graduados\/"},{"@type":"ListItem","position":4,"name":"Servicios","item":"https:\/\/uniguajira.edu.co\/universidad-de-la-guajira\/centro-de-graduados\/servicio-al-graduado\/"},{"@type":"ListItem","position":5,"name":"Actualizaci\u00f3n de datos"}]},{"@type":"WebSite","@id":"https:\/\/uniguajira.edu.co\/#website","url":"https:\/\/uniguajira.edu.co\/","name":"UNIGUAJIRA","description":"Descubre la educaci\u00f3n superior con oportunidades laborales, retos estudiantiles y tecnolog\u00eda innovadora. Alcanza el \u00e9xito acad\u00e9mico y explora el impacto social y la diversidad en un entorno de aprendizaje moderno. Ad\u00e1ptate con inteligencia artificial y pr\u00e1cticas profesionales para un crecimiento integral.","publisher":{"@id":"https:\/\/uniguajira.edu.co\/#organization"},"alternateName":"Universidad de La Guajira","potentialAction":[{"@type":"SearchAction","target":{"@type":"EntryPoint","urlTemplate":"https:\/\/uniguajira.edu.co\/?s={search_term_string}"},"query-input":{"@type":"PropertyValueSpecification","valueRequired":true,"valueName":"search_term_string"}}],"inLanguage":"wa-WA"},{"@type":"Organization","@id":"https:\/\/uniguajira.edu.co\/#organization","name":"Shikii Ekirajia P\u00fclee Wajiira","alternateName":"UNIGUAJIRA","url":"https:\/\/uniguajira.edu.co\/","logo":{"@type":"ImageObject","inLanguage":"wa-WA","@id":"https:\/\/uniguajira.edu.co\/#\/schema\/logo\/image\/","url":"https:\/\/uniguajira.edu.co\/wp-content\/uploads\/2026\/01\/cropped-cropped-LOGOS-PAGINA-WEB-04-1.webp","contentUrl":"https:\/\/uniguajira.edu.co\/wp-content\/uploads\/2026\/01\/cropped-cropped-LOGOS-PAGINA-WEB-04-1.webp","width":360,"height":72,"caption":"Universidad de La Guajira"},"image":{"@id":"https:\/\/uniguajira.edu.co\/#\/schema\/logo\/image\/"},"sameAs":["https:\/\/www.facebook.com\/UniLaGuajira\/","https:\/\/x.com\/UniLaGuajira","https:\/\/www.instagram.com\/uniguajira_\/","https:\/\/www.youtube.com\/user\/UniLaGuajira"]}]}},"_hostinger_reach_plugin_has_subscription_block":false,"_hostinger_reach_plugin_is_elementor":false,"_links":{"self":[{"href":"https:\/\/uniguajira.edu.co\/wa\/wp-json\/wp\/v2\/pages\/24599","targetHints":{"allow":["GET"]}}],"collection":[{"href":"https:\/\/uniguajira.edu.co\/wa\/wp-json\/wp\/v2\/pages"}],"about":[{"href":"https:\/\/uniguajira.edu.co\/wa\/wp-json\/wp\/v2\/types\/page"}],"author":[{"embeddable":true,"href":"https:\/\/uniguajira.edu.co\/wa\/wp-json\/wp\/v2\/users\/3"}],"replies":[{"embeddable":true,"href":"https:\/\/uniguajira.edu.co\/wa\/wp-json\/wp\/v2\/comments?post=24599"}],"version-history":[{"count":1,"href":"https:\/\/uniguajira.edu.co\/wa\/wp-json\/wp\/v2\/pages\/24599\/revisions"}],"predecessor-version":[{"id":106223,"href":"https:\/\/uniguajira.edu.co\/wa\/wp-json\/wp\/v2\/pages\/24599\/revisions\/106223"}],"up":[{"embeddable":true,"href":"https:\/\/uniguajira.edu.co\/wa\/wp-json\/wp\/v2\/pages\/45721"}],"wp:featuredmedia":[{"embeddable":true,"href":"https:\/\/uniguajira.edu.co\/wa\/wp-json\/wp\/v2\/media\/58268"}],"wp:attachment":[{"href":"https:\/\/uniguajira.edu.co\/wa\/wp-json\/wp\/v2\/media?parent=24599"}],"curies":[{"name":"wp","href":"https:\/\/api.w.org\/{rel}","templated":true}]}}