{"id":24337,"date":"2024-01-16T05:39:06","date_gmt":"2024-01-16T10:39:06","guid":{"rendered":"https:\/\/uniguajira.edu.co\/?page_id=24337"},"modified":"2025-10-02T16:40:46","modified_gmt":"2025-10-02T21:40:46","slug":"trayectoria-del-proceso","status":"publish","type":"page","link":"https:\/\/uniguajira.edu.co\/wa\/universidad-de-la-guajira\/planeacion-institucional\/trayectoria-del-proceso\/","title":{"rendered":"Trayectoria del proceso"},"content":{"rendered":"<div class=\"gb-container gb-container-d796b7e0\">\n<div class=\"gb-container gb-container-4d72301d\">\n<div class=\"gb-container gb-container-570b9a30\">\n<div class=\"gb-container gb-container-eb0f1e17\">\n\n<p class=\"gb-headline gb-headline-adab62e1 gb-headline-text\">El proceso de rendici\u00f3n de cuentas de la Universidad de La Guajira es una trayectoria que se ha fortalecido a lo largo de los a\u00f1os. A trav\u00e9s de este camino, la instituci\u00f3n ha desarrollado un compromiso constante con la transparencia, la comunicaci\u00f3n y la participaci\u00f3n. Cada a\u00f1o, se han perfeccionado las pr\u00e1cticas de rendici\u00f3n de cuentas, buscando una mayor apertura y accesibilidad para la comunidad universitaria y la sociedad en general.<\/p>\n\n\n\n<p class=\"gb-headline gb-headline-670e578f gb-headline-text\">Este recorrido ha involucrado la implementaci\u00f3n de diversos medios y canales de comunicaci\u00f3n, como informes anuales, presentaciones p\u00fablicas, debates, y m\u00e1s recientemente, recursos digitales y videos informativos. La Universidad de La Guajira se enorgullece de su progreso en la rendici\u00f3n de cuentas y est\u00e1 comprometida con seguir mejorando y fortaleciendo esta valiosa tradici\u00f3n de transparencia y di\u00e1logo con sus grupos de inter\u00e9s.<\/p>\n\n\n<div class=\"gb-container gb-container-1db11728\">\n\n<div class=\"pdf-container\">\n        <iframe loading=\"lazy\" src=\"https:\/\/drive.google.com\/file\/d\/124iqxnnSECrGfbPCO32qGpMu6N3-6uRZ\/preview\" width=\"100%\" height=\"600\" aria-label=\"Descripci\u00f3n-breve trayectoria del proceso de rendimiento de la Universidad de La Guajira\">\n            <p>Tu navegador no puede mostrar PDF. Puedes descargar el archivo <a href=\"https:\/\/drive.google.com\/file\/d\/124iqxnnSECrGfbPCO32qGpMu6N3-6uRZ\/preview\" target=\"_blank\" rel=\"noopener\">aqu\u00ed<\/a>.<\/p>\n        <\/iframe>\n    <div class=\"pdf-footer\">\n        <p>Este documento PDF contiene la trayectoria del proceso de rendimiento de la Universidad de La Guajira. Si tienes problemas para visualizar el archivo, puedes descargarlo directamente <a href=\"https:\/\/drive.google.com\/file\/d\/124iqxnnSECrGfbPCO32qGpMu6N3-6uRZ\/preview\" target=\"_blank\" rel=\"noopener\">aqu\u00ed<\/a>.<\/p>\n    <\/div>\n<\/div>\n\n<\/div>\n<\/div>\n<\/div>\n<\/div>\n<\/div>","protected":false},"excerpt":{"rendered":"<p>El proceso de rendici\u00f3n de cuentas de la Universidad de La Guajira es una trayectoria que se ha fortalecido a lo largo de &#8230; <a title=\"Trayectoria del proceso\" class=\"read-more\" href=\"https:\/\/uniguajira.edu.co\/wa\/universidad-de-la-guajira\/planeacion-institucional\/trayectoria-del-proceso\/\" aria-label=\"Read more about Trayectoria del proceso\">.<\/a><\/p>","protected":false},"author":3,"featured_media":25630,"parent":31830,"menu_order":0,"comment_status":"closed","ping_status":"closed","template":"","meta":{"footnotes":""},"class_list":{"0":"post-24337","1":"page","2":"type-page","3":"status-publish","4":"has-post-thumbnail","6":"infinite-scroll-item"},"yoast_head":"<!-- This site is optimized with the Yoast SEO Premium plugin v27.0 (Yoast SEO v27.0) - https:\/\/yoast.com\/product\/yoast-seo-premium-wordpress\/ -->\n<title>Trayectoria del proceso<\/title>\n<meta name=\"robots\" content=\"index, follow, max-snippet:-1, max-image-preview:large, max-video-preview:-1\" \/>\n<link rel=\"canonical\" href=\"https:\/\/uniguajira.edu.co\/wa\/universidad-de-la-guajira\/planeacion-institucional\/trayectoria-del-proceso\/\" \/>\n<meta property=\"og:locale\" content=\"en_US\" \/>\n<meta property=\"og:type\" content=\"article\" \/>\n<meta property=\"og:title\" content=\"Trayectoria del proceso\" \/>\n<meta property=\"og:description\" content=\"El proceso de rendici\u00f3n de cuentas de la Universidad de La Guajira es una trayectoria que se ha fortalecido a lo largo de ... .\" \/>\n<meta property=\"og:url\" content=\"https:\/\/uniguajira.edu.co\/wa\/universidad-de-la-guajira\/planeacion-institucional\/trayectoria-del-proceso\/\" \/>\n<meta property=\"og:site_name\" content=\"Universidad de La Guajira\" \/>\n<meta property=\"article:publisher\" content=\"https:\/\/www.facebook.com\/UniLaGuajira\/\" \/>\n<meta property=\"article:modified_time\" content=\"2025-10-02T21:40:46+00:00\" \/>\n<meta property=\"og:image\" content=\"https:\/\/uniguajira.edu.co\/wp-content\/uploads\/2024\/01\/bannerbiblioteca.webp\" \/>\n\t<meta property=\"og:image:width\" content=\"1920\" \/>\n\t<meta property=\"og:image:height\" content=\"590\" \/>\n\t<meta property=\"og:image:type\" content=\"image\/webp\" \/>\n<meta name=\"twitter:card\" content=\"summary_large_image\" \/>\n<meta name=\"twitter:site\" content=\"@UniLaGuajira\" \/>\n<meta name=\"twitter:label1\" content=\"Est. reading time\" \/>\n\t<meta name=\"twitter:data1\" content=\"2 minutes\" \/>\n<script type=\"application\/ld+json\" class=\"yoast-schema-graph\">{\"@context\":\"https:\/\/schema.org\",\"@graph\":[{\"@type\":\"WebPage\",\"@id\":\"https:\/\/uniguajira.edu.co\/universidad-de-la-guajira\/planeacion-institucional\/trayectoria-del-proceso\/\",\"url\":\"https:\/\/uniguajira.edu.co\/universidad-de-la-guajira\/planeacion-institucional\/trayectoria-del-proceso\/\",\"name\":\"Trayectoria del proceso\",\"isPartOf\":{\"@id\":\"https:\/\/uniguajira.edu.co\/#website\"},\"primaryImageOfPage\":{\"@id\":\"https:\/\/uniguajira.edu.co\/universidad-de-la-guajira\/planeacion-institucional\/trayectoria-del-proceso\/#primaryimage\"},\"image\":{\"@id\":\"https:\/\/uniguajira.edu.co\/universidad-de-la-guajira\/planeacion-institucional\/trayectoria-del-proceso\/#primaryimage\"},\"thumbnailUrl\":\"https:\/\/uniguajira.edu.co\/wp-content\/uploads\/2024\/01\/bannerbiblioteca.webp\",\"datePublished\":\"2024-01-16T10:39:06+00:00\",\"dateModified\":\"2025-10-02T21:40:46+00:00\",\"breadcrumb\":{\"@id\":\"https:\/\/uniguajira.edu.co\/universidad-de-la-guajira\/planeacion-institucional\/trayectoria-del-proceso\/#breadcrumb\"},\"inLanguage\":\"wa-WA\",\"potentialAction\":[{\"@type\":\"ReadAction\",\"target\":[\"https:\/\/uniguajira.edu.co\/universidad-de-la-guajira\/planeacion-institucional\/trayectoria-del-proceso\/\"]}]},{\"@type\":\"ImageObject\",\"inLanguage\":\"wa-WA\",\"@id\":\"https:\/\/uniguajira.edu.co\/universidad-de-la-guajira\/planeacion-institucional\/trayectoria-del-proceso\/#primaryimage\",\"url\":\"https:\/\/uniguajira.edu.co\/wp-content\/uploads\/2024\/01\/bannerbiblioteca.webp\",\"contentUrl\":\"https:\/\/uniguajira.edu.co\/wp-content\/uploads\/2024\/01\/bannerbiblioteca.webp\",\"width\":1920,\"height\":590},{\"@type\":\"BreadcrumbList\",\"@id\":\"https:\/\/uniguajira.edu.co\/universidad-de-la-guajira\/planeacion-institucional\/trayectoria-del-proceso\/#breadcrumb\",\"itemListElement\":[{\"@type\":\"ListItem\",\"position\":1,\"name\":\"\u2302 Uniguajira\",\"item\":\"https:\/\/uniguajira.edu.co\/\"},{\"@type\":\"ListItem\",\"position\":2,\"name\":\"Uniguajira\",\"item\":\"https:\/\/uniguajira.edu.co\/\"},{\"@type\":\"ListItem\",\"position\":3,\"name\":\"Planeaci\u00f3n Institucional\",\"item\":\"https:\/\/uniguajira.edu.co\/universidad-de-la-guajira\/planeacion-institucional\/\"},{\"@type\":\"ListItem\",\"position\":4,\"name\":\"Trayectoria del proceso\"}]},{\"@type\":\"WebSite\",\"@id\":\"https:\/\/uniguajira.edu.co\/#website\",\"url\":\"https:\/\/uniguajira.edu.co\/\",\"name\":\"UNIGUAJIRA\",\"description\":\"Descubre la educaci\u00f3n superior con oportunidades laborales, retos estudiantiles y tecnolog\u00eda innovadora. Alcanza el \u00e9xito acad\u00e9mico y explora el impacto social y la diversidad en un entorno de aprendizaje moderno. Ad\u00e1ptate con inteligencia artificial y pr\u00e1cticas profesionales para un crecimiento integral.\",\"publisher\":{\"@id\":\"https:\/\/uniguajira.edu.co\/#organization\"},\"alternateName\":\"Universidad de La Guajira\",\"potentialAction\":[{\"@type\":\"SearchAction\",\"target\":{\"@type\":\"EntryPoint\",\"urlTemplate\":\"https:\/\/uniguajira.edu.co\/?s={search_term_string}\"},\"query-input\":{\"@type\":\"PropertyValueSpecification\",\"valueRequired\":true,\"valueName\":\"search_term_string\"}}],\"inLanguage\":\"wa-WA\"},{\"@type\":\"Organization\",\"@id\":\"https:\/\/uniguajira.edu.co\/#organization\",\"name\":\"Universidad de La Guajira\",\"alternateName\":\"UNIGUAJIRA\",\"url\":\"https:\/\/uniguajira.edu.co\/\",\"logo\":{\"@type\":\"ImageObject\",\"inLanguage\":\"wa-WA\",\"@id\":\"https:\/\/uniguajira.edu.co\/#\/schema\/logo\/image\/\",\"url\":\"https:\/\/uniguajira.edu.co\/wp-content\/uploads\/2026\/01\/cropped-cropped-LOGOS-PAGINA-WEB-04-1.webp\",\"contentUrl\":\"https:\/\/uniguajira.edu.co\/wp-content\/uploads\/2026\/01\/cropped-cropped-LOGOS-PAGINA-WEB-04-1.webp\",\"width\":360,\"height\":72,\"caption\":\"Universidad de La Guajira\"},\"image\":{\"@id\":\"https:\/\/uniguajira.edu.co\/#\/schema\/logo\/image\/\"},\"sameAs\":[\"https:\/\/www.facebook.com\/UniLaGuajira\/\",\"https:\/\/x.com\/UniLaGuajira\",\"https:\/\/www.instagram.com\/uniguajira_\/\",\"https:\/\/www.youtube.com\/user\/UniLaGuajira\"]}]}<\/script>\n<!-- \/ Yoast SEO Premium plugin. -->","yoast_head_json":{"title":"Trayectoria del proceso","robots":{"index":"index","follow":"follow","max-snippet":"max-snippet:-1","max-image-preview":"max-image-preview:large","max-video-preview":"max-video-preview:-1"},"canonical":"https:\/\/uniguajira.edu.co\/wa\/universidad-de-la-guajira\/planeacion-institucional\/trayectoria-del-proceso\/","og_locale":"en_US","og_type":"article","og_title":"Trayectoria del proceso","og_description":"El proceso de rendici\u00f3n de cuentas de la Universidad de La Guajira es una trayectoria que se ha fortalecido a lo largo de ... .","og_url":"https:\/\/uniguajira.edu.co\/wa\/universidad-de-la-guajira\/planeacion-institucional\/trayectoria-del-proceso\/","og_site_name":"Universidad de La Guajira","article_publisher":"https:\/\/www.facebook.com\/UniLaGuajira\/","article_modified_time":"2025-10-02T21:40:46+00:00","og_image":[{"width":1920,"height":590,"url":"https:\/\/uniguajira.edu.co\/wp-content\/uploads\/2024\/01\/bannerbiblioteca.webp","type":"image\/webp"}],"twitter_card":"summary_large_image","twitter_site":"@UniLaGuajira","twitter_misc":{"Est. reading time":"2 minutes"},"schema":{"@context":"https:\/\/schema.org","@graph":[{"@type":"WebPage","@id":"https:\/\/uniguajira.edu.co\/universidad-de-la-guajira\/planeacion-institucional\/trayectoria-del-proceso\/","url":"https:\/\/uniguajira.edu.co\/universidad-de-la-guajira\/planeacion-institucional\/trayectoria-del-proceso\/","name":"Trayectoria del proceso","isPartOf":{"@id":"https:\/\/uniguajira.edu.co\/#website"},"primaryImageOfPage":{"@id":"https:\/\/uniguajira.edu.co\/universidad-de-la-guajira\/planeacion-institucional\/trayectoria-del-proceso\/#primaryimage"},"image":{"@id":"https:\/\/uniguajira.edu.co\/universidad-de-la-guajira\/planeacion-institucional\/trayectoria-del-proceso\/#primaryimage"},"thumbnailUrl":"https:\/\/uniguajira.edu.co\/wp-content\/uploads\/2024\/01\/bannerbiblioteca.webp","datePublished":"2024-01-16T10:39:06+00:00","dateModified":"2025-10-02T21:40:46+00:00","breadcrumb":{"@id":"https:\/\/uniguajira.edu.co\/universidad-de-la-guajira\/planeacion-institucional\/trayectoria-del-proceso\/#breadcrumb"},"inLanguage":"wa-WA","potentialAction":[{"@type":"ReadAction","target":["https:\/\/uniguajira.edu.co\/universidad-de-la-guajira\/planeacion-institucional\/trayectoria-del-proceso\/"]}]},{"@type":"ImageObject","inLanguage":"wa-WA","@id":"https:\/\/uniguajira.edu.co\/universidad-de-la-guajira\/planeacion-institucional\/trayectoria-del-proceso\/#primaryimage","url":"https:\/\/uniguajira.edu.co\/wp-content\/uploads\/2024\/01\/bannerbiblioteca.webp","contentUrl":"https:\/\/uniguajira.edu.co\/wp-content\/uploads\/2024\/01\/bannerbiblioteca.webp","width":1920,"height":590},{"@type":"BreadcrumbList","@id":"https:\/\/uniguajira.edu.co\/universidad-de-la-guajira\/planeacion-institucional\/trayectoria-del-proceso\/#breadcrumb","itemListElement":[{"@type":"ListItem","position":1,"name":"\u2302 Uniguajira","item":"https:\/\/uniguajira.edu.co\/"},{"@type":"ListItem","position":2,"name":"Uniguajira","item":"https:\/\/uniguajira.edu.co\/"},{"@type":"ListItem","position":3,"name":"Planeaci\u00f3n Institucional","item":"https:\/\/uniguajira.edu.co\/universidad-de-la-guajira\/planeacion-institucional\/"},{"@type":"ListItem","position":4,"name":"Trayectoria del proceso"}]},{"@type":"WebSite","@id":"https:\/\/uniguajira.edu.co\/#website","url":"https:\/\/uniguajira.edu.co\/","name":"UNIGUAJIRA","description":"Descubre la educaci\u00f3n superior con oportunidades laborales, retos estudiantiles y tecnolog\u00eda innovadora. Alcanza el \u00e9xito acad\u00e9mico y explora el impacto social y la diversidad en un entorno de aprendizaje moderno. Ad\u00e1ptate con inteligencia artificial y pr\u00e1cticas profesionales para un crecimiento integral.","publisher":{"@id":"https:\/\/uniguajira.edu.co\/#organization"},"alternateName":"Universidad de La Guajira","potentialAction":[{"@type":"SearchAction","target":{"@type":"EntryPoint","urlTemplate":"https:\/\/uniguajira.edu.co\/?s={search_term_string}"},"query-input":{"@type":"PropertyValueSpecification","valueRequired":true,"valueName":"search_term_string"}}],"inLanguage":"wa-WA"},{"@type":"Organization","@id":"https:\/\/uniguajira.edu.co\/#organization","name":"Shikii Ekirajia P\u00fclee Wajiira","alternateName":"UNIGUAJIRA","url":"https:\/\/uniguajira.edu.co\/","logo":{"@type":"ImageObject","inLanguage":"wa-WA","@id":"https:\/\/uniguajira.edu.co\/#\/schema\/logo\/image\/","url":"https:\/\/uniguajira.edu.co\/wp-content\/uploads\/2026\/01\/cropped-cropped-LOGOS-PAGINA-WEB-04-1.webp","contentUrl":"https:\/\/uniguajira.edu.co\/wp-content\/uploads\/2026\/01\/cropped-cropped-LOGOS-PAGINA-WEB-04-1.webp","width":360,"height":72,"caption":"Universidad de La Guajira"},"image":{"@id":"https:\/\/uniguajira.edu.co\/#\/schema\/logo\/image\/"},"sameAs":["https:\/\/www.facebook.com\/UniLaGuajira\/","https:\/\/x.com\/UniLaGuajira","https:\/\/www.instagram.com\/uniguajira_\/","https:\/\/www.youtube.com\/user\/UniLaGuajira"]}]}},"_hostinger_reach_plugin_has_subscription_block":false,"_hostinger_reach_plugin_is_elementor":false,"_links":{"self":[{"href":"https:\/\/uniguajira.edu.co\/wa\/wp-json\/wp\/v2\/pages\/24337","targetHints":{"allow":["GET"]}}],"collection":[{"href":"https:\/\/uniguajira.edu.co\/wa\/wp-json\/wp\/v2\/pages"}],"about":[{"href":"https:\/\/uniguajira.edu.co\/wa\/wp-json\/wp\/v2\/types\/page"}],"author":[{"embeddable":true,"href":"https:\/\/uniguajira.edu.co\/wa\/wp-json\/wp\/v2\/users\/3"}],"replies":[{"embeddable":true,"href":"https:\/\/uniguajira.edu.co\/wa\/wp-json\/wp\/v2\/comments?post=24337"}],"version-history":[{"count":0,"href":"https:\/\/uniguajira.edu.co\/wa\/wp-json\/wp\/v2\/pages\/24337\/revisions"}],"up":[{"embeddable":true,"href":"https:\/\/uniguajira.edu.co\/wa\/wp-json\/wp\/v2\/pages\/31830"}],"wp:featuredmedia":[{"embeddable":true,"href":"https:\/\/uniguajira.edu.co\/wa\/wp-json\/wp\/v2\/media\/25630"}],"wp:attachment":[{"href":"https:\/\/uniguajira.edu.co\/wa\/wp-json\/wp\/v2\/media?parent=24337"}],"curies":[{"name":"wp","href":"https:\/\/api.w.org\/{rel}","templated":true}]}}