{"id":24178,"date":"2024-01-15T09:32:11","date_gmt":"2024-01-15T14:32:11","guid":{"rendered":"https:\/\/uniguajira.edu.co\/?page_id=24178"},"modified":"2025-10-02T17:11:12","modified_gmt":"2025-10-02T22:11:12","slug":"preguntas-frecuentes-sobre-control-interno","status":"publish","type":"page","link":"https:\/\/uniguajira.edu.co\/wa\/universidad-de-la-guajira\/control-interno\/preguntas-frecuentes-sobre-control-interno\/","title":{"rendered":"Preguntas frecuentes sobre Control Interno"},"content":{"rendered":"<div class=\"gb-container gb-container-d796b7e0\">\n<div class=\"gb-container gb-container-4d72301d\">\n<div class=\"gb-container gb-container-570b9a30\">\n<div class=\"gb-container gb-container-1db11728\">\n\n<p class=\"gb-headline gb-headline-adab62e1 gb-headline-text\">En esta secci\u00f3n, hemos recopilado las preguntas m\u00e1s comunes relacionadas con el Control Interno en la Universidad de La Guajira. Nuestro objetivo es proporcionar respuestas claras y concisas a las dudas m\u00e1s frecuentes que puedan surgir en cuanto a este importante aspecto de la gesti\u00f3n universitaria. Si tienes interrogantes sobre c\u00f3mo funciona el Control Interno en la instituci\u00f3n, sus prop\u00f3sitos o sus procedimientos, esta secci\u00f3n te brindar\u00e1 la informaci\u00f3n necesaria. Adem\u00e1s, si no encuentras la respuesta a tu pregunta, no dudes en contactarnos; estamos aqu\u00ed para ayudarte a comprender mejor nuestro compromiso con la integridad, la transparencia y la eficiencia en la Universidad de La Guajira.<\/p>\n\n\n<div class=\"gb-container gb-container-bd75c527\">\n<div class=\"gb-container gb-container-61197dc1\">\n<div class=\"gb-container gb-container-14c73d23\">\n\n<details class=\"wp-block-details is-layout-flow wp-block-details-is-layout-flow\" open><summary>\u00bfQu\u00e9 es el sistema de control interno?<\/summary><div class=\"gb-container gb-container-5692accd\">\n\n<p>Es un sistema de naturaleza preventiva, integrado por el esquema de organizaci\u00f3n y el conjunto de los planes, m\u00e9todos, principios, normas, procedimientos y mecanismos de verificaci\u00f3n y evaluaci\u00f3n adoptados por una entidad.<\/p>\n\n<\/div><\/details>\n\n<\/div>\n\n<div class=\"gb-container gb-container-5b197f68\">\n\n<details class=\"wp-block-details is-layout-flow wp-block-details-is-layout-flow\"><summary>\u00bfCu\u00e1l es el prop\u00f3sito del sistema de control interno?<\/summary><div class=\"gb-container gb-container-9d49fbd7\">\n\n<p>Fortalecer a las entidades p\u00fablicas para que establezcan en su interior mecanismos preventivos que permitan proporcionar una seguridad razonable acerca del logro de las metas y objetivos institucionales trazados por la direcci\u00f3n, de acuerdo con las normas constitucionales y legales vigentes.<\/p>\n\n<\/div><\/details>\n\n<\/div>\n\n<div class=\"gb-container gb-container-a2d76301\">\n\n<details class=\"wp-block-details is-layout-flow wp-block-details-is-layout-flow\"><summary>\u00bfCu\u00e1les son los objetivos del sistema de control interno?<\/summary><div class=\"gb-container gb-container-894d57af\">\n\n<ul class=\"wp-block-list\">\n<li>Establecer mecanismos para la protecci\u00f3n de los recursos de la organizaci\u00f3n ante posibles riesgos que los afecten.<\/li>\n\n\n\n<li>Generar mecanismos que permitan la evaluaci\u00f3n y seguimiento de la gesti\u00f3n.<\/li>\n\n\n\n<li>Establecer lineamientos que permitan oportunidad y confiabilidad de la informaci\u00f3n con \u00e9nfasis en los temas contable y financiero.<\/li>\n\n\n\n<li>Aumentar la eficacia, eficiencia y efectividad en la gesti\u00f3n institucional.<\/li>\n<\/ul>\n\n<\/div><\/details>\n\n<\/div>\n\n<div class=\"gb-container gb-container-92d0a159\">\n\n<details class=\"wp-block-details is-layout-flow wp-block-details-is-layout-flow\"><summary>\u00bfQu\u00e9 es el MECI y para qu\u00e9 sirve?<\/summary><div class=\"gb-container gb-container-39bac82d\">\n\n<p>Es el Modelo Est\u00e1ndar de Control Interno, establecido para las entidades del Estado que proporciona una estructura para el control a la estrategia, la gesti\u00f3n y la evaluaci\u00f3n en las entidades del Estado, cuyo prop\u00f3sito es orientarlas hacia el cumplimiento de sus objetivos institucionales y la contribuci\u00f3n de estos a los fines esenciales del Estado.<\/p>\n\n<\/div><\/details>\n\n<\/div>\n\n<div class=\"gb-container gb-container-bdf4d2ad\">\n\n<details class=\"wp-block-details is-layout-flow wp-block-details-is-layout-flow\"><summary>\u00bfPor qu\u00e9 la Universidad debe implementar el MECI?\u00a0<\/summary><div class=\"gb-container gb-container-e0e5c576\">\n\n<p>De acuerdo a los art\u00edculos 209 y 269 de la Constituci\u00f3n Nacional las entidades p\u00fablicas est\u00e1n obligadas a implementar, dise\u00f1ar y aplicar m\u00e9todos y procedimientos de control interno. De igual forma, se define en la Ley 87 de 1993, en su art\u00edculo 5\u00b0 establece que implementaran el SCI \u201ctodos los organismos y entidades de las Ramas del Poder P\u00fablico en sus diferentes \u00f3rdenes y niveles as\u00ed como en la organizaci\u00f3n electoral, en los organismos de control, en los establecimientos p\u00fablicos, en las empresas industriales y comerciales del Estado, en las sociedades de econom\u00eda mixta en las cuales el Estado posea el 90% o m\u00e1s de capital social, en el Banco de la Rep\u00fablica y en los fondos de origen presupuestal\u201d.<\/p>\n\n<\/div><\/details>\n\n<\/div>\n\n<div class=\"gb-container gb-container-2b5a1703\">\n\n<details class=\"wp-block-details is-layout-flow wp-block-details-is-layout-flow\"><summary>\u00bfC\u00f3mo se estructura el MECI?<\/summary><div class=\"gb-container gb-container-00908239\">\n\n<p>El MECI tiene 5 componentes: Ambiente de control, Gesti\u00f3n de Riesgos, Actividades de Control, Informaci\u00f3n y Comunicaci\u00f3n, Actividades de monitoreo o supervisi\u00f3n continua.<\/p>\n\n<\/div><\/details>\n\n<\/div>\n\n<div class=\"gb-container gb-container-78bed4d2\">\n\n<details class=\"wp-block-details is-layout-flow wp-block-details-is-layout-flow\"><summary>\u00bfEn qu\u00e9 consiste el esquema de tres (3) l\u00edneas de defensa del MECI?<\/summary><div class=\"gb-container gb-container-71845dcb\">\n\n<p>Se trata de un esquema de asignaci\u00f3n de responsabilidades y roles par a la gesti\u00f3n del riesgo y el control el cual se distribuye en diversos servidores y colaboradores de la Universidad. Lo compone una L\u00ednea Estrat\u00e9gica, Primera, Segunda y Tercera L\u00ednea.<\/p>\n\n<\/div><\/details>\n\n<\/div>\n\n<div class=\"gb-container gb-container-49614470\">\n\n<details class=\"wp-block-details is-layout-flow wp-block-details-is-layout-flow\"><summary>\u00bfQui\u00e9n integra cada l\u00ednea de defensa?<\/summary><div class=\"gb-container gb-container-06177e7f\">\n\n<p><strong>L\u00ednea Estrat\u00e9gica:&nbsp;<\/strong>Define y eval\u00faa lineamientos de Control. Est\u00e1 integrada por la Alta Direcci\u00f3n y el Comit\u00e9 Institucional de Coordinaci\u00f3n de Control Interno<\/p>\n\n\n\n<p><strong>Primera L\u00ednea:<\/strong>&nbsp;Medidas de Control Interno, controles del d\u00eda a d\u00eda. Ejecutados por el equipo de trabajo. As\u00ed como los controles de Gerencia Operativa, Ejecutados por un jefe o l\u00edder de proceso.<\/p>\n\n\n\n<p><strong>Segunda l\u00ednea:&nbsp;<\/strong>integrada por la Media y Alta Gerencia, Jefe de planeaci\u00f3n, coordinadores de equipos de trabajo, comit\u00e9s de riesgos, comit\u00e9 de contrataci\u00f3n, \u00e1reas financieras, de TIC, entre otros que generen informaci\u00f3n para el Aseguramiento de la operaci\u00f3n.<\/p>\n\n\n\n<p><strong>Tercera l\u00ednea:&nbsp;<\/strong>Oficina de Control Interno, eval\u00faa el sistema de Control Interno, ejerce control de control en la instituci\u00f3n.<\/p>\n\n<\/div><\/details>\n\n<\/div>\n\n<div class=\"gb-container gb-container-8cb70b5f\">\n\n<details class=\"wp-block-details is-layout-flow wp-block-details-is-layout-flow\"><summary>\u00bfCu\u00e1les son los campos acci\u00f3n de la oficina de control?<\/summary><div class=\"gb-container gb-container-f8f6a1cc\">\n\n<p><strong>Fomento de la cultura del control<\/strong>,\u00a0que se evidencia a trav\u00e9s de un diagn\u00f3stico.\u00a0<\/p>\n\n\n\n<ol class=\"wp-block-list\">\n<li>Resultados de la evaluaci\u00f3n y autoevaluaci\u00f3n del Sistema de Control Interno.<\/li>\n<\/ol>\n\n\n\n<p><strong>Evaluaci\u00f3n y monitoreo<\/strong>\u00a0<strong>que se realiza a trav\u00e9s de:<\/strong><\/p>\n\n\n\n<ul class=\"wp-block-list\">\n<li>1. Auditor\u00edas.<\/li>\n\n\n\n<li>2. Monitoreo y evaluaci\u00f3n al Sistema de Control Interno, Planes y programas.<\/li>\n<\/ul>\n\n\n\n<p><strong>Administraci\u00f3n del Riesgo<\/strong>, Labor evidenciada a trav\u00e9s del seguimiento de los mapas de riesgos y a la verificaci\u00f3n que realizan los l\u00edderes y equipos de trabajo producto de la evaluaci\u00f3n y seguimiento.<\/p>\n\n\n\n<p><strong>Asesor\u00eda y Acompa\u00f1amiento<\/strong>, La asesor\u00eda y acompa\u00f1amiento se realiza a la alta direcci\u00f3n, como resultado de las evaluaciones realizadas a los diferentes procesos.<\/p>\n\n\n\n<p><strong>Relaci\u00f3n con entes externos<\/strong>, La ley determin\u00f3 como enlace a las oficinas de Control Interno con los diferentes entes de control.<\/p>\n\n<\/div><\/details>\n\n<\/div>\n\n<div class=\"gb-container gb-container-6b07f6c2\">\n\n<details class=\"wp-block-details is-layout-flow wp-block-details-is-layout-flow\"><summary>\u00bfValores de la oficina de control interno?<\/summary><div class=\"gb-container gb-container-1c783af0\">\n\n<ul class=\"wp-block-list\">\n<li>Honestidad.<\/li>\n\n\n\n<li>Respeto.<\/li>\n\n\n\n<li>Lealtad.<\/li>\n\n\n\n<li>\u00c9tica.<\/li>\n\n\n\n<li>Responsabilidad.<\/li>\n\n\n\n<li>Compromiso.<\/li>\n\n\n\n<li>Vocaci\u00f3n de servicio.<\/li>\n\n\n\n<li>Diligencia.<\/li>\n\n\n\n<li>Justicia.<\/li>\n<\/ul>\n\n<\/div><\/details>\n\n<\/div>\n\n<div class=\"gb-container gb-container-771c5a63\">\n\n<details class=\"wp-block-details is-layout-flow wp-block-details-is-layout-flow\"><summary>\u00bfPrincipios que rigen la conducta de los funcionarios de la oficina de control interno?<\/summary><div class=\"gb-container gb-container-1cf7d4df\">\n\n<ul class=\"wp-block-list\">\n<li>Integridad.<\/li>\n\n\n\n<li>Objetividad.<\/li>\n\n\n\n<li>Confidencialidad.<\/li>\n\n\n\n<li>Competencia.<\/li>\n<\/ul>\n\n<\/div><\/details>\n\n<\/div>\n\n<div class=\"gb-container gb-container-d8865592\">\n\n<details class=\"wp-block-details is-layout-flow wp-block-details-is-layout-flow\"><summary>\u00bfCu\u00e1l es la responsabilidad de la oficina de control interno?<\/summary><div class=\"gb-container gb-container-87a7499b\">\n\n<ul class=\"wp-block-list\">\n<li>Asesor\u00eda a la Alta direcci\u00f3n.<\/li>\n\n\n\n<li>Fomento de una cultura de control.<\/li>\n\n\n\n<li>Colaboraci\u00f3n y apoyo a los entes de control.<\/li>\n\n\n\n<li>Disposici\u00f3n y actitud respetuosa.<\/li>\n\n\n\n<li>Asesor\u00eda y apoyo en control interno a la Comunidad Universitaria.<\/li>\n<\/ul>\n\n<\/div><\/details>\n\n<\/div>\n\n<div class=\"gb-container gb-container-d8c4ac51\">\n\n<details class=\"wp-block-details is-layout-flow wp-block-details-is-layout-flow\"><summary>\u00bfQu\u00e9 no hacemos?<\/summary><div class=\"gb-container gb-container-42cf2b4a\">\n\n<p>La oficina de control interno \u2013 OCI<\/p>\n\n\n\n<p><strong>No ejerce funci\u00f3n coadministradora<\/strong>, No participa en el dise\u00f1o e implementaci\u00f3n de procedimientos, ni en la toma de decisiones administrativas evitando ser juez y parte en los procesos evaluados.<\/p>\n\n\n\n<p><strong>No se encarga del Control Disciplinario<\/strong>, A la OCI (oficina de control interno) no le corresponde adelantar investigaciones disciplinarias a estudiantes, &nbsp;funcionarios administrativos y\/o docentes de la Universidad. Su funci\u00f3n en relaci\u00f3n con el r\u00e9gimen disciplinario es el control del mismo.<\/p>\n\n<\/div><\/details>\n\n<\/div>\n<\/div>\n<\/div>\n<\/div>\n<\/div>\n<\/div>\n<\/div>","protected":false},"excerpt":{"rendered":"<p>En esta secci\u00f3n, hemos recopilado las preguntas m\u00e1s comunes relacionadas con el Control Interno en la Universidad de La Guajira. Nuestro objetivo es &#8230; <a title=\"Preguntas frecuentes sobre Control Interno\" class=\"read-more\" href=\"https:\/\/uniguajira.edu.co\/wa\/universidad-de-la-guajira\/control-interno\/preguntas-frecuentes-sobre-control-interno\/\" aria-label=\"Read more about Preguntas frecuentes sobre Control Interno\">.<\/a><\/p>","protected":false},"author":3,"featured_media":24873,"parent":31506,"menu_order":0,"comment_status":"closed","ping_status":"closed","template":"","meta":{"footnotes":""},"class_list":{"0":"post-24178","1":"page","2":"type-page","3":"status-publish","4":"has-post-thumbnail","6":"infinite-scroll-item"},"yoast_head":"<!-- This site is optimized with the Yoast SEO Premium plugin v27.0 (Yoast SEO v27.0) - https:\/\/yoast.com\/product\/yoast-seo-premium-wordpress\/ -->\n<title>Preguntas frecuentes sobre Control Interno<\/title>\n<meta name=\"robots\" content=\"index, follow, max-snippet:-1, max-image-preview:large, max-video-preview:-1\" \/>\n<link rel=\"canonical\" href=\"https:\/\/uniguajira.edu.co\/wa\/universidad-de-la-guajira\/control-interno\/preguntas-frecuentes-sobre-control-interno\/\" \/>\n<meta property=\"og:locale\" content=\"en_US\" \/>\n<meta property=\"og:type\" content=\"article\" \/>\n<meta property=\"og:title\" content=\"Preguntas frecuentes sobre Control Interno\" \/>\n<meta property=\"og:description\" content=\"En esta secci\u00f3n, hemos recopilado las preguntas m\u00e1s comunes relacionadas con el Control Interno en la Universidad de La Guajira. Nuestro objetivo es ... .\" \/>\n<meta property=\"og:url\" content=\"https:\/\/uniguajira.edu.co\/wa\/universidad-de-la-guajira\/control-interno\/preguntas-frecuentes-sobre-control-interno\/\" \/>\n<meta property=\"og:site_name\" content=\"Universidad de La Guajira\" \/>\n<meta property=\"article:publisher\" content=\"https:\/\/www.facebook.com\/UniLaGuajira\/\" \/>\n<meta property=\"article:modified_time\" content=\"2025-10-02T22:11:12+00:00\" \/>\n<meta property=\"og:image\" content=\"https:\/\/uniguajira.edu.co\/wp-content\/uploads\/2024\/01\/bannercontrolinterno.webp\" \/>\n\t<meta property=\"og:image:width\" content=\"1920\" \/>\n\t<meta property=\"og:image:height\" content=\"590\" \/>\n\t<meta property=\"og:image:type\" content=\"image\/webp\" \/>\n<meta name=\"twitter:card\" content=\"summary_large_image\" \/>\n<meta name=\"twitter:site\" content=\"@UniLaGuajira\" \/>\n<meta name=\"twitter:label1\" content=\"Est. reading time\" \/>\n\t<meta name=\"twitter:data1\" content=\"5 minutes\" \/>\n<script type=\"application\/ld+json\" class=\"yoast-schema-graph\">{\"@context\":\"https:\/\/schema.org\",\"@graph\":[{\"@type\":\"WebPage\",\"@id\":\"https:\/\/uniguajira.edu.co\/universidad-de-la-guajira\/control-interno\/preguntas-frecuentes-sobre-control-interno\/\",\"url\":\"https:\/\/uniguajira.edu.co\/universidad-de-la-guajira\/control-interno\/preguntas-frecuentes-sobre-control-interno\/\",\"name\":\"Preguntas frecuentes sobre Control Interno\",\"isPartOf\":{\"@id\":\"https:\/\/uniguajira.edu.co\/#website\"},\"primaryImageOfPage\":{\"@id\":\"https:\/\/uniguajira.edu.co\/universidad-de-la-guajira\/control-interno\/preguntas-frecuentes-sobre-control-interno\/#primaryimage\"},\"image\":{\"@id\":\"https:\/\/uniguajira.edu.co\/universidad-de-la-guajira\/control-interno\/preguntas-frecuentes-sobre-control-interno\/#primaryimage\"},\"thumbnailUrl\":\"https:\/\/uniguajira.edu.co\/wp-content\/uploads\/2024\/01\/bannercontrolinterno.webp\",\"datePublished\":\"2024-01-15T14:32:11+00:00\",\"dateModified\":\"2025-10-02T22:11:12+00:00\",\"breadcrumb\":{\"@id\":\"https:\/\/uniguajira.edu.co\/universidad-de-la-guajira\/control-interno\/preguntas-frecuentes-sobre-control-interno\/#breadcrumb\"},\"inLanguage\":\"wa-WA\",\"potentialAction\":[{\"@type\":\"ReadAction\",\"target\":[\"https:\/\/uniguajira.edu.co\/universidad-de-la-guajira\/control-interno\/preguntas-frecuentes-sobre-control-interno\/\"]}]},{\"@type\":\"ImageObject\",\"inLanguage\":\"wa-WA\",\"@id\":\"https:\/\/uniguajira.edu.co\/universidad-de-la-guajira\/control-interno\/preguntas-frecuentes-sobre-control-interno\/#primaryimage\",\"url\":\"https:\/\/uniguajira.edu.co\/wp-content\/uploads\/2024\/01\/bannercontrolinterno.webp\",\"contentUrl\":\"https:\/\/uniguajira.edu.co\/wp-content\/uploads\/2024\/01\/bannercontrolinterno.webp\",\"width\":1920,\"height\":590},{\"@type\":\"BreadcrumbList\",\"@id\":\"https:\/\/uniguajira.edu.co\/universidad-de-la-guajira\/control-interno\/preguntas-frecuentes-sobre-control-interno\/#breadcrumb\",\"itemListElement\":[{\"@type\":\"ListItem\",\"position\":1,\"name\":\"\u2302 Uniguajira\",\"item\":\"https:\/\/uniguajira.edu.co\/\"},{\"@type\":\"ListItem\",\"position\":2,\"name\":\"Uniguajira\",\"item\":\"https:\/\/uniguajira.edu.co\/\"},{\"@type\":\"ListItem\",\"position\":3,\"name\":\"Control Interno\",\"item\":\"https:\/\/uniguajira.edu.co\/universidad-de-la-guajira\/control-interno\/\"},{\"@type\":\"ListItem\",\"position\":4,\"name\":\"Preguntas frecuentes\"}]},{\"@type\":\"WebSite\",\"@id\":\"https:\/\/uniguajira.edu.co\/#website\",\"url\":\"https:\/\/uniguajira.edu.co\/\",\"name\":\"UNIGUAJIRA\",\"description\":\"Descubre la educaci\u00f3n superior con oportunidades laborales, retos estudiantiles y tecnolog\u00eda innovadora. Alcanza el \u00e9xito acad\u00e9mico y explora el impacto social y la diversidad en un entorno de aprendizaje moderno. Ad\u00e1ptate con inteligencia artificial y pr\u00e1cticas profesionales para un crecimiento integral.\",\"publisher\":{\"@id\":\"https:\/\/uniguajira.edu.co\/#organization\"},\"alternateName\":\"Universidad de La Guajira\",\"potentialAction\":[{\"@type\":\"SearchAction\",\"target\":{\"@type\":\"EntryPoint\",\"urlTemplate\":\"https:\/\/uniguajira.edu.co\/?s={search_term_string}\"},\"query-input\":{\"@type\":\"PropertyValueSpecification\",\"valueRequired\":true,\"valueName\":\"search_term_string\"}}],\"inLanguage\":\"wa-WA\"},{\"@type\":\"Organization\",\"@id\":\"https:\/\/uniguajira.edu.co\/#organization\",\"name\":\"Universidad de La Guajira\",\"alternateName\":\"UNIGUAJIRA\",\"url\":\"https:\/\/uniguajira.edu.co\/\",\"logo\":{\"@type\":\"ImageObject\",\"inLanguage\":\"wa-WA\",\"@id\":\"https:\/\/uniguajira.edu.co\/#\/schema\/logo\/image\/\",\"url\":\"https:\/\/uniguajira.edu.co\/wp-content\/uploads\/2026\/01\/cropped-cropped-LOGOS-PAGINA-WEB-04-1.webp\",\"contentUrl\":\"https:\/\/uniguajira.edu.co\/wp-content\/uploads\/2026\/01\/cropped-cropped-LOGOS-PAGINA-WEB-04-1.webp\",\"width\":360,\"height\":72,\"caption\":\"Universidad de La Guajira\"},\"image\":{\"@id\":\"https:\/\/uniguajira.edu.co\/#\/schema\/logo\/image\/\"},\"sameAs\":[\"https:\/\/www.facebook.com\/UniLaGuajira\/\",\"https:\/\/x.com\/UniLaGuajira\",\"https:\/\/www.instagram.com\/uniguajira_\/\",\"https:\/\/www.youtube.com\/user\/UniLaGuajira\"]}]}<\/script>\n<!-- \/ Yoast SEO Premium plugin. -->","yoast_head_json":{"title":"Preguntas frecuentes sobre Control Interno","robots":{"index":"index","follow":"follow","max-snippet":"max-snippet:-1","max-image-preview":"max-image-preview:large","max-video-preview":"max-video-preview:-1"},"canonical":"https:\/\/uniguajira.edu.co\/wa\/universidad-de-la-guajira\/control-interno\/preguntas-frecuentes-sobre-control-interno\/","og_locale":"en_US","og_type":"article","og_title":"Preguntas frecuentes sobre Control Interno","og_description":"En esta secci\u00f3n, hemos recopilado las preguntas m\u00e1s comunes relacionadas con el Control Interno en la Universidad de La Guajira. Nuestro objetivo es ... .","og_url":"https:\/\/uniguajira.edu.co\/wa\/universidad-de-la-guajira\/control-interno\/preguntas-frecuentes-sobre-control-interno\/","og_site_name":"Universidad de La Guajira","article_publisher":"https:\/\/www.facebook.com\/UniLaGuajira\/","article_modified_time":"2025-10-02T22:11:12+00:00","og_image":[{"width":1920,"height":590,"url":"https:\/\/uniguajira.edu.co\/wp-content\/uploads\/2024\/01\/bannercontrolinterno.webp","type":"image\/webp"}],"twitter_card":"summary_large_image","twitter_site":"@UniLaGuajira","twitter_misc":{"Est. reading time":"5 minutes"},"schema":{"@context":"https:\/\/schema.org","@graph":[{"@type":"WebPage","@id":"https:\/\/uniguajira.edu.co\/universidad-de-la-guajira\/control-interno\/preguntas-frecuentes-sobre-control-interno\/","url":"https:\/\/uniguajira.edu.co\/universidad-de-la-guajira\/control-interno\/preguntas-frecuentes-sobre-control-interno\/","name":"Preguntas frecuentes sobre Control Interno","isPartOf":{"@id":"https:\/\/uniguajira.edu.co\/#website"},"primaryImageOfPage":{"@id":"https:\/\/uniguajira.edu.co\/universidad-de-la-guajira\/control-interno\/preguntas-frecuentes-sobre-control-interno\/#primaryimage"},"image":{"@id":"https:\/\/uniguajira.edu.co\/universidad-de-la-guajira\/control-interno\/preguntas-frecuentes-sobre-control-interno\/#primaryimage"},"thumbnailUrl":"https:\/\/uniguajira.edu.co\/wp-content\/uploads\/2024\/01\/bannercontrolinterno.webp","datePublished":"2024-01-15T14:32:11+00:00","dateModified":"2025-10-02T22:11:12+00:00","breadcrumb":{"@id":"https:\/\/uniguajira.edu.co\/universidad-de-la-guajira\/control-interno\/preguntas-frecuentes-sobre-control-interno\/#breadcrumb"},"inLanguage":"wa-WA","potentialAction":[{"@type":"ReadAction","target":["https:\/\/uniguajira.edu.co\/universidad-de-la-guajira\/control-interno\/preguntas-frecuentes-sobre-control-interno\/"]}]},{"@type":"ImageObject","inLanguage":"wa-WA","@id":"https:\/\/uniguajira.edu.co\/universidad-de-la-guajira\/control-interno\/preguntas-frecuentes-sobre-control-interno\/#primaryimage","url":"https:\/\/uniguajira.edu.co\/wp-content\/uploads\/2024\/01\/bannercontrolinterno.webp","contentUrl":"https:\/\/uniguajira.edu.co\/wp-content\/uploads\/2024\/01\/bannercontrolinterno.webp","width":1920,"height":590},{"@type":"BreadcrumbList","@id":"https:\/\/uniguajira.edu.co\/universidad-de-la-guajira\/control-interno\/preguntas-frecuentes-sobre-control-interno\/#breadcrumb","itemListElement":[{"@type":"ListItem","position":1,"name":"\u2302 Uniguajira","item":"https:\/\/uniguajira.edu.co\/"},{"@type":"ListItem","position":2,"name":"Uniguajira","item":"https:\/\/uniguajira.edu.co\/"},{"@type":"ListItem","position":3,"name":"Control Interno","item":"https:\/\/uniguajira.edu.co\/universidad-de-la-guajira\/control-interno\/"},{"@type":"ListItem","position":4,"name":"Preguntas frecuentes"}]},{"@type":"WebSite","@id":"https:\/\/uniguajira.edu.co\/#website","url":"https:\/\/uniguajira.edu.co\/","name":"UNIGUAJIRA","description":"Descubre la educaci\u00f3n superior con oportunidades laborales, retos estudiantiles y tecnolog\u00eda innovadora. Alcanza el \u00e9xito acad\u00e9mico y explora el impacto social y la diversidad en un entorno de aprendizaje moderno. Ad\u00e1ptate con inteligencia artificial y pr\u00e1cticas profesionales para un crecimiento integral.","publisher":{"@id":"https:\/\/uniguajira.edu.co\/#organization"},"alternateName":"Universidad de La Guajira","potentialAction":[{"@type":"SearchAction","target":{"@type":"EntryPoint","urlTemplate":"https:\/\/uniguajira.edu.co\/?s={search_term_string}"},"query-input":{"@type":"PropertyValueSpecification","valueRequired":true,"valueName":"search_term_string"}}],"inLanguage":"wa-WA"},{"@type":"Organization","@id":"https:\/\/uniguajira.edu.co\/#organization","name":"Shikii Ekirajia P\u00fclee Wajiira","alternateName":"UNIGUAJIRA","url":"https:\/\/uniguajira.edu.co\/","logo":{"@type":"ImageObject","inLanguage":"wa-WA","@id":"https:\/\/uniguajira.edu.co\/#\/schema\/logo\/image\/","url":"https:\/\/uniguajira.edu.co\/wp-content\/uploads\/2026\/01\/cropped-cropped-LOGOS-PAGINA-WEB-04-1.webp","contentUrl":"https:\/\/uniguajira.edu.co\/wp-content\/uploads\/2026\/01\/cropped-cropped-LOGOS-PAGINA-WEB-04-1.webp","width":360,"height":72,"caption":"Universidad de La Guajira"},"image":{"@id":"https:\/\/uniguajira.edu.co\/#\/schema\/logo\/image\/"},"sameAs":["https:\/\/www.facebook.com\/UniLaGuajira\/","https:\/\/x.com\/UniLaGuajira","https:\/\/www.instagram.com\/uniguajira_\/","https:\/\/www.youtube.com\/user\/UniLaGuajira"]}]}},"_hostinger_reach_plugin_has_subscription_block":false,"_hostinger_reach_plugin_is_elementor":false,"_links":{"self":[{"href":"https:\/\/uniguajira.edu.co\/wa\/wp-json\/wp\/v2\/pages\/24178","targetHints":{"allow":["GET"]}}],"collection":[{"href":"https:\/\/uniguajira.edu.co\/wa\/wp-json\/wp\/v2\/pages"}],"about":[{"href":"https:\/\/uniguajira.edu.co\/wa\/wp-json\/wp\/v2\/types\/page"}],"author":[{"embeddable":true,"href":"https:\/\/uniguajira.edu.co\/wa\/wp-json\/wp\/v2\/users\/3"}],"replies":[{"embeddable":true,"href":"https:\/\/uniguajira.edu.co\/wa\/wp-json\/wp\/v2\/comments?post=24178"}],"version-history":[{"count":0,"href":"https:\/\/uniguajira.edu.co\/wa\/wp-json\/wp\/v2\/pages\/24178\/revisions"}],"up":[{"embeddable":true,"href":"https:\/\/uniguajira.edu.co\/wa\/wp-json\/wp\/v2\/pages\/31506"}],"wp:featuredmedia":[{"embeddable":true,"href":"https:\/\/uniguajira.edu.co\/wa\/wp-json\/wp\/v2\/media\/24873"}],"wp:attachment":[{"href":"https:\/\/uniguajira.edu.co\/wa\/wp-json\/wp\/v2\/media?parent=24178"}],"curies":[{"name":"wp","href":"https:\/\/api.w.org\/{rel}","templated":true}]}}