{"id":23861,"date":"2024-01-13T21:54:06","date_gmt":"2024-01-14T02:54:06","guid":{"rendered":"https:\/\/uniguajira.edu.co\/?page_id=23861"},"modified":"2025-10-02T16:40:42","modified_gmt":"2025-10-02T21:40:42","slug":"estadisticas","status":"publish","type":"page","link":"https:\/\/uniguajira.edu.co\/wa\/universidad-de-la-guajira\/planeacion-institucional\/estadisticas\/","title":{"rendered":"Estadisticas"},"content":{"rendered":"<div class=\"gb-container gb-container-d796b7e0\">\n<div class=\"gb-container gb-container-4d72301d\">\n<div class=\"gb-container gb-container-570b9a30\">\n<div class=\"gb-container gb-container-bd5d9ab9\">\n\n<p class=\"gb-headline gb-headline-adab62e1 gb-headline-text\">Uniguajira en Cifras&#8221; es un valioso proyecto de la Oficina de Planeaci\u00f3n de la Universidad de La Guajira. A trav\u00e9s de esta iniciativa, recopilamos y presentamos estad\u00edsticas relevantes y actualizadas sobre nuestra instituci\u00f3n. Estas cifras abarcan diversos aspectos, desde la poblaci\u00f3n estudiantil y el personal docente hasta los logros acad\u00e9micos y los recursos disponibles.<\/p>\n\n\n\n<p>Este recurso se ha convertido en una herramienta esencial para la toma de decisiones basada en datos, lo que nos permite evaluar y mejorar continuamente nuestros servicios y programas. Tambi\u00e9n es un medio para que nuestros grupos de inter\u00e9s conozcan mejor la Universidad de La Guajira y su impacto en la comunidad.<\/p>\n\n\n<div class=\"gb-container gb-container-1db11728\">\n\n<div class=\"pdf-container\">\n        <iframe loading=\"lazy\" src=\"https:\/\/drive.google.com\/file\/d\/1Id-nJH6DqpO8B5zVr2RNCkUQEKIAIXXJ\/preview?usp=sharing\" width=\"100%\" height=\"600\" aria-label=\"Descripci\u00f3n-estad\u00edsticas de la Universidad de La Guajira\">\n            <p>Tu navegador no puede mostrar el PDF. Puedes descargar el archivo <a href=\"https:\/\/drive.google.com\/file\/d\/1Id-nJH6DqpO8B5zVr2RNCkUQEKIAIXXJ\/preview?usp=sharing\" target=\"_blank\" rel=\"noopener\">aqu\u00ed<\/a>.<\/p>\n        <\/iframe>\n    <div class=\"pdf-footer\">\n        <p>Este documento PDF contiene la Descripci\u00f3n de las estad\u00edsticas de la Universidad de La Guajira. Si tienes problemas para visualizar el archivo, puedes descargarlo directamente <a href=\"https:\/\/uniguajira.edu.co\/wa\/estadisticas-de-la-universidad-de-la-guajira\/\" target=\"_blank\" rel=\"noopener\">aqu\u00ed<\/a>.<\/p>\n    <\/div>\n<\/div>\n\n<\/div>\n\n<div class=\"gb-container gb-container-bd75c527\">\n<div class=\"gb-container gb-container-61197dc1\">\n<div class=\"gb-container gb-container-14c73d23\">\n\n<details class=\"wp-block-details is-layout-flow wp-block-details-is-layout-flow\"><summary>Estad\u00edstica 2024<\/summary><div class=\"gb-container gb-container-5692accd\">\n\n<p class=\"gb-headline gb-headline-aa87f122\"><span class=\"gb-icon\"><svg xmlns=\"http:\/\/www.w3.org\/2000\/svg\" height=\"24px\" viewbox=\"0 0 24 24\" width=\"24px\" fill=\"#000000\"><path d=\"M0 0h24v24H0z\" fill=\"none\"><\/path><path d=\"M20 2H8c-1.1 0-2 .9-2 2v12c0 1.1.9 2 2 2h12c1.1 0 2-.9 2-2V4c0-1.1-.9-2-2-2zm-8.5 7.5c0 .83-.67 1.5-1.5 1.5H9v2H7.5V7H10c.83 0 1.5.67 1.5 1.5v1zm5 2c0 .83-.67 1.5-1.5 1.5h-2.5V7H15c.83 0 1.5.67 1.5 1.5v3zm4-3H19v1h1.5V11H19v2h-1.5V7h3v1.5zM9 9.5h1v-1H9v1zM4 6H2v14c0 1.1.9 2 2 2h14v-2H4V6zm10 5.5h1v-3h-1v3z\"><\/path><\/svg><\/span><span class=\"gb-headline-text\"><a href=\"https:\/\/uniguajira.edu.co\/wa\/boletin-estadistico-2024-1\/\" target=\"_blank\" rel=\"noreferrer noopener\">Bolet\u00edn Estad\u00edstica 2024 &#8211; 1<\/a><\/span><\/p>\n\n<\/div><\/details>\n\n<\/div>\n\n<div class=\"gb-container gb-container-5b197f68\">\n\n<details class=\"wp-block-details is-layout-flow wp-block-details-is-layout-flow\"><summary>Estad\u00edstica 2023<\/summary><div class=\"gb-container gb-container-9d49fbd7\">\n\n<p class=\"gb-headline gb-headline-6f8553ac\"><span class=\"gb-icon\"><svg xmlns=\"http:\/\/www.w3.org\/2000\/svg\" height=\"24px\" viewbox=\"0 0 24 24\" width=\"24px\" fill=\"#000000\"><path d=\"M0 0h24v24H0z\" fill=\"none\"><\/path><path d=\"M20 2H8c-1.1 0-2 .9-2 2v12c0 1.1.9 2 2 2h12c1.1 0 2-.9 2-2V4c0-1.1-.9-2-2-2zm-8.5 7.5c0 .83-.67 1.5-1.5 1.5H9v2H7.5V7H10c.83 0 1.5.67 1.5 1.5v1zm5 2c0 .83-.67 1.5-1.5 1.5h-2.5V7H15c.83 0 1.5.67 1.5 1.5v3zm4-3H19v1h1.5V11H19v2h-1.5V7h3v1.5zM9 9.5h1v-1H9v1zM4 6H2v14c0 1.1.9 2 2 2h14v-2H4V6zm10 5.5h1v-3h-1v3z\"><\/path><\/svg><\/span><span class=\"gb-headline-text\"><a href=\"https:\/\/uniguajira.edu.co\/wa\/boletin-estadistica-2023-2\/\">Bolet\u00edn Estad\u00edstica 2023 &#8211; 2<\/a><\/span><\/p>\n\n\n\n<p class=\"gb-headline gb-headline-60a2968e\"><span class=\"gb-icon\"><svg xmlns=\"http:\/\/www.w3.org\/2000\/svg\" height=\"24px\" viewbox=\"0 0 24 24\" width=\"24px\" fill=\"#000000\"><path d=\"M0 0h24v24H0z\" fill=\"none\"><\/path><path d=\"M20 2H8c-1.1 0-2 .9-2 2v12c0 1.1.9 2 2 2h12c1.1 0 2-.9 2-2V4c0-1.1-.9-2-2-2zm-8.5 7.5c0 .83-.67 1.5-1.5 1.5H9v2H7.5V7H10c.83 0 1.5.67 1.5 1.5v1zm5 2c0 .83-.67 1.5-1.5 1.5h-2.5V7H15c.83 0 1.5.67 1.5 1.5v3zm4-3H19v1h1.5V11H19v2h-1.5V7h3v1.5zM9 9.5h1v-1H9v1zM4 6H2v14c0 1.1.9 2 2 2h14v-2H4V6zm10 5.5h1v-3h-1v3z\"><\/path><\/svg><\/span><span class=\"gb-headline-text\"><a href=\"https:\/\/uniguajira.edu.co\/wa\/boletin-estadistica-2023-1\/\">Bolet\u00edn Estad\u00edstica 2023 &#8211; 1<\/a><\/span><\/p>\n\n<\/div><\/details>\n\n<\/div>\n\n<div class=\"gb-container gb-container-7430201c\">\n\n<details class=\"wp-block-details is-layout-flow wp-block-details-is-layout-flow\"><summary>Estad\u00edstica 2022<\/summary><div class=\"gb-container gb-container-1146acdb\">\n\n<p class=\"gb-headline gb-headline-e53ad720\"><span class=\"gb-icon\"><svg xmlns=\"http:\/\/www.w3.org\/2000\/svg\" height=\"24px\" viewbox=\"0 0 24 24\" width=\"24px\" fill=\"#000000\"><path d=\"M0 0h24v24H0z\" fill=\"none\"><\/path><path d=\"M20 2H8c-1.1 0-2 .9-2 2v12c0 1.1.9 2 2 2h12c1.1 0 2-.9 2-2V4c0-1.1-.9-2-2-2zm-8.5 7.5c0 .83-.67 1.5-1.5 1.5H9v2H7.5V7H10c.83 0 1.5.67 1.5 1.5v1zm5 2c0 .83-.67 1.5-1.5 1.5h-2.5V7H15c.83 0 1.5.67 1.5 1.5v3zm4-3H19v1h1.5V11H19v2h-1.5V7h3v1.5zM9 9.5h1v-1H9v1zM4 6H2v14c0 1.1.9 2 2 2h14v-2H4V6zm10 5.5h1v-3h-1v3z\"><\/path><\/svg><\/span><span class=\"gb-headline-text\"><a href=\"https:\/\/uniguajira.edu.co\/wa\/boletin-estadistica-2022-3\/\">Bolet\u00edn Estad\u00edstica 2022 &#8211; 3<\/a><\/span><\/p>\n\n\n\n<p class=\"gb-headline gb-headline-7951e311\"><span class=\"gb-icon\"><svg xmlns=\"http:\/\/www.w3.org\/2000\/svg\" height=\"24px\" viewbox=\"0 0 24 24\" width=\"24px\" fill=\"#000000\"><path d=\"M0 0h24v24H0z\" fill=\"none\"><\/path><path d=\"M20 2H8c-1.1 0-2 .9-2 2v12c0 1.1.9 2 2 2h12c1.1 0 2-.9 2-2V4c0-1.1-.9-2-2-2zm-8.5 7.5c0 .83-.67 1.5-1.5 1.5H9v2H7.5V7H10c.83 0 1.5.67 1.5 1.5v1zm5 2c0 .83-.67 1.5-1.5 1.5h-2.5V7H15c.83 0 1.5.67 1.5 1.5v3zm4-3H19v1h1.5V11H19v2h-1.5V7h3v1.5zM9 9.5h1v-1H9v1zM4 6H2v14c0 1.1.9 2 2 2h14v-2H4V6zm10 5.5h1v-3h-1v3z\"><\/path><\/svg><\/span><span class=\"gb-headline-text\"><a href=\"https:\/\/uniguajira.edu.co\/wa\/boletin-estadistica-2022-2\/\">Bolet\u00edn Estad\u00edstica 2022 &#8211; 2<\/a><\/span><\/p>\n\n\n\n<p class=\"gb-headline gb-headline-b235b91e\"><span class=\"gb-icon\"><svg xmlns=\"http:\/\/www.w3.org\/2000\/svg\" height=\"24px\" viewbox=\"0 0 24 24\" width=\"24px\" fill=\"#000000\"><path d=\"M0 0h24v24H0z\" fill=\"none\"><\/path><path d=\"M20 2H8c-1.1 0-2 .9-2 2v12c0 1.1.9 2 2 2h12c1.1 0 2-.9 2-2V4c0-1.1-.9-2-2-2zm-8.5 7.5c0 .83-.67 1.5-1.5 1.5H9v2H7.5V7H10c.83 0 1.5.67 1.5 1.5v1zm5 2c0 .83-.67 1.5-1.5 1.5h-2.5V7H15c.83 0 1.5.67 1.5 1.5v3zm4-3H19v1h1.5V11H19v2h-1.5V7h3v1.5zM9 9.5h1v-1H9v1zM4 6H2v14c0 1.1.9 2 2 2h14v-2H4V6zm10 5.5h1v-3h-1v3z\"><\/path><\/svg><\/span><span class=\"gb-headline-text\"><a href=\"https:\/\/uniguajira.edu.co\/wa\/boletin-estadistica-2022-1\/\">Bolet\u00edn Estad\u00edstica 2022 &#8211; 1<\/a><\/span><\/p>\n\n<\/div><\/details>\n\n<\/div>\n\n<div class=\"gb-container gb-container-d8c4ac51\">\n\n<details class=\"wp-block-details is-layout-flow wp-block-details-is-layout-flow\"><summary>Estad\u00edstica 2021<\/summary><div class=\"gb-container gb-container-42cf2b4a\">\n\n<p class=\"gb-headline gb-headline-8cf8000d\"><span class=\"gb-icon\"><svg xmlns=\"http:\/\/www.w3.org\/2000\/svg\" height=\"24px\" viewbox=\"0 0 24 24\" width=\"24px\" fill=\"#000000\"><path d=\"M0 0h24v24H0z\" fill=\"none\"><\/path><path d=\"M20 2H8c-1.1 0-2 .9-2 2v12c0 1.1.9 2 2 2h12c1.1 0 2-.9 2-2V4c0-1.1-.9-2-2-2zm-8.5 7.5c0 .83-.67 1.5-1.5 1.5H9v2H7.5V7H10c.83 0 1.5.67 1.5 1.5v1zm5 2c0 .83-.67 1.5-1.5 1.5h-2.5V7H15c.83 0 1.5.67 1.5 1.5v3zm4-3H19v1h1.5V11H19v2h-1.5V7h3v1.5zM9 9.5h1v-1H9v1zM4 6H2v14c0 1.1.9 2 2 2h14v-2H4V6zm10 5.5h1v-3h-1v3z\"><\/path><\/svg><\/span><span class=\"gb-headline-text\"><a href=\"https:\/\/uniguajira.edu.co\/wa\/boletin-estadistica-2021-2\/\">Bolet\u00edn Estad\u00edstica 2021 &#8211; 2<\/a><\/span><\/p>\n\n\n\n<p class=\"gb-headline gb-headline-24a448ed\"><span class=\"gb-icon\"><svg xmlns=\"http:\/\/www.w3.org\/2000\/svg\" height=\"24px\" viewbox=\"0 0 24 24\" width=\"24px\" fill=\"#000000\"><path d=\"M0 0h24v24H0z\" fill=\"none\"><\/path><path d=\"M20 2H8c-1.1 0-2 .9-2 2v12c0 1.1.9 2 2 2h12c1.1 0 2-.9 2-2V4c0-1.1-.9-2-2-2zm-8.5 7.5c0 .83-.67 1.5-1.5 1.5H9v2H7.5V7H10c.83 0 1.5.67 1.5 1.5v1zm5 2c0 .83-.67 1.5-1.5 1.5h-2.5V7H15c.83 0 1.5.67 1.5 1.5v3zm4-3H19v1h1.5V11H19v2h-1.5V7h3v1.5zM9 9.5h1v-1H9v1zM4 6H2v14c0 1.1.9 2 2 2h14v-2H4V6zm10 5.5h1v-3h-1v3z\"><\/path><\/svg><\/span><span class=\"gb-headline-text\"><a href=\"https:\/\/uniguajira.edu.co\/wa\/boletin-estadistica-2021-1\/\">Bolet\u00edn Estad\u00edstica 2021 &#8211; 1<\/a><\/span><\/p>\n\n<\/div><\/details>\n\n<\/div>\n<\/div>\n<\/div>\n<\/div>\n<\/div>\n<\/div>\n<\/div>","protected":false},"excerpt":{"rendered":"<p>Uniguajira en Cifras&#8221; es un valioso proyecto de la Oficina de Planeaci\u00f3n de la Universidad de La Guajira. A trav\u00e9s de esta iniciativa, &#8230; <a title=\"Estadisticas\" class=\"read-more\" href=\"https:\/\/uniguajira.edu.co\/wa\/universidad-de-la-guajira\/planeacion-institucional\/estadisticas\/\" aria-label=\"Read more about Estadisticas\">.<\/a><\/p>","protected":false},"author":3,"featured_media":24973,"parent":31830,"menu_order":0,"comment_status":"closed","ping_status":"closed","template":"","meta":{"footnotes":""},"class_list":{"0":"post-23861","1":"page","2":"type-page","3":"status-publish","4":"has-post-thumbnail","6":"infinite-scroll-item"},"yoast_head":"<!-- This site is optimized with the Yoast SEO Premium plugin v27.0 (Yoast SEO v27.0) - https:\/\/yoast.com\/product\/yoast-seo-premium-wordpress\/ -->\n<title>Estadisticas<\/title>\n<meta name=\"robots\" content=\"index, follow, max-snippet:-1, max-image-preview:large, max-video-preview:-1\" \/>\n<link rel=\"canonical\" href=\"https:\/\/uniguajira.edu.co\/wa\/universidad-de-la-guajira\/planeacion-institucional\/estadisticas\/\" \/>\n<meta property=\"og:locale\" content=\"en_US\" \/>\n<meta property=\"og:type\" content=\"article\" \/>\n<meta property=\"og:title\" content=\"Estadisticas\" \/>\n<meta property=\"og:description\" content=\"Uniguajira en Cifras&#8221; es un valioso proyecto de la Oficina de Planeaci\u00f3n de la Universidad de La Guajira. A trav\u00e9s de esta iniciativa, ... .\" \/>\n<meta property=\"og:url\" content=\"https:\/\/uniguajira.edu.co\/wa\/universidad-de-la-guajira\/planeacion-institucional\/estadisticas\/\" \/>\n<meta property=\"og:site_name\" content=\"Universidad de La Guajira\" \/>\n<meta property=\"article:publisher\" content=\"https:\/\/www.facebook.com\/UniLaGuajira\/\" \/>\n<meta property=\"article:modified_time\" content=\"2025-10-02T21:40:42+00:00\" \/>\n<meta property=\"og:image\" content=\"https:\/\/uniguajira.edu.co\/wp-content\/uploads\/2024\/01\/bannerplaneacion.webp\" \/>\n\t<meta property=\"og:image:width\" content=\"1920\" \/>\n\t<meta property=\"og:image:height\" content=\"590\" \/>\n\t<meta property=\"og:image:type\" content=\"image\/webp\" \/>\n<meta name=\"twitter:card\" content=\"summary_large_image\" \/>\n<meta name=\"twitter:site\" content=\"@UniLaGuajira\" \/>\n<meta name=\"twitter:label1\" content=\"Est. reading time\" \/>\n\t<meta name=\"twitter:data1\" content=\"1 minute\" \/>\n<script type=\"application\/ld+json\" class=\"yoast-schema-graph\">{\"@context\":\"https:\/\/schema.org\",\"@graph\":[{\"@type\":\"WebPage\",\"@id\":\"https:\/\/uniguajira.edu.co\/universidad-de-la-guajira\/planeacion-institucional\/estadisticas\/\",\"url\":\"https:\/\/uniguajira.edu.co\/universidad-de-la-guajira\/planeacion-institucional\/estadisticas\/\",\"name\":\"Estadisticas\",\"isPartOf\":{\"@id\":\"https:\/\/uniguajira.edu.co\/#website\"},\"primaryImageOfPage\":{\"@id\":\"https:\/\/uniguajira.edu.co\/universidad-de-la-guajira\/planeacion-institucional\/estadisticas\/#primaryimage\"},\"image\":{\"@id\":\"https:\/\/uniguajira.edu.co\/universidad-de-la-guajira\/planeacion-institucional\/estadisticas\/#primaryimage\"},\"thumbnailUrl\":\"https:\/\/uniguajira.edu.co\/wp-content\/uploads\/2024\/01\/bannerplaneacion.webp\",\"datePublished\":\"2024-01-14T02:54:06+00:00\",\"dateModified\":\"2025-10-02T21:40:42+00:00\",\"breadcrumb\":{\"@id\":\"https:\/\/uniguajira.edu.co\/universidad-de-la-guajira\/planeacion-institucional\/estadisticas\/#breadcrumb\"},\"inLanguage\":\"wa-WA\",\"potentialAction\":[{\"@type\":\"ReadAction\",\"target\":[\"https:\/\/uniguajira.edu.co\/universidad-de-la-guajira\/planeacion-institucional\/estadisticas\/\"]}]},{\"@type\":\"ImageObject\",\"inLanguage\":\"wa-WA\",\"@id\":\"https:\/\/uniguajira.edu.co\/universidad-de-la-guajira\/planeacion-institucional\/estadisticas\/#primaryimage\",\"url\":\"https:\/\/uniguajira.edu.co\/wp-content\/uploads\/2024\/01\/bannerplaneacion.webp\",\"contentUrl\":\"https:\/\/uniguajira.edu.co\/wp-content\/uploads\/2024\/01\/bannerplaneacion.webp\",\"width\":1920,\"height\":590},{\"@type\":\"BreadcrumbList\",\"@id\":\"https:\/\/uniguajira.edu.co\/universidad-de-la-guajira\/planeacion-institucional\/estadisticas\/#breadcrumb\",\"itemListElement\":[{\"@type\":\"ListItem\",\"position\":1,\"name\":\"\u2302 Uniguajira\",\"item\":\"https:\/\/uniguajira.edu.co\/\"},{\"@type\":\"ListItem\",\"position\":2,\"name\":\"Uniguajira\",\"item\":\"https:\/\/uniguajira.edu.co\/\"},{\"@type\":\"ListItem\",\"position\":3,\"name\":\"Planeaci\u00f3n Institucional\",\"item\":\"https:\/\/uniguajira.edu.co\/universidad-de-la-guajira\/planeacion-institucional\/\"},{\"@type\":\"ListItem\",\"position\":4,\"name\":\"Estadisticas\"}]},{\"@type\":\"WebSite\",\"@id\":\"https:\/\/uniguajira.edu.co\/#website\",\"url\":\"https:\/\/uniguajira.edu.co\/\",\"name\":\"UNIGUAJIRA\",\"description\":\"Descubre la educaci\u00f3n superior con oportunidades laborales, retos estudiantiles y tecnolog\u00eda innovadora. Alcanza el \u00e9xito acad\u00e9mico y explora el impacto social y la diversidad en un entorno de aprendizaje moderno. Ad\u00e1ptate con inteligencia artificial y pr\u00e1cticas profesionales para un crecimiento integral.\",\"publisher\":{\"@id\":\"https:\/\/uniguajira.edu.co\/#organization\"},\"alternateName\":\"Universidad de La Guajira\",\"potentialAction\":[{\"@type\":\"SearchAction\",\"target\":{\"@type\":\"EntryPoint\",\"urlTemplate\":\"https:\/\/uniguajira.edu.co\/?s={search_term_string}\"},\"query-input\":{\"@type\":\"PropertyValueSpecification\",\"valueRequired\":true,\"valueName\":\"search_term_string\"}}],\"inLanguage\":\"wa-WA\"},{\"@type\":\"Organization\",\"@id\":\"https:\/\/uniguajira.edu.co\/#organization\",\"name\":\"Universidad de La Guajira\",\"alternateName\":\"UNIGUAJIRA\",\"url\":\"https:\/\/uniguajira.edu.co\/\",\"logo\":{\"@type\":\"ImageObject\",\"inLanguage\":\"wa-WA\",\"@id\":\"https:\/\/uniguajira.edu.co\/#\/schema\/logo\/image\/\",\"url\":\"https:\/\/uniguajira.edu.co\/wp-content\/uploads\/2026\/01\/cropped-cropped-LOGOS-PAGINA-WEB-04-1.webp\",\"contentUrl\":\"https:\/\/uniguajira.edu.co\/wp-content\/uploads\/2026\/01\/cropped-cropped-LOGOS-PAGINA-WEB-04-1.webp\",\"width\":360,\"height\":72,\"caption\":\"Universidad de La Guajira\"},\"image\":{\"@id\":\"https:\/\/uniguajira.edu.co\/#\/schema\/logo\/image\/\"},\"sameAs\":[\"https:\/\/www.facebook.com\/UniLaGuajira\/\",\"https:\/\/x.com\/UniLaGuajira\",\"https:\/\/www.instagram.com\/uniguajira_\/\",\"https:\/\/www.youtube.com\/user\/UniLaGuajira\"]}]}<\/script>\n<!-- \/ Yoast SEO Premium plugin. -->","yoast_head_json":{"title":"Estadisticas","robots":{"index":"index","follow":"follow","max-snippet":"max-snippet:-1","max-image-preview":"max-image-preview:large","max-video-preview":"max-video-preview:-1"},"canonical":"https:\/\/uniguajira.edu.co\/wa\/universidad-de-la-guajira\/planeacion-institucional\/estadisticas\/","og_locale":"en_US","og_type":"article","og_title":"Estadisticas","og_description":"Uniguajira en Cifras&#8221; es un valioso proyecto de la Oficina de Planeaci\u00f3n de la Universidad de La Guajira. A trav\u00e9s de esta iniciativa, ... .","og_url":"https:\/\/uniguajira.edu.co\/wa\/universidad-de-la-guajira\/planeacion-institucional\/estadisticas\/","og_site_name":"Universidad de La Guajira","article_publisher":"https:\/\/www.facebook.com\/UniLaGuajira\/","article_modified_time":"2025-10-02T21:40:42+00:00","og_image":[{"width":1920,"height":590,"url":"https:\/\/uniguajira.edu.co\/wp-content\/uploads\/2024\/01\/bannerplaneacion.webp","type":"image\/webp"}],"twitter_card":"summary_large_image","twitter_site":"@UniLaGuajira","twitter_misc":{"Est. reading time":"1 minute"},"schema":{"@context":"https:\/\/schema.org","@graph":[{"@type":"WebPage","@id":"https:\/\/uniguajira.edu.co\/universidad-de-la-guajira\/planeacion-institucional\/estadisticas\/","url":"https:\/\/uniguajira.edu.co\/universidad-de-la-guajira\/planeacion-institucional\/estadisticas\/","name":"Estadisticas","isPartOf":{"@id":"https:\/\/uniguajira.edu.co\/#website"},"primaryImageOfPage":{"@id":"https:\/\/uniguajira.edu.co\/universidad-de-la-guajira\/planeacion-institucional\/estadisticas\/#primaryimage"},"image":{"@id":"https:\/\/uniguajira.edu.co\/universidad-de-la-guajira\/planeacion-institucional\/estadisticas\/#primaryimage"},"thumbnailUrl":"https:\/\/uniguajira.edu.co\/wp-content\/uploads\/2024\/01\/bannerplaneacion.webp","datePublished":"2024-01-14T02:54:06+00:00","dateModified":"2025-10-02T21:40:42+00:00","breadcrumb":{"@id":"https:\/\/uniguajira.edu.co\/universidad-de-la-guajira\/planeacion-institucional\/estadisticas\/#breadcrumb"},"inLanguage":"wa-WA","potentialAction":[{"@type":"ReadAction","target":["https:\/\/uniguajira.edu.co\/universidad-de-la-guajira\/planeacion-institucional\/estadisticas\/"]}]},{"@type":"ImageObject","inLanguage":"wa-WA","@id":"https:\/\/uniguajira.edu.co\/universidad-de-la-guajira\/planeacion-institucional\/estadisticas\/#primaryimage","url":"https:\/\/uniguajira.edu.co\/wp-content\/uploads\/2024\/01\/bannerplaneacion.webp","contentUrl":"https:\/\/uniguajira.edu.co\/wp-content\/uploads\/2024\/01\/bannerplaneacion.webp","width":1920,"height":590},{"@type":"BreadcrumbList","@id":"https:\/\/uniguajira.edu.co\/universidad-de-la-guajira\/planeacion-institucional\/estadisticas\/#breadcrumb","itemListElement":[{"@type":"ListItem","position":1,"name":"\u2302 Uniguajira","item":"https:\/\/uniguajira.edu.co\/"},{"@type":"ListItem","position":2,"name":"Uniguajira","item":"https:\/\/uniguajira.edu.co\/"},{"@type":"ListItem","position":3,"name":"Planeaci\u00f3n Institucional","item":"https:\/\/uniguajira.edu.co\/universidad-de-la-guajira\/planeacion-institucional\/"},{"@type":"ListItem","position":4,"name":"Estadisticas"}]},{"@type":"WebSite","@id":"https:\/\/uniguajira.edu.co\/#website","url":"https:\/\/uniguajira.edu.co\/","name":"UNIGUAJIRA","description":"Descubre la educaci\u00f3n superior con oportunidades laborales, retos estudiantiles y tecnolog\u00eda innovadora. Alcanza el \u00e9xito acad\u00e9mico y explora el impacto social y la diversidad en un entorno de aprendizaje moderno. Ad\u00e1ptate con inteligencia artificial y pr\u00e1cticas profesionales para un crecimiento integral.","publisher":{"@id":"https:\/\/uniguajira.edu.co\/#organization"},"alternateName":"Universidad de La Guajira","potentialAction":[{"@type":"SearchAction","target":{"@type":"EntryPoint","urlTemplate":"https:\/\/uniguajira.edu.co\/?s={search_term_string}"},"query-input":{"@type":"PropertyValueSpecification","valueRequired":true,"valueName":"search_term_string"}}],"inLanguage":"wa-WA"},{"@type":"Organization","@id":"https:\/\/uniguajira.edu.co\/#organization","name":"Shikii Ekirajia P\u00fclee Wajiira","alternateName":"UNIGUAJIRA","url":"https:\/\/uniguajira.edu.co\/","logo":{"@type":"ImageObject","inLanguage":"wa-WA","@id":"https:\/\/uniguajira.edu.co\/#\/schema\/logo\/image\/","url":"https:\/\/uniguajira.edu.co\/wp-content\/uploads\/2026\/01\/cropped-cropped-LOGOS-PAGINA-WEB-04-1.webp","contentUrl":"https:\/\/uniguajira.edu.co\/wp-content\/uploads\/2026\/01\/cropped-cropped-LOGOS-PAGINA-WEB-04-1.webp","width":360,"height":72,"caption":"Universidad de La Guajira"},"image":{"@id":"https:\/\/uniguajira.edu.co\/#\/schema\/logo\/image\/"},"sameAs":["https:\/\/www.facebook.com\/UniLaGuajira\/","https:\/\/x.com\/UniLaGuajira","https:\/\/www.instagram.com\/uniguajira_\/","https:\/\/www.youtube.com\/user\/UniLaGuajira"]}]}},"_hostinger_reach_plugin_has_subscription_block":false,"_hostinger_reach_plugin_is_elementor":false,"_links":{"self":[{"href":"https:\/\/uniguajira.edu.co\/wa\/wp-json\/wp\/v2\/pages\/23861","targetHints":{"allow":["GET"]}}],"collection":[{"href":"https:\/\/uniguajira.edu.co\/wa\/wp-json\/wp\/v2\/pages"}],"about":[{"href":"https:\/\/uniguajira.edu.co\/wa\/wp-json\/wp\/v2\/types\/page"}],"author":[{"embeddable":true,"href":"https:\/\/uniguajira.edu.co\/wa\/wp-json\/wp\/v2\/users\/3"}],"replies":[{"embeddable":true,"href":"https:\/\/uniguajira.edu.co\/wa\/wp-json\/wp\/v2\/comments?post=23861"}],"version-history":[{"count":0,"href":"https:\/\/uniguajira.edu.co\/wa\/wp-json\/wp\/v2\/pages\/23861\/revisions"}],"up":[{"embeddable":true,"href":"https:\/\/uniguajira.edu.co\/wa\/wp-json\/wp\/v2\/pages\/31830"}],"wp:featuredmedia":[{"embeddable":true,"href":"https:\/\/uniguajira.edu.co\/wa\/wp-json\/wp\/v2\/media\/24973"}],"wp:attachment":[{"href":"https:\/\/uniguajira.edu.co\/wa\/wp-json\/wp\/v2\/media?parent=23861"}],"curies":[{"name":"wp","href":"https:\/\/api.w.org\/{rel}","templated":true}]}}