{"id":23372,"date":"2024-01-12T08:20:19","date_gmt":"2024-01-12T13:20:19","guid":{"rendered":"https:\/\/uniguajira.edu.co\/?page_id=23372"},"modified":"2024-08-27T18:34:58","modified_gmt":"2024-08-27T23:34:58","slug":"programas-de-gestion-documental","status":"publish","type":"page","link":"https:\/\/uniguajira.edu.co\/wa\/universidad-de-la-guajira\/sobre-uniguajira\/secretaria-general\/instrumentos-de-gestion-de-la-informacion\/programas-de-gestion-documental\/","title":{"rendered":"Programas de gesti\u00f3n documental"},"content":{"rendered":"<div class=\"gb-container gb-container-1bddf169\">\n<div class=\"gb-container gb-container-8a679f50\">\n<div class=\"gb-container gb-container-194ddd1e\">\n\n<p class=\"gb-headline gb-headline-21bf7463 gb-headline-text\">Por medio de la cual, se adopta el programa de gesti\u00f3n documental de la Universidad de La Guajira.<\/p>\n\n\n<div class=\"gb-container gb-container-098d733f\">\n<div class=\"gb-grid-wrapper gb-grid-wrapper-3957d5ed\">\n<div class=\"gb-grid-column gb-grid-column-fc866598\"><div class=\"gb-container gb-container-fc866598\">\n<div class=\"gb-container gb-container-18ced9df\">\n\n<figure class=\"wp-block-image size-full imgt\"><a href=\"https:\/\/uniguajira.edu.co\/wa\/resolucion-no-2121-de-2018\/\"><img loading=\"lazy\" decoding=\"async\" width=\"127\" height=\"155\" src=\"https:\/\/uniguajira.edu.co\/wp-content\/uploads\/2024\/01\/Descargar-PDF-Icono.png\" alt=\"Descargar PDF Icono con tejido Wayuu en los colores de la Universidad de La Guajira.\" class=\"wp-image-24540\"\/><\/a><\/figure>\n\n\n\n<h3 class=\"gb-headline gb-headline-4278db7a gb-headline-text\"><strong><strong><strong><a href=\"https:\/\/uniguajira.edu.co\/wa\/resolucion-no-2121-de-2018\/\">Resoluci\u00f3n 2121 de 2018<\/a><\/strong><\/strong><\/strong><br><mark style=\"background-color:rgba(0, 0, 0, 0)\" class=\"has-inline-color has-base-3-color\">&#8211;<\/mark><\/h3>\n\n<\/div>\n<\/div><\/div>\n\n<div class=\"gb-grid-column gb-grid-column-304cdcab\"><div class=\"gb-container gb-container-304cdcab\">\n<div class=\"gb-container gb-container-ac162332\">\n\n<figure class=\"wp-block-image size-full imgt\"><a href=\"https:\/\/uniguajira.edu.co\/wa\/resolucion-no-2121-de-2018\/\"><img loading=\"lazy\" decoding=\"async\" width=\"127\" height=\"155\" src=\"https:\/\/uniguajira.edu.co\/wp-content\/uploads\/2024\/01\/Descargar-PDF-Icono.png\" alt=\"Descargar PDF Icono con tejido Wayuu en los colores de la Universidad de La Guajira.\" class=\"wp-image-24540\"\/><\/a><\/figure>\n\n\n\n<h3 class=\"gb-headline gb-headline-be887583 gb-headline-text\"><strong><strong><strong><a href=\"https:\/\/uniguajira.edu.co\/wa\/resolucion-no-2121-de-2018\/\">Programa de gesti\u00f3n documental 2019<\/a><\/strong><\/strong><\/strong><\/h3>\n\n<\/div>\n<\/div><\/div>\n\n<div class=\"gb-grid-column gb-grid-column-eac6b2fa\"><div class=\"gb-container gb-container-eac6b2fa\">\n<div class=\"gb-container gb-container-ae135524\">\n\n<figure class=\"wp-block-image size-full imgt\"><a href=\"https:\/\/uniguajira.edu.co\/wa\/programa-de-gestion-documental-2020\/\"><img loading=\"lazy\" decoding=\"async\" width=\"127\" height=\"155\" src=\"https:\/\/uniguajira.edu.co\/wp-content\/uploads\/2024\/01\/Descargar-PDF-Icono.png\" alt=\"Descargar PDF Icono con tejido Wayuu en los colores de la Universidad de La Guajira.\" class=\"wp-image-24540\"\/><\/a><\/figure>\n\n\n\n<h3 class=\"gb-headline gb-headline-6b2e9d58 gb-headline-text\"><strong><strong><strong><a href=\"https:\/\/uniguajira.edu.co\/wa\/programa-de-gestion-documental-2020\/\">Programa de gesti\u00f3n documental 2020<\/a><\/strong><\/strong><\/strong><\/h3>\n\n<\/div>\n<\/div><\/div>\n\n<div class=\"gb-grid-column gb-grid-column-f54387a3\"><div class=\"gb-container gb-container-f54387a3\">\n<div class=\"gb-container gb-container-546ecc03\">\n\n<figure class=\"wp-block-image size-full imgt\"><a href=\"https:\/\/uniguajira.edu.co\/wa\/programa-de-gestion-documental-2021\/\"><img loading=\"lazy\" decoding=\"async\" width=\"127\" height=\"155\" src=\"https:\/\/uniguajira.edu.co\/wp-content\/uploads\/2024\/01\/Descargar-PDF-Icono.png\" alt=\"Descargar PDF Icono con tejido Wayuu en los colores de la Universidad de La Guajira.\" class=\"wp-image-24540\"\/><\/a><\/figure>\n\n\n\n<h3 class=\"gb-headline gb-headline-53a86182 gb-headline-text\"><strong><a href=\"https:\/\/uniguajira.edu.co\/wa\/programa-de-gestion-documental-2021\/\">Programa de gesti\u00f3n documental 2021<\/a><\/strong><\/h3>\n\n<\/div>\n<\/div><\/div>\n\n<div class=\"gb-grid-column gb-grid-column-531bed99\"><div class=\"gb-container gb-container-531bed99\">\n<div class=\"gb-container gb-container-6b2cfc3e\">\n\n<figure class=\"wp-block-image size-full imgt\"><a href=\"https:\/\/uniguajira.edu.co\/wa\/programa-de-gestion-documental-2022\/\"><img loading=\"lazy\" decoding=\"async\" width=\"127\" height=\"155\" src=\"https:\/\/uniguajira.edu.co\/wp-content\/uploads\/2024\/01\/Descargar-PDF-Icono.png\" alt=\"Descargar PDF Icono con tejido Wayuu en los colores de la Universidad de La Guajira.\" class=\"wp-image-24540\"\/><\/a><\/figure>\n\n\n\n<h3 class=\"gb-headline gb-headline-ca98097f gb-headline-text\"><strong><a href=\"https:\/\/uniguajira.edu.co\/wa\/programa-de-gestion-documental-2022\/\">Programa de gesti\u00f3n documental 2022<\/a><\/strong><\/h3>\n\n<\/div>\n<\/div><\/div>\n\n<div class=\"gb-grid-column gb-grid-column-fc52e5b4\"><div class=\"gb-container gb-container-fc52e5b4\">\n<div class=\"gb-container gb-container-172a0ae9\">\n\n<figure class=\"wp-block-image size-full imgt\"><a href=\"https:\/\/uniguajira.edu.co\/wa\/programa-de-gestion-documental-2023\/\"><img loading=\"lazy\" decoding=\"async\" width=\"127\" height=\"155\" src=\"https:\/\/uniguajira.edu.co\/wp-content\/uploads\/2024\/01\/Descargar-PDF-Icono.png\" alt=\"Descargar PDF Icono con tejido Wayuu en los colores de la Universidad de La Guajira.\" class=\"wp-image-24540\"\/><\/a><\/figure>\n\n\n\n<h3 class=\"gb-headline gb-headline-27724c26 gb-headline-text\"><strong><a href=\"https:\/\/uniguajira.edu.co\/wa\/programa-de-gestion-documental-2023\/\">Programa de gesti\u00f3n documental 2023<\/a><\/strong><\/h3>\n\n<\/div>\n<\/div><\/div>\n<\/div>\n<\/div>\n<\/div>\n<\/div>\n<\/div>","protected":false},"excerpt":{"rendered":"<p>Por medio de la cual, se adopta el programa de gesti\u00f3n documental de la Universidad de La Guajira.<\/p>","protected":false},"author":3,"featured_media":24542,"parent":23346,"menu_order":0,"comment_status":"closed","ping_status":"closed","template":"","meta":{"footnotes":""},"class_list":{"0":"post-23372","1":"page","2":"type-page","3":"status-publish","4":"has-post-thumbnail","6":"infinite-scroll-item"},"yoast_head":"<!-- This site is optimized with the Yoast SEO Premium plugin v27.0 (Yoast SEO v27.0) - https:\/\/yoast.com\/product\/yoast-seo-premium-wordpress\/ -->\n<title>Programas de gesti\u00f3n documental<\/title>\n<meta name=\"robots\" content=\"index, follow, max-snippet:-1, max-image-preview:large, max-video-preview:-1\" \/>\n<link rel=\"canonical\" href=\"https:\/\/uniguajira.edu.co\/wa\/universidad-de-la-guajira\/sobre-uniguajira\/secretaria-general\/instrumentos-de-gestion-de-la-informacion\/programas-de-gestion-documental\/\" \/>\n<meta property=\"og:locale\" content=\"en_US\" \/>\n<meta property=\"og:type\" content=\"article\" \/>\n<meta property=\"og:title\" content=\"Programas de gesti\u00f3n documental\" \/>\n<meta property=\"og:description\" content=\"Por medio de la cual, se adopta el programa de gesti\u00f3n documental de la Universidad de La Guajira.\" \/>\n<meta property=\"og:url\" content=\"https:\/\/uniguajira.edu.co\/wa\/universidad-de-la-guajira\/sobre-uniguajira\/secretaria-general\/instrumentos-de-gestion-de-la-informacion\/programas-de-gestion-documental\/\" \/>\n<meta property=\"og:site_name\" content=\"Universidad de La Guajira\" \/>\n<meta property=\"article:publisher\" content=\"https:\/\/www.facebook.com\/UniLaGuajira\/\" \/>\n<meta property=\"article:modified_time\" content=\"2024-08-27T23:34:58+00:00\" \/>\n<meta property=\"og:image\" content=\"https:\/\/uniguajira.edu.co\/wp-content\/uploads\/2024\/01\/vista-aerea-de-uniguajira.webp\" \/>\n\t<meta property=\"og:image:width\" content=\"1920\" \/>\n\t<meta property=\"og:image:height\" content=\"590\" \/>\n\t<meta property=\"og:image:type\" content=\"image\/webp\" \/>\n<meta name=\"twitter:card\" content=\"summary_large_image\" \/>\n<meta name=\"twitter:site\" content=\"@UniLaGuajira\" \/>\n<meta name=\"twitter:label1\" content=\"Est. reading time\" \/>\n\t<meta name=\"twitter:data1\" content=\"2 minutes\" \/>\n<script type=\"application\/ld+json\" class=\"yoast-schema-graph\">{\"@context\":\"https:\/\/schema.org\",\"@graph\":[{\"@type\":\"WebPage\",\"@id\":\"https:\/\/uniguajira.edu.co\/universidad-de-la-guajira\/sobre-uniguajira\/secretaria-general\/instrumentos-de-gestion-de-la-informacion\/programas-de-gestion-documental\/\",\"url\":\"https:\/\/uniguajira.edu.co\/universidad-de-la-guajira\/sobre-uniguajira\/secretaria-general\/instrumentos-de-gestion-de-la-informacion\/programas-de-gestion-documental\/\",\"name\":\"Programas de gesti\u00f3n documental\",\"isPartOf\":{\"@id\":\"https:\/\/uniguajira.edu.co\/#website\"},\"primaryImageOfPage\":{\"@id\":\"https:\/\/uniguajira.edu.co\/universidad-de-la-guajira\/sobre-uniguajira\/secretaria-general\/instrumentos-de-gestion-de-la-informacion\/programas-de-gestion-documental\/#primaryimage\"},\"image\":{\"@id\":\"https:\/\/uniguajira.edu.co\/universidad-de-la-guajira\/sobre-uniguajira\/secretaria-general\/instrumentos-de-gestion-de-la-informacion\/programas-de-gestion-documental\/#primaryimage\"},\"thumbnailUrl\":\"https:\/\/uniguajira.edu.co\/wp-content\/uploads\/2024\/01\/vista-aerea-de-uniguajira.webp\",\"datePublished\":\"2024-01-12T13:20:19+00:00\",\"dateModified\":\"2024-08-27T23:34:58+00:00\",\"breadcrumb\":{\"@id\":\"https:\/\/uniguajira.edu.co\/universidad-de-la-guajira\/sobre-uniguajira\/secretaria-general\/instrumentos-de-gestion-de-la-informacion\/programas-de-gestion-documental\/#breadcrumb\"},\"inLanguage\":\"wa-WA\",\"potentialAction\":[{\"@type\":\"ReadAction\",\"target\":[\"https:\/\/uniguajira.edu.co\/universidad-de-la-guajira\/sobre-uniguajira\/secretaria-general\/instrumentos-de-gestion-de-la-informacion\/programas-de-gestion-documental\/\"]}]},{\"@type\":\"ImageObject\",\"inLanguage\":\"wa-WA\",\"@id\":\"https:\/\/uniguajira.edu.co\/universidad-de-la-guajira\/sobre-uniguajira\/secretaria-general\/instrumentos-de-gestion-de-la-informacion\/programas-de-gestion-documental\/#primaryimage\",\"url\":\"https:\/\/uniguajira.edu.co\/wp-content\/uploads\/2024\/01\/vista-aerea-de-uniguajira.webp\",\"contentUrl\":\"https:\/\/uniguajira.edu.co\/wp-content\/uploads\/2024\/01\/vista-aerea-de-uniguajira.webp\",\"width\":1920,\"height\":590,\"caption\":\"vista-aerea-de-la-universidad-de-la-guajira-donde-se-aprecia-la-mayor-parte-de-su-infraestructura\"},{\"@type\":\"BreadcrumbList\",\"@id\":\"https:\/\/uniguajira.edu.co\/universidad-de-la-guajira\/sobre-uniguajira\/secretaria-general\/instrumentos-de-gestion-de-la-informacion\/programas-de-gestion-documental\/#breadcrumb\",\"itemListElement\":[{\"@type\":\"ListItem\",\"position\":1,\"name\":\"\u2302 Uniguajira\",\"item\":\"https:\/\/uniguajira.edu.co\/\"},{\"@type\":\"ListItem\",\"position\":2,\"name\":\"Uniguajira\",\"item\":\"https:\/\/uniguajira.edu.co\/\"},{\"@type\":\"ListItem\",\"position\":3,\"name\":\"Sobre Uniguajira\",\"item\":\"https:\/\/uniguajira.edu.co\/universidad-de-la-guajira\/sobre-uniguajira\/\"},{\"@type\":\"ListItem\",\"position\":4,\"name\":\"Secretar\u00eda\",\"item\":\"https:\/\/uniguajira.edu.co\/en\/universidad-de-la-guajira\/sobre-uniguajira\/secretaria-general\/\"},{\"@type\":\"ListItem\",\"position\":5,\"name\":\"Instrumentos\",\"item\":\"https:\/\/uniguajira.edu.co\/en\/universidad-de-la-guajira\/sobre-uniguajira\/secretaria-general\/instrumentos-de-gestion-de-la-informacion\/\"},{\"@type\":\"ListItem\",\"position\":6,\"name\":\"Programas de gesti\u00f3n documental\"}]},{\"@type\":\"WebSite\",\"@id\":\"https:\/\/uniguajira.edu.co\/#website\",\"url\":\"https:\/\/uniguajira.edu.co\/\",\"name\":\"UNIGUAJIRA\",\"description\":\"Descubre la educaci\u00f3n superior con oportunidades laborales, retos estudiantiles y tecnolog\u00eda innovadora. Alcanza el \u00e9xito acad\u00e9mico y explora el impacto social y la diversidad en un entorno de aprendizaje moderno. Ad\u00e1ptate con inteligencia artificial y pr\u00e1cticas profesionales para un crecimiento integral.\",\"publisher\":{\"@id\":\"https:\/\/uniguajira.edu.co\/#organization\"},\"alternateName\":\"Universidad de La Guajira\",\"potentialAction\":[{\"@type\":\"SearchAction\",\"target\":{\"@type\":\"EntryPoint\",\"urlTemplate\":\"https:\/\/uniguajira.edu.co\/?s={search_term_string}\"},\"query-input\":{\"@type\":\"PropertyValueSpecification\",\"valueRequired\":true,\"valueName\":\"search_term_string\"}}],\"inLanguage\":\"wa-WA\"},{\"@type\":\"Organization\",\"@id\":\"https:\/\/uniguajira.edu.co\/#organization\",\"name\":\"Universidad de La Guajira\",\"alternateName\":\"UNIGUAJIRA\",\"url\":\"https:\/\/uniguajira.edu.co\/\",\"logo\":{\"@type\":\"ImageObject\",\"inLanguage\":\"wa-WA\",\"@id\":\"https:\/\/uniguajira.edu.co\/#\/schema\/logo\/image\/\",\"url\":\"https:\/\/uniguajira.edu.co\/wp-content\/uploads\/2026\/01\/cropped-cropped-LOGOS-PAGINA-WEB-04-1.webp\",\"contentUrl\":\"https:\/\/uniguajira.edu.co\/wp-content\/uploads\/2026\/01\/cropped-cropped-LOGOS-PAGINA-WEB-04-1.webp\",\"width\":360,\"height\":72,\"caption\":\"Universidad de La Guajira\"},\"image\":{\"@id\":\"https:\/\/uniguajira.edu.co\/#\/schema\/logo\/image\/\"},\"sameAs\":[\"https:\/\/www.facebook.com\/UniLaGuajira\/\",\"https:\/\/x.com\/UniLaGuajira\",\"https:\/\/www.instagram.com\/uniguajira_\/\",\"https:\/\/www.youtube.com\/user\/UniLaGuajira\"]}]}<\/script>\n<!-- \/ Yoast SEO Premium plugin. -->","yoast_head_json":{"title":"Programas de gesti\u00f3n documental","robots":{"index":"index","follow":"follow","max-snippet":"max-snippet:-1","max-image-preview":"max-image-preview:large","max-video-preview":"max-video-preview:-1"},"canonical":"https:\/\/uniguajira.edu.co\/wa\/universidad-de-la-guajira\/sobre-uniguajira\/secretaria-general\/instrumentos-de-gestion-de-la-informacion\/programas-de-gestion-documental\/","og_locale":"en_US","og_type":"article","og_title":"Programas de gesti\u00f3n documental","og_description":"Por medio de la cual, se adopta el programa de gesti\u00f3n documental de la Universidad de La Guajira.","og_url":"https:\/\/uniguajira.edu.co\/wa\/universidad-de-la-guajira\/sobre-uniguajira\/secretaria-general\/instrumentos-de-gestion-de-la-informacion\/programas-de-gestion-documental\/","og_site_name":"Universidad de La Guajira","article_publisher":"https:\/\/www.facebook.com\/UniLaGuajira\/","article_modified_time":"2024-08-27T23:34:58+00:00","og_image":[{"width":1920,"height":590,"url":"https:\/\/uniguajira.edu.co\/wp-content\/uploads\/2024\/01\/vista-aerea-de-uniguajira.webp","type":"image\/webp"}],"twitter_card":"summary_large_image","twitter_site":"@UniLaGuajira","twitter_misc":{"Est. reading time":"2 minutes"},"schema":{"@context":"https:\/\/schema.org","@graph":[{"@type":"WebPage","@id":"https:\/\/uniguajira.edu.co\/universidad-de-la-guajira\/sobre-uniguajira\/secretaria-general\/instrumentos-de-gestion-de-la-informacion\/programas-de-gestion-documental\/","url":"https:\/\/uniguajira.edu.co\/universidad-de-la-guajira\/sobre-uniguajira\/secretaria-general\/instrumentos-de-gestion-de-la-informacion\/programas-de-gestion-documental\/","name":"Programas de gesti\u00f3n documental","isPartOf":{"@id":"https:\/\/uniguajira.edu.co\/#website"},"primaryImageOfPage":{"@id":"https:\/\/uniguajira.edu.co\/universidad-de-la-guajira\/sobre-uniguajira\/secretaria-general\/instrumentos-de-gestion-de-la-informacion\/programas-de-gestion-documental\/#primaryimage"},"image":{"@id":"https:\/\/uniguajira.edu.co\/universidad-de-la-guajira\/sobre-uniguajira\/secretaria-general\/instrumentos-de-gestion-de-la-informacion\/programas-de-gestion-documental\/#primaryimage"},"thumbnailUrl":"https:\/\/uniguajira.edu.co\/wp-content\/uploads\/2024\/01\/vista-aerea-de-uniguajira.webp","datePublished":"2024-01-12T13:20:19+00:00","dateModified":"2024-08-27T23:34:58+00:00","breadcrumb":{"@id":"https:\/\/uniguajira.edu.co\/universidad-de-la-guajira\/sobre-uniguajira\/secretaria-general\/instrumentos-de-gestion-de-la-informacion\/programas-de-gestion-documental\/#breadcrumb"},"inLanguage":"wa-WA","potentialAction":[{"@type":"ReadAction","target":["https:\/\/uniguajira.edu.co\/universidad-de-la-guajira\/sobre-uniguajira\/secretaria-general\/instrumentos-de-gestion-de-la-informacion\/programas-de-gestion-documental\/"]}]},{"@type":"ImageObject","inLanguage":"wa-WA","@id":"https:\/\/uniguajira.edu.co\/universidad-de-la-guajira\/sobre-uniguajira\/secretaria-general\/instrumentos-de-gestion-de-la-informacion\/programas-de-gestion-documental\/#primaryimage","url":"https:\/\/uniguajira.edu.co\/wp-content\/uploads\/2024\/01\/vista-aerea-de-uniguajira.webp","contentUrl":"https:\/\/uniguajira.edu.co\/wp-content\/uploads\/2024\/01\/vista-aerea-de-uniguajira.webp","width":1920,"height":590,"caption":"vista-aerea-de-la-universidad-de-la-guajira-donde-se-aprecia-la-mayor-parte-de-su-infraestructura"},{"@type":"BreadcrumbList","@id":"https:\/\/uniguajira.edu.co\/universidad-de-la-guajira\/sobre-uniguajira\/secretaria-general\/instrumentos-de-gestion-de-la-informacion\/programas-de-gestion-documental\/#breadcrumb","itemListElement":[{"@type":"ListItem","position":1,"name":"\u2302 Uniguajira","item":"https:\/\/uniguajira.edu.co\/"},{"@type":"ListItem","position":2,"name":"Uniguajira","item":"https:\/\/uniguajira.edu.co\/"},{"@type":"ListItem","position":3,"name":"Sobre Uniguajira","item":"https:\/\/uniguajira.edu.co\/universidad-de-la-guajira\/sobre-uniguajira\/"},{"@type":"ListItem","position":4,"name":"Secretar\u00eda","item":"https:\/\/uniguajira.edu.co\/en\/universidad-de-la-guajira\/sobre-uniguajira\/secretaria-general\/"},{"@type":"ListItem","position":5,"name":"Instrumentos","item":"https:\/\/uniguajira.edu.co\/en\/universidad-de-la-guajira\/sobre-uniguajira\/secretaria-general\/instrumentos-de-gestion-de-la-informacion\/"},{"@type":"ListItem","position":6,"name":"Programas de gesti\u00f3n documental"}]},{"@type":"WebSite","@id":"https:\/\/uniguajira.edu.co\/#website","url":"https:\/\/uniguajira.edu.co\/","name":"UNIGUAJIRA","description":"Descubre la educaci\u00f3n superior con oportunidades laborales, retos estudiantiles y tecnolog\u00eda innovadora. Alcanza el \u00e9xito acad\u00e9mico y explora el impacto social y la diversidad en un entorno de aprendizaje moderno. Ad\u00e1ptate con inteligencia artificial y pr\u00e1cticas profesionales para un crecimiento integral.","publisher":{"@id":"https:\/\/uniguajira.edu.co\/#organization"},"alternateName":"Universidad de La Guajira","potentialAction":[{"@type":"SearchAction","target":{"@type":"EntryPoint","urlTemplate":"https:\/\/uniguajira.edu.co\/?s={search_term_string}"},"query-input":{"@type":"PropertyValueSpecification","valueRequired":true,"valueName":"search_term_string"}}],"inLanguage":"wa-WA"},{"@type":"Organization","@id":"https:\/\/uniguajira.edu.co\/#organization","name":"Shikii Ekirajia P\u00fclee Wajiira","alternateName":"UNIGUAJIRA","url":"https:\/\/uniguajira.edu.co\/","logo":{"@type":"ImageObject","inLanguage":"wa-WA","@id":"https:\/\/uniguajira.edu.co\/#\/schema\/logo\/image\/","url":"https:\/\/uniguajira.edu.co\/wp-content\/uploads\/2026\/01\/cropped-cropped-LOGOS-PAGINA-WEB-04-1.webp","contentUrl":"https:\/\/uniguajira.edu.co\/wp-content\/uploads\/2026\/01\/cropped-cropped-LOGOS-PAGINA-WEB-04-1.webp","width":360,"height":72,"caption":"Universidad de La Guajira"},"image":{"@id":"https:\/\/uniguajira.edu.co\/#\/schema\/logo\/image\/"},"sameAs":["https:\/\/www.facebook.com\/UniLaGuajira\/","https:\/\/x.com\/UniLaGuajira","https:\/\/www.instagram.com\/uniguajira_\/","https:\/\/www.youtube.com\/user\/UniLaGuajira"]}]}},"_hostinger_reach_plugin_has_subscription_block":false,"_hostinger_reach_plugin_is_elementor":false,"_links":{"self":[{"href":"https:\/\/uniguajira.edu.co\/wa\/wp-json\/wp\/v2\/pages\/23372","targetHints":{"allow":["GET"]}}],"collection":[{"href":"https:\/\/uniguajira.edu.co\/wa\/wp-json\/wp\/v2\/pages"}],"about":[{"href":"https:\/\/uniguajira.edu.co\/wa\/wp-json\/wp\/v2\/types\/page"}],"author":[{"embeddable":true,"href":"https:\/\/uniguajira.edu.co\/wa\/wp-json\/wp\/v2\/users\/3"}],"replies":[{"embeddable":true,"href":"https:\/\/uniguajira.edu.co\/wa\/wp-json\/wp\/v2\/comments?post=23372"}],"version-history":[{"count":0,"href":"https:\/\/uniguajira.edu.co\/wa\/wp-json\/wp\/v2\/pages\/23372\/revisions"}],"up":[{"embeddable":true,"href":"https:\/\/uniguajira.edu.co\/wa\/wp-json\/wp\/v2\/pages\/23346"}],"wp:featuredmedia":[{"embeddable":true,"href":"https:\/\/uniguajira.edu.co\/wa\/wp-json\/wp\/v2\/media\/24542"}],"wp:attachment":[{"href":"https:\/\/uniguajira.edu.co\/wa\/wp-json\/wp\/v2\/media?parent=23372"}],"curies":[{"name":"wp","href":"https:\/\/api.w.org\/{rel}","templated":true}]}}