{"id":23233,"date":"2024-01-12T05:29:24","date_gmt":"2024-01-12T10:29:24","guid":{"rendered":"https:\/\/uniguajira.edu.co\/?page_id=23233"},"modified":"2024-12-20T10:41:06","modified_gmt":"2024-12-20T15:41:06","slug":"ayuda-a-la-ciudadania","status":"publish","type":"page","link":"https:\/\/uniguajira.edu.co\/wa\/universidad-de-la-guajira\/atencion-y-servicios-a-la-ciudadania\/ayuda-a-la-ciudadania\/","title":{"rendered":"Ayuda a la ciudadan\u00eda"},"content":{"rendered":"<div class=\"gb-container gb-container-d796b7e0\">\n<div class=\"gb-container gb-container-4d72301d\">\n<div class=\"gb-container gb-container-570b9a30\">\n<div class=\"gb-container gb-container-1db11728\">\n\n<p class=\"gb-headline gb-headline-adab62e1 gb-headline-text\">El programa &#8216;Ayuda a la Ciudadan\u00eda&#8217; de la Universidad de La Guajira es una iniciativa dedicada a brindar apoyo y asistencia integral a la comunidad local. Esta iniciativa refleja el compromiso de la universidad con su entorno y su responsabilidad en el desarrollo social y econ\u00f3mico de la regi\u00f3n.<\/p>\n\n\n\n<p>A trav\u00e9s de &#8216;Ayuda a la Ciudadan\u00eda&#8217;, la universidad ofrece una amplia gama de servicios y recursos dise\u00f1ados para satisfacer las necesidades de la comunidad guajira. Esto incluye asesoramiento legal y m\u00e9dico gratuito, talleres de capacitaci\u00f3n en diversas \u00e1reas, programas de orientaci\u00f3n educativa para estudiantes locales, y eventos culturales y deportivos abiertos a toda la comunidad.<\/p>\n\n\n<div class=\"gb-container gb-container-bd75c527\">\n\n<p class=\"gb-headline gb-headline-4a3bb18d\"><span class=\"gb-icon\"><svg xml:space=\"preserve\" style=\"enable-background:new 0 0 482.136 482.135;\" viewbox=\"0 0 482.136 482.135\" height=\"482.135px\" width=\"482.136px\" y=\"0px\" x=\"0px\" id=\"Capa_1\" version=\"1.1\" xmlns:xlink=\"http:\/\/www.w3.org\/1999\/xlink\" xmlns=\"http:\/\/www.w3.org\/2000\/svg\"> <g> \t<path d=\"M455.482,198.184L326.829,326.832c-35.535,35.54-93.108,35.54-128.646,0l-42.881-42.886l42.881-42.876l42.884,42.876   c11.845,11.822,31.064,11.846,42.886,0l128.644-128.643c11.816-11.831,11.816-31.066,0-42.9l-42.881-42.881   c-11.822-11.814-31.064-11.814-42.887,0l-45.928,45.936c-21.292-12.531-45.491-17.905-69.449-16.291l72.501-72.526   c35.535-35.521,93.136-35.521,128.644,0l42.886,42.881C491.018,105.045,491.018,162.663,455.482,198.184z M201.206,366.698   l-45.903,45.9c-11.845,11.846-31.064,11.817-42.881,0l-42.884-42.881c-11.845-11.821-11.845-31.041,0-42.886l128.646-128.648   c11.819-11.814,31.069-11.814,42.884,0l42.886,42.886l42.876-42.886l-42.876-42.881c-35.54-35.521-93.113-35.521-128.65,0   L26.655,283.946c-35.538,35.545-35.538,93.146,0,128.652l42.883,42.882c35.51,35.54,93.11,35.54,128.646,0l72.496-72.499   C246.724,384.578,222.588,379.197,201.206,366.698z\"><\/path> <\/g> <g> <\/g> <g> <\/g> <g> <\/g> <g> <\/g> <g> <\/g> <g> <\/g> <g> <\/g> <g> <\/g> <g> <\/g> <g> <\/g> <g> <\/g> <g> <\/g> <g> <\/g> <g> <\/g> <g> <\/g> <\/svg><\/span><span class=\"gb-headline-text\"><a href=\"https:\/\/uniguajira.edu.co\/wa\/preguntas-frecuentes-de-la-oficina-de-registro-y-control-academico\/\">Preguntas frecuentes.<\/a><\/span><\/p>\n\n\n\n<p class=\"gb-headline gb-headline-82a3a7e9\"><span class=\"gb-icon\"><svg xml:space=\"preserve\" style=\"enable-background:new 0 0 482.136 482.135;\" viewbox=\"0 0 482.136 482.135\" height=\"482.135px\" width=\"482.136px\" y=\"0px\" x=\"0px\" id=\"Capa_1\" version=\"1.1\" xmlns:xlink=\"http:\/\/www.w3.org\/1999\/xlink\" xmlns=\"http:\/\/www.w3.org\/2000\/svg\"> <g> \t<path d=\"M455.482,198.184L326.829,326.832c-35.535,35.54-93.108,35.54-128.646,0l-42.881-42.886l42.881-42.876l42.884,42.876   c11.845,11.822,31.064,11.846,42.886,0l128.644-128.643c11.816-11.831,11.816-31.066,0-42.9l-42.881-42.881   c-11.822-11.814-31.064-11.814-42.887,0l-45.928,45.936c-21.292-12.531-45.491-17.905-69.449-16.291l72.501-72.526   c35.535-35.521,93.136-35.521,128.644,0l42.886,42.881C491.018,105.045,491.018,162.663,455.482,198.184z M201.206,366.698   l-45.903,45.9c-11.845,11.846-31.064,11.817-42.881,0l-42.884-42.881c-11.845-11.821-11.845-31.041,0-42.886l128.646-128.648   c11.819-11.814,31.069-11.814,42.884,0l42.886,42.886l42.876-42.886l-42.876-42.881c-35.54-35.521-93.113-35.521-128.65,0   L26.655,283.946c-35.538,35.545-35.538,93.146,0,128.652l42.883,42.882c35.51,35.54,93.11,35.54,128.646,0l72.496-72.499   C246.724,384.578,222.588,379.197,201.206,366.698z\"><\/path> <\/g> <g> <\/g> <g> <\/g> <g> <\/g> <g> <\/g> <g> <\/g> <g> <\/g> <g> <\/g> <g> <\/g> <g> <\/g> <g> <\/g> <g> <\/g> <g> <\/g> <g> <\/g> <g> <\/g> <g> <\/g> <\/svg><\/span><span class=\"gb-headline-text\">Manual de servicios al ciudadano.<\/span><\/p>\n\n\n\n<p class=\"gb-headline gb-headline-5b1eb83b\"><span class=\"gb-icon\"><svg xml:space=\"preserve\" style=\"enable-background:new 0 0 482.136 482.135;\" viewbox=\"0 0 482.136 482.135\" height=\"482.135px\" width=\"482.136px\" y=\"0px\" x=\"0px\" id=\"Capa_1\" version=\"1.1\" xmlns:xlink=\"http:\/\/www.w3.org\/1999\/xlink\" xmlns=\"http:\/\/www.w3.org\/2000\/svg\"> <g> \t<path d=\"M455.482,198.184L326.829,326.832c-35.535,35.54-93.108,35.54-128.646,0l-42.881-42.886l42.881-42.876l42.884,42.876   c11.845,11.822,31.064,11.846,42.886,0l128.644-128.643c11.816-11.831,11.816-31.066,0-42.9l-42.881-42.881   c-11.822-11.814-31.064-11.814-42.887,0l-45.928,45.936c-21.292-12.531-45.491-17.905-69.449-16.291l72.501-72.526   c35.535-35.521,93.136-35.521,128.644,0l42.886,42.881C491.018,105.045,491.018,162.663,455.482,198.184z M201.206,366.698   l-45.903,45.9c-11.845,11.846-31.064,11.817-42.881,0l-42.884-42.881c-11.845-11.821-11.845-31.041,0-42.886l128.646-128.648   c11.819-11.814,31.069-11.814,42.884,0l42.886,42.886l42.876-42.886l-42.876-42.881c-35.54-35.521-93.113-35.521-128.65,0   L26.655,283.946c-35.538,35.545-35.538,93.146,0,128.652l42.883,42.882c35.51,35.54,93.11,35.54,128.646,0l72.496-72.499   C246.724,384.578,222.588,379.197,201.206,366.698z\"><\/path> <\/g> <g> <\/g> <g> <\/g> <g> <\/g> <g> <\/g> <g> <\/g> <g> <\/g> <g> <\/g> <g> <\/g> <g> <\/g> <g> <\/g> <g> <\/g> <g> <\/g> <g> <\/g> <g> <\/g> <g> <\/g> <\/svg><\/span><span class=\"gb-headline-text\">Protocolo de atenci\u00f3n al ciudadano.<\/span><\/p>\n\n\n\n<p class=\"gb-headline gb-headline-d7329fea\"><span class=\"gb-icon\"><svg xml:space=\"preserve\" style=\"enable-background:new 0 0 482.136 482.135;\" viewbox=\"0 0 482.136 482.135\" height=\"482.135px\" width=\"482.136px\" y=\"0px\" x=\"0px\" id=\"Capa_1\" version=\"1.1\" xmlns:xlink=\"http:\/\/www.w3.org\/1999\/xlink\" xmlns=\"http:\/\/www.w3.org\/2000\/svg\"> <g> \t<path d=\"M455.482,198.184L326.829,326.832c-35.535,35.54-93.108,35.54-128.646,0l-42.881-42.886l42.881-42.876l42.884,42.876   c11.845,11.822,31.064,11.846,42.886,0l128.644-128.643c11.816-11.831,11.816-31.066,0-42.9l-42.881-42.881   c-11.822-11.814-31.064-11.814-42.887,0l-45.928,45.936c-21.292-12.531-45.491-17.905-69.449-16.291l72.501-72.526   c35.535-35.521,93.136-35.521,128.644,0l42.886,42.881C491.018,105.045,491.018,162.663,455.482,198.184z M201.206,366.698   l-45.903,45.9c-11.845,11.846-31.064,11.817-42.881,0l-42.884-42.881c-11.845-11.821-11.845-31.041,0-42.886l128.646-128.648   c11.819-11.814,31.069-11.814,42.884,0l42.886,42.886l42.876-42.886l-42.876-42.881c-35.54-35.521-93.113-35.521-128.65,0   L26.655,283.946c-35.538,35.545-35.538,93.146,0,128.652l42.883,42.882c35.51,35.54,93.11,35.54,128.646,0l72.496-72.499   C246.724,384.578,222.588,379.197,201.206,366.698z\"><\/path> <\/g> <g> <\/g> <g> <\/g> <g> <\/g> <g> <\/g> <g> <\/g> <g> <\/g> <g> <\/g> <g> <\/g> <g> <\/g> <g> <\/g> <g> <\/g> <g> <\/g> <g> <\/g> <g> <\/g> <g> <\/g> <\/svg><\/span><span class=\"gb-headline-text\">Caracterizaci\u00f3n de grupos de valor y de inter\u00e9s.<\/span><\/p>\n\n\n\n<p class=\"gb-headline gb-headline-528ee4b7\"><span class=\"gb-icon\"><svg xml:space=\"preserve\" style=\"enable-background:new 0 0 482.136 482.135;\" viewbox=\"0 0 482.136 482.135\" height=\"482.135px\" width=\"482.136px\" y=\"0px\" x=\"0px\" id=\"Capa_1\" version=\"1.1\" xmlns:xlink=\"http:\/\/www.w3.org\/1999\/xlink\" xmlns=\"http:\/\/www.w3.org\/2000\/svg\"> <g> \t<path d=\"M455.482,198.184L326.829,326.832c-35.535,35.54-93.108,35.54-128.646,0l-42.881-42.886l42.881-42.876l42.884,42.876   c11.845,11.822,31.064,11.846,42.886,0l128.644-128.643c11.816-11.831,11.816-31.066,0-42.9l-42.881-42.881   c-11.822-11.814-31.064-11.814-42.887,0l-45.928,45.936c-21.292-12.531-45.491-17.905-69.449-16.291l72.501-72.526   c35.535-35.521,93.136-35.521,128.644,0l42.886,42.881C491.018,105.045,491.018,162.663,455.482,198.184z M201.206,366.698   l-45.903,45.9c-11.845,11.846-31.064,11.817-42.881,0l-42.884-42.881c-11.845-11.821-11.845-31.041,0-42.886l128.646-128.648   c11.819-11.814,31.069-11.814,42.884,0l42.886,42.886l42.876-42.886l-42.876-42.881c-35.54-35.521-93.113-35.521-128.65,0   L26.655,283.946c-35.538,35.545-35.538,93.146,0,128.652l42.883,42.882c35.51,35.54,93.11,35.54,128.646,0l72.496-72.499   C246.724,384.578,222.588,379.197,201.206,366.698z\"><\/path> <\/g> <g> <\/g> <g> <\/g> <g> <\/g> <g> <\/g> <g> <\/g> <g> <\/g> <g> <\/g> <g> <\/g> <g> <\/g> <g> <\/g> <g> <\/g> <g> <\/g> <g> <\/g> <g> <\/g> <g> <\/g> <\/svg><\/span><span class=\"gb-headline-text\"><a href=\"https:\/\/uniguajira.edu.co\/wa\/carta-de-trato-digno\/\">Carta de trato digno.<\/a><\/span><\/p>\n\n\n\n<p class=\"gb-headline gb-headline-358f2c0b\"><span class=\"gb-icon\"><svg xml:space=\"preserve\" style=\"enable-background:new 0 0 482.136 482.135;\" viewbox=\"0 0 482.136 482.135\" height=\"482.135px\" width=\"482.136px\" y=\"0px\" x=\"0px\" id=\"Capa_1\" version=\"1.1\" xmlns:xlink=\"http:\/\/www.w3.org\/1999\/xlink\" xmlns=\"http:\/\/www.w3.org\/2000\/svg\"> <g> \t<path d=\"M455.482,198.184L326.829,326.832c-35.535,35.54-93.108,35.54-128.646,0l-42.881-42.886l42.881-42.876l42.884,42.876   c11.845,11.822,31.064,11.846,42.886,0l128.644-128.643c11.816-11.831,11.816-31.066,0-42.9l-42.881-42.881   c-11.822-11.814-31.064-11.814-42.887,0l-45.928,45.936c-21.292-12.531-45.491-17.905-69.449-16.291l72.501-72.526   c35.535-35.521,93.136-35.521,128.644,0l42.886,42.881C491.018,105.045,491.018,162.663,455.482,198.184z M201.206,366.698   l-45.903,45.9c-11.845,11.846-31.064,11.817-42.881,0l-42.884-42.881c-11.845-11.821-11.845-31.041,0-42.886l128.646-128.648   c11.819-11.814,31.069-11.814,42.884,0l42.886,42.886l42.876-42.886l-42.876-42.881c-35.54-35.521-93.113-35.521-128.65,0   L26.655,283.946c-35.538,35.545-35.538,93.146,0,128.652l42.883,42.882c35.51,35.54,93.11,35.54,128.646,0l72.496-72.499   C246.724,384.578,222.588,379.197,201.206,366.698z\"><\/path> <\/g> <g> <\/g> <g> <\/g> <g> <\/g> <g> <\/g> <g> <\/g> <g> <\/g> <g> <\/g> <g> <\/g> <g> <\/g> <g> <\/g> <g> <\/g> <g> <\/g> <g> <\/g> <g> <\/g> <g> <\/g> <\/svg><\/span><span class=\"gb-headline-text\">Normatividad asociada a la atenci\u00f3n al ciudadano.<\/span><\/p>\n\n<\/div>\n<\/div>\n<\/div>\n<\/div>\n<\/div>","protected":false},"excerpt":{"rendered":"<p>El programa &#8216;Ayuda a la Ciudadan\u00eda&#8217; de la Universidad de La Guajira es una iniciativa dedicada a brindar apoyo y asistencia integral a &#8230; <a title=\"Ayuda a la ciudadan\u00eda\" class=\"read-more\" href=\"https:\/\/uniguajira.edu.co\/wa\/universidad-de-la-guajira\/atencion-y-servicios-a-la-ciudadania\/ayuda-a-la-ciudadania\/\" aria-label=\"Read more about Ayuda a la ciudadan\u00eda\">.<\/a><\/p>","protected":false},"author":3,"featured_media":24542,"parent":22346,"menu_order":0,"comment_status":"closed","ping_status":"closed","template":"","meta":{"footnotes":""},"class_list":{"0":"post-23233","1":"page","2":"type-page","3":"status-publish","4":"has-post-thumbnail","6":"infinite-scroll-item"},"yoast_head":"<!-- This site is optimized with the Yoast SEO Premium plugin v27.0 (Yoast SEO v27.0) - https:\/\/yoast.com\/product\/yoast-seo-premium-wordpress\/ -->\n<title>Ayuda a la ciudadan\u00eda<\/title>\n<meta name=\"robots\" content=\"index, follow, max-snippet:-1, max-image-preview:large, max-video-preview:-1\" \/>\n<link rel=\"canonical\" href=\"https:\/\/uniguajira.edu.co\/wa\/universidad-de-la-guajira\/atencion-y-servicios-a-la-ciudadania\/ayuda-a-la-ciudadania\/\" \/>\n<meta property=\"og:locale\" content=\"en_US\" \/>\n<meta property=\"og:type\" content=\"article\" \/>\n<meta property=\"og:title\" content=\"Ayuda a la ciudadan\u00eda\" \/>\n<meta property=\"og:description\" content=\"El programa &#8216;Ayuda a la Ciudadan\u00eda&#8217; de la Universidad de La Guajira es una iniciativa dedicada a brindar apoyo y asistencia integral a ... .\" \/>\n<meta property=\"og:url\" content=\"https:\/\/uniguajira.edu.co\/wa\/universidad-de-la-guajira\/atencion-y-servicios-a-la-ciudadania\/ayuda-a-la-ciudadania\/\" \/>\n<meta property=\"og:site_name\" content=\"Universidad de La Guajira\" \/>\n<meta property=\"article:publisher\" content=\"https:\/\/www.facebook.com\/UniLaGuajira\/\" \/>\n<meta property=\"article:modified_time\" content=\"2024-12-20T15:41:06+00:00\" \/>\n<meta property=\"og:image\" content=\"https:\/\/uniguajira.edu.co\/wp-content\/uploads\/2024\/01\/vista-aerea-de-uniguajira.webp\" \/>\n\t<meta property=\"og:image:width\" content=\"1920\" \/>\n\t<meta property=\"og:image:height\" content=\"590\" \/>\n\t<meta property=\"og:image:type\" content=\"image\/webp\" \/>\n<meta name=\"twitter:card\" content=\"summary_large_image\" \/>\n<meta name=\"twitter:site\" content=\"@UniLaGuajira\" \/>\n<meta name=\"twitter:label1\" content=\"Est. reading time\" \/>\n\t<meta name=\"twitter:data1\" content=\"1 minute\" \/>\n<script type=\"application\/ld+json\" class=\"yoast-schema-graph\">{\"@context\":\"https:\/\/schema.org\",\"@graph\":[{\"@type\":\"WebPage\",\"@id\":\"https:\/\/uniguajira.edu.co\/universidad-de-la-guajira\/atencion-y-servicios-a-la-ciudadania\/ayuda-a-la-ciudadania\/\",\"url\":\"https:\/\/uniguajira.edu.co\/universidad-de-la-guajira\/atencion-y-servicios-a-la-ciudadania\/ayuda-a-la-ciudadania\/\",\"name\":\"Ayuda a la ciudadan\u00eda\",\"isPartOf\":{\"@id\":\"https:\/\/uniguajira.edu.co\/#website\"},\"primaryImageOfPage\":{\"@id\":\"https:\/\/uniguajira.edu.co\/universidad-de-la-guajira\/atencion-y-servicios-a-la-ciudadania\/ayuda-a-la-ciudadania\/#primaryimage\"},\"image\":{\"@id\":\"https:\/\/uniguajira.edu.co\/universidad-de-la-guajira\/atencion-y-servicios-a-la-ciudadania\/ayuda-a-la-ciudadania\/#primaryimage\"},\"thumbnailUrl\":\"https:\/\/uniguajira.edu.co\/wp-content\/uploads\/2024\/01\/vista-aerea-de-uniguajira.webp\",\"datePublished\":\"2024-01-12T10:29:24+00:00\",\"dateModified\":\"2024-12-20T15:41:06+00:00\",\"breadcrumb\":{\"@id\":\"https:\/\/uniguajira.edu.co\/universidad-de-la-guajira\/atencion-y-servicios-a-la-ciudadania\/ayuda-a-la-ciudadania\/#breadcrumb\"},\"inLanguage\":\"wa-WA\",\"potentialAction\":[{\"@type\":\"ReadAction\",\"target\":[\"https:\/\/uniguajira.edu.co\/universidad-de-la-guajira\/atencion-y-servicios-a-la-ciudadania\/ayuda-a-la-ciudadania\/\"]}]},{\"@type\":\"ImageObject\",\"inLanguage\":\"wa-WA\",\"@id\":\"https:\/\/uniguajira.edu.co\/universidad-de-la-guajira\/atencion-y-servicios-a-la-ciudadania\/ayuda-a-la-ciudadania\/#primaryimage\",\"url\":\"https:\/\/uniguajira.edu.co\/wp-content\/uploads\/2024\/01\/vista-aerea-de-uniguajira.webp\",\"contentUrl\":\"https:\/\/uniguajira.edu.co\/wp-content\/uploads\/2024\/01\/vista-aerea-de-uniguajira.webp\",\"width\":1920,\"height\":590,\"caption\":\"vista-aerea-de-la-universidad-de-la-guajira-donde-se-aprecia-la-mayor-parte-de-su-infraestructura\"},{\"@type\":\"BreadcrumbList\",\"@id\":\"https:\/\/uniguajira.edu.co\/universidad-de-la-guajira\/atencion-y-servicios-a-la-ciudadania\/ayuda-a-la-ciudadania\/#breadcrumb\",\"itemListElement\":[{\"@type\":\"ListItem\",\"position\":1,\"name\":\"\u2302 Uniguajira\",\"item\":\"https:\/\/uniguajira.edu.co\/\"},{\"@type\":\"ListItem\",\"position\":2,\"name\":\"Uniguajira\",\"item\":\"https:\/\/uniguajira.edu.co\/\"},{\"@type\":\"ListItem\",\"position\":3,\"name\":\"Atenci\u00f3n y servicios a la ciudadan\u00eda\",\"item\":\"https:\/\/uniguajira.edu.co\/universidad-de-la-guajira\/atencion-y-servicios-a-la-ciudadania\/\"},{\"@type\":\"ListItem\",\"position\":4,\"name\":\"Ayuda a la ciudadan\u00eda\"}]},{\"@type\":\"WebSite\",\"@id\":\"https:\/\/uniguajira.edu.co\/#website\",\"url\":\"https:\/\/uniguajira.edu.co\/\",\"name\":\"UNIGUAJIRA\",\"description\":\"Descubre la educaci\u00f3n superior con oportunidades laborales, retos estudiantiles y tecnolog\u00eda innovadora. Alcanza el \u00e9xito acad\u00e9mico y explora el impacto social y la diversidad en un entorno de aprendizaje moderno. Ad\u00e1ptate con inteligencia artificial y pr\u00e1cticas profesionales para un crecimiento integral.\",\"publisher\":{\"@id\":\"https:\/\/uniguajira.edu.co\/#organization\"},\"alternateName\":\"Universidad de La Guajira\",\"potentialAction\":[{\"@type\":\"SearchAction\",\"target\":{\"@type\":\"EntryPoint\",\"urlTemplate\":\"https:\/\/uniguajira.edu.co\/?s={search_term_string}\"},\"query-input\":{\"@type\":\"PropertyValueSpecification\",\"valueRequired\":true,\"valueName\":\"search_term_string\"}}],\"inLanguage\":\"wa-WA\"},{\"@type\":\"Organization\",\"@id\":\"https:\/\/uniguajira.edu.co\/#organization\",\"name\":\"Universidad de La Guajira\",\"alternateName\":\"UNIGUAJIRA\",\"url\":\"https:\/\/uniguajira.edu.co\/\",\"logo\":{\"@type\":\"ImageObject\",\"inLanguage\":\"wa-WA\",\"@id\":\"https:\/\/uniguajira.edu.co\/#\/schema\/logo\/image\/\",\"url\":\"https:\/\/uniguajira.edu.co\/wp-content\/uploads\/2026\/01\/cropped-cropped-LOGOS-PAGINA-WEB-04-1.webp\",\"contentUrl\":\"https:\/\/uniguajira.edu.co\/wp-content\/uploads\/2026\/01\/cropped-cropped-LOGOS-PAGINA-WEB-04-1.webp\",\"width\":360,\"height\":72,\"caption\":\"Universidad de La Guajira\"},\"image\":{\"@id\":\"https:\/\/uniguajira.edu.co\/#\/schema\/logo\/image\/\"},\"sameAs\":[\"https:\/\/www.facebook.com\/UniLaGuajira\/\",\"https:\/\/x.com\/UniLaGuajira\",\"https:\/\/www.instagram.com\/uniguajira_\/\",\"https:\/\/www.youtube.com\/user\/UniLaGuajira\"]}]}<\/script>\n<!-- \/ Yoast SEO Premium plugin. -->","yoast_head_json":{"title":"Ayuda a la ciudadan\u00eda","robots":{"index":"index","follow":"follow","max-snippet":"max-snippet:-1","max-image-preview":"max-image-preview:large","max-video-preview":"max-video-preview:-1"},"canonical":"https:\/\/uniguajira.edu.co\/wa\/universidad-de-la-guajira\/atencion-y-servicios-a-la-ciudadania\/ayuda-a-la-ciudadania\/","og_locale":"en_US","og_type":"article","og_title":"Ayuda a la ciudadan\u00eda","og_description":"El programa &#8216;Ayuda a la Ciudadan\u00eda&#8217; de la Universidad de La Guajira es una iniciativa dedicada a brindar apoyo y asistencia integral a ... .","og_url":"https:\/\/uniguajira.edu.co\/wa\/universidad-de-la-guajira\/atencion-y-servicios-a-la-ciudadania\/ayuda-a-la-ciudadania\/","og_site_name":"Universidad de La Guajira","article_publisher":"https:\/\/www.facebook.com\/UniLaGuajira\/","article_modified_time":"2024-12-20T15:41:06+00:00","og_image":[{"width":1920,"height":590,"url":"https:\/\/uniguajira.edu.co\/wp-content\/uploads\/2024\/01\/vista-aerea-de-uniguajira.webp","type":"image\/webp"}],"twitter_card":"summary_large_image","twitter_site":"@UniLaGuajira","twitter_misc":{"Est. reading time":"1 minute"},"schema":{"@context":"https:\/\/schema.org","@graph":[{"@type":"WebPage","@id":"https:\/\/uniguajira.edu.co\/universidad-de-la-guajira\/atencion-y-servicios-a-la-ciudadania\/ayuda-a-la-ciudadania\/","url":"https:\/\/uniguajira.edu.co\/universidad-de-la-guajira\/atencion-y-servicios-a-la-ciudadania\/ayuda-a-la-ciudadania\/","name":"Ayuda a la ciudadan\u00eda","isPartOf":{"@id":"https:\/\/uniguajira.edu.co\/#website"},"primaryImageOfPage":{"@id":"https:\/\/uniguajira.edu.co\/universidad-de-la-guajira\/atencion-y-servicios-a-la-ciudadania\/ayuda-a-la-ciudadania\/#primaryimage"},"image":{"@id":"https:\/\/uniguajira.edu.co\/universidad-de-la-guajira\/atencion-y-servicios-a-la-ciudadania\/ayuda-a-la-ciudadania\/#primaryimage"},"thumbnailUrl":"https:\/\/uniguajira.edu.co\/wp-content\/uploads\/2024\/01\/vista-aerea-de-uniguajira.webp","datePublished":"2024-01-12T10:29:24+00:00","dateModified":"2024-12-20T15:41:06+00:00","breadcrumb":{"@id":"https:\/\/uniguajira.edu.co\/universidad-de-la-guajira\/atencion-y-servicios-a-la-ciudadania\/ayuda-a-la-ciudadania\/#breadcrumb"},"inLanguage":"wa-WA","potentialAction":[{"@type":"ReadAction","target":["https:\/\/uniguajira.edu.co\/universidad-de-la-guajira\/atencion-y-servicios-a-la-ciudadania\/ayuda-a-la-ciudadania\/"]}]},{"@type":"ImageObject","inLanguage":"wa-WA","@id":"https:\/\/uniguajira.edu.co\/universidad-de-la-guajira\/atencion-y-servicios-a-la-ciudadania\/ayuda-a-la-ciudadania\/#primaryimage","url":"https:\/\/uniguajira.edu.co\/wp-content\/uploads\/2024\/01\/vista-aerea-de-uniguajira.webp","contentUrl":"https:\/\/uniguajira.edu.co\/wp-content\/uploads\/2024\/01\/vista-aerea-de-uniguajira.webp","width":1920,"height":590,"caption":"vista-aerea-de-la-universidad-de-la-guajira-donde-se-aprecia-la-mayor-parte-de-su-infraestructura"},{"@type":"BreadcrumbList","@id":"https:\/\/uniguajira.edu.co\/universidad-de-la-guajira\/atencion-y-servicios-a-la-ciudadania\/ayuda-a-la-ciudadania\/#breadcrumb","itemListElement":[{"@type":"ListItem","position":1,"name":"\u2302 Uniguajira","item":"https:\/\/uniguajira.edu.co\/"},{"@type":"ListItem","position":2,"name":"Uniguajira","item":"https:\/\/uniguajira.edu.co\/"},{"@type":"ListItem","position":3,"name":"Atenci\u00f3n y servicios a la ciudadan\u00eda","item":"https:\/\/uniguajira.edu.co\/universidad-de-la-guajira\/atencion-y-servicios-a-la-ciudadania\/"},{"@type":"ListItem","position":4,"name":"Ayuda a la ciudadan\u00eda"}]},{"@type":"WebSite","@id":"https:\/\/uniguajira.edu.co\/#website","url":"https:\/\/uniguajira.edu.co\/","name":"UNIGUAJIRA","description":"Descubre la educaci\u00f3n superior con oportunidades laborales, retos estudiantiles y tecnolog\u00eda innovadora. Alcanza el \u00e9xito acad\u00e9mico y explora el impacto social y la diversidad en un entorno de aprendizaje moderno. Ad\u00e1ptate con inteligencia artificial y pr\u00e1cticas profesionales para un crecimiento integral.","publisher":{"@id":"https:\/\/uniguajira.edu.co\/#organization"},"alternateName":"Universidad de La Guajira","potentialAction":[{"@type":"SearchAction","target":{"@type":"EntryPoint","urlTemplate":"https:\/\/uniguajira.edu.co\/?s={search_term_string}"},"query-input":{"@type":"PropertyValueSpecification","valueRequired":true,"valueName":"search_term_string"}}],"inLanguage":"wa-WA"},{"@type":"Organization","@id":"https:\/\/uniguajira.edu.co\/#organization","name":"Shikii Ekirajia P\u00fclee Wajiira","alternateName":"UNIGUAJIRA","url":"https:\/\/uniguajira.edu.co\/","logo":{"@type":"ImageObject","inLanguage":"wa-WA","@id":"https:\/\/uniguajira.edu.co\/#\/schema\/logo\/image\/","url":"https:\/\/uniguajira.edu.co\/wp-content\/uploads\/2026\/01\/cropped-cropped-LOGOS-PAGINA-WEB-04-1.webp","contentUrl":"https:\/\/uniguajira.edu.co\/wp-content\/uploads\/2026\/01\/cropped-cropped-LOGOS-PAGINA-WEB-04-1.webp","width":360,"height":72,"caption":"Universidad de La Guajira"},"image":{"@id":"https:\/\/uniguajira.edu.co\/#\/schema\/logo\/image\/"},"sameAs":["https:\/\/www.facebook.com\/UniLaGuajira\/","https:\/\/x.com\/UniLaGuajira","https:\/\/www.instagram.com\/uniguajira_\/","https:\/\/www.youtube.com\/user\/UniLaGuajira"]}]}},"_hostinger_reach_plugin_has_subscription_block":false,"_hostinger_reach_plugin_is_elementor":false,"_links":{"self":[{"href":"https:\/\/uniguajira.edu.co\/wa\/wp-json\/wp\/v2\/pages\/23233","targetHints":{"allow":["GET"]}}],"collection":[{"href":"https:\/\/uniguajira.edu.co\/wa\/wp-json\/wp\/v2\/pages"}],"about":[{"href":"https:\/\/uniguajira.edu.co\/wa\/wp-json\/wp\/v2\/types\/page"}],"author":[{"embeddable":true,"href":"https:\/\/uniguajira.edu.co\/wa\/wp-json\/wp\/v2\/users\/3"}],"replies":[{"embeddable":true,"href":"https:\/\/uniguajira.edu.co\/wa\/wp-json\/wp\/v2\/comments?post=23233"}],"version-history":[{"count":0,"href":"https:\/\/uniguajira.edu.co\/wa\/wp-json\/wp\/v2\/pages\/23233\/revisions"}],"up":[{"embeddable":true,"href":"https:\/\/uniguajira.edu.co\/wa\/wp-json\/wp\/v2\/pages\/22346"}],"wp:featuredmedia":[{"embeddable":true,"href":"https:\/\/uniguajira.edu.co\/wa\/wp-json\/wp\/v2\/media\/24542"}],"wp:attachment":[{"href":"https:\/\/uniguajira.edu.co\/wa\/wp-json\/wp\/v2\/media?parent=23233"}],"curies":[{"name":"wp","href":"https:\/\/api.w.org\/{rel}","templated":true}]}}