{"id":23102,"date":"2024-01-12T01:32:02","date_gmt":"2024-01-12T06:32:02","guid":{"rendered":"https:\/\/uniguajira.edu.co\/?page_id=23102"},"modified":"2025-10-01T17:04:11","modified_gmt":"2025-10-01T22:04:11","slug":"evaluacion-de-desempeno","status":"publish","type":"page","link":"https:\/\/uniguajira.edu.co\/wa\/universidad-de-la-guajira\/talento-humano\/evaluacion-de-desempeno\/","title":{"rendered":"Evaluaci\u00f3n del desempe\u00f1o laboral"},"content":{"rendered":"<div class=\"gb-container gb-container-d796b7e0\">\n<div class=\"gb-container gb-container-4d72301d\">\n<div class=\"gb-container gb-container-570b9a30\">\n<div class=\"gb-container gb-container-1db11728\">\n\n<p class=\"gb-headline gb-headline-adab62e1 gb-headline-text\">La Evaluaci\u00f3n del Desempe\u00f1o Laboral (EDL) es un proceso estrat\u00e9gico dentro de la gesti\u00f3n integral del talento humano, orientado al conocimiento objetivo de los logros, aportes, competencias, potencialidades, limitantes y debilidades de los servidores p\u00fablicos de la Universidad de La Guajira. El objetivo de esta es realizar las acciones necesarias para favorecer la efectividad organizacional y el desarrollo personal y profesional del funcionario, de los vinculados en provisionalidad y los de libre nombramiento y remoci\u00f3n, as\u00ed como para determinar el ingreso, la permanencia y el retiro del servidor de carrera administrativa y en periodo de prueba.<\/p>\n\n\n\n<p class=\"gb-headline gb-headline-a2e2a1d8 gb-headline-text\">El desempe\u00f1o laboral deber\u00e1 valorarse de acuerdo con los objetivos y metas previamente concertadas entre el evaluador y el evaluado, teniendo en cuenta factores medibles, cuantificables y verificables, expresados en una calificaci\u00f3n. Asimismo, deber\u00e1 ser calificado con base en par\u00e1metros previamente establecidos a partir de los planes anuales de acci\u00f3n de cada dependencia, de las metas institucionales y de la evaluaci\u00f3n que, sobre el \u00e1rea, realicen las Oficina de Control Interno o quienes hagan sus veces de los comportamientos y competencias laborales, habilidades y actitudes del empleado, enmarcados dentro de la cultura y los valores institucionales.<\/p>\n\n\n<div class=\"gb-container gb-container-85c1c66e\">\n<div class=\"gb-grid-wrapper gb-grid-wrapper-a49253d6\">\n<div class=\"gb-grid-column gb-grid-column-963734de\"><div class=\"gb-container gb-container-963734de imgt\">\n<div class=\"gb-container gb-container-1d89176e\">\n\n<figure class=\"wp-block-image size-full imgicono\"><a href=\"https:\/\/uniguajira.edu.co\/wa\/informe-de-evaluacion-del-desempeno-laboral-a-funcionarios-administrativos-vigencia-2024-2025\/\"><img loading=\"lazy\" decoding=\"async\" width=\"127\" height=\"155\" src=\"https:\/\/uniguajira.edu.co\/wp-content\/uploads\/2024\/01\/Descargar-PDF-Icono.png\" alt=\"Descargar PDF Icono con tejido Wayuu en los colores de la Universidad de La Guajira.\" class=\"wp-image-24540\"\/><\/a><\/figure>\n\n\n\n<h3 class=\"gb-headline gb-headline-3fc36ea3 gb-headline-text\"><a href=\"https:\/\/uniguajira.edu.co\/wa\/informe-de-evaluacion-del-desempeno-laboral-a-funcionarios-administrativos-vigencia-2024-2025\/\">Informe de evaluaci\u00f3n del desempe\u00f1o laboral vigencia 2024 &#8211; 2025<\/a><\/h3>\n\n<\/div>\n<\/div><\/div>\n\n<div class=\"gb-grid-column gb-grid-column-75c1dcbc\"><div class=\"gb-container gb-container-75c1dcbc imgt\">\n<div class=\"gb-container gb-container-7175f483\">\n\n<figure class=\"wp-block-image size-full imgicono\"><a href=\"https:\/\/uniguajira.edu.co\/wa\/informe-de-evaluacion-del-desempeno-laboral-a-funcionarios-administrativos-vigencia-2023-2024\/\"><img loading=\"lazy\" decoding=\"async\" width=\"127\" height=\"155\" src=\"https:\/\/uniguajira.edu.co\/wp-content\/uploads\/2024\/01\/Descargar-PDF-Icono.png\" alt=\"Descargar PDF Icono con tejido Wayuu en los colores de la Universidad de La Guajira.\" class=\"wp-image-24540\"\/><\/a><\/figure>\n\n\n\n<h3 class=\"gb-headline gb-headline-50b36a61 gb-headline-text\"><a href=\"https:\/\/uniguajira.edu.co\/wa\/informe-de-evaluacion-del-desempeno-laboral-a-funcionarios-administrativos-vigencia-2023-2024\/\">Informe de evaluaci\u00f3n del desempe\u00f1o laboral vigencia 2023 &#8211; 2024<\/a><\/h3>\n\n<\/div>\n<\/div><\/div>\n\n<div class=\"gb-grid-column gb-grid-column-c95c07d1\"><div class=\"gb-container gb-container-c95c07d1 imgt\">\n<div class=\"gb-container gb-container-d1ed062a\">\n\n<figure class=\"wp-block-image size-full imgicono\"><a href=\"https:\/\/uniguajira.edu.co\/wa\/informe-de-evaluacion-del-desempeno-laboral-a-funcionarios-administrativos-vigencia-2022-2023\/\"><img loading=\"lazy\" decoding=\"async\" width=\"127\" height=\"155\" src=\"https:\/\/uniguajira.edu.co\/wp-content\/uploads\/2024\/01\/Descargar-PDF-Icono.png\" alt=\"Descargar PDF Icono con tejido Wayuu en los colores de la Universidad de La Guajira.\" class=\"wp-image-24540\"\/><\/a><\/figure>\n\n\n\n<h3 class=\"gb-headline gb-headline-2c086c3c gb-headline-text\"><a href=\"https:\/\/uniguajira.edu.co\/wa\/informe-de-evaluacion-del-desempeno-laboral-a-funcionarios-administrativos-vigencia-2022-2023\/\">Informe de evaluaci\u00f3n del desempe\u00f1o laboral vigencia 2022 &#8211; 2023<\/a><\/h3>\n\n<\/div>\n<\/div><\/div>\n\n<div class=\"gb-grid-column gb-grid-column-2566d636\"><div class=\"gb-container gb-container-2566d636 imgt\">\n<div class=\"gb-container gb-container-62b5f1b8\">\n\n<figure class=\"wp-block-image size-full imgicono\"><a href=\"https:\/\/uniguajira.edu.co\/wa\/informe-de-evaluacion-del-desempeno-laboral-a-funcionarios-administrativos-vigencia-2021-2022\/\"><img loading=\"lazy\" decoding=\"async\" width=\"127\" height=\"155\" src=\"https:\/\/uniguajira.edu.co\/wp-content\/uploads\/2024\/01\/Descargar-PDF-Icono.png\" alt=\"Descargar PDF Icono con tejido Wayuu en los colores de la Universidad de La Guajira.\" class=\"wp-image-24540\"\/><\/a><\/figure>\n\n\n\n<h3 class=\"gb-headline gb-headline-b5e1fe20 gb-headline-text\"><a href=\"https:\/\/uniguajira.edu.co\/wa\/informe-de-evaluacion-del-desempeno-laboral-a-funcionarios-administrativos-vigencia-2021-2022\/\">Informe de evaluaci\u00f3n del desempe\u00f1o laboral vigencia 2021 &#8211; 2022<\/a><\/h3>\n\n<\/div>\n<\/div><\/div>\n\n<div class=\"gb-grid-column gb-grid-column-74e8ea70\"><div class=\"gb-container gb-container-74e8ea70 imgt\">\n<div class=\"gb-container gb-container-aa3944b8\">\n\n<figure class=\"wp-block-image size-full imgicono\"><a href=\"https:\/\/uniguajira.edu.co\/wa\/informe-de-evaluacion-del-desempeno-laboral-a-funcionarios-administrativos-vigencia-2020-2021\/\"><img loading=\"lazy\" decoding=\"async\" width=\"127\" height=\"155\" src=\"https:\/\/uniguajira.edu.co\/wp-content\/uploads\/2024\/01\/Descargar-PDF-Icono.png\" alt=\"Descargar PDF Icono con tejido Wayuu en los colores de la Universidad de La Guajira.\" class=\"wp-image-24540\"\/><\/a><\/figure>\n\n\n\n<h3 class=\"gb-headline gb-headline-f62329dc gb-headline-text\"><a href=\"https:\/\/uniguajira.edu.co\/wa\/informe-de-evaluacion-del-desempeno-laboral-a-funcionarios-administrativos-vigencia-2020-2021\/\">Informe de evaluaci\u00f3n del desempe\u00f1o laboral vigencia 2020 &#8211; 2021<\/a><\/h3>\n\n<\/div>\n<\/div><\/div>\n\n<div class=\"gb-grid-column gb-grid-column-7972a3ac\"><div class=\"gb-container gb-container-7972a3ac imgt\">\n<div class=\"gb-container gb-container-930968a2\">\n\n<figure class=\"wp-block-image size-full imgicono\"><a href=\"https:\/\/uniguajira.edu.co\/wa\/evaluacion-del-desempeno-laboral-por-nivel-de-vinculacion-2019-2020\/\"><img loading=\"lazy\" decoding=\"async\" width=\"127\" height=\"155\" src=\"https:\/\/uniguajira.edu.co\/wp-content\/uploads\/2024\/01\/D.Excel_.png\" alt=\"Descargar Documento Excel Icono con tejido Wayuu en los colores distintivos de la Universidad de La Guajira.\" class=\"wp-image-24645\"\/><\/a><\/figure>\n\n\n\n<h3 class=\"gb-headline gb-headline-87352ca3 gb-headline-text\"><a href=\"https:\/\/uniguajira.edu.co\/wa\/evaluacion-del-desempeno-laboral-por-nivel-de-vinculacion-2019-2020\/\">Evaluaci\u00f3n del desempe\u00f1o laboral por nivel de vinculaci\u00f3n 2019 &#8211; 2020<\/a><\/h3>\n\n<\/div>\n<\/div><\/div>\n\n<div class=\"gb-grid-column gb-grid-column-c5e79f3e\"><div class=\"gb-container gb-container-c5e79f3e imgt\">\n<div class=\"gb-container gb-container-d7eb46cb\">\n\n<figure class=\"wp-block-image size-full imgicono\"><a href=\"https:\/\/uniguajira.edu.co\/wa\/evaluacion-del-desempeno-laboral-por-nivel-de-vinculacion-2018-2019\/\"><img loading=\"lazy\" decoding=\"async\" width=\"127\" height=\"155\" src=\"https:\/\/uniguajira.edu.co\/wp-content\/uploads\/2024\/01\/Descargar-PDF-Icono.png\" alt=\"Descargar PDF Icono con tejido Wayuu en los colores de la Universidad de La Guajira.\" class=\"wp-image-24540\"\/><\/a><\/figure>\n\n\n\n<h3 class=\"gb-headline gb-headline-75302e8c gb-headline-text\"><a href=\"https:\/\/uniguajira.edu.co\/wa\/evaluacion-del-desempeno-laboral-por-nivel-de-vinculacion-2018-2019\/\">Evaluaci\u00f3n del desempe\u00f1o laboral por nivel de vinculaci\u00f3n 2018 &#8211; 2019<\/a><\/h3>\n\n<\/div>\n<\/div><\/div>\n\n<div class=\"gb-grid-column gb-grid-column-ba193b85\"><div class=\"gb-container gb-container-ba193b85 imgt\">\n<div class=\"gb-container gb-container-b53ce026\">\n\n<figure class=\"wp-block-image size-full imgicono\"><a href=\"https:\/\/uniguajira.edu.co\/wa\/evaluacion-del-desempeno-laboral-por-nivel-de-vinculacion-2017-2018\/\"><img loading=\"lazy\" decoding=\"async\" width=\"127\" height=\"155\" src=\"https:\/\/uniguajira.edu.co\/wp-content\/uploads\/2024\/01\/Descargar-PDF-Icono.png\" alt=\"Descargar PDF Icono con tejido Wayuu en los colores de la Universidad de La Guajira.\" class=\"wp-image-24540\"\/><\/a><\/figure>\n\n\n\n<h3 class=\"gb-headline gb-headline-b1f54ead gb-headline-text\"><a href=\"https:\/\/uniguajira.edu.co\/wa\/evaluacion-del-desempeno-laboral-por-nivel-de-vinculacion-2017-2018\/\">Evaluaci\u00f3n del desempe\u00f1o laboral por nivel de vinculaci\u00f3n 2017 &#8211; 2018<\/a><\/h3>\n\n<\/div>\n<\/div><\/div>\n\n<div class=\"gb-grid-column gb-grid-column-8614cbf5\"><div class=\"gb-container gb-container-8614cbf5 imgt\">\n<div class=\"gb-container gb-container-8555cdf0\">\n\n<figure class=\"wp-block-image size-full imgicono\"><a href=\"https:\/\/uniguajira.edu.co\/wa\/evaluacion-del-desempeno-laboral-por-nivel-de-vinculacion-2016-2017\/\"><img loading=\"lazy\" decoding=\"async\" width=\"127\" height=\"155\" src=\"https:\/\/uniguajira.edu.co\/wp-content\/uploads\/2024\/01\/Descargar-PDF-Icono.png\" alt=\"Descargar PDF Icono con tejido Wayuu en los colores de la Universidad de La Guajira.\" class=\"wp-image-24540\"\/><\/a><\/figure>\n\n\n\n<h3 class=\"gb-headline gb-headline-d05dcd88 gb-headline-text\"><a href=\"https:\/\/uniguajira.edu.co\/wa\/evaluacion-del-desempeno-laboral-por-nivel-de-vinculacion-2016-2017\/\">Evaluaci\u00f3n del desempe\u00f1o laboral por nivel de vinculaci\u00f3n 2016 &#8211; 2017<\/a><\/h3>\n\n<\/div>\n<\/div><\/div>\n<\/div>\n<\/div>\n<\/div>\n<\/div>\n<\/div>\n<\/div>","protected":false},"excerpt":{"rendered":"<p>La Evaluaci\u00f3n del Desempe\u00f1o Laboral (EDL) es un proceso estrat\u00e9gico dentro de la gesti\u00f3n integral del talento humano, orientado al conocimiento objetivo de &#8230; <a title=\"Evaluaci\u00f3n del desempe\u00f1o laboral\" class=\"read-more\" href=\"https:\/\/uniguajira.edu.co\/wa\/universidad-de-la-guajira\/talento-humano\/evaluacion-de-desempeno\/\" aria-label=\"Read more about Evaluaci\u00f3n del desempe\u00f1o laboral\">.<\/a><\/p>","protected":false},"author":3,"featured_media":24548,"parent":31952,"menu_order":0,"comment_status":"closed","ping_status":"closed","template":"","meta":{"footnotes":""},"class_list":{"0":"post-23102","1":"page","2":"type-page","3":"status-publish","4":"has-post-thumbnail","6":"infinite-scroll-item"},"yoast_head":"<!-- This site is optimized with the Yoast SEO Premium plugin v27.0 (Yoast SEO v27.0) - https:\/\/yoast.com\/product\/yoast-seo-premium-wordpress\/ -->\n<title>Evaluaci\u00f3n del desempe\u00f1o laboral<\/title>\n<meta name=\"robots\" content=\"index, follow, max-snippet:-1, max-image-preview:large, max-video-preview:-1\" \/>\n<link rel=\"canonical\" href=\"https:\/\/uniguajira.edu.co\/wa\/universidad-de-la-guajira\/talento-humano\/evaluacion-de-desempeno\/\" \/>\n<meta property=\"og:locale\" content=\"en_US\" \/>\n<meta property=\"og:type\" content=\"article\" \/>\n<meta property=\"og:title\" content=\"Evaluaci\u00f3n del desempe\u00f1o laboral\" \/>\n<meta property=\"og:description\" content=\"La Evaluaci\u00f3n del Desempe\u00f1o Laboral (EDL) es un proceso estrat\u00e9gico dentro de la gesti\u00f3n integral del talento humano, orientado al conocimiento objetivo de ... .\" \/>\n<meta property=\"og:url\" content=\"https:\/\/uniguajira.edu.co\/wa\/universidad-de-la-guajira\/talento-humano\/evaluacion-de-desempeno\/\" \/>\n<meta property=\"og:site_name\" content=\"Universidad de La Guajira\" \/>\n<meta property=\"article:publisher\" content=\"https:\/\/www.facebook.com\/UniLaGuajira\/\" \/>\n<meta property=\"article:modified_time\" content=\"2025-10-01T22:04:11+00:00\" \/>\n<meta property=\"og:image\" content=\"https:\/\/uniguajira.edu.co\/wp-content\/uploads\/2024\/01\/bannertalentohumano.webp\" \/>\n\t<meta property=\"og:image:width\" content=\"1920\" \/>\n\t<meta property=\"og:image:height\" content=\"590\" \/>\n\t<meta property=\"og:image:type\" content=\"image\/webp\" \/>\n<meta name=\"twitter:card\" content=\"summary_large_image\" \/>\n<meta name=\"twitter:site\" content=\"@UniLaGuajira\" \/>\n<meta name=\"twitter:label1\" content=\"Est. reading time\" \/>\n\t<meta name=\"twitter:data1\" content=\"3 minutes\" \/>\n<script type=\"application\/ld+json\" class=\"yoast-schema-graph\">{\"@context\":\"https:\/\/schema.org\",\"@graph\":[{\"@type\":\"WebPage\",\"@id\":\"https:\/\/uniguajira.edu.co\/universidad-de-la-guajira\/talento-humano\/evaluacion-de-desempeno\/\",\"url\":\"https:\/\/uniguajira.edu.co\/universidad-de-la-guajira\/talento-humano\/evaluacion-de-desempeno\/\",\"name\":\"Evaluaci\u00f3n del desempe\u00f1o laboral\",\"isPartOf\":{\"@id\":\"https:\/\/uniguajira.edu.co\/#website\"},\"primaryImageOfPage\":{\"@id\":\"https:\/\/uniguajira.edu.co\/universidad-de-la-guajira\/talento-humano\/evaluacion-de-desempeno\/#primaryimage\"},\"image\":{\"@id\":\"https:\/\/uniguajira.edu.co\/universidad-de-la-guajira\/talento-humano\/evaluacion-de-desempeno\/#primaryimage\"},\"thumbnailUrl\":\"https:\/\/uniguajira.edu.co\/wp-content\/uploads\/2024\/01\/bannertalentohumano.webp\",\"datePublished\":\"2024-01-12T06:32:02+00:00\",\"dateModified\":\"2025-10-01T22:04:11+00:00\",\"breadcrumb\":{\"@id\":\"https:\/\/uniguajira.edu.co\/universidad-de-la-guajira\/talento-humano\/evaluacion-de-desempeno\/#breadcrumb\"},\"inLanguage\":\"wa-WA\",\"potentialAction\":[{\"@type\":\"ReadAction\",\"target\":[\"https:\/\/uniguajira.edu.co\/universidad-de-la-guajira\/talento-humano\/evaluacion-de-desempeno\/\"]}]},{\"@type\":\"ImageObject\",\"inLanguage\":\"wa-WA\",\"@id\":\"https:\/\/uniguajira.edu.co\/universidad-de-la-guajira\/talento-humano\/evaluacion-de-desempeno\/#primaryimage\",\"url\":\"https:\/\/uniguajira.edu.co\/wp-content\/uploads\/2024\/01\/bannertalentohumano.webp\",\"contentUrl\":\"https:\/\/uniguajira.edu.co\/wp-content\/uploads\/2024\/01\/bannertalentohumano.webp\",\"width\":1920,\"height\":590},{\"@type\":\"BreadcrumbList\",\"@id\":\"https:\/\/uniguajira.edu.co\/universidad-de-la-guajira\/talento-humano\/evaluacion-de-desempeno\/#breadcrumb\",\"itemListElement\":[{\"@type\":\"ListItem\",\"position\":1,\"name\":\"\u2302 Uniguajira\",\"item\":\"https:\/\/uniguajira.edu.co\/\"},{\"@type\":\"ListItem\",\"position\":2,\"name\":\"Uniguajira\",\"item\":\"https:\/\/uniguajira.edu.co\/\"},{\"@type\":\"ListItem\",\"position\":3,\"name\":\"Talento Humano\",\"item\":\"https:\/\/uniguajira.edu.co\/universidad-de-la-guajira\/talento-humano\/\"},{\"@type\":\"ListItem\",\"position\":4,\"name\":\"Evaluaci\u00f3n del desempe\u00f1o laboral\"}]},{\"@type\":\"WebSite\",\"@id\":\"https:\/\/uniguajira.edu.co\/#website\",\"url\":\"https:\/\/uniguajira.edu.co\/\",\"name\":\"UNIGUAJIRA\",\"description\":\"Descubre la educaci\u00f3n superior con oportunidades laborales, retos estudiantiles y tecnolog\u00eda innovadora. Alcanza el \u00e9xito acad\u00e9mico y explora el impacto social y la diversidad en un entorno de aprendizaje moderno. Ad\u00e1ptate con inteligencia artificial y pr\u00e1cticas profesionales para un crecimiento integral.\",\"publisher\":{\"@id\":\"https:\/\/uniguajira.edu.co\/#organization\"},\"alternateName\":\"Universidad de La Guajira\",\"potentialAction\":[{\"@type\":\"SearchAction\",\"target\":{\"@type\":\"EntryPoint\",\"urlTemplate\":\"https:\/\/uniguajira.edu.co\/?s={search_term_string}\"},\"query-input\":{\"@type\":\"PropertyValueSpecification\",\"valueRequired\":true,\"valueName\":\"search_term_string\"}}],\"inLanguage\":\"wa-WA\"},{\"@type\":\"Organization\",\"@id\":\"https:\/\/uniguajira.edu.co\/#organization\",\"name\":\"Universidad de La Guajira\",\"alternateName\":\"UNIGUAJIRA\",\"url\":\"https:\/\/uniguajira.edu.co\/\",\"logo\":{\"@type\":\"ImageObject\",\"inLanguage\":\"wa-WA\",\"@id\":\"https:\/\/uniguajira.edu.co\/#\/schema\/logo\/image\/\",\"url\":\"https:\/\/uniguajira.edu.co\/wp-content\/uploads\/2026\/01\/cropped-cropped-LOGOS-PAGINA-WEB-04-1.webp\",\"contentUrl\":\"https:\/\/uniguajira.edu.co\/wp-content\/uploads\/2026\/01\/cropped-cropped-LOGOS-PAGINA-WEB-04-1.webp\",\"width\":360,\"height\":72,\"caption\":\"Universidad de La Guajira\"},\"image\":{\"@id\":\"https:\/\/uniguajira.edu.co\/#\/schema\/logo\/image\/\"},\"sameAs\":[\"https:\/\/www.facebook.com\/UniLaGuajira\/\",\"https:\/\/x.com\/UniLaGuajira\",\"https:\/\/www.instagram.com\/uniguajira_\/\",\"https:\/\/www.youtube.com\/user\/UniLaGuajira\"]}]}<\/script>\n<!-- \/ Yoast SEO Premium plugin. -->","yoast_head_json":{"title":"Evaluaci\u00f3n del desempe\u00f1o laboral","robots":{"index":"index","follow":"follow","max-snippet":"max-snippet:-1","max-image-preview":"max-image-preview:large","max-video-preview":"max-video-preview:-1"},"canonical":"https:\/\/uniguajira.edu.co\/wa\/universidad-de-la-guajira\/talento-humano\/evaluacion-de-desempeno\/","og_locale":"en_US","og_type":"article","og_title":"Evaluaci\u00f3n del desempe\u00f1o laboral","og_description":"La Evaluaci\u00f3n del Desempe\u00f1o Laboral (EDL) es un proceso estrat\u00e9gico dentro de la gesti\u00f3n integral del talento humano, orientado al conocimiento objetivo de ... .","og_url":"https:\/\/uniguajira.edu.co\/wa\/universidad-de-la-guajira\/talento-humano\/evaluacion-de-desempeno\/","og_site_name":"Universidad de La Guajira","article_publisher":"https:\/\/www.facebook.com\/UniLaGuajira\/","article_modified_time":"2025-10-01T22:04:11+00:00","og_image":[{"width":1920,"height":590,"url":"https:\/\/uniguajira.edu.co\/wp-content\/uploads\/2024\/01\/bannertalentohumano.webp","type":"image\/webp"}],"twitter_card":"summary_large_image","twitter_site":"@UniLaGuajira","twitter_misc":{"Est. reading time":"3 minutes"},"schema":{"@context":"https:\/\/schema.org","@graph":[{"@type":"WebPage","@id":"https:\/\/uniguajira.edu.co\/universidad-de-la-guajira\/talento-humano\/evaluacion-de-desempeno\/","url":"https:\/\/uniguajira.edu.co\/universidad-de-la-guajira\/talento-humano\/evaluacion-de-desempeno\/","name":"Evaluaci\u00f3n del desempe\u00f1o laboral","isPartOf":{"@id":"https:\/\/uniguajira.edu.co\/#website"},"primaryImageOfPage":{"@id":"https:\/\/uniguajira.edu.co\/universidad-de-la-guajira\/talento-humano\/evaluacion-de-desempeno\/#primaryimage"},"image":{"@id":"https:\/\/uniguajira.edu.co\/universidad-de-la-guajira\/talento-humano\/evaluacion-de-desempeno\/#primaryimage"},"thumbnailUrl":"https:\/\/uniguajira.edu.co\/wp-content\/uploads\/2024\/01\/bannertalentohumano.webp","datePublished":"2024-01-12T06:32:02+00:00","dateModified":"2025-10-01T22:04:11+00:00","breadcrumb":{"@id":"https:\/\/uniguajira.edu.co\/universidad-de-la-guajira\/talento-humano\/evaluacion-de-desempeno\/#breadcrumb"},"inLanguage":"wa-WA","potentialAction":[{"@type":"ReadAction","target":["https:\/\/uniguajira.edu.co\/universidad-de-la-guajira\/talento-humano\/evaluacion-de-desempeno\/"]}]},{"@type":"ImageObject","inLanguage":"wa-WA","@id":"https:\/\/uniguajira.edu.co\/universidad-de-la-guajira\/talento-humano\/evaluacion-de-desempeno\/#primaryimage","url":"https:\/\/uniguajira.edu.co\/wp-content\/uploads\/2024\/01\/bannertalentohumano.webp","contentUrl":"https:\/\/uniguajira.edu.co\/wp-content\/uploads\/2024\/01\/bannertalentohumano.webp","width":1920,"height":590},{"@type":"BreadcrumbList","@id":"https:\/\/uniguajira.edu.co\/universidad-de-la-guajira\/talento-humano\/evaluacion-de-desempeno\/#breadcrumb","itemListElement":[{"@type":"ListItem","position":1,"name":"\u2302 Uniguajira","item":"https:\/\/uniguajira.edu.co\/"},{"@type":"ListItem","position":2,"name":"Uniguajira","item":"https:\/\/uniguajira.edu.co\/"},{"@type":"ListItem","position":3,"name":"Talento Humano","item":"https:\/\/uniguajira.edu.co\/universidad-de-la-guajira\/talento-humano\/"},{"@type":"ListItem","position":4,"name":"Evaluaci\u00f3n del desempe\u00f1o laboral"}]},{"@type":"WebSite","@id":"https:\/\/uniguajira.edu.co\/#website","url":"https:\/\/uniguajira.edu.co\/","name":"UNIGUAJIRA","description":"Descubre la educaci\u00f3n superior con oportunidades laborales, retos estudiantiles y tecnolog\u00eda innovadora. Alcanza el \u00e9xito acad\u00e9mico y explora el impacto social y la diversidad en un entorno de aprendizaje moderno. Ad\u00e1ptate con inteligencia artificial y pr\u00e1cticas profesionales para un crecimiento integral.","publisher":{"@id":"https:\/\/uniguajira.edu.co\/#organization"},"alternateName":"Universidad de La Guajira","potentialAction":[{"@type":"SearchAction","target":{"@type":"EntryPoint","urlTemplate":"https:\/\/uniguajira.edu.co\/?s={search_term_string}"},"query-input":{"@type":"PropertyValueSpecification","valueRequired":true,"valueName":"search_term_string"}}],"inLanguage":"wa-WA"},{"@type":"Organization","@id":"https:\/\/uniguajira.edu.co\/#organization","name":"Shikii Ekirajia P\u00fclee Wajiira","alternateName":"UNIGUAJIRA","url":"https:\/\/uniguajira.edu.co\/","logo":{"@type":"ImageObject","inLanguage":"wa-WA","@id":"https:\/\/uniguajira.edu.co\/#\/schema\/logo\/image\/","url":"https:\/\/uniguajira.edu.co\/wp-content\/uploads\/2026\/01\/cropped-cropped-LOGOS-PAGINA-WEB-04-1.webp","contentUrl":"https:\/\/uniguajira.edu.co\/wp-content\/uploads\/2026\/01\/cropped-cropped-LOGOS-PAGINA-WEB-04-1.webp","width":360,"height":72,"caption":"Universidad de La Guajira"},"image":{"@id":"https:\/\/uniguajira.edu.co\/#\/schema\/logo\/image\/"},"sameAs":["https:\/\/www.facebook.com\/UniLaGuajira\/","https:\/\/x.com\/UniLaGuajira","https:\/\/www.instagram.com\/uniguajira_\/","https:\/\/www.youtube.com\/user\/UniLaGuajira"]}]}},"_hostinger_reach_plugin_has_subscription_block":false,"_hostinger_reach_plugin_is_elementor":false,"_links":{"self":[{"href":"https:\/\/uniguajira.edu.co\/wa\/wp-json\/wp\/v2\/pages\/23102","targetHints":{"allow":["GET"]}}],"collection":[{"href":"https:\/\/uniguajira.edu.co\/wa\/wp-json\/wp\/v2\/pages"}],"about":[{"href":"https:\/\/uniguajira.edu.co\/wa\/wp-json\/wp\/v2\/types\/page"}],"author":[{"embeddable":true,"href":"https:\/\/uniguajira.edu.co\/wa\/wp-json\/wp\/v2\/users\/3"}],"replies":[{"embeddable":true,"href":"https:\/\/uniguajira.edu.co\/wa\/wp-json\/wp\/v2\/comments?post=23102"}],"version-history":[{"count":0,"href":"https:\/\/uniguajira.edu.co\/wa\/wp-json\/wp\/v2\/pages\/23102\/revisions"}],"up":[{"embeddable":true,"href":"https:\/\/uniguajira.edu.co\/wa\/wp-json\/wp\/v2\/pages\/31952"}],"wp:featuredmedia":[{"embeddable":true,"href":"https:\/\/uniguajira.edu.co\/wa\/wp-json\/wp\/v2\/media\/24548"}],"wp:attachment":[{"href":"https:\/\/uniguajira.edu.co\/wa\/wp-json\/wp\/v2\/media?parent=23102"}],"curies":[{"name":"wp","href":"https:\/\/api.w.org\/{rel}","templated":true}]}}