{"id":23035,"date":"2024-01-12T04:02:50","date_gmt":"2024-01-12T09:02:50","guid":{"rendered":"https:\/\/uniguajira.edu.co\/?page_id=23035"},"modified":"2026-03-24T17:07:10","modified_gmt":"2026-03-24T22:07:10","slug":"valores-de-matriculas","status":"publish","type":"page","link":"https:\/\/uniguajira.edu.co\/wa\/universidad-de-la-guajira\/oficina-de-registro-y-control-academico\/valores-de-matriculas\/","title":{"rendered":"Valores de matr\u00edculas"},"content":{"rendered":"<div class=\"gb-container gb-container-d796b7e0\">\n<div class=\"gb-container gb-container-4d72301d\">\n<div class=\"gb-container gb-container-570b9a30\">\n<div class=\"gb-container gb-container-4ad6e83c\">\n\n<h2 class=\"gb-headline gb-headline-3fa3b3a5 gb-headline-text\">Para la vigencia 2024, 1 UVT= $47.065.<\/h2>\n\n\n<div class=\"gb-container gb-container-93f49b93\">\n<div class=\"gb-grid-wrapper gb-grid-wrapper-75c376f9\">\n<div class=\"gb-grid-column gb-grid-column-9ba7f9be\"><div class=\"gb-container gb-container-9ba7f9be infpro neumo\">\n\n<p class=\"gb-headline gb-headline-33e3d82d gb-headline-text\">Valor<\/p>\n\n\n\n<h3 class=\"gb-headline gb-headline-ab85b2a2 gb-headline-text\">Matr\u00edcula ordinaria pregrado  <\/h3>\n\n\n\n<div id=\"section-ge0bdb3\" class=\"wp-block-gutentor-e8 section-ge0bdb3 gutentor-element gutentor-element-pricing text-align-center-desktop\"><div class=\"gutentor-element-pricing-box gutentor-default-currency\"><span class=\"gutentor-element-pricing-wrap\"><span class=\"gutentor-element-pricing-symbol\">$<\/span><span class=\"gutentor-element-pricing-price\">55<\/span><\/span><span class=\"gutentor-element-pricing-package\">\/uvt<\/span><\/div><\/div>\n\n\n\n<p class=\"gb-headline gb-headline-178e1f67 gb-headline-text\">Para estudiantes regulares de todos los programas que se ofrecen en la Universidad de La Guajira<\/p>\n\n<\/div><\/div>\n\n<div class=\"gb-grid-column gb-grid-column-9d69d156\"><div class=\"gb-container gb-container-9d69d156 infpro neumo\">\n\n<p class=\"gb-headline gb-headline-c0ab11b0 gb-headline-text\">Valor<\/p>\n\n\n\n<h3 class=\"gb-headline gb-headline-6c5f3ad1 gb-headline-text\">Matr\u00edcula extraordinaria pregrado<\/h3>\n\n\n\n<div id=\"section-gb24483\" class=\"wp-block-gutentor-e8 section-gb24483 gutentor-element gutentor-element-pricing text-align-center-desktop\"><div class=\"gutentor-element-pricing-box gutentor-default-currency\"><span class=\"gutentor-element-pricing-wrap\"><span class=\"gutentor-element-pricing-symbol\">$<\/span><span class=\"gutentor-element-pricing-price\">55<\/span><\/span><span class=\"gutentor-element-pricing-package\">\/uvt<\/span><\/div><\/div>\n\n\n\n<p class=\"gb-headline gb-headline-3e1415c9 gb-headline-text\">Valor de matr\u00edcula ordinaria m\u00e1s el 10 %. <\/p>\n\n<\/div><\/div>\n\n<div class=\"gb-grid-column gb-grid-column-c40a7602\"><div class=\"gb-container gb-container-c40a7602 infpro neumo\">\n\n<p class=\"gb-headline gb-headline-8f41d9b9 gb-headline-text\">Valor<\/p>\n\n\n\n<h3 class=\"gb-headline gb-headline-e60f70a2 gb-headline-text\">Matr\u00edcula ordinaria maestr\u00edas<\/h3>\n\n\n\n<div id=\"section-g229b80\" class=\"wp-block-gutentor-e8 section-g229b80 gutentor-element gutentor-element-pricing text-align-center-desktop\"><div class=\"gutentor-element-pricing-box gutentor-default-currency\"><span class=\"gutentor-element-pricing-wrap\"><span class=\"gutentor-element-pricing-symbol\">$<\/span><span class=\"gutentor-element-pricing-price\">150<\/span><\/span><span class=\"gutentor-element-pricing-package\">\/uvt<\/span><\/div><\/div>\n\n\n\n<p class=\"gb-headline gb-headline-10cab410 gb-headline-text\"> El valor de la matr\u00edcula ordinaria para Maestr\u00eda ser\u00e1 de 150 UVT.<\/p>\n\n<\/div><\/div>\n\n<div class=\"gb-grid-column gb-grid-column-b81ae3ef\"><div class=\"gb-container gb-container-b81ae3ef infpro neumo\">\n\n<p class=\"gb-headline gb-headline-790feb0f gb-headline-text\">Valor<\/p>\n\n\n\n<h3 class=\"gb-headline gb-headline-55d88db4 gb-headline-text\"><strong>Valor matr\u00edcula extraordinaria maestr\u00edas<\/strong><\/h3>\n\n\n\n<div id=\"section-ga5db70\" class=\"wp-block-gutentor-e8 section-ga5db70 gutentor-element gutentor-element-pricing text-align-center-desktop\"><div class=\"gutentor-element-pricing-box gutentor-default-currency\"><span class=\"gutentor-element-pricing-wrap\"><span class=\"gutentor-element-pricing-symbol\">$<\/span><span class=\"gutentor-element-pricing-price\">150<\/span><\/span><span class=\"gutentor-element-pricing-package\">\/uvt<\/span><\/div><\/div>\n\n\n\n<p class=\"gb-headline gb-headline-91d757b6 gb-headline-text\"><strong>Matr\u00edcula ordinaria m\u00e1s el 10 %.<\/strong><\/p>\n\n<\/div><\/div>\n\n<div class=\"gb-grid-column gb-grid-column-fbcc5a6d\"><div class=\"gb-container gb-container-fbcc5a6d infpro neumo\">\n\n<p class=\"gb-headline gb-headline-41e35547 gb-headline-text\">Valor<\/p>\n\n\n\n<h3 class=\"gb-headline gb-headline-301ac232 gb-headline-text\"><strong>Valor matr\u00edcula ordinaria especializaciones<\/strong><\/h3>\n\n\n\n<div id=\"section-g947997\" class=\"wp-block-gutentor-e8 section-g947997 gutentor-element gutentor-element-pricing text-align-center-desktop\"><div class=\"gutentor-element-pricing-box gutentor-default-currency\"><span class=\"gutentor-element-pricing-wrap\"><span class=\"gutentor-element-pricing-symbol\">$<\/span><span class=\"gutentor-element-pricing-price\">100<\/span><\/span><span class=\"gutentor-element-pricing-package\">\/uvt<\/span><\/div><\/div>\n\n\n\n<p class=\"gb-headline gb-headline-cf66671c gb-headline-text\">El valor de la matr\u00edcula ordinaria para Especializaciones ser\u00e1 de 100 UVT.<\/p>\n\n<\/div><\/div>\n\n<div class=\"gb-grid-column gb-grid-column-9ad78146\"><div class=\"gb-container gb-container-9ad78146 infpro neumo\">\n\n<p class=\"gb-headline gb-headline-eeffb3de gb-headline-text\">Valor<\/p>\n\n\n\n<h3 class=\"gb-headline gb-headline-9c75d353 gb-headline-text\">Valor matr\u00edcula extraordinaria especializaciones<\/h3>\n\n\n\n<div id=\"section-gd6968b\" class=\"wp-block-gutentor-e8 section-gd6968b gutentor-element gutentor-element-pricing text-align-center-desktop\"><div class=\"gutentor-element-pricing-box gutentor-default-currency\"><span class=\"gutentor-element-pricing-wrap\"><span class=\"gutentor-element-pricing-symbol\">$<\/span><span class=\"gutentor-element-pricing-price\">100<\/span><\/span><span class=\"gutentor-element-pricing-package\">\/uvt<\/span><\/div><\/div>\n\n\n\n<p class=\"gb-headline gb-headline-7728dd9f gb-headline-text\">Matr\u00edcula ordinaria m\u00e1s el 10 %.<\/p>\n\n<\/div><\/div>\n<\/div>\n<\/div>\n\n<div class=\"gb-container gb-container-1db11728\">\n\n<h2 class=\"gb-headline gb-headline-7114bc90 gb-headline-text\">Pol\u00edtica de gratuidad Matr\u00edcula Cero &#8211; Reglamento operativo<\/h2>\n\n\n\n<div class=\"pdf-container\">\n    <object data=\"https:\/\/drive.google.com\/file\/d\/1O24lPzQMDqFFBuvBbGADPjNEEfMAhie9\/preview?usp=sharing\" type=\"application\/pdf\" width=\"100%\" height=\"600\" aria-label=\"Descripci\u00f3n de la pol\u00edtica de gratuidad matr\u00edcula cero \u2013 reglamento operativo\">\n        <iframe loading=\"lazy\" src=\"https:\/\/drive.google.com\/file\/d\/1O24lPzQMDqFFBuvBbGADPjNEEfMAhie9\/preview?usp=sharing\" width=\"100%\" height=\"600\" aria-label=\"Descripci\u00f3n de la pol\u00edtica de gratuidad matr\u00edcula cero \u2013 reglamento operativo\">\n            <p>Tu navegador no puede mostrar PDF. Puedes descargar el archivo <a href=\"https:\/\/drive.google.com\/file\/d\/1O24lPzQMDqFFBuvBbGADPjNEEfMAhie9\/preview?usp=sharing\" target=\"_blank\" rel=\"noopener\">aqu\u00ed<\/a>.<\/p>\n        <\/iframe>\n    <\/object>\n    <div class=\"pdf-footer\">\n        <p>Este documento PDF contiene la pol\u00edtica de gratuidad matr\u00edcula cero \u2013 reglamento operativo de la Universidad de La Guajira. Si tienes problemas para visualizar el archivo, puedes descargarlo directamente <a href=\"https:\/\/uniguajira.edu.co\/wa\/politica-de-gratuidad-en-la-matricula-de-los-programas-de-pregrado-de-las-instituciones-de-educacion-superior-publicas\/\" target=\"_blank\" rel=\"noopener\">aqu\u00ed<\/a>.<\/p>\n    <\/div>\n<\/div>\n\n<\/div>\n<\/div>\n<\/div>\n<\/div>\n<\/div>","protected":false},"excerpt":{"rendered":"<p>Para la vigencia 2024, 1 UVT= $47.065. Pol\u00edtica de gratuidad Matr\u00edcula Cero &#8211; Reglamento operativo Tu navegador no puede mostrar PDF. Puedes descargar &#8230; <a title=\"Valores de matr\u00edculas\" class=\"read-more\" href=\"https:\/\/uniguajira.edu.co\/wa\/universidad-de-la-guajira\/oficina-de-registro-y-control-academico\/valores-de-matriculas\/\" aria-label=\"Read more about Valores de matr\u00edculas\">.<\/a><\/p>","protected":false},"author":3,"featured_media":24542,"parent":31749,"menu_order":0,"comment_status":"closed","ping_status":"closed","template":"","meta":{"footnotes":""},"class_list":{"0":"post-23035","1":"page","2":"type-page","3":"status-publish","4":"has-post-thumbnail","6":"infinite-scroll-item"},"yoast_head":"<!-- This site is optimized with the Yoast SEO Premium plugin v27.0 (Yoast SEO v27.0) - https:\/\/yoast.com\/product\/yoast-seo-premium-wordpress\/ -->\n<title>Valores de matr\u00edculas<\/title>\n<meta name=\"robots\" content=\"index, follow, max-snippet:-1, max-image-preview:large, max-video-preview:-1\" \/>\n<link rel=\"canonical\" href=\"https:\/\/uniguajira.edu.co\/wa\/universidad-de-la-guajira\/oficina-de-registro-y-control-academico\/valores-de-matriculas\/\" \/>\n<meta property=\"og:locale\" content=\"en_US\" \/>\n<meta property=\"og:type\" content=\"article\" \/>\n<meta property=\"og:title\" content=\"Valores de matr\u00edculas\" \/>\n<meta property=\"og:description\" content=\"Para la vigencia 2024, 1 UVT= $47.065. Pol\u00edtica de gratuidad Matr\u00edcula Cero &#8211; Reglamento operativo Tu navegador no puede mostrar PDF. Puedes descargar ... .\" \/>\n<meta property=\"og:url\" content=\"https:\/\/uniguajira.edu.co\/wa\/universidad-de-la-guajira\/oficina-de-registro-y-control-academico\/valores-de-matriculas\/\" \/>\n<meta property=\"og:site_name\" content=\"Universidad de La Guajira\" \/>\n<meta property=\"article:publisher\" content=\"https:\/\/www.facebook.com\/UniLaGuajira\/\" \/>\n<meta property=\"article:modified_time\" content=\"2026-03-24T22:07:10+00:00\" \/>\n<meta property=\"og:image\" content=\"https:\/\/uniguajira.edu.co\/wp-content\/uploads\/2024\/01\/vista-aerea-de-uniguajira.webp\" \/>\n\t<meta property=\"og:image:width\" content=\"1920\" \/>\n\t<meta property=\"og:image:height\" content=\"590\" \/>\n\t<meta property=\"og:image:type\" content=\"image\/webp\" \/>\n<meta name=\"twitter:card\" content=\"summary_large_image\" \/>\n<meta name=\"twitter:site\" content=\"@UniLaGuajira\" \/>\n<meta name=\"twitter:label1\" content=\"Est. reading time\" \/>\n\t<meta name=\"twitter:data1\" content=\"1 minute\" \/>\n<script type=\"application\/ld+json\" class=\"yoast-schema-graph\">{\"@context\":\"https:\/\/schema.org\",\"@graph\":[{\"@type\":\"WebPage\",\"@id\":\"https:\/\/uniguajira.edu.co\/universidad-de-la-guajira\/oficina-de-registro-y-control-academico\/valores-de-matriculas\/\",\"url\":\"https:\/\/uniguajira.edu.co\/universidad-de-la-guajira\/oficina-de-registro-y-control-academico\/valores-de-matriculas\/\",\"name\":\"Valores de matr\u00edculas\",\"isPartOf\":{\"@id\":\"https:\/\/uniguajira.edu.co\/#website\"},\"primaryImageOfPage\":{\"@id\":\"https:\/\/uniguajira.edu.co\/universidad-de-la-guajira\/oficina-de-registro-y-control-academico\/valores-de-matriculas\/#primaryimage\"},\"image\":{\"@id\":\"https:\/\/uniguajira.edu.co\/universidad-de-la-guajira\/oficina-de-registro-y-control-academico\/valores-de-matriculas\/#primaryimage\"},\"thumbnailUrl\":\"https:\/\/uniguajira.edu.co\/wp-content\/uploads\/2024\/01\/vista-aerea-de-uniguajira.webp\",\"datePublished\":\"2024-01-12T09:02:50+00:00\",\"dateModified\":\"2026-03-24T22:07:10+00:00\",\"breadcrumb\":{\"@id\":\"https:\/\/uniguajira.edu.co\/universidad-de-la-guajira\/oficina-de-registro-y-control-academico\/valores-de-matriculas\/#breadcrumb\"},\"inLanguage\":\"wa-WA\",\"potentialAction\":[{\"@type\":\"ReadAction\",\"target\":[\"https:\/\/uniguajira.edu.co\/universidad-de-la-guajira\/oficina-de-registro-y-control-academico\/valores-de-matriculas\/\"]}]},{\"@type\":\"ImageObject\",\"inLanguage\":\"wa-WA\",\"@id\":\"https:\/\/uniguajira.edu.co\/universidad-de-la-guajira\/oficina-de-registro-y-control-academico\/valores-de-matriculas\/#primaryimage\",\"url\":\"https:\/\/uniguajira.edu.co\/wp-content\/uploads\/2024\/01\/vista-aerea-de-uniguajira.webp\",\"contentUrl\":\"https:\/\/uniguajira.edu.co\/wp-content\/uploads\/2024\/01\/vista-aerea-de-uniguajira.webp\",\"width\":1920,\"height\":590,\"caption\":\"vista-aerea-de-la-universidad-de-la-guajira-donde-se-aprecia-la-mayor-parte-de-su-infraestructura\"},{\"@type\":\"BreadcrumbList\",\"@id\":\"https:\/\/uniguajira.edu.co\/universidad-de-la-guajira\/oficina-de-registro-y-control-academico\/valores-de-matriculas\/#breadcrumb\",\"itemListElement\":[{\"@type\":\"ListItem\",\"position\":1,\"name\":\"\u2302 Uniguajira\",\"item\":\"https:\/\/uniguajira.edu.co\/\"},{\"@type\":\"ListItem\",\"position\":2,\"name\":\"Uniguajira\",\"item\":\"https:\/\/uniguajira.edu.co\/\"},{\"@type\":\"ListItem\",\"position\":3,\"name\":\"Admisiones\",\"item\":\"https:\/\/uniguajira.edu.co\/universidad-de-la-guajira\/oficina-de-registro-y-control-academico\/\"},{\"@type\":\"ListItem\",\"position\":4,\"name\":\"Valores de matr\u00edculas\"}]},{\"@type\":\"WebSite\",\"@id\":\"https:\/\/uniguajira.edu.co\/#website\",\"url\":\"https:\/\/uniguajira.edu.co\/\",\"name\":\"UNIGUAJIRA\",\"description\":\"Descubre la educaci\u00f3n superior con oportunidades laborales, retos estudiantiles y tecnolog\u00eda innovadora. Alcanza el \u00e9xito acad\u00e9mico y explora el impacto social y la diversidad en un entorno de aprendizaje moderno. Ad\u00e1ptate con inteligencia artificial y pr\u00e1cticas profesionales para un crecimiento integral.\",\"publisher\":{\"@id\":\"https:\/\/uniguajira.edu.co\/#organization\"},\"alternateName\":\"Universidad de La Guajira\",\"potentialAction\":[{\"@type\":\"SearchAction\",\"target\":{\"@type\":\"EntryPoint\",\"urlTemplate\":\"https:\/\/uniguajira.edu.co\/?s={search_term_string}\"},\"query-input\":{\"@type\":\"PropertyValueSpecification\",\"valueRequired\":true,\"valueName\":\"search_term_string\"}}],\"inLanguage\":\"wa-WA\"},{\"@type\":\"Organization\",\"@id\":\"https:\/\/uniguajira.edu.co\/#organization\",\"name\":\"Universidad de La Guajira\",\"alternateName\":\"UNIGUAJIRA\",\"url\":\"https:\/\/uniguajira.edu.co\/\",\"logo\":{\"@type\":\"ImageObject\",\"inLanguage\":\"wa-WA\",\"@id\":\"https:\/\/uniguajira.edu.co\/#\/schema\/logo\/image\/\",\"url\":\"https:\/\/uniguajira.edu.co\/wp-content\/uploads\/2026\/01\/cropped-cropped-LOGOS-PAGINA-WEB-04-1.webp\",\"contentUrl\":\"https:\/\/uniguajira.edu.co\/wp-content\/uploads\/2026\/01\/cropped-cropped-LOGOS-PAGINA-WEB-04-1.webp\",\"width\":360,\"height\":72,\"caption\":\"Universidad de La Guajira\"},\"image\":{\"@id\":\"https:\/\/uniguajira.edu.co\/#\/schema\/logo\/image\/\"},\"sameAs\":[\"https:\/\/www.facebook.com\/UniLaGuajira\/\",\"https:\/\/x.com\/UniLaGuajira\",\"https:\/\/www.instagram.com\/uniguajira_\/\",\"https:\/\/www.youtube.com\/user\/UniLaGuajira\"]}]}<\/script>\n<!-- \/ Yoast SEO Premium plugin. -->","yoast_head_json":{"title":"Valores de matr\u00edculas","robots":{"index":"index","follow":"follow","max-snippet":"max-snippet:-1","max-image-preview":"max-image-preview:large","max-video-preview":"max-video-preview:-1"},"canonical":"https:\/\/uniguajira.edu.co\/wa\/universidad-de-la-guajira\/oficina-de-registro-y-control-academico\/valores-de-matriculas\/","og_locale":"en_US","og_type":"article","og_title":"Valores de matr\u00edculas","og_description":"Para la vigencia 2024, 1 UVT= $47.065. Pol\u00edtica de gratuidad Matr\u00edcula Cero &#8211; Reglamento operativo Tu navegador no puede mostrar PDF. Puedes descargar ... .","og_url":"https:\/\/uniguajira.edu.co\/wa\/universidad-de-la-guajira\/oficina-de-registro-y-control-academico\/valores-de-matriculas\/","og_site_name":"Universidad de La Guajira","article_publisher":"https:\/\/www.facebook.com\/UniLaGuajira\/","article_modified_time":"2026-03-24T22:07:10+00:00","og_image":[{"width":1920,"height":590,"url":"https:\/\/uniguajira.edu.co\/wp-content\/uploads\/2024\/01\/vista-aerea-de-uniguajira.webp","type":"image\/webp"}],"twitter_card":"summary_large_image","twitter_site":"@UniLaGuajira","twitter_misc":{"Est. reading time":"1 minute"},"schema":{"@context":"https:\/\/schema.org","@graph":[{"@type":"WebPage","@id":"https:\/\/uniguajira.edu.co\/universidad-de-la-guajira\/oficina-de-registro-y-control-academico\/valores-de-matriculas\/","url":"https:\/\/uniguajira.edu.co\/universidad-de-la-guajira\/oficina-de-registro-y-control-academico\/valores-de-matriculas\/","name":"Valores de matr\u00edculas","isPartOf":{"@id":"https:\/\/uniguajira.edu.co\/#website"},"primaryImageOfPage":{"@id":"https:\/\/uniguajira.edu.co\/universidad-de-la-guajira\/oficina-de-registro-y-control-academico\/valores-de-matriculas\/#primaryimage"},"image":{"@id":"https:\/\/uniguajira.edu.co\/universidad-de-la-guajira\/oficina-de-registro-y-control-academico\/valores-de-matriculas\/#primaryimage"},"thumbnailUrl":"https:\/\/uniguajira.edu.co\/wp-content\/uploads\/2024\/01\/vista-aerea-de-uniguajira.webp","datePublished":"2024-01-12T09:02:50+00:00","dateModified":"2026-03-24T22:07:10+00:00","breadcrumb":{"@id":"https:\/\/uniguajira.edu.co\/universidad-de-la-guajira\/oficina-de-registro-y-control-academico\/valores-de-matriculas\/#breadcrumb"},"inLanguage":"wa-WA","potentialAction":[{"@type":"ReadAction","target":["https:\/\/uniguajira.edu.co\/universidad-de-la-guajira\/oficina-de-registro-y-control-academico\/valores-de-matriculas\/"]}]},{"@type":"ImageObject","inLanguage":"wa-WA","@id":"https:\/\/uniguajira.edu.co\/universidad-de-la-guajira\/oficina-de-registro-y-control-academico\/valores-de-matriculas\/#primaryimage","url":"https:\/\/uniguajira.edu.co\/wp-content\/uploads\/2024\/01\/vista-aerea-de-uniguajira.webp","contentUrl":"https:\/\/uniguajira.edu.co\/wp-content\/uploads\/2024\/01\/vista-aerea-de-uniguajira.webp","width":1920,"height":590,"caption":"vista-aerea-de-la-universidad-de-la-guajira-donde-se-aprecia-la-mayor-parte-de-su-infraestructura"},{"@type":"BreadcrumbList","@id":"https:\/\/uniguajira.edu.co\/universidad-de-la-guajira\/oficina-de-registro-y-control-academico\/valores-de-matriculas\/#breadcrumb","itemListElement":[{"@type":"ListItem","position":1,"name":"\u2302 Uniguajira","item":"https:\/\/uniguajira.edu.co\/"},{"@type":"ListItem","position":2,"name":"Uniguajira","item":"https:\/\/uniguajira.edu.co\/"},{"@type":"ListItem","position":3,"name":"Admisiones","item":"https:\/\/uniguajira.edu.co\/universidad-de-la-guajira\/oficina-de-registro-y-control-academico\/"},{"@type":"ListItem","position":4,"name":"Valores de matr\u00edculas"}]},{"@type":"WebSite","@id":"https:\/\/uniguajira.edu.co\/#website","url":"https:\/\/uniguajira.edu.co\/","name":"UNIGUAJIRA","description":"Descubre la educaci\u00f3n superior con oportunidades laborales, retos estudiantiles y tecnolog\u00eda innovadora. Alcanza el \u00e9xito acad\u00e9mico y explora el impacto social y la diversidad en un entorno de aprendizaje moderno. Ad\u00e1ptate con inteligencia artificial y pr\u00e1cticas profesionales para un crecimiento integral.","publisher":{"@id":"https:\/\/uniguajira.edu.co\/#organization"},"alternateName":"Universidad de La Guajira","potentialAction":[{"@type":"SearchAction","target":{"@type":"EntryPoint","urlTemplate":"https:\/\/uniguajira.edu.co\/?s={search_term_string}"},"query-input":{"@type":"PropertyValueSpecification","valueRequired":true,"valueName":"search_term_string"}}],"inLanguage":"wa-WA"},{"@type":"Organization","@id":"https:\/\/uniguajira.edu.co\/#organization","name":"Shikii Ekirajia P\u00fclee Wajiira","alternateName":"UNIGUAJIRA","url":"https:\/\/uniguajira.edu.co\/","logo":{"@type":"ImageObject","inLanguage":"wa-WA","@id":"https:\/\/uniguajira.edu.co\/#\/schema\/logo\/image\/","url":"https:\/\/uniguajira.edu.co\/wp-content\/uploads\/2026\/01\/cropped-cropped-LOGOS-PAGINA-WEB-04-1.webp","contentUrl":"https:\/\/uniguajira.edu.co\/wp-content\/uploads\/2026\/01\/cropped-cropped-LOGOS-PAGINA-WEB-04-1.webp","width":360,"height":72,"caption":"Universidad de La Guajira"},"image":{"@id":"https:\/\/uniguajira.edu.co\/#\/schema\/logo\/image\/"},"sameAs":["https:\/\/www.facebook.com\/UniLaGuajira\/","https:\/\/x.com\/UniLaGuajira","https:\/\/www.instagram.com\/uniguajira_\/","https:\/\/www.youtube.com\/user\/UniLaGuajira"]}]}},"_hostinger_reach_plugin_has_subscription_block":false,"_hostinger_reach_plugin_is_elementor":false,"_links":{"self":[{"href":"https:\/\/uniguajira.edu.co\/wa\/wp-json\/wp\/v2\/pages\/23035","targetHints":{"allow":["GET"]}}],"collection":[{"href":"https:\/\/uniguajira.edu.co\/wa\/wp-json\/wp\/v2\/pages"}],"about":[{"href":"https:\/\/uniguajira.edu.co\/wa\/wp-json\/wp\/v2\/types\/page"}],"author":[{"embeddable":true,"href":"https:\/\/uniguajira.edu.co\/wa\/wp-json\/wp\/v2\/users\/3"}],"replies":[{"embeddable":true,"href":"https:\/\/uniguajira.edu.co\/wa\/wp-json\/wp\/v2\/comments?post=23035"}],"version-history":[{"count":1,"href":"https:\/\/uniguajira.edu.co\/wa\/wp-json\/wp\/v2\/pages\/23035\/revisions"}],"predecessor-version":[{"id":107186,"href":"https:\/\/uniguajira.edu.co\/wa\/wp-json\/wp\/v2\/pages\/23035\/revisions\/107186"}],"up":[{"embeddable":true,"href":"https:\/\/uniguajira.edu.co\/wa\/wp-json\/wp\/v2\/pages\/31749"}],"wp:featuredmedia":[{"embeddable":true,"href":"https:\/\/uniguajira.edu.co\/wa\/wp-json\/wp\/v2\/media\/24542"}],"wp:attachment":[{"href":"https:\/\/uniguajira.edu.co\/wa\/wp-json\/wp\/v2\/media?parent=23035"}],"curies":[{"name":"wp","href":"https:\/\/api.w.org\/{rel}","templated":true}]}}