{"id":22927,"date":"2024-01-11T09:21:46","date_gmt":"2024-01-11T14:21:46","guid":{"rendered":"https:\/\/uniguajira.edu.co\/?page_id=22927"},"modified":"2025-08-22T18:37:06","modified_gmt":"2025-08-22T23:37:06","slug":"rendicion-de-cuentas","status":"publish","type":"page","link":"https:\/\/uniguajira.edu.co\/wa\/universidad-de-la-guajira\/participa\/rendicion-de-cuentas\/","title":{"rendered":"Rendici\u00f3n de cuentas"},"content":{"rendered":"<div class=\"gb-container gb-container-d796b7e0\">\n<div class=\"gb-container gb-container-4d72301d\">\n<div class=\"gb-container gb-container-570b9a30\">\n<div class=\"gb-container gb-container-1db11728\">\n\n<p class=\"gb-headline gb-headline-adab62e1 gb-headline-text\">La Rendici\u00f3n de Cuentas es el proceso mediante el cual La Universidad de La Guajira tiene la obligaci\u00f3n de informar, explicar y dar a conocer los resultados de su gesti\u00f3n a sus grupos valor.<\/p>\n\n\n\n<p>La Universidad de La Guajira promueve espacios para fomentar la participaci\u00f3n ciudadana dentro del ciclo de la gesti\u00f3n p\u00fablica, como son:<\/p>\n\n\n<div class=\"gb-container gb-container-bd75c527\">\n\n<p class=\"gb-headline gb-headline-4a3bb18d\"><span class=\"gb-icon\"><svg width=\"24\" viewbox=\"0 -960 960 960\" height=\"24\" xmlns=\"http:\/\/www.w3.org\/2000\/svg\"><path d=\"M440-280H280q-83 0-141.5-58.5T80-480q0-83 58.5-141.5T280-680h160v80H280q-50 0-85 35t-35 85q0 50 35 85t85 35h160v80ZM320-440v-80h320v80H320Zm200 160v-80h160q50 0 85-35t35-85q0-50-35-85t-85-35H520v-80h160q83 0 141.5 58.5T880-480q0 83-58.5 141.5T680-280H520Z\"><\/path><\/svg><\/span><span class=\"gb-headline-text\"><a href=\"https:\/\/uniguajira.edu.co\/wa\/universidad-de-la-guajira\/planeacion-institucional\/participe-en-la-rendicion-de-cuentas\/\">Postula tu tem\u00e1tica para la rendici\u00f3n de cuentas.<\/a><\/span><\/p>\n\n\n\n<p class=\"gb-headline gb-headline-82a3a7e9\"><span class=\"gb-icon\"><svg width=\"24\" viewbox=\"0 -960 960 960\" height=\"24\" xmlns=\"http:\/\/www.w3.org\/2000\/svg\"><path d=\"M440-280H280q-83 0-141.5-58.5T80-480q0-83 58.5-141.5T280-680h160v80H280q-50 0-85 35t-35 85q0 50 35 85t85 35h160v80ZM320-440v-80h320v80H320Zm200 160v-80h160q50 0 85-35t35-85q0-50-35-85t-85-35H520v-80h160q83 0 141.5 58.5T880-480q0 83-58.5 141.5T680-280H520Z\"><\/path><\/svg><\/span><span class=\"gb-headline-text\"><a href=\"https:\/\/uniguajira.edu.co\/wa\/estrategia-e-informes-de-rendicion-de-cuentas\/\">Estrategia de Comunicaci\u00f3n.<\/a><\/span><\/p>\n\n\n\n<p class=\"gb-headline gb-headline-5b1eb83b\"><span class=\"gb-icon\"><svg width=\"24\" viewbox=\"0 -960 960 960\" height=\"24\" xmlns=\"http:\/\/www.w3.org\/2000\/svg\"><path d=\"M440-280H280q-83 0-141.5-58.5T80-480q0-83 58.5-141.5T280-680h160v80H280q-50 0-85 35t-35 85q0 50 35 85t85 35h160v80ZM320-440v-80h320v80H320Zm200 160v-80h160q50 0 85-35t35-85q0-50-35-85t-85-35H520v-80h160q83 0 141.5 58.5T880-480q0 83-58.5 141.5T680-280H520Z\"><\/path><\/svg><\/span><span class=\"gb-headline-text\"><a href=\"https:\/\/uniguajira.edu.co\/wa\/espacios-de-dialogo\/\">Calendario Eventos de Dialogo.<\/a><\/span><\/p>\n\n\n\n<p class=\"gb-headline gb-headline-d7329fea\"><span class=\"gb-icon\"><svg width=\"24\" viewbox=\"0 -960 960 960\" height=\"24\" xmlns=\"http:\/\/www.w3.org\/2000\/svg\"><path d=\"M440-280H280q-83 0-141.5-58.5T80-480q0-83 58.5-141.5T280-680h160v80H280q-50 0-85 35t-35 85q0 50 35 85t85 35h160v80ZM320-440v-80h320v80H320Zm200 160v-80h160q50 0 85-35t35-85q0-50-35-85t-85-35H520v-80h160q83 0 141.5 58.5T880-480q0 83-58.5 141.5T680-280H520Z\"><\/path><\/svg><\/span><span class=\"gb-headline-text\"><a href=\"https:\/\/uniguajira.edu.co\/wa\/estrategia-e-informes-de-rendicion-de-cuentas\/\">Informes y estrategia de Rendici\u00f3n de Cuentas.<\/a><\/span><\/p>\n\n\n\n<p class=\"gb-headline gb-headline-528ee4b7\"><span class=\"gb-icon\"><svg width=\"24\" viewbox=\"0 -960 960 960\" height=\"24\" xmlns=\"http:\/\/www.w3.org\/2000\/svg\"><path d=\"M440-280H280q-83 0-141.5-58.5T80-480q0-83 58.5-141.5T280-680h160v80H280q-50 0-85 35t-35 85q0 50 35 85t85 35h160v80ZM320-440v-80h320v80H320Zm200 160v-80h160q50 0 85-35t35-85q0-50-35-85t-85-35H520v-80h160q83 0 141.5 58.5T880-480q0 83-58.5 141.5T680-280H520Z\"><\/path><\/svg><\/span><span class=\"gb-headline-text\"><a href=\"https:\/\/uniguajira.edu.co\/wa\/espacios-de-dialogo\/\">Eventos de Dialogo.<\/a><\/span><\/p>\n\n\n\n<p class=\"gb-headline gb-headline-358f2c0b\"><span class=\"gb-icon\"><svg width=\"24\" viewbox=\"0 -960 960 960\" height=\"24\" xmlns=\"http:\/\/www.w3.org\/2000\/svg\"><path d=\"M440-280H280q-83 0-141.5-58.5T80-480q0-83 58.5-141.5T280-680h160v80H280q-50 0-85 35t-35 85q0 50 35 85t85 35h160v80ZM320-440v-80h320v80H320Zm200 160v-80h160q50 0 85-35t35-85q0-50-35-85t-85-35H520v-80h160q83 0 141.5 58.5T880-480q0 83-58.5 141.5T680-280H520Z\"><\/path><\/svg><\/span><span class=\"gb-headline-text\"><a href=\"https:\/\/uniguajira.edu.co\/wa\/estrategia-e-informes-de-rendicion-de-cuentas\/\">Preguntas y Repuestas de la Rendici\u00f3n de Cuentas.<\/a><\/span><\/p>\n\n\n\n<p class=\"gb-headline gb-headline-37d00f4d\"><span class=\"gb-icon\"><svg width=\"24\" viewbox=\"0 -960 960 960\" height=\"24\" xmlns=\"http:\/\/www.w3.org\/2000\/svg\"><path d=\"M440-280H280q-83 0-141.5-58.5T80-480q0-83 58.5-141.5T280-680h160v80H280q-50 0-85 35t-35 85q0 50 35 85t85 35h160v80ZM320-440v-80h320v80H320Zm200 160v-80h160q50 0 85-35t35-85q0-50-35-85t-85-35H520v-80h160q83 0 141.5 58.5T880-480q0 83-58.5 141.5T680-280H520Z\"><\/path><\/svg><\/span><span class=\"gb-headline-text\"><a href=\"https:\/\/uniguajira.edu.co\/wa\/memorias-rendicion-de-cuentas\/\">Memorias de la Rendici\u00f3n de Cuentas.<\/a><\/span><\/p>\n\n\n\n<p class=\"gb-headline gb-headline-19776104\"><span class=\"gb-icon\"><svg width=\"24\" viewbox=\"0 -960 960 960\" height=\"24\" xmlns=\"http:\/\/www.w3.org\/2000\/svg\"><path d=\"M440-280H280q-83 0-141.5-58.5T80-480q0-83 58.5-141.5T280-680h160v80H280q-50 0-85 35t-35 85q0 50 35 85t85 35h160v80ZM320-440v-80h320v80H320Zm200 160v-80h160q50 0 85-35t35-85q0-50-35-85t-85-35H520v-80h160q83 0 141.5 58.5T880-480q0 83-58.5 141.5T680-280H520Z\"><\/path><\/svg><\/span><span class=\"gb-headline-text\"><a href=\"https:\/\/uniguajira.edu.co\/wa\/estrategia-e-informes-de-rendicion-de-cuentas\/\">Acciones de Mejora.<\/a><\/span><\/p>\n\n<\/div>\n<\/div>\n<\/div>\n<\/div>\n<\/div>","protected":false},"excerpt":{"rendered":"<p>La Rendici\u00f3n de Cuentas es el proceso mediante el cual La Universidad de La Guajira tiene la obligaci\u00f3n de informar, explicar y dar &#8230; <a title=\"Rendici\u00f3n de cuentas\" class=\"read-more\" href=\"https:\/\/uniguajira.edu.co\/wa\/universidad-de-la-guajira\/participa\/rendicion-de-cuentas\/\" aria-label=\"Read more about Rendici\u00f3n de cuentas\">.<\/a><\/p>","protected":false},"author":3,"featured_media":24542,"parent":22268,"menu_order":0,"comment_status":"closed","ping_status":"closed","template":"","meta":{"footnotes":""},"class_list":{"0":"post-22927","1":"page","2":"type-page","3":"status-publish","4":"has-post-thumbnail","6":"infinite-scroll-item"},"yoast_head":"<!-- This site is optimized with the Yoast SEO Premium plugin v27.0 (Yoast SEO v27.0) - https:\/\/yoast.com\/product\/yoast-seo-premium-wordpress\/ -->\n<title>Rendici\u00f3n de cuentas<\/title>\n<meta name=\"robots\" content=\"index, follow, max-snippet:-1, max-image-preview:large, max-video-preview:-1\" \/>\n<link rel=\"canonical\" href=\"https:\/\/uniguajira.edu.co\/wa\/universidad-de-la-guajira\/participa\/rendicion-de-cuentas\/\" \/>\n<meta property=\"og:locale\" content=\"en_US\" \/>\n<meta property=\"og:type\" content=\"article\" \/>\n<meta property=\"og:title\" content=\"Rendici\u00f3n de cuentas\" \/>\n<meta property=\"og:description\" content=\"La Rendici\u00f3n de Cuentas es el proceso mediante el cual La Universidad de La Guajira tiene la obligaci\u00f3n de informar, explicar y dar ... .\" \/>\n<meta property=\"og:url\" content=\"https:\/\/uniguajira.edu.co\/wa\/universidad-de-la-guajira\/participa\/rendicion-de-cuentas\/\" \/>\n<meta property=\"og:site_name\" content=\"Universidad de La Guajira\" \/>\n<meta property=\"article:publisher\" content=\"https:\/\/www.facebook.com\/UniLaGuajira\/\" \/>\n<meta property=\"article:modified_time\" content=\"2025-08-22T23:37:06+00:00\" \/>\n<meta property=\"og:image\" content=\"https:\/\/uniguajira.edu.co\/wp-content\/uploads\/2024\/01\/vista-aerea-de-uniguajira.webp\" \/>\n\t<meta property=\"og:image:width\" content=\"1920\" \/>\n\t<meta property=\"og:image:height\" content=\"590\" \/>\n\t<meta property=\"og:image:type\" content=\"image\/webp\" \/>\n<meta name=\"twitter:card\" content=\"summary_large_image\" \/>\n<meta name=\"twitter:site\" content=\"@UniLaGuajira\" \/>\n<meta name=\"twitter:label1\" content=\"Est. reading time\" \/>\n\t<meta name=\"twitter:data1\" content=\"1 minute\" \/>\n<script type=\"application\/ld+json\" class=\"yoast-schema-graph\">{\"@context\":\"https:\/\/schema.org\",\"@graph\":[{\"@type\":\"WebPage\",\"@id\":\"https:\/\/uniguajira.edu.co\/universidad-de-la-guajira\/participa\/rendicion-de-cuentas\/\",\"url\":\"https:\/\/uniguajira.edu.co\/universidad-de-la-guajira\/participa\/rendicion-de-cuentas\/\",\"name\":\"Rendici\u00f3n de cuentas\",\"isPartOf\":{\"@id\":\"https:\/\/uniguajira.edu.co\/#website\"},\"primaryImageOfPage\":{\"@id\":\"https:\/\/uniguajira.edu.co\/universidad-de-la-guajira\/participa\/rendicion-de-cuentas\/#primaryimage\"},\"image\":{\"@id\":\"https:\/\/uniguajira.edu.co\/universidad-de-la-guajira\/participa\/rendicion-de-cuentas\/#primaryimage\"},\"thumbnailUrl\":\"https:\/\/uniguajira.edu.co\/wp-content\/uploads\/2024\/01\/vista-aerea-de-uniguajira.webp\",\"datePublished\":\"2024-01-11T14:21:46+00:00\",\"dateModified\":\"2025-08-22T23:37:06+00:00\",\"breadcrumb\":{\"@id\":\"https:\/\/uniguajira.edu.co\/universidad-de-la-guajira\/participa\/rendicion-de-cuentas\/#breadcrumb\"},\"inLanguage\":\"wa-WA\",\"potentialAction\":[{\"@type\":\"ReadAction\",\"target\":[\"https:\/\/uniguajira.edu.co\/universidad-de-la-guajira\/participa\/rendicion-de-cuentas\/\"]}]},{\"@type\":\"ImageObject\",\"inLanguage\":\"wa-WA\",\"@id\":\"https:\/\/uniguajira.edu.co\/universidad-de-la-guajira\/participa\/rendicion-de-cuentas\/#primaryimage\",\"url\":\"https:\/\/uniguajira.edu.co\/wp-content\/uploads\/2024\/01\/vista-aerea-de-uniguajira.webp\",\"contentUrl\":\"https:\/\/uniguajira.edu.co\/wp-content\/uploads\/2024\/01\/vista-aerea-de-uniguajira.webp\",\"width\":1920,\"height\":590,\"caption\":\"vista-aerea-de-la-universidad-de-la-guajira-donde-se-aprecia-la-mayor-parte-de-su-infraestructura\"},{\"@type\":\"BreadcrumbList\",\"@id\":\"https:\/\/uniguajira.edu.co\/universidad-de-la-guajira\/participa\/rendicion-de-cuentas\/#breadcrumb\",\"itemListElement\":[{\"@type\":\"ListItem\",\"position\":1,\"name\":\"\u2302 Uniguajira\",\"item\":\"https:\/\/uniguajira.edu.co\/\"},{\"@type\":\"ListItem\",\"position\":2,\"name\":\"Uniguajira\",\"item\":\"https:\/\/uniguajira.edu.co\/\"},{\"@type\":\"ListItem\",\"position\":3,\"name\":\"Participa\",\"item\":\"https:\/\/uniguajira.edu.co\/universidad-de-la-guajira\/participa\/\"},{\"@type\":\"ListItem\",\"position\":4,\"name\":\"Rendici\u00f3n de cuentas\"}]},{\"@type\":\"WebSite\",\"@id\":\"https:\/\/uniguajira.edu.co\/#website\",\"url\":\"https:\/\/uniguajira.edu.co\/\",\"name\":\"UNIGUAJIRA\",\"description\":\"Descubre la educaci\u00f3n superior con oportunidades laborales, retos estudiantiles y tecnolog\u00eda innovadora. Alcanza el \u00e9xito acad\u00e9mico y explora el impacto social y la diversidad en un entorno de aprendizaje moderno. Ad\u00e1ptate con inteligencia artificial y pr\u00e1cticas profesionales para un crecimiento integral.\",\"publisher\":{\"@id\":\"https:\/\/uniguajira.edu.co\/#organization\"},\"alternateName\":\"Universidad de La Guajira\",\"potentialAction\":[{\"@type\":\"SearchAction\",\"target\":{\"@type\":\"EntryPoint\",\"urlTemplate\":\"https:\/\/uniguajira.edu.co\/?s={search_term_string}\"},\"query-input\":{\"@type\":\"PropertyValueSpecification\",\"valueRequired\":true,\"valueName\":\"search_term_string\"}}],\"inLanguage\":\"wa-WA\"},{\"@type\":\"Organization\",\"@id\":\"https:\/\/uniguajira.edu.co\/#organization\",\"name\":\"Universidad de La Guajira\",\"alternateName\":\"UNIGUAJIRA\",\"url\":\"https:\/\/uniguajira.edu.co\/\",\"logo\":{\"@type\":\"ImageObject\",\"inLanguage\":\"wa-WA\",\"@id\":\"https:\/\/uniguajira.edu.co\/#\/schema\/logo\/image\/\",\"url\":\"https:\/\/uniguajira.edu.co\/wp-content\/uploads\/2026\/01\/cropped-cropped-LOGOS-PAGINA-WEB-04-1.webp\",\"contentUrl\":\"https:\/\/uniguajira.edu.co\/wp-content\/uploads\/2026\/01\/cropped-cropped-LOGOS-PAGINA-WEB-04-1.webp\",\"width\":360,\"height\":72,\"caption\":\"Universidad de La Guajira\"},\"image\":{\"@id\":\"https:\/\/uniguajira.edu.co\/#\/schema\/logo\/image\/\"},\"sameAs\":[\"https:\/\/www.facebook.com\/UniLaGuajira\/\",\"https:\/\/x.com\/UniLaGuajira\",\"https:\/\/www.instagram.com\/uniguajira_\/\",\"https:\/\/www.youtube.com\/user\/UniLaGuajira\"]}]}<\/script>\n<!-- \/ Yoast SEO Premium plugin. -->","yoast_head_json":{"title":"Rendici\u00f3n de cuentas","robots":{"index":"index","follow":"follow","max-snippet":"max-snippet:-1","max-image-preview":"max-image-preview:large","max-video-preview":"max-video-preview:-1"},"canonical":"https:\/\/uniguajira.edu.co\/wa\/universidad-de-la-guajira\/participa\/rendicion-de-cuentas\/","og_locale":"en_US","og_type":"article","og_title":"Rendici\u00f3n de cuentas","og_description":"La Rendici\u00f3n de Cuentas es el proceso mediante el cual La Universidad de La Guajira tiene la obligaci\u00f3n de informar, explicar y dar ... .","og_url":"https:\/\/uniguajira.edu.co\/wa\/universidad-de-la-guajira\/participa\/rendicion-de-cuentas\/","og_site_name":"Universidad de La Guajira","article_publisher":"https:\/\/www.facebook.com\/UniLaGuajira\/","article_modified_time":"2025-08-22T23:37:06+00:00","og_image":[{"width":1920,"height":590,"url":"https:\/\/uniguajira.edu.co\/wp-content\/uploads\/2024\/01\/vista-aerea-de-uniguajira.webp","type":"image\/webp"}],"twitter_card":"summary_large_image","twitter_site":"@UniLaGuajira","twitter_misc":{"Est. reading time":"1 minute"},"schema":{"@context":"https:\/\/schema.org","@graph":[{"@type":"WebPage","@id":"https:\/\/uniguajira.edu.co\/universidad-de-la-guajira\/participa\/rendicion-de-cuentas\/","url":"https:\/\/uniguajira.edu.co\/universidad-de-la-guajira\/participa\/rendicion-de-cuentas\/","name":"Rendici\u00f3n de cuentas","isPartOf":{"@id":"https:\/\/uniguajira.edu.co\/#website"},"primaryImageOfPage":{"@id":"https:\/\/uniguajira.edu.co\/universidad-de-la-guajira\/participa\/rendicion-de-cuentas\/#primaryimage"},"image":{"@id":"https:\/\/uniguajira.edu.co\/universidad-de-la-guajira\/participa\/rendicion-de-cuentas\/#primaryimage"},"thumbnailUrl":"https:\/\/uniguajira.edu.co\/wp-content\/uploads\/2024\/01\/vista-aerea-de-uniguajira.webp","datePublished":"2024-01-11T14:21:46+00:00","dateModified":"2025-08-22T23:37:06+00:00","breadcrumb":{"@id":"https:\/\/uniguajira.edu.co\/universidad-de-la-guajira\/participa\/rendicion-de-cuentas\/#breadcrumb"},"inLanguage":"wa-WA","potentialAction":[{"@type":"ReadAction","target":["https:\/\/uniguajira.edu.co\/universidad-de-la-guajira\/participa\/rendicion-de-cuentas\/"]}]},{"@type":"ImageObject","inLanguage":"wa-WA","@id":"https:\/\/uniguajira.edu.co\/universidad-de-la-guajira\/participa\/rendicion-de-cuentas\/#primaryimage","url":"https:\/\/uniguajira.edu.co\/wp-content\/uploads\/2024\/01\/vista-aerea-de-uniguajira.webp","contentUrl":"https:\/\/uniguajira.edu.co\/wp-content\/uploads\/2024\/01\/vista-aerea-de-uniguajira.webp","width":1920,"height":590,"caption":"vista-aerea-de-la-universidad-de-la-guajira-donde-se-aprecia-la-mayor-parte-de-su-infraestructura"},{"@type":"BreadcrumbList","@id":"https:\/\/uniguajira.edu.co\/universidad-de-la-guajira\/participa\/rendicion-de-cuentas\/#breadcrumb","itemListElement":[{"@type":"ListItem","position":1,"name":"\u2302 Uniguajira","item":"https:\/\/uniguajira.edu.co\/"},{"@type":"ListItem","position":2,"name":"Uniguajira","item":"https:\/\/uniguajira.edu.co\/"},{"@type":"ListItem","position":3,"name":"Participa","item":"https:\/\/uniguajira.edu.co\/universidad-de-la-guajira\/participa\/"},{"@type":"ListItem","position":4,"name":"Rendici\u00f3n de cuentas"}]},{"@type":"WebSite","@id":"https:\/\/uniguajira.edu.co\/#website","url":"https:\/\/uniguajira.edu.co\/","name":"UNIGUAJIRA","description":"Descubre la educaci\u00f3n superior con oportunidades laborales, retos estudiantiles y tecnolog\u00eda innovadora. Alcanza el \u00e9xito acad\u00e9mico y explora el impacto social y la diversidad en un entorno de aprendizaje moderno. Ad\u00e1ptate con inteligencia artificial y pr\u00e1cticas profesionales para un crecimiento integral.","publisher":{"@id":"https:\/\/uniguajira.edu.co\/#organization"},"alternateName":"Universidad de La Guajira","potentialAction":[{"@type":"SearchAction","target":{"@type":"EntryPoint","urlTemplate":"https:\/\/uniguajira.edu.co\/?s={search_term_string}"},"query-input":{"@type":"PropertyValueSpecification","valueRequired":true,"valueName":"search_term_string"}}],"inLanguage":"wa-WA"},{"@type":"Organization","@id":"https:\/\/uniguajira.edu.co\/#organization","name":"Shikii Ekirajia P\u00fclee Wajiira","alternateName":"UNIGUAJIRA","url":"https:\/\/uniguajira.edu.co\/","logo":{"@type":"ImageObject","inLanguage":"wa-WA","@id":"https:\/\/uniguajira.edu.co\/#\/schema\/logo\/image\/","url":"https:\/\/uniguajira.edu.co\/wp-content\/uploads\/2026\/01\/cropped-cropped-LOGOS-PAGINA-WEB-04-1.webp","contentUrl":"https:\/\/uniguajira.edu.co\/wp-content\/uploads\/2026\/01\/cropped-cropped-LOGOS-PAGINA-WEB-04-1.webp","width":360,"height":72,"caption":"Universidad de La Guajira"},"image":{"@id":"https:\/\/uniguajira.edu.co\/#\/schema\/logo\/image\/"},"sameAs":["https:\/\/www.facebook.com\/UniLaGuajira\/","https:\/\/x.com\/UniLaGuajira","https:\/\/www.instagram.com\/uniguajira_\/","https:\/\/www.youtube.com\/user\/UniLaGuajira"]}]}},"_hostinger_reach_plugin_has_subscription_block":false,"_hostinger_reach_plugin_is_elementor":false,"_links":{"self":[{"href":"https:\/\/uniguajira.edu.co\/wa\/wp-json\/wp\/v2\/pages\/22927","targetHints":{"allow":["GET"]}}],"collection":[{"href":"https:\/\/uniguajira.edu.co\/wa\/wp-json\/wp\/v2\/pages"}],"about":[{"href":"https:\/\/uniguajira.edu.co\/wa\/wp-json\/wp\/v2\/types\/page"}],"author":[{"embeddable":true,"href":"https:\/\/uniguajira.edu.co\/wa\/wp-json\/wp\/v2\/users\/3"}],"replies":[{"embeddable":true,"href":"https:\/\/uniguajira.edu.co\/wa\/wp-json\/wp\/v2\/comments?post=22927"}],"version-history":[{"count":0,"href":"https:\/\/uniguajira.edu.co\/wa\/wp-json\/wp\/v2\/pages\/22927\/revisions"}],"up":[{"embeddable":true,"href":"https:\/\/uniguajira.edu.co\/wa\/wp-json\/wp\/v2\/pages\/22268"}],"wp:featuredmedia":[{"embeddable":true,"href":"https:\/\/uniguajira.edu.co\/wa\/wp-json\/wp\/v2\/media\/24542"}],"wp:attachment":[{"href":"https:\/\/uniguajira.edu.co\/wa\/wp-json\/wp\/v2\/media?parent=22927"}],"curies":[{"name":"wp","href":"https:\/\/api.w.org\/{rel}","templated":true}]}}