{"id":22754,"date":"2024-01-10T14:52:53","date_gmt":"2024-01-10T19:52:53","guid":{"rendered":"https:\/\/uniguajira.edu.co\/?page_id=22754"},"modified":"2026-03-19T09:26:19","modified_gmt":"2026-03-19T14:26:19","slug":"informes-de-organismos-de-control","status":"publish","type":"page","link":"https:\/\/uniguajira.edu.co\/wa\/universidad-de-la-guajira\/control-interno\/informes-de-organismos-de-control\/","title":{"rendered":"Informes de organismos de control"},"content":{"rendered":"<div class=\"gb-container gb-container-d796b7e0\">\n<div class=\"gb-container gb-container-4d72301d\">\n<div class=\"gb-container gb-container-570b9a30\">\n<div class=\"gb-container gb-container-1db11728\">\n\n<p class=\"gb-headline gb-headline-adab62e1 gb-headline-text\">Los &#8220;Informes de Organismos de Control de la Universidad de La Guajira&#8221; son documentos cruciales que reflejan la colaboraci\u00f3n y el compromiso de nuestra instituci\u00f3n con las autoridades encargadas de la supervisi\u00f3n y el control. Estos informes se generan en respuesta a las solicitudes y requisitos de entidades gubernamentales y otras organizaciones de control que buscan evaluar la gesti\u00f3n, operaci\u00f3n y cumplimiento normativo de la universidad.<\/p>\n\n\n\n<p class=\"gb-headline gb-headline-0083cdf6 gb-headline-text\">En estos informes, se detallan aspectos clave relacionados con la gesti\u00f3n financiera, el cumplimiento de regulaciones gubernamentales y acad\u00e9micas, y cualquier otro tema relevante requerido por los organismos de control. La Universidad de La Guajira considera que la rendici\u00f3n de cuentas y la transparencia son principios esenciales en su operaci\u00f3n, y estos informes son una v\u00eda fundamental para demostrar su integridad y su compromiso con la calidad educativa y la responsabilidad en sus funciones de ense\u00f1anza e investigaci\u00f3n. Estos documentos reflejan nuestra disposici\u00f3n a cooperar plenamente con las autoridades de control y garantizar el cumplimiento de las normativas, contribuyendo as\u00ed al fortalecimiento de la educaci\u00f3n superior y al desarrollo de la regi\u00f3n.<\/p>\n\n\n<div class=\"gb-container gb-container-82ad1f77\">\n<div class=\"gb-container gb-container-61197dc1\">\n<div class=\"gb-container gb-container-14c73d23\">\n\n<details class=\"wp-block-details is-layout-flow wp-block-details-is-layout-flow\" open><summary>Informe Inspecci\u00f3n y Vigilancia \u2013 MEN<\/summary><div class=\"gb-container gb-container-5692accd\">\n<div class=\"gb-container gb-container-9abf8bb8\">\n\n<section id=\"section-c842b6a7-9723-4d29-808b-875248c70666\" class=\"wp-block-gutentor-image-box gutentor-section gutentor-image-wrapper imagebox-template1 has-color-bg has-custom-bg\"><div class=\"grid-container\"><div class=\"grid-row gutentor-grid-item-wrap\"><div class=\"gutentor-grid-column grid-lg-6 grid-md-6 grid-12\"><div class=\"gutentor-single-item gutentor-image gutentor-single-item-0 g-single-column-link-enabled\"><div class=\"gutentor-single-item-wrap\"><div class=\"gutentor-single-item-image-box\"><div class=\"gutentor-image-thumb\"><img loading=\"lazy\" decoding=\"async\" class=\"normal-image\" src=\"https:\/\/uniguajira.edu.co\/wp-content\/uploads\/2024\/01\/Descargar-PDF-Icono.png\" alt=\"Descargar PDF Icono con tejido Wayuu en los colores de la Universidad de La Guajira.\" height=\"155\" width=\"127\" \/><\/div><\/div><div class=\"gutentor-single-item-content\"><h3 class=\"gutentor-single-item-title\">Informe plan de mejoramiento inspecci\u00f3n y vigilancia<\/h3><\/div><\/div><a class=\"gutentor-single-item-box-link gutentor-link\" href=\"https:\/\/uniguajira.edu.co\/wa\/informe-plan-de-mejoramiento-inspeccion-y-vigilancia\/\" rel=\"noopener noreferrer\"><\/a><\/div><\/div><div class=\"gutentor-grid-column grid-lg-6 grid-md-6 grid-12\"><div class=\"gutentor-single-item gutentor-image gutentor-single-item-1 g-single-column-link-enabled\"><div class=\"gutentor-single-item-wrap\"><div class=\"gutentor-single-item-image-box\"><div class=\"gutentor-image-thumb\"><img loading=\"lazy\" decoding=\"async\" class=\"normal-image\" src=\"https:\/\/uniguajira.edu.co\/wp-content\/uploads\/2024\/01\/Descargar-PDF-Icono.png\" alt=\"Descargar PDF Icono con tejido Wayuu en los colores de la Universidad de La Guajira.\" height=\"155\" width=\"127\" \/><\/div><\/div><div class=\"gutentor-single-item-content\"><h3 class=\"gutentor-single-item-title\">Segundo informe de inspecci\u00f3n IN SITU y cuarto de seguimiento PM<\/h3><\/div><\/div><a class=\"gutentor-single-item-box-link gutentor-link\" href=\"https:\/\/uniguajira.edu.co\/wa\/segundo-informe-de-inspeccion-in-situ-y-cuarto-de-seguimiento-pm\/\" rel=\"noopener noreferrer\"><\/a><\/div><\/div><\/div><\/div><\/section>\n\n<\/div>\n<\/div><\/details>\n\n<\/div>\n\n<div class=\"gb-container gb-container-5b197f68\">\n\n<details class=\"wp-block-details is-layout-flow wp-block-details-is-layout-flow\"><summary>Informes Contralor\u00eda General Dpto Guajira<\/summary><div class=\"gb-container gb-container-9d49fbd7\">\n<div class=\"gb-container gb-container-2956a89e\">\n\n<section id=\"section-55d25811-8e50-4456-b033-c26273db29aa\" class=\"wp-block-gutentor-image-box gutentor-section gutentor-image-wrapper imagebox-template1 has-color-bg has-custom-bg\"><div class=\"grid-container\"><div class=\"grid-row gutentor-grid-item-wrap\"><div class=\"gutentor-grid-column grid-lg-4 grid-md-6 grid-12\"><div class=\"gutentor-single-item gutentor-image gutentor-single-item-0 g-single-column-link-enabled\"><div class=\"gutentor-single-item-wrap\"><div class=\"gutentor-single-item-image-box\"><div class=\"gutentor-image-thumb\"><img loading=\"lazy\" decoding=\"async\" class=\"normal-image\" src=\"https:\/\/uniguajira.edu.co\/wp-content\/uploads\/2024\/01\/Descargar-PDF-Icono.png\" alt=\"Descargar PDF Icono con tejido Wayuu en los colores de la Universidad de La Guajira.\" height=\"155\" width=\"127\" \/><\/div><\/div><div class=\"gutentor-single-item-content\"><h3 class=\"gutentor-single-item-title\">Despacho del contralor<\/h3><\/div><\/div><a class=\"gutentor-single-item-box-link gutentor-link\" href=\"https:\/\/uniguajira.edu.co\/wa\/despacho-del-contralor\/\" rel=\"noopener noreferrer\"><\/a><\/div><\/div><div class=\"gutentor-grid-column grid-lg-4 grid-md-6 grid-12\"><div class=\"gutentor-single-item gutentor-image gutentor-single-item-1 g-single-column-link-enabled\"><div class=\"gutentor-single-item-wrap\"><div class=\"gutentor-single-item-image-box\"><div class=\"gutentor-image-thumb\"><img loading=\"lazy\" decoding=\"async\" class=\"normal-image\" src=\"https:\/\/uniguajira.edu.co\/wp-content\/uploads\/2024\/01\/Descargar-PDF-Icono.png\" alt=\"Descargar PDF Icono con tejido Wayuu en los colores de la Universidad de La Guajira.\" height=\"155\" width=\"127\" \/><\/div><\/div><div class=\"gutentor-single-item-content\"><h3 class=\"gutentor-single-item-title\">Informe definitivo auditoria gubernamental con enfoque integral modalidad regular<\/h3><\/div><\/div><a class=\"gutentor-single-item-box-link gutentor-link\" href=\"https:\/\/uniguajira.edu.co\/wa\/informe-definitivo-auditoria-gubernamental-con-enfoque-integral-modalidad-regular\/\" rel=\"noopener noreferrer\"><\/a><\/div><\/div><div class=\"gutentor-grid-column grid-lg-4 grid-md-6 grid-12\"><div class=\"gutentor-single-item gutentor-image gutentor-single-item-2 g-single-column-link-enabled\"><div class=\"gutentor-single-item-wrap\"><div class=\"gutentor-single-item-image-box\"><div class=\"gutentor-image-thumb\"><img loading=\"lazy\" decoding=\"async\" class=\"normal-image\" src=\"https:\/\/uniguajira.edu.co\/wp-content\/uploads\/2024\/01\/Descargar-PDF-Icono.png\" alt=\"Descargar PDF Icono con tejido Wayuu en los colores de la Universidad de La Guajira.\" height=\"155\" width=\"127\" \/><\/div><\/div><div class=\"gutentor-single-item-content\"><h3 class=\"gutentor-single-item-title\">Informe Final de Auditor\u00eda Universidad de La Guajira 2024<\/h3><\/div><\/div><a class=\"gutentor-single-item-box-link gutentor-link\" href=\"https:\/\/uniguajira.edu.co\/wa\/informe-final-de-auditoria-universidad-de-la-guajira-2024\/\"><\/a><\/div><\/div><\/div><\/div><\/section>\n\n<\/div>\n<\/div><\/details>\n\n<\/div>\n\n<div class=\"gb-container gb-container-d8c4ac51\">\n\n<details class=\"wp-block-details is-layout-flow wp-block-details-is-layout-flow\"><summary>Informes Procuradur\u00eda General de la Naci\u00f3n<\/summary><div class=\"gb-container gb-container-42cf2b4a\">\n<div class=\"gb-container gb-container-e3cc3bf6\">\n\n<section id=\"section-da5410bd-2509-4406-9d73-5d783e6817fc\" class=\"wp-block-gutentor-image-box gutentor-section gutentor-image-wrapper imagebox-template1 has-color-bg has-custom-bg\"><div class=\"grid-container\"><div class=\"grid-row gutentor-grid-item-wrap\"><div class=\"gutentor-grid-column grid-lg-3 grid-md-4 grid-12\"><div class=\"gutentor-single-item gutentor-image gutentor-single-item-0 g-single-column-link-enabled\"><div class=\"gutentor-single-item-wrap\"><div class=\"gutentor-single-item-image-box\"><div class=\"gutentor-image-thumb\"><img loading=\"lazy\" decoding=\"async\" class=\"normal-image\" src=\"https:\/\/uniguajira.edu.co\/wp-content\/uploads\/2024\/01\/Descargar-PDF-Icono.png\" alt=\"Descargar PDF Icono con tejido Wayuu en los colores de la Universidad de La Guajira.\" height=\"155\" width=\"127\" \/><\/div><\/div><div class=\"gutentor-single-item-content\"><h3 class=\"gutentor-single-item-title\">Reporte de cumplimiento ITA para el periodo 2023<\/h3><\/div><\/div><a class=\"gutentor-single-item-box-link gutentor-link\" href=\"https:\/\/uniguajira.edu.co\/wa\/reporte-de-cumplimiento-ita-para-el-periodo-2023\/\" rel=\"noopener noreferrer\"><\/a><\/div><\/div><div class=\"gutentor-grid-column grid-lg-3 grid-md-4 grid-12\"><div class=\"gutentor-single-item gutentor-image gutentor-single-item-1 g-single-column-link-enabled\"><div class=\"gutentor-single-item-wrap\"><div class=\"gutentor-single-item-image-box\"><div class=\"gutentor-image-thumb\"><img loading=\"lazy\" decoding=\"async\" class=\"normal-image\" src=\"https:\/\/uniguajira.edu.co\/wp-content\/uploads\/2024\/01\/Descargar-PDF-Icono.png\" alt=\"Descargar PDF Icono con tejido Wayuu en los colores de la Universidad de La Guajira.\" height=\"155\" width=\"127\" \/><\/div><\/div><div class=\"gutentor-single-item-content\"><h3 class=\"gutentor-single-item-title\">Directiva No. 011 de 2023<\/h3><\/div><\/div><a class=\"gutentor-single-item-box-link gutentor-link\" href=\"https:\/\/uniguajira.edu.co\/wa\/directiva-no-011-de-2023\/\" rel=\"noopener noreferrer\"><\/a><\/div><\/div><div class=\"gutentor-grid-column grid-lg-3 grid-md-4 grid-12\"><div class=\"gutentor-single-item gutentor-image gutentor-single-item-2 g-single-column-link-enabled\"><div class=\"gutentor-single-item-wrap\"><div class=\"gutentor-single-item-image-box\"><div class=\"gutentor-image-thumb\"><img loading=\"lazy\" decoding=\"async\" class=\"normal-image\" src=\"https:\/\/uniguajira.edu.co\/wp-content\/uploads\/2024\/01\/Descargar-PDF-Icono.png\" alt=\"Descargar PDF Icono con tejido Wayuu en los colores de la Universidad de La Guajira.\" height=\"155\" width=\"127\" \/><\/div><\/div><div class=\"gutentor-single-item-content\"><h3 class=\"gutentor-single-item-title\">Reporte de auditor\u00eda ITA 0998 para el periodo 2022<\/h3><\/div><\/div><a class=\"gutentor-single-item-box-link gutentor-link\" href=\"https:\/\/uniguajira.edu.co\/wa\/reporte-de-auditoria-ita-0998-para-el-periodo-2022\/\" rel=\"noopener noreferrer\"><\/a><\/div><\/div><div class=\"gutentor-grid-column grid-lg-3 grid-md-4 grid-12\"><div class=\"gutentor-single-item gutentor-image gutentor-single-item-3 g-single-column-link-enabled\"><div class=\"gutentor-single-item-wrap\"><div class=\"gutentor-single-item-image-box\"><div class=\"gutentor-image-thumb\"><img loading=\"lazy\" decoding=\"async\" class=\"normal-image\" src=\"https:\/\/uniguajira.edu.co\/wp-content\/uploads\/2024\/01\/Descargar-PDF-Icono.png\" alt=\"Descargar PDF Icono con tejido Wayuu en los colores de la Universidad de La Guajira.\" height=\"155\" width=\"127\" \/><\/div><\/div><div class=\"gutentor-single-item-content\"><h3 class=\"gutentor-single-item-title\">Reporte de auditor\u00eda ITA para el periodo 2019 semestre II<\/h3><\/div><\/div><a class=\"gutentor-single-item-box-link gutentor-link\" href=\"https:\/\/uniguajira.edu.co\/wa\/reporte-de-auditoria-ita-para-el-periodo-2019-semestre-ii\/\" rel=\"noopener noreferrer\"><\/a><\/div><\/div><\/div><\/div><\/section>\n\n<\/div>\n<\/div><\/details>\n\n<\/div>\n<\/div>\n<\/div>\n<\/div>\n<\/div>\n<\/div>\n<\/div>","protected":false},"excerpt":{"rendered":"<p>Los &#8220;Informes de Organismos de Control de la Universidad de La Guajira&#8221; son documentos cruciales que reflejan la colaboraci\u00f3n y el compromiso de &#8230; <a title=\"Informes de organismos de control\" class=\"read-more\" href=\"https:\/\/uniguajira.edu.co\/wa\/universidad-de-la-guajira\/control-interno\/informes-de-organismos-de-control\/\" aria-label=\"Read more about Informes de organismos de control\">.<\/a><\/p>","protected":false},"author":3,"featured_media":24873,"parent":31506,"menu_order":0,"comment_status":"closed","ping_status":"closed","template":"","meta":{"footnotes":""},"class_list":{"0":"post-22754","1":"page","2":"type-page","3":"status-publish","4":"has-post-thumbnail","6":"infinite-scroll-item"},"yoast_head":"<!-- This site is optimized with the Yoast SEO Premium plugin v27.0 (Yoast SEO v27.0) - https:\/\/yoast.com\/product\/yoast-seo-premium-wordpress\/ -->\n<title>Informes de organismos de control<\/title>\n<meta name=\"robots\" content=\"index, follow, max-snippet:-1, max-image-preview:large, max-video-preview:-1\" \/>\n<link rel=\"canonical\" href=\"https:\/\/uniguajira.edu.co\/wa\/universidad-de-la-guajira\/control-interno\/informes-de-organismos-de-control\/\" \/>\n<meta property=\"og:locale\" content=\"en_US\" \/>\n<meta property=\"og:type\" content=\"article\" \/>\n<meta property=\"og:title\" content=\"Informes de organismos de control\" \/>\n<meta property=\"og:description\" content=\"Los &#8220;Informes de Organismos de Control de la Universidad de La Guajira&#8221; son documentos cruciales que reflejan la colaboraci\u00f3n y el compromiso de ... .\" \/>\n<meta property=\"og:url\" content=\"https:\/\/uniguajira.edu.co\/wa\/universidad-de-la-guajira\/control-interno\/informes-de-organismos-de-control\/\" \/>\n<meta property=\"og:site_name\" content=\"Universidad de La Guajira\" \/>\n<meta property=\"article:publisher\" content=\"https:\/\/www.facebook.com\/UniLaGuajira\/\" \/>\n<meta property=\"article:modified_time\" content=\"2026-03-19T14:26:19+00:00\" \/>\n<meta property=\"og:image\" content=\"https:\/\/uniguajira.edu.co\/wp-content\/uploads\/2024\/01\/bannercontrolinterno.webp\" \/>\n\t<meta property=\"og:image:width\" content=\"1920\" \/>\n\t<meta property=\"og:image:height\" content=\"590\" \/>\n\t<meta property=\"og:image:type\" content=\"image\/webp\" \/>\n<meta name=\"twitter:card\" content=\"summary_large_image\" \/>\n<meta name=\"twitter:site\" content=\"@UniLaGuajira\" \/>\n<meta name=\"twitter:label1\" content=\"Est. reading time\" \/>\n\t<meta name=\"twitter:data1\" content=\"4 minutes\" \/>\n<script type=\"application\/ld+json\" class=\"yoast-schema-graph\">{\"@context\":\"https:\/\/schema.org\",\"@graph\":[{\"@type\":\"WebPage\",\"@id\":\"https:\/\/uniguajira.edu.co\/wa\/universidad-de-la-guajira\/control-interno\/informes-de-organismos-de-control\/\",\"url\":\"https:\/\/uniguajira.edu.co\/wa\/universidad-de-la-guajira\/control-interno\/informes-de-organismos-de-control\/\",\"name\":\"Informes de organismos de control\",\"isPartOf\":{\"@id\":\"https:\/\/uniguajira.edu.co\/#website\"},\"primaryImageOfPage\":{\"@id\":\"https:\/\/uniguajira.edu.co\/wa\/universidad-de-la-guajira\/control-interno\/informes-de-organismos-de-control\/#primaryimage\"},\"image\":{\"@id\":\"https:\/\/uniguajira.edu.co\/wa\/universidad-de-la-guajira\/control-interno\/informes-de-organismos-de-control\/#primaryimage\"},\"thumbnailUrl\":\"https:\/\/uniguajira.edu.co\/wp-content\/uploads\/2024\/01\/bannercontrolinterno.webp\",\"datePublished\":\"2024-01-10T19:52:53+00:00\",\"dateModified\":\"2026-03-19T14:26:19+00:00\",\"breadcrumb\":{\"@id\":\"https:\/\/uniguajira.edu.co\/wa\/universidad-de-la-guajira\/control-interno\/informes-de-organismos-de-control\/#breadcrumb\"},\"inLanguage\":\"wa-WA\",\"potentialAction\":[{\"@type\":\"ReadAction\",\"target\":[\"https:\/\/uniguajira.edu.co\/wa\/universidad-de-la-guajira\/control-interno\/informes-de-organismos-de-control\/\"]}]},{\"@type\":\"ImageObject\",\"inLanguage\":\"wa-WA\",\"@id\":\"https:\/\/uniguajira.edu.co\/wa\/universidad-de-la-guajira\/control-interno\/informes-de-organismos-de-control\/#primaryimage\",\"url\":\"https:\/\/uniguajira.edu.co\/wp-content\/uploads\/2024\/01\/bannercontrolinterno.webp\",\"contentUrl\":\"https:\/\/uniguajira.edu.co\/wp-content\/uploads\/2024\/01\/bannercontrolinterno.webp\",\"width\":1920,\"height\":590},{\"@type\":\"BreadcrumbList\",\"@id\":\"https:\/\/uniguajira.edu.co\/wa\/universidad-de-la-guajira\/control-interno\/informes-de-organismos-de-control\/#breadcrumb\",\"itemListElement\":[{\"@type\":\"ListItem\",\"position\":1,\"name\":\"\u2302 Uniguajira\",\"item\":\"https:\/\/uniguajira.edu.co\/\"},{\"@type\":\"ListItem\",\"position\":2,\"name\":\"Uniguajira\",\"item\":\"https:\/\/uniguajira.edu.co\/\"},{\"@type\":\"ListItem\",\"position\":3,\"name\":\"Control Interno\",\"item\":\"https:\/\/uniguajira.edu.co\/universidad-de-la-guajira\/control-interno\/\"},{\"@type\":\"ListItem\",\"position\":4,\"name\":\"Informes de organismos de control\"}]},{\"@type\":\"WebSite\",\"@id\":\"https:\/\/uniguajira.edu.co\/#website\",\"url\":\"https:\/\/uniguajira.edu.co\/\",\"name\":\"UNIGUAJIRA\",\"description\":\"Descubre la educaci\u00f3n superior con oportunidades laborales, retos estudiantiles y tecnolog\u00eda innovadora. Alcanza el \u00e9xito acad\u00e9mico y explora el impacto social y la diversidad en un entorno de aprendizaje moderno. Ad\u00e1ptate con inteligencia artificial y pr\u00e1cticas profesionales para un crecimiento integral.\",\"publisher\":{\"@id\":\"https:\/\/uniguajira.edu.co\/#organization\"},\"alternateName\":\"Universidad de La Guajira\",\"potentialAction\":[{\"@type\":\"SearchAction\",\"target\":{\"@type\":\"EntryPoint\",\"urlTemplate\":\"https:\/\/uniguajira.edu.co\/?s={search_term_string}\"},\"query-input\":{\"@type\":\"PropertyValueSpecification\",\"valueRequired\":true,\"valueName\":\"search_term_string\"}}],\"inLanguage\":\"wa-WA\"},{\"@type\":\"Organization\",\"@id\":\"https:\/\/uniguajira.edu.co\/#organization\",\"name\":\"Universidad de La Guajira\",\"alternateName\":\"UNIGUAJIRA\",\"url\":\"https:\/\/uniguajira.edu.co\/\",\"logo\":{\"@type\":\"ImageObject\",\"inLanguage\":\"wa-WA\",\"@id\":\"https:\/\/uniguajira.edu.co\/#\/schema\/logo\/image\/\",\"url\":\"https:\/\/uniguajira.edu.co\/wp-content\/uploads\/2026\/01\/cropped-cropped-LOGOS-PAGINA-WEB-04-1.webp\",\"contentUrl\":\"https:\/\/uniguajira.edu.co\/wp-content\/uploads\/2026\/01\/cropped-cropped-LOGOS-PAGINA-WEB-04-1.webp\",\"width\":360,\"height\":72,\"caption\":\"Universidad de La Guajira\"},\"image\":{\"@id\":\"https:\/\/uniguajira.edu.co\/#\/schema\/logo\/image\/\"},\"sameAs\":[\"https:\/\/www.facebook.com\/UniLaGuajira\/\",\"https:\/\/x.com\/UniLaGuajira\",\"https:\/\/www.instagram.com\/uniguajira_\/\",\"https:\/\/www.youtube.com\/user\/UniLaGuajira\"]}]}<\/script>\n<!-- \/ Yoast SEO Premium plugin. -->","yoast_head_json":{"title":"Informes de organismos de control","robots":{"index":"index","follow":"follow","max-snippet":"max-snippet:-1","max-image-preview":"max-image-preview:large","max-video-preview":"max-video-preview:-1"},"canonical":"https:\/\/uniguajira.edu.co\/wa\/universidad-de-la-guajira\/control-interno\/informes-de-organismos-de-control\/","og_locale":"en_US","og_type":"article","og_title":"Informes de organismos de control","og_description":"Los &#8220;Informes de Organismos de Control de la Universidad de La Guajira&#8221; son documentos cruciales que reflejan la colaboraci\u00f3n y el compromiso de ... .","og_url":"https:\/\/uniguajira.edu.co\/wa\/universidad-de-la-guajira\/control-interno\/informes-de-organismos-de-control\/","og_site_name":"Universidad de La Guajira","article_publisher":"https:\/\/www.facebook.com\/UniLaGuajira\/","article_modified_time":"2026-03-19T14:26:19+00:00","og_image":[{"width":1920,"height":590,"url":"https:\/\/uniguajira.edu.co\/wp-content\/uploads\/2024\/01\/bannercontrolinterno.webp","type":"image\/webp"}],"twitter_card":"summary_large_image","twitter_site":"@UniLaGuajira","twitter_misc":{"Est. reading time":"4 minutes"},"schema":{"@context":"https:\/\/schema.org","@graph":[{"@type":"WebPage","@id":"https:\/\/uniguajira.edu.co\/wa\/universidad-de-la-guajira\/control-interno\/informes-de-organismos-de-control\/","url":"https:\/\/uniguajira.edu.co\/wa\/universidad-de-la-guajira\/control-interno\/informes-de-organismos-de-control\/","name":"Informes de organismos de control","isPartOf":{"@id":"https:\/\/uniguajira.edu.co\/#website"},"primaryImageOfPage":{"@id":"https:\/\/uniguajira.edu.co\/wa\/universidad-de-la-guajira\/control-interno\/informes-de-organismos-de-control\/#primaryimage"},"image":{"@id":"https:\/\/uniguajira.edu.co\/wa\/universidad-de-la-guajira\/control-interno\/informes-de-organismos-de-control\/#primaryimage"},"thumbnailUrl":"https:\/\/uniguajira.edu.co\/wp-content\/uploads\/2024\/01\/bannercontrolinterno.webp","datePublished":"2024-01-10T19:52:53+00:00","dateModified":"2026-03-19T14:26:19+00:00","breadcrumb":{"@id":"https:\/\/uniguajira.edu.co\/wa\/universidad-de-la-guajira\/control-interno\/informes-de-organismos-de-control\/#breadcrumb"},"inLanguage":"wa-WA","potentialAction":[{"@type":"ReadAction","target":["https:\/\/uniguajira.edu.co\/wa\/universidad-de-la-guajira\/control-interno\/informes-de-organismos-de-control\/"]}]},{"@type":"ImageObject","inLanguage":"wa-WA","@id":"https:\/\/uniguajira.edu.co\/wa\/universidad-de-la-guajira\/control-interno\/informes-de-organismos-de-control\/#primaryimage","url":"https:\/\/uniguajira.edu.co\/wp-content\/uploads\/2024\/01\/bannercontrolinterno.webp","contentUrl":"https:\/\/uniguajira.edu.co\/wp-content\/uploads\/2024\/01\/bannercontrolinterno.webp","width":1920,"height":590},{"@type":"BreadcrumbList","@id":"https:\/\/uniguajira.edu.co\/wa\/universidad-de-la-guajira\/control-interno\/informes-de-organismos-de-control\/#breadcrumb","itemListElement":[{"@type":"ListItem","position":1,"name":"\u2302 Uniguajira","item":"https:\/\/uniguajira.edu.co\/"},{"@type":"ListItem","position":2,"name":"Uniguajira","item":"https:\/\/uniguajira.edu.co\/"},{"@type":"ListItem","position":3,"name":"Control Interno","item":"https:\/\/uniguajira.edu.co\/universidad-de-la-guajira\/control-interno\/"},{"@type":"ListItem","position":4,"name":"Informes de organismos de control"}]},{"@type":"WebSite","@id":"https:\/\/uniguajira.edu.co\/#website","url":"https:\/\/uniguajira.edu.co\/","name":"UNIGUAJIRA","description":"Descubre la educaci\u00f3n superior con oportunidades laborales, retos estudiantiles y tecnolog\u00eda innovadora. Alcanza el \u00e9xito acad\u00e9mico y explora el impacto social y la diversidad en un entorno de aprendizaje moderno. Ad\u00e1ptate con inteligencia artificial y pr\u00e1cticas profesionales para un crecimiento integral.","publisher":{"@id":"https:\/\/uniguajira.edu.co\/#organization"},"alternateName":"Universidad de La Guajira","potentialAction":[{"@type":"SearchAction","target":{"@type":"EntryPoint","urlTemplate":"https:\/\/uniguajira.edu.co\/?s={search_term_string}"},"query-input":{"@type":"PropertyValueSpecification","valueRequired":true,"valueName":"search_term_string"}}],"inLanguage":"wa-WA"},{"@type":"Organization","@id":"https:\/\/uniguajira.edu.co\/#organization","name":"Shikii Ekirajia P\u00fclee Wajiira","alternateName":"UNIGUAJIRA","url":"https:\/\/uniguajira.edu.co\/","logo":{"@type":"ImageObject","inLanguage":"wa-WA","@id":"https:\/\/uniguajira.edu.co\/#\/schema\/logo\/image\/","url":"https:\/\/uniguajira.edu.co\/wp-content\/uploads\/2026\/01\/cropped-cropped-LOGOS-PAGINA-WEB-04-1.webp","contentUrl":"https:\/\/uniguajira.edu.co\/wp-content\/uploads\/2026\/01\/cropped-cropped-LOGOS-PAGINA-WEB-04-1.webp","width":360,"height":72,"caption":"Universidad de La Guajira"},"image":{"@id":"https:\/\/uniguajira.edu.co\/#\/schema\/logo\/image\/"},"sameAs":["https:\/\/www.facebook.com\/UniLaGuajira\/","https:\/\/x.com\/UniLaGuajira","https:\/\/www.instagram.com\/uniguajira_\/","https:\/\/www.youtube.com\/user\/UniLaGuajira"]}]}},"_hostinger_reach_plugin_has_subscription_block":false,"_hostinger_reach_plugin_is_elementor":false,"_links":{"self":[{"href":"https:\/\/uniguajira.edu.co\/wa\/wp-json\/wp\/v2\/pages\/22754","targetHints":{"allow":["GET"]}}],"collection":[{"href":"https:\/\/uniguajira.edu.co\/wa\/wp-json\/wp\/v2\/pages"}],"about":[{"href":"https:\/\/uniguajira.edu.co\/wa\/wp-json\/wp\/v2\/types\/page"}],"author":[{"embeddable":true,"href":"https:\/\/uniguajira.edu.co\/wa\/wp-json\/wp\/v2\/users\/3"}],"replies":[{"embeddable":true,"href":"https:\/\/uniguajira.edu.co\/wa\/wp-json\/wp\/v2\/comments?post=22754"}],"version-history":[{"count":1,"href":"https:\/\/uniguajira.edu.co\/wa\/wp-json\/wp\/v2\/pages\/22754\/revisions"}],"predecessor-version":[{"id":106951,"href":"https:\/\/uniguajira.edu.co\/wa\/wp-json\/wp\/v2\/pages\/22754\/revisions\/106951"}],"up":[{"embeddable":true,"href":"https:\/\/uniguajira.edu.co\/wa\/wp-json\/wp\/v2\/pages\/31506"}],"wp:featuredmedia":[{"embeddable":true,"href":"https:\/\/uniguajira.edu.co\/wa\/wp-json\/wp\/v2\/media\/24873"}],"wp:attachment":[{"href":"https:\/\/uniguajira.edu.co\/wa\/wp-json\/wp\/v2\/media?parent=22754"}],"curies":[{"name":"wp","href":"https:\/\/api.w.org\/{rel}","templated":true}]}}