{"id":96008,"date":"2025-08-19T09:39:45","date_gmt":"2025-08-19T14:39:45","guid":{"rendered":"https:\/\/uniguajira.edu.co\/?page_id=96008"},"modified":"2025-08-19T17:51:48","modified_gmt":"2025-08-19T22:51:48","slug":"presentacion-sobre-los-ninos","status":"publish","type":"page","link":"https:\/\/uniguajira.edu.co\/en\/universidad-de-la-guajira\/portal-para-ninos\/presentacion-sobre-los-ninos\/","title":{"rendered":"Presentaci\u00f3n portal para ni\u00f1os"},"content":{"rendered":"<div class=\"gb-container gb-container-1bddf169\">\n<div class=\"gb-container gb-container-8a679f50\">\n<div class=\"gb-container gb-container-194ddd1e\">\n<div class=\"gb-container gb-container-04e9b55b\">\n<div class=\"gb-container gb-container-b6a277d6\">\n<div class=\"gb-container gb-container-15b9a7c0\">\n\n<p class=\"has-text-align-left\">En la Universidad de La Guajira creemos que aprender puede ser tan divertido como jugar. Por eso hemos creado este espacio donde los ni\u00f1os y ni\u00f1as podr\u00e1n descubrir, explorar y so\u00f1ar, mientras conocen m\u00e1s sobre el mundo que les rodea y sobre las profesiones que pueden inspirar su futuro.<\/p>\n\n\n\n<p class=\"has-text-align-left\">Aqu\u00ed encontrar\u00e1n actividades interactivas, juegos, coloreables y retos que los llevar\u00e1n a recorrer nuestro campus universitario de una manera creativa.<\/p>\n\n<\/div>\n<\/div>\n\n<div class=\"gb-container gb-container-5f37b1d3\">\n<div class=\"gb-container gb-container-1e0c97f9\">\n\n<div id=\"section-g361bee\" class=\"wp-block-gutentor-e6 section-g361bee gutentor-element gutentor-element-image g-pos-a-desktop g-pos-a-tablet g-pos-a-mobile g-pos-custom-desktop g-pos-custom-tablet g-pos-custom-mobile imgt\"><div class=\"gutentor-element-image-box\"><div class=\"gutentor-image-thumb\"><img decoding=\"async\" class=\"normal-image\" src=\"https:\/\/uniguajira.edu.co\/wp-content\/uploads\/2025\/08\/Presentacion-sobre-los-ninos.webp\" \/><\/div><\/div><\/div>\n\n\n\n<div id=\"section-g55ea64\" class=\"wp-block-gutentor-e6 section-g55ea64 gutentor-element gutentor-element-image imgt\"><div class=\"gutentor-element-image-box\"><div class=\"gutentor-image-thumb\"><img decoding=\"async\" class=\"normal-image\" src=\"https:\/\/uniguajira.edu.co\/wp-content\/uploads\/2025\/08\/Presentacion-sobre-los-ninos.webp\" \/><div class=\"overlay\"><\/div><\/div><\/div><\/div>\n\n<\/div>\n<\/div>\n<\/div>\n<\/div>\n<\/div>\n<\/div>","protected":false},"excerpt":{"rendered":"<p>En la Universidad de La Guajira creemos que aprender puede ser tan divertido como jugar. Por eso hemos creado este espacio donde los &#8230; <a title=\"Presentaci\u00f3n portal para ni\u00f1os\" class=\"read-more\" href=\"https:\/\/uniguajira.edu.co\/en\/universidad-de-la-guajira\/portal-para-ninos\/presentacion-sobre-los-ninos\/\" aria-label=\"Read more about Presentaci\u00f3n portal para ni\u00f1os\">.<\/a><\/p>","protected":false},"author":3,"featured_media":96014,"parent":31852,"menu_order":0,"comment_status":"closed","ping_status":"closed","template":"","meta":{"footnotes":""},"class_list":{"0":"post-96008","1":"page","2":"type-page","3":"status-publish","4":"has-post-thumbnail","6":"infinite-scroll-item"},"yoast_head":"<!-- This site is optimized with the Yoast SEO Premium plugin v27.0 (Yoast SEO v27.0) - https:\/\/yoast.com\/product\/yoast-seo-premium-wordpress\/ -->\n<title>Presentaci\u00f3n portal para ni\u00f1os<\/title>\n<meta name=\"robots\" content=\"index, follow, max-snippet:-1, max-image-preview:large, max-video-preview:-1\" \/>\n<link rel=\"canonical\" href=\"https:\/\/uniguajira.edu.co\/en\/universidad-de-la-guajira\/portal-para-ninos\/presentacion-sobre-los-ninos\/\" \/>\n<meta property=\"og:locale\" content=\"en_US\" \/>\n<meta property=\"og:type\" content=\"article\" \/>\n<meta property=\"og:title\" content=\"Presentaci\u00f3n portal para ni\u00f1os\" \/>\n<meta property=\"og:description\" content=\"En la Universidad de La Guajira creemos que aprender puede ser tan divertido como jugar. Por eso hemos creado este espacio donde los ... .\" \/>\n<meta property=\"og:url\" content=\"https:\/\/uniguajira.edu.co\/en\/universidad-de-la-guajira\/portal-para-ninos\/presentacion-sobre-los-ninos\/\" \/>\n<meta property=\"og:site_name\" content=\"Universidad de La Guajira\" \/>\n<meta property=\"article:publisher\" content=\"https:\/\/www.facebook.com\/UniLaGuajira\/\" \/>\n<meta property=\"article:modified_time\" content=\"2025-08-19T22:51:48+00:00\" \/>\n<meta property=\"og:image\" content=\"https:\/\/uniguajira.edu.co\/wp-content\/uploads\/2025\/08\/Portal-de-ninos.webp\" \/>\n\t<meta property=\"og:image:width\" content=\"1920\" \/>\n\t<meta property=\"og:image:height\" content=\"1080\" \/>\n\t<meta property=\"og:image:type\" content=\"image\/webp\" \/>\n<meta name=\"twitter:card\" content=\"summary_large_image\" \/>\n<meta name=\"twitter:site\" content=\"@UniLaGuajira\" \/>\n<meta name=\"twitter:label1\" content=\"Est. reading time\" \/>\n\t<meta name=\"twitter:data1\" content=\"2 minutes\" \/>\n<script type=\"application\/ld+json\" class=\"yoast-schema-graph\">{\"@context\":\"https:\/\/schema.org\",\"@graph\":[{\"@type\":\"WebPage\",\"@id\":\"https:\/\/uniguajira.edu.co\/universidad-de-la-guajira\/portal-para-ninos\/presentacion-sobre-los-ninos\/\",\"url\":\"https:\/\/uniguajira.edu.co\/universidad-de-la-guajira\/portal-para-ninos\/presentacion-sobre-los-ninos\/\",\"name\":\"Presentaci\u00f3n portal para ni\u00f1os\",\"isPartOf\":{\"@id\":\"https:\/\/uniguajira.edu.co\/#website\"},\"primaryImageOfPage\":{\"@id\":\"https:\/\/uniguajira.edu.co\/universidad-de-la-guajira\/portal-para-ninos\/presentacion-sobre-los-ninos\/#primaryimage\"},\"image\":{\"@id\":\"https:\/\/uniguajira.edu.co\/universidad-de-la-guajira\/portal-para-ninos\/presentacion-sobre-los-ninos\/#primaryimage\"},\"thumbnailUrl\":\"https:\/\/uniguajira.edu.co\/wp-content\/uploads\/2025\/08\/Portal-de-ninos.webp\",\"datePublished\":\"2025-08-19T14:39:45+00:00\",\"dateModified\":\"2025-08-19T22:51:48+00:00\",\"breadcrumb\":{\"@id\":\"https:\/\/uniguajira.edu.co\/universidad-de-la-guajira\/portal-para-ninos\/presentacion-sobre-los-ninos\/#breadcrumb\"},\"inLanguage\":\"en-US\",\"potentialAction\":[{\"@type\":\"ReadAction\",\"target\":[\"https:\/\/uniguajira.edu.co\/universidad-de-la-guajira\/portal-para-ninos\/presentacion-sobre-los-ninos\/\"]}]},{\"@type\":\"ImageObject\",\"inLanguage\":\"en-US\",\"@id\":\"https:\/\/uniguajira.edu.co\/universidad-de-la-guajira\/portal-para-ninos\/presentacion-sobre-los-ninos\/#primaryimage\",\"url\":\"https:\/\/uniguajira.edu.co\/wp-content\/uploads\/2025\/08\/Portal-de-ninos.webp\",\"contentUrl\":\"https:\/\/uniguajira.edu.co\/wp-content\/uploads\/2025\/08\/Portal-de-ninos.webp\",\"width\":1920,\"height\":1080},{\"@type\":\"BreadcrumbList\",\"@id\":\"https:\/\/uniguajira.edu.co\/universidad-de-la-guajira\/portal-para-ninos\/presentacion-sobre-los-ninos\/#breadcrumb\",\"itemListElement\":[{\"@type\":\"ListItem\",\"position\":1,\"name\":\"\u2302 Uniguajira\",\"item\":\"https:\/\/uniguajira.edu.co\/\"},{\"@type\":\"ListItem\",\"position\":2,\"name\":\"Uniguajira\",\"item\":\"https:\/\/uniguajira.edu.co\/\"},{\"@type\":\"ListItem\",\"position\":3,\"name\":\"Portal para ni\u00f1os\",\"item\":\"https:\/\/uniguajira.edu.co\/universidad-de-la-guajira\/portal-para-ninos\/\"},{\"@type\":\"ListItem\",\"position\":4,\"name\":\"Presentaci\u00f3n\"}]},{\"@type\":\"WebSite\",\"@id\":\"https:\/\/uniguajira.edu.co\/#website\",\"url\":\"https:\/\/uniguajira.edu.co\/\",\"name\":\"UNIGUAJIRA\",\"description\":\"Descubre la educaci\u00f3n superior con oportunidades laborales, retos estudiantiles y tecnolog\u00eda innovadora. Alcanza el \u00e9xito acad\u00e9mico y explora el impacto social y la diversidad en un entorno de aprendizaje moderno. Ad\u00e1ptate con inteligencia artificial y pr\u00e1cticas profesionales para un crecimiento integral.\",\"publisher\":{\"@id\":\"https:\/\/uniguajira.edu.co\/#organization\"},\"alternateName\":\"Universidad de La Guajira\",\"potentialAction\":[{\"@type\":\"SearchAction\",\"target\":{\"@type\":\"EntryPoint\",\"urlTemplate\":\"https:\/\/uniguajira.edu.co\/?s={search_term_string}\"},\"query-input\":{\"@type\":\"PropertyValueSpecification\",\"valueRequired\":true,\"valueName\":\"search_term_string\"}}],\"inLanguage\":\"en-US\"},{\"@type\":\"Organization\",\"@id\":\"https:\/\/uniguajira.edu.co\/#organization\",\"name\":\"Universidad de La Guajira\",\"alternateName\":\"UNIGUAJIRA\",\"url\":\"https:\/\/uniguajira.edu.co\/\",\"logo\":{\"@type\":\"ImageObject\",\"inLanguage\":\"en-US\",\"@id\":\"https:\/\/uniguajira.edu.co\/#\/schema\/logo\/image\/\",\"url\":\"https:\/\/uniguajira.edu.co\/wp-content\/uploads\/2026\/01\/cropped-cropped-LOGOS-PAGINA-WEB-04-1.webp\",\"contentUrl\":\"https:\/\/uniguajira.edu.co\/wp-content\/uploads\/2026\/01\/cropped-cropped-LOGOS-PAGINA-WEB-04-1.webp\",\"width\":360,\"height\":72,\"caption\":\"Universidad de La Guajira\"},\"image\":{\"@id\":\"https:\/\/uniguajira.edu.co\/#\/schema\/logo\/image\/\"},\"sameAs\":[\"https:\/\/www.facebook.com\/UniLaGuajira\/\",\"https:\/\/x.com\/UniLaGuajira\",\"https:\/\/www.instagram.com\/uniguajira_\/\",\"https:\/\/www.youtube.com\/user\/UniLaGuajira\"]}]}<\/script>\n<!-- \/ Yoast SEO Premium plugin. -->","yoast_head_json":{"title":"Presentaci\u00f3n portal para ni\u00f1os","robots":{"index":"index","follow":"follow","max-snippet":"max-snippet:-1","max-image-preview":"max-image-preview:large","max-video-preview":"max-video-preview:-1"},"canonical":"https:\/\/uniguajira.edu.co\/en\/universidad-de-la-guajira\/portal-para-ninos\/presentacion-sobre-los-ninos\/","og_locale":"en_US","og_type":"article","og_title":"Presentaci\u00f3n portal para ni\u00f1os","og_description":"En la Universidad de La Guajira creemos que aprender puede ser tan divertido como jugar. Por eso hemos creado este espacio donde los ... .","og_url":"https:\/\/uniguajira.edu.co\/en\/universidad-de-la-guajira\/portal-para-ninos\/presentacion-sobre-los-ninos\/","og_site_name":"Universidad de La Guajira","article_publisher":"https:\/\/www.facebook.com\/UniLaGuajira\/","article_modified_time":"2025-08-19T22:51:48+00:00","og_image":[{"width":1920,"height":1080,"url":"https:\/\/uniguajira.edu.co\/wp-content\/uploads\/2025\/08\/Portal-de-ninos.webp","type":"image\/webp"}],"twitter_card":"summary_large_image","twitter_site":"@UniLaGuajira","twitter_misc":{"Est. reading time":"2 minutes"},"schema":{"@context":"https:\/\/schema.org","@graph":[{"@type":"WebPage","@id":"https:\/\/uniguajira.edu.co\/universidad-de-la-guajira\/portal-para-ninos\/presentacion-sobre-los-ninos\/","url":"https:\/\/uniguajira.edu.co\/universidad-de-la-guajira\/portal-para-ninos\/presentacion-sobre-los-ninos\/","name":"Presentaci\u00f3n portal para ni\u00f1os","isPartOf":{"@id":"https:\/\/uniguajira.edu.co\/#website"},"primaryImageOfPage":{"@id":"https:\/\/uniguajira.edu.co\/universidad-de-la-guajira\/portal-para-ninos\/presentacion-sobre-los-ninos\/#primaryimage"},"image":{"@id":"https:\/\/uniguajira.edu.co\/universidad-de-la-guajira\/portal-para-ninos\/presentacion-sobre-los-ninos\/#primaryimage"},"thumbnailUrl":"https:\/\/uniguajira.edu.co\/wp-content\/uploads\/2025\/08\/Portal-de-ninos.webp","datePublished":"2025-08-19T14:39:45+00:00","dateModified":"2025-08-19T22:51:48+00:00","breadcrumb":{"@id":"https:\/\/uniguajira.edu.co\/universidad-de-la-guajira\/portal-para-ninos\/presentacion-sobre-los-ninos\/#breadcrumb"},"inLanguage":"en-US","potentialAction":[{"@type":"ReadAction","target":["https:\/\/uniguajira.edu.co\/universidad-de-la-guajira\/portal-para-ninos\/presentacion-sobre-los-ninos\/"]}]},{"@type":"ImageObject","inLanguage":"en-US","@id":"https:\/\/uniguajira.edu.co\/universidad-de-la-guajira\/portal-para-ninos\/presentacion-sobre-los-ninos\/#primaryimage","url":"https:\/\/uniguajira.edu.co\/wp-content\/uploads\/2025\/08\/Portal-de-ninos.webp","contentUrl":"https:\/\/uniguajira.edu.co\/wp-content\/uploads\/2025\/08\/Portal-de-ninos.webp","width":1920,"height":1080},{"@type":"BreadcrumbList","@id":"https:\/\/uniguajira.edu.co\/universidad-de-la-guajira\/portal-para-ninos\/presentacion-sobre-los-ninos\/#breadcrumb","itemListElement":[{"@type":"ListItem","position":1,"name":"\u2302 Uniguajira","item":"https:\/\/uniguajira.edu.co\/"},{"@type":"ListItem","position":2,"name":"Uniguajira","item":"https:\/\/uniguajira.edu.co\/"},{"@type":"ListItem","position":3,"name":"Portal para ni\u00f1os","item":"https:\/\/uniguajira.edu.co\/universidad-de-la-guajira\/portal-para-ninos\/"},{"@type":"ListItem","position":4,"name":"Presentaci\u00f3n"}]},{"@type":"WebSite","@id":"https:\/\/uniguajira.edu.co\/#website","url":"https:\/\/uniguajira.edu.co\/","name":"UNIGUAJIRA","description":"Descubre la educaci\u00f3n superior con oportunidades laborales, retos estudiantiles y tecnolog\u00eda innovadora. Alcanza el \u00e9xito acad\u00e9mico y explora el impacto social y la diversidad en un entorno de aprendizaje moderno. Ad\u00e1ptate con inteligencia artificial y pr\u00e1cticas profesionales para un crecimiento integral.","publisher":{"@id":"https:\/\/uniguajira.edu.co\/#organization"},"alternateName":"Universidad de La Guajira","potentialAction":[{"@type":"SearchAction","target":{"@type":"EntryPoint","urlTemplate":"https:\/\/uniguajira.edu.co\/?s={search_term_string}"},"query-input":{"@type":"PropertyValueSpecification","valueRequired":true,"valueName":"search_term_string"}}],"inLanguage":"en-US"},{"@type":"Organization","@id":"https:\/\/uniguajira.edu.co\/#organization","name":"University of La Guajira","alternateName":"UNIGUAJIRA","url":"https:\/\/uniguajira.edu.co\/","logo":{"@type":"ImageObject","inLanguage":"en-US","@id":"https:\/\/uniguajira.edu.co\/#\/schema\/logo\/image\/","url":"https:\/\/uniguajira.edu.co\/wp-content\/uploads\/2026\/01\/cropped-cropped-LOGOS-PAGINA-WEB-04-1.webp","contentUrl":"https:\/\/uniguajira.edu.co\/wp-content\/uploads\/2026\/01\/cropped-cropped-LOGOS-PAGINA-WEB-04-1.webp","width":360,"height":72,"caption":"Universidad de La Guajira"},"image":{"@id":"https:\/\/uniguajira.edu.co\/#\/schema\/logo\/image\/"},"sameAs":["https:\/\/www.facebook.com\/UniLaGuajira\/","https:\/\/x.com\/UniLaGuajira","https:\/\/www.instagram.com\/uniguajira_\/","https:\/\/www.youtube.com\/user\/UniLaGuajira"]}]}},"_hostinger_reach_plugin_has_subscription_block":false,"_hostinger_reach_plugin_is_elementor":false,"_links":{"self":[{"href":"https:\/\/uniguajira.edu.co\/en\/wp-json\/wp\/v2\/pages\/96008","targetHints":{"allow":["GET"]}}],"collection":[{"href":"https:\/\/uniguajira.edu.co\/en\/wp-json\/wp\/v2\/pages"}],"about":[{"href":"https:\/\/uniguajira.edu.co\/en\/wp-json\/wp\/v2\/types\/page"}],"author":[{"embeddable":true,"href":"https:\/\/uniguajira.edu.co\/en\/wp-json\/wp\/v2\/users\/3"}],"replies":[{"embeddable":true,"href":"https:\/\/uniguajira.edu.co\/en\/wp-json\/wp\/v2\/comments?post=96008"}],"version-history":[{"count":0,"href":"https:\/\/uniguajira.edu.co\/en\/wp-json\/wp\/v2\/pages\/96008\/revisions"}],"up":[{"embeddable":true,"href":"https:\/\/uniguajira.edu.co\/en\/wp-json\/wp\/v2\/pages\/31852"}],"wp:featuredmedia":[{"embeddable":true,"href":"https:\/\/uniguajira.edu.co\/en\/wp-json\/wp\/v2\/media\/96014"}],"wp:attachment":[{"href":"https:\/\/uniguajira.edu.co\/en\/wp-json\/wp\/v2\/media?parent=96008"}],"curies":[{"name":"wp","href":"https:\/\/api.w.org\/{rel}","templated":true}]}}