{"id":95572,"date":"2025-08-15T17:41:18","date_gmt":"2025-08-15T22:41:18","guid":{"rendered":"https:\/\/uniguajira.edu.co\/?page_id=95572"},"modified":"2025-08-19T08:49:35","modified_gmt":"2025-08-19T13:49:35","slug":"presentacion-de-la-direccion-de-proyectos","status":"publish","type":"page","link":"https:\/\/uniguajira.edu.co\/en\/universidad-de-la-guajira\/direccion-de-proyectos\/presentacion-de-la-direccion-de-proyectos\/","title":{"rendered":"Presentaci\u00f3n de la Direcci\u00f3n de Proyectos"},"content":{"rendered":"<div class=\"gb-container gb-container-2319fe3f\">\n<div class=\"gb-container gb-container-87a05b86\">\n<div class=\"gb-container gb-container-10e1364f\">\n<div class=\"gb-container gb-container-4c70146f\">\n<div class=\"gb-container gb-container-bb464331\">\n<div class=\"gb-container gb-container-81fc5474\">\n\n<p class=\"has-text-align-left\">La Direcci\u00f3n de Proyectos es la dependencia encargada de liderar, coordinar y gestionar los procesos relacionados con la formulaci\u00f3n, evaluaci\u00f3n, seguimiento y control de los proyectos de la Universidad de La Guajira, en coherencia con el Plan de Desarrollo Institucional, los lineamientos del Sistema General de Regal\u00edas y las pol\u00edticas nacionales de educaci\u00f3n superior.<\/p>\n\n\n\n<p class=\"has-text-align-left\">Su prop\u00f3sito es fortalecer la gesti\u00f3n eficiente y estrat\u00e9gica de los recursos, promover la generaci\u00f3n de iniciativas de alto impacto para la regi\u00f3n y garantizar que los proyectos contribuyan al cumplimiento de los objetivos misionales de la universidad: docencia, investigaci\u00f3n, extensi\u00f3n y proyecci\u00f3n social.<\/p>\n\n<\/div>\n<\/div>\n\n<div class=\"gb-container gb-container-a7f14a0c\">\n<div class=\"gb-container gb-container-8dd04112\">\n\n<div id=\"section-g-0n9ttdv\" class=\"wp-block-gutentor-e6 section-g-0n9ttdv gutentor-element gutentor-element-image g-pos-a-desktop g-pos-a-tablet g-pos-a-mobile g-pos-custom-desktop g-pos-custom-tablet g-pos-custom-mobile imgt\"><div class=\"gutentor-element-image-box\"><div class=\"gutentor-image-thumb\"><img decoding=\"async\" class=\"normal-image\" src=\"https:\/\/uniguajira.edu.co\/wp-content\/uploads\/2025\/08\/Presentacion-de-la-Direccion-de-Proyectos.webp\" alt=\"Presentaci\u00f3n de la Direcci\u00f3n de Proyectos\" \/><\/div><\/div><\/div>\n\n\n\n<div id=\"section-g-pr87ext\" class=\"wp-block-gutentor-e6 section-g-pr87ext gutentor-element gutentor-element-image imgt\"><div class=\"gutentor-element-image-box\"><div class=\"gutentor-image-thumb\"><img decoding=\"async\" class=\"normal-image\" src=\"https:\/\/uniguajira.edu.co\/wp-content\/uploads\/2025\/08\/Presentacion-de-la-Direccion-de-Proyectos.webp\" alt=\"Presentaci\u00f3n de la Direcci\u00f3n de Proyectos\" \/><div class=\"overlay\"><\/div><\/div><\/div><\/div>\n\n<\/div>\n<\/div>\n<\/div>\n<\/div>\n\n<div class=\"gb-container gb-container-a388280f\">\n<div class=\"gb-container gb-container-cd65df01\">\n<div class=\"gb-container gb-container-83e45111\">\n<section class=\"gb-container gb-container-a36d21bc\" id=\"misionvision\">\n<div class=\"gb-container gb-container-3771b546\">\n<div class=\"gb-container gb-container-ac735d0b\">\n\n<h3 class=\"gb-headline gb-headline-154f1e50\"><span class=\"gb-icon\"><svg data-name=\"Layer 1\" xmlns=\"http:\/\/www.w3.org\/2000\/svg\" viewbox=\"0 0 128 128\"><path d=\"M116.681 26.982a1.748 1.748 0 00-1.3-1.22l-10.725-2.423-2.423-10.725a1.749 1.749 0 00-2.944-.851L86.954 24.1A49.908 49.908 0 10103.9 41.046l12.34-12.34a1.751 1.751 0 00.441-1.724zm-9.106 39.855A46.406 46.406 0 1184.4 26.658l-5.665 5.665a1.736 1.736 0 00-.135.175 38.564 38.564 0 1016.894 16.917 1.726 1.726 0 00.183-.149l5.665-5.665a46.25 46.25 0 016.233 23.236zM91.341 49.123a34.963 34.963 0 11-12.467-12.479l1.843 8.164-1.768 1.768a27.028 27.028 0 102.475 2.475l1.768-1.768zM68.688 66.837a7.553 7.553 0 11-3.595-6.405L59.925 65.6a1.75 1.75 0 102.475 2.474l5.168-5.168a7.467 7.467 0 011.12 3.931zm-1.076-8.924a11.07 11.07 0 102.474 2.475l8.858-8.858a23.511 23.511 0 11-2.474-2.475zm32.844-18.376l-6.568 6.567-.985-.222-.038-.009L84.1 43.9l-2.209-9.783 17.632-17.635 1.967 8.706a1.751 1.751 0 001.322 1.322l8.706 1.967z\"><\/path><\/svg><\/span><span class=\"gb-headline-text\">Our <mark style=\"background-color:rgba(0, 0, 0, 0)\" class=\"has-inline-color has-global-color-9-color\">Mission<\/mark><\/span><\/h3>\n\n\n\n<p class=\"gb-headline gb-headline-ccd819cf gb-headline-text\">Liderar, coordinar y fortalecer la formulaci\u00f3n, gesti\u00f3n, control y evaluaci\u00f3n de proyectos estrat\u00e9gicos de la Universidad de La Guajira orientados al desarrollo institucional, acad\u00e9mico, investigativo y social, para contribuir al cumplimiento de los objetivos misionales de la universidad y promover eficiencia, innovaci\u00f3n y un impacto positivo en el territorio guajiro.<\/p>\n\n<\/div>\n\n<div class=\"gb-container gb-container-22f18bc1\">\n\n<h3 class=\"gb-headline gb-headline-42be34ac\"><span class=\"gb-icon\"><svg xmlns=\"http:\/\/www.w3.org\/2000\/svg\" viewbox=\"0 0 511.998 511.998\"><path d=\"M504.502 246.627c-1.128-1.41-28.128-34.914-71.893-68.747-25.848-19.982-52.232-35.935-78.416-47.417-31.827-13.956-63.466-21.306-94.114-21.908a149.364 149.364 0 00-4.079-.059c-1.364 0-2.723.022-4.078.059-30.648.601-62.287 7.951-94.114 21.908-26.185 11.481-52.568 27.435-78.416 47.417C35.627 211.713 8.628 245.218 7.5 246.627L0 255.999l7.498 9.372c1.128 1.41 28.128 34.914 71.893 68.747 25.848 19.982 52.232 35.935 78.416 47.417 31.828 13.956 63.466 21.306 94.114 21.908 1.355.037 2.714.059 4.078.059s2.723-.022 4.078-.059c30.648-.601 62.287-7.951 94.114-21.908 26.185-11.481 52.568-27.435 78.416-47.417 43.765-33.833 70.765-67.337 71.893-68.747l7.498-9.372-7.496-9.372zm-374.277 86.347c-11.789-7.311-22.516-14.914-31.927-22.164-27.683-21.327-48.526-42.902-59.261-54.811 10.736-11.91 31.578-33.484 59.261-54.811 9.411-7.251 20.137-14.853 31.927-22.164-13.774 22.422-21.727 48.786-21.727 76.975s7.955 54.553 21.727 76.975zm129.372 40.463c-1.198.025-2.395.06-3.597.06s-2.399-.036-3.597-.06c-63.13-1.909-113.9-53.853-113.9-117.438s50.77-115.529 113.9-117.438c1.198-.025 2.395-.06 3.597-.06s2.399.036 3.597.06c63.13 1.908 113.9 53.853 113.9 117.438s-50.77 115.528-113.9 117.438zm154.104-62.627c-9.411 7.251-20.136 14.853-31.927 22.164 13.774-22.422 21.727-48.786 21.727-76.975 0-28.188-7.954-54.553-21.727-76.975 11.789 7.312 22.515 14.914 31.927 22.164 27.683 21.327 48.525 42.9 59.261 54.811-10.736 11.911-31.578 33.484-59.261 54.811z\"><\/path><path d=\"M256 170.685c-47.042 0-85.314 38.272-85.314 85.314s38.272 85.314 85.314 85.314 85.314-38.272 85.314-85.314-38.272-85.314-85.314-85.314zm0 140.624c-30.498 0-55.31-24.812-55.31-55.31s24.812-55.31 55.31-55.31 55.31 24.812 55.31 55.31-24.812 55.31-55.31 55.31z\"><\/path><\/svg><\/span><span class=\"gb-headline-text\">Our <mark style=\"background-color:rgba(0, 0, 0, 0)\" class=\"has-inline-color has-global-color-9-color\">Vision<\/mark><\/span><\/h3>\n\n\n\n<p class=\"gb-headline gb-headline-3f73abb8 gb-headline-text\">En el a\u00f1o 2030, la Direcci\u00f3n de Proyectos de la Universidad de La Guajira ser\u00e1 reconocida a nivel regional y nacional como un modelo de excelencia en la gesti\u00f3n de proyectos universitarios, destac\u00e1ndose por su capacidad para generar soluciones efectivas, sostenibles y alineadas con las necesidades del entorno y los planes de desarrollo institucional.<\/p>\n\n<\/div>\n<\/div>\n<\/section>\n<\/div>\n<\/div>\n<\/div>\n<\/div>\n<\/div>","protected":false},"excerpt":{"rendered":"<p>La Direcci\u00f3n de Proyectos es la dependencia encargada de liderar, coordinar y gestionar los procesos relacionados con la formulaci\u00f3n, evaluaci\u00f3n, seguimiento y control &#8230; <a title=\"Presentaci\u00f3n de la Direcci\u00f3n de Proyectos\" class=\"read-more\" href=\"https:\/\/uniguajira.edu.co\/en\/universidad-de-la-guajira\/direccion-de-proyectos\/presentacion-de-la-direccion-de-proyectos\/\" aria-label=\"Read more about Presentaci\u00f3n de la Direcci\u00f3n de Proyectos\">.<\/a><\/p>","protected":false},"author":3,"featured_media":95589,"parent":95726,"menu_order":0,"comment_status":"closed","ping_status":"closed","template":"","meta":{"footnotes":""},"class_list":{"0":"post-95572","1":"page","2":"type-page","3":"status-publish","4":"has-post-thumbnail","6":"infinite-scroll-item"},"yoast_head":"<!-- This site is optimized with the Yoast SEO Premium plugin v27.0 (Yoast SEO v27.0) - https:\/\/yoast.com\/product\/yoast-seo-premium-wordpress\/ -->\n<title>Presentaci\u00f3n de la Direcci\u00f3n de Proyectos<\/title>\n<meta name=\"robots\" content=\"index, follow, max-snippet:-1, max-image-preview:large, max-video-preview:-1\" \/>\n<link rel=\"canonical\" href=\"https:\/\/uniguajira.edu.co\/en\/universidad-de-la-guajira\/direccion-de-proyectos\/presentacion-de-la-direccion-de-proyectos\/\" \/>\n<meta property=\"og:locale\" content=\"en_US\" \/>\n<meta property=\"og:type\" content=\"article\" \/>\n<meta property=\"og:title\" content=\"Presentaci\u00f3n de la Direcci\u00f3n de Proyectos\" \/>\n<meta property=\"og:description\" content=\"La Direcci\u00f3n de Proyectos es la dependencia encargada de liderar, coordinar y gestionar los procesos relacionados con la formulaci\u00f3n, evaluaci\u00f3n, seguimiento y control ... .\" \/>\n<meta property=\"og:url\" content=\"https:\/\/uniguajira.edu.co\/en\/universidad-de-la-guajira\/direccion-de-proyectos\/presentacion-de-la-direccion-de-proyectos\/\" \/>\n<meta property=\"og:site_name\" content=\"Universidad de La Guajira\" \/>\n<meta property=\"article:publisher\" content=\"https:\/\/www.facebook.com\/UniLaGuajira\/\" \/>\n<meta property=\"article:modified_time\" content=\"2025-08-19T13:49:35+00:00\" \/>\n<meta property=\"og:image\" content=\"https:\/\/uniguajira.edu.co\/wp-content\/uploads\/2025\/08\/Banner-de-direccion-de-proyectos1.webp\" \/>\n\t<meta property=\"og:image:width\" content=\"1920\" \/>\n\t<meta property=\"og:image:height\" content=\"918\" \/>\n\t<meta property=\"og:image:type\" content=\"image\/webp\" \/>\n<meta name=\"twitter:card\" content=\"summary_large_image\" \/>\n<meta name=\"twitter:site\" content=\"@UniLaGuajira\" \/>\n<meta name=\"twitter:label1\" content=\"Est. reading time\" \/>\n\t<meta name=\"twitter:data1\" content=\"4 minutes\" \/>\n<script type=\"application\/ld+json\" class=\"yoast-schema-graph\">{\"@context\":\"https:\/\/schema.org\",\"@graph\":[{\"@type\":\"WebPage\",\"@id\":\"https:\/\/uniguajira.edu.co\/universidad-de-la-guajira\/direccion-de-proyectos\/presentacion-de-la-direccion-de-proyectos\/\",\"url\":\"https:\/\/uniguajira.edu.co\/universidad-de-la-guajira\/direccion-de-proyectos\/presentacion-de-la-direccion-de-proyectos\/\",\"name\":\"Presentaci\u00f3n de la Direcci\u00f3n de Proyectos\",\"isPartOf\":{\"@id\":\"https:\/\/uniguajira.edu.co\/#website\"},\"primaryImageOfPage\":{\"@id\":\"https:\/\/uniguajira.edu.co\/universidad-de-la-guajira\/direccion-de-proyectos\/presentacion-de-la-direccion-de-proyectos\/#primaryimage\"},\"image\":{\"@id\":\"https:\/\/uniguajira.edu.co\/universidad-de-la-guajira\/direccion-de-proyectos\/presentacion-de-la-direccion-de-proyectos\/#primaryimage\"},\"thumbnailUrl\":\"https:\/\/uniguajira.edu.co\/wp-content\/uploads\/2025\/08\/Banner-de-direccion-de-proyectos1.webp\",\"datePublished\":\"2025-08-15T22:41:18+00:00\",\"dateModified\":\"2025-08-19T13:49:35+00:00\",\"breadcrumb\":{\"@id\":\"https:\/\/uniguajira.edu.co\/universidad-de-la-guajira\/direccion-de-proyectos\/presentacion-de-la-direccion-de-proyectos\/#breadcrumb\"},\"inLanguage\":\"en-US\",\"potentialAction\":[{\"@type\":\"ReadAction\",\"target\":[\"https:\/\/uniguajira.edu.co\/universidad-de-la-guajira\/direccion-de-proyectos\/presentacion-de-la-direccion-de-proyectos\/\"]}]},{\"@type\":\"ImageObject\",\"inLanguage\":\"en-US\",\"@id\":\"https:\/\/uniguajira.edu.co\/universidad-de-la-guajira\/direccion-de-proyectos\/presentacion-de-la-direccion-de-proyectos\/#primaryimage\",\"url\":\"https:\/\/uniguajira.edu.co\/wp-content\/uploads\/2025\/08\/Banner-de-direccion-de-proyectos1.webp\",\"contentUrl\":\"https:\/\/uniguajira.edu.co\/wp-content\/uploads\/2025\/08\/Banner-de-direccion-de-proyectos1.webp\",\"width\":1920,\"height\":918},{\"@type\":\"BreadcrumbList\",\"@id\":\"https:\/\/uniguajira.edu.co\/universidad-de-la-guajira\/direccion-de-proyectos\/presentacion-de-la-direccion-de-proyectos\/#breadcrumb\",\"itemListElement\":[{\"@type\":\"ListItem\",\"position\":1,\"name\":\"\u2302 Uniguajira\",\"item\":\"https:\/\/uniguajira.edu.co\/\"},{\"@type\":\"ListItem\",\"position\":2,\"name\":\"Uniguajira\",\"item\":\"https:\/\/uniguajira.edu.co\/\"},{\"@type\":\"ListItem\",\"position\":3,\"name\":\"Direcci\u00f3n de Proyectos\",\"item\":\"https:\/\/uniguajira.edu.co\/wa\/universidad-de-la-guajira\/direccion-de-proyectos\/\"},{\"@type\":\"ListItem\",\"position\":4,\"name\":\"Presentaci\u00f3n\"}]},{\"@type\":\"WebSite\",\"@id\":\"https:\/\/uniguajira.edu.co\/#website\",\"url\":\"https:\/\/uniguajira.edu.co\/\",\"name\":\"UNIGUAJIRA\",\"description\":\"Descubre la educaci\u00f3n superior con oportunidades laborales, retos estudiantiles y tecnolog\u00eda innovadora. Alcanza el \u00e9xito acad\u00e9mico y explora el impacto social y la diversidad en un entorno de aprendizaje moderno. Ad\u00e1ptate con inteligencia artificial y pr\u00e1cticas profesionales para un crecimiento integral.\",\"publisher\":{\"@id\":\"https:\/\/uniguajira.edu.co\/#organization\"},\"alternateName\":\"Universidad de La Guajira\",\"potentialAction\":[{\"@type\":\"SearchAction\",\"target\":{\"@type\":\"EntryPoint\",\"urlTemplate\":\"https:\/\/uniguajira.edu.co\/?s={search_term_string}\"},\"query-input\":{\"@type\":\"PropertyValueSpecification\",\"valueRequired\":true,\"valueName\":\"search_term_string\"}}],\"inLanguage\":\"en-US\"},{\"@type\":\"Organization\",\"@id\":\"https:\/\/uniguajira.edu.co\/#organization\",\"name\":\"Universidad de La Guajira\",\"alternateName\":\"UNIGUAJIRA\",\"url\":\"https:\/\/uniguajira.edu.co\/\",\"logo\":{\"@type\":\"ImageObject\",\"inLanguage\":\"en-US\",\"@id\":\"https:\/\/uniguajira.edu.co\/#\/schema\/logo\/image\/\",\"url\":\"https:\/\/uniguajira.edu.co\/wp-content\/uploads\/2026\/01\/cropped-cropped-LOGOS-PAGINA-WEB-04-1.webp\",\"contentUrl\":\"https:\/\/uniguajira.edu.co\/wp-content\/uploads\/2026\/01\/cropped-cropped-LOGOS-PAGINA-WEB-04-1.webp\",\"width\":360,\"height\":72,\"caption\":\"Universidad de La Guajira\"},\"image\":{\"@id\":\"https:\/\/uniguajira.edu.co\/#\/schema\/logo\/image\/\"},\"sameAs\":[\"https:\/\/www.facebook.com\/UniLaGuajira\/\",\"https:\/\/x.com\/UniLaGuajira\",\"https:\/\/www.instagram.com\/uniguajira_\/\",\"https:\/\/www.youtube.com\/user\/UniLaGuajira\"]}]}<\/script>\n<!-- \/ Yoast SEO Premium plugin. -->","yoast_head_json":{"title":"Presentaci\u00f3n de la Direcci\u00f3n de Proyectos","robots":{"index":"index","follow":"follow","max-snippet":"max-snippet:-1","max-image-preview":"max-image-preview:large","max-video-preview":"max-video-preview:-1"},"canonical":"https:\/\/uniguajira.edu.co\/en\/universidad-de-la-guajira\/direccion-de-proyectos\/presentacion-de-la-direccion-de-proyectos\/","og_locale":"en_US","og_type":"article","og_title":"Presentaci\u00f3n de la Direcci\u00f3n de Proyectos","og_description":"La Direcci\u00f3n de Proyectos es la dependencia encargada de liderar, coordinar y gestionar los procesos relacionados con la formulaci\u00f3n, evaluaci\u00f3n, seguimiento y control ... .","og_url":"https:\/\/uniguajira.edu.co\/en\/universidad-de-la-guajira\/direccion-de-proyectos\/presentacion-de-la-direccion-de-proyectos\/","og_site_name":"Universidad de La Guajira","article_publisher":"https:\/\/www.facebook.com\/UniLaGuajira\/","article_modified_time":"2025-08-19T13:49:35+00:00","og_image":[{"width":1920,"height":918,"url":"https:\/\/uniguajira.edu.co\/wp-content\/uploads\/2025\/08\/Banner-de-direccion-de-proyectos1.webp","type":"image\/webp"}],"twitter_card":"summary_large_image","twitter_site":"@UniLaGuajira","twitter_misc":{"Est. reading time":"4 minutes"},"schema":{"@context":"https:\/\/schema.org","@graph":[{"@type":"WebPage","@id":"https:\/\/uniguajira.edu.co\/universidad-de-la-guajira\/direccion-de-proyectos\/presentacion-de-la-direccion-de-proyectos\/","url":"https:\/\/uniguajira.edu.co\/universidad-de-la-guajira\/direccion-de-proyectos\/presentacion-de-la-direccion-de-proyectos\/","name":"Presentaci\u00f3n de la Direcci\u00f3n de Proyectos","isPartOf":{"@id":"https:\/\/uniguajira.edu.co\/#website"},"primaryImageOfPage":{"@id":"https:\/\/uniguajira.edu.co\/universidad-de-la-guajira\/direccion-de-proyectos\/presentacion-de-la-direccion-de-proyectos\/#primaryimage"},"image":{"@id":"https:\/\/uniguajira.edu.co\/universidad-de-la-guajira\/direccion-de-proyectos\/presentacion-de-la-direccion-de-proyectos\/#primaryimage"},"thumbnailUrl":"https:\/\/uniguajira.edu.co\/wp-content\/uploads\/2025\/08\/Banner-de-direccion-de-proyectos1.webp","datePublished":"2025-08-15T22:41:18+00:00","dateModified":"2025-08-19T13:49:35+00:00","breadcrumb":{"@id":"https:\/\/uniguajira.edu.co\/universidad-de-la-guajira\/direccion-de-proyectos\/presentacion-de-la-direccion-de-proyectos\/#breadcrumb"},"inLanguage":"en-US","potentialAction":[{"@type":"ReadAction","target":["https:\/\/uniguajira.edu.co\/universidad-de-la-guajira\/direccion-de-proyectos\/presentacion-de-la-direccion-de-proyectos\/"]}]},{"@type":"ImageObject","inLanguage":"en-US","@id":"https:\/\/uniguajira.edu.co\/universidad-de-la-guajira\/direccion-de-proyectos\/presentacion-de-la-direccion-de-proyectos\/#primaryimage","url":"https:\/\/uniguajira.edu.co\/wp-content\/uploads\/2025\/08\/Banner-de-direccion-de-proyectos1.webp","contentUrl":"https:\/\/uniguajira.edu.co\/wp-content\/uploads\/2025\/08\/Banner-de-direccion-de-proyectos1.webp","width":1920,"height":918},{"@type":"BreadcrumbList","@id":"https:\/\/uniguajira.edu.co\/universidad-de-la-guajira\/direccion-de-proyectos\/presentacion-de-la-direccion-de-proyectos\/#breadcrumb","itemListElement":[{"@type":"ListItem","position":1,"name":"\u2302 Uniguajira","item":"https:\/\/uniguajira.edu.co\/"},{"@type":"ListItem","position":2,"name":"Uniguajira","item":"https:\/\/uniguajira.edu.co\/"},{"@type":"ListItem","position":3,"name":"Direcci\u00f3n de Proyectos","item":"https:\/\/uniguajira.edu.co\/wa\/universidad-de-la-guajira\/direccion-de-proyectos\/"},{"@type":"ListItem","position":4,"name":"Presentaci\u00f3n"}]},{"@type":"WebSite","@id":"https:\/\/uniguajira.edu.co\/#website","url":"https:\/\/uniguajira.edu.co\/","name":"UNIGUAJIRA","description":"Descubre la educaci\u00f3n superior con oportunidades laborales, retos estudiantiles y tecnolog\u00eda innovadora. Alcanza el \u00e9xito acad\u00e9mico y explora el impacto social y la diversidad en un entorno de aprendizaje moderno. Ad\u00e1ptate con inteligencia artificial y pr\u00e1cticas profesionales para un crecimiento integral.","publisher":{"@id":"https:\/\/uniguajira.edu.co\/#organization"},"alternateName":"Universidad de La Guajira","potentialAction":[{"@type":"SearchAction","target":{"@type":"EntryPoint","urlTemplate":"https:\/\/uniguajira.edu.co\/?s={search_term_string}"},"query-input":{"@type":"PropertyValueSpecification","valueRequired":true,"valueName":"search_term_string"}}],"inLanguage":"en-US"},{"@type":"Organization","@id":"https:\/\/uniguajira.edu.co\/#organization","name":"University of La Guajira","alternateName":"UNIGUAJIRA","url":"https:\/\/uniguajira.edu.co\/","logo":{"@type":"ImageObject","inLanguage":"en-US","@id":"https:\/\/uniguajira.edu.co\/#\/schema\/logo\/image\/","url":"https:\/\/uniguajira.edu.co\/wp-content\/uploads\/2026\/01\/cropped-cropped-LOGOS-PAGINA-WEB-04-1.webp","contentUrl":"https:\/\/uniguajira.edu.co\/wp-content\/uploads\/2026\/01\/cropped-cropped-LOGOS-PAGINA-WEB-04-1.webp","width":360,"height":72,"caption":"Universidad de La Guajira"},"image":{"@id":"https:\/\/uniguajira.edu.co\/#\/schema\/logo\/image\/"},"sameAs":["https:\/\/www.facebook.com\/UniLaGuajira\/","https:\/\/x.com\/UniLaGuajira","https:\/\/www.instagram.com\/uniguajira_\/","https:\/\/www.youtube.com\/user\/UniLaGuajira"]}]}},"_hostinger_reach_plugin_has_subscription_block":false,"_hostinger_reach_plugin_is_elementor":false,"_links":{"self":[{"href":"https:\/\/uniguajira.edu.co\/en\/wp-json\/wp\/v2\/pages\/95572","targetHints":{"allow":["GET"]}}],"collection":[{"href":"https:\/\/uniguajira.edu.co\/en\/wp-json\/wp\/v2\/pages"}],"about":[{"href":"https:\/\/uniguajira.edu.co\/en\/wp-json\/wp\/v2\/types\/page"}],"author":[{"embeddable":true,"href":"https:\/\/uniguajira.edu.co\/en\/wp-json\/wp\/v2\/users\/3"}],"replies":[{"embeddable":true,"href":"https:\/\/uniguajira.edu.co\/en\/wp-json\/wp\/v2\/comments?post=95572"}],"version-history":[{"count":0,"href":"https:\/\/uniguajira.edu.co\/en\/wp-json\/wp\/v2\/pages\/95572\/revisions"}],"up":[{"embeddable":true,"href":"https:\/\/uniguajira.edu.co\/en\/wp-json\/wp\/v2\/pages\/95726"}],"wp:featuredmedia":[{"embeddable":true,"href":"https:\/\/uniguajira.edu.co\/en\/wp-json\/wp\/v2\/media\/95589"}],"wp:attachment":[{"href":"https:\/\/uniguajira.edu.co\/en\/wp-json\/wp\/v2\/media?parent=95572"}],"curies":[{"name":"wp","href":"https:\/\/api.w.org\/{rel}","templated":true}]}}