{"id":71554,"date":"2024-10-16T16:51:39","date_gmt":"2024-10-16T21:51:39","guid":{"rendered":"https:\/\/uniguajira.edu.co\/?page_id=71554"},"modified":"2025-07-24T08:51:18","modified_gmt":"2025-07-24T13:51:18","slug":"componentes-migug","status":"publish","type":"page","link":"https:\/\/uniguajira.edu.co\/en\/universidad-de-la-guajira\/modelo-integrado-de-gestion-para-la-universidad-de-la-guajira\/componentes-migug\/","title":{"rendered":"Componentes Migug"},"content":{"rendered":"<div class=\"gb-container gb-container-d796b7e0\">\n<div class=\"gb-container gb-container-4d72301d\">\n<div class=\"gb-container gb-container-570b9a30\">\n<div class=\"gb-container gb-container-e821edee\">\n<div class=\"gb-container gb-container-6dcc2b47\">\n<div class=\"gb-container gb-container-dea50281\">\n\n<figure class=\"gb-block-image gb-block-image-e83821ab\"><img loading=\"lazy\" decoding=\"async\" width=\"1920\" height=\"1080\" class=\"gb-image gb-image-e83821ab imgt\" src=\"https:\/\/uniguajira.edu.co\/wp-content\/uploads\/2024\/06\/Prueba-portada.webp\" alt=\"Cover test\" title=\"Cover test\" srcset=\"https:\/\/uniguajira.edu.co\/wp-content\/uploads\/2024\/06\/Prueba-portada.webp 1920w, https:\/\/uniguajira.edu.co\/wp-content\/uploads\/2024\/06\/Prueba-portada-300x169.webp 300w, https:\/\/uniguajira.edu.co\/wp-content\/uploads\/2024\/06\/Prueba-portada-1024x576.webp 1024w, https:\/\/uniguajira.edu.co\/wp-content\/uploads\/2024\/06\/Prueba-portada-768x432.webp 768w, https:\/\/uniguajira.edu.co\/wp-content\/uploads\/2024\/06\/Prueba-portada-1536x864.webp 1536w, https:\/\/uniguajira.edu.co\/wp-content\/uploads\/2024\/06\/Prueba-portada-18x10.webp 18w, https:\/\/uniguajira.edu.co\/wp-content\/uploads\/2024\/06\/Prueba-portada-500x281.webp 500w, https:\/\/uniguajira.edu.co\/wp-content\/uploads\/2024\/06\/Prueba-portada-800x450.webp 800w, https:\/\/uniguajira.edu.co\/wp-content\/uploads\/2024\/06\/Prueba-portada-1280x720.webp 1280w\" sizes=\"auto, (max-width: 1920px) 100vw, 1920px\" \/><\/figure>\n\n\n\n<div id=\"section-g-1v4p3gg\" class=\"wp-block-gutentor-e11 section-g-1v4p3gg gutentor-element gutentor-element-video-popup g-pos-a-desktop g-pos-a-tablet g-pos-a-mobile gutentor-enable-ripple gutentor-enable-ripple-color gutentor-enable-animation text-align-center-mobile\"><div class=\"gutentor-element-video-popup-wrap\"><a class=\"gutentor-video-popup-holder gutentor-white\" href=\"https:\/\/www.youtube.com\/watch?v=LBZLSAwVZgk\"><span class=\"video-popup-icon-box\"><i class=\"fas fa-play\"><\/i><\/span><\/a><\/div><\/div>\n\n\n\n<div id=\"section-g-1eae4sj\" class=\"wp-block-gutentor-e6 section-g-1eae4sj gutentor-element gutentor-element-image g-pos-a-desktop g-pos-a-tablet g-pos-a-mobile g-pos-custom-desktop g-pos-custom-tablet g-pos-custom-mobile gutentor-enabled-width imgicono\"><div class=\"gutentor-element-image-box\"><div class=\"gutentor-image-thumb\"><img decoding=\"async\" class=\"normal-image\" src=\"https:\/\/uniguajira.edu.co\/wp-content\/uploads\/2023\/12\/logo-uniguajira-blanco-para-menu-fijo-Uniguajira.webp\" alt=\"Logo con transparencia de la Universidad de la Guajira : Logo distintivo de la Universidad de La Guajira, reflejando la identidad acad\u00e9mica y el compromiso con la excelencia educativa en la regi\u00f3n caribe\u00f1a de Colombia.\" \/><\/div><\/div><\/div>\n\n<\/div>\n<\/div>\n<\/div>\n\n<div class=\"gb-container gb-container-1db11728\">\n\n<p>El Modelo Integrado de Planeaci\u00f3n y Gesti\u00f3n de la Universidad de la Guajira \u201cMIGUG\u201d,&nbsp; funciona mediante tres componentes:&nbsp; institucionalidad, operaci\u00f3n y medici\u00f3n.<\/p>\n\n\n<div class=\"gb-container gb-container-bed89c9b\">\n<div class=\"gb-grid-wrapper gb-grid-wrapper-1b636430\">\n<div class=\"gb-grid-column gb-grid-column-d38de628\"><div class=\"gb-container gb-container-d38de628 infpro\">\n\n<figure class=\"wp-block-image size-full imgt\"><a href=\"https:\/\/uniguajira.edu.co\/en\/universidad-de-la-guajira\/modelo-integrado-de-gestion-para-la-universidad-de-la-guajira\/institucionalidad\/\"><img loading=\"lazy\" decoding=\"async\" width=\"1920\" height=\"1080\" src=\"https:\/\/uniguajira.edu.co\/wp-content\/uploads\/2024\/06\/Prueba-portada.webp\" alt=\"Cover test\" class=\"wp-image-52070\" srcset=\"https:\/\/uniguajira.edu.co\/wp-content\/uploads\/2024\/06\/Prueba-portada.webp 1920w, https:\/\/uniguajira.edu.co\/wp-content\/uploads\/2024\/06\/Prueba-portada-300x169.webp 300w, https:\/\/uniguajira.edu.co\/wp-content\/uploads\/2024\/06\/Prueba-portada-1024x576.webp 1024w, https:\/\/uniguajira.edu.co\/wp-content\/uploads\/2024\/06\/Prueba-portada-768x432.webp 768w, https:\/\/uniguajira.edu.co\/wp-content\/uploads\/2024\/06\/Prueba-portada-1536x864.webp 1536w, https:\/\/uniguajira.edu.co\/wp-content\/uploads\/2024\/06\/Prueba-portada-18x10.webp 18w, https:\/\/uniguajira.edu.co\/wp-content\/uploads\/2024\/06\/Prueba-portada-500x281.webp 500w, https:\/\/uniguajira.edu.co\/wp-content\/uploads\/2024\/06\/Prueba-portada-800x450.webp 800w, https:\/\/uniguajira.edu.co\/wp-content\/uploads\/2024\/06\/Prueba-portada-1280x720.webp 1280w\" sizes=\"auto, (max-width: 1920px) 100vw, 1920px\" \/><\/a><\/figure>\n\n\n\n<h3 class=\"gb-headline gb-headline-313ae8b6 gb-headline-text\"><strong><a href=\"https:\/\/uniguajira.edu.co\/en\/universidad-de-la-guajira\/modelo-integrado-de-gestion-para-la-universidad-de-la-guajira\/institucionalidad\/\" data-type=\"link\" data-id=\"https:\/\/uniguajira.edu.co\/universidad-de-la-guajira\/modelo-integrado-de-gestion-para-la-universidad-de-la-guajira\/institucionalidad\/\">Institucionalidad&nbsp;<\/a><\/strong><\/h3>\n\n<\/div><\/div>\n\n<div class=\"gb-grid-column gb-grid-column-02964ac8\"><div class=\"gb-container gb-container-02964ac8 infpro\">\n\n<figure class=\"wp-block-image size-full imgt\"><a href=\"https:\/\/uniguajira.edu.co\/en\/universidad-de-la-guajira\/modelo-integrado-de-gestion-para-la-universidad-de-la-guajira\/componentes-migug\/operacion\/\"><img loading=\"lazy\" decoding=\"async\" width=\"1920\" height=\"1080\" src=\"https:\/\/uniguajira.edu.co\/wp-content\/uploads\/2024\/06\/Prueba-portada.webp\" alt=\"Cover test\" class=\"wp-image-52070\" srcset=\"https:\/\/uniguajira.edu.co\/wp-content\/uploads\/2024\/06\/Prueba-portada.webp 1920w, https:\/\/uniguajira.edu.co\/wp-content\/uploads\/2024\/06\/Prueba-portada-300x169.webp 300w, https:\/\/uniguajira.edu.co\/wp-content\/uploads\/2024\/06\/Prueba-portada-1024x576.webp 1024w, https:\/\/uniguajira.edu.co\/wp-content\/uploads\/2024\/06\/Prueba-portada-768x432.webp 768w, https:\/\/uniguajira.edu.co\/wp-content\/uploads\/2024\/06\/Prueba-portada-1536x864.webp 1536w, https:\/\/uniguajira.edu.co\/wp-content\/uploads\/2024\/06\/Prueba-portada-18x10.webp 18w, https:\/\/uniguajira.edu.co\/wp-content\/uploads\/2024\/06\/Prueba-portada-500x281.webp 500w, https:\/\/uniguajira.edu.co\/wp-content\/uploads\/2024\/06\/Prueba-portada-800x450.webp 800w, https:\/\/uniguajira.edu.co\/wp-content\/uploads\/2024\/06\/Prueba-portada-1280x720.webp 1280w\" sizes=\"auto, (max-width: 1920px) 100vw, 1920px\" \/><\/a><\/figure>\n\n\n\n<h3 class=\"gb-headline gb-headline-fff64a2c gb-headline-text\"><strong><strong><a href=\"https:\/\/uniguajira.edu.co\/en\/universidad-de-la-guajira\/modelo-integrado-de-gestion-para-la-universidad-de-la-guajira\/componentes-migug\/operacion\/\">Operaci\u00f3n<\/a><\/strong><\/strong><\/h3>\n\n<\/div><\/div>\n\n<div class=\"gb-grid-column gb-grid-column-35259e8a\"><div class=\"gb-container gb-container-35259e8a infpro\">\n\n<figure class=\"wp-block-image size-full imgt\"><a href=\"https:\/\/uniguajira.edu.co\/en\/universidad-de-la-guajira\/modelo-integrado-de-gestion-para-la-universidad-de-la-guajira\/componentes-migug\/medicion\/\"><img loading=\"lazy\" decoding=\"async\" width=\"1920\" height=\"1080\" src=\"https:\/\/uniguajira.edu.co\/wp-content\/uploads\/2024\/06\/Prueba-portada.webp\" alt=\"Cover test\" class=\"wp-image-52070\" srcset=\"https:\/\/uniguajira.edu.co\/wp-content\/uploads\/2024\/06\/Prueba-portada.webp 1920w, https:\/\/uniguajira.edu.co\/wp-content\/uploads\/2024\/06\/Prueba-portada-300x169.webp 300w, https:\/\/uniguajira.edu.co\/wp-content\/uploads\/2024\/06\/Prueba-portada-1024x576.webp 1024w, https:\/\/uniguajira.edu.co\/wp-content\/uploads\/2024\/06\/Prueba-portada-768x432.webp 768w, https:\/\/uniguajira.edu.co\/wp-content\/uploads\/2024\/06\/Prueba-portada-1536x864.webp 1536w, https:\/\/uniguajira.edu.co\/wp-content\/uploads\/2024\/06\/Prueba-portada-18x10.webp 18w, https:\/\/uniguajira.edu.co\/wp-content\/uploads\/2024\/06\/Prueba-portada-500x281.webp 500w, https:\/\/uniguajira.edu.co\/wp-content\/uploads\/2024\/06\/Prueba-portada-800x450.webp 800w, https:\/\/uniguajira.edu.co\/wp-content\/uploads\/2024\/06\/Prueba-portada-1280x720.webp 1280w\" sizes=\"auto, (max-width: 1920px) 100vw, 1920px\" \/><\/a><\/figure>\n\n\n\n<h3 class=\"gb-headline gb-headline-b8ea6f2c gb-headline-text\"><strong><strong><a href=\"https:\/\/uniguajira.edu.co\/en\/universidad-de-la-guajira\/modelo-integrado-de-gestion-para-la-universidad-de-la-guajira\/componentes-migug\/medicion\/\" data-type=\"link\" data-id=\"https:\/\/uniguajira.edu.co\/universidad-de-la-guajira\/modelo-integrado-de-gestion-para-la-universidad-de-la-guajira\/componentes-migug\/medicion\/\">Medici\u00f3n<\/a><\/strong><\/strong><\/h3>\n\n<\/div><\/div>\n<\/div>\n<\/div>\n<\/div>\n<\/div>\n<\/div>\n<\/div>","protected":false},"excerpt":{"rendered":"<p>El Modelo Integrado de Planeaci\u00f3n y Gesti\u00f3n de la Universidad de la Guajira \u201cMIGUG\u201d,&nbsp; funciona mediante tres componentes:&nbsp; institucionalidad, operaci\u00f3n y medici\u00f3n.<\/p>","protected":false},"author":3,"featured_media":0,"parent":70929,"menu_order":0,"comment_status":"closed","ping_status":"closed","template":"","meta":{"footnotes":""},"class_list":{"0":"post-71554","1":"page","2":"type-page","3":"status-publish","5":"infinite-scroll-item"},"yoast_head":"<!-- This site is optimized with the Yoast SEO Premium plugin v27.0 (Yoast SEO v27.0) - https:\/\/yoast.com\/product\/yoast-seo-premium-wordpress\/ -->\n<title>Componentes Migug<\/title>\n<meta name=\"robots\" content=\"index, follow, max-snippet:-1, max-image-preview:large, max-video-preview:-1\" \/>\n<link rel=\"canonical\" href=\"https:\/\/uniguajira.edu.co\/en\/universidad-de-la-guajira\/modelo-integrado-de-gestion-para-la-universidad-de-la-guajira\/componentes-migug\/\" \/>\n<meta property=\"og:locale\" content=\"en_US\" \/>\n<meta property=\"og:type\" content=\"article\" \/>\n<meta property=\"og:title\" content=\"Componentes Migug\" \/>\n<meta property=\"og:description\" content=\"El Modelo Integrado de Planeaci\u00f3n y Gesti\u00f3n de la Universidad de la Guajira \u201cMIGUG\u201d,&nbsp; funciona mediante tres componentes:&nbsp; institucionalidad, operaci\u00f3n y medici\u00f3n.\" \/>\n<meta property=\"og:url\" content=\"https:\/\/uniguajira.edu.co\/en\/universidad-de-la-guajira\/modelo-integrado-de-gestion-para-la-universidad-de-la-guajira\/componentes-migug\/\" \/>\n<meta property=\"og:site_name\" content=\"Universidad de La Guajira\" \/>\n<meta property=\"article:publisher\" content=\"https:\/\/www.facebook.com\/UniLaGuajira\/\" \/>\n<meta property=\"article:modified_time\" content=\"2025-07-24T13:51:18+00:00\" \/>\n<meta property=\"og:image\" content=\"https:\/\/uniguajira.edu.co\/wp-content\/uploads\/2024\/06\/Prueba-portada.webp\" \/>\n<meta name=\"twitter:card\" content=\"summary_large_image\" \/>\n<meta name=\"twitter:site\" content=\"@UniLaGuajira\" \/>\n<script type=\"application\/ld+json\" class=\"yoast-schema-graph\">{\"@context\":\"https:\/\/schema.org\",\"@graph\":[{\"@type\":\"WebPage\",\"@id\":\"https:\/\/uniguajira.edu.co\/universidad-de-la-guajira\/modelo-integrado-de-gestion-para-la-universidad-de-la-guajira\/componentes-migug\/\",\"url\":\"https:\/\/uniguajira.edu.co\/universidad-de-la-guajira\/modelo-integrado-de-gestion-para-la-universidad-de-la-guajira\/componentes-migug\/\",\"name\":\"Componentes Migug\",\"isPartOf\":{\"@id\":\"https:\/\/uniguajira.edu.co\/#website\"},\"primaryImageOfPage\":{\"@id\":\"https:\/\/uniguajira.edu.co\/universidad-de-la-guajira\/modelo-integrado-de-gestion-para-la-universidad-de-la-guajira\/componentes-migug\/#primaryimage\"},\"image\":{\"@id\":\"https:\/\/uniguajira.edu.co\/universidad-de-la-guajira\/modelo-integrado-de-gestion-para-la-universidad-de-la-guajira\/componentes-migug\/#primaryimage\"},\"thumbnailUrl\":\"https:\/\/uniguajira.edu.co\/wp-content\/uploads\/2024\/06\/Prueba-portada.webp\",\"datePublished\":\"2024-10-16T21:51:39+00:00\",\"dateModified\":\"2025-07-24T13:51:18+00:00\",\"breadcrumb\":{\"@id\":\"https:\/\/uniguajira.edu.co\/universidad-de-la-guajira\/modelo-integrado-de-gestion-para-la-universidad-de-la-guajira\/componentes-migug\/#breadcrumb\"},\"inLanguage\":\"en-US\",\"potentialAction\":[{\"@type\":\"ReadAction\",\"target\":[\"https:\/\/uniguajira.edu.co\/universidad-de-la-guajira\/modelo-integrado-de-gestion-para-la-universidad-de-la-guajira\/componentes-migug\/\"]}]},{\"@type\":\"ImageObject\",\"inLanguage\":\"en-US\",\"@id\":\"https:\/\/uniguajira.edu.co\/universidad-de-la-guajira\/modelo-integrado-de-gestion-para-la-universidad-de-la-guajira\/componentes-migug\/#primaryimage\",\"url\":\"https:\/\/uniguajira.edu.co\/wp-content\/uploads\/2024\/06\/Prueba-portada.webp\",\"contentUrl\":\"https:\/\/uniguajira.edu.co\/wp-content\/uploads\/2024\/06\/Prueba-portada.webp\"},{\"@type\":\"BreadcrumbList\",\"@id\":\"https:\/\/uniguajira.edu.co\/universidad-de-la-guajira\/modelo-integrado-de-gestion-para-la-universidad-de-la-guajira\/componentes-migug\/#breadcrumb\",\"itemListElement\":[{\"@type\":\"ListItem\",\"position\":1,\"name\":\"\u2302 Uniguajira\",\"item\":\"https:\/\/uniguajira.edu.co\/\"},{\"@type\":\"ListItem\",\"position\":2,\"name\":\"Uniguajira\",\"item\":\"https:\/\/uniguajira.edu.co\/\"},{\"@type\":\"ListItem\",\"position\":3,\"name\":\"Uniguajira\",\"item\":\"https:\/\/uniguajira.edu.co\/universidad-de-la-guajira\/modelo-integrado-de-gestion-para-la-universidad-de-la-guajira\/\"},{\"@type\":\"ListItem\",\"position\":4,\"name\":\"Componentes Migug\"}]},{\"@type\":\"WebSite\",\"@id\":\"https:\/\/uniguajira.edu.co\/#website\",\"url\":\"https:\/\/uniguajira.edu.co\/\",\"name\":\"UNIGUAJIRA\",\"description\":\"Descubre la educaci\u00f3n superior con oportunidades laborales, retos estudiantiles y tecnolog\u00eda innovadora. Alcanza el \u00e9xito acad\u00e9mico y explora el impacto social y la diversidad en un entorno de aprendizaje moderno. Ad\u00e1ptate con inteligencia artificial y pr\u00e1cticas profesionales para un crecimiento integral.\",\"publisher\":{\"@id\":\"https:\/\/uniguajira.edu.co\/#organization\"},\"alternateName\":\"Universidad de La Guajira\",\"potentialAction\":[{\"@type\":\"SearchAction\",\"target\":{\"@type\":\"EntryPoint\",\"urlTemplate\":\"https:\/\/uniguajira.edu.co\/?s={search_term_string}\"},\"query-input\":{\"@type\":\"PropertyValueSpecification\",\"valueRequired\":true,\"valueName\":\"search_term_string\"}}],\"inLanguage\":\"en-US\"},{\"@type\":\"Organization\",\"@id\":\"https:\/\/uniguajira.edu.co\/#organization\",\"name\":\"Universidad de La Guajira\",\"alternateName\":\"UNIGUAJIRA\",\"url\":\"https:\/\/uniguajira.edu.co\/\",\"logo\":{\"@type\":\"ImageObject\",\"inLanguage\":\"en-US\",\"@id\":\"https:\/\/uniguajira.edu.co\/#\/schema\/logo\/image\/\",\"url\":\"https:\/\/uniguajira.edu.co\/wp-content\/uploads\/2026\/01\/cropped-cropped-LOGOS-PAGINA-WEB-04-1.webp\",\"contentUrl\":\"https:\/\/uniguajira.edu.co\/wp-content\/uploads\/2026\/01\/cropped-cropped-LOGOS-PAGINA-WEB-04-1.webp\",\"width\":360,\"height\":72,\"caption\":\"Universidad de La Guajira\"},\"image\":{\"@id\":\"https:\/\/uniguajira.edu.co\/#\/schema\/logo\/image\/\"},\"sameAs\":[\"https:\/\/www.facebook.com\/UniLaGuajira\/\",\"https:\/\/x.com\/UniLaGuajira\",\"https:\/\/www.instagram.com\/uniguajira_\/\",\"https:\/\/www.youtube.com\/user\/UniLaGuajira\"]}]}<\/script>\n<!-- \/ Yoast SEO Premium plugin. -->","yoast_head_json":{"title":"Componentes Migug","robots":{"index":"index","follow":"follow","max-snippet":"max-snippet:-1","max-image-preview":"max-image-preview:large","max-video-preview":"max-video-preview:-1"},"canonical":"https:\/\/uniguajira.edu.co\/en\/universidad-de-la-guajira\/modelo-integrado-de-gestion-para-la-universidad-de-la-guajira\/componentes-migug\/","og_locale":"en_US","og_type":"article","og_title":"Componentes Migug","og_description":"El Modelo Integrado de Planeaci\u00f3n y Gesti\u00f3n de la Universidad de la Guajira \u201cMIGUG\u201d,&nbsp; funciona mediante tres componentes:&nbsp; institucionalidad, operaci\u00f3n y medici\u00f3n.","og_url":"https:\/\/uniguajira.edu.co\/en\/universidad-de-la-guajira\/modelo-integrado-de-gestion-para-la-universidad-de-la-guajira\/componentes-migug\/","og_site_name":"Universidad de La Guajira","article_publisher":"https:\/\/www.facebook.com\/UniLaGuajira\/","article_modified_time":"2025-07-24T13:51:18+00:00","og_image":[{"url":"https:\/\/uniguajira.edu.co\/wp-content\/uploads\/2024\/06\/Prueba-portada.webp","type":"","width":"","height":""}],"twitter_card":"summary_large_image","twitter_site":"@UniLaGuajira","schema":{"@context":"https:\/\/schema.org","@graph":[{"@type":"WebPage","@id":"https:\/\/uniguajira.edu.co\/universidad-de-la-guajira\/modelo-integrado-de-gestion-para-la-universidad-de-la-guajira\/componentes-migug\/","url":"https:\/\/uniguajira.edu.co\/universidad-de-la-guajira\/modelo-integrado-de-gestion-para-la-universidad-de-la-guajira\/componentes-migug\/","name":"Componentes Migug","isPartOf":{"@id":"https:\/\/uniguajira.edu.co\/#website"},"primaryImageOfPage":{"@id":"https:\/\/uniguajira.edu.co\/universidad-de-la-guajira\/modelo-integrado-de-gestion-para-la-universidad-de-la-guajira\/componentes-migug\/#primaryimage"},"image":{"@id":"https:\/\/uniguajira.edu.co\/universidad-de-la-guajira\/modelo-integrado-de-gestion-para-la-universidad-de-la-guajira\/componentes-migug\/#primaryimage"},"thumbnailUrl":"https:\/\/uniguajira.edu.co\/wp-content\/uploads\/2024\/06\/Prueba-portada.webp","datePublished":"2024-10-16T21:51:39+00:00","dateModified":"2025-07-24T13:51:18+00:00","breadcrumb":{"@id":"https:\/\/uniguajira.edu.co\/universidad-de-la-guajira\/modelo-integrado-de-gestion-para-la-universidad-de-la-guajira\/componentes-migug\/#breadcrumb"},"inLanguage":"en-US","potentialAction":[{"@type":"ReadAction","target":["https:\/\/uniguajira.edu.co\/universidad-de-la-guajira\/modelo-integrado-de-gestion-para-la-universidad-de-la-guajira\/componentes-migug\/"]}]},{"@type":"ImageObject","inLanguage":"en-US","@id":"https:\/\/uniguajira.edu.co\/universidad-de-la-guajira\/modelo-integrado-de-gestion-para-la-universidad-de-la-guajira\/componentes-migug\/#primaryimage","url":"https:\/\/uniguajira.edu.co\/wp-content\/uploads\/2024\/06\/Prueba-portada.webp","contentUrl":"https:\/\/uniguajira.edu.co\/wp-content\/uploads\/2024\/06\/Prueba-portada.webp"},{"@type":"BreadcrumbList","@id":"https:\/\/uniguajira.edu.co\/universidad-de-la-guajira\/modelo-integrado-de-gestion-para-la-universidad-de-la-guajira\/componentes-migug\/#breadcrumb","itemListElement":[{"@type":"ListItem","position":1,"name":"\u2302 Uniguajira","item":"https:\/\/uniguajira.edu.co\/"},{"@type":"ListItem","position":2,"name":"Uniguajira","item":"https:\/\/uniguajira.edu.co\/"},{"@type":"ListItem","position":3,"name":"Uniguajira","item":"https:\/\/uniguajira.edu.co\/universidad-de-la-guajira\/modelo-integrado-de-gestion-para-la-universidad-de-la-guajira\/"},{"@type":"ListItem","position":4,"name":"Componentes Migug"}]},{"@type":"WebSite","@id":"https:\/\/uniguajira.edu.co\/#website","url":"https:\/\/uniguajira.edu.co\/","name":"UNIGUAJIRA","description":"Descubre la educaci\u00f3n superior con oportunidades laborales, retos estudiantiles y tecnolog\u00eda innovadora. Alcanza el \u00e9xito acad\u00e9mico y explora el impacto social y la diversidad en un entorno de aprendizaje moderno. Ad\u00e1ptate con inteligencia artificial y pr\u00e1cticas profesionales para un crecimiento integral.","publisher":{"@id":"https:\/\/uniguajira.edu.co\/#organization"},"alternateName":"Universidad de La Guajira","potentialAction":[{"@type":"SearchAction","target":{"@type":"EntryPoint","urlTemplate":"https:\/\/uniguajira.edu.co\/?s={search_term_string}"},"query-input":{"@type":"PropertyValueSpecification","valueRequired":true,"valueName":"search_term_string"}}],"inLanguage":"en-US"},{"@type":"Organization","@id":"https:\/\/uniguajira.edu.co\/#organization","name":"University of La Guajira","alternateName":"UNIGUAJIRA","url":"https:\/\/uniguajira.edu.co\/","logo":{"@type":"ImageObject","inLanguage":"en-US","@id":"https:\/\/uniguajira.edu.co\/#\/schema\/logo\/image\/","url":"https:\/\/uniguajira.edu.co\/wp-content\/uploads\/2026\/01\/cropped-cropped-LOGOS-PAGINA-WEB-04-1.webp","contentUrl":"https:\/\/uniguajira.edu.co\/wp-content\/uploads\/2026\/01\/cropped-cropped-LOGOS-PAGINA-WEB-04-1.webp","width":360,"height":72,"caption":"Universidad de La Guajira"},"image":{"@id":"https:\/\/uniguajira.edu.co\/#\/schema\/logo\/image\/"},"sameAs":["https:\/\/www.facebook.com\/UniLaGuajira\/","https:\/\/x.com\/UniLaGuajira","https:\/\/www.instagram.com\/uniguajira_\/","https:\/\/www.youtube.com\/user\/UniLaGuajira"]}]}},"_hostinger_reach_plugin_has_subscription_block":false,"_hostinger_reach_plugin_is_elementor":false,"_links":{"self":[{"href":"https:\/\/uniguajira.edu.co\/en\/wp-json\/wp\/v2\/pages\/71554","targetHints":{"allow":["GET"]}}],"collection":[{"href":"https:\/\/uniguajira.edu.co\/en\/wp-json\/wp\/v2\/pages"}],"about":[{"href":"https:\/\/uniguajira.edu.co\/en\/wp-json\/wp\/v2\/types\/page"}],"author":[{"embeddable":true,"href":"https:\/\/uniguajira.edu.co\/en\/wp-json\/wp\/v2\/users\/3"}],"replies":[{"embeddable":true,"href":"https:\/\/uniguajira.edu.co\/en\/wp-json\/wp\/v2\/comments?post=71554"}],"version-history":[{"count":0,"href":"https:\/\/uniguajira.edu.co\/en\/wp-json\/wp\/v2\/pages\/71554\/revisions"}],"up":[{"embeddable":true,"href":"https:\/\/uniguajira.edu.co\/en\/wp-json\/wp\/v2\/pages\/70929"}],"wp:attachment":[{"href":"https:\/\/uniguajira.edu.co\/en\/wp-json\/wp\/v2\/media?parent=71554"}],"curies":[{"name":"wp","href":"https:\/\/api.w.org\/{rel}","templated":true}]}}