{"id":65143,"date":"2024-09-17T16:24:37","date_gmt":"2024-09-17T21:24:37","guid":{"rendered":"https:\/\/uniguajira.edu.co\/?page_id=65143"},"modified":"2025-09-23T10:43:36","modified_gmt":"2025-09-23T15:43:36","slug":"politicas-de-la-gestion-tecnologica","status":"publish","type":"page","link":"https:\/\/uniguajira.edu.co\/en\/universidad-de-la-guajira\/direccion-de-sistemas\/politicas-de-la-gestion-tecnologica\/","title":{"rendered":"Pol\u00edticas de la gesti\u00f3n tecnol\u00f3gica"},"content":{"rendered":"<section class=\"gb-container gb-container-46b06d6f alignfull\">\n<div class=\"gb-container gb-container-bd53830f\">\n\n<p class=\"gb-headline gb-headline-3986a32b gb-headline-text\">La gesti\u00f3n tecnol\u00f3gica en la Direcci\u00f3n de Sistemas de la Universidad de La Guajira est\u00e1 fundamentada en pol\u00edticas que buscan garantizar un entorno digital eficiente, seguro y en constante evoluci\u00f3n. Estas pol\u00edticas definen el marco normativo que regula la adquisici\u00f3n, implementaci\u00f3n, uso y mantenimiento de los recursos tecnol\u00f3gicos de la instituci\u00f3n, asegurando que estos est\u00e9n alineados con los objetivos estrat\u00e9gicos de la universidad. Adem\u00e1s, promueven la innovaci\u00f3n, el desarrollo de nuevas capacidades digitales y la optimizaci\u00f3n de los procesos acad\u00e9micos y administrativos, todo con el fin de fortalecer la calidad educativa y facilitar la transformaci\u00f3n digital dentro de un ecosistema de aprendizaje inclusivo y sostenible.<\/p>\n\n\n<div class=\"gb-container gb-container-1ddb28d6\">\n<div class=\"gb-container gb-container-77f546bb\">\n<div class=\"gb-container gb-container-14c73d23\">\n\n<details class=\"wp-block-details is-layout-flow wp-block-details-is-layout-flow\"><summary>Planes Tecnol\u00f3gicos de 2025<\/summary><div class=\"gb-container gb-container-5692accd\">\n<div class=\"gb-container gb-container-098d733f\">\n<div class=\"gb-grid-wrapper gb-grid-wrapper-a32d0eca\">\n<div class=\"gb-grid-column gb-grid-column-78b9222b\"><div class=\"gb-container gb-container-78b9222b imgt\">\n<div class=\"gb-container gb-container-9d3493e8\">\n\n<figure class=\"wp-block-image size-full imgicono\"><a href=\"https:\/\/uniguajira.edu.co\/en\/plan-estrategico-de-tecnologias-de-la-informacion-peti-2025\/\"><img loading=\"lazy\" decoding=\"async\" width=\"127\" height=\"155\" src=\"https:\/\/uniguajira.edu.co\/wp-content\/uploads\/2024\/01\/Descargar-PDF-Icono.png\" alt=\"Descargar PDF Icono con tejido Wayuu en los colores de la Universidad de La Guajira.\" class=\"wp-image-24540\"\/><\/a><\/figure>\n\n\n\n<h3 class=\"gb-headline gb-headline-bd9f6aa9 gb-headline-text\"><a href=\"https:\/\/uniguajira.edu.co\/en\/plan-estrategico-de-tecnologias-de-la-informacion-peti-2025\/\">Plan estrat\u00e9gico de tecnolog\u00edas de la informaci\u00f3n \u2013 PETI 2025<\/a><br><mark style=\"background-color:rgba(0, 0, 0, 0)\" class=\"has-inline-color has-base-3-color\">&#8211;<\/mark><\/h3>\n\n<\/div>\n<\/div><\/div>\n\n<div class=\"gb-grid-column gb-grid-column-ad5e18e3\"><div class=\"gb-container gb-container-ad5e18e3 imgt\">\n<div class=\"gb-container gb-container-1da1733b\">\n\n<figure class=\"wp-block-image size-full imgicono\"><a href=\"https:\/\/uniguajira.edu.co\/en\/plan-de-mantenimiento-de-servicios-tecnologicos-2025\/\"><img loading=\"lazy\" decoding=\"async\" width=\"127\" height=\"155\" src=\"https:\/\/uniguajira.edu.co\/wp-content\/uploads\/2024\/01\/Descargar-PDF-Icono.png\" alt=\"Descargar PDF Icono con tejido Wayuu en los colores de la Universidad de La Guajira.\" class=\"wp-image-24540\"\/><\/a><\/figure>\n\n\n\n<h3 class=\"gb-headline gb-headline-de5df2a9 gb-headline-text\"><a href=\"https:\/\/uniguajira.edu.co\/en\/plan-de-mantenimiento-de-servicios-tecnologicos-2025\/\">Plan de mantenimiento de servicios tecnol\u00f3gicos 2025<\/a><br><mark style=\"background-color:rgba(0, 0, 0, 0)\" class=\"has-inline-color has-base-3-color\">&#8211;<\/mark><\/h3>\n\n<\/div>\n<\/div><\/div>\n\n<div class=\"gb-grid-column gb-grid-column-4f5d1812\"><div class=\"gb-container gb-container-4f5d1812 imgt\">\n<div class=\"gb-container gb-container-bbff3994\">\n\n<figure class=\"wp-block-image size-full imgicono\"><a href=\"https:\/\/uniguajira.edu.co\/en\/plan-de-tratamiento-de-riesgos-de-seguridad-y-privacidad-informacion-2025\/\"><img loading=\"lazy\" decoding=\"async\" width=\"127\" height=\"155\" src=\"https:\/\/uniguajira.edu.co\/wp-content\/uploads\/2024\/01\/Descargar-PDF-Icono.png\" alt=\"Descargar PDF Icono con tejido Wayuu en los colores de la Universidad de La Guajira.\" class=\"wp-image-24540\"\/><\/a><\/figure>\n\n\n\n<h3 class=\"gb-headline gb-headline-77a3870e gb-headline-text\"><a href=\"https:\/\/uniguajira.edu.co\/en\/plan-de-tratamiento-de-riesgos-de-seguridad-y-privacidad-informacion-2025\/\">Plan de tratamiento de riesgos de seguridad y privacidad informaci\u00f3n 2025<\/a><\/h3>\n\n<\/div>\n<\/div><\/div>\n\n<div class=\"gb-grid-column gb-grid-column-ab789f42\"><div class=\"gb-container gb-container-ab789f42 imgt\">\n<div class=\"gb-container gb-container-512f110d\">\n\n<figure class=\"wp-block-image size-full imgicono\"><a href=\"https:\/\/uniguajira.edu.co\/en\/plan-seguridad-y-privacidad-de-la-informacion-2025\/\"><img loading=\"lazy\" decoding=\"async\" width=\"127\" height=\"155\" src=\"https:\/\/uniguajira.edu.co\/wp-content\/uploads\/2024\/01\/Descargar-PDF-Icono.png\" alt=\"Descargar PDF Icono con tejido Wayuu en los colores de la Universidad de La Guajira.\" class=\"wp-image-24540\"\/><\/a><\/figure>\n\n\n\n<h3 class=\"gb-headline gb-headline-c2f039f5 gb-headline-text\"><a href=\"https:\/\/uniguajira.edu.co\/en\/plan-seguridad-y-privacidad-de-la-informacion-2025\/\">Plan seguridad y privacidad de la informaci\u00f3n 2025<\/a><\/h3>\n\n<\/div>\n<\/div><\/div>\n<\/div>\n<\/div>\n<\/div><\/details>\n\n<\/div>\n\n<div class=\"gb-container gb-container-903b2094\">\n\n<details class=\"wp-block-details is-layout-flow wp-block-details-is-layout-flow\"><summary>Planes Tecnol\u00f3gicos de 2024<\/summary><div class=\"gb-container gb-container-6040d1a8\">\n<div class=\"gb-container gb-container-075f60b3\">\n<div class=\"gb-grid-wrapper gb-grid-wrapper-7e1cca7e\">\n<div class=\"gb-grid-column gb-grid-column-9d655e8e\"><div class=\"gb-container gb-container-9d655e8e imgt\">\n<div class=\"gb-container gb-container-0f599314\">\n\n<figure class=\"wp-block-image size-full imgicono\"><a href=\"https:\/\/drive.google.com\/file\/d\/1KTxVLU2YP90mX7f-SVcK6CHvxOPlOzjV\/view?usp=sharing\"><img loading=\"lazy\" decoding=\"async\" width=\"127\" height=\"155\" src=\"https:\/\/uniguajira.edu.co\/wp-content\/uploads\/2024\/01\/Descargar-PDF-Icono.png\" alt=\"Descargar PDF Icono con tejido Wayuu en los colores de la Universidad de La Guajira.\" class=\"wp-image-24540\"\/><\/a><\/figure>\n\n\n\n<h3 class=\"gb-headline gb-headline-630ab8a3 gb-headline-text\"><a href=\"https:\/\/drive.google.com\/file\/d\/1KTxVLU2YP90mX7f-SVcK6CHvxOPlOzjV\/view?usp=sharing\" target=\"_blank\" rel=\"noreferrer noopener\">Plan estrat\u00e9gico de tecnolog\u00edas de la informaci\u00f3n &#8211; PETI 2024<\/a><br><mark style=\"background-color:rgba(0, 0, 0, 0)\" class=\"has-inline-color has-base-3-color\">&#8211;<\/mark><\/h3>\n\n<\/div>\n<\/div><\/div>\n\n<div class=\"gb-grid-column gb-grid-column-90f920dc\"><div class=\"gb-container gb-container-90f920dc imgt\">\n<div class=\"gb-container gb-container-b6fc38ec\">\n\n<figure class=\"wp-block-image size-full imgicono\"><a href=\"https:\/\/drive.google.com\/file\/d\/1wqKy0X2COfxH5xnCG8iQXXIs3xQQly06\/view?usp=sharing\"><img loading=\"lazy\" decoding=\"async\" width=\"127\" height=\"155\" src=\"https:\/\/uniguajira.edu.co\/wp-content\/uploads\/2024\/01\/Descargar-PDF-Icono.png\" alt=\"Descargar PDF Icono con tejido Wayuu en los colores de la Universidad de La Guajira.\" class=\"wp-image-24540\"\/><\/a><\/figure>\n\n\n\n<h3 class=\"gb-headline gb-headline-4c2d6792 gb-headline-text\"><a href=\"https:\/\/drive.google.com\/file\/d\/1wqKy0X2COfxH5xnCG8iQXXIs3xQQly06\/view?usp=sharing\" target=\"_blank\" rel=\"noreferrer noopener\">Plan de tratamiento de riesgos de seguridad 2024<\/a><br><mark style=\"background-color:rgba(0, 0, 0, 0)\" class=\"has-inline-color has-base-3-color\">&#8211;<\/mark><\/h3>\n\n<\/div>\n<\/div><\/div>\n\n<div class=\"gb-grid-column gb-grid-column-da87f2a0\"><div class=\"gb-container gb-container-da87f2a0 imgt\">\n<div class=\"gb-container gb-container-10c9d094\">\n\n<figure class=\"wp-block-image size-full imgicono\"><a href=\"https:\/\/drive.google.com\/file\/d\/1N2J22yaBUz4m6h97SRIcBg39HsBAAXP6\/view?usp=sharing\"><img loading=\"lazy\" decoding=\"async\" width=\"127\" height=\"155\" src=\"https:\/\/uniguajira.edu.co\/wp-content\/uploads\/2024\/01\/Descargar-PDF-Icono.png\" alt=\"Descargar PDF Icono con tejido Wayuu en los colores de la Universidad de La Guajira.\" class=\"wp-image-24540\"\/><\/a><\/figure>\n\n\n\n<h3 class=\"gb-headline gb-headline-975c8f42 gb-headline-text\"><a href=\"https:\/\/drive.google.com\/file\/d\/1N2J22yaBUz4m6h97SRIcBg39HsBAAXP6\/view?usp=sharing\" target=\"_blank\" rel=\"noreferrer noopener\">Security and privacy plan 2024<\/a><br><mark style=\"background-color:rgba(0, 0, 0, 0)\" class=\"has-inline-color has-base-3-color\">&#8211;<\/mark><\/h3>\n\n<\/div>\n<\/div><\/div>\n\n<div class=\"gb-grid-column gb-grid-column-6d30a5e4\"><div class=\"gb-container gb-container-6d30a5e4 imgt\">\n<div class=\"gb-container gb-container-63dca76e\">\n\n<figure class=\"wp-block-image size-full imgicono\"><a href=\"https:\/\/drive.google.com\/file\/d\/1CCAxvfoJ638r3Jy11-qpIsunbo9AdgvY\/view?usp=sharing\"><img loading=\"lazy\" decoding=\"async\" width=\"127\" height=\"155\" src=\"https:\/\/uniguajira.edu.co\/wp-content\/uploads\/2024\/01\/Descargar-PDF-Icono.png\" alt=\"Descargar PDF Icono con tejido Wayuu en los colores de la Universidad de La Guajira.\" class=\"wp-image-24540\"\/><\/a><\/figure>\n\n\n\n<h3 class=\"gb-headline gb-headline-dd44ee44 gb-headline-text\"><a href=\"https:\/\/drive.google.com\/file\/d\/1CCAxvfoJ638r3Jy11-qpIsunbo9AdgvY\/view?usp=sharing\" target=\"_blank\" rel=\"noreferrer noopener\">Plan de mantenimiento de servicios tecnol\u00f3gicos 2024<\/a><\/h3>\n\n<\/div>\n<\/div><\/div>\n\n<div class=\"gb-grid-column gb-grid-column-12eeb9ed\"><div class=\"gb-container gb-container-12eeb9ed imgt\">\n<div class=\"gb-container gb-container-eb933f73\">\n\n<figure class=\"wp-block-image size-full imgicono\"><a href=\"https:\/\/docs.google.com\/document\/d\/1miO8uEeKXV-iw_Oh3hin9_ADa8h5FAuv\/edit?usp=sharing&amp;ouid=102206767368396530119&amp;rtpof=true&amp;sd=true\"><img loading=\"lazy\" decoding=\"async\" width=\"127\" height=\"155\" src=\"https:\/\/uniguajira.edu.co\/wp-content\/uploads\/2024\/01\/Descargar-PDF-Icono.png\" alt=\"Descargar PDF Icono con tejido Wayuu en los colores de la Universidad de La Guajira.\" class=\"wp-image-24540\"\/><\/a><\/figure>\n\n\n\n<h3 class=\"gb-headline gb-headline-6bfaa20a gb-headline-text\"><a href=\"https:\/\/docs.google.com\/document\/d\/1miO8uEeKXV-iw_Oh3hin9_ADa8h5FAuv\/edit?usp=sharing&amp;ouid=102206767368396530119&amp;rtpof=true&amp;sd=true\" target=\"_blank\" rel=\"noreferrer noopener\">Plan de Preservaci\u00f3n digital 2024<\/a><\/h3>\n\n<\/div>\n<\/div><\/div>\n<\/div>\n<\/div>\n<\/div><\/details>\n\n<\/div>\n<\/div>\n<\/div>\n<\/div>\n<\/section>","protected":false},"excerpt":{"rendered":"<p>La gesti\u00f3n tecnol\u00f3gica en la Direcci\u00f3n de Sistemas de la Universidad de La Guajira est\u00e1 fundamentada en pol\u00edticas que buscan garantizar un entorno &#8230; <a title=\"Pol\u00edticas de la gesti\u00f3n tecnol\u00f3gica\" class=\"read-more\" href=\"https:\/\/uniguajira.edu.co\/en\/universidad-de-la-guajira\/direccion-de-sistemas\/politicas-de-la-gestion-tecnologica\/\" aria-label=\"Read more about Pol\u00edticas de la gesti\u00f3n tecnol\u00f3gica\">.<\/a><\/p>","protected":false},"author":3,"featured_media":57608,"parent":54135,"menu_order":0,"comment_status":"closed","ping_status":"closed","template":"","meta":{"footnotes":""},"class_list":{"0":"post-65143","1":"page","2":"type-page","3":"status-publish","4":"has-post-thumbnail","6":"infinite-scroll-item"},"yoast_head":"<!-- This site is optimized with the Yoast SEO Premium plugin v27.0 (Yoast SEO v27.0) - https:\/\/yoast.com\/product\/yoast-seo-premium-wordpress\/ -->\n<title>Pol\u00edticas de la gesti\u00f3n tecnol\u00f3gica<\/title>\n<meta name=\"robots\" content=\"index, follow, max-snippet:-1, max-image-preview:large, max-video-preview:-1\" \/>\n<link rel=\"canonical\" href=\"https:\/\/uniguajira.edu.co\/en\/universidad-de-la-guajira\/direccion-de-sistemas\/politicas-de-la-gestion-tecnologica\/\" \/>\n<meta property=\"og:locale\" content=\"en_US\" \/>\n<meta property=\"og:type\" content=\"article\" \/>\n<meta property=\"og:title\" content=\"Pol\u00edticas de la gesti\u00f3n tecnol\u00f3gica\" \/>\n<meta property=\"og:description\" content=\"La gesti\u00f3n tecnol\u00f3gica en la Direcci\u00f3n de Sistemas de la Universidad de La Guajira est\u00e1 fundamentada en pol\u00edticas que buscan garantizar un entorno ... .\" \/>\n<meta property=\"og:url\" content=\"https:\/\/uniguajira.edu.co\/en\/universidad-de-la-guajira\/direccion-de-sistemas\/politicas-de-la-gestion-tecnologica\/\" \/>\n<meta property=\"og:site_name\" content=\"Universidad de La Guajira\" \/>\n<meta property=\"article:publisher\" content=\"https:\/\/www.facebook.com\/UniLaGuajira\/\" \/>\n<meta property=\"article:modified_time\" content=\"2025-09-23T15:43:36+00:00\" \/>\n<meta property=\"og:image\" content=\"https:\/\/uniguajira.edu.co\/wp-content\/uploads\/2024\/07\/Uniguajira-asciende-nuevamente-en-el-Indice-de-Desempeno-Institucional.webp\" \/>\n\t<meta property=\"og:image:width\" content=\"1920\" \/>\n\t<meta property=\"og:image:height\" content=\"1080\" \/>\n\t<meta property=\"og:image:type\" content=\"image\/webp\" \/>\n<meta name=\"twitter:card\" content=\"summary_large_image\" \/>\n<meta name=\"twitter:site\" content=\"@UniLaGuajira\" \/>\n<meta name=\"twitter:label1\" content=\"Est. reading time\" \/>\n\t<meta name=\"twitter:data1\" content=\"3 minutes\" \/>\n<script type=\"application\/ld+json\" class=\"yoast-schema-graph\">{\"@context\":\"https:\/\/schema.org\",\"@graph\":[{\"@type\":\"WebPage\",\"@id\":\"https:\/\/uniguajira.edu.co\/en\/universidad-de-la-guajira\/direccion-de-sistemas\/politicas-de-la-gestion-tecnologica\/\",\"url\":\"https:\/\/uniguajira.edu.co\/en\/universidad-de-la-guajira\/direccion-de-sistemas\/politicas-de-la-gestion-tecnologica\/\",\"name\":\"Pol\u00edticas de la gesti\u00f3n tecnol\u00f3gica\",\"isPartOf\":{\"@id\":\"https:\/\/uniguajira.edu.co\/#website\"},\"primaryImageOfPage\":{\"@id\":\"https:\/\/uniguajira.edu.co\/en\/universidad-de-la-guajira\/direccion-de-sistemas\/politicas-de-la-gestion-tecnologica\/#primaryimage\"},\"image\":{\"@id\":\"https:\/\/uniguajira.edu.co\/en\/universidad-de-la-guajira\/direccion-de-sistemas\/politicas-de-la-gestion-tecnologica\/#primaryimage\"},\"thumbnailUrl\":\"https:\/\/uniguajira.edu.co\/wp-content\/uploads\/2024\/07\/Uniguajira-asciende-nuevamente-en-el-Indice-de-Desempeno-Institucional.webp\",\"datePublished\":\"2024-09-17T21:24:37+00:00\",\"dateModified\":\"2025-09-23T15:43:36+00:00\",\"breadcrumb\":{\"@id\":\"https:\/\/uniguajira.edu.co\/en\/universidad-de-la-guajira\/direccion-de-sistemas\/politicas-de-la-gestion-tecnologica\/#breadcrumb\"},\"inLanguage\":\"en-US\",\"potentialAction\":[{\"@type\":\"ReadAction\",\"target\":[\"https:\/\/uniguajira.edu.co\/en\/universidad-de-la-guajira\/direccion-de-sistemas\/politicas-de-la-gestion-tecnologica\/\"]}]},{\"@type\":\"ImageObject\",\"inLanguage\":\"en-US\",\"@id\":\"https:\/\/uniguajira.edu.co\/en\/universidad-de-la-guajira\/direccion-de-sistemas\/politicas-de-la-gestion-tecnologica\/#primaryimage\",\"url\":\"https:\/\/uniguajira.edu.co\/wp-content\/uploads\/2024\/07\/Uniguajira-asciende-nuevamente-en-el-Indice-de-Desempeno-Institucional.webp\",\"contentUrl\":\"https:\/\/uniguajira.edu.co\/wp-content\/uploads\/2024\/07\/Uniguajira-asciende-nuevamente-en-el-Indice-de-Desempeno-Institucional.webp\",\"width\":1920,\"height\":1080,\"caption\":\"Vista a\u00e9rea del campus de la Universidad de La Guajira, mostrando varios edificios modernos de colores rojo y amarillo, rodeados de vegetaci\u00f3n.\"},{\"@type\":\"BreadcrumbList\",\"@id\":\"https:\/\/uniguajira.edu.co\/en\/universidad-de-la-guajira\/direccion-de-sistemas\/politicas-de-la-gestion-tecnologica\/#breadcrumb\",\"itemListElement\":[{\"@type\":\"ListItem\",\"position\":1,\"name\":\"\u2302 Uniguajira\",\"item\":\"https:\/\/uniguajira.edu.co\/\"},{\"@type\":\"ListItem\",\"position\":2,\"name\":\"Uniguajira\",\"item\":\"https:\/\/uniguajira.edu.co\/\"},{\"@type\":\"ListItem\",\"position\":3,\"name\":\"Direcci\u00f3n de Sistemas\",\"item\":\"https:\/\/uniguajira.edu.co\/en\/universidad-de-la-guajira\/direccion-de-sistemas\/\"},{\"@type\":\"ListItem\",\"position\":4,\"name\":\"Normatividad\"}]},{\"@type\":\"WebSite\",\"@id\":\"https:\/\/uniguajira.edu.co\/#website\",\"url\":\"https:\/\/uniguajira.edu.co\/\",\"name\":\"UNIGUAJIRA\",\"description\":\"Descubre la educaci\u00f3n superior con oportunidades laborales, retos estudiantiles y tecnolog\u00eda innovadora. Alcanza el \u00e9xito acad\u00e9mico y explora el impacto social y la diversidad en un entorno de aprendizaje moderno. Ad\u00e1ptate con inteligencia artificial y pr\u00e1cticas profesionales para un crecimiento integral.\",\"publisher\":{\"@id\":\"https:\/\/uniguajira.edu.co\/#organization\"},\"alternateName\":\"Universidad de La Guajira\",\"potentialAction\":[{\"@type\":\"SearchAction\",\"target\":{\"@type\":\"EntryPoint\",\"urlTemplate\":\"https:\/\/uniguajira.edu.co\/?s={search_term_string}\"},\"query-input\":{\"@type\":\"PropertyValueSpecification\",\"valueRequired\":true,\"valueName\":\"search_term_string\"}}],\"inLanguage\":\"en-US\"},{\"@type\":\"Organization\",\"@id\":\"https:\/\/uniguajira.edu.co\/#organization\",\"name\":\"Universidad de La Guajira\",\"alternateName\":\"UNIGUAJIRA\",\"url\":\"https:\/\/uniguajira.edu.co\/\",\"logo\":{\"@type\":\"ImageObject\",\"inLanguage\":\"en-US\",\"@id\":\"https:\/\/uniguajira.edu.co\/#\/schema\/logo\/image\/\",\"url\":\"https:\/\/uniguajira.edu.co\/wp-content\/uploads\/2026\/01\/cropped-cropped-LOGOS-PAGINA-WEB-04-1.webp\",\"contentUrl\":\"https:\/\/uniguajira.edu.co\/wp-content\/uploads\/2026\/01\/cropped-cropped-LOGOS-PAGINA-WEB-04-1.webp\",\"width\":360,\"height\":72,\"caption\":\"Universidad de La Guajira\"},\"image\":{\"@id\":\"https:\/\/uniguajira.edu.co\/#\/schema\/logo\/image\/\"},\"sameAs\":[\"https:\/\/www.facebook.com\/UniLaGuajira\/\",\"https:\/\/x.com\/UniLaGuajira\",\"https:\/\/www.instagram.com\/uniguajira_\/\",\"https:\/\/www.youtube.com\/user\/UniLaGuajira\"]}]}<\/script>\n<!-- \/ Yoast SEO Premium plugin. -->","yoast_head_json":{"title":"Pol\u00edticas de la gesti\u00f3n tecnol\u00f3gica","robots":{"index":"index","follow":"follow","max-snippet":"max-snippet:-1","max-image-preview":"max-image-preview:large","max-video-preview":"max-video-preview:-1"},"canonical":"https:\/\/uniguajira.edu.co\/en\/universidad-de-la-guajira\/direccion-de-sistemas\/politicas-de-la-gestion-tecnologica\/","og_locale":"en_US","og_type":"article","og_title":"Pol\u00edticas de la gesti\u00f3n tecnol\u00f3gica","og_description":"La gesti\u00f3n tecnol\u00f3gica en la Direcci\u00f3n de Sistemas de la Universidad de La Guajira est\u00e1 fundamentada en pol\u00edticas que buscan garantizar un entorno ... .","og_url":"https:\/\/uniguajira.edu.co\/en\/universidad-de-la-guajira\/direccion-de-sistemas\/politicas-de-la-gestion-tecnologica\/","og_site_name":"Universidad de La Guajira","article_publisher":"https:\/\/www.facebook.com\/UniLaGuajira\/","article_modified_time":"2025-09-23T15:43:36+00:00","og_image":[{"width":1920,"height":1080,"url":"https:\/\/uniguajira.edu.co\/wp-content\/uploads\/2024\/07\/Uniguajira-asciende-nuevamente-en-el-Indice-de-Desempeno-Institucional.webp","type":"image\/webp"}],"twitter_card":"summary_large_image","twitter_site":"@UniLaGuajira","twitter_misc":{"Est. reading time":"3 minutes"},"schema":{"@context":"https:\/\/schema.org","@graph":[{"@type":"WebPage","@id":"https:\/\/uniguajira.edu.co\/en\/universidad-de-la-guajira\/direccion-de-sistemas\/politicas-de-la-gestion-tecnologica\/","url":"https:\/\/uniguajira.edu.co\/en\/universidad-de-la-guajira\/direccion-de-sistemas\/politicas-de-la-gestion-tecnologica\/","name":"Pol\u00edticas de la gesti\u00f3n tecnol\u00f3gica","isPartOf":{"@id":"https:\/\/uniguajira.edu.co\/#website"},"primaryImageOfPage":{"@id":"https:\/\/uniguajira.edu.co\/en\/universidad-de-la-guajira\/direccion-de-sistemas\/politicas-de-la-gestion-tecnologica\/#primaryimage"},"image":{"@id":"https:\/\/uniguajira.edu.co\/en\/universidad-de-la-guajira\/direccion-de-sistemas\/politicas-de-la-gestion-tecnologica\/#primaryimage"},"thumbnailUrl":"https:\/\/uniguajira.edu.co\/wp-content\/uploads\/2024\/07\/Uniguajira-asciende-nuevamente-en-el-Indice-de-Desempeno-Institucional.webp","datePublished":"2024-09-17T21:24:37+00:00","dateModified":"2025-09-23T15:43:36+00:00","breadcrumb":{"@id":"https:\/\/uniguajira.edu.co\/en\/universidad-de-la-guajira\/direccion-de-sistemas\/politicas-de-la-gestion-tecnologica\/#breadcrumb"},"inLanguage":"en-US","potentialAction":[{"@type":"ReadAction","target":["https:\/\/uniguajira.edu.co\/en\/universidad-de-la-guajira\/direccion-de-sistemas\/politicas-de-la-gestion-tecnologica\/"]}]},{"@type":"ImageObject","inLanguage":"en-US","@id":"https:\/\/uniguajira.edu.co\/en\/universidad-de-la-guajira\/direccion-de-sistemas\/politicas-de-la-gestion-tecnologica\/#primaryimage","url":"https:\/\/uniguajira.edu.co\/wp-content\/uploads\/2024\/07\/Uniguajira-asciende-nuevamente-en-el-Indice-de-Desempeno-Institucional.webp","contentUrl":"https:\/\/uniguajira.edu.co\/wp-content\/uploads\/2024\/07\/Uniguajira-asciende-nuevamente-en-el-Indice-de-Desempeno-Institucional.webp","width":1920,"height":1080,"caption":"Vista a\u00e9rea del campus de la Universidad de La Guajira, mostrando varios edificios modernos de colores rojo y amarillo, rodeados de vegetaci\u00f3n."},{"@type":"BreadcrumbList","@id":"https:\/\/uniguajira.edu.co\/en\/universidad-de-la-guajira\/direccion-de-sistemas\/politicas-de-la-gestion-tecnologica\/#breadcrumb","itemListElement":[{"@type":"ListItem","position":1,"name":"\u2302 Uniguajira","item":"https:\/\/uniguajira.edu.co\/"},{"@type":"ListItem","position":2,"name":"Uniguajira","item":"https:\/\/uniguajira.edu.co\/"},{"@type":"ListItem","position":3,"name":"Direcci\u00f3n de Sistemas","item":"https:\/\/uniguajira.edu.co\/en\/universidad-de-la-guajira\/direccion-de-sistemas\/"},{"@type":"ListItem","position":4,"name":"Normatividad"}]},{"@type":"WebSite","@id":"https:\/\/uniguajira.edu.co\/#website","url":"https:\/\/uniguajira.edu.co\/","name":"UNIGUAJIRA","description":"Descubre la educaci\u00f3n superior con oportunidades laborales, retos estudiantiles y tecnolog\u00eda innovadora. Alcanza el \u00e9xito acad\u00e9mico y explora el impacto social y la diversidad en un entorno de aprendizaje moderno. Ad\u00e1ptate con inteligencia artificial y pr\u00e1cticas profesionales para un crecimiento integral.","publisher":{"@id":"https:\/\/uniguajira.edu.co\/#organization"},"alternateName":"Universidad de La Guajira","potentialAction":[{"@type":"SearchAction","target":{"@type":"EntryPoint","urlTemplate":"https:\/\/uniguajira.edu.co\/?s={search_term_string}"},"query-input":{"@type":"PropertyValueSpecification","valueRequired":true,"valueName":"search_term_string"}}],"inLanguage":"en-US"},{"@type":"Organization","@id":"https:\/\/uniguajira.edu.co\/#organization","name":"University of La Guajira","alternateName":"UNIGUAJIRA","url":"https:\/\/uniguajira.edu.co\/","logo":{"@type":"ImageObject","inLanguage":"en-US","@id":"https:\/\/uniguajira.edu.co\/#\/schema\/logo\/image\/","url":"https:\/\/uniguajira.edu.co\/wp-content\/uploads\/2026\/01\/cropped-cropped-LOGOS-PAGINA-WEB-04-1.webp","contentUrl":"https:\/\/uniguajira.edu.co\/wp-content\/uploads\/2026\/01\/cropped-cropped-LOGOS-PAGINA-WEB-04-1.webp","width":360,"height":72,"caption":"Universidad de La Guajira"},"image":{"@id":"https:\/\/uniguajira.edu.co\/#\/schema\/logo\/image\/"},"sameAs":["https:\/\/www.facebook.com\/UniLaGuajira\/","https:\/\/x.com\/UniLaGuajira","https:\/\/www.instagram.com\/uniguajira_\/","https:\/\/www.youtube.com\/user\/UniLaGuajira"]}]}},"_hostinger_reach_plugin_has_subscription_block":false,"_hostinger_reach_plugin_is_elementor":false,"_links":{"self":[{"href":"https:\/\/uniguajira.edu.co\/en\/wp-json\/wp\/v2\/pages\/65143","targetHints":{"allow":["GET"]}}],"collection":[{"href":"https:\/\/uniguajira.edu.co\/en\/wp-json\/wp\/v2\/pages"}],"about":[{"href":"https:\/\/uniguajira.edu.co\/en\/wp-json\/wp\/v2\/types\/page"}],"author":[{"embeddable":true,"href":"https:\/\/uniguajira.edu.co\/en\/wp-json\/wp\/v2\/users\/3"}],"replies":[{"embeddable":true,"href":"https:\/\/uniguajira.edu.co\/en\/wp-json\/wp\/v2\/comments?post=65143"}],"version-history":[{"count":0,"href":"https:\/\/uniguajira.edu.co\/en\/wp-json\/wp\/v2\/pages\/65143\/revisions"}],"up":[{"embeddable":true,"href":"https:\/\/uniguajira.edu.co\/en\/wp-json\/wp\/v2\/pages\/54135"}],"wp:featuredmedia":[{"embeddable":true,"href":"https:\/\/uniguajira.edu.co\/en\/wp-json\/wp\/v2\/media\/57608"}],"wp:attachment":[{"href":"https:\/\/uniguajira.edu.co\/en\/wp-json\/wp\/v2\/media?parent=65143"}],"curies":[{"name":"wp","href":"https:\/\/api.w.org\/{rel}","templated":true}]}}