{"id":54339,"date":"2024-06-26T09:35:28","date_gmt":"2024-06-26T14:35:28","guid":{"rendered":"https:\/\/uniguajira.edu.co\/?page_id=54339"},"modified":"2024-08-27T16:32:29","modified_gmt":"2024-08-27T21:32:29","slug":"presentacion-de-la-direccion-de-sistemas","status":"publish","type":"page","link":"https:\/\/uniguajira.edu.co\/en\/universidad-de-la-guajira\/direccion-de-sistemas\/presentacion-de-la-direccion-de-sistemas\/","title":{"rendered":"Presentaci\u00f3n de la Direcci\u00f3n de Sistemas"},"content":{"rendered":"<div class=\"gb-container gb-container-1bddf169\">\n<div class=\"gb-container gb-container-8a679f50\">\n<div class=\"gb-container gb-container-194ddd1e\">\n<div class=\"gb-container gb-container-04e9b55b\">\n<div class=\"gb-container gb-container-b6a277d6\">\n<div class=\"gb-container gb-container-15b9a7c0\">\n\n<p class=\"has-text-align-left\">La Direcci\u00f3n de Sistemas de la Universidad de La Guajira, coordina y maneja la existencia de los equipos tecnol\u00f3gicos para el desarrollo de las actividades acad\u00e9micas y administrativas. La implantaci\u00f3n de las nuevas tecnolog\u00edas de la informaci\u00f3n y las comunicaciones nos obliga a atender nuevas posibilidades de aprendizaje en la Instituci\u00f3n, en la que respecta a nuevos roles de la ense\u00f1anza como tal y de los docentes.<\/p>\n\n\n\n<p class=\"has-text-align-left\">La Universidad de La Guajira consciente de su funci\u00f3n social, y la tendencia de proyectarse hacia la comunidad sin pretender hacer una competencia desleal, se preocupa por mantener a toda la comunidad universitaria actualizados tecnol\u00f3gicamente.<\/p>\n\n\n\n<p class=\"has-text-align-left\">La Universidad de La Guajira, como instituci\u00f3n de Educaci\u00f3n superior estatal de mayor cobertura en el departamento, se nutre de diferentes campos de la ciencia y la tecnolog\u00eda; forma profesionales que perciben, aprenden, aplican y transforman los saberes y la cultura a trav\u00e9s de las funciones que le son propias: el desarrollo y la difusi\u00f3n de la Ciencia y la Tecnolog\u00eda y la formaci\u00f3n de cient\u00edficos; el fomento y el desarrollo de la actividad econ\u00f3mica y la formaci\u00f3n de emprendedores; el desarrollo y la transmisi\u00f3n de la cultura; la profesionalizaci\u00f3n y el compromiso social;&nbsp; con una organizaci\u00f3n acad\u00e9mico-administrativa soportada en procedimientos que la dinamizan para proyectarse hacia el entorno.<\/p>\n\n<\/div>\n<\/div>\n\n<div class=\"gb-container gb-container-5f37b1d3\">\n<div class=\"gb-container gb-container-1e0c97f9\">\n\n<div id=\"section-g0d2585\" class=\"wp-block-gutentor-e6 section-g0d2585 gutentor-element gutentor-element-image imgt\"><div class=\"gutentor-element-image-box\"><div class=\"gutentor-image-thumb\"><img decoding=\"async\" class=\"normal-image\" src=\"https:\/\/uniguajira.edu.co\/wp-content\/uploads\/2024\/06\/Naturaleza_Uniguajira.jpg\" \/><div class=\"overlay\"><\/div><\/div><\/div><\/div>\n\n\n\n<div id=\"section-gc8a38e\" class=\"wp-block-gutentor-e6 section-gc8a38e gutentor-element gutentor-element-image g-pos-a-desktop g-pos-a-tablet g-pos-a-mobile g-pos-custom-desktop g-pos-custom-tablet g-pos-custom-mobile imgt\"><div class=\"gutentor-element-image-box\"><div class=\"gutentor-image-thumb\"><img decoding=\"async\" class=\"normal-image\" src=\"https:\/\/uniguajira.edu.co\/wp-content\/uploads\/2024\/06\/Naturaleza_Uniguajira.jpg\" \/><\/div><\/div><\/div>\n\n<\/div>\n<\/div>\n<\/div>\n<\/div>\n<\/div>\n<\/div>","protected":false},"excerpt":{"rendered":"<p>La Direcci\u00f3n de Sistemas de la Universidad de La Guajira, coordina y maneja la existencia de los equipos tecnol\u00f3gicos para el desarrollo de &#8230; <a title=\"Presentaci\u00f3n de la Direcci\u00f3n de Sistemas\" class=\"read-more\" href=\"https:\/\/uniguajira.edu.co\/en\/universidad-de-la-guajira\/direccion-de-sistemas\/presentacion-de-la-direccion-de-sistemas\/\" aria-label=\"Read more about Presentaci\u00f3n de la Direcci\u00f3n de Sistemas\">.<\/a><\/p>","protected":false},"author":3,"featured_media":0,"parent":54135,"menu_order":0,"comment_status":"closed","ping_status":"closed","template":"","meta":{"footnotes":""},"class_list":{"0":"post-54339","1":"page","2":"type-page","3":"status-publish","5":"infinite-scroll-item"},"yoast_head":"<!-- This site is optimized with the Yoast SEO Premium plugin v27.0 (Yoast SEO v27.0) - https:\/\/yoast.com\/product\/yoast-seo-premium-wordpress\/ -->\n<title>Presentaci\u00f3n de la Direcci\u00f3n de Sistemas<\/title>\n<meta name=\"robots\" content=\"index, follow, max-snippet:-1, max-image-preview:large, max-video-preview:-1\" \/>\n<link rel=\"canonical\" href=\"https:\/\/uniguajira.edu.co\/en\/universidad-de-la-guajira\/direccion-de-sistemas\/presentacion-de-la-direccion-de-sistemas\/\" \/>\n<meta property=\"og:locale\" content=\"en_US\" \/>\n<meta property=\"og:type\" content=\"article\" \/>\n<meta property=\"og:title\" content=\"Presentaci\u00f3n de la Direcci\u00f3n de Sistemas\" \/>\n<meta property=\"og:description\" content=\"La Direcci\u00f3n de Sistemas de la Universidad de La Guajira, coordina y maneja la existencia de los equipos tecnol\u00f3gicos para el desarrollo de ... .\" \/>\n<meta property=\"og:url\" content=\"https:\/\/uniguajira.edu.co\/en\/universidad-de-la-guajira\/direccion-de-sistemas\/presentacion-de-la-direccion-de-sistemas\/\" \/>\n<meta property=\"og:site_name\" content=\"Universidad de La Guajira\" \/>\n<meta property=\"article:publisher\" content=\"https:\/\/www.facebook.com\/UniLaGuajira\/\" \/>\n<meta property=\"article:modified_time\" content=\"2024-08-27T21:32:29+00:00\" \/>\n<meta property=\"og:image\" content=\"https:\/\/uniguajira.edu.co\/wp-content\/uploads\/2024\/06\/Naturaleza_Uniguajira.jpg\" \/>\n<meta name=\"twitter:card\" content=\"summary_large_image\" \/>\n<meta name=\"twitter:site\" content=\"@UniLaGuajira\" \/>\n<meta name=\"twitter:label1\" content=\"Est. reading time\" \/>\n\t<meta name=\"twitter:data1\" content=\"2 minutes\" \/>\n<script type=\"application\/ld+json\" class=\"yoast-schema-graph\">{\"@context\":\"https:\/\/schema.org\",\"@graph\":[{\"@type\":\"WebPage\",\"@id\":\"https:\/\/uniguajira.edu.co\/universidad-de-la-guajira\/direccion-de-sistemas\/presentacion-de-la-direccion-de-sistemas\/\",\"url\":\"https:\/\/uniguajira.edu.co\/universidad-de-la-guajira\/direccion-de-sistemas\/presentacion-de-la-direccion-de-sistemas\/\",\"name\":\"Presentaci\u00f3n de la Direcci\u00f3n de Sistemas\",\"isPartOf\":{\"@id\":\"https:\/\/uniguajira.edu.co\/#website\"},\"primaryImageOfPage\":{\"@id\":\"https:\/\/uniguajira.edu.co\/universidad-de-la-guajira\/direccion-de-sistemas\/presentacion-de-la-direccion-de-sistemas\/#primaryimage\"},\"image\":{\"@id\":\"https:\/\/uniguajira.edu.co\/universidad-de-la-guajira\/direccion-de-sistemas\/presentacion-de-la-direccion-de-sistemas\/#primaryimage\"},\"thumbnailUrl\":\"https:\/\/uniguajira.edu.co\/wp-content\/uploads\/2024\/06\/Naturaleza_Uniguajira.jpg\",\"datePublished\":\"2024-06-26T14:35:28+00:00\",\"dateModified\":\"2024-08-27T21:32:29+00:00\",\"breadcrumb\":{\"@id\":\"https:\/\/uniguajira.edu.co\/universidad-de-la-guajira\/direccion-de-sistemas\/presentacion-de-la-direccion-de-sistemas\/#breadcrumb\"},\"inLanguage\":\"en-US\",\"potentialAction\":[{\"@type\":\"ReadAction\",\"target\":[\"https:\/\/uniguajira.edu.co\/universidad-de-la-guajira\/direccion-de-sistemas\/presentacion-de-la-direccion-de-sistemas\/\"]}]},{\"@type\":\"ImageObject\",\"inLanguage\":\"en-US\",\"@id\":\"https:\/\/uniguajira.edu.co\/universidad-de-la-guajira\/direccion-de-sistemas\/presentacion-de-la-direccion-de-sistemas\/#primaryimage\",\"url\":\"https:\/\/uniguajira.edu.co\/wp-content\/uploads\/2024\/06\/Naturaleza_Uniguajira.jpg\",\"contentUrl\":\"https:\/\/uniguajira.edu.co\/wp-content\/uploads\/2024\/06\/Naturaleza_Uniguajira.jpg\"},{\"@type\":\"BreadcrumbList\",\"@id\":\"https:\/\/uniguajira.edu.co\/universidad-de-la-guajira\/direccion-de-sistemas\/presentacion-de-la-direccion-de-sistemas\/#breadcrumb\",\"itemListElement\":[{\"@type\":\"ListItem\",\"position\":1,\"name\":\"\u2302 Uniguajira\",\"item\":\"https:\/\/uniguajira.edu.co\/\"},{\"@type\":\"ListItem\",\"position\":2,\"name\":\"Uniguajira\",\"item\":\"https:\/\/uniguajira.edu.co\/\"},{\"@type\":\"ListItem\",\"position\":3,\"name\":\"Direcci\u00f3n de Sistemas\",\"item\":\"https:\/\/uniguajira.edu.co\/en\/universidad-de-la-guajira\/direccion-de-sistemas\/\"},{\"@type\":\"ListItem\",\"position\":4,\"name\":\"Presentaci\u00f3n\"}]},{\"@type\":\"WebSite\",\"@id\":\"https:\/\/uniguajira.edu.co\/#website\",\"url\":\"https:\/\/uniguajira.edu.co\/\",\"name\":\"UNIGUAJIRA\",\"description\":\"Descubre la educaci\u00f3n superior con oportunidades laborales, retos estudiantiles y tecnolog\u00eda innovadora. Alcanza el \u00e9xito acad\u00e9mico y explora el impacto social y la diversidad en un entorno de aprendizaje moderno. Ad\u00e1ptate con inteligencia artificial y pr\u00e1cticas profesionales para un crecimiento integral.\",\"publisher\":{\"@id\":\"https:\/\/uniguajira.edu.co\/#organization\"},\"alternateName\":\"Universidad de La Guajira\",\"potentialAction\":[{\"@type\":\"SearchAction\",\"target\":{\"@type\":\"EntryPoint\",\"urlTemplate\":\"https:\/\/uniguajira.edu.co\/?s={search_term_string}\"},\"query-input\":{\"@type\":\"PropertyValueSpecification\",\"valueRequired\":true,\"valueName\":\"search_term_string\"}}],\"inLanguage\":\"en-US\"},{\"@type\":\"Organization\",\"@id\":\"https:\/\/uniguajira.edu.co\/#organization\",\"name\":\"Universidad de La Guajira\",\"alternateName\":\"UNIGUAJIRA\",\"url\":\"https:\/\/uniguajira.edu.co\/\",\"logo\":{\"@type\":\"ImageObject\",\"inLanguage\":\"en-US\",\"@id\":\"https:\/\/uniguajira.edu.co\/#\/schema\/logo\/image\/\",\"url\":\"https:\/\/uniguajira.edu.co\/wp-content\/uploads\/2026\/01\/cropped-cropped-LOGOS-PAGINA-WEB-04-1.webp\",\"contentUrl\":\"https:\/\/uniguajira.edu.co\/wp-content\/uploads\/2026\/01\/cropped-cropped-LOGOS-PAGINA-WEB-04-1.webp\",\"width\":360,\"height\":72,\"caption\":\"Universidad de La Guajira\"},\"image\":{\"@id\":\"https:\/\/uniguajira.edu.co\/#\/schema\/logo\/image\/\"},\"sameAs\":[\"https:\/\/www.facebook.com\/UniLaGuajira\/\",\"https:\/\/x.com\/UniLaGuajira\",\"https:\/\/www.instagram.com\/uniguajira_\/\",\"https:\/\/www.youtube.com\/user\/UniLaGuajira\"]}]}<\/script>\n<!-- \/ Yoast SEO Premium plugin. -->","yoast_head_json":{"title":"Presentaci\u00f3n de la Direcci\u00f3n de Sistemas","robots":{"index":"index","follow":"follow","max-snippet":"max-snippet:-1","max-image-preview":"max-image-preview:large","max-video-preview":"max-video-preview:-1"},"canonical":"https:\/\/uniguajira.edu.co\/en\/universidad-de-la-guajira\/direccion-de-sistemas\/presentacion-de-la-direccion-de-sistemas\/","og_locale":"en_US","og_type":"article","og_title":"Presentaci\u00f3n de la Direcci\u00f3n de Sistemas","og_description":"La Direcci\u00f3n de Sistemas de la Universidad de La Guajira, coordina y maneja la existencia de los equipos tecnol\u00f3gicos para el desarrollo de ... .","og_url":"https:\/\/uniguajira.edu.co\/en\/universidad-de-la-guajira\/direccion-de-sistemas\/presentacion-de-la-direccion-de-sistemas\/","og_site_name":"Universidad de La Guajira","article_publisher":"https:\/\/www.facebook.com\/UniLaGuajira\/","article_modified_time":"2024-08-27T21:32:29+00:00","og_image":[{"url":"https:\/\/uniguajira.edu.co\/wp-content\/uploads\/2024\/06\/Naturaleza_Uniguajira.jpg","type":"","width":"","height":""}],"twitter_card":"summary_large_image","twitter_site":"@UniLaGuajira","twitter_misc":{"Est. reading time":"2 minutes"},"schema":{"@context":"https:\/\/schema.org","@graph":[{"@type":"WebPage","@id":"https:\/\/uniguajira.edu.co\/universidad-de-la-guajira\/direccion-de-sistemas\/presentacion-de-la-direccion-de-sistemas\/","url":"https:\/\/uniguajira.edu.co\/universidad-de-la-guajira\/direccion-de-sistemas\/presentacion-de-la-direccion-de-sistemas\/","name":"Presentaci\u00f3n de la Direcci\u00f3n de Sistemas","isPartOf":{"@id":"https:\/\/uniguajira.edu.co\/#website"},"primaryImageOfPage":{"@id":"https:\/\/uniguajira.edu.co\/universidad-de-la-guajira\/direccion-de-sistemas\/presentacion-de-la-direccion-de-sistemas\/#primaryimage"},"image":{"@id":"https:\/\/uniguajira.edu.co\/universidad-de-la-guajira\/direccion-de-sistemas\/presentacion-de-la-direccion-de-sistemas\/#primaryimage"},"thumbnailUrl":"https:\/\/uniguajira.edu.co\/wp-content\/uploads\/2024\/06\/Naturaleza_Uniguajira.jpg","datePublished":"2024-06-26T14:35:28+00:00","dateModified":"2024-08-27T21:32:29+00:00","breadcrumb":{"@id":"https:\/\/uniguajira.edu.co\/universidad-de-la-guajira\/direccion-de-sistemas\/presentacion-de-la-direccion-de-sistemas\/#breadcrumb"},"inLanguage":"en-US","potentialAction":[{"@type":"ReadAction","target":["https:\/\/uniguajira.edu.co\/universidad-de-la-guajira\/direccion-de-sistemas\/presentacion-de-la-direccion-de-sistemas\/"]}]},{"@type":"ImageObject","inLanguage":"en-US","@id":"https:\/\/uniguajira.edu.co\/universidad-de-la-guajira\/direccion-de-sistemas\/presentacion-de-la-direccion-de-sistemas\/#primaryimage","url":"https:\/\/uniguajira.edu.co\/wp-content\/uploads\/2024\/06\/Naturaleza_Uniguajira.jpg","contentUrl":"https:\/\/uniguajira.edu.co\/wp-content\/uploads\/2024\/06\/Naturaleza_Uniguajira.jpg"},{"@type":"BreadcrumbList","@id":"https:\/\/uniguajira.edu.co\/universidad-de-la-guajira\/direccion-de-sistemas\/presentacion-de-la-direccion-de-sistemas\/#breadcrumb","itemListElement":[{"@type":"ListItem","position":1,"name":"\u2302 Uniguajira","item":"https:\/\/uniguajira.edu.co\/"},{"@type":"ListItem","position":2,"name":"Uniguajira","item":"https:\/\/uniguajira.edu.co\/"},{"@type":"ListItem","position":3,"name":"Direcci\u00f3n de Sistemas","item":"https:\/\/uniguajira.edu.co\/en\/universidad-de-la-guajira\/direccion-de-sistemas\/"},{"@type":"ListItem","position":4,"name":"Presentaci\u00f3n"}]},{"@type":"WebSite","@id":"https:\/\/uniguajira.edu.co\/#website","url":"https:\/\/uniguajira.edu.co\/","name":"UNIGUAJIRA","description":"Descubre la educaci\u00f3n superior con oportunidades laborales, retos estudiantiles y tecnolog\u00eda innovadora. Alcanza el \u00e9xito acad\u00e9mico y explora el impacto social y la diversidad en un entorno de aprendizaje moderno. Ad\u00e1ptate con inteligencia artificial y pr\u00e1cticas profesionales para un crecimiento integral.","publisher":{"@id":"https:\/\/uniguajira.edu.co\/#organization"},"alternateName":"Universidad de La Guajira","potentialAction":[{"@type":"SearchAction","target":{"@type":"EntryPoint","urlTemplate":"https:\/\/uniguajira.edu.co\/?s={search_term_string}"},"query-input":{"@type":"PropertyValueSpecification","valueRequired":true,"valueName":"search_term_string"}}],"inLanguage":"en-US"},{"@type":"Organization","@id":"https:\/\/uniguajira.edu.co\/#organization","name":"University of La Guajira","alternateName":"UNIGUAJIRA","url":"https:\/\/uniguajira.edu.co\/","logo":{"@type":"ImageObject","inLanguage":"en-US","@id":"https:\/\/uniguajira.edu.co\/#\/schema\/logo\/image\/","url":"https:\/\/uniguajira.edu.co\/wp-content\/uploads\/2026\/01\/cropped-cropped-LOGOS-PAGINA-WEB-04-1.webp","contentUrl":"https:\/\/uniguajira.edu.co\/wp-content\/uploads\/2026\/01\/cropped-cropped-LOGOS-PAGINA-WEB-04-1.webp","width":360,"height":72,"caption":"Universidad de La Guajira"},"image":{"@id":"https:\/\/uniguajira.edu.co\/#\/schema\/logo\/image\/"},"sameAs":["https:\/\/www.facebook.com\/UniLaGuajira\/","https:\/\/x.com\/UniLaGuajira","https:\/\/www.instagram.com\/uniguajira_\/","https:\/\/www.youtube.com\/user\/UniLaGuajira"]}]}},"_hostinger_reach_plugin_has_subscription_block":false,"_hostinger_reach_plugin_is_elementor":false,"_links":{"self":[{"href":"https:\/\/uniguajira.edu.co\/en\/wp-json\/wp\/v2\/pages\/54339","targetHints":{"allow":["GET"]}}],"collection":[{"href":"https:\/\/uniguajira.edu.co\/en\/wp-json\/wp\/v2\/pages"}],"about":[{"href":"https:\/\/uniguajira.edu.co\/en\/wp-json\/wp\/v2\/types\/page"}],"author":[{"embeddable":true,"href":"https:\/\/uniguajira.edu.co\/en\/wp-json\/wp\/v2\/users\/3"}],"replies":[{"embeddable":true,"href":"https:\/\/uniguajira.edu.co\/en\/wp-json\/wp\/v2\/comments?post=54339"}],"version-history":[{"count":0,"href":"https:\/\/uniguajira.edu.co\/en\/wp-json\/wp\/v2\/pages\/54339\/revisions"}],"up":[{"embeddable":true,"href":"https:\/\/uniguajira.edu.co\/en\/wp-json\/wp\/v2\/pages\/54135"}],"wp:attachment":[{"href":"https:\/\/uniguajira.edu.co\/en\/wp-json\/wp\/v2\/media?parent=54339"}],"curies":[{"name":"wp","href":"https:\/\/api.w.org\/{rel}","templated":true}]}}