{"id":51721,"date":"2024-06-11T10:58:39","date_gmt":"2024-06-11T15:58:39","guid":{"rendered":"https:\/\/uniguajira.edu.co\/?page_id=51721"},"modified":"2025-10-02T17:26:53","modified_gmt":"2025-10-02T22:26:53","slug":"publicacion-de-la-ejecucion-de-contratos","status":"publish","type":"page","link":"https:\/\/uniguajira.edu.co\/en\/universidad-de-la-guajira\/contratacion\/publicacion-de-la-ejecucion-de-contratos\/","title":{"rendered":"Publicaci\u00f3n de la Ejecuci\u00f3n de Contratos"},"content":{"rendered":"<div class=\"gb-container gb-container-d796b7e0\">\n<div class=\"gb-container gb-container-4d72301d\">\n<div class=\"gb-container gb-container-570b9a30\">\n<div class=\"gb-container gb-container-1db11728\">\n\n<p class=\"gb-headline gb-headline-adab62e1 gb-headline-text\">Para realizar la consulta de los procesos contractuales de la Universidad de La Guajira puede ingresar a las siguientes plataformas:<\/p>\n\n\n<div class=\"gb-container gb-container-bd75c527\">\n<div class=\"gb-container gb-container-57433af0\">\n<div class=\"gb-grid-wrapper gb-grid-wrapper-f6b62ef9\">\n<div class=\"gb-grid-column gb-grid-column-2025880a\"><div class=\"gb-container gb-container-2025880a\">\n\n<div id=\"section-g9ae180\" class=\"wp-block-gutentor-e6 section-g9ae180 gutentor-element gutentor-element-image\"><div class=\"gutentor-element-image-box\"><a class=\"gutentor-element-image-link\" href=\"#\" target=\"_blank\" rel=\" noopener noreferrer\"><div class=\"gutentor-image-thumb\"><img decoding=\"async\" class=\"normal-image\" src=\"https:\/\/uniguajira.edu.co\/wp-content\/uploads\/2025\/08\/SecopI.webp\" \/><\/div><\/a><\/div><\/div>\n\n\n\n<p>Contrataci\u00f3n correspondiente a los a\u00f1os 2017 a Julio 17 de 2022<\/p>\n\n\n<div class=\"gb-container gb-container-c838accb\">\n\n<a class=\"gb-button gb-button-aa4f0539\" href=\"https:\/\/www.contratos.gov.co\/consultas\/inicioConsulta.do\" target=\"_blank\" rel=\"noopener noreferrer\" aria-label=\"Inscr\u00edbete aqu\u00ed para el Diplomado\"><span class=\"gb-icon\"><svg fill=\"#e8eaed\" width=\"24px\" viewbox=\"0 -960 960 960\" height=\"24px\" xmlns=\"http:\/\/www.w3.org\/2000\/svg\"><path d=\"M40-480v-80h80v80H40Zm800 0v-80h80v80h-80ZM40-640v-80h80v80H40Zm800 0v-80h80v80h-80ZM40-800v-80h80v80H40Zm160 320v-80h80v80h-80Zm480 0v-80h80v80h-80Zm160-320v-80h80v80h-80Zm-640 0v-80h80v80h-80Zm160 0v-80h80v80h-80Zm160 0v-80h80v80h-80Zm160 0v-80h80v80h-80ZM473-40q-24 0-46-9t-39-26L184-280l33-34q14-14 34-19t40 0l69 20v-327q0-17 11.5-28.5T400-680q17 0 28.5 11.5T440-640v433l-98-28 103 103q6 6 13 9t15 3h167q33 0 56.5-23.5T720-200v-160q0-17 11.5-28.5T760-400q17 0 28.5 11.5T800-360v160q0 66-47 113T640-40H473Zm7-280v-160q0-17 11.5-28.5T520-520q17 0 28.5 11.5T560-480v160h-80Zm120 0v-120q0-17 11.5-28.5T640-480q17 0 28.5 11.5T680-440v120h-80Zm40 200H445h195Z\"><\/path><\/svg><\/span><span class=\"gb-button-text\">See <\/span><\/a>\n\n<\/div>\n<\/div><\/div>\n\n<div class=\"gb-grid-column gb-grid-column-3cab5644\"><div class=\"gb-container gb-container-3cab5644\">\n\n<div id=\"section-g-1h5k2ir\" class=\"wp-block-gutentor-e6 section-g-1h5k2ir gutentor-element gutentor-element-image\"><div class=\"gutentor-element-image-box\"><a class=\"gutentor-element-image-link\" href=\"#\" target=\"_blank\" rel=\" noopener noreferrer\"><div class=\"gutentor-image-thumb\"><img decoding=\"async\" class=\"normal-image\" src=\"https:\/\/uniguajira.edu.co\/wp-content\/uploads\/2024\/06\/secopii.webp\" alt=\"secopii\" \/><\/div><\/a><\/div><\/div>\n\n\n\n<p>Contrataci\u00f3n a partir de julio 18 de 2022 a la actualidad<\/p>\n\n\n<div class=\"gb-container gb-container-d3d4f769\">\n\n<a class=\"gb-button gb-button-0f778336\" href=\"https:\/\/community.secop.gov.co\/Public\/Tendering\/ContractNoticeManagement\/Index?currentLanguage=es-CO&amp;Page=login&amp;Country=CO&amp;SkinName=CCE\" target=\"_blank\" rel=\"noopener noreferrer\" aria-label=\"Inscr\u00edbete aqu\u00ed para el Diplomado\"><span class=\"gb-icon\"><svg fill=\"#e8eaed\" width=\"24px\" viewbox=\"0 -960 960 960\" height=\"24px\" xmlns=\"http:\/\/www.w3.org\/2000\/svg\"><path d=\"M40-480v-80h80v80H40Zm800 0v-80h80v80h-80ZM40-640v-80h80v80H40Zm800 0v-80h80v80h-80ZM40-800v-80h80v80H40Zm160 320v-80h80v80h-80Zm480 0v-80h80v80h-80Zm160-320v-80h80v80h-80Zm-640 0v-80h80v80h-80Zm160 0v-80h80v80h-80Zm160 0v-80h80v80h-80Zm160 0v-80h80v80h-80ZM473-40q-24 0-46-9t-39-26L184-280l33-34q14-14 34-19t40 0l69 20v-327q0-17 11.5-28.5T400-680q17 0 28.5 11.5T440-640v433l-98-28 103 103q6 6 13 9t15 3h167q33 0 56.5-23.5T720-200v-160q0-17 11.5-28.5T760-400q17 0 28.5 11.5T800-360v160q0 66-47 113T640-40H473Zm7-280v-160q0-17 11.5-28.5T520-520q17 0 28.5 11.5T560-480v160h-80Zm120 0v-120q0-17 11.5-28.5T640-480q17 0 28.5 11.5T680-440v120h-80Zm40 200H445h195Z\"><\/path><\/svg><\/span><span class=\"gb-button-text\">See <\/span><\/a>\n\n<\/div>\n<\/div><\/div>\n<\/div>\n<\/div>\n<\/div>\n<\/div>\n<\/div>\n<\/div>\n<\/div>","protected":false},"excerpt":{"rendered":"<p>Para realizar la consulta de los procesos contractuales de la Universidad de La Guajira puede ingresar a las siguientes plataformas:<\/p>","protected":false},"author":3,"featured_media":0,"parent":31495,"menu_order":0,"comment_status":"closed","ping_status":"closed","template":"","meta":{"footnotes":""},"class_list":{"0":"post-51721","1":"page","2":"type-page","3":"status-publish","5":"infinite-scroll-item"},"yoast_head":"<!-- This site is optimized with the Yoast SEO Premium plugin v27.0 (Yoast SEO v27.0) - https:\/\/yoast.com\/product\/yoast-seo-premium-wordpress\/ -->\n<title>Publicaci\u00f3n de la Ejecuci\u00f3n de Contratos<\/title>\n<meta name=\"robots\" content=\"index, follow, max-snippet:-1, max-image-preview:large, max-video-preview:-1\" \/>\n<link rel=\"canonical\" href=\"https:\/\/uniguajira.edu.co\/en\/universidad-de-la-guajira\/contratacion\/publicacion-de-la-ejecucion-de-contratos\/\" \/>\n<meta property=\"og:locale\" content=\"en_US\" \/>\n<meta property=\"og:type\" content=\"article\" \/>\n<meta property=\"og:title\" content=\"Publicaci\u00f3n de la Ejecuci\u00f3n de Contratos\" \/>\n<meta property=\"og:description\" content=\"Para realizar la consulta de los procesos contractuales de la Universidad de La Guajira puede ingresar a las siguientes plataformas:\" \/>\n<meta property=\"og:url\" content=\"https:\/\/uniguajira.edu.co\/en\/universidad-de-la-guajira\/contratacion\/publicacion-de-la-ejecucion-de-contratos\/\" \/>\n<meta property=\"og:site_name\" content=\"Universidad de La Guajira\" \/>\n<meta property=\"article:publisher\" content=\"https:\/\/www.facebook.com\/UniLaGuajira\/\" \/>\n<meta property=\"article:modified_time\" content=\"2025-10-02T22:26:53+00:00\" \/>\n<meta property=\"og:image\" content=\"https:\/\/uniguajira.edu.co\/wp-content\/uploads\/2025\/08\/SecopI.webp\" \/>\n<meta name=\"twitter:card\" content=\"summary_large_image\" \/>\n<meta name=\"twitter:site\" content=\"@UniLaGuajira\" \/>\n<meta name=\"twitter:label1\" content=\"Est. reading time\" \/>\n\t<meta name=\"twitter:data1\" content=\"1 minute\" \/>\n<script type=\"application\/ld+json\" class=\"yoast-schema-graph\">{\"@context\":\"https:\/\/schema.org\",\"@graph\":[{\"@type\":\"WebPage\",\"@id\":\"https:\/\/uniguajira.edu.co\/universidad-de-la-guajira\/contratacion\/publicacion-de-la-ejecucion-de-contratos\/\",\"url\":\"https:\/\/uniguajira.edu.co\/universidad-de-la-guajira\/contratacion\/publicacion-de-la-ejecucion-de-contratos\/\",\"name\":\"Publicaci\u00f3n de la Ejecuci\u00f3n de Contratos\",\"isPartOf\":{\"@id\":\"https:\/\/uniguajira.edu.co\/#website\"},\"primaryImageOfPage\":{\"@id\":\"https:\/\/uniguajira.edu.co\/universidad-de-la-guajira\/contratacion\/publicacion-de-la-ejecucion-de-contratos\/#primaryimage\"},\"image\":{\"@id\":\"https:\/\/uniguajira.edu.co\/universidad-de-la-guajira\/contratacion\/publicacion-de-la-ejecucion-de-contratos\/#primaryimage\"},\"thumbnailUrl\":\"https:\/\/uniguajira.edu.co\/wp-content\/uploads\/2025\/08\/SecopI.webp\",\"datePublished\":\"2024-06-11T15:58:39+00:00\",\"dateModified\":\"2025-10-02T22:26:53+00:00\",\"breadcrumb\":{\"@id\":\"https:\/\/uniguajira.edu.co\/universidad-de-la-guajira\/contratacion\/publicacion-de-la-ejecucion-de-contratos\/#breadcrumb\"},\"inLanguage\":\"en-US\",\"potentialAction\":[{\"@type\":\"ReadAction\",\"target\":[\"https:\/\/uniguajira.edu.co\/universidad-de-la-guajira\/contratacion\/publicacion-de-la-ejecucion-de-contratos\/\"]}]},{\"@type\":\"ImageObject\",\"inLanguage\":\"en-US\",\"@id\":\"https:\/\/uniguajira.edu.co\/universidad-de-la-guajira\/contratacion\/publicacion-de-la-ejecucion-de-contratos\/#primaryimage\",\"url\":\"https:\/\/uniguajira.edu.co\/wp-content\/uploads\/2025\/08\/SecopI.webp\",\"contentUrl\":\"https:\/\/uniguajira.edu.co\/wp-content\/uploads\/2025\/08\/SecopI.webp\"},{\"@type\":\"BreadcrumbList\",\"@id\":\"https:\/\/uniguajira.edu.co\/universidad-de-la-guajira\/contratacion\/publicacion-de-la-ejecucion-de-contratos\/#breadcrumb\",\"itemListElement\":[{\"@type\":\"ListItem\",\"position\":1,\"name\":\"\u2302 Uniguajira\",\"item\":\"https:\/\/uniguajira.edu.co\/\"},{\"@type\":\"ListItem\",\"position\":2,\"name\":\"Uniguajira\",\"item\":\"https:\/\/uniguajira.edu.co\/\"},{\"@type\":\"ListItem\",\"position\":3,\"name\":\"Contrataci\u00f3n\",\"item\":\"https:\/\/uniguajira.edu.co\/universidad-de-la-guajira\/contratacion\/\"},{\"@type\":\"ListItem\",\"position\":4,\"name\":\"Publicaci\u00f3n de la Ejecuci\u00f3n de Contratos\"}]},{\"@type\":\"WebSite\",\"@id\":\"https:\/\/uniguajira.edu.co\/#website\",\"url\":\"https:\/\/uniguajira.edu.co\/\",\"name\":\"UNIGUAJIRA\",\"description\":\"Descubre la educaci\u00f3n superior con oportunidades laborales, retos estudiantiles y tecnolog\u00eda innovadora. Alcanza el \u00e9xito acad\u00e9mico y explora el impacto social y la diversidad en un entorno de aprendizaje moderno. Ad\u00e1ptate con inteligencia artificial y pr\u00e1cticas profesionales para un crecimiento integral.\",\"publisher\":{\"@id\":\"https:\/\/uniguajira.edu.co\/#organization\"},\"alternateName\":\"Universidad de La Guajira\",\"potentialAction\":[{\"@type\":\"SearchAction\",\"target\":{\"@type\":\"EntryPoint\",\"urlTemplate\":\"https:\/\/uniguajira.edu.co\/?s={search_term_string}\"},\"query-input\":{\"@type\":\"PropertyValueSpecification\",\"valueRequired\":true,\"valueName\":\"search_term_string\"}}],\"inLanguage\":\"en-US\"},{\"@type\":\"Organization\",\"@id\":\"https:\/\/uniguajira.edu.co\/#organization\",\"name\":\"Universidad de La Guajira\",\"alternateName\":\"UNIGUAJIRA\",\"url\":\"https:\/\/uniguajira.edu.co\/\",\"logo\":{\"@type\":\"ImageObject\",\"inLanguage\":\"en-US\",\"@id\":\"https:\/\/uniguajira.edu.co\/#\/schema\/logo\/image\/\",\"url\":\"https:\/\/uniguajira.edu.co\/wp-content\/uploads\/2026\/01\/cropped-cropped-LOGOS-PAGINA-WEB-04-1.webp\",\"contentUrl\":\"https:\/\/uniguajira.edu.co\/wp-content\/uploads\/2026\/01\/cropped-cropped-LOGOS-PAGINA-WEB-04-1.webp\",\"width\":360,\"height\":72,\"caption\":\"Universidad de La Guajira\"},\"image\":{\"@id\":\"https:\/\/uniguajira.edu.co\/#\/schema\/logo\/image\/\"},\"sameAs\":[\"https:\/\/www.facebook.com\/UniLaGuajira\/\",\"https:\/\/x.com\/UniLaGuajira\",\"https:\/\/www.instagram.com\/uniguajira_\/\",\"https:\/\/www.youtube.com\/user\/UniLaGuajira\"]}]}<\/script>\n<!-- \/ Yoast SEO Premium plugin. -->","yoast_head_json":{"title":"Publicaci\u00f3n de la Ejecuci\u00f3n de Contratos","robots":{"index":"index","follow":"follow","max-snippet":"max-snippet:-1","max-image-preview":"max-image-preview:large","max-video-preview":"max-video-preview:-1"},"canonical":"https:\/\/uniguajira.edu.co\/en\/universidad-de-la-guajira\/contratacion\/publicacion-de-la-ejecucion-de-contratos\/","og_locale":"en_US","og_type":"article","og_title":"Publicaci\u00f3n de la Ejecuci\u00f3n de Contratos","og_description":"Para realizar la consulta de los procesos contractuales de la Universidad de La Guajira puede ingresar a las siguientes plataformas:","og_url":"https:\/\/uniguajira.edu.co\/en\/universidad-de-la-guajira\/contratacion\/publicacion-de-la-ejecucion-de-contratos\/","og_site_name":"Universidad de La Guajira","article_publisher":"https:\/\/www.facebook.com\/UniLaGuajira\/","article_modified_time":"2025-10-02T22:26:53+00:00","og_image":[{"url":"https:\/\/uniguajira.edu.co\/wp-content\/uploads\/2025\/08\/SecopI.webp","type":"","width":"","height":""}],"twitter_card":"summary_large_image","twitter_site":"@UniLaGuajira","twitter_misc":{"Est. reading time":"1 minute"},"schema":{"@context":"https:\/\/schema.org","@graph":[{"@type":"WebPage","@id":"https:\/\/uniguajira.edu.co\/universidad-de-la-guajira\/contratacion\/publicacion-de-la-ejecucion-de-contratos\/","url":"https:\/\/uniguajira.edu.co\/universidad-de-la-guajira\/contratacion\/publicacion-de-la-ejecucion-de-contratos\/","name":"Publicaci\u00f3n de la Ejecuci\u00f3n de Contratos","isPartOf":{"@id":"https:\/\/uniguajira.edu.co\/#website"},"primaryImageOfPage":{"@id":"https:\/\/uniguajira.edu.co\/universidad-de-la-guajira\/contratacion\/publicacion-de-la-ejecucion-de-contratos\/#primaryimage"},"image":{"@id":"https:\/\/uniguajira.edu.co\/universidad-de-la-guajira\/contratacion\/publicacion-de-la-ejecucion-de-contratos\/#primaryimage"},"thumbnailUrl":"https:\/\/uniguajira.edu.co\/wp-content\/uploads\/2025\/08\/SecopI.webp","datePublished":"2024-06-11T15:58:39+00:00","dateModified":"2025-10-02T22:26:53+00:00","breadcrumb":{"@id":"https:\/\/uniguajira.edu.co\/universidad-de-la-guajira\/contratacion\/publicacion-de-la-ejecucion-de-contratos\/#breadcrumb"},"inLanguage":"en-US","potentialAction":[{"@type":"ReadAction","target":["https:\/\/uniguajira.edu.co\/universidad-de-la-guajira\/contratacion\/publicacion-de-la-ejecucion-de-contratos\/"]}]},{"@type":"ImageObject","inLanguage":"en-US","@id":"https:\/\/uniguajira.edu.co\/universidad-de-la-guajira\/contratacion\/publicacion-de-la-ejecucion-de-contratos\/#primaryimage","url":"https:\/\/uniguajira.edu.co\/wp-content\/uploads\/2025\/08\/SecopI.webp","contentUrl":"https:\/\/uniguajira.edu.co\/wp-content\/uploads\/2025\/08\/SecopI.webp"},{"@type":"BreadcrumbList","@id":"https:\/\/uniguajira.edu.co\/universidad-de-la-guajira\/contratacion\/publicacion-de-la-ejecucion-de-contratos\/#breadcrumb","itemListElement":[{"@type":"ListItem","position":1,"name":"\u2302 Uniguajira","item":"https:\/\/uniguajira.edu.co\/"},{"@type":"ListItem","position":2,"name":"Uniguajira","item":"https:\/\/uniguajira.edu.co\/"},{"@type":"ListItem","position":3,"name":"Contrataci\u00f3n","item":"https:\/\/uniguajira.edu.co\/universidad-de-la-guajira\/contratacion\/"},{"@type":"ListItem","position":4,"name":"Publicaci\u00f3n de la Ejecuci\u00f3n de Contratos"}]},{"@type":"WebSite","@id":"https:\/\/uniguajira.edu.co\/#website","url":"https:\/\/uniguajira.edu.co\/","name":"UNIGUAJIRA","description":"Descubre la educaci\u00f3n superior con oportunidades laborales, retos estudiantiles y tecnolog\u00eda innovadora. Alcanza el \u00e9xito acad\u00e9mico y explora el impacto social y la diversidad en un entorno de aprendizaje moderno. Ad\u00e1ptate con inteligencia artificial y pr\u00e1cticas profesionales para un crecimiento integral.","publisher":{"@id":"https:\/\/uniguajira.edu.co\/#organization"},"alternateName":"Universidad de La Guajira","potentialAction":[{"@type":"SearchAction","target":{"@type":"EntryPoint","urlTemplate":"https:\/\/uniguajira.edu.co\/?s={search_term_string}"},"query-input":{"@type":"PropertyValueSpecification","valueRequired":true,"valueName":"search_term_string"}}],"inLanguage":"en-US"},{"@type":"Organization","@id":"https:\/\/uniguajira.edu.co\/#organization","name":"University of La Guajira","alternateName":"UNIGUAJIRA","url":"https:\/\/uniguajira.edu.co\/","logo":{"@type":"ImageObject","inLanguage":"en-US","@id":"https:\/\/uniguajira.edu.co\/#\/schema\/logo\/image\/","url":"https:\/\/uniguajira.edu.co\/wp-content\/uploads\/2026\/01\/cropped-cropped-LOGOS-PAGINA-WEB-04-1.webp","contentUrl":"https:\/\/uniguajira.edu.co\/wp-content\/uploads\/2026\/01\/cropped-cropped-LOGOS-PAGINA-WEB-04-1.webp","width":360,"height":72,"caption":"Universidad de La Guajira"},"image":{"@id":"https:\/\/uniguajira.edu.co\/#\/schema\/logo\/image\/"},"sameAs":["https:\/\/www.facebook.com\/UniLaGuajira\/","https:\/\/x.com\/UniLaGuajira","https:\/\/www.instagram.com\/uniguajira_\/","https:\/\/www.youtube.com\/user\/UniLaGuajira"]}]}},"_hostinger_reach_plugin_has_subscription_block":false,"_hostinger_reach_plugin_is_elementor":false,"_links":{"self":[{"href":"https:\/\/uniguajira.edu.co\/en\/wp-json\/wp\/v2\/pages\/51721","targetHints":{"allow":["GET"]}}],"collection":[{"href":"https:\/\/uniguajira.edu.co\/en\/wp-json\/wp\/v2\/pages"}],"about":[{"href":"https:\/\/uniguajira.edu.co\/en\/wp-json\/wp\/v2\/types\/page"}],"author":[{"embeddable":true,"href":"https:\/\/uniguajira.edu.co\/en\/wp-json\/wp\/v2\/users\/3"}],"replies":[{"embeddable":true,"href":"https:\/\/uniguajira.edu.co\/en\/wp-json\/wp\/v2\/comments?post=51721"}],"version-history":[{"count":0,"href":"https:\/\/uniguajira.edu.co\/en\/wp-json\/wp\/v2\/pages\/51721\/revisions"}],"up":[{"embeddable":true,"href":"https:\/\/uniguajira.edu.co\/en\/wp-json\/wp\/v2\/pages\/31495"}],"wp:attachment":[{"href":"https:\/\/uniguajira.edu.co\/en\/wp-json\/wp\/v2\/media?parent=51721"}],"curies":[{"name":"wp","href":"https:\/\/api.w.org\/{rel}","templated":true}]}}