{"id":50694,"date":"2024-06-05T09:13:47","date_gmt":"2024-06-05T14:13:47","guid":{"rendered":"https:\/\/uniguajira.edu.co\/?page_id=50694"},"modified":"2025-10-02T17:27:40","modified_gmt":"2025-10-02T22:27:40","slug":"plan-anual-de-adquisiciones-paa","status":"publish","type":"page","link":"https:\/\/uniguajira.edu.co\/en\/universidad-de-la-guajira\/contratacion\/plan-anual-de-adquisiciones-paa\/","title":{"rendered":"Plan Anual de Adquisiciones &#8211; PAA"},"content":{"rendered":"<div class=\"gb-container gb-container-d796b7e0\">\n<div class=\"gb-container gb-container-4d72301d\">\n<div class=\"gb-container gb-container-570b9a30\">\n<div class=\"gb-container gb-container-1db11728\">\n\n<p>En esta secci\u00f3n encontrar\u00e1s el Plan Anual de Adquisiciones \u2013 PAA, una herramienta de planeaci\u00f3n que permite facilitar, identificar, registrar, programar y divulgar las necesidades de bienes, obras y servicios de la Universidad de La Guajira.<\/p>\n\n\n\n<p>El plan Anual de Adquisiciones de La Universidad de La Guajira junto con las modificaciones que se le realizan, se publica en la plataforma SECOP II, esto permite hacer un seguimiento cercano a su planeaci\u00f3n y ejecuci\u00f3n, y tener visible las diferentes versiones del PAA para hacer seguimiento a los cambios realizados durante el a\u00f1o.<\/p>\n\n\n<div class=\"gb-container gb-container-bd75c527\">\n<div class=\"gb-container gb-container-43a27ffa\">\n<div class=\"gb-grid-wrapper gb-grid-wrapper-534444e3\">\n<div class=\"gb-grid-column gb-grid-column-886a9d01\"><div class=\"gb-container gb-container-886a9d01\">\n<div class=\"gb-container gb-container-6fb11aa0\">\n\n<!-- Bot\u00f3n con icono y nombre Plan Anual de Adquisiciones - PAA vigencias -->\n<button type=\"button\" class=\"icon-button infpro\" onclick=\"window.open('https:\/\/docs.google.com\/spreadsheets\/d\/1ht35Of9wBFWBl3SGOzmDfNFnbyrlQiQy\/edit?gid=271945339#gid=271945339', '_blank')\">\n       \n  <svg fill=\"#ffffff\" height=\"256px\" width=\"256px\" version=\"1.1\" id=\"_x31_\" xmlns=\"http:\/\/www.w3.org\/2000\/svg\" xmlns:xlink=\"http:\/\/www.w3.org\/1999\/xlink\" viewbox=\"0 0 128 128\" xml:space=\"preserve\" stroke=\"#ffffff\"><g id=\"SVGRepo_bgCarrier\" stroke-width=\"0\"><\/g><g id=\"SVGRepo_tracerCarrier\" stroke-linecap=\"round\" stroke-linejoin=\"round\"><\/g><g id=\"SVGRepo_iconCarrier\"> <path id=\"_x31__1_\" d=\"M97.2,51h-6.4l-6,10.1c0,0-6.1-9.9-6.6-9.9s-6.5,9.9-6.5,9.9L65.6,51h-2.9c-4.8,0-9.7,1.9-13.4,5.6L39.2,66.7 l-9.4-20.4c-1.5-3.3-4.2-5.7-7.6-6.9s-7-1.1-10.4,0.4c-5.6,2.5-8,9.2-5.3,14.7l15.3,32.6l-1.7,1.7c-2.5,2.7-2.5,6.8,0.1,9.3 c2,2,4.9,2.4,7.4,1.3l0.8,1.7l0,0c1.6,3.2,4.9,5.2,8.4,5.2c0.4,0,0.8,0,1.2-0.1l2.5,5.6c0.3,0.7,0.9,0.9,1.5,0.9 c0.3,0,0.5,0,0.7-0.1c8.2-3.8,11.8-13.7,8-21.8l0,0l0,0l-5.3-11.3l8.9-8.9c0.4-0.4,0.8-0.5,1.3-0.5c1.1,0,1.9,0.8,1.9,1.7v51.1h41.5 V73.7c0-1.1,0.8-1.9,1.9-1.9s1.9,0.8,1.9,1.9v42.6c0,3.7,2.9,6.6,6.6,6.6c3.7,0,6.6-2.9,6.6-6.6V70C116.1,59.5,107.6,51,97.2,51z M24.4,84.6L12.6,59.5c2.1,0.5,4.2,0.4,6.2-0.5c3.8-1.9,5.6-6.4,3.7-10.2c-1.5-3.2-5.4-4.6-8.6-3.2c-0.8,0.4-1.2,1.3-0.8,2.3 c0.4,0.8,1.3,1.2,2.3,0.8c1.6-0.8,3.5,0,4.2,1.6c1.1,2.1,0.1,4.8-2.1,5.8c-1.5,0.7-3.1,0.8-4.5,0.1c-1.5-0.5-2.7-1.6-3.3-3.1 c-1.9-3.8-0.1-8.5,3.7-10.4c2.4-1.2,5.2-1.3,7.7-0.4c2.5,0.9,4.5,2.8,5.7,5.3c3.1,6.5,0.3,14.3-6.4,17.4c-0.8,0.4-1.2,1.3-0.8,2.3 l7.6,15.8C26.1,83.4,25.2,83.9,24.4,84.6z M31.3,99.7L31.3,99.7l-1.1-2.4l2.4-2.4l3.8,8.1C34.3,102.9,32.2,101.7,31.3,99.7z M47.6,92.1L47.6,92.1c2.8,6.1,0.7,13.1-4.9,16.6l-8-17c0.8-2.4,0.3-5-1.6-6.9c-0.7-0.7-1.5-1.2-2.4-1.5l-7.4-16.2 c4-2.4,6.6-6.4,7.6-10.7L47.6,92.1L47.6,92.1z\"><\/path> <circle cx=\"79\" cy=\"31.2\" r=\"15.4\"><\/circle> <\/g><\/svg>\n      <span class=\"button-label\">Plan Anual de Adquisiciones &#8211; PAA vigencias<\/span>\n  \n  <\/button>\n\n<\/div>\n<\/div><\/div>\n\n<div class=\"gb-grid-column gb-grid-column-5e6616b9\"><div class=\"gb-container gb-container-5e6616b9\">\n<div class=\"gb-container gb-container-3a962d19\">\n\n<!-- Bot\u00f3n con icono y nombre Plan Anual de Adquisiciones SECOP II -->\n  <button type=\"button\" class=\"icon-button infpro\" onclick=\"window.location.href = 'https:\/\/uniguajira.edu.co\/universidad-de-la-guajira\/contratacion\/plan-anual-de-adquisiciones-paa\/plan-anual-de-adquisiciones-publicado-en-secop-ii\/\/'\">\n  \n    <svg fill=\"#ffffff\" height=\"256px\" width=\"256px\" version=\"1.2\" baseprofile=\"tiny\" id=\"Layer_1\" xmlns=\"http:\/\/www.w3.org\/2000\/svg\" xmlns:xlink=\"http:\/\/www.w3.org\/1999\/xlink\" viewbox=\"-351 153 256 256\" xml:space=\"preserve\" stroke=\"#ffffff\"><g id=\"SVGRepo_bgCarrier\" stroke-width=\"0\"><\/g><g id=\"SVGRepo_tracerCarrier\" stroke-linecap=\"round\" stroke-linejoin=\"round\"><\/g><g id=\"SVGRepo_iconCarrier\"> <path d=\"M-222.5,159c20.6,0,37.3,16.7,37.3,37.3s-16.7,37.3-37.3,37.3s-37.3-16.7-37.3-37.3S-243.1,159-222.5,159z M-282.6,298.8 c0-2.8,1.8-4.7,4.7-4.7s4.7,1.8,4.7,4.7V403h102.5V298.8c0-2.8,1.8-4.7,4.7-4.7c2.8,0,4.7,1.8,4.7,4.7V403h32.6V289.4 c0-25.7-21-46.6-46.6-46.6h-9.4l-27.4,42.6l-3.3-31.9l4.5-10.8h-20.2l4.5,10.8l-3.5,32.1l-27.4-42.8h-11c-25.7,0-46.6,21-46.6,46.6 V403h32.6V298.8H-282.6z\"><\/path> <\/g><\/svg>\n     <span class=\"button-label\">Plan Anual de Adquisiciones SECOP II<\/span>\n  \n  <\/button>\n\n<\/div>\n<\/div><\/div>\n<\/div>\n<\/div>\n<\/div>\n<\/div>\n<\/div>\n<\/div>\n<\/div>","protected":false},"excerpt":{"rendered":"<p>En esta secci\u00f3n encontrar\u00e1s el Plan Anual de Adquisiciones \u2013 PAA, una herramienta de planeaci\u00f3n que permite facilitar, identificar, registrar, programar y divulgar &#8230; <a title=\"Plan Anual de Adquisiciones &#8211; PAA\" class=\"read-more\" href=\"https:\/\/uniguajira.edu.co\/en\/universidad-de-la-guajira\/contratacion\/plan-anual-de-adquisiciones-paa\/\" aria-label=\"Read more about Plan Anual de Adquisiciones &#8211; PAA\">.<\/a><\/p>","protected":false},"author":3,"featured_media":49176,"parent":31495,"menu_order":0,"comment_status":"closed","ping_status":"closed","template":"","meta":{"footnotes":""},"class_list":{"0":"post-50694","1":"page","2":"type-page","3":"status-publish","4":"has-post-thumbnail","6":"infinite-scroll-item"},"yoast_head":"<!-- This site is optimized with the Yoast SEO Premium plugin v27.0 (Yoast SEO v27.0) - https:\/\/yoast.com\/product\/yoast-seo-premium-wordpress\/ -->\n<title>Plan Anual de Adquisiciones - PAA<\/title>\n<meta name=\"robots\" content=\"index, follow, max-snippet:-1, max-image-preview:large, max-video-preview:-1\" \/>\n<link rel=\"canonical\" href=\"https:\/\/uniguajira.edu.co\/en\/universidad-de-la-guajira\/contratacion\/plan-anual-de-adquisiciones-paa\/\" \/>\n<meta property=\"og:locale\" content=\"en_US\" \/>\n<meta property=\"og:type\" content=\"article\" \/>\n<meta property=\"og:title\" content=\"Plan Anual de Adquisiciones - PAA\" \/>\n<meta property=\"og:description\" content=\"En esta secci\u00f3n encontrar\u00e1s el Plan Anual de Adquisiciones \u2013 PAA, una herramienta de planeaci\u00f3n que permite facilitar, identificar, registrar, programar y divulgar ... .\" \/>\n<meta property=\"og:url\" content=\"https:\/\/uniguajira.edu.co\/en\/universidad-de-la-guajira\/contratacion\/plan-anual-de-adquisiciones-paa\/\" \/>\n<meta property=\"og:site_name\" content=\"Universidad de La Guajira\" \/>\n<meta property=\"article:publisher\" content=\"https:\/\/www.facebook.com\/UniLaGuajira\/\" \/>\n<meta property=\"article:modified_time\" content=\"2025-10-02T22:27:40+00:00\" \/>\n<meta property=\"og:image\" content=\"https:\/\/uniguajira.edu.co\/wp-content\/uploads\/2024\/05\/Gobierno-de-Colombia-habilita-a-Uniguajira-como-entidad-prestadora-de-servicio-de-extension-agropecuaria.webp\" \/>\n\t<meta property=\"og:image:width\" content=\"1920\" \/>\n\t<meta property=\"og:image:height\" content=\"1080\" \/>\n\t<meta property=\"og:image:type\" content=\"image\/webp\" \/>\n<meta name=\"twitter:card\" content=\"summary_large_image\" \/>\n<meta name=\"twitter:site\" content=\"@UniLaGuajira\" \/>\n<meta name=\"twitter:label1\" content=\"Est. reading time\" \/>\n\t<meta name=\"twitter:data1\" content=\"1 minute\" \/>\n<script type=\"application\/ld+json\" class=\"yoast-schema-graph\">{\"@context\":\"https:\/\/schema.org\",\"@graph\":[{\"@type\":\"WebPage\",\"@id\":\"https:\/\/uniguajira.edu.co\/universidad-de-la-guajira\/contratacion\/plan-anual-de-adquisiciones-paa\/\",\"url\":\"https:\/\/uniguajira.edu.co\/universidad-de-la-guajira\/contratacion\/plan-anual-de-adquisiciones-paa\/\",\"name\":\"Plan Anual de Adquisiciones - PAA\",\"isPartOf\":{\"@id\":\"https:\/\/uniguajira.edu.co\/#website\"},\"primaryImageOfPage\":{\"@id\":\"https:\/\/uniguajira.edu.co\/universidad-de-la-guajira\/contratacion\/plan-anual-de-adquisiciones-paa\/#primaryimage\"},\"image\":{\"@id\":\"https:\/\/uniguajira.edu.co\/universidad-de-la-guajira\/contratacion\/plan-anual-de-adquisiciones-paa\/#primaryimage\"},\"thumbnailUrl\":\"https:\/\/uniguajira.edu.co\/wp-content\/uploads\/2024\/05\/Gobierno-de-Colombia-habilita-a-Uniguajira-como-entidad-prestadora-de-servicio-de-extension-agropecuaria.webp\",\"datePublished\":\"2024-06-05T14:13:47+00:00\",\"dateModified\":\"2025-10-02T22:27:40+00:00\",\"breadcrumb\":{\"@id\":\"https:\/\/uniguajira.edu.co\/universidad-de-la-guajira\/contratacion\/plan-anual-de-adquisiciones-paa\/#breadcrumb\"},\"inLanguage\":\"en-US\",\"potentialAction\":[{\"@type\":\"ReadAction\",\"target\":[\"https:\/\/uniguajira.edu.co\/universidad-de-la-guajira\/contratacion\/plan-anual-de-adquisiciones-paa\/\"]}]},{\"@type\":\"ImageObject\",\"inLanguage\":\"en-US\",\"@id\":\"https:\/\/uniguajira.edu.co\/universidad-de-la-guajira\/contratacion\/plan-anual-de-adquisiciones-paa\/#primaryimage\",\"url\":\"https:\/\/uniguajira.edu.co\/wp-content\/uploads\/2024\/05\/Gobierno-de-Colombia-habilita-a-Uniguajira-como-entidad-prestadora-de-servicio-de-extension-agropecuaria.webp\",\"contentUrl\":\"https:\/\/uniguajira.edu.co\/wp-content\/uploads\/2024\/05\/Gobierno-de-Colombia-habilita-a-Uniguajira-como-entidad-prestadora-de-servicio-de-extension-agropecuaria.webp\",\"width\":1920,\"height\":1080,\"caption\":\"Gobierno de Colombia habilita a Uniguajira como entidad prestadora de servicio de extensi\u00f3n agropecuaria\"},{\"@type\":\"BreadcrumbList\",\"@id\":\"https:\/\/uniguajira.edu.co\/universidad-de-la-guajira\/contratacion\/plan-anual-de-adquisiciones-paa\/#breadcrumb\",\"itemListElement\":[{\"@type\":\"ListItem\",\"position\":1,\"name\":\"\u2302 Uniguajira\",\"item\":\"https:\/\/uniguajira.edu.co\/\"},{\"@type\":\"ListItem\",\"position\":2,\"name\":\"Uniguajira\",\"item\":\"https:\/\/uniguajira.edu.co\/\"},{\"@type\":\"ListItem\",\"position\":3,\"name\":\"Contrataci\u00f3n\",\"item\":\"https:\/\/uniguajira.edu.co\/universidad-de-la-guajira\/contratacion\/\"},{\"@type\":\"ListItem\",\"position\":4,\"name\":\"PAA\"}]},{\"@type\":\"WebSite\",\"@id\":\"https:\/\/uniguajira.edu.co\/#website\",\"url\":\"https:\/\/uniguajira.edu.co\/\",\"name\":\"UNIGUAJIRA\",\"description\":\"Descubre la educaci\u00f3n superior con oportunidades laborales, retos estudiantiles y tecnolog\u00eda innovadora. Alcanza el \u00e9xito acad\u00e9mico y explora el impacto social y la diversidad en un entorno de aprendizaje moderno. Ad\u00e1ptate con inteligencia artificial y pr\u00e1cticas profesionales para un crecimiento integral.\",\"publisher\":{\"@id\":\"https:\/\/uniguajira.edu.co\/#organization\"},\"alternateName\":\"Universidad de La Guajira\",\"potentialAction\":[{\"@type\":\"SearchAction\",\"target\":{\"@type\":\"EntryPoint\",\"urlTemplate\":\"https:\/\/uniguajira.edu.co\/?s={search_term_string}\"},\"query-input\":{\"@type\":\"PropertyValueSpecification\",\"valueRequired\":true,\"valueName\":\"search_term_string\"}}],\"inLanguage\":\"en-US\"},{\"@type\":\"Organization\",\"@id\":\"https:\/\/uniguajira.edu.co\/#organization\",\"name\":\"Universidad de La Guajira\",\"alternateName\":\"UNIGUAJIRA\",\"url\":\"https:\/\/uniguajira.edu.co\/\",\"logo\":{\"@type\":\"ImageObject\",\"inLanguage\":\"en-US\",\"@id\":\"https:\/\/uniguajira.edu.co\/#\/schema\/logo\/image\/\",\"url\":\"https:\/\/uniguajira.edu.co\/wp-content\/uploads\/2026\/01\/cropped-cropped-LOGOS-PAGINA-WEB-04-1.webp\",\"contentUrl\":\"https:\/\/uniguajira.edu.co\/wp-content\/uploads\/2026\/01\/cropped-cropped-LOGOS-PAGINA-WEB-04-1.webp\",\"width\":360,\"height\":72,\"caption\":\"Universidad de La Guajira\"},\"image\":{\"@id\":\"https:\/\/uniguajira.edu.co\/#\/schema\/logo\/image\/\"},\"sameAs\":[\"https:\/\/www.facebook.com\/UniLaGuajira\/\",\"https:\/\/x.com\/UniLaGuajira\",\"https:\/\/www.instagram.com\/uniguajira_\/\",\"https:\/\/www.youtube.com\/user\/UniLaGuajira\"]}]}<\/script>\n<!-- \/ Yoast SEO Premium plugin. -->","yoast_head_json":{"title":"Plan Anual de Adquisiciones - PAA","robots":{"index":"index","follow":"follow","max-snippet":"max-snippet:-1","max-image-preview":"max-image-preview:large","max-video-preview":"max-video-preview:-1"},"canonical":"https:\/\/uniguajira.edu.co\/en\/universidad-de-la-guajira\/contratacion\/plan-anual-de-adquisiciones-paa\/","og_locale":"en_US","og_type":"article","og_title":"Plan Anual de Adquisiciones - PAA","og_description":"En esta secci\u00f3n encontrar\u00e1s el Plan Anual de Adquisiciones \u2013 PAA, una herramienta de planeaci\u00f3n que permite facilitar, identificar, registrar, programar y divulgar ... .","og_url":"https:\/\/uniguajira.edu.co\/en\/universidad-de-la-guajira\/contratacion\/plan-anual-de-adquisiciones-paa\/","og_site_name":"Universidad de La Guajira","article_publisher":"https:\/\/www.facebook.com\/UniLaGuajira\/","article_modified_time":"2025-10-02T22:27:40+00:00","og_image":[{"width":1920,"height":1080,"url":"https:\/\/uniguajira.edu.co\/wp-content\/uploads\/2024\/05\/Gobierno-de-Colombia-habilita-a-Uniguajira-como-entidad-prestadora-de-servicio-de-extension-agropecuaria.webp","type":"image\/webp"}],"twitter_card":"summary_large_image","twitter_site":"@UniLaGuajira","twitter_misc":{"Est. reading time":"1 minute"},"schema":{"@context":"https:\/\/schema.org","@graph":[{"@type":"WebPage","@id":"https:\/\/uniguajira.edu.co\/universidad-de-la-guajira\/contratacion\/plan-anual-de-adquisiciones-paa\/","url":"https:\/\/uniguajira.edu.co\/universidad-de-la-guajira\/contratacion\/plan-anual-de-adquisiciones-paa\/","name":"Plan Anual de Adquisiciones - PAA","isPartOf":{"@id":"https:\/\/uniguajira.edu.co\/#website"},"primaryImageOfPage":{"@id":"https:\/\/uniguajira.edu.co\/universidad-de-la-guajira\/contratacion\/plan-anual-de-adquisiciones-paa\/#primaryimage"},"image":{"@id":"https:\/\/uniguajira.edu.co\/universidad-de-la-guajira\/contratacion\/plan-anual-de-adquisiciones-paa\/#primaryimage"},"thumbnailUrl":"https:\/\/uniguajira.edu.co\/wp-content\/uploads\/2024\/05\/Gobierno-de-Colombia-habilita-a-Uniguajira-como-entidad-prestadora-de-servicio-de-extension-agropecuaria.webp","datePublished":"2024-06-05T14:13:47+00:00","dateModified":"2025-10-02T22:27:40+00:00","breadcrumb":{"@id":"https:\/\/uniguajira.edu.co\/universidad-de-la-guajira\/contratacion\/plan-anual-de-adquisiciones-paa\/#breadcrumb"},"inLanguage":"en-US","potentialAction":[{"@type":"ReadAction","target":["https:\/\/uniguajira.edu.co\/universidad-de-la-guajira\/contratacion\/plan-anual-de-adquisiciones-paa\/"]}]},{"@type":"ImageObject","inLanguage":"en-US","@id":"https:\/\/uniguajira.edu.co\/universidad-de-la-guajira\/contratacion\/plan-anual-de-adquisiciones-paa\/#primaryimage","url":"https:\/\/uniguajira.edu.co\/wp-content\/uploads\/2024\/05\/Gobierno-de-Colombia-habilita-a-Uniguajira-como-entidad-prestadora-de-servicio-de-extension-agropecuaria.webp","contentUrl":"https:\/\/uniguajira.edu.co\/wp-content\/uploads\/2024\/05\/Gobierno-de-Colombia-habilita-a-Uniguajira-como-entidad-prestadora-de-servicio-de-extension-agropecuaria.webp","width":1920,"height":1080,"caption":"Gobierno de Colombia habilita a Uniguajira como entidad prestadora de servicio de extensi\u00f3n agropecuaria"},{"@type":"BreadcrumbList","@id":"https:\/\/uniguajira.edu.co\/universidad-de-la-guajira\/contratacion\/plan-anual-de-adquisiciones-paa\/#breadcrumb","itemListElement":[{"@type":"ListItem","position":1,"name":"\u2302 Uniguajira","item":"https:\/\/uniguajira.edu.co\/"},{"@type":"ListItem","position":2,"name":"Uniguajira","item":"https:\/\/uniguajira.edu.co\/"},{"@type":"ListItem","position":3,"name":"Contrataci\u00f3n","item":"https:\/\/uniguajira.edu.co\/universidad-de-la-guajira\/contratacion\/"},{"@type":"ListItem","position":4,"name":"PAA"}]},{"@type":"WebSite","@id":"https:\/\/uniguajira.edu.co\/#website","url":"https:\/\/uniguajira.edu.co\/","name":"UNIGUAJIRA","description":"Descubre la educaci\u00f3n superior con oportunidades laborales, retos estudiantiles y tecnolog\u00eda innovadora. Alcanza el \u00e9xito acad\u00e9mico y explora el impacto social y la diversidad en un entorno de aprendizaje moderno. Ad\u00e1ptate con inteligencia artificial y pr\u00e1cticas profesionales para un crecimiento integral.","publisher":{"@id":"https:\/\/uniguajira.edu.co\/#organization"},"alternateName":"Universidad de La Guajira","potentialAction":[{"@type":"SearchAction","target":{"@type":"EntryPoint","urlTemplate":"https:\/\/uniguajira.edu.co\/?s={search_term_string}"},"query-input":{"@type":"PropertyValueSpecification","valueRequired":true,"valueName":"search_term_string"}}],"inLanguage":"en-US"},{"@type":"Organization","@id":"https:\/\/uniguajira.edu.co\/#organization","name":"University of La Guajira","alternateName":"UNIGUAJIRA","url":"https:\/\/uniguajira.edu.co\/","logo":{"@type":"ImageObject","inLanguage":"en-US","@id":"https:\/\/uniguajira.edu.co\/#\/schema\/logo\/image\/","url":"https:\/\/uniguajira.edu.co\/wp-content\/uploads\/2026\/01\/cropped-cropped-LOGOS-PAGINA-WEB-04-1.webp","contentUrl":"https:\/\/uniguajira.edu.co\/wp-content\/uploads\/2026\/01\/cropped-cropped-LOGOS-PAGINA-WEB-04-1.webp","width":360,"height":72,"caption":"Universidad de La Guajira"},"image":{"@id":"https:\/\/uniguajira.edu.co\/#\/schema\/logo\/image\/"},"sameAs":["https:\/\/www.facebook.com\/UniLaGuajira\/","https:\/\/x.com\/UniLaGuajira","https:\/\/www.instagram.com\/uniguajira_\/","https:\/\/www.youtube.com\/user\/UniLaGuajira"]}]}},"_hostinger_reach_plugin_has_subscription_block":false,"_hostinger_reach_plugin_is_elementor":false,"_links":{"self":[{"href":"https:\/\/uniguajira.edu.co\/en\/wp-json\/wp\/v2\/pages\/50694","targetHints":{"allow":["GET"]}}],"collection":[{"href":"https:\/\/uniguajira.edu.co\/en\/wp-json\/wp\/v2\/pages"}],"about":[{"href":"https:\/\/uniguajira.edu.co\/en\/wp-json\/wp\/v2\/types\/page"}],"author":[{"embeddable":true,"href":"https:\/\/uniguajira.edu.co\/en\/wp-json\/wp\/v2\/users\/3"}],"replies":[{"embeddable":true,"href":"https:\/\/uniguajira.edu.co\/en\/wp-json\/wp\/v2\/comments?post=50694"}],"version-history":[{"count":0,"href":"https:\/\/uniguajira.edu.co\/en\/wp-json\/wp\/v2\/pages\/50694\/revisions"}],"up":[{"embeddable":true,"href":"https:\/\/uniguajira.edu.co\/en\/wp-json\/wp\/v2\/pages\/31495"}],"wp:featuredmedia":[{"embeddable":true,"href":"https:\/\/uniguajira.edu.co\/en\/wp-json\/wp\/v2\/media\/49176"}],"wp:attachment":[{"href":"https:\/\/uniguajira.edu.co\/en\/wp-json\/wp\/v2\/media?parent=50694"}],"curies":[{"name":"wp","href":"https:\/\/api.w.org\/{rel}","templated":true}]}}