{"id":43606,"date":"2024-04-29T15:54:48","date_gmt":"2024-04-29T20:54:48","guid":{"rendered":"https:\/\/uniguajira.edu.co\/?page_id=43606"},"modified":"2025-08-29T16:52:09","modified_gmt":"2025-08-29T21:52:09","slug":"plan-de-rendicion-de-cuentas","status":"publish","type":"page","link":"https:\/\/uniguajira.edu.co\/en\/universidad-de-la-guajira\/planeacion-institucional\/plan-de-rendicion-de-cuentas\/","title":{"rendered":"Accountability Plan"},"content":{"rendered":"<div class=\"gb-container gb-container-d796b7e0\">\n<div class=\"gb-container gb-container-4d72301d\">\n<div class=\"gb-container gb-container-570b9a30\">\n<div class=\"gb-container gb-container-1db11728\">\n\n<p>\u00a1Bienvenidos al Plan de Rendici\u00f3n de Cuentas de la Universidad de La Guajira!<\/p>\n\n\n\n<p>En este espacio, nos comprometemos con la transparencia y la responsabilidad, facilitando un acceso f\u00e1cil y completo a todas las rendiciones de cuentas de nuestra instituci\u00f3n. Nuestro compromiso con la gesti\u00f3n eficiente y responsable de los recursos universitarios se puede ver en los informes detallados, presentaciones, documentos y otros recursos disponibles aqu\u00ed.<\/p>\n\n\n<div class=\"gb-container gb-container-bd75c527\">\n<div class=\"gb-container gb-container-61197dc1\">\n<div class=\"gb-container gb-container-14c73d23\">\n\n<details class=\"wp-block-details is-layout-flow wp-block-details-is-layout-flow\" open><summary>Management reports<\/summary><div class=\"gb-container gb-container-5692accd\">\n<div class=\"gb-container gb-container-0aabd47c\">\n\n<section id=\"section-eb510928-ad00-4efa-80e9-5005207f4ee3\" class=\"wp-block-gutentor-image-box gutentor-section gutentor-image-wrapper imagebox-template1\"><div class=\"grid-container\"><div class=\"grid-row gutentor-grid-item-wrap\"><div class=\"gutentor-grid-column grid-lg-2 grid-md-4 grid-12\"><div class=\"gutentor-single-item gutentor-image gutentor-single-item-0\"><div class=\"gutentor-single-item-wrap\"><div class=\"gutentor-single-item-image-box\"><div class=\"gutentor-image-thumb\"><img loading=\"lazy\" decoding=\"async\" class=\"normal-image\" src=\"https:\/\/uniguajira.edu.co\/wp-content\/uploads\/2024\/01\/D.Excel_.png\" alt=\"Descargar Documento Excel Icono con tejido Wayuu en los colores distintivos de la Universidad de La Guajira.\" height=\"155\" width=\"127\" \/><\/div><\/div><div class=\"gutentor-single-item-content\"><h3 class=\"gutentor-single-item-title\">Accountability Strategy 2023<\/h3><\/div><\/div><\/div><\/div><div class=\"gutentor-grid-column grid-lg-2 grid-md-4 grid-12\"><div class=\"gutentor-single-item gutentor-image gutentor-single-item-1 g-single-column-link-enabled\"><div class=\"gutentor-single-item-wrap\"><div class=\"gutentor-single-item-image-box\"><div class=\"gutentor-image-thumb\"><img loading=\"lazy\" decoding=\"async\" class=\"normal-image\" src=\"https:\/\/uniguajira.edu.co\/wp-content\/uploads\/2024\/01\/Descargar-PDF-Icono.png\" alt=\"Descargar PDF Icono con tejido Wayuu en los colores de la Universidad de La Guajira.\" height=\"155\" width=\"127\" \/><\/div><\/div><div class=\"gutentor-single-item-content\"><h3 class=\"gutentor-single-item-title\">Accountability Plan 2022<\/h3><\/div><\/div><a class=\"gutentor-single-item-box-link gutentor-link\" href=\"https:\/\/drive.google.com\/file\/d\/1IOmO2-jsIVTXMhljTldlUb8HZvGoV7VG\/view?usp=sharing\"><\/a><\/div><\/div><div class=\"gutentor-grid-column grid-lg-2 grid-md-4 grid-12\"><div class=\"gutentor-single-item gutentor-image gutentor-single-item-2 g-single-column-link-enabled\"><div class=\"gutentor-single-item-wrap\"><div class=\"gutentor-single-item-image-box\"><div class=\"gutentor-image-thumb\"><img loading=\"lazy\" decoding=\"async\" class=\"normal-image\" src=\"https:\/\/uniguajira.edu.co\/wp-content\/uploads\/2024\/01\/Descargar-PDF-Icono.png\" alt=\"Descargar PDF Icono con tejido Wayuu en los colores de la Universidad de La Guajira.\" height=\"155\" width=\"127\" \/><\/div><\/div><div class=\"gutentor-single-item-content\"><h3 class=\"gutentor-single-item-title\">Accountability Plan 2021<\/h3><\/div><\/div><a class=\"gutentor-single-item-box-link gutentor-link\" href=\"https:\/\/drive.google.com\/file\/d\/11mkSjP5EkKOgyvRg_XO6fsZuXeSpxiNC\/view?usp=sharing\" target=\"_blank\" rel=\"noopener noreferrer\"><\/a><\/div><\/div><div class=\"gutentor-grid-column grid-lg-2 grid-md-4 grid-12\"><div class=\"gutentor-single-item gutentor-image gutentor-single-item-3 g-single-column-link-enabled\"><div class=\"gutentor-single-item-wrap\"><div class=\"gutentor-single-item-image-box\"><div class=\"gutentor-image-thumb\"><img loading=\"lazy\" decoding=\"async\" class=\"normal-image\" src=\"https:\/\/uniguajira.edu.co\/wp-content\/uploads\/2024\/01\/Descargar-PDF-Icono.png\" alt=\"Descargar PDF Icono con tejido Wayuu en los colores de la Universidad de La Guajira.\" height=\"155\" width=\"127\" \/><\/div><\/div><div class=\"gutentor-single-item-content\"><h3 class=\"gutentor-single-item-title\">Accountability Strategy 2020<\/h3><\/div><\/div><a class=\"gutentor-single-item-box-link gutentor-link\" href=\"https:\/\/drive.google.com\/file\/d\/1zeGXtYmPFGhB8qdHtWHVCcUg3Vt3h0bZ\/view?usp=sharing\" target=\"_blank\" rel=\"noopener noreferrer\"><\/a><\/div><\/div><div class=\"gutentor-grid-column grid-lg-2 grid-md-4 grid-12\"><div class=\"gutentor-single-item gutentor-image gutentor-single-item-4 g-single-column-link-enabled\"><div class=\"gutentor-single-item-wrap\"><div class=\"gutentor-single-item-image-box\"><div class=\"gutentor-image-thumb\"><img loading=\"lazy\" decoding=\"async\" class=\"normal-image\" src=\"https:\/\/uniguajira.edu.co\/wp-content\/uploads\/2024\/01\/Descargar-PDF-Icono.png\" alt=\"Descargar PDF Icono con tejido Wayuu en los colores de la Universidad de La Guajira.\" height=\"155\" width=\"127\" \/><\/div><\/div><div class=\"gutentor-single-item-content\"><h3 class=\"gutentor-single-item-title\">Accountability strategy 2019<\/h3><\/div><\/div><a class=\"gutentor-single-item-box-link gutentor-link\" href=\"https:\/\/drive.google.com\/file\/d\/1sUZAGpYm7p-gYgKlSEI1V-TmwHEjRScd\/view?usp=sharing\" target=\"_blank\" rel=\"noopener noreferrer\"><\/a><\/div><\/div><div class=\"gutentor-grid-column grid-lg-2 grid-md-4 grid-12\"><div class=\"gutentor-single-item gutentor-image gutentor-single-item-5 g-single-column-link-enabled\"><div class=\"gutentor-single-item-wrap\"><div class=\"gutentor-single-item-image-box\"><div class=\"gutentor-image-thumb\"><img loading=\"lazy\" decoding=\"async\" class=\"normal-image\" src=\"https:\/\/uniguajira.edu.co\/wp-content\/uploads\/2024\/01\/Descargar-PDF-Icono.png\" alt=\"Descargar PDF Icono con tejido Wayuu en los colores de la Universidad de La Guajira.\" height=\"155\" width=\"127\" \/><\/div><\/div><div class=\"gutentor-single-item-content\"><h3 class=\"gutentor-single-item-title\">Estrategia de rendici\u00f3n de cuentas2016<\/h3><\/div><\/div><a class=\"gutentor-single-item-box-link gutentor-link\" href=\"https:\/\/drive.google.com\/file\/d\/1DmNQ8WYvTLgX0Fqc3DVmT1fcB1HeO8ym\/view?usp=sharing\" target=\"_blank\" rel=\"noopener noreferrer\"><\/a><\/div><\/div><\/div><\/div><\/section>\n\n<\/div>\n<\/div><\/details>\n\n<\/div>\n<\/div>\n<\/div>\n<\/div>\n<\/div>\n<\/div>\n<\/div>","protected":false},"excerpt":{"rendered":"<p>\u00a1Bienvenidos al Plan de Rendici\u00f3n de Cuentas de la Universidad de La Guajira! En este espacio, nos comprometemos con la transparencia y la &#8230; <a title=\"Accountability Plan\" class=\"read-more\" href=\"https:\/\/uniguajira.edu.co\/en\/universidad-de-la-guajira\/planeacion-institucional\/plan-de-rendicion-de-cuentas\/\" aria-label=\"Read more about Plan de Rendici\u00f3n de Cuentas\">.<\/a><\/p>","protected":false},"author":3,"featured_media":25539,"parent":31830,"menu_order":0,"comment_status":"closed","ping_status":"closed","template":"","meta":{"footnotes":""},"class_list":{"0":"post-43606","1":"page","2":"type-page","3":"status-publish","4":"has-post-thumbnail","6":"infinite-scroll-item"},"yoast_head":"<!-- This site is optimized with the Yoast SEO Premium plugin v27.0 (Yoast SEO v27.0) - https:\/\/yoast.com\/product\/yoast-seo-premium-wordpress\/ -->\n<title>Plan de Rendici\u00f3n de Cuentas<\/title>\n<meta name=\"robots\" content=\"index, follow, max-snippet:-1, max-image-preview:large, max-video-preview:-1\" \/>\n<link rel=\"canonical\" href=\"https:\/\/uniguajira.edu.co\/en\/universidad-de-la-guajira\/planeacion-institucional\/plan-de-rendicion-de-cuentas\/\" \/>\n<meta property=\"og:locale\" content=\"en_US\" \/>\n<meta property=\"og:type\" content=\"article\" \/>\n<meta property=\"og:title\" content=\"Plan de Rendici\u00f3n de Cuentas\" \/>\n<meta property=\"og:description\" content=\"\u00a1Bienvenidos al Plan de Rendici\u00f3n de Cuentas de la Universidad de La Guajira! En este espacio, nos comprometemos con la transparencia y la ... .\" \/>\n<meta property=\"og:url\" content=\"https:\/\/uniguajira.edu.co\/en\/universidad-de-la-guajira\/planeacion-institucional\/plan-de-rendicion-de-cuentas\/\" \/>\n<meta property=\"og:site_name\" content=\"Universidad de La Guajira\" \/>\n<meta property=\"article:publisher\" content=\"https:\/\/www.facebook.com\/UniLaGuajira\/\" \/>\n<meta property=\"article:modified_time\" content=\"2025-08-29T21:52:09+00:00\" \/>\n<meta property=\"og:image\" content=\"https:\/\/uniguajira.edu.co\/wp-content\/uploads\/2024\/01\/riohacha-scaled-1-scaled.webp\" \/>\n\t<meta property=\"og:image:width\" content=\"1920\" \/>\n\t<meta property=\"og:image:height\" content=\"1072\" \/>\n\t<meta property=\"og:image:type\" content=\"image\/webp\" \/>\n<meta name=\"twitter:card\" content=\"summary_large_image\" \/>\n<meta name=\"twitter:site\" content=\"@UniLaGuajira\" \/>\n<meta name=\"twitter:label1\" content=\"Est. reading time\" \/>\n\t<meta name=\"twitter:data1\" content=\"2 minutes\" \/>\n<script type=\"application\/ld+json\" class=\"yoast-schema-graph\">{\"@context\":\"https:\/\/schema.org\",\"@graph\":[{\"@type\":\"WebPage\",\"@id\":\"https:\/\/uniguajira.edu.co\/universidad-de-la-guajira\/planeacion-institucional\/plan-de-rendicion-de-cuentas\/\",\"url\":\"https:\/\/uniguajira.edu.co\/universidad-de-la-guajira\/planeacion-institucional\/plan-de-rendicion-de-cuentas\/\",\"name\":\"Plan de Rendici\u00f3n de Cuentas\",\"isPartOf\":{\"@id\":\"https:\/\/uniguajira.edu.co\/#website\"},\"primaryImageOfPage\":{\"@id\":\"https:\/\/uniguajira.edu.co\/universidad-de-la-guajira\/planeacion-institucional\/plan-de-rendicion-de-cuentas\/#primaryimage\"},\"image\":{\"@id\":\"https:\/\/uniguajira.edu.co\/universidad-de-la-guajira\/planeacion-institucional\/plan-de-rendicion-de-cuentas\/#primaryimage\"},\"thumbnailUrl\":\"https:\/\/uniguajira.edu.co\/wp-content\/uploads\/2024\/01\/riohacha-scaled-1-scaled.webp\",\"datePublished\":\"2024-04-29T20:54:48+00:00\",\"dateModified\":\"2025-08-29T21:52:09+00:00\",\"breadcrumb\":{\"@id\":\"https:\/\/uniguajira.edu.co\/universidad-de-la-guajira\/planeacion-institucional\/plan-de-rendicion-de-cuentas\/#breadcrumb\"},\"inLanguage\":\"en-US\",\"potentialAction\":[{\"@type\":\"ReadAction\",\"target\":[\"https:\/\/uniguajira.edu.co\/universidad-de-la-guajira\/planeacion-institucional\/plan-de-rendicion-de-cuentas\/\"]}]},{\"@type\":\"ImageObject\",\"inLanguage\":\"en-US\",\"@id\":\"https:\/\/uniguajira.edu.co\/universidad-de-la-guajira\/planeacion-institucional\/plan-de-rendicion-de-cuentas\/#primaryimage\",\"url\":\"https:\/\/uniguajira.edu.co\/wp-content\/uploads\/2024\/01\/riohacha-scaled-1-scaled.webp\",\"contentUrl\":\"https:\/\/uniguajira.edu.co\/wp-content\/uploads\/2024\/01\/riohacha-scaled-1-scaled.webp\",\"width\":1920,\"height\":1072,\"caption\":\"Vista a\u00e9rea del campus de la Universidad de La Guajira, con edificios amarillos y un edificio rojo central, rodeados de vegetaci\u00f3n.\"},{\"@type\":\"BreadcrumbList\",\"@id\":\"https:\/\/uniguajira.edu.co\/universidad-de-la-guajira\/planeacion-institucional\/plan-de-rendicion-de-cuentas\/#breadcrumb\",\"itemListElement\":[{\"@type\":\"ListItem\",\"position\":1,\"name\":\"\u2302 Uniguajira\",\"item\":\"https:\/\/uniguajira.edu.co\/\"},{\"@type\":\"ListItem\",\"position\":2,\"name\":\"Uniguajira\",\"item\":\"https:\/\/uniguajira.edu.co\/\"},{\"@type\":\"ListItem\",\"position\":3,\"name\":\"Planeaci\u00f3n Institucional\",\"item\":\"https:\/\/uniguajira.edu.co\/universidad-de-la-guajira\/planeacion-institucional\/\"},{\"@type\":\"ListItem\",\"position\":4,\"name\":\"Plan de Rendici\u00f3n de Cuentas\"}]},{\"@type\":\"WebSite\",\"@id\":\"https:\/\/uniguajira.edu.co\/#website\",\"url\":\"https:\/\/uniguajira.edu.co\/\",\"name\":\"UNIGUAJIRA\",\"description\":\"Descubre la educaci\u00f3n superior con oportunidades laborales, retos estudiantiles y tecnolog\u00eda innovadora. Alcanza el \u00e9xito acad\u00e9mico y explora el impacto social y la diversidad en un entorno de aprendizaje moderno. Ad\u00e1ptate con inteligencia artificial y pr\u00e1cticas profesionales para un crecimiento integral.\",\"publisher\":{\"@id\":\"https:\/\/uniguajira.edu.co\/#organization\"},\"alternateName\":\"Universidad de La Guajira\",\"potentialAction\":[{\"@type\":\"SearchAction\",\"target\":{\"@type\":\"EntryPoint\",\"urlTemplate\":\"https:\/\/uniguajira.edu.co\/?s={search_term_string}\"},\"query-input\":{\"@type\":\"PropertyValueSpecification\",\"valueRequired\":true,\"valueName\":\"search_term_string\"}}],\"inLanguage\":\"en-US\"},{\"@type\":\"Organization\",\"@id\":\"https:\/\/uniguajira.edu.co\/#organization\",\"name\":\"Universidad de La Guajira\",\"alternateName\":\"UNIGUAJIRA\",\"url\":\"https:\/\/uniguajira.edu.co\/\",\"logo\":{\"@type\":\"ImageObject\",\"inLanguage\":\"en-US\",\"@id\":\"https:\/\/uniguajira.edu.co\/#\/schema\/logo\/image\/\",\"url\":\"https:\/\/uniguajira.edu.co\/wp-content\/uploads\/2026\/01\/cropped-cropped-LOGOS-PAGINA-WEB-04-1.webp\",\"contentUrl\":\"https:\/\/uniguajira.edu.co\/wp-content\/uploads\/2026\/01\/cropped-cropped-LOGOS-PAGINA-WEB-04-1.webp\",\"width\":360,\"height\":72,\"caption\":\"Universidad de La Guajira\"},\"image\":{\"@id\":\"https:\/\/uniguajira.edu.co\/#\/schema\/logo\/image\/\"},\"sameAs\":[\"https:\/\/www.facebook.com\/UniLaGuajira\/\",\"https:\/\/x.com\/UniLaGuajira\",\"https:\/\/www.instagram.com\/uniguajira_\/\",\"https:\/\/www.youtube.com\/user\/UniLaGuajira\"]}]}<\/script>\n<!-- \/ Yoast SEO Premium plugin. -->","yoast_head_json":{"title":"Accountability Plan","robots":{"index":"index","follow":"follow","max-snippet":"max-snippet:-1","max-image-preview":"max-image-preview:large","max-video-preview":"max-video-preview:-1"},"canonical":"https:\/\/uniguajira.edu.co\/en\/universidad-de-la-guajira\/planeacion-institucional\/plan-de-rendicion-de-cuentas\/","og_locale":"en_US","og_type":"article","og_title":"Plan de Rendici\u00f3n de Cuentas","og_description":"\u00a1Bienvenidos al Plan de Rendici\u00f3n de Cuentas de la Universidad de La Guajira! En este espacio, nos comprometemos con la transparencia y la ... .","og_url":"https:\/\/uniguajira.edu.co\/en\/universidad-de-la-guajira\/planeacion-institucional\/plan-de-rendicion-de-cuentas\/","og_site_name":"Universidad de La Guajira","article_publisher":"https:\/\/www.facebook.com\/UniLaGuajira\/","article_modified_time":"2025-08-29T21:52:09+00:00","og_image":[{"width":1920,"height":1072,"url":"https:\/\/uniguajira.edu.co\/wp-content\/uploads\/2024\/01\/riohacha-scaled-1-scaled.webp","type":"image\/webp"}],"twitter_card":"summary_large_image","twitter_site":"@UniLaGuajira","twitter_misc":{"Est. reading time":"2 minutes"},"schema":{"@context":"https:\/\/schema.org","@graph":[{"@type":"WebPage","@id":"https:\/\/uniguajira.edu.co\/universidad-de-la-guajira\/planeacion-institucional\/plan-de-rendicion-de-cuentas\/","url":"https:\/\/uniguajira.edu.co\/universidad-de-la-guajira\/planeacion-institucional\/plan-de-rendicion-de-cuentas\/","name":"Accountability Plan","isPartOf":{"@id":"https:\/\/uniguajira.edu.co\/#website"},"primaryImageOfPage":{"@id":"https:\/\/uniguajira.edu.co\/universidad-de-la-guajira\/planeacion-institucional\/plan-de-rendicion-de-cuentas\/#primaryimage"},"image":{"@id":"https:\/\/uniguajira.edu.co\/universidad-de-la-guajira\/planeacion-institucional\/plan-de-rendicion-de-cuentas\/#primaryimage"},"thumbnailUrl":"https:\/\/uniguajira.edu.co\/wp-content\/uploads\/2024\/01\/riohacha-scaled-1-scaled.webp","datePublished":"2024-04-29T20:54:48+00:00","dateModified":"2025-08-29T21:52:09+00:00","breadcrumb":{"@id":"https:\/\/uniguajira.edu.co\/universidad-de-la-guajira\/planeacion-institucional\/plan-de-rendicion-de-cuentas\/#breadcrumb"},"inLanguage":"en-US","potentialAction":[{"@type":"ReadAction","target":["https:\/\/uniguajira.edu.co\/universidad-de-la-guajira\/planeacion-institucional\/plan-de-rendicion-de-cuentas\/"]}]},{"@type":"ImageObject","inLanguage":"en-US","@id":"https:\/\/uniguajira.edu.co\/universidad-de-la-guajira\/planeacion-institucional\/plan-de-rendicion-de-cuentas\/#primaryimage","url":"https:\/\/uniguajira.edu.co\/wp-content\/uploads\/2024\/01\/riohacha-scaled-1-scaled.webp","contentUrl":"https:\/\/uniguajira.edu.co\/wp-content\/uploads\/2024\/01\/riohacha-scaled-1-scaled.webp","width":1920,"height":1072,"caption":"Vista a\u00e9rea del campus de la Universidad de La Guajira, con edificios amarillos y un edificio rojo central, rodeados de vegetaci\u00f3n."},{"@type":"BreadcrumbList","@id":"https:\/\/uniguajira.edu.co\/universidad-de-la-guajira\/planeacion-institucional\/plan-de-rendicion-de-cuentas\/#breadcrumb","itemListElement":[{"@type":"ListItem","position":1,"name":"\u2302 Uniguajira","item":"https:\/\/uniguajira.edu.co\/"},{"@type":"ListItem","position":2,"name":"Uniguajira","item":"https:\/\/uniguajira.edu.co\/"},{"@type":"ListItem","position":3,"name":"Planeaci\u00f3n Institucional","item":"https:\/\/uniguajira.edu.co\/universidad-de-la-guajira\/planeacion-institucional\/"},{"@type":"ListItem","position":4,"name":"Plan de Rendici\u00f3n de Cuentas"}]},{"@type":"WebSite","@id":"https:\/\/uniguajira.edu.co\/#website","url":"https:\/\/uniguajira.edu.co\/","name":"UNIGUAJIRA","description":"Descubre la educaci\u00f3n superior con oportunidades laborales, retos estudiantiles y tecnolog\u00eda innovadora. Alcanza el \u00e9xito acad\u00e9mico y explora el impacto social y la diversidad en un entorno de aprendizaje moderno. Ad\u00e1ptate con inteligencia artificial y pr\u00e1cticas profesionales para un crecimiento integral.","publisher":{"@id":"https:\/\/uniguajira.edu.co\/#organization"},"alternateName":"Universidad de La Guajira","potentialAction":[{"@type":"SearchAction","target":{"@type":"EntryPoint","urlTemplate":"https:\/\/uniguajira.edu.co\/?s={search_term_string}"},"query-input":{"@type":"PropertyValueSpecification","valueRequired":true,"valueName":"search_term_string"}}],"inLanguage":"en-US"},{"@type":"Organization","@id":"https:\/\/uniguajira.edu.co\/#organization","name":"University of La Guajira","alternateName":"UNIGUAJIRA","url":"https:\/\/uniguajira.edu.co\/","logo":{"@type":"ImageObject","inLanguage":"en-US","@id":"https:\/\/uniguajira.edu.co\/#\/schema\/logo\/image\/","url":"https:\/\/uniguajira.edu.co\/wp-content\/uploads\/2026\/01\/cropped-cropped-LOGOS-PAGINA-WEB-04-1.webp","contentUrl":"https:\/\/uniguajira.edu.co\/wp-content\/uploads\/2026\/01\/cropped-cropped-LOGOS-PAGINA-WEB-04-1.webp","width":360,"height":72,"caption":"Universidad de La Guajira"},"image":{"@id":"https:\/\/uniguajira.edu.co\/#\/schema\/logo\/image\/"},"sameAs":["https:\/\/www.facebook.com\/UniLaGuajira\/","https:\/\/x.com\/UniLaGuajira","https:\/\/www.instagram.com\/uniguajira_\/","https:\/\/www.youtube.com\/user\/UniLaGuajira"]}]}},"_hostinger_reach_plugin_has_subscription_block":false,"_hostinger_reach_plugin_is_elementor":false,"_links":{"self":[{"href":"https:\/\/uniguajira.edu.co\/en\/wp-json\/wp\/v2\/pages\/43606","targetHints":{"allow":["GET"]}}],"collection":[{"href":"https:\/\/uniguajira.edu.co\/en\/wp-json\/wp\/v2\/pages"}],"about":[{"href":"https:\/\/uniguajira.edu.co\/en\/wp-json\/wp\/v2\/types\/page"}],"author":[{"embeddable":true,"href":"https:\/\/uniguajira.edu.co\/en\/wp-json\/wp\/v2\/users\/3"}],"replies":[{"embeddable":true,"href":"https:\/\/uniguajira.edu.co\/en\/wp-json\/wp\/v2\/comments?post=43606"}],"version-history":[{"count":0,"href":"https:\/\/uniguajira.edu.co\/en\/wp-json\/wp\/v2\/pages\/43606\/revisions"}],"up":[{"embeddable":true,"href":"https:\/\/uniguajira.edu.co\/en\/wp-json\/wp\/v2\/pages\/31830"}],"wp:featuredmedia":[{"embeddable":true,"href":"https:\/\/uniguajira.edu.co\/en\/wp-json\/wp\/v2\/media\/25539"}],"wp:attachment":[{"href":"https:\/\/uniguajira.edu.co\/en\/wp-json\/wp\/v2\/media?parent=43606"}],"curies":[{"name":"wp","href":"https:\/\/api.w.org\/{rel}","templated":true}]}}