{"id":38114,"date":"2024-04-08T09:39:39","date_gmt":"2024-04-08T14:39:39","guid":{"rendered":"https:\/\/uniguajira.edu.co\/?page_id=38114"},"modified":"2025-09-01T18:52:27","modified_gmt":"2025-09-01T23:52:27","slug":"oferta-academica-cede-fonseca","status":"publish","type":"page","link":"https:\/\/uniguajira.edu.co\/en\/universidad-de-la-guajira\/sedes-uniguajira\/sede-fonseca\/oferta-academica-cede-fonseca\/","title":{"rendered":"Academic offerings - Fonseca Campus"},"content":{"rendered":"<div class=\"gb-container gb-container-1bddf169\">\n<div class=\"gb-container gb-container-8a679f50\">\n<div class=\"gb-container gb-container-194ddd1e\">\n<div class=\"gb-container gb-container-8ce45757\">\n\n<p class=\"has-text-align-left\">Our <strong>academic offerings at the university of the Guajira<\/strong> are designed to provide you with an enriching and high quality educational experience. We have a wide variety of undergraduate and graduate programs that cover diverse areas of knowledge, from social sciences and humanities to exact sciences and technology.<\/p>\n\n\n\n<p class=\"has-text-align-left\">Our commitment is to provide you with a comprehensive education that prepares you to face the challenges of today's and tomorrow's world. Through a combination of academic rigor, <strong>innovative research<\/strong> and practical focus, we provide you with the tools you need to achieve your professional and personal goals. Join our educational community and discover a world of opportunities to grow and excel in your field of study.<\/p>\n\n\n<div class=\"gb-container gb-container-bed89c9b\">\n<div class=\"gb-grid-wrapper gb-grid-wrapper-1b636430\">\n<div class=\"gb-grid-column gb-grid-column-d38de628\"><div class=\"gb-container gb-container-d38de628 infpro neumo\">\n\n<figure class=\"wp-block-image size-full\"><img loading=\"lazy\" decoding=\"async\" width=\"1920\" height=\"1080\" src=\"https:\/\/uniguajira.edu.co\/wp-content\/uploads\/2024\/04\/Pregrado.webp\" alt=\"oferta academica, pregrado\" class=\"wp-image-38770\" srcset=\"https:\/\/uniguajira.edu.co\/wp-content\/uploads\/2024\/04\/Pregrado.webp 1920w, https:\/\/uniguajira.edu.co\/wp-content\/uploads\/2024\/04\/Pregrado-300x169.webp 300w, https:\/\/uniguajira.edu.co\/wp-content\/uploads\/2024\/04\/Pregrado-1024x576.webp 1024w, https:\/\/uniguajira.edu.co\/wp-content\/uploads\/2024\/04\/Pregrado-768x432.webp 768w, https:\/\/uniguajira.edu.co\/wp-content\/uploads\/2024\/04\/Pregrado-1536x864.webp 1536w, https:\/\/uniguajira.edu.co\/wp-content\/uploads\/2024\/04\/Pregrado-18x10.webp 18w\" sizes=\"auto, (max-width: 1920px) 100vw, 1920px\" \/><\/figure>\n\n\n\n<h3 class=\"gb-headline gb-headline-313ae8b6 gb-headline-text\">Undergraduates<\/h3>\n\n\n<div class=\"gb-container gb-container-ee883138\">\n<div class=\"gb-container gb-container-e124b700\">\n\n<p class=\"has-text-align-center\"><\/p>\n\n<\/div>\n\n<div class=\"gb-container gb-container-c838accb\">\n\n<a class=\"gb-button gb-button-aa4f0539\" href=\"https:\/\/uniguajira.edu.co\/en\/facultades-de-fonseca\/\" aria-label=\"Visit now\"><span class=\"gb-icon\"><svg fill=\"#e8eaed\" width=\"24px\" viewbox=\"0 -960 960 960\" height=\"24px\" xmlns=\"http:\/\/www.w3.org\/2000\/svg\"><path d=\"M40-480v-80h80v80H40Zm800 0v-80h80v80h-80ZM40-640v-80h80v80H40Zm800 0v-80h80v80h-80ZM40-800v-80h80v80H40Zm160 320v-80h80v80h-80Zm480 0v-80h80v80h-80Zm160-320v-80h80v80h-80Zm-640 0v-80h80v80h-80Zm160 0v-80h80v80h-80Zm160 0v-80h80v80h-80Zm160 0v-80h80v80h-80ZM473-40q-24 0-46-9t-39-26L184-280l33-34q14-14 34-19t40 0l69 20v-327q0-17 11.5-28.5T400-680q17 0 28.5 11.5T440-640v433l-98-28 103 103q6 6 13 9t15 3h167q33 0 56.5-23.5T720-200v-160q0-17 11.5-28.5T760-400q17 0 28.5 11.5T800-360v160q0 66-47 113T640-40H473Zm7-280v-160q0-17 11.5-28.5T520-520q17 0 28.5 11.5T560-480v160h-80Zm120 0v-120q0-17 11.5-28.5T640-480q17 0 28.5 11.5T680-440v120h-80Zm40 200H445h195Z\"><\/path><\/svg><\/span><span class=\"gb-button-text\">Visit now<\/span><\/a>\n\n<\/div>\n<\/div>\n<\/div><\/div>\n<\/div>\n<\/div>\n<\/div>\n<\/div>\n<\/div>\n<\/div>","protected":false},"excerpt":{"rendered":"<p>Nuestras ofertas acad\u00e9micas en la Universidad de La Guajira est\u00e1n dise\u00f1adas para brindarte una experiencia educativa enriquecedora y de alta calidad. Contamos con &#8230; <a title=\"Oferta acad\u00e9mica &#8211; Sede Fonseca\" class=\"read-more\" href=\"https:\/\/uniguajira.edu.co\/en\/universidad-de-la-guajira\/sedes-uniguajira\/sede-fonseca\/oferta-academica-cede-fonseca\/\" aria-label=\"Read more about Oferta acad\u00e9mica &#8211; Sede Fonseca\">.<\/a><\/p>","protected":false},"author":3,"featured_media":0,"parent":31218,"menu_order":0,"comment_status":"closed","ping_status":"closed","template":"","meta":{"footnotes":""},"class_list":{"0":"post-38114","1":"page","2":"type-page","3":"status-publish","5":"infinite-scroll-item"},"yoast_head":"<!-- This site is optimized with the Yoast SEO Premium plugin v27.0 (Yoast SEO v27.0) - https:\/\/yoast.com\/product\/yoast-seo-premium-wordpress\/ -->\n<title>Oferta acad\u00e9mica - Sede Fonseca<\/title>\n<meta name=\"robots\" content=\"index, follow, max-snippet:-1, max-image-preview:large, max-video-preview:-1\" \/>\n<link rel=\"canonical\" href=\"https:\/\/uniguajira.edu.co\/en\/universidad-de-la-guajira\/ofertas-academicas\/\" \/>\n<meta property=\"og:locale\" content=\"en_US\" \/>\n<meta property=\"og:type\" content=\"article\" \/>\n<meta property=\"og:title\" content=\"Oferta acad\u00e9mica - Sede Fonseca\" \/>\n<meta property=\"og:description\" content=\"Nuestras ofertas acad\u00e9micas en la Universidad de La Guajira est\u00e1n dise\u00f1adas para brindarte una experiencia educativa enriquecedora y de alta calidad. Contamos con ... .\" \/>\n<meta property=\"og:url\" content=\"https:\/\/uniguajira.edu.co\/en\/universidad-de-la-guajira\/ofertas-academicas\/\" \/>\n<meta property=\"og:site_name\" content=\"Universidad de La Guajira\" \/>\n<meta property=\"article:publisher\" content=\"https:\/\/www.facebook.com\/UniLaGuajira\/\" \/>\n<meta property=\"article:modified_time\" content=\"2025-09-01T23:52:27+00:00\" \/>\n<meta property=\"og:image\" content=\"https:\/\/uniguajira.edu.co\/wp-content\/uploads\/2024\/04\/Pregrado.webp\" \/>\n\t<meta property=\"og:image:width\" content=\"1920\" \/>\n\t<meta property=\"og:image:height\" content=\"1080\" \/>\n\t<meta property=\"og:image:type\" content=\"image\/webp\" \/>\n<meta name=\"twitter:card\" content=\"summary_large_image\" \/>\n<meta name=\"twitter:site\" content=\"@UniLaGuajira\" \/>\n<meta name=\"twitter:label1\" content=\"Est. reading time\" \/>\n\t<meta name=\"twitter:data1\" content=\"1 minute\" \/>\n<script type=\"application\/ld+json\" class=\"yoast-schema-graph\">{\"@context\":\"https:\/\/schema.org\",\"@graph\":[{\"@type\":\"WebPage\",\"@id\":\"https:\/\/uniguajira.edu.co\/universidad-de-la-guajira\/sedes-uniguajira\/sede-fonseca\/oferta-academica-cede-fonseca\/\",\"url\":\"https:\/\/uniguajira.edu.co\/universidad-de-la-guajira\/ofertas-academicas\/\",\"name\":\"Oferta acad\u00e9mica - Sede Fonseca\",\"isPartOf\":{\"@id\":\"https:\/\/uniguajira.edu.co\/#website\"},\"primaryImageOfPage\":{\"@id\":\"https:\/\/uniguajira.edu.co\/universidad-de-la-guajira\/ofertas-academicas\/#primaryimage\"},\"image\":{\"@id\":\"https:\/\/uniguajira.edu.co\/universidad-de-la-guajira\/ofertas-academicas\/#primaryimage\"},\"thumbnailUrl\":\"https:\/\/uniguajira.edu.co\/wp-content\/uploads\/2024\/04\/Pregrado.webp\",\"datePublished\":\"2024-04-08T14:39:39+00:00\",\"dateModified\":\"2025-09-01T23:52:27+00:00\",\"breadcrumb\":{\"@id\":\"https:\/\/uniguajira.edu.co\/universidad-de-la-guajira\/ofertas-academicas\/#breadcrumb\"},\"inLanguage\":\"en-US\",\"potentialAction\":[{\"@type\":\"ReadAction\",\"target\":[\"https:\/\/uniguajira.edu.co\/universidad-de-la-guajira\/ofertas-academicas\/\"]}]},{\"@type\":\"ImageObject\",\"inLanguage\":\"en-US\",\"@id\":\"https:\/\/uniguajira.edu.co\/universidad-de-la-guajira\/ofertas-academicas\/#primaryimage\",\"url\":\"https:\/\/uniguajira.edu.co\/wp-content\/uploads\/2024\/04\/Pregrado.webp\",\"contentUrl\":\"https:\/\/uniguajira.edu.co\/wp-content\/uploads\/2024\/04\/Pregrado.webp\"},{\"@type\":\"BreadcrumbList\",\"@id\":\"https:\/\/uniguajira.edu.co\/universidad-de-la-guajira\/ofertas-academicas\/#breadcrumb\",\"itemListElement\":[{\"@type\":\"ListItem\",\"position\":1,\"name\":\"\u2302 Uniguajira\",\"item\":\"https:\/\/uniguajira.edu.co\/\"},{\"@type\":\"ListItem\",\"position\":2,\"name\":\"Uniguajira\",\"item\":\"https:\/\/uniguajira.edu.co\/\"},{\"@type\":\"ListItem\",\"position\":3,\"name\":\"Sedes\",\"item\":\"https:\/\/uniguajira.edu.co\/universidad-de-la-guajira\/sedes-uniguajira\/\"},{\"@type\":\"ListItem\",\"position\":4,\"name\":\"Fonseca\",\"item\":\"https:\/\/uniguajira.edu.co\/universidad-de-la-guajira\/sedes-uniguajira\/sede-fonseca\/\"},{\"@type\":\"ListItem\",\"position\":5,\"name\":\"Oferta acad\u00e9mica\"}]},{\"@type\":\"WebSite\",\"@id\":\"https:\/\/uniguajira.edu.co\/#website\",\"url\":\"https:\/\/uniguajira.edu.co\/\",\"name\":\"UNIGUAJIRA\",\"description\":\"Descubre la educaci\u00f3n superior con oportunidades laborales, retos estudiantiles y tecnolog\u00eda innovadora. Alcanza el \u00e9xito acad\u00e9mico y explora el impacto social y la diversidad en un entorno de aprendizaje moderno. Ad\u00e1ptate con inteligencia artificial y pr\u00e1cticas profesionales para un crecimiento integral.\",\"publisher\":{\"@id\":\"https:\/\/uniguajira.edu.co\/#organization\"},\"alternateName\":\"Universidad de La Guajira\",\"potentialAction\":[{\"@type\":\"SearchAction\",\"target\":{\"@type\":\"EntryPoint\",\"urlTemplate\":\"https:\/\/uniguajira.edu.co\/?s={search_term_string}\"},\"query-input\":{\"@type\":\"PropertyValueSpecification\",\"valueRequired\":true,\"valueName\":\"search_term_string\"}}],\"inLanguage\":\"en-US\"},{\"@type\":\"Organization\",\"@id\":\"https:\/\/uniguajira.edu.co\/#organization\",\"name\":\"Universidad de La Guajira\",\"alternateName\":\"UNIGUAJIRA\",\"url\":\"https:\/\/uniguajira.edu.co\/\",\"logo\":{\"@type\":\"ImageObject\",\"inLanguage\":\"en-US\",\"@id\":\"https:\/\/uniguajira.edu.co\/#\/schema\/logo\/image\/\",\"url\":\"https:\/\/uniguajira.edu.co\/wp-content\/uploads\/2026\/01\/cropped-cropped-LOGOS-PAGINA-WEB-04-1.webp\",\"contentUrl\":\"https:\/\/uniguajira.edu.co\/wp-content\/uploads\/2026\/01\/cropped-cropped-LOGOS-PAGINA-WEB-04-1.webp\",\"width\":360,\"height\":72,\"caption\":\"Universidad de La Guajira\"},\"image\":{\"@id\":\"https:\/\/uniguajira.edu.co\/#\/schema\/logo\/image\/\"},\"sameAs\":[\"https:\/\/www.facebook.com\/UniLaGuajira\/\",\"https:\/\/x.com\/UniLaGuajira\",\"https:\/\/www.instagram.com\/uniguajira_\/\",\"https:\/\/www.youtube.com\/user\/UniLaGuajira\"]}]}<\/script>\n<!-- \/ Yoast SEO Premium plugin. -->","yoast_head_json":{"title":"Oferta acad\u00e9mica - Sede Fonseca","robots":{"index":"index","follow":"follow","max-snippet":"max-snippet:-1","max-image-preview":"max-image-preview:large","max-video-preview":"max-video-preview:-1"},"canonical":"https:\/\/uniguajira.edu.co\/en\/universidad-de-la-guajira\/ofertas-academicas\/","og_locale":"en_US","og_type":"article","og_title":"Oferta acad\u00e9mica - Sede Fonseca","og_description":"Nuestras ofertas acad\u00e9micas en la Universidad de La Guajira est\u00e1n dise\u00f1adas para brindarte una experiencia educativa enriquecedora y de alta calidad. Contamos con ... .","og_url":"https:\/\/uniguajira.edu.co\/en\/universidad-de-la-guajira\/ofertas-academicas\/","og_site_name":"Universidad de La Guajira","article_publisher":"https:\/\/www.facebook.com\/UniLaGuajira\/","article_modified_time":"2025-09-01T23:52:27+00:00","og_image":[{"width":1920,"height":1080,"url":"https:\/\/uniguajira.edu.co\/wp-content\/uploads\/2024\/04\/Pregrado.webp","type":"image\/webp"}],"twitter_card":"summary_large_image","twitter_site":"@UniLaGuajira","twitter_misc":{"Est. reading time":"1 minute"},"schema":{"@context":"https:\/\/schema.org","@graph":[{"@type":"WebPage","@id":"https:\/\/uniguajira.edu.co\/universidad-de-la-guajira\/sedes-uniguajira\/sede-fonseca\/oferta-academica-cede-fonseca\/","url":"https:\/\/uniguajira.edu.co\/universidad-de-la-guajira\/ofertas-academicas\/","name":"Oferta acad\u00e9mica - Sede Fonseca","isPartOf":{"@id":"https:\/\/uniguajira.edu.co\/#website"},"primaryImageOfPage":{"@id":"https:\/\/uniguajira.edu.co\/universidad-de-la-guajira\/ofertas-academicas\/#primaryimage"},"image":{"@id":"https:\/\/uniguajira.edu.co\/universidad-de-la-guajira\/ofertas-academicas\/#primaryimage"},"thumbnailUrl":"https:\/\/uniguajira.edu.co\/wp-content\/uploads\/2024\/04\/Pregrado.webp","datePublished":"2024-04-08T14:39:39+00:00","dateModified":"2025-09-01T23:52:27+00:00","breadcrumb":{"@id":"https:\/\/uniguajira.edu.co\/universidad-de-la-guajira\/ofertas-academicas\/#breadcrumb"},"inLanguage":"en-US","potentialAction":[{"@type":"ReadAction","target":["https:\/\/uniguajira.edu.co\/universidad-de-la-guajira\/ofertas-academicas\/"]}]},{"@type":"ImageObject","inLanguage":"en-US","@id":"https:\/\/uniguajira.edu.co\/universidad-de-la-guajira\/ofertas-academicas\/#primaryimage","url":"https:\/\/uniguajira.edu.co\/wp-content\/uploads\/2024\/04\/Pregrado.webp","contentUrl":"https:\/\/uniguajira.edu.co\/wp-content\/uploads\/2024\/04\/Pregrado.webp"},{"@type":"BreadcrumbList","@id":"https:\/\/uniguajira.edu.co\/universidad-de-la-guajira\/ofertas-academicas\/#breadcrumb","itemListElement":[{"@type":"ListItem","position":1,"name":"\u2302 Uniguajira","item":"https:\/\/uniguajira.edu.co\/"},{"@type":"ListItem","position":2,"name":"Uniguajira","item":"https:\/\/uniguajira.edu.co\/"},{"@type":"ListItem","position":3,"name":"Sedes","item":"https:\/\/uniguajira.edu.co\/universidad-de-la-guajira\/sedes-uniguajira\/"},{"@type":"ListItem","position":4,"name":"Fonseca","item":"https:\/\/uniguajira.edu.co\/universidad-de-la-guajira\/sedes-uniguajira\/sede-fonseca\/"},{"@type":"ListItem","position":5,"name":"Oferta acad\u00e9mica"}]},{"@type":"WebSite","@id":"https:\/\/uniguajira.edu.co\/#website","url":"https:\/\/uniguajira.edu.co\/","name":"UNIGUAJIRA","description":"Descubre la educaci\u00f3n superior con oportunidades laborales, retos estudiantiles y tecnolog\u00eda innovadora. Alcanza el \u00e9xito acad\u00e9mico y explora el impacto social y la diversidad en un entorno de aprendizaje moderno. Ad\u00e1ptate con inteligencia artificial y pr\u00e1cticas profesionales para un crecimiento integral.","publisher":{"@id":"https:\/\/uniguajira.edu.co\/#organization"},"alternateName":"Universidad de La Guajira","potentialAction":[{"@type":"SearchAction","target":{"@type":"EntryPoint","urlTemplate":"https:\/\/uniguajira.edu.co\/?s={search_term_string}"},"query-input":{"@type":"PropertyValueSpecification","valueRequired":true,"valueName":"search_term_string"}}],"inLanguage":"en-US"},{"@type":"Organization","@id":"https:\/\/uniguajira.edu.co\/#organization","name":"University of La Guajira","alternateName":"UNIGUAJIRA","url":"https:\/\/uniguajira.edu.co\/","logo":{"@type":"ImageObject","inLanguage":"en-US","@id":"https:\/\/uniguajira.edu.co\/#\/schema\/logo\/image\/","url":"https:\/\/uniguajira.edu.co\/wp-content\/uploads\/2026\/01\/cropped-cropped-LOGOS-PAGINA-WEB-04-1.webp","contentUrl":"https:\/\/uniguajira.edu.co\/wp-content\/uploads\/2026\/01\/cropped-cropped-LOGOS-PAGINA-WEB-04-1.webp","width":360,"height":72,"caption":"Universidad de La Guajira"},"image":{"@id":"https:\/\/uniguajira.edu.co\/#\/schema\/logo\/image\/"},"sameAs":["https:\/\/www.facebook.com\/UniLaGuajira\/","https:\/\/x.com\/UniLaGuajira","https:\/\/www.instagram.com\/uniguajira_\/","https:\/\/www.youtube.com\/user\/UniLaGuajira"]}]}},"_hostinger_reach_plugin_has_subscription_block":false,"_hostinger_reach_plugin_is_elementor":false,"_links":{"self":[{"href":"https:\/\/uniguajira.edu.co\/en\/wp-json\/wp\/v2\/pages\/38114","targetHints":{"allow":["GET"]}}],"collection":[{"href":"https:\/\/uniguajira.edu.co\/en\/wp-json\/wp\/v2\/pages"}],"about":[{"href":"https:\/\/uniguajira.edu.co\/en\/wp-json\/wp\/v2\/types\/page"}],"author":[{"embeddable":true,"href":"https:\/\/uniguajira.edu.co\/en\/wp-json\/wp\/v2\/users\/3"}],"replies":[{"embeddable":true,"href":"https:\/\/uniguajira.edu.co\/en\/wp-json\/wp\/v2\/comments?post=38114"}],"version-history":[{"count":0,"href":"https:\/\/uniguajira.edu.co\/en\/wp-json\/wp\/v2\/pages\/38114\/revisions"}],"up":[{"embeddable":true,"href":"https:\/\/uniguajira.edu.co\/en\/wp-json\/wp\/v2\/pages\/31218"}],"wp:attachment":[{"href":"https:\/\/uniguajira.edu.co\/en\/wp-json\/wp\/v2\/media?parent=38114"}],"curies":[{"name":"wp","href":"https:\/\/api.w.org\/{rel}","templated":true}]}}