{"id":38092,"date":"2024-04-07T19:54:34","date_gmt":"2024-04-08T00:54:34","guid":{"rendered":"https:\/\/uniguajira.edu.co\/?page_id=38092"},"modified":"2026-01-21T08:44:39","modified_gmt":"2026-01-21T13:44:39","slug":"facultad-de-villanueva","status":"publish","type":"page","link":"https:\/\/uniguajira.edu.co\/en\/universidad-de-la-guajira\/sedes-uniguajira\/sede-villanueva\/oferta-academica-sede-villanueva\/facultad-de-villanueva\/","title":{"rendered":"Faculties - Villanueva Headquarters"},"content":{"rendered":"<div class=\"gb-container gb-container-d796b7e0\">\n<div class=\"gb-container gb-container-4d72301d\">\n<div class=\"gb-container gb-container-570b9a30\">\n<div class=\"gb-container gb-container-1db11728\">\n\n<p class=\"gb-headline gb-headline-adab62e1 gb-headline-text\">At the University of the Guajira, we offer you a variety of exciting undergraduate programs covering a wide range of knowledge areas. Some of these programs immerse you in the in-depth study of society, culture and the humanities, while others prepare you to shape the minds of tomorrow. You'll also find options that focus on health care and wellness, as well as exploring sustainable agriculture and natural resource management.<\/p>\n\n\n<div class=\"gb-container gb-container-bd75c527\">\n<div class=\"gb-grid-wrapper gb-grid-wrapper-c3e28517\">\n<div class=\"gb-grid-column gb-grid-column-e804ade6\"><div class=\"gb-container gb-container-e804ade6 infpro neumo\">\n\n<figure class=\"gb-block-image gb-block-image-7c540724\"><img loading=\"lazy\" decoding=\"async\" width=\"1920\" height=\"1080\" class=\"gb-image gb-image-7c540724\" src=\"https:\/\/uniguajira.edu.co\/wp-content\/uploads\/2024\/01\/Foto-Facultad-de-Ciencias-Economicas-y-Administrativas.webp\" alt=\"\" title=\"Foto-Facultad-de-Ciencias-Economicas-y-Administrativas\" srcset=\"https:\/\/uniguajira.edu.co\/wp-content\/uploads\/2024\/01\/Foto-Facultad-de-Ciencias-Economicas-y-Administrativas.webp 1920w, https:\/\/uniguajira.edu.co\/wp-content\/uploads\/2024\/01\/Foto-Facultad-de-Ciencias-Economicas-y-Administrativas-300x169.webp 300w, https:\/\/uniguajira.edu.co\/wp-content\/uploads\/2024\/01\/Foto-Facultad-de-Ciencias-Economicas-y-Administrativas-1024x576.webp 1024w, https:\/\/uniguajira.edu.co\/wp-content\/uploads\/2024\/01\/Foto-Facultad-de-Ciencias-Economicas-y-Administrativas-768x432.webp 768w, https:\/\/uniguajira.edu.co\/wp-content\/uploads\/2024\/01\/Foto-Facultad-de-Ciencias-Economicas-y-Administrativas-1536x864.webp 1536w\" sizes=\"auto, (max-width: 1920px) 100vw, 1920px\" \/><\/figure>\n\n\n<div class=\"gb-container gb-container-2f46568d\">\n\n<h3 class=\"gb-headline gb-headline-b5ac1a91 gb-headline-text\">Faculty of Economics and Administrative Sciences<\/h3>\n\n<\/div>\n\n<div class=\"gb-container gb-container-07f64bf8\">\n\n<a class=\"gb-button gb-button-aa4f0539\" href=\"https:\/\/uniguajira.edu.co\/en\/facultad-de-ciencias-economicas-y-administrativas-sede-villanueva\/\" aria-label=\"Learn more\"><span class=\"gb-icon\"><svg fill=\"#e8eaed\" width=\"24px\" viewbox=\"0 -960 960 960\" height=\"24px\" xmlns=\"http:\/\/www.w3.org\/2000\/svg\"><path d=\"M40-480v-80h80v80H40Zm800 0v-80h80v80h-80ZM40-640v-80h80v80H40Zm800 0v-80h80v80h-80ZM40-800v-80h80v80H40Zm160 320v-80h80v80h-80Zm480 0v-80h80v80h-80Zm160-320v-80h80v80h-80Zm-640 0v-80h80v80h-80Zm160 0v-80h80v80h-80Zm160 0v-80h80v80h-80Zm160 0v-80h80v80h-80ZM473-40q-24 0-46-9t-39-26L184-280l33-34q14-14 34-19t40 0l69 20v-327q0-17 11.5-28.5T400-680q17 0 28.5 11.5T440-640v433l-98-28 103 103q6 6 13 9t15 3h167q33 0 56.5-23.5T720-200v-160q0-17 11.5-28.5T760-400q17 0 28.5 11.5T800-360v160q0 66-47 113T640-40H473Zm7-280v-160q0-17 11.5-28.5T520-520q17 0 28.5 11.5T560-480v160h-80Zm120 0v-120q0-17 11.5-28.5T640-480q17 0 28.5 11.5T680-440v120h-80Zm40 200H445h195Z\"><\/path><\/svg><\/span><span class=\"gb-button-text\">Learn more<\/span><\/a>\n\n<\/div>\n<\/div><\/div>\n\n<div class=\"gb-grid-column gb-grid-column-0f5e8797\"><div class=\"gb-container gb-container-0f5e8797 infpro neumo\">\n\n<figure class=\"gb-block-image gb-block-image-5e8eafa6\"><img loading=\"lazy\" decoding=\"async\" width=\"1920\" height=\"1080\" class=\"gb-image gb-image-5e8eafa6\" src=\"https:\/\/uniguajira.edu.co\/wp-content\/uploads\/2024\/01\/Foto-Facultad-de-Ciencias-Sociales-y-Humanas-1.webp\" alt=\"\" title=\"Foto-Facultad-de-Ciencias-Sociales-y-Humanas-1\" srcset=\"https:\/\/uniguajira.edu.co\/wp-content\/uploads\/2024\/01\/Foto-Facultad-de-Ciencias-Sociales-y-Humanas-1.webp 1920w, https:\/\/uniguajira.edu.co\/wp-content\/uploads\/2024\/01\/Foto-Facultad-de-Ciencias-Sociales-y-Humanas-1-300x169.webp 300w, https:\/\/uniguajira.edu.co\/wp-content\/uploads\/2024\/01\/Foto-Facultad-de-Ciencias-Sociales-y-Humanas-1-1024x576.webp 1024w, https:\/\/uniguajira.edu.co\/wp-content\/uploads\/2024\/01\/Foto-Facultad-de-Ciencias-Sociales-y-Humanas-1-768x432.webp 768w, https:\/\/uniguajira.edu.co\/wp-content\/uploads\/2024\/01\/Foto-Facultad-de-Ciencias-Sociales-y-Humanas-1-1536x864.webp 1536w\" sizes=\"auto, (max-width: 1920px) 100vw, 1920px\" \/><\/figure>\n\n\n<div class=\"gb-container gb-container-54d0a00d\">\n\n<h3 class=\"gb-headline gb-headline-2339b0b4 gb-headline-text\">Faculty of Social and Human Sciences<\/h3>\n\n<\/div>\n\n<div class=\"gb-container gb-container-87a504fe\">\n\n<a class=\"gb-button gb-button-dce16561\" href=\"https:\/\/uniguajira.edu.co\/en\/facultad-de-ciencias-sociales-y-humanas-sede-villanueva\/\" aria-label=\"Learn more\"><span class=\"gb-icon\"><svg fill=\"#e8eaed\" width=\"24px\" viewbox=\"0 -960 960 960\" height=\"24px\" xmlns=\"http:\/\/www.w3.org\/2000\/svg\"><path d=\"M40-480v-80h80v80H40Zm800 0v-80h80v80h-80ZM40-640v-80h80v80H40Zm800 0v-80h80v80h-80ZM40-800v-80h80v80H40Zm160 320v-80h80v80h-80Zm480 0v-80h80v80h-80Zm160-320v-80h80v80h-80Zm-640 0v-80h80v80h-80Zm160 0v-80h80v80h-80Zm160 0v-80h80v80h-80Zm160 0v-80h80v80h-80ZM473-40q-24 0-46-9t-39-26L184-280l33-34q14-14 34-19t40 0l69 20v-327q0-17 11.5-28.5T400-680q17 0 28.5 11.5T440-640v433l-98-28 103 103q6 6 13 9t15 3h167q33 0 56.5-23.5T720-200v-160q0-17 11.5-28.5T760-400q17 0 28.5 11.5T800-360v160q0 66-47 113T640-40H473Zm7-280v-160q0-17 11.5-28.5T520-520q17 0 28.5 11.5T560-480v160h-80Zm120 0v-120q0-17 11.5-28.5T640-480q17 0 28.5 11.5T680-440v120h-80Zm40 200H445h195Z\"><\/path><\/svg><\/span><span class=\"gb-button-text\">Learn more<\/span><\/a>\n\n<\/div>\n<\/div><\/div>\n\n<div class=\"gb-grid-column gb-grid-column-ccd02edb\"><div class=\"gb-container gb-container-ccd02edb infpro neumo\">\n\n<figure class=\"gb-block-image gb-block-image-64baf423\"><img loading=\"lazy\" decoding=\"async\" width=\"1920\" height=\"1080\" class=\"gb-image gb-image-64baf423\" src=\"https:\/\/uniguajira.edu.co\/wp-content\/uploads\/2025\/09\/Banner-Especializacion-Facultad-de-Ciencias-de-la-Educacion.webp\" alt=\"\" title=\"Banner Especializacion Facultad de Ciencias de la Educacio\u0301n\" srcset=\"https:\/\/uniguajira.edu.co\/wp-content\/uploads\/2025\/09\/Banner-Especializacion-Facultad-de-Ciencias-de-la-Educacion.webp 1920w, https:\/\/uniguajira.edu.co\/wp-content\/uploads\/2025\/09\/Banner-Especializacion-Facultad-de-Ciencias-de-la-Educacion-300x169.webp 300w, https:\/\/uniguajira.edu.co\/wp-content\/uploads\/2025\/09\/Banner-Especializacion-Facultad-de-Ciencias-de-la-Educacion-1024x576.webp 1024w, https:\/\/uniguajira.edu.co\/wp-content\/uploads\/2025\/09\/Banner-Especializacion-Facultad-de-Ciencias-de-la-Educacion-768x432.webp 768w, https:\/\/uniguajira.edu.co\/wp-content\/uploads\/2025\/09\/Banner-Especializacion-Facultad-de-Ciencias-de-la-Educacion-1536x864.webp 1536w, https:\/\/uniguajira.edu.co\/wp-content\/uploads\/2025\/09\/Banner-Especializacion-Facultad-de-Ciencias-de-la-Educacion-18x10.webp 18w, https:\/\/uniguajira.edu.co\/wp-content\/uploads\/2025\/09\/Banner-Especializacion-Facultad-de-Ciencias-de-la-Educacion-500x281.webp 500w, https:\/\/uniguajira.edu.co\/wp-content\/uploads\/2025\/09\/Banner-Especializacion-Facultad-de-Ciencias-de-la-Educacion-800x450.webp 800w, https:\/\/uniguajira.edu.co\/wp-content\/uploads\/2025\/09\/Banner-Especializacion-Facultad-de-Ciencias-de-la-Educacion-1280x720.webp 1280w\" sizes=\"auto, (max-width: 1920px) 100vw, 1920px\" \/><\/figure>\n\n\n<div class=\"gb-container gb-container-eb5a73b9\">\n\n<h3 class=\"gb-headline gb-headline-71d275c4 gb-headline-text\">Faculty of Education Sciences<\/h3>\n\n<\/div>\n\n<div class=\"gb-container gb-container-39c6d523\">\n\n<a class=\"gb-button gb-button-399e9809\" href=\"https:\/\/uniguajira.edu.co\/en\/universidad-de-la-guajira\/sedes-uniguajira\/sede-villanueva\/facultad-de-ciencias-de-la-educacion-sede-villanueva\/\" aria-label=\"Learn more\"><span class=\"gb-icon\"><svg fill=\"#e8eaed\" width=\"24px\" viewbox=\"0 -960 960 960\" height=\"24px\" xmlns=\"http:\/\/www.w3.org\/2000\/svg\"><path d=\"M40-480v-80h80v80H40Zm800 0v-80h80v80h-80ZM40-640v-80h80v80H40Zm800 0v-80h80v80h-80ZM40-800v-80h80v80H40Zm160 320v-80h80v80h-80Zm480 0v-80h80v80h-80Zm160-320v-80h80v80h-80Zm-640 0v-80h80v80h-80Zm160 0v-80h80v80h-80Zm160 0v-80h80v80h-80Zm160 0v-80h80v80h-80ZM473-40q-24 0-46-9t-39-26L184-280l33-34q14-14 34-19t40 0l69 20v-327q0-17 11.5-28.5T400-680q17 0 28.5 11.5T440-640v433l-98-28 103 103q6 6 13 9t15 3h167q33 0 56.5-23.5T720-200v-160q0-17 11.5-28.5T760-400q17 0 28.5 11.5T800-360v160q0 66-47 113T640-40H473Zm7-280v-160q0-17 11.5-28.5T520-520q17 0 28.5 11.5T560-480v160h-80Zm120 0v-120q0-17 11.5-28.5T640-480q17 0 28.5 11.5T680-440v120h-80Zm40 200H445h195Z\"><\/path><\/svg><\/span><span class=\"gb-button-text\">Learn more<\/span><\/a>\n\n<\/div>\n<\/div><\/div>\n<\/div>\n<\/div>\n<\/div>\n<\/div>\n<\/div>\n<\/div>","protected":false},"excerpt":{"rendered":"<p>En la Universidad de La Guajira, te ofrecemos una variedad de emocionantes programas de pregrado que cubren una amplia gama de \u00e1reas del &#8230; <a title=\"Facultades &#8211; Sede Villanueva\" class=\"read-more\" href=\"https:\/\/uniguajira.edu.co\/en\/universidad-de-la-guajira\/sedes-uniguajira\/sede-villanueva\/oferta-academica-sede-villanueva\/facultad-de-villanueva\/\" aria-label=\"Read more about Facultades &#8211; Sede Villanueva\">.<\/a><\/p>","protected":false},"author":3,"featured_media":0,"parent":38203,"menu_order":0,"comment_status":"closed","ping_status":"closed","template":"","meta":{"footnotes":""},"class_list":{"0":"post-38092","1":"page","2":"type-page","3":"status-publish","5":"infinite-scroll-item"},"yoast_head":"<!-- This site is optimized with the Yoast SEO Premium plugin v27.0 (Yoast SEO v27.0) - https:\/\/yoast.com\/product\/yoast-seo-premium-wordpress\/ -->\n<title>Facultades - Sede Villanueva<\/title>\n<meta name=\"robots\" content=\"index, follow, max-snippet:-1, max-image-preview:large, max-video-preview:-1\" \/>\n<link rel=\"canonical\" href=\"https:\/\/uniguajira.edu.co\/en\/universidad-de-la-guajira\/sedes-uniguajira\/sede-villanueva\/oferta-academica-sede-villanueva\/facultad-de-villanueva\/\" \/>\n<meta property=\"og:locale\" content=\"en_US\" \/>\n<meta property=\"og:type\" content=\"article\" \/>\n<meta property=\"og:title\" content=\"Facultades - Sede Villanueva\" \/>\n<meta property=\"og:description\" content=\"En la Universidad de La Guajira, te ofrecemos una variedad de emocionantes programas de pregrado que cubren una amplia gama de \u00e1reas del ... .\" \/>\n<meta property=\"og:url\" content=\"https:\/\/uniguajira.edu.co\/en\/universidad-de-la-guajira\/sedes-uniguajira\/sede-villanueva\/oferta-academica-sede-villanueva\/facultad-de-villanueva\/\" \/>\n<meta property=\"og:site_name\" content=\"Universidad de La Guajira\" \/>\n<meta property=\"article:publisher\" content=\"https:\/\/www.facebook.com\/UniLaGuajira\/\" \/>\n<meta property=\"article:modified_time\" content=\"2026-01-21T13:44:39+00:00\" \/>\n<meta property=\"og:image\" content=\"https:\/\/uniguajira.edu.co\/wp-content\/uploads\/2024\/01\/Foto-Facultad-de-Ciencias-Economicas-y-Administrativas.webp\" \/>\n<meta name=\"twitter:card\" content=\"summary_large_image\" \/>\n<meta name=\"twitter:site\" content=\"@UniLaGuajira\" \/>\n<meta name=\"twitter:label1\" content=\"Est. reading time\" \/>\n\t<meta name=\"twitter:data1\" content=\"1 minute\" \/>\n<script type=\"application\/ld+json\" class=\"yoast-schema-graph\">{\"@context\":\"https:\/\/schema.org\",\"@graph\":[{\"@type\":\"WebPage\",\"@id\":\"https:\/\/uniguajira.edu.co\/universidad-de-la-guajira\/sedes-uniguajira\/sede-villanueva\/oferta-academica-sede-villanueva\/facultad-de-villanueva\/\",\"url\":\"https:\/\/uniguajira.edu.co\/universidad-de-la-guajira\/sedes-uniguajira\/sede-villanueva\/oferta-academica-sede-villanueva\/facultad-de-villanueva\/\",\"name\":\"Facultades - Sede Villanueva\",\"isPartOf\":{\"@id\":\"https:\/\/uniguajira.edu.co\/#website\"},\"primaryImageOfPage\":{\"@id\":\"https:\/\/uniguajira.edu.co\/universidad-de-la-guajira\/sedes-uniguajira\/sede-villanueva\/oferta-academica-sede-villanueva\/facultad-de-villanueva\/#primaryimage\"},\"image\":{\"@id\":\"https:\/\/uniguajira.edu.co\/universidad-de-la-guajira\/sedes-uniguajira\/sede-villanueva\/oferta-academica-sede-villanueva\/facultad-de-villanueva\/#primaryimage\"},\"thumbnailUrl\":\"https:\/\/uniguajira.edu.co\/wp-content\/uploads\/2024\/01\/Foto-Facultad-de-Ciencias-Economicas-y-Administrativas.webp\",\"datePublished\":\"2024-04-08T00:54:34+00:00\",\"dateModified\":\"2026-01-21T13:44:39+00:00\",\"breadcrumb\":{\"@id\":\"https:\/\/uniguajira.edu.co\/universidad-de-la-guajira\/sedes-uniguajira\/sede-villanueva\/oferta-academica-sede-villanueva\/facultad-de-villanueva\/#breadcrumb\"},\"inLanguage\":\"en-US\",\"potentialAction\":[{\"@type\":\"ReadAction\",\"target\":[\"https:\/\/uniguajira.edu.co\/universidad-de-la-guajira\/sedes-uniguajira\/sede-villanueva\/oferta-academica-sede-villanueva\/facultad-de-villanueva\/\"]}]},{\"@type\":\"ImageObject\",\"inLanguage\":\"en-US\",\"@id\":\"https:\/\/uniguajira.edu.co\/universidad-de-la-guajira\/sedes-uniguajira\/sede-villanueva\/oferta-academica-sede-villanueva\/facultad-de-villanueva\/#primaryimage\",\"url\":\"https:\/\/uniguajira.edu.co\/wp-content\/uploads\/2024\/01\/Foto-Facultad-de-Ciencias-Economicas-y-Administrativas.webp\",\"contentUrl\":\"https:\/\/uniguajira.edu.co\/wp-content\/uploads\/2024\/01\/Foto-Facultad-de-Ciencias-Economicas-y-Administrativas.webp\"},{\"@type\":\"BreadcrumbList\",\"@id\":\"https:\/\/uniguajira.edu.co\/universidad-de-la-guajira\/sedes-uniguajira\/sede-villanueva\/oferta-academica-sede-villanueva\/facultad-de-villanueva\/#breadcrumb\",\"itemListElement\":[{\"@type\":\"ListItem\",\"position\":1,\"name\":\"\u2302 Uniguajira\",\"item\":\"https:\/\/uniguajira.edu.co\/\"},{\"@type\":\"ListItem\",\"position\":2,\"name\":\"Uniguajira\",\"item\":\"https:\/\/uniguajira.edu.co\/\"},{\"@type\":\"ListItem\",\"position\":3,\"name\":\"Sedes\",\"item\":\"https:\/\/uniguajira.edu.co\/universidad-de-la-guajira\/sedes-uniguajira\/\"},{\"@type\":\"ListItem\",\"position\":4,\"name\":\"Villanueva\",\"item\":\"https:\/\/uniguajira.edu.co\/universidad-de-la-guajira\/sedes-uniguajira\/sede-villanueva\/\"},{\"@type\":\"ListItem\",\"position\":5,\"name\":\"Oferta acad\u00e9mica\",\"item\":\"https:\/\/uniguajira.edu.co\/universidad-de-la-guajira\/sedes-uniguajira\/sede-villanueva\/oferta-academica-sede-villanueva\/\"},{\"@type\":\"ListItem\",\"position\":6,\"name\":\"Facultades\"}]},{\"@type\":\"WebSite\",\"@id\":\"https:\/\/uniguajira.edu.co\/#website\",\"url\":\"https:\/\/uniguajira.edu.co\/\",\"name\":\"UNIGUAJIRA\",\"description\":\"Descubre la educaci\u00f3n superior con oportunidades laborales, retos estudiantiles y tecnolog\u00eda innovadora. Alcanza el \u00e9xito acad\u00e9mico y explora el impacto social y la diversidad en un entorno de aprendizaje moderno. Ad\u00e1ptate con inteligencia artificial y pr\u00e1cticas profesionales para un crecimiento integral.\",\"publisher\":{\"@id\":\"https:\/\/uniguajira.edu.co\/#organization\"},\"alternateName\":\"Universidad de La Guajira\",\"potentialAction\":[{\"@type\":\"SearchAction\",\"target\":{\"@type\":\"EntryPoint\",\"urlTemplate\":\"https:\/\/uniguajira.edu.co\/?s={search_term_string}\"},\"query-input\":{\"@type\":\"PropertyValueSpecification\",\"valueRequired\":true,\"valueName\":\"search_term_string\"}}],\"inLanguage\":\"en-US\"},{\"@type\":\"Organization\",\"@id\":\"https:\/\/uniguajira.edu.co\/#organization\",\"name\":\"Universidad de La Guajira\",\"alternateName\":\"UNIGUAJIRA\",\"url\":\"https:\/\/uniguajira.edu.co\/\",\"logo\":{\"@type\":\"ImageObject\",\"inLanguage\":\"en-US\",\"@id\":\"https:\/\/uniguajira.edu.co\/#\/schema\/logo\/image\/\",\"url\":\"https:\/\/uniguajira.edu.co\/wp-content\/uploads\/2026\/01\/cropped-cropped-LOGOS-PAGINA-WEB-04-1.webp\",\"contentUrl\":\"https:\/\/uniguajira.edu.co\/wp-content\/uploads\/2026\/01\/cropped-cropped-LOGOS-PAGINA-WEB-04-1.webp\",\"width\":360,\"height\":72,\"caption\":\"Universidad de La Guajira\"},\"image\":{\"@id\":\"https:\/\/uniguajira.edu.co\/#\/schema\/logo\/image\/\"},\"sameAs\":[\"https:\/\/www.facebook.com\/UniLaGuajira\/\",\"https:\/\/x.com\/UniLaGuajira\",\"https:\/\/www.instagram.com\/uniguajira_\/\",\"https:\/\/www.youtube.com\/user\/UniLaGuajira\"]}]}<\/script>\n<!-- \/ Yoast SEO Premium plugin. -->","yoast_head_json":{"title":"Facultades - Sede Villanueva","robots":{"index":"index","follow":"follow","max-snippet":"max-snippet:-1","max-image-preview":"max-image-preview:large","max-video-preview":"max-video-preview:-1"},"canonical":"https:\/\/uniguajira.edu.co\/en\/universidad-de-la-guajira\/sedes-uniguajira\/sede-villanueva\/oferta-academica-sede-villanueva\/facultad-de-villanueva\/","og_locale":"en_US","og_type":"article","og_title":"Facultades - Sede Villanueva","og_description":"En la Universidad de La Guajira, te ofrecemos una variedad de emocionantes programas de pregrado que cubren una amplia gama de \u00e1reas del ... .","og_url":"https:\/\/uniguajira.edu.co\/en\/universidad-de-la-guajira\/sedes-uniguajira\/sede-villanueva\/oferta-academica-sede-villanueva\/facultad-de-villanueva\/","og_site_name":"Universidad de La Guajira","article_publisher":"https:\/\/www.facebook.com\/UniLaGuajira\/","article_modified_time":"2026-01-21T13:44:39+00:00","og_image":[{"url":"https:\/\/uniguajira.edu.co\/wp-content\/uploads\/2024\/01\/Foto-Facultad-de-Ciencias-Economicas-y-Administrativas.webp","type":"","width":"","height":""}],"twitter_card":"summary_large_image","twitter_site":"@UniLaGuajira","twitter_misc":{"Est. reading time":"1 minute"},"schema":{"@context":"https:\/\/schema.org","@graph":[{"@type":"WebPage","@id":"https:\/\/uniguajira.edu.co\/universidad-de-la-guajira\/sedes-uniguajira\/sede-villanueva\/oferta-academica-sede-villanueva\/facultad-de-villanueva\/","url":"https:\/\/uniguajira.edu.co\/universidad-de-la-guajira\/sedes-uniguajira\/sede-villanueva\/oferta-academica-sede-villanueva\/facultad-de-villanueva\/","name":"Facultades - Sede Villanueva","isPartOf":{"@id":"https:\/\/uniguajira.edu.co\/#website"},"primaryImageOfPage":{"@id":"https:\/\/uniguajira.edu.co\/universidad-de-la-guajira\/sedes-uniguajira\/sede-villanueva\/oferta-academica-sede-villanueva\/facultad-de-villanueva\/#primaryimage"},"image":{"@id":"https:\/\/uniguajira.edu.co\/universidad-de-la-guajira\/sedes-uniguajira\/sede-villanueva\/oferta-academica-sede-villanueva\/facultad-de-villanueva\/#primaryimage"},"thumbnailUrl":"https:\/\/uniguajira.edu.co\/wp-content\/uploads\/2024\/01\/Foto-Facultad-de-Ciencias-Economicas-y-Administrativas.webp","datePublished":"2024-04-08T00:54:34+00:00","dateModified":"2026-01-21T13:44:39+00:00","breadcrumb":{"@id":"https:\/\/uniguajira.edu.co\/universidad-de-la-guajira\/sedes-uniguajira\/sede-villanueva\/oferta-academica-sede-villanueva\/facultad-de-villanueva\/#breadcrumb"},"inLanguage":"en-US","potentialAction":[{"@type":"ReadAction","target":["https:\/\/uniguajira.edu.co\/universidad-de-la-guajira\/sedes-uniguajira\/sede-villanueva\/oferta-academica-sede-villanueva\/facultad-de-villanueva\/"]}]},{"@type":"ImageObject","inLanguage":"en-US","@id":"https:\/\/uniguajira.edu.co\/universidad-de-la-guajira\/sedes-uniguajira\/sede-villanueva\/oferta-academica-sede-villanueva\/facultad-de-villanueva\/#primaryimage","url":"https:\/\/uniguajira.edu.co\/wp-content\/uploads\/2024\/01\/Foto-Facultad-de-Ciencias-Economicas-y-Administrativas.webp","contentUrl":"https:\/\/uniguajira.edu.co\/wp-content\/uploads\/2024\/01\/Foto-Facultad-de-Ciencias-Economicas-y-Administrativas.webp"},{"@type":"BreadcrumbList","@id":"https:\/\/uniguajira.edu.co\/universidad-de-la-guajira\/sedes-uniguajira\/sede-villanueva\/oferta-academica-sede-villanueva\/facultad-de-villanueva\/#breadcrumb","itemListElement":[{"@type":"ListItem","position":1,"name":"\u2302 Uniguajira","item":"https:\/\/uniguajira.edu.co\/"},{"@type":"ListItem","position":2,"name":"Uniguajira","item":"https:\/\/uniguajira.edu.co\/"},{"@type":"ListItem","position":3,"name":"Sedes","item":"https:\/\/uniguajira.edu.co\/universidad-de-la-guajira\/sedes-uniguajira\/"},{"@type":"ListItem","position":4,"name":"Villanueva","item":"https:\/\/uniguajira.edu.co\/universidad-de-la-guajira\/sedes-uniguajira\/sede-villanueva\/"},{"@type":"ListItem","position":5,"name":"Oferta acad\u00e9mica","item":"https:\/\/uniguajira.edu.co\/universidad-de-la-guajira\/sedes-uniguajira\/sede-villanueva\/oferta-academica-sede-villanueva\/"},{"@type":"ListItem","position":6,"name":"Facultades"}]},{"@type":"WebSite","@id":"https:\/\/uniguajira.edu.co\/#website","url":"https:\/\/uniguajira.edu.co\/","name":"UNIGUAJIRA","description":"Descubre la educaci\u00f3n superior con oportunidades laborales, retos estudiantiles y tecnolog\u00eda innovadora. Alcanza el \u00e9xito acad\u00e9mico y explora el impacto social y la diversidad en un entorno de aprendizaje moderno. Ad\u00e1ptate con inteligencia artificial y pr\u00e1cticas profesionales para un crecimiento integral.","publisher":{"@id":"https:\/\/uniguajira.edu.co\/#organization"},"alternateName":"Universidad de La Guajira","potentialAction":[{"@type":"SearchAction","target":{"@type":"EntryPoint","urlTemplate":"https:\/\/uniguajira.edu.co\/?s={search_term_string}"},"query-input":{"@type":"PropertyValueSpecification","valueRequired":true,"valueName":"search_term_string"}}],"inLanguage":"en-US"},{"@type":"Organization","@id":"https:\/\/uniguajira.edu.co\/#organization","name":"University of La Guajira","alternateName":"UNIGUAJIRA","url":"https:\/\/uniguajira.edu.co\/","logo":{"@type":"ImageObject","inLanguage":"en-US","@id":"https:\/\/uniguajira.edu.co\/#\/schema\/logo\/image\/","url":"https:\/\/uniguajira.edu.co\/wp-content\/uploads\/2026\/01\/cropped-cropped-LOGOS-PAGINA-WEB-04-1.webp","contentUrl":"https:\/\/uniguajira.edu.co\/wp-content\/uploads\/2026\/01\/cropped-cropped-LOGOS-PAGINA-WEB-04-1.webp","width":360,"height":72,"caption":"Universidad de La Guajira"},"image":{"@id":"https:\/\/uniguajira.edu.co\/#\/schema\/logo\/image\/"},"sameAs":["https:\/\/www.facebook.com\/UniLaGuajira\/","https:\/\/x.com\/UniLaGuajira","https:\/\/www.instagram.com\/uniguajira_\/","https:\/\/www.youtube.com\/user\/UniLaGuajira"]}]}},"_hostinger_reach_plugin_has_subscription_block":false,"_hostinger_reach_plugin_is_elementor":false,"_links":{"self":[{"href":"https:\/\/uniguajira.edu.co\/en\/wp-json\/wp\/v2\/pages\/38092","targetHints":{"allow":["GET"]}}],"collection":[{"href":"https:\/\/uniguajira.edu.co\/en\/wp-json\/wp\/v2\/pages"}],"about":[{"href":"https:\/\/uniguajira.edu.co\/en\/wp-json\/wp\/v2\/types\/page"}],"author":[{"embeddable":true,"href":"https:\/\/uniguajira.edu.co\/en\/wp-json\/wp\/v2\/users\/3"}],"replies":[{"embeddable":true,"href":"https:\/\/uniguajira.edu.co\/en\/wp-json\/wp\/v2\/comments?post=38092"}],"version-history":[{"count":3,"href":"https:\/\/uniguajira.edu.co\/en\/wp-json\/wp\/v2\/pages\/38092\/revisions"}],"predecessor-version":[{"id":104281,"href":"https:\/\/uniguajira.edu.co\/en\/wp-json\/wp\/v2\/pages\/38092\/revisions\/104281"}],"up":[{"embeddable":true,"href":"https:\/\/uniguajira.edu.co\/en\/wp-json\/wp\/v2\/pages\/38203"}],"wp:attachment":[{"href":"https:\/\/uniguajira.edu.co\/en\/wp-json\/wp\/v2\/media?parent=38092"}],"curies":[{"name":"wp","href":"https:\/\/api.w.org\/{rel}","templated":true}]}}