{"id":31280,"date":"2024-03-06T17:28:46","date_gmt":"2024-03-06T22:28:46","guid":{"rendered":"https:\/\/uniguajira.edu.co\/?page_id=31280"},"modified":"2024-10-04T15:51:00","modified_gmt":"2024-10-04T20:51:00","slug":"presentacion-de-la-coordinacion-de-emprendimiento","status":"publish","type":"page","link":"https:\/\/uniguajira.edu.co\/en\/universidad-de-la-guajira\/coordinacion-de-emprendimiento\/presentacion-de-la-coordinacion-de-emprendimiento\/","title":{"rendered":"Presentation of the Entrepreneurship Coordination"},"content":{"rendered":"<div class=\"gb-container gb-container-44ae7e9f\">\n<div class=\"gb-container gb-container-5be4a61c\">\n<div class=\"gb-container gb-container-52b5414a\">\n<div class=\"gb-container gb-container-a2464e1f\">\n<div class=\"gb-container gb-container-0d979763\">\n<div class=\"gb-container gb-container-b0acda4e\">\n\n<p class=\"has-text-align-left\">The Coordination of Entrepreneurship, Innovation and Business Development, in full compliance with Law 1014 of 2006, known as \"Promotion of Entrepreneurship Culture\", is strategically integrated in the Colombian context. This coordination is a fundamental part of the Vice Rector's Office for Research and Extension, playing an essential role in the realization of the institutional mission \"Towards the consolidation of quality\".<\/p>\n\n\n\n<p class=\"has-text-align-left\">Our work focuses on promoting and strengthening the entrepreneurial spirit in Colombia. Following the guidelines of Law 1014, we work tirelessly to foster a culture of entrepreneurship in society. This mission is integrally aligned with the objectives of the university and contributes to consolidate the quality of education and the projection of the institution in society.<\/p>\n\n\n\n<p class=\"has-text-align-left\">The Coordination of Entrepreneurship, Innovation and Business Development is committed to the promotion of entrepreneurship in Colombia, and through its work, seeks to make a significant difference in the business and social fabric of the country.<\/p>\n\n<\/div>\n<\/div>\n\n<div class=\"gb-container gb-container-3a221110\">\n<div class=\"gb-container gb-container-6472998c\">\n\n<div id=\"section-gfde559\" class=\"wp-block-gutentor-e6 section-gfde559 gutentor-element gutentor-element-image g-pos-a-desktop g-pos-a-tablet g-pos-a-mobile g-pos-custom-desktop g-pos-custom-tablet g-pos-custom-mobile imgt\"><div class=\"gutentor-element-image-box\"><div class=\"gutentor-image-thumb\"><img decoding=\"async\" class=\"normal-image\" src=\"https:\/\/uniguajira.edu.co\/wp-content\/uploads\/2024\/06\/Prueba-portada.webp\" alt=\"Cover test\" \/><\/div><\/div><\/div>\n\n\n\n<div id=\"section-gd14476\" class=\"wp-block-gutentor-e6 section-gd14476 gutentor-element gutentor-element-image imgt\"><div class=\"gutentor-element-image-box\"><div class=\"gutentor-image-thumb\"><img decoding=\"async\" class=\"normal-image\" src=\"https:\/\/uniguajira.edu.co\/wp-content\/uploads\/2024\/06\/Prueba-portada.webp\" alt=\"Cover test\" \/><div class=\"overlay\"><\/div><\/div><\/div><\/div>\n\n<\/div>\n<\/div>\n<\/div>\n<\/div>\n\n<div class=\"gb-container gb-container-a859c3b8\">\n<div class=\"gb-container gb-container-5ff114f1\">\n<div class=\"gb-container gb-container-8118faac\">\n<section class=\"gb-container gb-container-9f5463ba\" id=\"misionvision\">\n<div class=\"gb-container gb-container-1df18ecf\">\n<div class=\"gb-container gb-container-95c15c8e\">\n\n<h3 class=\"gb-headline gb-headline-96f8753a\"><span class=\"gb-icon\"><svg data-name=\"Layer 1\" xmlns=\"http:\/\/www.w3.org\/2000\/svg\" viewbox=\"0 0 128 128\"><path d=\"M116.681 26.982a1.748 1.748 0 00-1.3-1.22l-10.725-2.423-2.423-10.725a1.749 1.749 0 00-2.944-.851L86.954 24.1A49.908 49.908 0 10103.9 41.046l12.34-12.34a1.751 1.751 0 00.441-1.724zm-9.106 39.855A46.406 46.406 0 1184.4 26.658l-5.665 5.665a1.736 1.736 0 00-.135.175 38.564 38.564 0 1016.894 16.917 1.726 1.726 0 00.183-.149l5.665-5.665a46.25 46.25 0 016.233 23.236zM91.341 49.123a34.963 34.963 0 11-12.467-12.479l1.843 8.164-1.768 1.768a27.028 27.028 0 102.475 2.475l1.768-1.768zM68.688 66.837a7.553 7.553 0 11-3.595-6.405L59.925 65.6a1.75 1.75 0 102.475 2.474l5.168-5.168a7.467 7.467 0 011.12 3.931zm-1.076-8.924a11.07 11.07 0 102.474 2.475l8.858-8.858a23.511 23.511 0 11-2.474-2.475zm32.844-18.376l-6.568 6.567-.985-.222-.038-.009L84.1 43.9l-2.209-9.783 17.632-17.635 1.967 8.706a1.751 1.751 0 001.322 1.322l8.706 1.967z\"><\/path><\/svg><\/span><span class=\"gb-headline-text\">Our <mark style=\"background-color:rgba(0, 0, 0, 0)\" class=\"has-inline-color has-global-color-9-color\">Mission<\/mark><\/span><\/h3>\n\n\n\n<p class=\"gb-headline gb-headline-c440d39b gb-headline-text\">The Coordination of Entrepreneurship, Innovation and Business Development of Uniguajira, supports and strengthens the promotion of entrepreneurship, training of entrepreneurs, creation of economic units and assists the productive sector with the latest trends and knowledge in advisory services, consulting, audits, designs, technical assistance and professional services, articulated with the academic programs of technical, technological and professional university training, taught by the different faculties, school and other academic units; establishes alliances with institutions dedicated to the development of local, regional and national entrepreneurship, supported by the use and appropriation of information and communication technologies (ICT).<\/p>\n\n<\/div>\n\n<div class=\"gb-container gb-container-a20d0514\">\n\n<h3 class=\"gb-headline gb-headline-e851d2b8\"><span class=\"gb-icon\"><svg xmlns=\"http:\/\/www.w3.org\/2000\/svg\" viewbox=\"0 0 511.998 511.998\"><path d=\"M504.502 246.627c-1.128-1.41-28.128-34.914-71.893-68.747-25.848-19.982-52.232-35.935-78.416-47.417-31.827-13.956-63.466-21.306-94.114-21.908a149.364 149.364 0 00-4.079-.059c-1.364 0-2.723.022-4.078.059-30.648.601-62.287 7.951-94.114 21.908-26.185 11.481-52.568 27.435-78.416 47.417C35.627 211.713 8.628 245.218 7.5 246.627L0 255.999l7.498 9.372c1.128 1.41 28.128 34.914 71.893 68.747 25.848 19.982 52.232 35.935 78.416 47.417 31.828 13.956 63.466 21.306 94.114 21.908 1.355.037 2.714.059 4.078.059s2.723-.022 4.078-.059c30.648-.601 62.287-7.951 94.114-21.908 26.185-11.481 52.568-27.435 78.416-47.417 43.765-33.833 70.765-67.337 71.893-68.747l7.498-9.372-7.496-9.372zm-374.277 86.347c-11.789-7.311-22.516-14.914-31.927-22.164-27.683-21.327-48.526-42.902-59.261-54.811 10.736-11.91 31.578-33.484 59.261-54.811 9.411-7.251 20.137-14.853 31.927-22.164-13.774 22.422-21.727 48.786-21.727 76.975s7.955 54.553 21.727 76.975zm129.372 40.463c-1.198.025-2.395.06-3.597.06s-2.399-.036-3.597-.06c-63.13-1.909-113.9-53.853-113.9-117.438s50.77-115.529 113.9-117.438c1.198-.025 2.395-.06 3.597-.06s2.399.036 3.597.06c63.13 1.908 113.9 53.853 113.9 117.438s-50.77 115.528-113.9 117.438zm154.104-62.627c-9.411 7.251-20.136 14.853-31.927 22.164 13.774-22.422 21.727-48.786 21.727-76.975 0-28.188-7.954-54.553-21.727-76.975 11.789 7.312 22.515 14.914 31.927 22.164 27.683 21.327 48.525 42.9 59.261 54.811-10.736 11.911-31.578 33.484-59.261 54.811z\"><\/path><path d=\"M256 170.685c-47.042 0-85.314 38.272-85.314 85.314s38.272 85.314 85.314 85.314 85.314-38.272 85.314-85.314-38.272-85.314-85.314-85.314zm0 140.624c-30.498 0-55.31-24.812-55.31-55.31s24.812-55.31 55.31-55.31 55.31 24.812 55.31 55.31-24.812 55.31-55.31 55.31z\"><\/path><\/svg><\/span><span class=\"gb-headline-text\">Our <mark style=\"background-color:rgba(0, 0, 0, 0)\" class=\"has-inline-color has-global-color-9-color\">Vision<\/mark><\/span><\/h3>\n\n\n\n<p class=\"gb-headline gb-headline-ef537b17 gb-headline-text\">The Coordination of Entrepreneurship, Innovation and Business Development of Uniguajira, expects to see itself in 2030 as a strategic ally, with research, technical, academic and business laboratory support, with recognition at departmental, national and international level, in terms of strengthening and qualification of development programs, promoting entrepreneurship, training entrepreneurs and creating economic units with insertion in business and scientific networks; supported by the use and appropriation of information and communication technologies, to make the processes more competitive in the face of the demands of globalization.<\/p>\n\n<\/div>\n<\/div>\n<\/section>\n<\/div>\n<\/div>\n<\/div>\n\n<div class=\"gb-container gb-container-78dfe625\">\n<div class=\"gb-container gb-container-29e0a549\">\n\n<p>Discover how Entrepreneurship Coordination can empower your entrepreneurial spirit.<\/p>\n\n\n<div class=\"gb-container gb-container-61197dc1\">\n<div class=\"gb-container gb-container-14c73d23\">\n\n<details class=\"wp-block-details is-layout-flow wp-block-details-is-layout-flow\" open><summary>Object of the coordination of entrepreneurship<\/summary><div class=\"gb-container gb-container-5692accd\">\n\n<ul class=\"wp-block-list\">\n<li>Contribute to the strengthening of public organizations and according to the context required in the business and industrial environment, public and private, through the development of advisory, consulting, training, oversight, auditing and other services; committed to the mission processes of the University of La Guajira and the generation of sustainable economic development, providing the community in general and especially the business sector comprehensive services to promote their development and their environment.<\/li>\n\n\n\n<li>In this way, it provides society in general, especially consolidated entrepreneurs and people interested in business creation, with specialized attention towards sustainable economic development.<\/li>\n\n\n\n<li>The Business Development Center is equipped with units specialized in the efficient management of public and private enterprises, which is why it has the Center for Entrepreneurship and Business Development to work on the line of independence and economic stability, which works permanently and integrally in the coverage and alternatives for overcoming business needs regarding the creation of companies, their administration, marketing and business plans, among others; these have highly qualified personnel who are constantly updated to intervene in a responsible and timely manner in business development.<\/li>\n<\/ul>\n\n<\/div><\/details>\n\n<\/div>\n\n<div class=\"gb-container gb-container-5b197f68\">\n\n<details class=\"wp-block-details is-layout-flow wp-block-details-is-layout-flow\"><summary>Purpose of the entrepreneurship unit<\/summary><div class=\"gb-container gb-container-9d49fbd7\">\n\n<p>To support the training process in basic, citizenship, labor, innovative and entrepreneurial skills, taught by its faculties, schools and other academic units of the University of La Guajira. As well as effective leadership, strategic direction, knowledge management, training and research skills that serve as input to entrepreneurship, aimed at preserving the culture and the promotion of entrepreneurship, working hand in hand with teachers and consultants from different academic areas to ensure support to the productive sector and public and private institutions at regional, national and international level, with the latest trends and knowledge in advisory, consulting, auditing, design, technical assistance and professional services.<\/p>\n\n<\/div><\/details>\n\n<\/div>\n\n<div class=\"gb-container gb-container-d8c4ac51\">\n\n<details class=\"wp-block-details is-layout-flow wp-block-details-is-layout-flow\"><summary>Portfolio of services<\/summary><div class=\"gb-container gb-container-42cf2b4a\">\n\n<ul class=\"wp-block-list\">\n<li>Promotion of the culture of entrepreneurship: This is developed through socialization, awareness, lectures, workshops, seminars, courses, symposiums, forums, discussions, contests, exhibitions, fairs, conferences, among others, with the purpose of motivating the entrepreneurial spirit.<\/li>\n\n\n\n<li>Advice and formulation of business plans or projects: In order to guide entrepreneurs through a route on entrepreneurial culture, design and development of business plans or viable and sustainable projects.<\/li>\n\n\n\n<li>Technical assistance: Oriented to companies in the productive sector of the department of La Guajira in order to strengthen their productive units and help the economic development of the department.<\/li>\n<\/ul>\n\n<\/div><\/details>\n\n<\/div>\n<\/div>\n<\/div>\n<\/div>\n<\/div>\n<\/div>","protected":false},"excerpt":{"rendered":"<p>La Coordinaci\u00f3n de Emprendimiento, Innovaci\u00f3n y Desarrollo Empresarial, en plena concordancia con la Ley 1014 de 2006, conocida como \u201cDe fomento a la &#8230; <a title=\"Presentation of the Entrepreneurship Coordination\" class=\"read-more\" href=\"https:\/\/uniguajira.edu.co\/en\/universidad-de-la-guajira\/coordinacion-de-emprendimiento\/presentacion-de-la-coordinacion-de-emprendimiento\/\" aria-label=\"Read more about Presentaci\u00f3n de la Coordinaci\u00f3n de Emprendimiento\">.<\/a><\/p>","protected":false},"author":3,"featured_media":25033,"parent":31603,"menu_order":0,"comment_status":"closed","ping_status":"closed","template":"","meta":{"footnotes":""},"class_list":{"0":"post-31280","1":"page","2":"type-page","3":"status-publish","4":"has-post-thumbnail","6":"infinite-scroll-item"},"yoast_head":"<!-- This site is optimized with the Yoast SEO Premium plugin v27.0 (Yoast SEO v27.0) - https:\/\/yoast.com\/product\/yoast-seo-premium-wordpress\/ -->\n<title>Presentaci\u00f3n de la Coordinaci\u00f3n de Emprendimiento<\/title>\n<meta name=\"robots\" content=\"index, follow, max-snippet:-1, max-image-preview:large, max-video-preview:-1\" \/>\n<link rel=\"canonical\" href=\"https:\/\/uniguajira.edu.co\/en\/universidad-de-la-guajira\/coordinacion-de-emprendimiento\/presentacion-de-la-coordinacion-de-emprendimiento\/\" \/>\n<meta property=\"og:locale\" content=\"en_US\" \/>\n<meta property=\"og:type\" content=\"article\" \/>\n<meta property=\"og:title\" content=\"Presentaci\u00f3n de la Coordinaci\u00f3n de Emprendimiento\" \/>\n<meta property=\"og:description\" content=\"La Coordinaci\u00f3n de Emprendimiento, Innovaci\u00f3n y Desarrollo Empresarial, en plena concordancia con la Ley 1014 de 2006, conocida como \u201cDe fomento a la ... .\" \/>\n<meta property=\"og:url\" content=\"https:\/\/uniguajira.edu.co\/en\/universidad-de-la-guajira\/coordinacion-de-emprendimiento\/presentacion-de-la-coordinacion-de-emprendimiento\/\" \/>\n<meta property=\"og:site_name\" content=\"Universidad de La Guajira\" \/>\n<meta property=\"article:publisher\" content=\"https:\/\/www.facebook.com\/UniLaGuajira\/\" \/>\n<meta property=\"article:modified_time\" content=\"2024-10-04T20:51:00+00:00\" \/>\n<meta property=\"og:image\" content=\"https:\/\/uniguajira.edu.co\/wp-content\/uploads\/2024\/01\/emprendimientobanner.webp\" \/>\n\t<meta property=\"og:image:width\" content=\"1920\" \/>\n\t<meta property=\"og:image:height\" content=\"590\" \/>\n\t<meta property=\"og:image:type\" content=\"image\/webp\" \/>\n<meta name=\"twitter:card\" content=\"summary_large_image\" \/>\n<meta name=\"twitter:site\" content=\"@UniLaGuajira\" \/>\n<meta name=\"twitter:label1\" content=\"Est. reading time\" \/>\n\t<meta name=\"twitter:data1\" content=\"5 minutes\" \/>\n<script type=\"application\/ld+json\" class=\"yoast-schema-graph\">{\"@context\":\"https:\/\/schema.org\",\"@graph\":[{\"@type\":\"WebPage\",\"@id\":\"https:\/\/uniguajira.edu.co\/universidad-de-la-guajira\/coordinacion-de-emprendimiento\/presentacion-de-la-coordinacion-de-emprendimiento\/\",\"url\":\"https:\/\/uniguajira.edu.co\/universidad-de-la-guajira\/coordinacion-de-emprendimiento\/presentacion-de-la-coordinacion-de-emprendimiento\/\",\"name\":\"Presentaci\u00f3n de la Coordinaci\u00f3n de Emprendimiento\",\"isPartOf\":{\"@id\":\"https:\/\/uniguajira.edu.co\/#website\"},\"primaryImageOfPage\":{\"@id\":\"https:\/\/uniguajira.edu.co\/universidad-de-la-guajira\/coordinacion-de-emprendimiento\/presentacion-de-la-coordinacion-de-emprendimiento\/#primaryimage\"},\"image\":{\"@id\":\"https:\/\/uniguajira.edu.co\/universidad-de-la-guajira\/coordinacion-de-emprendimiento\/presentacion-de-la-coordinacion-de-emprendimiento\/#primaryimage\"},\"thumbnailUrl\":\"https:\/\/uniguajira.edu.co\/wp-content\/uploads\/2024\/01\/emprendimientobanner.webp\",\"datePublished\":\"2024-03-06T22:28:46+00:00\",\"dateModified\":\"2024-10-04T20:51:00+00:00\",\"breadcrumb\":{\"@id\":\"https:\/\/uniguajira.edu.co\/universidad-de-la-guajira\/coordinacion-de-emprendimiento\/presentacion-de-la-coordinacion-de-emprendimiento\/#breadcrumb\"},\"inLanguage\":\"en-US\",\"potentialAction\":[{\"@type\":\"ReadAction\",\"target\":[\"https:\/\/uniguajira.edu.co\/universidad-de-la-guajira\/coordinacion-de-emprendimiento\/presentacion-de-la-coordinacion-de-emprendimiento\/\"]}]},{\"@type\":\"ImageObject\",\"inLanguage\":\"en-US\",\"@id\":\"https:\/\/uniguajira.edu.co\/universidad-de-la-guajira\/coordinacion-de-emprendimiento\/presentacion-de-la-coordinacion-de-emprendimiento\/#primaryimage\",\"url\":\"https:\/\/uniguajira.edu.co\/wp-content\/uploads\/2024\/01\/emprendimientobanner.webp\",\"contentUrl\":\"https:\/\/uniguajira.edu.co\/wp-content\/uploads\/2024\/01\/emprendimientobanner.webp\",\"width\":1920,\"height\":590},{\"@type\":\"BreadcrumbList\",\"@id\":\"https:\/\/uniguajira.edu.co\/universidad-de-la-guajira\/coordinacion-de-emprendimiento\/presentacion-de-la-coordinacion-de-emprendimiento\/#breadcrumb\",\"itemListElement\":[{\"@type\":\"ListItem\",\"position\":1,\"name\":\"\u2302 Uniguajira\",\"item\":\"https:\/\/uniguajira.edu.co\/\"},{\"@type\":\"ListItem\",\"position\":2,\"name\":\"Uniguajira\",\"item\":\"https:\/\/uniguajira.edu.co\/\"},{\"@type\":\"ListItem\",\"position\":3,\"name\":\"Coordinaci\u00f3n de Emprendimiento\",\"item\":\"https:\/\/uniguajira.edu.co\/universidad-de-la-guajira\/coordinacion-de-emprendimiento\/\"},{\"@type\":\"ListItem\",\"position\":4,\"name\":\"Presentaci\u00f3n\"}]},{\"@type\":\"WebSite\",\"@id\":\"https:\/\/uniguajira.edu.co\/#website\",\"url\":\"https:\/\/uniguajira.edu.co\/\",\"name\":\"UNIGUAJIRA\",\"description\":\"Descubre la educaci\u00f3n superior con oportunidades laborales, retos estudiantiles y tecnolog\u00eda innovadora. Alcanza el \u00e9xito acad\u00e9mico y explora el impacto social y la diversidad en un entorno de aprendizaje moderno. Ad\u00e1ptate con inteligencia artificial y pr\u00e1cticas profesionales para un crecimiento integral.\",\"publisher\":{\"@id\":\"https:\/\/uniguajira.edu.co\/#organization\"},\"alternateName\":\"Universidad de La Guajira\",\"potentialAction\":[{\"@type\":\"SearchAction\",\"target\":{\"@type\":\"EntryPoint\",\"urlTemplate\":\"https:\/\/uniguajira.edu.co\/?s={search_term_string}\"},\"query-input\":{\"@type\":\"PropertyValueSpecification\",\"valueRequired\":true,\"valueName\":\"search_term_string\"}}],\"inLanguage\":\"en-US\"},{\"@type\":\"Organization\",\"@id\":\"https:\/\/uniguajira.edu.co\/#organization\",\"name\":\"Universidad de La Guajira\",\"alternateName\":\"UNIGUAJIRA\",\"url\":\"https:\/\/uniguajira.edu.co\/\",\"logo\":{\"@type\":\"ImageObject\",\"inLanguage\":\"en-US\",\"@id\":\"https:\/\/uniguajira.edu.co\/#\/schema\/logo\/image\/\",\"url\":\"https:\/\/uniguajira.edu.co\/wp-content\/uploads\/2026\/01\/cropped-cropped-LOGOS-PAGINA-WEB-04-1.webp\",\"contentUrl\":\"https:\/\/uniguajira.edu.co\/wp-content\/uploads\/2026\/01\/cropped-cropped-LOGOS-PAGINA-WEB-04-1.webp\",\"width\":360,\"height\":72,\"caption\":\"Universidad de La Guajira\"},\"image\":{\"@id\":\"https:\/\/uniguajira.edu.co\/#\/schema\/logo\/image\/\"},\"sameAs\":[\"https:\/\/www.facebook.com\/UniLaGuajira\/\",\"https:\/\/x.com\/UniLaGuajira\",\"https:\/\/www.instagram.com\/uniguajira_\/\",\"https:\/\/www.youtube.com\/user\/UniLaGuajira\"]}]}<\/script>\n<!-- \/ Yoast SEO Premium plugin. -->","yoast_head_json":{"title":"Presentation of the Entrepreneurship Coordination","robots":{"index":"index","follow":"follow","max-snippet":"max-snippet:-1","max-image-preview":"max-image-preview:large","max-video-preview":"max-video-preview:-1"},"canonical":"https:\/\/uniguajira.edu.co\/en\/universidad-de-la-guajira\/coordinacion-de-emprendimiento\/presentacion-de-la-coordinacion-de-emprendimiento\/","og_locale":"en_US","og_type":"article","og_title":"Presentaci\u00f3n de la Coordinaci\u00f3n de Emprendimiento","og_description":"La Coordinaci\u00f3n de Emprendimiento, Innovaci\u00f3n y Desarrollo Empresarial, en plena concordancia con la Ley 1014 de 2006, conocida como \u201cDe fomento a la ... .","og_url":"https:\/\/uniguajira.edu.co\/en\/universidad-de-la-guajira\/coordinacion-de-emprendimiento\/presentacion-de-la-coordinacion-de-emprendimiento\/","og_site_name":"Universidad de La Guajira","article_publisher":"https:\/\/www.facebook.com\/UniLaGuajira\/","article_modified_time":"2024-10-04T20:51:00+00:00","og_image":[{"width":1920,"height":590,"url":"https:\/\/uniguajira.edu.co\/wp-content\/uploads\/2024\/01\/emprendimientobanner.webp","type":"image\/webp"}],"twitter_card":"summary_large_image","twitter_site":"@UniLaGuajira","twitter_misc":{"Est. reading time":"5 minutes"},"schema":{"@context":"https:\/\/schema.org","@graph":[{"@type":"WebPage","@id":"https:\/\/uniguajira.edu.co\/universidad-de-la-guajira\/coordinacion-de-emprendimiento\/presentacion-de-la-coordinacion-de-emprendimiento\/","url":"https:\/\/uniguajira.edu.co\/universidad-de-la-guajira\/coordinacion-de-emprendimiento\/presentacion-de-la-coordinacion-de-emprendimiento\/","name":"Presentation of the Entrepreneurship Coordination","isPartOf":{"@id":"https:\/\/uniguajira.edu.co\/#website"},"primaryImageOfPage":{"@id":"https:\/\/uniguajira.edu.co\/universidad-de-la-guajira\/coordinacion-de-emprendimiento\/presentacion-de-la-coordinacion-de-emprendimiento\/#primaryimage"},"image":{"@id":"https:\/\/uniguajira.edu.co\/universidad-de-la-guajira\/coordinacion-de-emprendimiento\/presentacion-de-la-coordinacion-de-emprendimiento\/#primaryimage"},"thumbnailUrl":"https:\/\/uniguajira.edu.co\/wp-content\/uploads\/2024\/01\/emprendimientobanner.webp","datePublished":"2024-03-06T22:28:46+00:00","dateModified":"2024-10-04T20:51:00+00:00","breadcrumb":{"@id":"https:\/\/uniguajira.edu.co\/universidad-de-la-guajira\/coordinacion-de-emprendimiento\/presentacion-de-la-coordinacion-de-emprendimiento\/#breadcrumb"},"inLanguage":"en-US","potentialAction":[{"@type":"ReadAction","target":["https:\/\/uniguajira.edu.co\/universidad-de-la-guajira\/coordinacion-de-emprendimiento\/presentacion-de-la-coordinacion-de-emprendimiento\/"]}]},{"@type":"ImageObject","inLanguage":"en-US","@id":"https:\/\/uniguajira.edu.co\/universidad-de-la-guajira\/coordinacion-de-emprendimiento\/presentacion-de-la-coordinacion-de-emprendimiento\/#primaryimage","url":"https:\/\/uniguajira.edu.co\/wp-content\/uploads\/2024\/01\/emprendimientobanner.webp","contentUrl":"https:\/\/uniguajira.edu.co\/wp-content\/uploads\/2024\/01\/emprendimientobanner.webp","width":1920,"height":590},{"@type":"BreadcrumbList","@id":"https:\/\/uniguajira.edu.co\/universidad-de-la-guajira\/coordinacion-de-emprendimiento\/presentacion-de-la-coordinacion-de-emprendimiento\/#breadcrumb","itemListElement":[{"@type":"ListItem","position":1,"name":"\u2302 Uniguajira","item":"https:\/\/uniguajira.edu.co\/"},{"@type":"ListItem","position":2,"name":"Uniguajira","item":"https:\/\/uniguajira.edu.co\/"},{"@type":"ListItem","position":3,"name":"Coordinaci\u00f3n de Emprendimiento","item":"https:\/\/uniguajira.edu.co\/universidad-de-la-guajira\/coordinacion-de-emprendimiento\/"},{"@type":"ListItem","position":4,"name":"Presentaci\u00f3n"}]},{"@type":"WebSite","@id":"https:\/\/uniguajira.edu.co\/#website","url":"https:\/\/uniguajira.edu.co\/","name":"UNIGUAJIRA","description":"Descubre la educaci\u00f3n superior con oportunidades laborales, retos estudiantiles y tecnolog\u00eda innovadora. Alcanza el \u00e9xito acad\u00e9mico y explora el impacto social y la diversidad en un entorno de aprendizaje moderno. Ad\u00e1ptate con inteligencia artificial y pr\u00e1cticas profesionales para un crecimiento integral.","publisher":{"@id":"https:\/\/uniguajira.edu.co\/#organization"},"alternateName":"Universidad de La Guajira","potentialAction":[{"@type":"SearchAction","target":{"@type":"EntryPoint","urlTemplate":"https:\/\/uniguajira.edu.co\/?s={search_term_string}"},"query-input":{"@type":"PropertyValueSpecification","valueRequired":true,"valueName":"search_term_string"}}],"inLanguage":"en-US"},{"@type":"Organization","@id":"https:\/\/uniguajira.edu.co\/#organization","name":"University of La Guajira","alternateName":"UNIGUAJIRA","url":"https:\/\/uniguajira.edu.co\/","logo":{"@type":"ImageObject","inLanguage":"en-US","@id":"https:\/\/uniguajira.edu.co\/#\/schema\/logo\/image\/","url":"https:\/\/uniguajira.edu.co\/wp-content\/uploads\/2026\/01\/cropped-cropped-LOGOS-PAGINA-WEB-04-1.webp","contentUrl":"https:\/\/uniguajira.edu.co\/wp-content\/uploads\/2026\/01\/cropped-cropped-LOGOS-PAGINA-WEB-04-1.webp","width":360,"height":72,"caption":"Universidad de La Guajira"},"image":{"@id":"https:\/\/uniguajira.edu.co\/#\/schema\/logo\/image\/"},"sameAs":["https:\/\/www.facebook.com\/UniLaGuajira\/","https:\/\/x.com\/UniLaGuajira","https:\/\/www.instagram.com\/uniguajira_\/","https:\/\/www.youtube.com\/user\/UniLaGuajira"]}]}},"_hostinger_reach_plugin_has_subscription_block":false,"_hostinger_reach_plugin_is_elementor":false,"_links":{"self":[{"href":"https:\/\/uniguajira.edu.co\/en\/wp-json\/wp\/v2\/pages\/31280","targetHints":{"allow":["GET"]}}],"collection":[{"href":"https:\/\/uniguajira.edu.co\/en\/wp-json\/wp\/v2\/pages"}],"about":[{"href":"https:\/\/uniguajira.edu.co\/en\/wp-json\/wp\/v2\/types\/page"}],"author":[{"embeddable":true,"href":"https:\/\/uniguajira.edu.co\/en\/wp-json\/wp\/v2\/users\/3"}],"replies":[{"embeddable":true,"href":"https:\/\/uniguajira.edu.co\/en\/wp-json\/wp\/v2\/comments?post=31280"}],"version-history":[{"count":0,"href":"https:\/\/uniguajira.edu.co\/en\/wp-json\/wp\/v2\/pages\/31280\/revisions"}],"up":[{"embeddable":true,"href":"https:\/\/uniguajira.edu.co\/en\/wp-json\/wp\/v2\/pages\/31603"}],"wp:featuredmedia":[{"embeddable":true,"href":"https:\/\/uniguajira.edu.co\/en\/wp-json\/wp\/v2\/media\/25033"}],"wp:attachment":[{"href":"https:\/\/uniguajira.edu.co\/en\/wp-json\/wp\/v2\/media?parent=31280"}],"curies":[{"name":"wp","href":"https:\/\/api.w.org\/{rel}","templated":true}]}}