{"id":30411,"date":"2024-03-04T15:55:16","date_gmt":"2024-03-04T20:55:16","guid":{"rendered":"https:\/\/uniguajira.edu.co\/?page_id=30411"},"modified":"2025-10-02T16:30:49","modified_gmt":"2025-10-02T21:30:49","slug":"equipo-de-trabajo-del-centro-de-lenguas","status":"publish","type":"page","link":"https:\/\/uniguajira.edu.co\/en\/universidad-de-la-guajira\/centro-de-lenguas\/presentacion-del-centro-de-lenguas\/equipo-de-trabajo-del-centro-de-lenguas\/","title":{"rendered":"Language Center staff"},"content":{"rendered":"<div class=\"gb-container gb-container-d796b7e0\">\n<div class=\"gb-container gb-container-4d72301d\">\n<div class=\"gb-container gb-container-570b9a30\">\n<div class=\"gb-container gb-container-1db11728\">\n<div class=\"gb-container gb-container-bd75c527\">\n<div class=\"gb-grid-wrapper gb-grid-wrapper-4968fe00\">\n<div class=\"gb-grid-column gb-grid-column-0922ff07\"><div class=\"gb-container gb-container-0922ff07 infpro neumo\">\n\n<figure class=\"gb-block-image gb-block-image-ac71f498\"><img loading=\"lazy\" decoding=\"async\" width=\"400\" height=\"400\" class=\"gb-image gb-image-ac71f498 imgt\" src=\"https:\/\/uniguajira.edu.co\/wp-content\/uploads\/2024\/01\/JOHENNYS-BRITO-1-1.webp\" alt=\"Johennys Brito Chiquillo Directora del Centro de Lenguas\" title=\"JOHENNYS-BRITO-1-1\" srcset=\"https:\/\/uniguajira.edu.co\/wp-content\/uploads\/2024\/01\/JOHENNYS-BRITO-1-1.webp 400w, https:\/\/uniguajira.edu.co\/wp-content\/uploads\/2024\/01\/JOHENNYS-BRITO-1-1-300x300.webp 300w, https:\/\/uniguajira.edu.co\/wp-content\/uploads\/2024\/01\/JOHENNYS-BRITO-1-1-150x150.webp 150w\" sizes=\"auto, (max-width: 400px) 100vw, 400px\" \/><\/figure>\n\n\n<div class=\"gb-container gb-container-30269ed7\">\n\n<h3 class=\"gb-headline gb-headline-39ed363c gb-headline-text\">Johennys Brito Chiquillo&nbsp;<\/h3>\n\n<\/div>\n\n<div class=\"gb-container gb-container-33ccfa60\">\n\n<p class=\"gb-headline gb-headline-5c8854c3 gb-headline-text\">Director of the unit&nbsp;<\/p>\n\n<\/div>\n\n\n<div class=\"gb-headline gb-headline-6bf3b0fe gb-headline-text largo\"><strong>E-mail address<\/strong><br><a href=\"mailto:jgbritoc@uniguajira.edu.co\">jgbritoc@uniguajira.edu.co<\/a><\/div>\n\n<\/div><\/div>\n\n<div class=\"gb-grid-column gb-grid-column-3fbc2f61\"><div class=\"gb-container gb-container-3fbc2f61 infpro neumo\">\n\n<figure class=\"gb-block-image gb-block-image-fb6f2488\"><img loading=\"lazy\" decoding=\"async\" width=\"400\" height=\"400\" class=\"gb-image gb-image-fb6f2488 imgt\" src=\"https:\/\/uniguajira.edu.co\/wp-content\/uploads\/2024\/04\/Jacqueline.webp\" alt=\"Jacqueline Oliveros R.Apoyo a los procesos \" title=\"Jacqueline\" srcset=\"https:\/\/uniguajira.edu.co\/wp-content\/uploads\/2024\/04\/Jacqueline.webp 400w, https:\/\/uniguajira.edu.co\/wp-content\/uploads\/2024\/04\/Jacqueline-300x300.webp 300w, https:\/\/uniguajira.edu.co\/wp-content\/uploads\/2024\/04\/Jacqueline-150x150.webp 150w, https:\/\/uniguajira.edu.co\/wp-content\/uploads\/2024\/04\/Jacqueline-12x12.webp 12w\" sizes=\"auto, (max-width: 400px) 100vw, 400px\" \/><\/figure>\n\n\n<div class=\"gb-container gb-container-46508406\">\n\n<h3 class=\"gb-headline gb-headline-43a7afe2 gb-headline-text\">Jacqueline Oliveros<\/h3>\n\n<\/div>\n\n<div class=\"gb-container gb-container-08aabfae\">\n\n<p class=\"gb-headline gb-headline-bb3e24f1 gb-headline-text\">Process support&nbsp;<\/p>\n\n<\/div>\n\n\n<div class=\"gb-headline gb-headline-0e8694a7 gb-headline-text largo\"><strong>E-mail address<\/strong><br><a href=\"mailto:jmoliveros@uniguajira.edu.co\">jmoliveros@uniguajira.edu.co<\/a><\/div>\n\n<\/div><\/div>\n\n<div class=\"gb-grid-column gb-grid-column-2ec50c22\"><div class=\"gb-container gb-container-2ec50c22 infpro neumo\">\n\n<figure class=\"gb-block-image gb-block-image-bb0af09b\"><img loading=\"lazy\" decoding=\"async\" width=\"400\" height=\"400\" class=\"gb-image gb-image-bb0af09b imgt\" src=\"https:\/\/uniguajira.edu.co\/wp-content\/uploads\/2025\/07\/Fainer-Romero-Ruiz.webp\" alt=\"Fainer Romero RuizApoyo a los procesos \" title=\"Fainer Romero Ruiz\" srcset=\"https:\/\/uniguajira.edu.co\/wp-content\/uploads\/2025\/07\/Fainer-Romero-Ruiz.webp 400w, https:\/\/uniguajira.edu.co\/wp-content\/uploads\/2025\/07\/Fainer-Romero-Ruiz-300x300.webp 300w, https:\/\/uniguajira.edu.co\/wp-content\/uploads\/2025\/07\/Fainer-Romero-Ruiz-150x150.webp 150w, https:\/\/uniguajira.edu.co\/wp-content\/uploads\/2025\/07\/Fainer-Romero-Ruiz-12x12.webp 12w\" sizes=\"auto, (max-width: 400px) 100vw, 400px\" \/><\/figure>\n\n\n<div class=\"gb-container gb-container-e5b46188\">\n\n<h3 class=\"gb-headline gb-headline-397e4a90 gb-headline-text\">Fainer Romero Ruiz<\/h3>\n\n<\/div>\n\n<div class=\"gb-container gb-container-54897a4c\">\n\n<p class=\"gb-headline gb-headline-76d44a38 gb-headline-text\">Process support&nbsp;<\/p>\n\n<\/div>\n\n\n<div class=\"gb-headline gb-headline-a32b360d gb-headline-text largo\"><strong>E-mail address<\/strong><br><a href=\"mailto:fromeror@uniguajira.edu.co\" target=\"_blank\" rel=\"noreferrer noopener\">fromeror@uniguajira.edu.co<\/a>&nbsp;<\/div>\n\n<\/div><\/div>\n\n<div class=\"gb-grid-column gb-grid-column-af89058d\"><div class=\"gb-container gb-container-af89058d infpro neumo\">\n\n<figure class=\"gb-block-image gb-block-image-cdef573a\"><img loading=\"lazy\" decoding=\"async\" width=\"400\" height=\"400\" class=\"gb-image gb-image-cdef573a imgt\" src=\"https:\/\/uniguajira.edu.co\/wp-content\/uploads\/2024\/04\/Elmis-Robles-Sanchez.webp\" alt=\"Elmis Robles S\u00e1nchez apoyo a los procesos\" title=\"Elmis Robles S\u00e1nchez\" srcset=\"https:\/\/uniguajira.edu.co\/wp-content\/uploads\/2024\/04\/Elmis-Robles-Sanchez.webp 400w, https:\/\/uniguajira.edu.co\/wp-content\/uploads\/2024\/04\/Elmis-Robles-Sanchez-300x300.webp 300w, https:\/\/uniguajira.edu.co\/wp-content\/uploads\/2024\/04\/Elmis-Robles-Sanchez-150x150.webp 150w, https:\/\/uniguajira.edu.co\/wp-content\/uploads\/2024\/04\/Elmis-Robles-Sanchez-12x12.webp 12w\" sizes=\"auto, (max-width: 400px) 100vw, 400px\" \/><\/figure>\n\n\n<div class=\"gb-container gb-container-91d0efb9\">\n\n<h3 class=\"gb-headline gb-headline-e38345ef gb-headline-text\">Elmis Robles S\u00e1nchez<\/h3>\n\n<\/div>\n\n<div class=\"gb-container gb-container-78672062\">\n\n<p class=\"gb-headline gb-headline-16245dd6 gb-headline-text\">Process support&nbsp;<\/p>\n\n<\/div>\n\n\n<div class=\"gb-headline gb-headline-92f61a68 gb-headline-text largo\"><strong>E-mail address<\/strong><br><a href=\"mailto:eyrobles@uniguajira.edu.co\">eyrobles@uniguajira.edu.co<\/a><\/div>\n\n<\/div><\/div>\n\n<div class=\"gb-grid-column gb-grid-column-d29bb333\"><div class=\"gb-container gb-container-d29bb333 infpro neumo\">\n\n<figure class=\"gb-block-image gb-block-image-3ea2269a\"><img loading=\"lazy\" decoding=\"async\" width=\"400\" height=\"400\" class=\"gb-image gb-image-3ea2269a imgt\" src=\"https:\/\/uniguajira.edu.co\/wp-content\/uploads\/2024\/04\/Abrianna.webp\" alt=\"Abrianna Toro BritoApoyo a los procesos \" title=\"Abrianna\" srcset=\"https:\/\/uniguajira.edu.co\/wp-content\/uploads\/2024\/04\/Abrianna.webp 400w, https:\/\/uniguajira.edu.co\/wp-content\/uploads\/2024\/04\/Abrianna-300x300.webp 300w, https:\/\/uniguajira.edu.co\/wp-content\/uploads\/2024\/04\/Abrianna-150x150.webp 150w, https:\/\/uniguajira.edu.co\/wp-content\/uploads\/2024\/04\/Abrianna-12x12.webp 12w\" sizes=\"auto, (max-width: 400px) 100vw, 400px\" \/><\/figure>\n\n\n<div class=\"gb-container gb-container-1bd01cbb\">\n\n<h3 class=\"gb-headline gb-headline-27f48611 gb-headline-text\">Abrianna Toro Brito<\/h3>\n\n<\/div>\n\n<div class=\"gb-container gb-container-4eca065d\">\n\n<p class=\"gb-headline gb-headline-ca90e109 gb-headline-text\">Process support&nbsp;<\/p>\n\n<\/div>\n\n\n<div class=\"gb-headline gb-headline-54083b74 gb-headline-text largo\"><strong>E-mail address<\/strong><br><a href=\"mailto:adanielatoro@uniguajira.edu.co\">adanielatoro@uniguajira.edu.co<\/a><\/div>\n\n<\/div><\/div>\n\n<div class=\"gb-grid-column gb-grid-column-cef2247b\"><div class=\"gb-container gb-container-cef2247b infpro neumo\">\n\n<figure class=\"gb-block-image gb-block-image-246e05aa\"><img loading=\"lazy\" decoding=\"async\" width=\"400\" height=\"400\" class=\"gb-image gb-image-246e05aa imgt\" src=\"https:\/\/uniguajira.edu.co\/wp-content\/uploads\/2024\/04\/Kenner.webp\" alt=\"Kenner Javier Acu\u00f1a Negrete Apoyo a los procesos \" title=\"Kenner\" srcset=\"https:\/\/uniguajira.edu.co\/wp-content\/uploads\/2024\/04\/Kenner.webp 400w, https:\/\/uniguajira.edu.co\/wp-content\/uploads\/2024\/04\/Kenner-300x300.webp 300w, https:\/\/uniguajira.edu.co\/wp-content\/uploads\/2024\/04\/Kenner-150x150.webp 150w, https:\/\/uniguajira.edu.co\/wp-content\/uploads\/2024\/04\/Kenner-12x12.webp 12w\" sizes=\"auto, (max-width: 400px) 100vw, 400px\" \/><\/figure>\n\n\n<div class=\"gb-container gb-container-6d320f1b\">\n\n<h3 class=\"gb-headline gb-headline-ce07450c gb-headline-text\"><strong>Kenner Javier Acu\u00f1a Negrete&nbsp;<\/strong><\/h3>\n\n<\/div>\n\n<div class=\"gb-container gb-container-d08a78a5\">\n\n<p class=\"gb-headline gb-headline-5dcd0490 gb-headline-text\">Process support&nbsp;<\/p>\n\n<\/div>\n\n\n<div class=\"gb-headline gb-headline-7e1da019 gb-headline-text largo\"><strong>E-mail address<\/strong><br><a href=\"mailto:kjavieracuna@uniguajira.edu.co\">kjavieracuna@uniguajira.edu.co<\/a><\/div>\n\n<\/div><\/div>\n\n<div class=\"gb-grid-column gb-grid-column-1f6fec63\"><div class=\"gb-container gb-container-1f6fec63 infpro neumo\">\n\n<figure class=\"gb-block-image gb-block-image-60ad3647\"><img loading=\"lazy\" decoding=\"async\" width=\"400\" height=\"400\" class=\"gb-image gb-image-60ad3647 imgt\" src=\"https:\/\/uniguajira.edu.co\/wp-content\/uploads\/2024\/09\/Rosalia-Florez-Palmar.webp\" alt=\"Rosalia Florez PalmarApoyo a los procesos\" title=\"Rosalia Florez Palmar\" srcset=\"https:\/\/uniguajira.edu.co\/wp-content\/uploads\/2024\/09\/Rosalia-Florez-Palmar.webp 400w, https:\/\/uniguajira.edu.co\/wp-content\/uploads\/2024\/09\/Rosalia-Florez-Palmar-300x300.webp 300w, https:\/\/uniguajira.edu.co\/wp-content\/uploads\/2024\/09\/Rosalia-Florez-Palmar-150x150.webp 150w, https:\/\/uniguajira.edu.co\/wp-content\/uploads\/2024\/09\/Rosalia-Florez-Palmar-12x12.webp 12w\" sizes=\"auto, (max-width: 400px) 100vw, 400px\" \/><\/figure>\n\n\n<div class=\"gb-container gb-container-5420a603\">\n\n<h3 class=\"gb-headline gb-headline-73312e05 gb-headline-text\"><strong>Rosalia Florez Palmar<\/strong><\/h3>\n\n<\/div>\n\n<div class=\"gb-container gb-container-456b0acc\">\n\n<p class=\"gb-headline gb-headline-01d94cf9 gb-headline-text\">Process support&nbsp;<\/p>\n\n<\/div>\n\n\n<div class=\"gb-headline gb-headline-89f63f0d gb-headline-text largo\"><strong>E-mail address<\/strong><br><a href=\"mailto:rosaliaflorez@uniguajira.edu.co\" target=\"_blank\" rel=\"noreferrer noopener\">rosaliaflorez@uniguajira.edu.co<\/a><\/div>\n\n<\/div><\/div>\n<\/div>\n<\/div>\n<\/div>\n<\/div>\n<\/div>\n<\/div>","protected":false},"excerpt":{"rendered":"","protected":false},"author":3,"featured_media":25707,"parent":31381,"menu_order":0,"comment_status":"closed","ping_status":"closed","template":"","meta":{"footnotes":""},"class_list":{"0":"post-30411","1":"page","2":"type-page","3":"status-publish","4":"has-post-thumbnail","6":"infinite-scroll-item"},"yoast_head":"<!-- This site is optimized with the Yoast SEO Premium plugin v27.0 (Yoast SEO v27.0) - https:\/\/yoast.com\/product\/yoast-seo-premium-wordpress\/ -->\n<title>Equipo de trabajo del Centro de Lenguas<\/title>\n<meta name=\"robots\" content=\"index, follow, max-snippet:-1, max-image-preview:large, max-video-preview:-1\" \/>\n<link rel=\"canonical\" href=\"https:\/\/uniguajira.edu.co\/en\/universidad-de-la-guajira\/centro-de-lenguas\/presentacion-del-centro-de-lenguas\/equipo-de-trabajo-del-centro-de-lenguas\/\" \/>\n<meta property=\"og:locale\" content=\"en_US\" \/>\n<meta property=\"og:type\" content=\"article\" \/>\n<meta property=\"og:title\" content=\"Equipo de trabajo del Centro de Lenguas\" \/>\n<meta property=\"og:url\" content=\"https:\/\/uniguajira.edu.co\/en\/universidad-de-la-guajira\/centro-de-lenguas\/presentacion-del-centro-de-lenguas\/equipo-de-trabajo-del-centro-de-lenguas\/\" \/>\n<meta property=\"og:site_name\" content=\"Universidad de La Guajira\" \/>\n<meta property=\"article:publisher\" content=\"https:\/\/www.facebook.com\/UniLaGuajira\/\" \/>\n<meta property=\"article:modified_time\" content=\"2025-10-02T21:30:49+00:00\" \/>\n<meta property=\"og:image\" content=\"https:\/\/uniguajira.edu.co\/wp-content\/uploads\/2024\/01\/banner-idiomas.webp\" \/>\n\t<meta property=\"og:image:width\" content=\"1920\" \/>\n\t<meta property=\"og:image:height\" content=\"590\" \/>\n\t<meta property=\"og:image:type\" content=\"image\/webp\" \/>\n<meta name=\"twitter:card\" content=\"summary_large_image\" \/>\n<meta name=\"twitter:site\" content=\"@UniLaGuajira\" \/>\n<meta name=\"twitter:label1\" content=\"Est. reading time\" \/>\n\t<meta name=\"twitter:data1\" content=\"2 minutes\" \/>\n<script type=\"application\/ld+json\" class=\"yoast-schema-graph\">{\"@context\":\"https:\/\/schema.org\",\"@graph\":[{\"@type\":\"WebPage\",\"@id\":\"https:\/\/uniguajira.edu.co\/universidad-de-la-guajira\/centro-de-lenguas\/presentacion-del-centro-de-lenguas\/equipo-de-trabajo-del-centro-de-lenguas\/\",\"url\":\"https:\/\/uniguajira.edu.co\/universidad-de-la-guajira\/centro-de-lenguas\/presentacion-del-centro-de-lenguas\/equipo-de-trabajo-del-centro-de-lenguas\/\",\"name\":\"Equipo de trabajo del Centro de Lenguas\",\"isPartOf\":{\"@id\":\"https:\/\/uniguajira.edu.co\/#website\"},\"primaryImageOfPage\":{\"@id\":\"https:\/\/uniguajira.edu.co\/universidad-de-la-guajira\/centro-de-lenguas\/presentacion-del-centro-de-lenguas\/equipo-de-trabajo-del-centro-de-lenguas\/#primaryimage\"},\"image\":{\"@id\":\"https:\/\/uniguajira.edu.co\/universidad-de-la-guajira\/centro-de-lenguas\/presentacion-del-centro-de-lenguas\/equipo-de-trabajo-del-centro-de-lenguas\/#primaryimage\"},\"thumbnailUrl\":\"https:\/\/uniguajira.edu.co\/wp-content\/uploads\/2024\/01\/banner-idiomas.webp\",\"datePublished\":\"2024-03-04T20:55:16+00:00\",\"dateModified\":\"2025-10-02T21:30:49+00:00\",\"breadcrumb\":{\"@id\":\"https:\/\/uniguajira.edu.co\/universidad-de-la-guajira\/centro-de-lenguas\/presentacion-del-centro-de-lenguas\/equipo-de-trabajo-del-centro-de-lenguas\/#breadcrumb\"},\"inLanguage\":\"en-US\",\"potentialAction\":[{\"@type\":\"ReadAction\",\"target\":[\"https:\/\/uniguajira.edu.co\/universidad-de-la-guajira\/centro-de-lenguas\/presentacion-del-centro-de-lenguas\/equipo-de-trabajo-del-centro-de-lenguas\/\"]}]},{\"@type\":\"ImageObject\",\"inLanguage\":\"en-US\",\"@id\":\"https:\/\/uniguajira.edu.co\/universidad-de-la-guajira\/centro-de-lenguas\/presentacion-del-centro-de-lenguas\/equipo-de-trabajo-del-centro-de-lenguas\/#primaryimage\",\"url\":\"https:\/\/uniguajira.edu.co\/wp-content\/uploads\/2024\/01\/banner-idiomas.webp\",\"contentUrl\":\"https:\/\/uniguajira.edu.co\/wp-content\/uploads\/2024\/01\/banner-idiomas.webp\",\"width\":1920,\"height\":590},{\"@type\":\"BreadcrumbList\",\"@id\":\"https:\/\/uniguajira.edu.co\/universidad-de-la-guajira\/centro-de-lenguas\/presentacion-del-centro-de-lenguas\/equipo-de-trabajo-del-centro-de-lenguas\/#breadcrumb\",\"itemListElement\":[{\"@type\":\"ListItem\",\"position\":1,\"name\":\"\u2302 Uniguajira\",\"item\":\"https:\/\/uniguajira.edu.co\/\"},{\"@type\":\"ListItem\",\"position\":2,\"name\":\"Uniguajira\",\"item\":\"https:\/\/uniguajira.edu.co\/\"},{\"@type\":\"ListItem\",\"position\":3,\"name\":\"Centro de Lenguas\",\"item\":\"https:\/\/uniguajira.edu.co\/universidad-de-la-guajira\/centro-de-lenguas\/\"},{\"@type\":\"ListItem\",\"position\":4,\"name\":\"Presentaci\u00f3n\",\"item\":\"https:\/\/uniguajira.edu.co\/universidad-de-la-guajira\/centro-de-lenguas\/presentacion-del-centro-de-lenguas\/\"},{\"@type\":\"ListItem\",\"position\":5,\"name\":\"Equipo de trabajo\"}]},{\"@type\":\"WebSite\",\"@id\":\"https:\/\/uniguajira.edu.co\/#website\",\"url\":\"https:\/\/uniguajira.edu.co\/\",\"name\":\"UNIGUAJIRA\",\"description\":\"Descubre la educaci\u00f3n superior con oportunidades laborales, retos estudiantiles y tecnolog\u00eda innovadora. Alcanza el \u00e9xito acad\u00e9mico y explora el impacto social y la diversidad en un entorno de aprendizaje moderno. Ad\u00e1ptate con inteligencia artificial y pr\u00e1cticas profesionales para un crecimiento integral.\",\"publisher\":{\"@id\":\"https:\/\/uniguajira.edu.co\/#organization\"},\"alternateName\":\"Universidad de La Guajira\",\"potentialAction\":[{\"@type\":\"SearchAction\",\"target\":{\"@type\":\"EntryPoint\",\"urlTemplate\":\"https:\/\/uniguajira.edu.co\/?s={search_term_string}\"},\"query-input\":{\"@type\":\"PropertyValueSpecification\",\"valueRequired\":true,\"valueName\":\"search_term_string\"}}],\"inLanguage\":\"en-US\"},{\"@type\":\"Organization\",\"@id\":\"https:\/\/uniguajira.edu.co\/#organization\",\"name\":\"Universidad de La Guajira\",\"alternateName\":\"UNIGUAJIRA\",\"url\":\"https:\/\/uniguajira.edu.co\/\",\"logo\":{\"@type\":\"ImageObject\",\"inLanguage\":\"en-US\",\"@id\":\"https:\/\/uniguajira.edu.co\/#\/schema\/logo\/image\/\",\"url\":\"https:\/\/uniguajira.edu.co\/wp-content\/uploads\/2026\/01\/cropped-cropped-LOGOS-PAGINA-WEB-04-1.webp\",\"contentUrl\":\"https:\/\/uniguajira.edu.co\/wp-content\/uploads\/2026\/01\/cropped-cropped-LOGOS-PAGINA-WEB-04-1.webp\",\"width\":360,\"height\":72,\"caption\":\"Universidad de La Guajira\"},\"image\":{\"@id\":\"https:\/\/uniguajira.edu.co\/#\/schema\/logo\/image\/\"},\"sameAs\":[\"https:\/\/www.facebook.com\/UniLaGuajira\/\",\"https:\/\/x.com\/UniLaGuajira\",\"https:\/\/www.instagram.com\/uniguajira_\/\",\"https:\/\/www.youtube.com\/user\/UniLaGuajira\"]}]}<\/script>\n<!-- \/ Yoast SEO Premium plugin. -->","yoast_head_json":{"title":"Language Center staff","robots":{"index":"index","follow":"follow","max-snippet":"max-snippet:-1","max-image-preview":"max-image-preview:large","max-video-preview":"max-video-preview:-1"},"canonical":"https:\/\/uniguajira.edu.co\/en\/universidad-de-la-guajira\/centro-de-lenguas\/presentacion-del-centro-de-lenguas\/equipo-de-trabajo-del-centro-de-lenguas\/","og_locale":"en_US","og_type":"article","og_title":"Equipo de trabajo del Centro de Lenguas","og_url":"https:\/\/uniguajira.edu.co\/en\/universidad-de-la-guajira\/centro-de-lenguas\/presentacion-del-centro-de-lenguas\/equipo-de-trabajo-del-centro-de-lenguas\/","og_site_name":"Universidad de La Guajira","article_publisher":"https:\/\/www.facebook.com\/UniLaGuajira\/","article_modified_time":"2025-10-02T21:30:49+00:00","og_image":[{"width":1920,"height":590,"url":"https:\/\/uniguajira.edu.co\/wp-content\/uploads\/2024\/01\/banner-idiomas.webp","type":"image\/webp"}],"twitter_card":"summary_large_image","twitter_site":"@UniLaGuajira","twitter_misc":{"Est. reading time":"2 minutes"},"schema":{"@context":"https:\/\/schema.org","@graph":[{"@type":"WebPage","@id":"https:\/\/uniguajira.edu.co\/universidad-de-la-guajira\/centro-de-lenguas\/presentacion-del-centro-de-lenguas\/equipo-de-trabajo-del-centro-de-lenguas\/","url":"https:\/\/uniguajira.edu.co\/universidad-de-la-guajira\/centro-de-lenguas\/presentacion-del-centro-de-lenguas\/equipo-de-trabajo-del-centro-de-lenguas\/","name":"Language Center staff","isPartOf":{"@id":"https:\/\/uniguajira.edu.co\/#website"},"primaryImageOfPage":{"@id":"https:\/\/uniguajira.edu.co\/universidad-de-la-guajira\/centro-de-lenguas\/presentacion-del-centro-de-lenguas\/equipo-de-trabajo-del-centro-de-lenguas\/#primaryimage"},"image":{"@id":"https:\/\/uniguajira.edu.co\/universidad-de-la-guajira\/centro-de-lenguas\/presentacion-del-centro-de-lenguas\/equipo-de-trabajo-del-centro-de-lenguas\/#primaryimage"},"thumbnailUrl":"https:\/\/uniguajira.edu.co\/wp-content\/uploads\/2024\/01\/banner-idiomas.webp","datePublished":"2024-03-04T20:55:16+00:00","dateModified":"2025-10-02T21:30:49+00:00","breadcrumb":{"@id":"https:\/\/uniguajira.edu.co\/universidad-de-la-guajira\/centro-de-lenguas\/presentacion-del-centro-de-lenguas\/equipo-de-trabajo-del-centro-de-lenguas\/#breadcrumb"},"inLanguage":"en-US","potentialAction":[{"@type":"ReadAction","target":["https:\/\/uniguajira.edu.co\/universidad-de-la-guajira\/centro-de-lenguas\/presentacion-del-centro-de-lenguas\/equipo-de-trabajo-del-centro-de-lenguas\/"]}]},{"@type":"ImageObject","inLanguage":"en-US","@id":"https:\/\/uniguajira.edu.co\/universidad-de-la-guajira\/centro-de-lenguas\/presentacion-del-centro-de-lenguas\/equipo-de-trabajo-del-centro-de-lenguas\/#primaryimage","url":"https:\/\/uniguajira.edu.co\/wp-content\/uploads\/2024\/01\/banner-idiomas.webp","contentUrl":"https:\/\/uniguajira.edu.co\/wp-content\/uploads\/2024\/01\/banner-idiomas.webp","width":1920,"height":590},{"@type":"BreadcrumbList","@id":"https:\/\/uniguajira.edu.co\/universidad-de-la-guajira\/centro-de-lenguas\/presentacion-del-centro-de-lenguas\/equipo-de-trabajo-del-centro-de-lenguas\/#breadcrumb","itemListElement":[{"@type":"ListItem","position":1,"name":"\u2302 Uniguajira","item":"https:\/\/uniguajira.edu.co\/"},{"@type":"ListItem","position":2,"name":"Uniguajira","item":"https:\/\/uniguajira.edu.co\/"},{"@type":"ListItem","position":3,"name":"Centro de Lenguas","item":"https:\/\/uniguajira.edu.co\/universidad-de-la-guajira\/centro-de-lenguas\/"},{"@type":"ListItem","position":4,"name":"Presentaci\u00f3n","item":"https:\/\/uniguajira.edu.co\/universidad-de-la-guajira\/centro-de-lenguas\/presentacion-del-centro-de-lenguas\/"},{"@type":"ListItem","position":5,"name":"Equipo de trabajo"}]},{"@type":"WebSite","@id":"https:\/\/uniguajira.edu.co\/#website","url":"https:\/\/uniguajira.edu.co\/","name":"UNIGUAJIRA","description":"Descubre la educaci\u00f3n superior con oportunidades laborales, retos estudiantiles y tecnolog\u00eda innovadora. Alcanza el \u00e9xito acad\u00e9mico y explora el impacto social y la diversidad en un entorno de aprendizaje moderno. Ad\u00e1ptate con inteligencia artificial y pr\u00e1cticas profesionales para un crecimiento integral.","publisher":{"@id":"https:\/\/uniguajira.edu.co\/#organization"},"alternateName":"Universidad de La Guajira","potentialAction":[{"@type":"SearchAction","target":{"@type":"EntryPoint","urlTemplate":"https:\/\/uniguajira.edu.co\/?s={search_term_string}"},"query-input":{"@type":"PropertyValueSpecification","valueRequired":true,"valueName":"search_term_string"}}],"inLanguage":"en-US"},{"@type":"Organization","@id":"https:\/\/uniguajira.edu.co\/#organization","name":"University of La Guajira","alternateName":"UNIGUAJIRA","url":"https:\/\/uniguajira.edu.co\/","logo":{"@type":"ImageObject","inLanguage":"en-US","@id":"https:\/\/uniguajira.edu.co\/#\/schema\/logo\/image\/","url":"https:\/\/uniguajira.edu.co\/wp-content\/uploads\/2026\/01\/cropped-cropped-LOGOS-PAGINA-WEB-04-1.webp","contentUrl":"https:\/\/uniguajira.edu.co\/wp-content\/uploads\/2026\/01\/cropped-cropped-LOGOS-PAGINA-WEB-04-1.webp","width":360,"height":72,"caption":"Universidad de La Guajira"},"image":{"@id":"https:\/\/uniguajira.edu.co\/#\/schema\/logo\/image\/"},"sameAs":["https:\/\/www.facebook.com\/UniLaGuajira\/","https:\/\/x.com\/UniLaGuajira","https:\/\/www.instagram.com\/uniguajira_\/","https:\/\/www.youtube.com\/user\/UniLaGuajira"]}]}},"_hostinger_reach_plugin_has_subscription_block":false,"_hostinger_reach_plugin_is_elementor":false,"_links":{"self":[{"href":"https:\/\/uniguajira.edu.co\/en\/wp-json\/wp\/v2\/pages\/30411","targetHints":{"allow":["GET"]}}],"collection":[{"href":"https:\/\/uniguajira.edu.co\/en\/wp-json\/wp\/v2\/pages"}],"about":[{"href":"https:\/\/uniguajira.edu.co\/en\/wp-json\/wp\/v2\/types\/page"}],"author":[{"embeddable":true,"href":"https:\/\/uniguajira.edu.co\/en\/wp-json\/wp\/v2\/users\/3"}],"replies":[{"embeddable":true,"href":"https:\/\/uniguajira.edu.co\/en\/wp-json\/wp\/v2\/comments?post=30411"}],"version-history":[{"count":0,"href":"https:\/\/uniguajira.edu.co\/en\/wp-json\/wp\/v2\/pages\/30411\/revisions"}],"up":[{"embeddable":true,"href":"https:\/\/uniguajira.edu.co\/en\/wp-json\/wp\/v2\/pages\/31381"}],"wp:featuredmedia":[{"embeddable":true,"href":"https:\/\/uniguajira.edu.co\/en\/wp-json\/wp\/v2\/media\/25707"}],"wp:attachment":[{"href":"https:\/\/uniguajira.edu.co\/en\/wp-json\/wp\/v2\/media?parent=30411"}],"curies":[{"name":"wp","href":"https:\/\/api.w.org\/{rel}","templated":true}]}}