{"id":25934,"date":"2024-02-01T08:50:36","date_gmt":"2024-02-01T13:50:36","guid":{"rendered":"https:\/\/uniguajira.edu.co\/?page_id=25934"},"modified":"2025-10-02T15:52:03","modified_gmt":"2025-10-02T20:52:03","slug":"propositos-de-extension","status":"publish","type":"page","link":"https:\/\/uniguajira.edu.co\/en\/universidad-de-la-guajira\/centro-de-extension\/presentacion-de-extension-y-proyeccion-social\/propositos-de-extension\/","title":{"rendered":"Extension Purposes"},"content":{"rendered":"<div class=\"gb-container gb-container-d796b7e0\">\n<div class=\"gb-container gb-container-4d72301d\">\n<div class=\"gb-container gb-container-570b9a30\">\n<div class=\"gb-container gb-container-1db11728\">\n<div class=\"gb-grid-wrapper gb-grid-wrapper-1b636430\">\n<div class=\"gb-grid-column gb-grid-column-d38de628\"><div class=\"gb-container gb-container-d38de628 infpro neumo\">\n\n<figure class=\"wp-block-image size-full\"><img loading=\"lazy\" decoding=\"async\" width=\"1920\" height=\"1072\" src=\"https:\/\/uniguajira.edu.co\/wp-content\/uploads\/2024\/01\/riohacha-scaled-1-scaled.webp\" alt=\"\" class=\"wp-image-25539\" srcset=\"https:\/\/uniguajira.edu.co\/wp-content\/uploads\/2024\/01\/riohacha-scaled-1-scaled.webp 1920w, https:\/\/uniguajira.edu.co\/wp-content\/uploads\/2024\/01\/riohacha-scaled-1-300x167.webp 300w, https:\/\/uniguajira.edu.co\/wp-content\/uploads\/2024\/01\/riohacha-scaled-1-1024x572.webp 1024w, https:\/\/uniguajira.edu.co\/wp-content\/uploads\/2024\/01\/riohacha-scaled-1-768x429.webp 768w, https:\/\/uniguajira.edu.co\/wp-content\/uploads\/2024\/01\/riohacha-scaled-1-1536x857.webp 1536w, https:\/\/uniguajira.edu.co\/wp-content\/uploads\/2024\/01\/riohacha-scaled-1-2048x1143.webp 2048w\" sizes=\"auto, (max-width: 1920px) 100vw, 1920px\" \/><\/figure>\n\n\n\n<p class=\"gb-headline gb-headline-313ae8b6 gb-headline-text\">To promote scenarios that allow the integration and interaction of the University with the external sector, with the purpose of social responsibility and relevance.<\/p>\n\n<\/div><\/div>\n\n<div class=\"gb-grid-column gb-grid-column-7bc47e5a\"><div class=\"gb-container gb-container-7bc47e5a infpro neumo\">\n\n<figure class=\"wp-block-image size-full\"><img loading=\"lazy\" decoding=\"async\" width=\"1920\" height=\"1072\" src=\"https:\/\/uniguajira.edu.co\/wp-content\/uploads\/2024\/01\/riohacha-scaled-1-scaled.webp\" alt=\"\" class=\"wp-image-25539\" srcset=\"https:\/\/uniguajira.edu.co\/wp-content\/uploads\/2024\/01\/riohacha-scaled-1-scaled.webp 1920w, https:\/\/uniguajira.edu.co\/wp-content\/uploads\/2024\/01\/riohacha-scaled-1-300x167.webp 300w, https:\/\/uniguajira.edu.co\/wp-content\/uploads\/2024\/01\/riohacha-scaled-1-1024x572.webp 1024w, https:\/\/uniguajira.edu.co\/wp-content\/uploads\/2024\/01\/riohacha-scaled-1-768x429.webp 768w, https:\/\/uniguajira.edu.co\/wp-content\/uploads\/2024\/01\/riohacha-scaled-1-1536x857.webp 1536w, https:\/\/uniguajira.edu.co\/wp-content\/uploads\/2024\/01\/riohacha-scaled-1-2048x1143.webp 2048w\" sizes=\"auto, (max-width: 1920px) 100vw, 1920px\" \/><\/figure>\n\n\n\n<p class=\"gb-headline gb-headline-537c1512 gb-headline-text\">Support the development of the institutional mission in the promotion, coordination and dissemination of the different events arising from the training and qualification process.<\/p>\n\n<\/div><\/div>\n\n<div class=\"gb-grid-column gb-grid-column-d3b46b57\"><div class=\"gb-container gb-container-d3b46b57 infpro neumo\">\n\n<figure class=\"wp-block-image size-full\"><img loading=\"lazy\" decoding=\"async\" width=\"1920\" height=\"1072\" src=\"https:\/\/uniguajira.edu.co\/wp-content\/uploads\/2024\/01\/riohacha-scaled-1-scaled.webp\" alt=\"\" class=\"wp-image-25539\" srcset=\"https:\/\/uniguajira.edu.co\/wp-content\/uploads\/2024\/01\/riohacha-scaled-1-scaled.webp 1920w, https:\/\/uniguajira.edu.co\/wp-content\/uploads\/2024\/01\/riohacha-scaled-1-300x167.webp 300w, https:\/\/uniguajira.edu.co\/wp-content\/uploads\/2024\/01\/riohacha-scaled-1-1024x572.webp 1024w, https:\/\/uniguajira.edu.co\/wp-content\/uploads\/2024\/01\/riohacha-scaled-1-768x429.webp 768w, https:\/\/uniguajira.edu.co\/wp-content\/uploads\/2024\/01\/riohacha-scaled-1-1536x857.webp 1536w, https:\/\/uniguajira.edu.co\/wp-content\/uploads\/2024\/01\/riohacha-scaled-1-2048x1143.webp 2048w\" sizes=\"auto, (max-width: 1920px) 100vw, 1920px\" \/><\/figure>\n\n\n\n<p class=\"gb-headline gb-headline-3f93ad34 gb-headline-text\">Strengthen the process of integral formation of the community, both in the academic, professional and personal fields, through different activities offered by the University of La Guajira in the Continuing Education modality.<\/p>\n\n<\/div><\/div>\n\n<div class=\"gb-grid-column gb-grid-column-cba6f3d6\"><div class=\"gb-container gb-container-cba6f3d6 infpro neumo\">\n\n<figure class=\"wp-block-image size-full\"><img loading=\"lazy\" decoding=\"async\" width=\"1920\" height=\"1072\" src=\"https:\/\/uniguajira.edu.co\/wp-content\/uploads\/2024\/01\/riohacha-scaled-1-scaled.webp\" alt=\"\" class=\"wp-image-25539\" srcset=\"https:\/\/uniguajira.edu.co\/wp-content\/uploads\/2024\/01\/riohacha-scaled-1-scaled.webp 1920w, https:\/\/uniguajira.edu.co\/wp-content\/uploads\/2024\/01\/riohacha-scaled-1-300x167.webp 300w, https:\/\/uniguajira.edu.co\/wp-content\/uploads\/2024\/01\/riohacha-scaled-1-1024x572.webp 1024w, https:\/\/uniguajira.edu.co\/wp-content\/uploads\/2024\/01\/riohacha-scaled-1-768x429.webp 768w, https:\/\/uniguajira.edu.co\/wp-content\/uploads\/2024\/01\/riohacha-scaled-1-1536x857.webp 1536w, https:\/\/uniguajira.edu.co\/wp-content\/uploads\/2024\/01\/riohacha-scaled-1-2048x1143.webp 2048w\" sizes=\"auto, (max-width: 1920px) 100vw, 1920px\" \/><\/figure>\n\n\n\n<p class=\"gb-headline gb-headline-ec05d7e2 gb-headline-text\">To achieve the interaction of the University with the community in a two-way exercise that allows the encounter of knowledge and the construction of knowledge.<\/p>\n\n<\/div><\/div>\n\n<div class=\"gb-grid-column gb-grid-column-bc6d54b9\"><div class=\"gb-container gb-container-bc6d54b9 infpro neumo\">\n\n<figure class=\"wp-block-image size-full\"><img loading=\"lazy\" decoding=\"async\" width=\"1920\" height=\"1072\" src=\"https:\/\/uniguajira.edu.co\/wp-content\/uploads\/2024\/01\/riohacha-scaled-1-scaled.webp\" alt=\"\" class=\"wp-image-25539\" srcset=\"https:\/\/uniguajira.edu.co\/wp-content\/uploads\/2024\/01\/riohacha-scaled-1-scaled.webp 1920w, https:\/\/uniguajira.edu.co\/wp-content\/uploads\/2024\/01\/riohacha-scaled-1-300x167.webp 300w, https:\/\/uniguajira.edu.co\/wp-content\/uploads\/2024\/01\/riohacha-scaled-1-1024x572.webp 1024w, https:\/\/uniguajira.edu.co\/wp-content\/uploads\/2024\/01\/riohacha-scaled-1-768x429.webp 768w, https:\/\/uniguajira.edu.co\/wp-content\/uploads\/2024\/01\/riohacha-scaled-1-1536x857.webp 1536w, https:\/\/uniguajira.edu.co\/wp-content\/uploads\/2024\/01\/riohacha-scaled-1-2048x1143.webp 2048w\" sizes=\"auto, (max-width: 1920px) 100vw, 1920px\" \/><\/figure>\n\n\n\n<p class=\"gb-headline gb-headline-7e417bba gb-headline-text\">Support academic units by analyzing and making feasible non-formal education projects.<\/p>\n\n<\/div><\/div>\n\n<div class=\"gb-grid-column gb-grid-column-400d0b2f\"><div class=\"gb-container gb-container-400d0b2f infpro neumo\">\n\n<figure class=\"wp-block-image size-full\"><img loading=\"lazy\" decoding=\"async\" width=\"1920\" height=\"1072\" src=\"https:\/\/uniguajira.edu.co\/wp-content\/uploads\/2024\/01\/riohacha-scaled-1-scaled.webp\" alt=\"\" class=\"wp-image-25539\" srcset=\"https:\/\/uniguajira.edu.co\/wp-content\/uploads\/2024\/01\/riohacha-scaled-1-scaled.webp 1920w, https:\/\/uniguajira.edu.co\/wp-content\/uploads\/2024\/01\/riohacha-scaled-1-300x167.webp 300w, https:\/\/uniguajira.edu.co\/wp-content\/uploads\/2024\/01\/riohacha-scaled-1-1024x572.webp 1024w, https:\/\/uniguajira.edu.co\/wp-content\/uploads\/2024\/01\/riohacha-scaled-1-768x429.webp 768w, https:\/\/uniguajira.edu.co\/wp-content\/uploads\/2024\/01\/riohacha-scaled-1-1536x857.webp 1536w, https:\/\/uniguajira.edu.co\/wp-content\/uploads\/2024\/01\/riohacha-scaled-1-2048x1143.webp 2048w\" sizes=\"auto, (max-width: 1920px) 100vw, 1920px\" \/><\/figure>\n\n\n\n<p class=\"gb-headline gb-headline-2601b118 gb-headline-text\">Promote the establishment of inter-institutional agreements to support entrepreneurial efforts.<\/p>\n\n<\/div><\/div>\n\n<div class=\"gb-grid-column gb-grid-column-e31705b4\"><div class=\"gb-container gb-container-e31705b4 infpro neumo\">\n\n<figure class=\"wp-block-image size-full\"><img loading=\"lazy\" decoding=\"async\" width=\"1920\" height=\"1072\" src=\"https:\/\/uniguajira.edu.co\/wp-content\/uploads\/2024\/01\/riohacha-scaled-1-scaled.webp\" alt=\"\" class=\"wp-image-25539\" srcset=\"https:\/\/uniguajira.edu.co\/wp-content\/uploads\/2024\/01\/riohacha-scaled-1-scaled.webp 1920w, https:\/\/uniguajira.edu.co\/wp-content\/uploads\/2024\/01\/riohacha-scaled-1-300x167.webp 300w, https:\/\/uniguajira.edu.co\/wp-content\/uploads\/2024\/01\/riohacha-scaled-1-1024x572.webp 1024w, https:\/\/uniguajira.edu.co\/wp-content\/uploads\/2024\/01\/riohacha-scaled-1-768x429.webp 768w, https:\/\/uniguajira.edu.co\/wp-content\/uploads\/2024\/01\/riohacha-scaled-1-1536x857.webp 1536w, https:\/\/uniguajira.edu.co\/wp-content\/uploads\/2024\/01\/riohacha-scaled-1-2048x1143.webp 2048w\" sizes=\"auto, (max-width: 1920px) 100vw, 1920px\" \/><\/figure>\n\n\n\n<p class=\"gb-headline gb-headline-68483ee5 gb-headline-text\">Develop comprehensive participatory actions with the community, companies, unions, etc.<\/p>\n\n<\/div><\/div>\n<\/div>\n<\/div>\n<\/div>\n<\/div>\n<\/div>","protected":false},"excerpt":{"rendered":"","protected":false},"author":3,"featured_media":25292,"parent":31187,"menu_order":0,"comment_status":"closed","ping_status":"closed","template":"","meta":{"footnotes":""},"class_list":{"0":"post-25934","1":"page","2":"type-page","3":"status-publish","4":"has-post-thumbnail","6":"infinite-scroll-item"},"yoast_head":"<!-- This site is optimized with the Yoast SEO Premium plugin v27.0 (Yoast SEO v27.0) - https:\/\/yoast.com\/product\/yoast-seo-premium-wordpress\/ -->\n<title>Prop\u00f3sitos de Extensi\u00f3n<\/title>\n<meta name=\"robots\" content=\"index, follow, max-snippet:-1, max-image-preview:large, max-video-preview:-1\" \/>\n<link rel=\"canonical\" href=\"https:\/\/uniguajira.edu.co\/en\/universidad-de-la-guajira\/centro-de-extension\/presentacion-de-extension-y-proyeccion-social\/propositos-de-extension\/\" \/>\n<meta property=\"og:locale\" content=\"en_US\" \/>\n<meta property=\"og:type\" content=\"article\" \/>\n<meta property=\"og:title\" content=\"Prop\u00f3sitos de Extensi\u00f3n\" \/>\n<meta property=\"og:url\" content=\"https:\/\/uniguajira.edu.co\/en\/universidad-de-la-guajira\/centro-de-extension\/presentacion-de-extension-y-proyeccion-social\/propositos-de-extension\/\" \/>\n<meta property=\"og:site_name\" content=\"Universidad de La Guajira\" \/>\n<meta property=\"article:publisher\" content=\"https:\/\/www.facebook.com\/UniLaGuajira\/\" \/>\n<meta property=\"article:modified_time\" content=\"2025-10-02T20:52:03+00:00\" \/>\n<meta property=\"og:image\" content=\"https:\/\/uniguajira.edu.co\/wp-content\/uploads\/2024\/01\/extension2543.webp\" \/>\n\t<meta property=\"og:image:width\" content=\"1920\" \/>\n\t<meta property=\"og:image:height\" content=\"590\" \/>\n\t<meta property=\"og:image:type\" content=\"image\/webp\" \/>\n<meta name=\"twitter:card\" content=\"summary_large_image\" \/>\n<meta name=\"twitter:site\" content=\"@UniLaGuajira\" \/>\n<meta name=\"twitter:label1\" content=\"Est. reading time\" \/>\n\t<meta name=\"twitter:data1\" content=\"3 minutes\" \/>\n<script type=\"application\/ld+json\" class=\"yoast-schema-graph\">{\"@context\":\"https:\/\/schema.org\",\"@graph\":[{\"@type\":\"WebPage\",\"@id\":\"https:\/\/uniguajira.edu.co\/universidad-de-la-guajira\/centro-de-extension\/presentacion-de-extension-y-proyeccion-social\/propositos-de-extension\/\",\"url\":\"https:\/\/uniguajira.edu.co\/universidad-de-la-guajira\/centro-de-extension\/presentacion-de-extension-y-proyeccion-social\/propositos-de-extension\/\",\"name\":\"Prop\u00f3sitos de Extensi\u00f3n\",\"isPartOf\":{\"@id\":\"https:\/\/uniguajira.edu.co\/#website\"},\"primaryImageOfPage\":{\"@id\":\"https:\/\/uniguajira.edu.co\/universidad-de-la-guajira\/centro-de-extension\/presentacion-de-extension-y-proyeccion-social\/propositos-de-extension\/#primaryimage\"},\"image\":{\"@id\":\"https:\/\/uniguajira.edu.co\/universidad-de-la-guajira\/centro-de-extension\/presentacion-de-extension-y-proyeccion-social\/propositos-de-extension\/#primaryimage\"},\"thumbnailUrl\":\"https:\/\/uniguajira.edu.co\/wp-content\/uploads\/2024\/01\/extension2543.webp\",\"datePublished\":\"2024-02-01T13:50:36+00:00\",\"dateModified\":\"2025-10-02T20:52:03+00:00\",\"breadcrumb\":{\"@id\":\"https:\/\/uniguajira.edu.co\/universidad-de-la-guajira\/centro-de-extension\/presentacion-de-extension-y-proyeccion-social\/propositos-de-extension\/#breadcrumb\"},\"inLanguage\":\"en-US\",\"potentialAction\":[{\"@type\":\"ReadAction\",\"target\":[\"https:\/\/uniguajira.edu.co\/universidad-de-la-guajira\/centro-de-extension\/presentacion-de-extension-y-proyeccion-social\/propositos-de-extension\/\"]}]},{\"@type\":\"ImageObject\",\"inLanguage\":\"en-US\",\"@id\":\"https:\/\/uniguajira.edu.co\/universidad-de-la-guajira\/centro-de-extension\/presentacion-de-extension-y-proyeccion-social\/propositos-de-extension\/#primaryimage\",\"url\":\"https:\/\/uniguajira.edu.co\/wp-content\/uploads\/2024\/01\/extension2543.webp\",\"contentUrl\":\"https:\/\/uniguajira.edu.co\/wp-content\/uploads\/2024\/01\/extension2543.webp\",\"width\":1920,\"height\":590},{\"@type\":\"BreadcrumbList\",\"@id\":\"https:\/\/uniguajira.edu.co\/universidad-de-la-guajira\/centro-de-extension\/presentacion-de-extension-y-proyeccion-social\/propositos-de-extension\/#breadcrumb\",\"itemListElement\":[{\"@type\":\"ListItem\",\"position\":1,\"name\":\"\u2302 Uniguajira\",\"item\":\"https:\/\/uniguajira.edu.co\/\"},{\"@type\":\"ListItem\",\"position\":2,\"name\":\"Uniguajira\",\"item\":\"https:\/\/uniguajira.edu.co\/\"},{\"@type\":\"ListItem\",\"position\":3,\"name\":\"Direcci\u00f3n de Extensi\u00f3n\",\"item\":\"https:\/\/uniguajira.edu.co\/wa\/universidad-de-la-guajira\/centro-de-extension\/\"},{\"@type\":\"ListItem\",\"position\":4,\"name\":\"Presentaci\u00f3n\",\"item\":\"https:\/\/uniguajira.edu.co\/universidad-de-la-guajira\/centro-de-extension\/presentacion-de-extension-y-proyeccion-social\/\"},{\"@type\":\"ListItem\",\"position\":5,\"name\":\"Prop\u00f3sitos\"}]},{\"@type\":\"WebSite\",\"@id\":\"https:\/\/uniguajira.edu.co\/#website\",\"url\":\"https:\/\/uniguajira.edu.co\/\",\"name\":\"UNIGUAJIRA\",\"description\":\"Descubre la educaci\u00f3n superior con oportunidades laborales, retos estudiantiles y tecnolog\u00eda innovadora. Alcanza el \u00e9xito acad\u00e9mico y explora el impacto social y la diversidad en un entorno de aprendizaje moderno. Ad\u00e1ptate con inteligencia artificial y pr\u00e1cticas profesionales para un crecimiento integral.\",\"publisher\":{\"@id\":\"https:\/\/uniguajira.edu.co\/#organization\"},\"alternateName\":\"Universidad de La Guajira\",\"potentialAction\":[{\"@type\":\"SearchAction\",\"target\":{\"@type\":\"EntryPoint\",\"urlTemplate\":\"https:\/\/uniguajira.edu.co\/?s={search_term_string}\"},\"query-input\":{\"@type\":\"PropertyValueSpecification\",\"valueRequired\":true,\"valueName\":\"search_term_string\"}}],\"inLanguage\":\"en-US\"},{\"@type\":\"Organization\",\"@id\":\"https:\/\/uniguajira.edu.co\/#organization\",\"name\":\"Universidad de La Guajira\",\"alternateName\":\"UNIGUAJIRA\",\"url\":\"https:\/\/uniguajira.edu.co\/\",\"logo\":{\"@type\":\"ImageObject\",\"inLanguage\":\"en-US\",\"@id\":\"https:\/\/uniguajira.edu.co\/#\/schema\/logo\/image\/\",\"url\":\"https:\/\/uniguajira.edu.co\/wp-content\/uploads\/2026\/01\/cropped-cropped-LOGOS-PAGINA-WEB-04-1.webp\",\"contentUrl\":\"https:\/\/uniguajira.edu.co\/wp-content\/uploads\/2026\/01\/cropped-cropped-LOGOS-PAGINA-WEB-04-1.webp\",\"width\":360,\"height\":72,\"caption\":\"Universidad de La Guajira\"},\"image\":{\"@id\":\"https:\/\/uniguajira.edu.co\/#\/schema\/logo\/image\/\"},\"sameAs\":[\"https:\/\/www.facebook.com\/UniLaGuajira\/\",\"https:\/\/x.com\/UniLaGuajira\",\"https:\/\/www.instagram.com\/uniguajira_\/\",\"https:\/\/www.youtube.com\/user\/UniLaGuajira\"]}]}<\/script>\n<!-- \/ Yoast SEO Premium plugin. -->","yoast_head_json":{"title":"Extension Purposes","robots":{"index":"index","follow":"follow","max-snippet":"max-snippet:-1","max-image-preview":"max-image-preview:large","max-video-preview":"max-video-preview:-1"},"canonical":"https:\/\/uniguajira.edu.co\/en\/universidad-de-la-guajira\/centro-de-extension\/presentacion-de-extension-y-proyeccion-social\/propositos-de-extension\/","og_locale":"en_US","og_type":"article","og_title":"Prop\u00f3sitos de Extensi\u00f3n","og_url":"https:\/\/uniguajira.edu.co\/en\/universidad-de-la-guajira\/centro-de-extension\/presentacion-de-extension-y-proyeccion-social\/propositos-de-extension\/","og_site_name":"Universidad de La Guajira","article_publisher":"https:\/\/www.facebook.com\/UniLaGuajira\/","article_modified_time":"2025-10-02T20:52:03+00:00","og_image":[{"width":1920,"height":590,"url":"https:\/\/uniguajira.edu.co\/wp-content\/uploads\/2024\/01\/extension2543.webp","type":"image\/webp"}],"twitter_card":"summary_large_image","twitter_site":"@UniLaGuajira","twitter_misc":{"Est. reading time":"3 minutes"},"schema":{"@context":"https:\/\/schema.org","@graph":[{"@type":"WebPage","@id":"https:\/\/uniguajira.edu.co\/universidad-de-la-guajira\/centro-de-extension\/presentacion-de-extension-y-proyeccion-social\/propositos-de-extension\/","url":"https:\/\/uniguajira.edu.co\/universidad-de-la-guajira\/centro-de-extension\/presentacion-de-extension-y-proyeccion-social\/propositos-de-extension\/","name":"Extension Purposes","isPartOf":{"@id":"https:\/\/uniguajira.edu.co\/#website"},"primaryImageOfPage":{"@id":"https:\/\/uniguajira.edu.co\/universidad-de-la-guajira\/centro-de-extension\/presentacion-de-extension-y-proyeccion-social\/propositos-de-extension\/#primaryimage"},"image":{"@id":"https:\/\/uniguajira.edu.co\/universidad-de-la-guajira\/centro-de-extension\/presentacion-de-extension-y-proyeccion-social\/propositos-de-extension\/#primaryimage"},"thumbnailUrl":"https:\/\/uniguajira.edu.co\/wp-content\/uploads\/2024\/01\/extension2543.webp","datePublished":"2024-02-01T13:50:36+00:00","dateModified":"2025-10-02T20:52:03+00:00","breadcrumb":{"@id":"https:\/\/uniguajira.edu.co\/universidad-de-la-guajira\/centro-de-extension\/presentacion-de-extension-y-proyeccion-social\/propositos-de-extension\/#breadcrumb"},"inLanguage":"en-US","potentialAction":[{"@type":"ReadAction","target":["https:\/\/uniguajira.edu.co\/universidad-de-la-guajira\/centro-de-extension\/presentacion-de-extension-y-proyeccion-social\/propositos-de-extension\/"]}]},{"@type":"ImageObject","inLanguage":"en-US","@id":"https:\/\/uniguajira.edu.co\/universidad-de-la-guajira\/centro-de-extension\/presentacion-de-extension-y-proyeccion-social\/propositos-de-extension\/#primaryimage","url":"https:\/\/uniguajira.edu.co\/wp-content\/uploads\/2024\/01\/extension2543.webp","contentUrl":"https:\/\/uniguajira.edu.co\/wp-content\/uploads\/2024\/01\/extension2543.webp","width":1920,"height":590},{"@type":"BreadcrumbList","@id":"https:\/\/uniguajira.edu.co\/universidad-de-la-guajira\/centro-de-extension\/presentacion-de-extension-y-proyeccion-social\/propositos-de-extension\/#breadcrumb","itemListElement":[{"@type":"ListItem","position":1,"name":"\u2302 Uniguajira","item":"https:\/\/uniguajira.edu.co\/"},{"@type":"ListItem","position":2,"name":"Uniguajira","item":"https:\/\/uniguajira.edu.co\/"},{"@type":"ListItem","position":3,"name":"Direcci\u00f3n de Extensi\u00f3n","item":"https:\/\/uniguajira.edu.co\/wa\/universidad-de-la-guajira\/centro-de-extension\/"},{"@type":"ListItem","position":4,"name":"Presentaci\u00f3n","item":"https:\/\/uniguajira.edu.co\/universidad-de-la-guajira\/centro-de-extension\/presentacion-de-extension-y-proyeccion-social\/"},{"@type":"ListItem","position":5,"name":"Prop\u00f3sitos"}]},{"@type":"WebSite","@id":"https:\/\/uniguajira.edu.co\/#website","url":"https:\/\/uniguajira.edu.co\/","name":"UNIGUAJIRA","description":"Descubre la educaci\u00f3n superior con oportunidades laborales, retos estudiantiles y tecnolog\u00eda innovadora. Alcanza el \u00e9xito acad\u00e9mico y explora el impacto social y la diversidad en un entorno de aprendizaje moderno. Ad\u00e1ptate con inteligencia artificial y pr\u00e1cticas profesionales para un crecimiento integral.","publisher":{"@id":"https:\/\/uniguajira.edu.co\/#organization"},"alternateName":"Universidad de La Guajira","potentialAction":[{"@type":"SearchAction","target":{"@type":"EntryPoint","urlTemplate":"https:\/\/uniguajira.edu.co\/?s={search_term_string}"},"query-input":{"@type":"PropertyValueSpecification","valueRequired":true,"valueName":"search_term_string"}}],"inLanguage":"en-US"},{"@type":"Organization","@id":"https:\/\/uniguajira.edu.co\/#organization","name":"University of La Guajira","alternateName":"UNIGUAJIRA","url":"https:\/\/uniguajira.edu.co\/","logo":{"@type":"ImageObject","inLanguage":"en-US","@id":"https:\/\/uniguajira.edu.co\/#\/schema\/logo\/image\/","url":"https:\/\/uniguajira.edu.co\/wp-content\/uploads\/2026\/01\/cropped-cropped-LOGOS-PAGINA-WEB-04-1.webp","contentUrl":"https:\/\/uniguajira.edu.co\/wp-content\/uploads\/2026\/01\/cropped-cropped-LOGOS-PAGINA-WEB-04-1.webp","width":360,"height":72,"caption":"Universidad de La Guajira"},"image":{"@id":"https:\/\/uniguajira.edu.co\/#\/schema\/logo\/image\/"},"sameAs":["https:\/\/www.facebook.com\/UniLaGuajira\/","https:\/\/x.com\/UniLaGuajira","https:\/\/www.instagram.com\/uniguajira_\/","https:\/\/www.youtube.com\/user\/UniLaGuajira"]}]}},"_hostinger_reach_plugin_has_subscription_block":false,"_hostinger_reach_plugin_is_elementor":false,"_links":{"self":[{"href":"https:\/\/uniguajira.edu.co\/en\/wp-json\/wp\/v2\/pages\/25934","targetHints":{"allow":["GET"]}}],"collection":[{"href":"https:\/\/uniguajira.edu.co\/en\/wp-json\/wp\/v2\/pages"}],"about":[{"href":"https:\/\/uniguajira.edu.co\/en\/wp-json\/wp\/v2\/types\/page"}],"author":[{"embeddable":true,"href":"https:\/\/uniguajira.edu.co\/en\/wp-json\/wp\/v2\/users\/3"}],"replies":[{"embeddable":true,"href":"https:\/\/uniguajira.edu.co\/en\/wp-json\/wp\/v2\/comments?post=25934"}],"version-history":[{"count":0,"href":"https:\/\/uniguajira.edu.co\/en\/wp-json\/wp\/v2\/pages\/25934\/revisions"}],"up":[{"embeddable":true,"href":"https:\/\/uniguajira.edu.co\/en\/wp-json\/wp\/v2\/pages\/31187"}],"wp:featuredmedia":[{"embeddable":true,"href":"https:\/\/uniguajira.edu.co\/en\/wp-json\/wp\/v2\/media\/25292"}],"wp:attachment":[{"href":"https:\/\/uniguajira.edu.co\/en\/wp-json\/wp\/v2\/media?parent=25934"}],"curies":[{"name":"wp","href":"https:\/\/api.w.org\/{rel}","templated":true}]}}