{"id":25843,"date":"2024-01-30T11:13:57","date_gmt":"2024-01-30T16:13:57","guid":{"rendered":"https:\/\/uniguajira.edu.co\/?page_id=25843"},"modified":"2026-02-28T12:46:25","modified_gmt":"2026-02-28T17:46:25","slug":"requisitos-de-grado","status":"publish","type":"page","link":"https:\/\/uniguajira.edu.co\/en\/universidad-de-la-guajira\/oficina-de-registro-y-control-academico\/requisitos-de-grado\/","title":{"rendered":"Grade requirements"},"content":{"rendered":"<div class=\"gb-container gb-container-d796b7e0\">\n<div class=\"gb-container gb-container-4d72301d\">\n<div class=\"gb-container gb-container-570b9a30\">\n<div class=\"gb-container gb-container-1db11728\">\n\n<p class=\"gb-headline gb-headline-adab62e1 gb-headline-text\">At Universidad de La Guajira, we understand that obtaining your university degree is a significant achievement in your academic and professional journey. To ensure that this process is transparent and successful, we have established a series of degree requirements for both undergraduate and graduate programs. These requirements are the guide that will lead you toward the completion of your undergraduate degree.<\/p>\n\n\n\n<p class=\"gb-headline gb-headline-cc78c5be gb-headline-text\">Our degree requirements range from the submission of academic tests to the submission of essential documents, and are designed to ensure that our graduates meet the highest academic and administrative standards. In this section, you will find all the information you need to successfully complete your graduation process, as well as the support we offer to help you feel prepared and confident as you move on to the next stage of your professional life. In this section, you will find all the information you need to successfully complete your graduation process, as well as the support we offer to help you feel prepared and confident as you move on to the next stage of your professional life. Your degree is closer than you think!<\/p>\n\n\n<div class=\"gb-container gb-container-bd75c527\">\n<div class=\"gb-container gb-container-61197dc1\">\n<div class=\"gb-container gb-container-14c73d23\">\n\n<details class=\"wp-block-details is-layout-flow wp-block-details-is-layout-flow\"><summary>Grading process<\/summary><div class=\"gb-container gb-container-5692accd\">\n\n<p>Prerequisites:<\/p>\n\n\n\n<ul class=\"wp-block-list\">\n<li>Approval of degree modality.<\/li>\n\n\n\n<li>Submission of undergraduate work (if applicable).<\/li>\n\n\n\n<li>Resultados de pruebas saber pro<\/li>\n<\/ul>\n\n\n\n<p>Follow the process below:<\/p>\n\n\n\n<ol class=\"wp-block-list\">\n<li>Record the type of degree in <strong>SMA<\/strong><\/li>\n\n\n\n<li>Load the degree requirements in <strong>GUNIG<\/strong><\/li>\n\n\n\n<li><strong>Validation of the validation of the balance with the dependencies<\/strong> (If there are any new developments, we will inform you by e-mail).<\/li>\n\n\n\n<li><strong>Solicitud y Pago de Derecho a Grado<\/strong> (Se autorizar\u00e1 por correo electr\u00f3nico) <strong>Note:<\/strong> Seg\u00fan el <strong>Acuerdo 013 de 2025<\/strong>, emitido por el Consejo Superior de la Universidad de La Guajira, en su <strong>Art\u00edculo Segundo<\/strong> &#8211; <strong>Gratuidad en el pago de derechos de grado<\/strong>, los estudiantes de los programas de <strong>pregrado<\/strong> estar\u00e1n <strong>exonerados del pago de los derechos de grado<\/strong>.<\/li>\n\n\n\n<li><strong>Publication of the official list of graduates<\/strong> (<a href=\"https:\/\/uniguajira.edu.co\/en\/\">Consulta en uniguajira.edu.co<\/a>).<\/li>\n<\/ol>\n\n\n\n<p><strong>Note:<\/strong>&nbsp;This process is subject to the dates established in the academic calendar.<\/p>\n\n<\/div><\/details>\n\n<\/div>\n\n<div class=\"gb-container gb-container-5b197f68\">\n\n<details class=\"wp-block-details is-layout-flow wp-block-details-is-layout-flow\"><summary>Undergraduate modalities<\/summary><div class=\"gb-container gb-container-9d49fbd7\">\n\n<section id=\"section-a06ca1f0-5155-48cd-9839-ee005c83b37c\" class=\"wp-block-gutentor-image-box gutentor-section gutentor-image-wrapper imagebox-template1\"><div class=\"grid-container\"><div class=\"grid-row gutentor-grid-item-wrap\"><div class=\"gutentor-grid-column grid-lg-12 grid-md-12 grid-12\"><div class=\"gutentor-single-item gutentor-image gutentor-single-item-0 g-single-column-link-enabled\"><div class=\"gutentor-single-item-wrap\"><div class=\"gutentor-single-item-image-box\"><div class=\"gutentor-image-thumb\"><img loading=\"lazy\" decoding=\"async\" class=\"normal-image\" src=\"https:\/\/uniguajira.edu.co\/wp-content\/uploads\/2024\/01\/Descargar-PDF-Icono.png\" alt=\"Descargar PDF Icono con tejido Wayuu en los colores de la Universidad de La Guajira.\" height=\"155\" width=\"127\" \/><\/div><\/div><div class=\"gutentor-single-item-content\"><h3 class=\"gutentor-single-item-title\">Acuerdo No. 015 del 2024<\/h3><\/div><\/div><a class=\"gutentor-single-item-box-link gutentor-link\" href=\"https:\/\/uniguajira.edu.co\/en\/acuerdo-no-015-de-2024\/\" rel=\"noopener noreferrer\"><\/a><\/div><\/div><\/div><\/div><\/section>\n\n<\/div><\/details>\n\n<\/div>\n\n<div class=\"gb-container gb-container-0ee9cac6\">\n\n<details class=\"wp-block-details is-layout-flow wp-block-details-is-layout-flow\"><summary>What are the undergraduate degree requirements?<\/summary><div class=\"gb-container gb-container-da4891c7\">\n\n<p>The documents must be uploaded to the&nbsp;<strong>&gt;&gt;<a href=\"https:\/\/gunig2.uniguajira.edu.co\/ords\/f?p=108:LOGIN:11301084843990:::::\" target=\"_blank\" rel=\"noreferrer noopener\">platform of the degree process<\/a>&lt;&lt;<\/strong><\/p>\n\n\n\n<p>Find&nbsp;<strong>&gt;&gt;<a href=\"https:\/\/uniguajira.edu.co\/en\/instructivo-para-la-entrega-electronica-de-requisitos-de-grado\/\">here<\/a>&lt;&lt;&nbsp;<\/strong>the instructions for uploading documents.<\/p>\n\n\n\n<ul class=\"wp-block-list\">\n<li>Results of the saber pro tests.<\/li>\n\n\n\n<li>Citizenship card.<\/li>\n\n\n\n<li>Certificate of academic completion or proof of payment.<\/li>\n\n\n\n<li>Certificate of completion of OLE survey.&nbsp;\n<ul class=\"wp-block-list\">\n<li><a href=\"https:\/\/encuestasole.mineducacion.gov.co\/hecaa-encuestas\/inicio\" target=\"_blank\" rel=\"noreferrer noopener\"><strong>Link to take the survey here.<\/strong><\/a><\/li>\n<\/ul>\n<\/li>\n\n\n\n<li>Certificado de diligenciamiento de encuesta Aurora.&nbsp;\n<ul class=\"wp-block-list\">\n<li><strong><a href=\"https:\/\/aurora.uniguajira.edu.co\/graduado\" target=\"_blank\" rel=\"noreferrer noopener\">Link to take the survey here.<\/a><\/strong><\/li>\n<\/ul>\n<\/li>\n\n\n\n<li>Registration of the title of the degree work in the academic system SMA, if it has already been done, you must wait for the admissions and registration office to carry out the respective approval process.<\/li>\n\n\n\n<li>Copy of high school diploma.<\/li>\n\n\n\n<li>Copy of ICFES tests.<\/li>\n\n\n\n<li>Copy of the minutes of support.<\/li>\n\n\n\n<li>Degree work in PDF format.<\/li>\n\n\n\n<li><strong><a href=\"https:\/\/uniguajira.edu.co\/en\/ra-f-64-licencia-de-autorizacion-repositorio-institucional\/\">Authorization license<\/a><\/strong>&nbsp;of the degree work<\/li>\n<\/ul>\n\n\n\n<p>If you have further questions or need additional information, please do not hesitate to contact your faculty office. We are here to help you through the graduation process.<\/p>\n\n<\/div><\/details>\n\n<\/div>\n\n<div class=\"gb-container gb-container-d8c4ac51\">\n\n<details class=\"wp-block-details is-layout-flow wp-block-details-is-layout-flow\"><summary>What are the degree requirements for graduate programs at the University of La Guajira?<\/summary><div class=\"gb-container gb-container-42cf2b4a\">\n\n<p>The documents must be uploaded to the&nbsp;<strong>&gt;&gt;<\/strong><a href=\"https:\/\/gunig2.uniguajira.edu.co\/ords\/f?p=108:LOGIN:11301084843990:::::\" target=\"_blank\" rel=\"noreferrer noopener\"><strong>platform of the degree process<\/strong><\/a><strong>&lt;&lt;<\/strong><\/p>\n\n\n\n<p>Find&nbsp;<strong>&gt;&gt;<a href=\"https:\/\/uniguajira.edu.co\/en\/instructivo-para-la-entrega-electronica-de-requisitos-de-grado\/\">here<\/a>&lt;&lt;<\/strong>&nbsp;instructions for uploading documents...<\/p>\n\n\n\n<ul class=\"wp-block-list\">\n<li>Citizenship card.<\/li>\n\n\n\n<li>Certificate of academic completion or proof of payment.<\/li>\n\n\n\n<li>Copy of the minutes of support.<\/li>\n\n\n\n<li>Resume (attach undergraduate diploma and degree certificate).<\/li>\n\n\n\n<li>Certificado de diligenciamiento de encuesta Aurora.&nbsp;\n<ul class=\"wp-block-list\">\n<li><strong><a href=\"https:\/\/aurora.uniguajira.edu.co\/graduado\" target=\"_blank\" rel=\"noreferrer noopener\">Link to take the survey here.<\/a><\/strong><\/li>\n<\/ul>\n<\/li>\n\n\n\n<li>Registration of the title of the degree work in the academic system SMA, if it has already been done, you must wait for the admissions and registration office to carry out the respective approval process.<\/li>\n\n\n\n<li>Degree work in PDF format.<\/li>\n\n\n\n<li><strong><a href=\"https:\/\/uniguajira.edu.co\/en\/ra-f-64-licencia-de-autorizacion-repositorio-institucional\/\">Authorization license<\/a><\/strong>&nbsp;of the degree work<\/li>\n<\/ul>\n\n\n\n<p>If you have further questions or need additional information, please do not hesitate to contact your faculty office. We are here to help you through the graduation process.<\/p>\n\n<\/div><\/details>\n\n<\/div>\n<\/div>\n<\/div>\n<\/div>\n<\/div>\n<\/div>\n<\/div>","protected":false},"excerpt":{"rendered":"<p>En la Universidad de La Guajira, entendemos que la obtenci\u00f3n de tu t\u00edtulo universitario es un logro significativo en tu camino acad\u00e9mico y &#8230; <a title=\"Grade requirements\" class=\"read-more\" href=\"https:\/\/uniguajira.edu.co\/en\/universidad-de-la-guajira\/oficina-de-registro-y-control-academico\/requisitos-de-grado\/\" aria-label=\"Read more about Requisitos de grado\">.<\/a><\/p>","protected":false},"author":3,"featured_media":24542,"parent":31749,"menu_order":0,"comment_status":"closed","ping_status":"closed","template":"","meta":{"footnotes":""},"class_list":{"0":"post-25843","1":"page","2":"type-page","3":"status-publish","4":"has-post-thumbnail","6":"infinite-scroll-item"},"yoast_head":"<!-- This site is optimized with the Yoast SEO Premium plugin v27.0 (Yoast SEO v27.0) - https:\/\/yoast.com\/product\/yoast-seo-premium-wordpress\/ -->\n<title>Requisitos de grado<\/title>\n<meta name=\"robots\" content=\"index, follow, max-snippet:-1, max-image-preview:large, max-video-preview:-1\" \/>\n<link rel=\"canonical\" href=\"https:\/\/uniguajira.edu.co\/en\/universidad-de-la-guajira\/oficina-de-registro-y-control-academico\/requisitos-de-grado\/\" \/>\n<meta property=\"og:locale\" content=\"en_US\" \/>\n<meta property=\"og:type\" content=\"article\" \/>\n<meta property=\"og:title\" content=\"Requisitos de grado\" \/>\n<meta property=\"og:description\" content=\"En la Universidad de La Guajira, entendemos que la obtenci\u00f3n de tu t\u00edtulo universitario es un logro significativo en tu camino acad\u00e9mico y ... .\" \/>\n<meta property=\"og:url\" content=\"https:\/\/uniguajira.edu.co\/en\/universidad-de-la-guajira\/oficina-de-registro-y-control-academico\/requisitos-de-grado\/\" \/>\n<meta property=\"og:site_name\" content=\"Universidad de La Guajira\" \/>\n<meta property=\"article:publisher\" content=\"https:\/\/www.facebook.com\/UniLaGuajira\/\" \/>\n<meta property=\"article:modified_time\" content=\"2026-02-28T17:46:25+00:00\" \/>\n<meta property=\"og:image\" content=\"https:\/\/uniguajira.edu.co\/wp-content\/uploads\/2024\/01\/vista-aerea-de-uniguajira.webp\" \/>\n\t<meta property=\"og:image:width\" content=\"1920\" \/>\n\t<meta property=\"og:image:height\" content=\"590\" \/>\n\t<meta property=\"og:image:type\" content=\"image\/webp\" \/>\n<meta name=\"twitter:card\" content=\"summary_large_image\" \/>\n<meta name=\"twitter:site\" content=\"@UniLaGuajira\" \/>\n<meta name=\"twitter:label1\" content=\"Est. reading time\" \/>\n\t<meta name=\"twitter:data1\" content=\"4 minutes\" \/>\n<script type=\"application\/ld+json\" class=\"yoast-schema-graph\">{\"@context\":\"https:\/\/schema.org\",\"@graph\":[{\"@type\":\"WebPage\",\"@id\":\"https:\/\/uniguajira.edu.co\/universidad-de-la-guajira\/oficina-de-registro-y-control-academico\/requisitos-de-grado\/\",\"url\":\"https:\/\/uniguajira.edu.co\/universidad-de-la-guajira\/oficina-de-registro-y-control-academico\/requisitos-de-grado\/\",\"name\":\"Requisitos de grado\",\"isPartOf\":{\"@id\":\"https:\/\/uniguajira.edu.co\/#website\"},\"primaryImageOfPage\":{\"@id\":\"https:\/\/uniguajira.edu.co\/universidad-de-la-guajira\/oficina-de-registro-y-control-academico\/requisitos-de-grado\/#primaryimage\"},\"image\":{\"@id\":\"https:\/\/uniguajira.edu.co\/universidad-de-la-guajira\/oficina-de-registro-y-control-academico\/requisitos-de-grado\/#primaryimage\"},\"thumbnailUrl\":\"https:\/\/uniguajira.edu.co\/wp-content\/uploads\/2024\/01\/vista-aerea-de-uniguajira.webp\",\"datePublished\":\"2024-01-30T16:13:57+00:00\",\"dateModified\":\"2026-02-28T17:46:25+00:00\",\"breadcrumb\":{\"@id\":\"https:\/\/uniguajira.edu.co\/universidad-de-la-guajira\/oficina-de-registro-y-control-academico\/requisitos-de-grado\/#breadcrumb\"},\"inLanguage\":\"en-US\",\"potentialAction\":[{\"@type\":\"ReadAction\",\"target\":[\"https:\/\/uniguajira.edu.co\/universidad-de-la-guajira\/oficina-de-registro-y-control-academico\/requisitos-de-grado\/\"]}]},{\"@type\":\"ImageObject\",\"inLanguage\":\"en-US\",\"@id\":\"https:\/\/uniguajira.edu.co\/universidad-de-la-guajira\/oficina-de-registro-y-control-academico\/requisitos-de-grado\/#primaryimage\",\"url\":\"https:\/\/uniguajira.edu.co\/wp-content\/uploads\/2024\/01\/vista-aerea-de-uniguajira.webp\",\"contentUrl\":\"https:\/\/uniguajira.edu.co\/wp-content\/uploads\/2024\/01\/vista-aerea-de-uniguajira.webp\",\"width\":1920,\"height\":590,\"caption\":\"vista-aerea-de-la-universidad-de-la-guajira-donde-se-aprecia-la-mayor-parte-de-su-infraestructura\"},{\"@type\":\"BreadcrumbList\",\"@id\":\"https:\/\/uniguajira.edu.co\/universidad-de-la-guajira\/oficina-de-registro-y-control-academico\/requisitos-de-grado\/#breadcrumb\",\"itemListElement\":[{\"@type\":\"ListItem\",\"position\":1,\"name\":\"\u2302 Uniguajira\",\"item\":\"https:\/\/uniguajira.edu.co\/\"},{\"@type\":\"ListItem\",\"position\":2,\"name\":\"Uniguajira\",\"item\":\"https:\/\/uniguajira.edu.co\/\"},{\"@type\":\"ListItem\",\"position\":3,\"name\":\"Admisiones\",\"item\":\"https:\/\/uniguajira.edu.co\/universidad-de-la-guajira\/oficina-de-registro-y-control-academico\/\"},{\"@type\":\"ListItem\",\"position\":4,\"name\":\"Requisitos de grado\"}]},{\"@type\":\"WebSite\",\"@id\":\"https:\/\/uniguajira.edu.co\/#website\",\"url\":\"https:\/\/uniguajira.edu.co\/\",\"name\":\"UNIGUAJIRA\",\"description\":\"Descubre la educaci\u00f3n superior con oportunidades laborales, retos estudiantiles y tecnolog\u00eda innovadora. Alcanza el \u00e9xito acad\u00e9mico y explora el impacto social y la diversidad en un entorno de aprendizaje moderno. Ad\u00e1ptate con inteligencia artificial y pr\u00e1cticas profesionales para un crecimiento integral.\",\"publisher\":{\"@id\":\"https:\/\/uniguajira.edu.co\/#organization\"},\"alternateName\":\"Universidad de La Guajira\",\"potentialAction\":[{\"@type\":\"SearchAction\",\"target\":{\"@type\":\"EntryPoint\",\"urlTemplate\":\"https:\/\/uniguajira.edu.co\/?s={search_term_string}\"},\"query-input\":{\"@type\":\"PropertyValueSpecification\",\"valueRequired\":true,\"valueName\":\"search_term_string\"}}],\"inLanguage\":\"en-US\"},{\"@type\":\"Organization\",\"@id\":\"https:\/\/uniguajira.edu.co\/#organization\",\"name\":\"Universidad de La Guajira\",\"alternateName\":\"UNIGUAJIRA\",\"url\":\"https:\/\/uniguajira.edu.co\/\",\"logo\":{\"@type\":\"ImageObject\",\"inLanguage\":\"en-US\",\"@id\":\"https:\/\/uniguajira.edu.co\/#\/schema\/logo\/image\/\",\"url\":\"https:\/\/uniguajira.edu.co\/wp-content\/uploads\/2026\/01\/cropped-cropped-LOGOS-PAGINA-WEB-04-1.webp\",\"contentUrl\":\"https:\/\/uniguajira.edu.co\/wp-content\/uploads\/2026\/01\/cropped-cropped-LOGOS-PAGINA-WEB-04-1.webp\",\"width\":360,\"height\":72,\"caption\":\"Universidad de La Guajira\"},\"image\":{\"@id\":\"https:\/\/uniguajira.edu.co\/#\/schema\/logo\/image\/\"},\"sameAs\":[\"https:\/\/www.facebook.com\/UniLaGuajira\/\",\"https:\/\/x.com\/UniLaGuajira\",\"https:\/\/www.instagram.com\/uniguajira_\/\",\"https:\/\/www.youtube.com\/user\/UniLaGuajira\"]}]}<\/script>\n<!-- \/ Yoast SEO Premium plugin. -->","yoast_head_json":{"title":"Grade requirements","robots":{"index":"index","follow":"follow","max-snippet":"max-snippet:-1","max-image-preview":"max-image-preview:large","max-video-preview":"max-video-preview:-1"},"canonical":"https:\/\/uniguajira.edu.co\/en\/universidad-de-la-guajira\/oficina-de-registro-y-control-academico\/requisitos-de-grado\/","og_locale":"en_US","og_type":"article","og_title":"Requisitos de grado","og_description":"En la Universidad de La Guajira, entendemos que la obtenci\u00f3n de tu t\u00edtulo universitario es un logro significativo en tu camino acad\u00e9mico y ... .","og_url":"https:\/\/uniguajira.edu.co\/en\/universidad-de-la-guajira\/oficina-de-registro-y-control-academico\/requisitos-de-grado\/","og_site_name":"Universidad de La Guajira","article_publisher":"https:\/\/www.facebook.com\/UniLaGuajira\/","article_modified_time":"2026-02-28T17:46:25+00:00","og_image":[{"width":1920,"height":590,"url":"https:\/\/uniguajira.edu.co\/wp-content\/uploads\/2024\/01\/vista-aerea-de-uniguajira.webp","type":"image\/webp"}],"twitter_card":"summary_large_image","twitter_site":"@UniLaGuajira","twitter_misc":{"Est. reading time":"4 minutes"},"schema":{"@context":"https:\/\/schema.org","@graph":[{"@type":"WebPage","@id":"https:\/\/uniguajira.edu.co\/universidad-de-la-guajira\/oficina-de-registro-y-control-academico\/requisitos-de-grado\/","url":"https:\/\/uniguajira.edu.co\/universidad-de-la-guajira\/oficina-de-registro-y-control-academico\/requisitos-de-grado\/","name":"Grade requirements","isPartOf":{"@id":"https:\/\/uniguajira.edu.co\/#website"},"primaryImageOfPage":{"@id":"https:\/\/uniguajira.edu.co\/universidad-de-la-guajira\/oficina-de-registro-y-control-academico\/requisitos-de-grado\/#primaryimage"},"image":{"@id":"https:\/\/uniguajira.edu.co\/universidad-de-la-guajira\/oficina-de-registro-y-control-academico\/requisitos-de-grado\/#primaryimage"},"thumbnailUrl":"https:\/\/uniguajira.edu.co\/wp-content\/uploads\/2024\/01\/vista-aerea-de-uniguajira.webp","datePublished":"2024-01-30T16:13:57+00:00","dateModified":"2026-02-28T17:46:25+00:00","breadcrumb":{"@id":"https:\/\/uniguajira.edu.co\/universidad-de-la-guajira\/oficina-de-registro-y-control-academico\/requisitos-de-grado\/#breadcrumb"},"inLanguage":"en-US","potentialAction":[{"@type":"ReadAction","target":["https:\/\/uniguajira.edu.co\/universidad-de-la-guajira\/oficina-de-registro-y-control-academico\/requisitos-de-grado\/"]}]},{"@type":"ImageObject","inLanguage":"en-US","@id":"https:\/\/uniguajira.edu.co\/universidad-de-la-guajira\/oficina-de-registro-y-control-academico\/requisitos-de-grado\/#primaryimage","url":"https:\/\/uniguajira.edu.co\/wp-content\/uploads\/2024\/01\/vista-aerea-de-uniguajira.webp","contentUrl":"https:\/\/uniguajira.edu.co\/wp-content\/uploads\/2024\/01\/vista-aerea-de-uniguajira.webp","width":1920,"height":590,"caption":"vista-aerea-de-la-universidad-de-la-guajira-donde-se-aprecia-la-mayor-parte-de-su-infraestructura"},{"@type":"BreadcrumbList","@id":"https:\/\/uniguajira.edu.co\/universidad-de-la-guajira\/oficina-de-registro-y-control-academico\/requisitos-de-grado\/#breadcrumb","itemListElement":[{"@type":"ListItem","position":1,"name":"\u2302 Uniguajira","item":"https:\/\/uniguajira.edu.co\/"},{"@type":"ListItem","position":2,"name":"Uniguajira","item":"https:\/\/uniguajira.edu.co\/"},{"@type":"ListItem","position":3,"name":"Admisiones","item":"https:\/\/uniguajira.edu.co\/universidad-de-la-guajira\/oficina-de-registro-y-control-academico\/"},{"@type":"ListItem","position":4,"name":"Requisitos de grado"}]},{"@type":"WebSite","@id":"https:\/\/uniguajira.edu.co\/#website","url":"https:\/\/uniguajira.edu.co\/","name":"UNIGUAJIRA","description":"Descubre la educaci\u00f3n superior con oportunidades laborales, retos estudiantiles y tecnolog\u00eda innovadora. Alcanza el \u00e9xito acad\u00e9mico y explora el impacto social y la diversidad en un entorno de aprendizaje moderno. Ad\u00e1ptate con inteligencia artificial y pr\u00e1cticas profesionales para un crecimiento integral.","publisher":{"@id":"https:\/\/uniguajira.edu.co\/#organization"},"alternateName":"Universidad de La Guajira","potentialAction":[{"@type":"SearchAction","target":{"@type":"EntryPoint","urlTemplate":"https:\/\/uniguajira.edu.co\/?s={search_term_string}"},"query-input":{"@type":"PropertyValueSpecification","valueRequired":true,"valueName":"search_term_string"}}],"inLanguage":"en-US"},{"@type":"Organization","@id":"https:\/\/uniguajira.edu.co\/#organization","name":"University of La Guajira","alternateName":"UNIGUAJIRA","url":"https:\/\/uniguajira.edu.co\/","logo":{"@type":"ImageObject","inLanguage":"en-US","@id":"https:\/\/uniguajira.edu.co\/#\/schema\/logo\/image\/","url":"https:\/\/uniguajira.edu.co\/wp-content\/uploads\/2026\/01\/cropped-cropped-LOGOS-PAGINA-WEB-04-1.webp","contentUrl":"https:\/\/uniguajira.edu.co\/wp-content\/uploads\/2026\/01\/cropped-cropped-LOGOS-PAGINA-WEB-04-1.webp","width":360,"height":72,"caption":"Universidad de La Guajira"},"image":{"@id":"https:\/\/uniguajira.edu.co\/#\/schema\/logo\/image\/"},"sameAs":["https:\/\/www.facebook.com\/UniLaGuajira\/","https:\/\/x.com\/UniLaGuajira","https:\/\/www.instagram.com\/uniguajira_\/","https:\/\/www.youtube.com\/user\/UniLaGuajira"]}]}},"_hostinger_reach_plugin_has_subscription_block":false,"_hostinger_reach_plugin_is_elementor":false,"_links":{"self":[{"href":"https:\/\/uniguajira.edu.co\/en\/wp-json\/wp\/v2\/pages\/25843","targetHints":{"allow":["GET"]}}],"collection":[{"href":"https:\/\/uniguajira.edu.co\/en\/wp-json\/wp\/v2\/pages"}],"about":[{"href":"https:\/\/uniguajira.edu.co\/en\/wp-json\/wp\/v2\/types\/page"}],"author":[{"embeddable":true,"href":"https:\/\/uniguajira.edu.co\/en\/wp-json\/wp\/v2\/users\/3"}],"replies":[{"embeddable":true,"href":"https:\/\/uniguajira.edu.co\/en\/wp-json\/wp\/v2\/comments?post=25843"}],"version-history":[{"count":4,"href":"https:\/\/uniguajira.edu.co\/en\/wp-json\/wp\/v2\/pages\/25843\/revisions"}],"predecessor-version":[{"id":106024,"href":"https:\/\/uniguajira.edu.co\/en\/wp-json\/wp\/v2\/pages\/25843\/revisions\/106024"}],"up":[{"embeddable":true,"href":"https:\/\/uniguajira.edu.co\/en\/wp-json\/wp\/v2\/pages\/31749"}],"wp:featuredmedia":[{"embeddable":true,"href":"https:\/\/uniguajira.edu.co\/en\/wp-json\/wp\/v2\/media\/24542"}],"wp:attachment":[{"href":"https:\/\/uniguajira.edu.co\/en\/wp-json\/wp\/v2\/media?parent=25843"}],"curies":[{"name":"wp","href":"https:\/\/api.w.org\/{rel}","templated":true}]}}