{"id":25044,"date":"2024-01-25T08:59:02","date_gmt":"2024-01-25T13:59:02","guid":{"rendered":"https:\/\/uniguajira.edu.co\/?page_id=25044"},"modified":"2025-01-31T18:12:09","modified_gmt":"2025-01-31T23:12:09","slug":"bienes-y-rentas","status":"publish","type":"page","link":"https:\/\/uniguajira.edu.co\/en\/universidad-de-la-guajira\/talento-humano\/bienes-y-rentas\/","title":{"rendered":"Asset and Income Monitoring"},"content":{"rendered":"<div class=\"gb-container gb-container-d796b7e0\">\n<div class=\"gb-container gb-container-4d72301d\">\n<div class=\"gb-container gb-container-570b9a30\">\n<div class=\"gb-container gb-container-1db11728\">\n\n<p class=\"gb-headline gb-headline-3542d2e5 gb-headline-text\">The Statement of Assets and Income is an obligation of all employees of public entities and agencies. It is made in SIGEP and, as enshrined in the Political Constitution of Colombia, Law 190 of 1995 and Decree 1083 of 2015, contains detailed information on income, bank accounts, debts and obligations, assets and participation in boards, boards of directors, corporations or societies.<\/p>\n\n\n\n<p class=\"gb-headline gb-headline-213302e1 gb-headline-text\"><strong>Who must file this declaration?<\/strong><\/p>\n\n\n\n<p class=\"gb-headline gb-headline-9d820001 gb-headline-text\">All public servants (employees and official workers). Also, those who take possession of a public position in the entities or agencies of the national and territorial order.<\/p>\n\n\n<div class=\"gb-container gb-container-85c1c66e\">\n<div class=\"gb-grid-wrapper gb-grid-wrapper-a49253d6\">\n<div class=\"gb-grid-column gb-grid-column-963734de\"><div class=\"gb-container gb-container-963734de imgt\">\n<div class=\"gb-container gb-container-1d89176e\">\n\n<figure class=\"wp-block-image size-full imgicono\"><a href=\"https:\/\/uniguajira.edu.co\/en\/sistema-de-informacion-y-gestion-del-empleo-publico-sigepii-monitoreo-bienes-y-rentas-2024\/\"><img loading=\"lazy\" decoding=\"async\" width=\"127\" height=\"155\" src=\"https:\/\/uniguajira.edu.co\/wp-content\/uploads\/2024\/01\/D.Excel_.png\" alt=\"Descargar Documento Excel Icono con tejido Wayuu en los colores distintivos de la Universidad de La Guajira.\" class=\"wp-image-24645\"\/><\/a><\/figure>\n\n\n\n<h3 class=\"gb-headline gb-headline-3fc36ea3 gb-headline-text\"><a href=\"https:\/\/uniguajira.edu.co\/en\/sistema-de-informacion-y-gestion-del-empleo-publico-sigepii-monitoreo-bienes-y-rentas-2024\/\">Monitoreo, bienes y rentas 2024<\/a><\/h3>\n\n<\/div>\n<\/div><\/div>\n\n<div class=\"gb-grid-column gb-grid-column-a742356e\"><div class=\"gb-container gb-container-a742356e imgt\">\n<div class=\"gb-container gb-container-b2e12e7d\">\n\n<figure class=\"wp-block-image size-full imgicono\"><a href=\"https:\/\/uniguajira.edu.co\/en\/sistema-de-informacion-y-gestion-del-empleo-publico-sigepii-monitoreo-bienes-y-rentas-2023\/\"><img loading=\"lazy\" decoding=\"async\" width=\"127\" height=\"155\" src=\"https:\/\/uniguajira.edu.co\/wp-content\/uploads\/2024\/01\/D.Excel_.png\" alt=\"Descargar Documento Excel Icono con tejido Wayuu en los colores distintivos de la Universidad de La Guajira.\" class=\"wp-image-24645\"\/><\/a><\/figure>\n\n\n\n<h3 class=\"gb-headline gb-headline-06df4c85 gb-headline-text\"><a href=\"https:\/\/uniguajira.edu.co\/en\/sistema-de-informacion-y-gestion-del-empleo-publico-sigepii-monitoreo-bienes-y-rentas-2023\/\">Monitoreo, bienes y rentas 2023<\/a><\/h3>\n\n<\/div>\n<\/div><\/div>\n\n<div class=\"gb-grid-column gb-grid-column-74e8ea70\"><div class=\"gb-container gb-container-74e8ea70 imgt\">\n<div class=\"gb-container gb-container-aa3944b8\">\n\n<figure class=\"wp-block-image size-full imgicono\"><a href=\"https:\/\/uniguajira.edu.co\/en\/sistema-de-informacion-y-gestion-del-empleo-publico-sigepii-monitoreo-bienes-y-rentas-2022\/\"><img loading=\"lazy\" decoding=\"async\" width=\"127\" height=\"155\" src=\"https:\/\/uniguajira.edu.co\/wp-content\/uploads\/2024\/01\/D.Excel_.png\" alt=\"Descargar Documento Excel Icono con tejido Wayuu en los colores distintivos de la Universidad de La Guajira.\" class=\"wp-image-24645\"\/><\/a><\/figure>\n\n\n\n<h3 class=\"gb-headline gb-headline-f62329dc gb-headline-text\"><a href=\"https:\/\/uniguajira.edu.co\/en\/sistema-de-informacion-y-gestion-del-empleo-publico-sigepii-monitoreo-bienes-y-rentas-2022\/\">Monitoreo, bienes y rentas 2022<\/a><\/h3>\n\n<\/div>\n<\/div><\/div>\n\n<div class=\"gb-grid-column gb-grid-column-c5e79f3e\"><div class=\"gb-container gb-container-c5e79f3e imgt\">\n<div class=\"gb-container gb-container-d7eb46cb\">\n\n<figure class=\"wp-block-image size-full imgicono\"><a href=\"https:\/\/uniguajira.edu.co\/en\/sistema-de-informacion-y-gestion-del-empleo-publico-sigepii-monitoreo-bienes-y-rentas-2021\/\"><img loading=\"lazy\" decoding=\"async\" width=\"127\" height=\"155\" src=\"https:\/\/uniguajira.edu.co\/wp-content\/uploads\/2024\/01\/Descargar-PDF-Icono.png\" alt=\"Descargar PDF Icono con tejido Wayuu en los colores de la Universidad de La Guajira.\" class=\"wp-image-24540\"\/><\/a><\/figure>\n\n\n\n<h3 class=\"gb-headline gb-headline-75302e8c gb-headline-text\"><a href=\"https:\/\/uniguajira.edu.co\/en\/sistema-de-informacion-y-gestion-del-empleo-publico-sigepii-monitoreo-bienes-y-rentas-2021\/\">Monitoreo, bienes y rentas 2021<\/a><\/h3>\n\n<\/div>\n<\/div><\/div>\n\n<div class=\"gb-grid-column gb-grid-column-7972a3ac\"><div class=\"gb-container gb-container-7972a3ac imgt\">\n<div class=\"gb-container gb-container-930968a2\">\n\n<figure class=\"wp-block-image size-full imgicono\"><a href=\"https:\/\/uniguajira.edu.co\/en\/sistema-de-informacion-y-gestion-del-empleo-publico-sigepii-monitoreo-bienes-y-rentas-2020\/\"><img loading=\"lazy\" decoding=\"async\" width=\"127\" height=\"155\" src=\"https:\/\/uniguajira.edu.co\/wp-content\/uploads\/2024\/01\/Descargar-PDF-Icono.png\" alt=\"Descargar PDF Icono con tejido Wayuu en los colores de la Universidad de La Guajira.\" class=\"wp-image-24540\"\/><\/a><\/figure>\n\n\n\n<h3 class=\"gb-headline gb-headline-87352ca3 gb-headline-text\"><a href=\"https:\/\/uniguajira.edu.co\/en\/sistema-de-informacion-y-gestion-del-empleo-publico-sigepii-monitoreo-bienes-y-rentas-2020\/\">Monitoreo, bienes y rentas 2020<\/a><\/h3>\n\n<\/div>\n<\/div><\/div>\n\n<div class=\"gb-grid-column gb-grid-column-2566d636\"><div class=\"gb-container gb-container-2566d636 imgt\">\n<div class=\"gb-container gb-container-62b5f1b8\">\n\n<figure class=\"wp-block-image size-full imgicono\"><a href=\"https:\/\/uniguajira.edu.co\/en\/sistema-de-informacion-y-gestion-del-empleo-publico-sigepii-monitoreo-bienes-y-rentas-diciembre-2022\/\"><img loading=\"lazy\" decoding=\"async\" width=\"127\" height=\"155\" src=\"https:\/\/uniguajira.edu.co\/wp-content\/uploads\/2024\/01\/D.Excel_.png\" alt=\"Descargar Documento Excel Icono con tejido Wayuu en los colores distintivos de la Universidad de La Guajira.\" class=\"wp-image-24645\"\/><\/a><\/figure>\n\n\n\n<h3 class=\"gb-headline gb-headline-b5e1fe20 gb-headline-text\"><a href=\"https:\/\/uniguajira.edu.co\/en\/sistema-de-informacion-y-gestion-del-empleo-publico-sigepii-monitoreo-bienes-y-rentas-diciembre-2022\/\">Monitorios, bienes y rentas a diciembre 2022<\/a><\/h3>\n\n<\/div>\n<\/div><\/div>\n\n<div class=\"gb-grid-column gb-grid-column-ba193b85\"><div class=\"gb-container gb-container-ba193b85 imgt\">\n<div class=\"gb-container gb-container-b53ce026\">\n\n<figure class=\"wp-block-image size-full imgicono\"><a href=\"https:\/\/servidorpublico.sigep.gov.co\/sse_generico\/espanol\/generico_login.jsp?estado=2\" target=\"_blank\" rel=\"noreferrer noopener\"><img loading=\"lazy\" decoding=\"async\" width=\"127\" height=\"155\" src=\"https:\/\/uniguajira.edu.co\/wp-content\/uploads\/2024\/06\/link-uniguajira.png\" alt=\"link uniguajira\" class=\"wp-image-51779\" srcset=\"https:\/\/uniguajira.edu.co\/wp-content\/uploads\/2024\/06\/link-uniguajira.png 127w, https:\/\/uniguajira.edu.co\/wp-content\/uploads\/2024\/06\/link-uniguajira-10x12.png 10w\" sizes=\"auto, (max-width: 127px) 100vw, 127px\" \/><\/a><\/figure>\n\n\n\n<h3 class=\"gb-headline gb-headline-b1f54ead gb-headline-text\"><a href=\"https:\/\/servidorpublico.sigep.gov.co\/sse_generico\/espanol\/generico_login.jsp?estado=2\" target=\"_blank\" rel=\"noreferrer noopener\">Filing the income and asset declaration<\/a><\/h3>\n\n<\/div>\n<\/div><\/div>\n<\/div>\n<\/div>\n<\/div>\n<\/div>\n<\/div>\n<\/div>","protected":false},"excerpt":{"rendered":"<p>La Declaraci\u00f3n de Bienes y Rentas es una obligaci\u00f3n de todos los trabajadores de entidades y organismos p\u00fablicos. Se realiza en el SIGEP &#8230; <a title=\"Asset and Income Monitoring\" class=\"read-more\" href=\"https:\/\/uniguajira.edu.co\/en\/universidad-de-la-guajira\/talento-humano\/bienes-y-rentas\/\" aria-label=\"Read more about Monitoreo de Bienes y Rentas\">.<\/a><\/p>","protected":false},"author":3,"featured_media":24548,"parent":31952,"menu_order":0,"comment_status":"closed","ping_status":"closed","template":"","meta":{"footnotes":""},"class_list":{"0":"post-25044","1":"page","2":"type-page","3":"status-publish","4":"has-post-thumbnail","6":"infinite-scroll-item"},"yoast_head":"<!-- This site is optimized with the Yoast SEO Premium plugin v27.0 (Yoast SEO v27.0) - https:\/\/yoast.com\/product\/yoast-seo-premium-wordpress\/ -->\n<title>Monitoreo de Bienes y Rentas<\/title>\n<meta name=\"robots\" content=\"index, follow, max-snippet:-1, max-image-preview:large, max-video-preview:-1\" \/>\n<link rel=\"canonical\" href=\"https:\/\/uniguajira.edu.co\/en\/universidad-de-la-guajira\/talento-humano\/bienes-y-rentas\/\" \/>\n<meta property=\"og:locale\" content=\"en_US\" \/>\n<meta property=\"og:type\" content=\"article\" \/>\n<meta property=\"og:title\" content=\"Monitoreo de Bienes y Rentas\" \/>\n<meta property=\"og:description\" content=\"La Declaraci\u00f3n de Bienes y Rentas es una obligaci\u00f3n de todos los trabajadores de entidades y organismos p\u00fablicos. Se realiza en el SIGEP ... .\" \/>\n<meta property=\"og:url\" content=\"https:\/\/uniguajira.edu.co\/en\/universidad-de-la-guajira\/talento-humano\/bienes-y-rentas\/\" \/>\n<meta property=\"og:site_name\" content=\"Universidad de La Guajira\" \/>\n<meta property=\"article:publisher\" content=\"https:\/\/www.facebook.com\/UniLaGuajira\/\" \/>\n<meta property=\"article:modified_time\" content=\"2025-01-31T23:12:09+00:00\" \/>\n<meta property=\"og:image\" content=\"https:\/\/uniguajira.edu.co\/wp-content\/uploads\/2024\/01\/bannertalentohumano.webp\" \/>\n\t<meta property=\"og:image:width\" content=\"1920\" \/>\n\t<meta property=\"og:image:height\" content=\"590\" \/>\n\t<meta property=\"og:image:type\" content=\"image\/webp\" \/>\n<meta name=\"twitter:card\" content=\"summary_large_image\" \/>\n<meta name=\"twitter:site\" content=\"@UniLaGuajira\" \/>\n<meta name=\"twitter:label1\" content=\"Est. reading time\" \/>\n\t<meta name=\"twitter:data1\" content=\"3 minutes\" \/>\n<script type=\"application\/ld+json\" class=\"yoast-schema-graph\">{\"@context\":\"https:\/\/schema.org\",\"@graph\":[{\"@type\":\"WebPage\",\"@id\":\"https:\/\/uniguajira.edu.co\/universidad-de-la-guajira\/talento-humano\/bienes-y-rentas\/\",\"url\":\"https:\/\/uniguajira.edu.co\/universidad-de-la-guajira\/talento-humano\/bienes-y-rentas\/\",\"name\":\"Monitoreo de Bienes y Rentas\",\"isPartOf\":{\"@id\":\"https:\/\/uniguajira.edu.co\/#website\"},\"primaryImageOfPage\":{\"@id\":\"https:\/\/uniguajira.edu.co\/universidad-de-la-guajira\/talento-humano\/bienes-y-rentas\/#primaryimage\"},\"image\":{\"@id\":\"https:\/\/uniguajira.edu.co\/universidad-de-la-guajira\/talento-humano\/bienes-y-rentas\/#primaryimage\"},\"thumbnailUrl\":\"https:\/\/uniguajira.edu.co\/wp-content\/uploads\/2024\/01\/bannertalentohumano.webp\",\"datePublished\":\"2024-01-25T13:59:02+00:00\",\"dateModified\":\"2025-01-31T23:12:09+00:00\",\"breadcrumb\":{\"@id\":\"https:\/\/uniguajira.edu.co\/universidad-de-la-guajira\/talento-humano\/bienes-y-rentas\/#breadcrumb\"},\"inLanguage\":\"en-US\",\"potentialAction\":[{\"@type\":\"ReadAction\",\"target\":[\"https:\/\/uniguajira.edu.co\/universidad-de-la-guajira\/talento-humano\/bienes-y-rentas\/\"]}]},{\"@type\":\"ImageObject\",\"inLanguage\":\"en-US\",\"@id\":\"https:\/\/uniguajira.edu.co\/universidad-de-la-guajira\/talento-humano\/bienes-y-rentas\/#primaryimage\",\"url\":\"https:\/\/uniguajira.edu.co\/wp-content\/uploads\/2024\/01\/bannertalentohumano.webp\",\"contentUrl\":\"https:\/\/uniguajira.edu.co\/wp-content\/uploads\/2024\/01\/bannertalentohumano.webp\",\"width\":1920,\"height\":590},{\"@type\":\"BreadcrumbList\",\"@id\":\"https:\/\/uniguajira.edu.co\/universidad-de-la-guajira\/talento-humano\/bienes-y-rentas\/#breadcrumb\",\"itemListElement\":[{\"@type\":\"ListItem\",\"position\":1,\"name\":\"\u2302 Uniguajira\",\"item\":\"https:\/\/uniguajira.edu.co\/\"},{\"@type\":\"ListItem\",\"position\":2,\"name\":\"Uniguajira\",\"item\":\"https:\/\/uniguajira.edu.co\/\"},{\"@type\":\"ListItem\",\"position\":3,\"name\":\"Talento Humano\",\"item\":\"https:\/\/uniguajira.edu.co\/universidad-de-la-guajira\/talento-humano\/\"},{\"@type\":\"ListItem\",\"position\":4,\"name\":\"Monitoreo de Bienes y Rentas\"}]},{\"@type\":\"WebSite\",\"@id\":\"https:\/\/uniguajira.edu.co\/#website\",\"url\":\"https:\/\/uniguajira.edu.co\/\",\"name\":\"UNIGUAJIRA\",\"description\":\"Descubre la educaci\u00f3n superior con oportunidades laborales, retos estudiantiles y tecnolog\u00eda innovadora. Alcanza el \u00e9xito acad\u00e9mico y explora el impacto social y la diversidad en un entorno de aprendizaje moderno. Ad\u00e1ptate con inteligencia artificial y pr\u00e1cticas profesionales para un crecimiento integral.\",\"publisher\":{\"@id\":\"https:\/\/uniguajira.edu.co\/#organization\"},\"alternateName\":\"Universidad de La Guajira\",\"potentialAction\":[{\"@type\":\"SearchAction\",\"target\":{\"@type\":\"EntryPoint\",\"urlTemplate\":\"https:\/\/uniguajira.edu.co\/?s={search_term_string}\"},\"query-input\":{\"@type\":\"PropertyValueSpecification\",\"valueRequired\":true,\"valueName\":\"search_term_string\"}}],\"inLanguage\":\"en-US\"},{\"@type\":\"Organization\",\"@id\":\"https:\/\/uniguajira.edu.co\/#organization\",\"name\":\"Universidad de La Guajira\",\"alternateName\":\"UNIGUAJIRA\",\"url\":\"https:\/\/uniguajira.edu.co\/\",\"logo\":{\"@type\":\"ImageObject\",\"inLanguage\":\"en-US\",\"@id\":\"https:\/\/uniguajira.edu.co\/#\/schema\/logo\/image\/\",\"url\":\"https:\/\/uniguajira.edu.co\/wp-content\/uploads\/2026\/01\/cropped-cropped-LOGOS-PAGINA-WEB-04-1.webp\",\"contentUrl\":\"https:\/\/uniguajira.edu.co\/wp-content\/uploads\/2026\/01\/cropped-cropped-LOGOS-PAGINA-WEB-04-1.webp\",\"width\":360,\"height\":72,\"caption\":\"Universidad de La Guajira\"},\"image\":{\"@id\":\"https:\/\/uniguajira.edu.co\/#\/schema\/logo\/image\/\"},\"sameAs\":[\"https:\/\/www.facebook.com\/UniLaGuajira\/\",\"https:\/\/x.com\/UniLaGuajira\",\"https:\/\/www.instagram.com\/uniguajira_\/\",\"https:\/\/www.youtube.com\/user\/UniLaGuajira\"]}]}<\/script>\n<!-- \/ Yoast SEO Premium plugin. -->","yoast_head_json":{"title":"Asset and Income Monitoring","robots":{"index":"index","follow":"follow","max-snippet":"max-snippet:-1","max-image-preview":"max-image-preview:large","max-video-preview":"max-video-preview:-1"},"canonical":"https:\/\/uniguajira.edu.co\/en\/universidad-de-la-guajira\/talento-humano\/bienes-y-rentas\/","og_locale":"en_US","og_type":"article","og_title":"Monitoreo de Bienes y Rentas","og_description":"La Declaraci\u00f3n de Bienes y Rentas es una obligaci\u00f3n de todos los trabajadores de entidades y organismos p\u00fablicos. Se realiza en el SIGEP ... .","og_url":"https:\/\/uniguajira.edu.co\/en\/universidad-de-la-guajira\/talento-humano\/bienes-y-rentas\/","og_site_name":"Universidad de La Guajira","article_publisher":"https:\/\/www.facebook.com\/UniLaGuajira\/","article_modified_time":"2025-01-31T23:12:09+00:00","og_image":[{"width":1920,"height":590,"url":"https:\/\/uniguajira.edu.co\/wp-content\/uploads\/2024\/01\/bannertalentohumano.webp","type":"image\/webp"}],"twitter_card":"summary_large_image","twitter_site":"@UniLaGuajira","twitter_misc":{"Est. reading time":"3 minutes"},"schema":{"@context":"https:\/\/schema.org","@graph":[{"@type":"WebPage","@id":"https:\/\/uniguajira.edu.co\/universidad-de-la-guajira\/talento-humano\/bienes-y-rentas\/","url":"https:\/\/uniguajira.edu.co\/universidad-de-la-guajira\/talento-humano\/bienes-y-rentas\/","name":"Asset and Income Monitoring","isPartOf":{"@id":"https:\/\/uniguajira.edu.co\/#website"},"primaryImageOfPage":{"@id":"https:\/\/uniguajira.edu.co\/universidad-de-la-guajira\/talento-humano\/bienes-y-rentas\/#primaryimage"},"image":{"@id":"https:\/\/uniguajira.edu.co\/universidad-de-la-guajira\/talento-humano\/bienes-y-rentas\/#primaryimage"},"thumbnailUrl":"https:\/\/uniguajira.edu.co\/wp-content\/uploads\/2024\/01\/bannertalentohumano.webp","datePublished":"2024-01-25T13:59:02+00:00","dateModified":"2025-01-31T23:12:09+00:00","breadcrumb":{"@id":"https:\/\/uniguajira.edu.co\/universidad-de-la-guajira\/talento-humano\/bienes-y-rentas\/#breadcrumb"},"inLanguage":"en-US","potentialAction":[{"@type":"ReadAction","target":["https:\/\/uniguajira.edu.co\/universidad-de-la-guajira\/talento-humano\/bienes-y-rentas\/"]}]},{"@type":"ImageObject","inLanguage":"en-US","@id":"https:\/\/uniguajira.edu.co\/universidad-de-la-guajira\/talento-humano\/bienes-y-rentas\/#primaryimage","url":"https:\/\/uniguajira.edu.co\/wp-content\/uploads\/2024\/01\/bannertalentohumano.webp","contentUrl":"https:\/\/uniguajira.edu.co\/wp-content\/uploads\/2024\/01\/bannertalentohumano.webp","width":1920,"height":590},{"@type":"BreadcrumbList","@id":"https:\/\/uniguajira.edu.co\/universidad-de-la-guajira\/talento-humano\/bienes-y-rentas\/#breadcrumb","itemListElement":[{"@type":"ListItem","position":1,"name":"\u2302 Uniguajira","item":"https:\/\/uniguajira.edu.co\/"},{"@type":"ListItem","position":2,"name":"Uniguajira","item":"https:\/\/uniguajira.edu.co\/"},{"@type":"ListItem","position":3,"name":"Talento Humano","item":"https:\/\/uniguajira.edu.co\/universidad-de-la-guajira\/talento-humano\/"},{"@type":"ListItem","position":4,"name":"Monitoreo de Bienes y Rentas"}]},{"@type":"WebSite","@id":"https:\/\/uniguajira.edu.co\/#website","url":"https:\/\/uniguajira.edu.co\/","name":"UNIGUAJIRA","description":"Descubre la educaci\u00f3n superior con oportunidades laborales, retos estudiantiles y tecnolog\u00eda innovadora. Alcanza el \u00e9xito acad\u00e9mico y explora el impacto social y la diversidad en un entorno de aprendizaje moderno. Ad\u00e1ptate con inteligencia artificial y pr\u00e1cticas profesionales para un crecimiento integral.","publisher":{"@id":"https:\/\/uniguajira.edu.co\/#organization"},"alternateName":"Universidad de La Guajira","potentialAction":[{"@type":"SearchAction","target":{"@type":"EntryPoint","urlTemplate":"https:\/\/uniguajira.edu.co\/?s={search_term_string}"},"query-input":{"@type":"PropertyValueSpecification","valueRequired":true,"valueName":"search_term_string"}}],"inLanguage":"en-US"},{"@type":"Organization","@id":"https:\/\/uniguajira.edu.co\/#organization","name":"University of La Guajira","alternateName":"UNIGUAJIRA","url":"https:\/\/uniguajira.edu.co\/","logo":{"@type":"ImageObject","inLanguage":"en-US","@id":"https:\/\/uniguajira.edu.co\/#\/schema\/logo\/image\/","url":"https:\/\/uniguajira.edu.co\/wp-content\/uploads\/2026\/01\/cropped-cropped-LOGOS-PAGINA-WEB-04-1.webp","contentUrl":"https:\/\/uniguajira.edu.co\/wp-content\/uploads\/2026\/01\/cropped-cropped-LOGOS-PAGINA-WEB-04-1.webp","width":360,"height":72,"caption":"Universidad de La Guajira"},"image":{"@id":"https:\/\/uniguajira.edu.co\/#\/schema\/logo\/image\/"},"sameAs":["https:\/\/www.facebook.com\/UniLaGuajira\/","https:\/\/x.com\/UniLaGuajira","https:\/\/www.instagram.com\/uniguajira_\/","https:\/\/www.youtube.com\/user\/UniLaGuajira"]}]}},"_hostinger_reach_plugin_has_subscription_block":false,"_hostinger_reach_plugin_is_elementor":false,"_links":{"self":[{"href":"https:\/\/uniguajira.edu.co\/en\/wp-json\/wp\/v2\/pages\/25044","targetHints":{"allow":["GET"]}}],"collection":[{"href":"https:\/\/uniguajira.edu.co\/en\/wp-json\/wp\/v2\/pages"}],"about":[{"href":"https:\/\/uniguajira.edu.co\/en\/wp-json\/wp\/v2\/types\/page"}],"author":[{"embeddable":true,"href":"https:\/\/uniguajira.edu.co\/en\/wp-json\/wp\/v2\/users\/3"}],"replies":[{"embeddable":true,"href":"https:\/\/uniguajira.edu.co\/en\/wp-json\/wp\/v2\/comments?post=25044"}],"version-history":[{"count":0,"href":"https:\/\/uniguajira.edu.co\/en\/wp-json\/wp\/v2\/pages\/25044\/revisions"}],"up":[{"embeddable":true,"href":"https:\/\/uniguajira.edu.co\/en\/wp-json\/wp\/v2\/pages\/31952"}],"wp:featuredmedia":[{"embeddable":true,"href":"https:\/\/uniguajira.edu.co\/en\/wp-json\/wp\/v2\/media\/24548"}],"wp:attachment":[{"href":"https:\/\/uniguajira.edu.co\/en\/wp-json\/wp\/v2\/media?parent=25044"}],"curies":[{"name":"wp","href":"https:\/\/api.w.org\/{rel}","templated":true}]}}