{"id":24098,"date":"2024-01-14T08:41:41","date_gmt":"2024-01-14T13:41:41","guid":{"rendered":"https:\/\/uniguajira.edu.co\/?page_id=24098"},"modified":"2024-10-29T09:42:08","modified_gmt":"2024-10-29T14:42:08","slug":"normatividad-de-la-bolsa-de-empleo-de-la-universidad-de-la-guajira","status":"publish","type":"page","link":"https:\/\/uniguajira.edu.co\/en\/universidad-de-la-guajira\/centro-de-graduados\/bolsa-de-empleo-uniguiajira\/normatividad-de-la-bolsa-de-empleo-de-la-universidad-de-la-guajira\/","title":{"rendered":"Regulations of the University of La Guajira's Employment Exchange"},"content":{"rendered":"<div class=\"gb-container gb-container-89340b83\">\n<div class=\"gb-container gb-container-498d5235\">\n<div class=\"gb-container gb-container-9cc82f34\">\n<div class=\"gb-container gb-container-971287f9\">\n\n<p class=\"gb-headline gb-headline-0e78a9df gb-headline-text\">At the University of La Guajira, the Employment Exchange operates under strict regulations that promote transparency and equity in the labor process. Our regulations establish guidelines and procedures to ensure a fair and accessible platform for all graduates.<\/p>\n\n\n<div class=\"gb-container gb-container-bd75c527\">\n<div class=\"gb-grid-wrapper gb-grid-wrapper-a49253d6\">\n<div class=\"gb-grid-column gb-grid-column-963734de\"><div class=\"gb-container gb-container-963734de imgt\">\n<div class=\"gb-container gb-container-1d89176e\">\n\n<figure class=\"wp-block-image size-full imgicono\"><a href=\"https:\/\/uniguajira.edu.co\/en\/proyecto-de-viabilidad-bolsa-de-empleo-de-la-ies-universidad-de-la-guajira\/\"><img loading=\"lazy\" decoding=\"async\" width=\"127\" height=\"155\" src=\"https:\/\/uniguajira.edu.co\/wp-content\/uploads\/2024\/01\/Descargar-PDF-Icono.png\" alt=\"Descargar PDF Icono con tejido Wayuu en los colores de la Universidad de La Guajira.\" class=\"wp-image-24540\"\/><\/a><\/figure>\n\n\n\n<h3 class=\"gb-headline gb-headline-3fc36ea3 gb-headline-text\"><a href=\"https:\/\/uniguajira.edu.co\/en\/proyecto-de-viabilidad-bolsa-de-empleo-de-la-ies-universidad-de-la-guajira\/\">Proyecto de viabilidad bolsa de empleo UG<\/a><\/h3>\n\n<\/div>\n<\/div><\/div>\n\n<div class=\"gb-grid-column gb-grid-column-2566d636\"><div class=\"gb-container gb-container-2566d636 imgt\">\n<div class=\"gb-container gb-container-62b5f1b8\">\n\n<figure class=\"wp-block-image size-full imgicono\"><a href=\"https:\/\/uniguajira.edu.co\/en\/resolucion-no-0459-de-2022\/\"><img loading=\"lazy\" decoding=\"async\" width=\"127\" height=\"155\" src=\"https:\/\/uniguajira.edu.co\/wp-content\/uploads\/2024\/01\/Descargar-PDF-Icono.png\" alt=\"Descargar PDF Icono con tejido Wayuu en los colores de la Universidad de La Guajira.\" class=\"wp-image-24540\"\/><\/a><\/figure>\n\n\n\n<h3 class=\"gb-headline gb-headline-b5e1fe20 gb-headline-text\"><a href=\"https:\/\/uniguajira.edu.co\/en\/resolucion-no-0459-de-2022\/\">Resoluci\u00f3n 0459 autorizaci\u00f3n &#8211; IES Universidad de La Guajira<\/a><\/h3>\n\n<\/div>\n<\/div><\/div>\n<\/div>\n<\/div>\n<\/div>\n<\/div>\n<\/div>\n<\/div>","protected":false},"excerpt":{"rendered":"<p>En la Universidad de La Guajira, la Bolsa de Empleo opera bajo una estricta normativa que promueve la transparencia y equidad en el &#8230; <a title=\"Regulations of the University of La Guajira&#039;s Employment Exchange\" class=\"read-more\" href=\"https:\/\/uniguajira.edu.co\/en\/universidad-de-la-guajira\/centro-de-graduados\/bolsa-de-empleo-uniguiajira\/normatividad-de-la-bolsa-de-empleo-de-la-universidad-de-la-guajira\/\" aria-label=\"Read more about Normatividad de la bolsa de empleo de la Universidad de La Guajira\">.<\/a><\/p>","protected":false},"author":3,"featured_media":42629,"parent":25130,"menu_order":0,"comment_status":"closed","ping_status":"closed","template":"","meta":{"footnotes":""},"class_list":{"0":"post-24098","1":"page","2":"type-page","3":"status-publish","4":"has-post-thumbnail","6":"infinite-scroll-item"},"yoast_head":"<!-- This site is optimized with the Yoast SEO Premium plugin v27.0 (Yoast SEO v27.0) - https:\/\/yoast.com\/product\/yoast-seo-premium-wordpress\/ -->\n<title>Normatividad de la bolsa de empleo de la Universidad de La Guajira<\/title>\n<meta name=\"robots\" content=\"index, follow, max-snippet:-1, max-image-preview:large, max-video-preview:-1\" \/>\n<link rel=\"canonical\" href=\"https:\/\/uniguajira.edu.co\/en\/universidad-de-la-guajira\/centro-de-graduados\/bolsa-de-empleo-uniguiajira\/normatividad-de-la-bolsa-de-empleo-de-la-universidad-de-la-guajira\/\" \/>\n<meta property=\"og:locale\" content=\"en_US\" \/>\n<meta property=\"og:type\" content=\"article\" \/>\n<meta property=\"og:title\" content=\"Normatividad de la bolsa de empleo de la Universidad de La Guajira\" \/>\n<meta property=\"og:description\" content=\"En la Universidad de La Guajira, la Bolsa de Empleo opera bajo una estricta normativa que promueve la transparencia y equidad en el ... .\" \/>\n<meta property=\"og:url\" content=\"https:\/\/uniguajira.edu.co\/en\/universidad-de-la-guajira\/centro-de-graduados\/bolsa-de-empleo-uniguiajira\/normatividad-de-la-bolsa-de-empleo-de-la-universidad-de-la-guajira\/\" \/>\n<meta property=\"og:site_name\" content=\"Universidad de La Guajira\" \/>\n<meta property=\"article:publisher\" content=\"https:\/\/www.facebook.com\/UniLaGuajira\/\" \/>\n<meta property=\"article:modified_time\" content=\"2024-10-29T14:42:08+00:00\" \/>\n<meta property=\"og:image\" content=\"https:\/\/uniguajira.edu.co\/wp-content\/uploads\/2024\/04\/Banner-de-Graduados.jpg\" \/>\n\t<meta property=\"og:image:width\" content=\"1920\" \/>\n\t<meta property=\"og:image:height\" content=\"530\" \/>\n\t<meta property=\"og:image:type\" content=\"image\/jpeg\" \/>\n<meta name=\"twitter:card\" content=\"summary_large_image\" \/>\n<meta name=\"twitter:site\" content=\"@UniLaGuajira\" \/>\n<meta name=\"twitter:label1\" content=\"Est. reading time\" \/>\n\t<meta name=\"twitter:data1\" content=\"2 minutes\" \/>\n<script type=\"application\/ld+json\" class=\"yoast-schema-graph\">{\"@context\":\"https:\/\/schema.org\",\"@graph\":[{\"@type\":\"WebPage\",\"@id\":\"https:\/\/uniguajira.edu.co\/universidad-de-la-guajira\/centro-de-graduados\/bolsa-de-empleo-uniguiajira\/normatividad-de-la-bolsa-de-empleo-de-la-universidad-de-la-guajira\/\",\"url\":\"https:\/\/uniguajira.edu.co\/universidad-de-la-guajira\/centro-de-graduados\/bolsa-de-empleo-uniguiajira\/normatividad-de-la-bolsa-de-empleo-de-la-universidad-de-la-guajira\/\",\"name\":\"Normatividad de la bolsa de empleo de la Universidad de La Guajira\",\"isPartOf\":{\"@id\":\"https:\/\/uniguajira.edu.co\/#website\"},\"primaryImageOfPage\":{\"@id\":\"https:\/\/uniguajira.edu.co\/universidad-de-la-guajira\/centro-de-graduados\/bolsa-de-empleo-uniguiajira\/normatividad-de-la-bolsa-de-empleo-de-la-universidad-de-la-guajira\/#primaryimage\"},\"image\":{\"@id\":\"https:\/\/uniguajira.edu.co\/universidad-de-la-guajira\/centro-de-graduados\/bolsa-de-empleo-uniguiajira\/normatividad-de-la-bolsa-de-empleo-de-la-universidad-de-la-guajira\/#primaryimage\"},\"thumbnailUrl\":\"https:\/\/uniguajira.edu.co\/wp-content\/uploads\/2024\/04\/Banner-de-Graduados.jpg\",\"datePublished\":\"2024-01-14T13:41:41+00:00\",\"dateModified\":\"2024-10-29T14:42:08+00:00\",\"breadcrumb\":{\"@id\":\"https:\/\/uniguajira.edu.co\/universidad-de-la-guajira\/centro-de-graduados\/bolsa-de-empleo-uniguiajira\/normatividad-de-la-bolsa-de-empleo-de-la-universidad-de-la-guajira\/#breadcrumb\"},\"inLanguage\":\"en-US\",\"potentialAction\":[{\"@type\":\"ReadAction\",\"target\":[\"https:\/\/uniguajira.edu.co\/universidad-de-la-guajira\/centro-de-graduados\/bolsa-de-empleo-uniguiajira\/normatividad-de-la-bolsa-de-empleo-de-la-universidad-de-la-guajira\/\"]}]},{\"@type\":\"ImageObject\",\"inLanguage\":\"en-US\",\"@id\":\"https:\/\/uniguajira.edu.co\/universidad-de-la-guajira\/centro-de-graduados\/bolsa-de-empleo-uniguiajira\/normatividad-de-la-bolsa-de-empleo-de-la-universidad-de-la-guajira\/#primaryimage\",\"url\":\"https:\/\/uniguajira.edu.co\/wp-content\/uploads\/2024\/04\/Banner-de-Graduados.jpg\",\"contentUrl\":\"https:\/\/uniguajira.edu.co\/wp-content\/uploads\/2024\/04\/Banner-de-Graduados.jpg\",\"width\":1920,\"height\":530},{\"@type\":\"BreadcrumbList\",\"@id\":\"https:\/\/uniguajira.edu.co\/universidad-de-la-guajira\/centro-de-graduados\/bolsa-de-empleo-uniguiajira\/normatividad-de-la-bolsa-de-empleo-de-la-universidad-de-la-guajira\/#breadcrumb\",\"itemListElement\":[{\"@type\":\"ListItem\",\"position\":1,\"name\":\"\u2302 Uniguajira\",\"item\":\"https:\/\/uniguajira.edu.co\/\"},{\"@type\":\"ListItem\",\"position\":2,\"name\":\"Uniguajira\",\"item\":\"https:\/\/uniguajira.edu.co\/\"},{\"@type\":\"ListItem\",\"position\":3,\"name\":\"Graduados\",\"item\":\"https:\/\/uniguajira.edu.co\/universidad-de-la-guajira\/centro-de-graduados\/\"},{\"@type\":\"ListItem\",\"position\":4,\"name\":\"Bolsa de empleo\",\"item\":\"https:\/\/uniguajira.edu.co\/universidad-de-la-guajira\/centro-de-graduados\/bolsa-de-empleo-uniguiajira\/\"},{\"@type\":\"ListItem\",\"position\":5,\"name\":\"Normatividad de la bolsa de empleo de la Universidad de La Guajira\"}]},{\"@type\":\"WebSite\",\"@id\":\"https:\/\/uniguajira.edu.co\/#website\",\"url\":\"https:\/\/uniguajira.edu.co\/\",\"name\":\"UNIGUAJIRA\",\"description\":\"Descubre la educaci\u00f3n superior con oportunidades laborales, retos estudiantiles y tecnolog\u00eda innovadora. Alcanza el \u00e9xito acad\u00e9mico y explora el impacto social y la diversidad en un entorno de aprendizaje moderno. Ad\u00e1ptate con inteligencia artificial y pr\u00e1cticas profesionales para un crecimiento integral.\",\"publisher\":{\"@id\":\"https:\/\/uniguajira.edu.co\/#organization\"},\"alternateName\":\"Universidad de La Guajira\",\"potentialAction\":[{\"@type\":\"SearchAction\",\"target\":{\"@type\":\"EntryPoint\",\"urlTemplate\":\"https:\/\/uniguajira.edu.co\/?s={search_term_string}\"},\"query-input\":{\"@type\":\"PropertyValueSpecification\",\"valueRequired\":true,\"valueName\":\"search_term_string\"}}],\"inLanguage\":\"en-US\"},{\"@type\":\"Organization\",\"@id\":\"https:\/\/uniguajira.edu.co\/#organization\",\"name\":\"Universidad de La Guajira\",\"alternateName\":\"UNIGUAJIRA\",\"url\":\"https:\/\/uniguajira.edu.co\/\",\"logo\":{\"@type\":\"ImageObject\",\"inLanguage\":\"en-US\",\"@id\":\"https:\/\/uniguajira.edu.co\/#\/schema\/logo\/image\/\",\"url\":\"https:\/\/uniguajira.edu.co\/wp-content\/uploads\/2026\/01\/cropped-cropped-LOGOS-PAGINA-WEB-04-1.webp\",\"contentUrl\":\"https:\/\/uniguajira.edu.co\/wp-content\/uploads\/2026\/01\/cropped-cropped-LOGOS-PAGINA-WEB-04-1.webp\",\"width\":360,\"height\":72,\"caption\":\"Universidad de La Guajira\"},\"image\":{\"@id\":\"https:\/\/uniguajira.edu.co\/#\/schema\/logo\/image\/\"},\"sameAs\":[\"https:\/\/www.facebook.com\/UniLaGuajira\/\",\"https:\/\/x.com\/UniLaGuajira\",\"https:\/\/www.instagram.com\/uniguajira_\/\",\"https:\/\/www.youtube.com\/user\/UniLaGuajira\"]}]}<\/script>\n<!-- \/ Yoast SEO Premium plugin. -->","yoast_head_json":{"title":"Regulations of the University of La Guajira's Employment Exchange","robots":{"index":"index","follow":"follow","max-snippet":"max-snippet:-1","max-image-preview":"max-image-preview:large","max-video-preview":"max-video-preview:-1"},"canonical":"https:\/\/uniguajira.edu.co\/en\/universidad-de-la-guajira\/centro-de-graduados\/bolsa-de-empleo-uniguiajira\/normatividad-de-la-bolsa-de-empleo-de-la-universidad-de-la-guajira\/","og_locale":"en_US","og_type":"article","og_title":"Normatividad de la bolsa de empleo de la Universidad de La Guajira","og_description":"En la Universidad de La Guajira, la Bolsa de Empleo opera bajo una estricta normativa que promueve la transparencia y equidad en el ... .","og_url":"https:\/\/uniguajira.edu.co\/en\/universidad-de-la-guajira\/centro-de-graduados\/bolsa-de-empleo-uniguiajira\/normatividad-de-la-bolsa-de-empleo-de-la-universidad-de-la-guajira\/","og_site_name":"Universidad de La Guajira","article_publisher":"https:\/\/www.facebook.com\/UniLaGuajira\/","article_modified_time":"2024-10-29T14:42:08+00:00","og_image":[{"width":1920,"height":530,"url":"https:\/\/uniguajira.edu.co\/wp-content\/uploads\/2024\/04\/Banner-de-Graduados.jpg","type":"image\/jpeg"}],"twitter_card":"summary_large_image","twitter_site":"@UniLaGuajira","twitter_misc":{"Est. reading time":"2 minutes"},"schema":{"@context":"https:\/\/schema.org","@graph":[{"@type":"WebPage","@id":"https:\/\/uniguajira.edu.co\/universidad-de-la-guajira\/centro-de-graduados\/bolsa-de-empleo-uniguiajira\/normatividad-de-la-bolsa-de-empleo-de-la-universidad-de-la-guajira\/","url":"https:\/\/uniguajira.edu.co\/universidad-de-la-guajira\/centro-de-graduados\/bolsa-de-empleo-uniguiajira\/normatividad-de-la-bolsa-de-empleo-de-la-universidad-de-la-guajira\/","name":"Regulations of the University of La Guajira's Employment Exchange","isPartOf":{"@id":"https:\/\/uniguajira.edu.co\/#website"},"primaryImageOfPage":{"@id":"https:\/\/uniguajira.edu.co\/universidad-de-la-guajira\/centro-de-graduados\/bolsa-de-empleo-uniguiajira\/normatividad-de-la-bolsa-de-empleo-de-la-universidad-de-la-guajira\/#primaryimage"},"image":{"@id":"https:\/\/uniguajira.edu.co\/universidad-de-la-guajira\/centro-de-graduados\/bolsa-de-empleo-uniguiajira\/normatividad-de-la-bolsa-de-empleo-de-la-universidad-de-la-guajira\/#primaryimage"},"thumbnailUrl":"https:\/\/uniguajira.edu.co\/wp-content\/uploads\/2024\/04\/Banner-de-Graduados.jpg","datePublished":"2024-01-14T13:41:41+00:00","dateModified":"2024-10-29T14:42:08+00:00","breadcrumb":{"@id":"https:\/\/uniguajira.edu.co\/universidad-de-la-guajira\/centro-de-graduados\/bolsa-de-empleo-uniguiajira\/normatividad-de-la-bolsa-de-empleo-de-la-universidad-de-la-guajira\/#breadcrumb"},"inLanguage":"en-US","potentialAction":[{"@type":"ReadAction","target":["https:\/\/uniguajira.edu.co\/universidad-de-la-guajira\/centro-de-graduados\/bolsa-de-empleo-uniguiajira\/normatividad-de-la-bolsa-de-empleo-de-la-universidad-de-la-guajira\/"]}]},{"@type":"ImageObject","inLanguage":"en-US","@id":"https:\/\/uniguajira.edu.co\/universidad-de-la-guajira\/centro-de-graduados\/bolsa-de-empleo-uniguiajira\/normatividad-de-la-bolsa-de-empleo-de-la-universidad-de-la-guajira\/#primaryimage","url":"https:\/\/uniguajira.edu.co\/wp-content\/uploads\/2024\/04\/Banner-de-Graduados.jpg","contentUrl":"https:\/\/uniguajira.edu.co\/wp-content\/uploads\/2024\/04\/Banner-de-Graduados.jpg","width":1920,"height":530},{"@type":"BreadcrumbList","@id":"https:\/\/uniguajira.edu.co\/universidad-de-la-guajira\/centro-de-graduados\/bolsa-de-empleo-uniguiajira\/normatividad-de-la-bolsa-de-empleo-de-la-universidad-de-la-guajira\/#breadcrumb","itemListElement":[{"@type":"ListItem","position":1,"name":"\u2302 Uniguajira","item":"https:\/\/uniguajira.edu.co\/"},{"@type":"ListItem","position":2,"name":"Uniguajira","item":"https:\/\/uniguajira.edu.co\/"},{"@type":"ListItem","position":3,"name":"Graduados","item":"https:\/\/uniguajira.edu.co\/universidad-de-la-guajira\/centro-de-graduados\/"},{"@type":"ListItem","position":4,"name":"Bolsa de empleo","item":"https:\/\/uniguajira.edu.co\/universidad-de-la-guajira\/centro-de-graduados\/bolsa-de-empleo-uniguiajira\/"},{"@type":"ListItem","position":5,"name":"Normatividad de la bolsa de empleo de la Universidad de La Guajira"}]},{"@type":"WebSite","@id":"https:\/\/uniguajira.edu.co\/#website","url":"https:\/\/uniguajira.edu.co\/","name":"UNIGUAJIRA","description":"Descubre la educaci\u00f3n superior con oportunidades laborales, retos estudiantiles y tecnolog\u00eda innovadora. Alcanza el \u00e9xito acad\u00e9mico y explora el impacto social y la diversidad en un entorno de aprendizaje moderno. Ad\u00e1ptate con inteligencia artificial y pr\u00e1cticas profesionales para un crecimiento integral.","publisher":{"@id":"https:\/\/uniguajira.edu.co\/#organization"},"alternateName":"Universidad de La Guajira","potentialAction":[{"@type":"SearchAction","target":{"@type":"EntryPoint","urlTemplate":"https:\/\/uniguajira.edu.co\/?s={search_term_string}"},"query-input":{"@type":"PropertyValueSpecification","valueRequired":true,"valueName":"search_term_string"}}],"inLanguage":"en-US"},{"@type":"Organization","@id":"https:\/\/uniguajira.edu.co\/#organization","name":"University of La Guajira","alternateName":"UNIGUAJIRA","url":"https:\/\/uniguajira.edu.co\/","logo":{"@type":"ImageObject","inLanguage":"en-US","@id":"https:\/\/uniguajira.edu.co\/#\/schema\/logo\/image\/","url":"https:\/\/uniguajira.edu.co\/wp-content\/uploads\/2026\/01\/cropped-cropped-LOGOS-PAGINA-WEB-04-1.webp","contentUrl":"https:\/\/uniguajira.edu.co\/wp-content\/uploads\/2026\/01\/cropped-cropped-LOGOS-PAGINA-WEB-04-1.webp","width":360,"height":72,"caption":"Universidad de La Guajira"},"image":{"@id":"https:\/\/uniguajira.edu.co\/#\/schema\/logo\/image\/"},"sameAs":["https:\/\/www.facebook.com\/UniLaGuajira\/","https:\/\/x.com\/UniLaGuajira","https:\/\/www.instagram.com\/uniguajira_\/","https:\/\/www.youtube.com\/user\/UniLaGuajira"]}]}},"_hostinger_reach_plugin_has_subscription_block":false,"_hostinger_reach_plugin_is_elementor":false,"_links":{"self":[{"href":"https:\/\/uniguajira.edu.co\/en\/wp-json\/wp\/v2\/pages\/24098","targetHints":{"allow":["GET"]}}],"collection":[{"href":"https:\/\/uniguajira.edu.co\/en\/wp-json\/wp\/v2\/pages"}],"about":[{"href":"https:\/\/uniguajira.edu.co\/en\/wp-json\/wp\/v2\/types\/page"}],"author":[{"embeddable":true,"href":"https:\/\/uniguajira.edu.co\/en\/wp-json\/wp\/v2\/users\/3"}],"replies":[{"embeddable":true,"href":"https:\/\/uniguajira.edu.co\/en\/wp-json\/wp\/v2\/comments?post=24098"}],"version-history":[{"count":0,"href":"https:\/\/uniguajira.edu.co\/en\/wp-json\/wp\/v2\/pages\/24098\/revisions"}],"up":[{"embeddable":true,"href":"https:\/\/uniguajira.edu.co\/en\/wp-json\/wp\/v2\/pages\/25130"}],"wp:featuredmedia":[{"embeddable":true,"href":"https:\/\/uniguajira.edu.co\/en\/wp-json\/wp\/v2\/media\/42629"}],"wp:attachment":[{"href":"https:\/\/uniguajira.edu.co\/en\/wp-json\/wp\/v2\/media?parent=24098"}],"curies":[{"name":"wp","href":"https:\/\/api.w.org\/{rel}","templated":true}]}}